{"id":11394,"date":"2025-10-24T10:15:36","date_gmt":"2025-10-24T03:15:36","guid":{"rendered":"https:\/\/web-ban-le.mbws.vn\/ba-lo-tui-vi\/?post_type=product&#038;p=11394"},"modified":"2025-10-24T10:15:57","modified_gmt":"2025-10-24T03:15:57","slug":"tui-deo-cheo-nu-thoi-trang-cao-cap-hn-hera-1-bag-da","status":"publish","type":"product","link":"https:\/\/web-ban-le.mbws.vn\/ba-lo-tui-vi\/san-pham\/tui-deo-cheo-nu-thoi-trang-cao-cap-hn-hera-1-bag-da\/","title":{"rendered":"T\u00fai \u0111eo ch\u00e9o n\u1eef th\u1eddi trang cao c\u1ea5p HN Hera 1 Bag Da"},"content":{"rendered":"<div class=\"e8lZp3\">\n<p class=\"QN2lPu\">1.\u0110\u1eb7c \u0111i\u1ec3m s\u1ea3n ph\u1ea9m T\u00fai h\u1ebfn \u0111eo ch\u00e9o t\u00fai c\u1ea7m tay n\u1eef cao c\u1ea5p HN Hera 1<\/p>\n<p class=\"QN2lPu\">\n<p class=\"QN2lPu\">-Ch\u1ea5t da : da Pu cao c\u1ea5p c\u00f3 2 m\u1ea7u n\u00e2u v\u00e0 \u0111en.<\/p>\n<p class=\"QN2lPu\">-K\u00edch th\u01b0\u1edbc 19x13x6 cm<\/p>\n<p class=\"QN2lPu\">-Xu\u1ea5t x\u1ee9: Thi\u1ebft k\u1ebf v\u00e0 sx t\u1ea1i H\u00e0 N\u1ed9i VN,<\/p>\n<p class=\"QN2lPu\">-B\u1ea3o H\u00e0nh: \u0110\u1ed5i m\u1edbi trong 6 th\u00e1ng<\/p>\n<p class=\"QN2lPu\">\n<p class=\"QN2lPu\">Thi\u1ebft k\u1ebf ki\u1ec3u d\u00e1ng d\u1ec5 ph\u1ed1i \u0111\u1ed3 \u0111\u01b0\u1eddng may tinh t\u1ebf ch\u1eafc ch\u1eafn, c\u00f3 th\u1ec3 v\u1eeba \u0111eo ch\u00e9o v\u1edbi quai \u0111eo c\u00f3 th\u1ec3 ch\u1ec9nh \u0111\u1ed9 d\u00e0i ng\u1eafn t\u00f9y \u00fd thay \u0111\u1ed5i k\u00edch th\u01b0\u1edbc, v\u00e0 khi b\u1ecf d\u00e2y \u0111eo ch\u00e9o t\u00fai c\u00f3 th\u1ec3 tr\u1edf th\u00e0nh chi\u1ebfc t\u00fai x\u00e1ch tay n\u0103ng \u0111\u1ed9ng, ph\u00f9 h\u1ee3p nhi\u1ec1u phong c\u00e1ch ph\u1ed1i \u0111\u1ed3 h\u1ee3p th\u1eddi trang. S\u1ea3n ph\u1ea9m c\u00f3 1 ng\u0103n ch\u00ednh r\u1ed9ng kh\u00f3a zip b\u1ecf v\u1eeba \u0111i\u1ec7n tho\u1ea1i, \u0111\u1ed3 d\u00f9ng c\u00e1 nh\u00e2n v\u00e0 \u0111\u1ed3 trang \u0111i\u1ec3m nh\u1ecf g\u1ecdn, m\u1eaft k\u00ednh b\u00ean trong ng\u0103n ch\u00ednh c\u00f3 2 ng\u0103n ph\u1ee5 nh\u1ecf \u0111\u1ec3 \u0111\u1ed3 ph\u1ee5 nh\u1ecf.<\/p>\n<p class=\"QN2lPu\">\n<p class=\"QN2lPu\">2.S\u1ea3n ph\u1ea9m thi\u1ebft k\u1ebf 2 m\u1ea7u \u0111en v\u00e0 n\u00e2u.<\/p>\n<p class=\"QN2lPu\">\n<p class=\"QN2lPu\">3.Vui l\u00f2ng \u0111\u1ec3 s\u1ea3n ph\u1ea9m n\u01a1i tho\u00e1ng m\u00e1t, kh\u00f4 r\u00e1o s\u1ebd gi\u00fap \u0111\u1ea3m b\u1ea3o ch\u1ea5t l\u01b0\u1ee3ng b\u1ec1 m\u1eb7t da \u0111\u1eb9p l\u00e2u nh\u1ea5t. Ch\u1ea5t li\u1ec7u nh\u00e0 Hanama lu\u00f4n l\u00e0 \u0111\u1ed9 b\u1ec1n t\u1eeb 3 \u0111\u1ebfn 5 n\u0103m. v\u1ec1 Hanama<\/p>\n<p class=\"QN2lPu\">\n<p class=\"QN2lPu\">4. V\u1ec1 Hanama :<\/p>\n<p class=\"QN2lPu\">Hanama \u0111\u01b0\u1ee3c th\u00e0nh l\u1eadp n\u0103m 2014 b\u1edfi 2 thanh ni\u00ean tr\u1ebb tu\u1ed5i nhi\u1ec1u m\u1ed9ng m\u01a1 , v\u1edbi kh\u00e1t v\u1ecdng \u0111\u01b0a s\u1ea3n ph\u1ea9m make in vi\u1ec7t nam \u0111\u01b0\u1ee3c s\u1eed d\u1ee5ng r\u1ed9ng r\u00e3i trong n\u01b0\u1edbc v\u00e0 qu\u1ed1c t\u1ebf . \u0110\u1ebfn nay sau 10 n\u0103m th\u00e0nh l\u1eadp \u0111\u00e3 c\u00f3 tr\u00ean 1 tri\u1ec7u s\u1ea3n ph\u1ea9m \u0111\u01b0\u1ee3c \u0111\u1ebfn tay ng\u01b0\u1eddi ti\u00eau d\u00f9ng v\u00e0 nh\u1eadn v\u1ec1 nh\u1eefng ph\u1ea3n h\u1ed3i t\u00edch c\u1ef1c , Hanama r\u1ea5t mong ti\u1ebfp t\u1ee5c nh\u1eadn \u0111\u01b0\u1ee3c s\u1ef1 tin t\u01b0\u1edfng v\u00e0 \u0111\u00f3ng g\u00f3p t\u1eeb qu\u00fd kh\u00e1ch h\u00e0ng \u0111\u1ec3 Hanama ng\u00e0y c\u00e0ng \u0111\u01b0\u1ee3c bi\u1ebft \u0111\u1ebfn r\u1ed9ng r\u00e3i.<\/p>\n<p class=\"QN2lPu\">\n<\/div>\n","protected":false},"excerpt":{"rendered":"<p>1.\u0110\u1eb7c \u0111i\u1ec3m s\u1ea3n ph\u1ea9m T\u00fai h\u1ebfn \u0111eo ch\u00e9o t\u00fai c\u1ea7m tay n\u1eef cao c\u1ea5p HN Hera 1 -Ch\u1ea5t da : da Pu cao c\u1ea5p c\u00f3 2 m\u1ea7u n\u00e2u v\u00e0 \u0111en. -K\u00edch th\u01b0\u1edbc 19x13x6 cm -Xu\u1ea5t x\u1ee9: Thi\u1ebft k\u1ebf v\u00e0 sx t\u1ea1i H\u00e0 N\u1ed9i VN, -B\u1ea3o H\u00e0nh: \u0110\u1ed5i m\u1edbi trong 6 th\u00e1ng Thi\u1ebft k\u1ebf ki\u1ec3u d\u00e1ng&#8230;<\/p>\n","protected":false},"featured_media":11404,"comment_status":"open","ping_status":"closed","template":"","meta":[],"product_brand":[],"product_cat":[1018],"product_tag":[],"class_list":{"0":"post-11394","1":"product","2":"type-product","3":"status-publish","4":"has-post-thumbnail","6":"product_cat-tui-deo-cheo-tui-deo-vai","8":"first","9":"instock","10":"sale","11":"shipping-taxable","12":"purchasable","13":"product-type-variable"},"_links":{"self":[{"href":"https:\/\/web-ban-le.mbws.vn\/ba-lo-tui-vi\/wp-json\/wp\/v2\/product\/11394","targetHints":{"allow":["GET"]}}],"collection":[{"href":"https:\/\/web-ban-le.mbws.vn\/ba-lo-tui-vi\/wp-json\/wp\/v2\/product"}],"about":[{"href":"https:\/\/web-ban-le.mbws.vn\/ba-lo-tui-vi\/wp-json\/wp\/v2\/types\/product"}],"replies":[{"embeddable":true,"href":"https:\/\/web-ban-le.mbws.vn\/ba-lo-tui-vi\/wp-json\/wp\/v2\/comments?post=11394"}],"wp:featuredmedia":[{"embeddable":true,"href":"https:\/\/web-ban-le.mbws.vn\/ba-lo-tui-vi\/wp-json\/wp\/v2\/media\/11404"}],"wp:attachment":[{"href":"https:\/\/web-ban-le.mbws.vn\/ba-lo-tui-vi\/wp-json\/wp\/v2\/media?parent=11394"}],"wp:term":[{"taxonomy":"product_brand","embeddable":true,"href":"https:\/\/web-ban-le.mbws.vn\/ba-lo-tui-vi\/wp-json\/wp\/v2\/product_brand?post=11394"},{"taxonomy":"product_cat","embeddable":true,"href":"https:\/\/web-ban-le.mbws.vn\/ba-lo-tui-vi\/wp-json\/wp\/v2\/product_cat?post=11394"},{"taxonomy":"product_tag","embeddable":true,"href":"https:\/\/web-ban-le.mbws.vn\/ba-lo-tui-vi\/wp-json\/wp\/v2\/product_tag?post=11394"}],"curies":[{"name":"wp","href":"https:\/\/api.w.org\/{rel}","templated":true}]}}