{"id":11399,"date":"2025-10-24T10:15:36","date_gmt":"2025-10-24T03:15:36","guid":{"rendered":"https:\/\/web-ban-le.mbws.vn\/ba-lo-tui-vi\/?post_type=product&#038;p=11399"},"modified":"2025-11-07T09:08:40","modified_gmt":"2025-11-07T02:08:40","slug":"mo-ban_gia-soc_vip_tui-tote-basic-hang-cao-cap-deo-vai-thiet-ke-tui-tote-hanama-juli16-da-bag-den-nau-tui-xach-nu","status":"publish","type":"product","link":"https:\/\/web-ban-le.mbws.vn\/ba-lo-tui-vi\/san-pham\/mo-ban_gia-soc_vip_tui-tote-basic-hang-cao-cap-deo-vai-thiet-ke-tui-tote-hanama-juli16-da-bag-den-nau-tui-xach-nu\/","title":{"rendered":"[M\u1ede B\u00c1N_GI\u00c1 S\u1ed0C_VIP]_T\u00fai tote basic h\u00e0ng cao c\u1ea5p \u0111eo vai thi\u1ebft k\u1ebf t\u00fai Tote Hanama Juli16 Da Bag \u0110en &#8211; N\u00e2u t\u00fai x\u00e1ch n\u1eef"},"content":{"rendered":"<div class=\"e8lZp3\">\n<p class=\"QN2lPu\">[M\u1ede B\u00c1N_GI\u00c1 S\u1ed0C_VIP]_T\u00fai tote basic h\u00e0ng cao c\u1ea5p \u0111eo vai thi\u1ebft k\u1ebf t\u00fai Tote Hanama Juli16 Da Bag \u0110en &#8211; N\u00e2u t\u00fai x\u00e1ch n\u1eef<\/p>\n<p class=\"QN2lPu\">\n<p class=\"QN2lPu\">Th\u00f4ng s\u1ed1 s\u1ea3n ph\u1ea9m:<\/p>\n<p class=\"QN2lPu\">\n<p class=\"QN2lPu\">+ K\u00edch Th\u01b0\u1edbc: ngang 38cm x cao s\u1eed d\u1ee5ng 21cm x \u0111\u00e1y 12cm<\/p>\n<p class=\"QN2lPu\">\n<p class=\"QN2lPu\">+ Ch\u1ea5t li\u1ec7u:&nbsp;Da PU<\/p>\n<p class=\"QN2lPu\">\n<p class=\"QN2lPu\">+ Xu\u1ea5t x\u1ee9:&nbsp;Thi\u1ebft k\u1ebf v\u00e0 s\u1ea3n xu\u1ea5t t\u1ea1i H\u00e0 N\u1ed9i Vi\u1ec7t Nam<\/p>\n<p class=\"QN2lPu\">\n<p class=\"QN2lPu\">+ B\u1ea3o H\u00e0nh:&nbsp;\u0110\u1ed5i m\u1edbi trong 6 th\u00e1ng n\u1ebfu bong tr\u00f3c n\u1ed5 da<\/p>\n<p class=\"QN2lPu\">\n<p class=\"QN2lPu\">+ M\u1ea7u s\u1eafc: \u0110en, N\u00e2u<\/p>\n<p class=\"QN2lPu\">\n<p class=\"QN2lPu\">Chi ti\u1ebft s\u1ea3n ph\u1ea9m:<\/p>\n<p class=\"QN2lPu\">\n<p class=\"QN2lPu\">S\u1ea3n ph\u1ea9m thi\u1ebft k\u1ebf tr\u1ebb trung v\u1edbi hai gam m\u1ea7u \u0111en, n\u00e2u basic d\u1ec5 ph\u1ed1i \u0111\u1ed3<\/p>\n<p class=\"QN2lPu\">\n<p class=\"QN2lPu\">c\u00f3 th\u1ebb \u0111\u1ef1ng \u0111\u01b0\u1ee3c d\u1ee5ng c\u1ee5 trang \u0111i\u1ec3m, son ph\u1ea5n, \u0111i\u1ec7n tho\u1ea1i ph\u1ee5 ki\u1ec7n, v\u00ed m\u00f3c kh\u00f3a &#8230;. <\/p>\n<p class=\"QN2lPu\">\n<p class=\"QN2lPu\">B\u00ean trong ng\u0103n ch\u00ednh \u0111\u01b0\u1ee3c thi\u1ebft k\u1ebf 1 ng\u0103n kh\u00f3a ph\u1ee5 h\u1ee3p l\u00fd.<\/p>\n<p class=\"QN2lPu\">\n<p class=\"QN2lPu\">D\u00e2y \u0111eo c\u00f3 th\u1ec3 t\u0103ng ch\u1ec9nh \u0111\u1ed9 d\u00e0i, \u0111\u01b0\u1eddng may s\u1eafc n\u00e9t, khuy kh\u00f3a m\u1ea1 \u0111\u1ed3ng b\u1ec1n kh\u00f3 phai m\u1ea7u.<\/p>\n<p class=\"QN2lPu\">\n<p class=\"QN2lPu\">c\u00f3 th\u1ec3 s\u1eed d\u1ee5ng \u0111i l\u00e0m, \u0111i ch\u01a1i, mua s\u1eafm, cafe, du l\u1ecbch, h\u1eb9n h\u00f2 \u0111\u1ec1u \u0111\u1eb9p.<\/p>\n<p class=\"QN2lPu\">\n<p class=\"QN2lPu\">Ch\u1ea5t li\u1ec7u nh\u00e0 Hanama lu\u00f4n l\u00e0 \u0111\u1ed9 b\u1ec1n t\u1eeb 3 \u0111\u1ebfn 5 n\u0103m.<\/p>\n<p class=\"QN2lPu\">\n<p class=\"QN2lPu\">V\u1ec1 Hanama<\/p>\n<p class=\"QN2lPu\">\n<p class=\"QN2lPu\">Hanama \u0111\u01b0\u1ee3c th\u00e0nh l\u1eadp n\u0103m 2014 b\u1edfi 2 thanh ni\u00ean tr\u1ebb tu\u1ed5i nhi\u1ec1u m\u1ed9ng m\u01a1 , v\u1edbi kh\u00e1t v\u1ecdng \u0111\u01b0a s\u1ea3n ph\u1ea9m make in vi\u1ec7t nam \u0111\u01b0\u1ee3c s\u1eed d\u1ee5ng r\u1ed9ng r\u00e3i trong n\u01b0\u1edbc v\u00e0 qu\u1ed1c t\u1ebf . \u0110\u1ebfn nay sau 10 n\u0103m th\u00e0nh l\u1eadp \u0111\u00e3 c\u00f3 tr\u00ean 1 tri\u1ec7u s\u1ea3n ph\u1ea9m \u0111\u01b0\u1ee3c \u0111\u1ebfn tay ng\u01b0\u1eddi ti\u00eau d\u00f9ng v\u00e0 nh\u1eadn v\u1ec1 nh\u1eefng ph\u1ea3n h\u1ed3i t\u00edch c\u1ef1c , Hanama r\u1ea5t mong ti\u1ebfp t\u1ee5c nh\u1eadn \u0111\u01b0\u1ee3c s\u1ef1 tin t\u01b0\u1edfng v\u00e0 \u0111\u00f3ng g\u00f3p t\u1eeb qu\u00fd kh\u00e1ch h\u00e0ng \u0111\u1ec3 Hanama ng\u00e0y c\u00e0ng \u0111\u01b0\u1ee3c bi\u1ebft \u0111\u1ebfn r\u1ed9ng r\u00e3i.<\/p>\n<p class=\"QN2lPu\">\n<p class=\"QN2lPu\">#hanama #tuixachnu #tuideocheo #tuinu #tuitram #tuihoatiet #tuixinh <\/p>\n<p class=\"QN2lPu\">\n<\/div>\n","protected":false},"excerpt":{"rendered":"[M\u1ede B\u00c1N_GI\u00c1 S\u1ed0C_VIP]_T\u00fai tote basic h\u00e0ng cao c\u1ea5p \u0111eo vai thi\u1ebft k\u1ebf t\u00fai Tote Hanama Juli16 Da Bag \u0110en &#8211; N\u00e2u t\u00fai x\u00e1ch n\u1eef Th\u00f4ng s\u1ed1 s\u1ea3n ph\u1ea9m: + K\u00edch Th\u01b0\u1edbc: ngang 38cm x cao s\u1eed d\u1ee5ng 21cm x \u0111\u00e1y 12cm + Ch\u1ea5t li\u1ec7u:&nbsp;Da PU + Xu\u1ea5t x\u1ee9:&nbsp;Thi\u1ebft k\u1ebf v\u00e0 s\u1ea3n xu\u1ea5t t\u1ea1i H\u00e0 N\u1ed9i&#8230;<\/p>\n","protected":false},"featured_media":11460,"comment_status":"open","ping_status":"closed","template":"","meta":[],"product_brand":[],"product_cat":[1023],"product_tag":[],"class_list":{"0":"post-11399","1":"product","2":"type-product","3":"status-publish","4":"has-post-thumbnail","6":"product_cat-tui-tote","8":"first","9":"instock","10":"sale","11":"featured","12":"shipping-taxable","13":"purchasable","14":"product-type-variable"},"_links":{"self":[{"href":"https:\/\/web-ban-le.mbws.vn\/ba-lo-tui-vi\/wp-json\/wp\/v2\/product\/11399","targetHints":{"allow":["GET"]}}],"collection":[{"href":"https:\/\/web-ban-le.mbws.vn\/ba-lo-tui-vi\/wp-json\/wp\/v2\/product"}],"about":[{"href":"https:\/\/web-ban-le.mbws.vn\/ba-lo-tui-vi\/wp-json\/wp\/v2\/types\/product"}],"replies":[{"embeddable":true,"href":"https:\/\/web-ban-le.mbws.vn\/ba-lo-tui-vi\/wp-json\/wp\/v2\/comments?post=11399"}],"wp:featuredmedia":[{"embeddable":true,"href":"https:\/\/web-ban-le.mbws.vn\/ba-lo-tui-vi\/wp-json\/wp\/v2\/media\/11460"}],"wp:attachment":[{"href":"https:\/\/web-ban-le.mbws.vn\/ba-lo-tui-vi\/wp-json\/wp\/v2\/media?parent=11399"}],"wp:term":[{"taxonomy":"product_brand","embeddable":true,"href":"https:\/\/web-ban-le.mbws.vn\/ba-lo-tui-vi\/wp-json\/wp\/v2\/product_brand?post=11399"},{"taxonomy":"product_cat","embeddable":true,"href":"https:\/\/web-ban-le.mbws.vn\/ba-lo-tui-vi\/wp-json\/wp\/v2\/product_cat?post=11399"},{"taxonomy":"product_tag","embeddable":true,"href":"https:\/\/web-ban-le.mbws.vn\/ba-lo-tui-vi\/wp-json\/wp\/v2\/product_tag?post=11399"}],"curies":[{"name":"wp","href":"https:\/\/api.w.org\/{rel}","templated":true}]}}