{"id":11443,"date":"2025-10-24T10:15:58","date_gmt":"2025-10-24T03:15:58","guid":{"rendered":"https:\/\/web-ban-le.mbws.vn\/ba-lo-tui-vi\/?post_type=product&#038;p=11443"},"modified":"2025-10-24T10:17:10","modified_gmt":"2025-10-24T03:17:10","slug":"gia-mo-ban_-tui-deo-cheo-nu-tui-cop-tron-cao-cap-hn-min-1s-bag-da","status":"publish","type":"product","link":"https:\/\/web-ban-le.mbws.vn\/ba-lo-tui-vi\/san-pham\/gia-mo-ban_-tui-deo-cheo-nu-tui-cop-tron-cao-cap-hn-min-1s-bag-da\/","title":{"rendered":"[GI\u00c1 M\u1ede B\u00c1N]_ T\u00fai \u0111eo ch\u00e9o n\u1eef t\u00fai c\u1ed1p tr\u00f2n cao c\u1ea5p HN MIN 1S Bag Da"},"content":{"rendered":"<div class=\"e8lZp3\">\n<p class=\"QN2lPu\">[GI\u00c1 M\u1ede B\u00c1N]_ T\u00fai \u0111eo ch\u00e9o n\u1eef t\u00fai c\u1ed1p tr\u00f2n cao c\u1ea5p HN MIN 1S Bag Da<\/p>\n<p class=\"QN2lPu\">\n<p class=\"QN2lPu\">K\u00edch th\u01b0\u1edbc: Size 18x18x5,5cm<\/p>\n<p class=\"QN2lPu\">\n<p class=\"QN2lPu\">Ch\u1ea5t da : da Pu c\u00f3 2 m\u1ea7u n\u00e2u v\u00e0 \u0111en.Th\u00f4ng s\u1ed1 s\u1ea3n ph\u1ea9m:<\/p>\n<p class=\"QN2lPu\">\n<p class=\"QN2lPu\">\u2022 M\u00e3 s\u1ea3n ph\u1ea9m : MIN 1S<\/p>\n<p class=\"QN2lPu\">\n<p class=\"QN2lPu\">\u2022 K\u00edch th\u01b0\u1edbc : 18cm <\/p>\n<p class=\"QN2lPu\">\n<p class=\"QN2lPu\">\u2022 Xu\u1ea5t x\u1ee9:&nbsp;Thi\u1ebft k\u1ebf v\u00e0 sx t\u1ea1i H\u00e0 N\u1ed9i VN<\/p>\n<p class=\"QN2lPu\">\n<p class=\"QN2lPu\">\u2022 Ch\u1ea5t li\u1ec7u : Da PU t\u1ed5ng h\u1ee3p b\u1ec1n \u0111\u1eb9p, kh\u00f4ng th\u1ea5m n\u01b0\u1edbc, d\u1ec5 v\u1ec7 sinh.<\/p>\n<p class=\"QN2lPu\">\n<p class=\"QN2lPu\">\u2022 M\u00e0u s\u1eafc : \u0110en, N\u00e2u<\/p>\n<p class=\"QN2lPu\">\n<p class=\"QN2lPu\">\u2022 Ch\u1ea5t li\u1ec7u d\u00e2y \u0111eo: Da PU t\u1ed5ng h\u1ee3p<\/p>\n<p class=\"QN2lPu\">\n<p class=\"QN2lPu\">\u2022 Kh\u00f3a : Kh\u00f3a m\u1ea1 \u0111\u1ed3ng cao c\u1ea5p<\/p>\n<p class=\"QN2lPu\">\n<p class=\"QN2lPu\">\u2022 Ki\u1ec3u d\u00e1ng : D\u00e1ng c\u1ed1p tr\u00f2n<\/p>\n<p class=\"QN2lPu\">\n<p class=\"QN2lPu\">\u2022 Ph\u00f9 h\u1ee3p \u0111\u1ec3 s\u1eed d\u1ee5ng: \u0110i l\u00e0m, \u0111i h\u1ecdc, \u0111i ch\u01a1i<\/p>\n<p class=\"QN2lPu\">\n<p class=\"QN2lPu\">\u2022 Th\u01b0\u01a1ng Hi\u1ec7u: Hanama<\/p>\n<p class=\"QN2lPu\">\n<p class=\"QN2lPu\">Xu\u1ea5t x\u1ee9: Thi\u1ebft k\u1ebf v\u00e0 sx t\u1ea1i H\u00e0 N\u1ed9i VN, B\u1ea3o H\u00e0nh: \u0110\u1ed5i m\u1edbi trong 6 th\u00e1ng<\/p>\n<p class=\"QN2lPu\">\n<p class=\"QN2lPu\">Min 1s th\u1eddi trang s\u1edf h\u1eefu v\u1ebb ngo\u00e0i nh\u1ecf nh\u1eafn, d\u1ec5 th\u01b0\u01a1ng c\u00f9ng h\u1ecda ti\u1ebft may n\u1ed5i c\u00e1 t\u00ednh, \u0111\u1ebfn t\u1eeb nh\u00e0 Hanama, s\u1ea3n ph\u1ea9m c\u00f3 1 ng\u0103n m\u1edf \u0111\u00f3ng nam ch\u00e2m \u0111\u1eb1ng tr\u01b0\u1edbc, 1 ng\u0103n nh\u1ecf kh\u00f3a zip \u0111\u1eb1ng sau t\u00fai, 1 ng\u0103n l\u1edbn \u0111\u1ef1ng \u0111\u1ed3 c\u00e1 nh\u00e2n nh\u01b0 \u0111i\u1ec7n tho\u1ea1i, kh\u0103n tay, v\u00ed nh\u1ecf, m\u1eaft k\u00ednh, m\u1ef9 ph\u1ea9m c\u00f3 kh\u00f3a zip, 1 ng\u0103n nh\u1ecf b\u00ean trong. S\u1ea3n ph\u1ea9m c\u00f3 th\u1ec3 th\u00e1o d\u1eddi d\u00e2y \u0111eo v\u1eeba c\u00f3 th\u1ec3 l\u00e0m t\u00fai x\u00e1ch tay, v\u1eeba c\u00f3 th\u1ec3 \u0111eo vai, \u0111eo ch\u00e9o,  B\u1ea3n c\u1eadp nh\u1eadt quai c\u1ea7m tay d\u00e0i h\u01a1n t\u00f9y \u00fd thay \u0111\u1ed5i k\u00edch th\u01b0\u1edbc quai t\u00fai.<\/p>\n<p class=\"QN2lPu\">\n<p class=\"QN2lPu\">Ph\u00f9 h\u1ee3p v\u1edbi m\u1ecdi ho\u1ea1t \u0111\u1ed9ng nh\u01b0 \u0111i ch\u01a1i, \u0111i h\u1ecdc, c\u00f4ng s\u1edf \u0111i l\u00e0m, \u0111i d\u1ef1 ti\u1ec7c. vui l\u00f2ng \u0111\u1ec3 s\u1ea3n ph\u1ea9m n\u01a1i tho\u00e1ng m\u00e1t, kh\u00f4 r\u00e1o s\u1ebd gi\u00fap \u0111\u1ea3m b\u1ea3o ch\u1ea5t l\u01b0\u1ee3ng b\u1ec1 m\u1eb7t da \u0111\u1eb9p l\u00e2u nh\u1ea5t. Ch\u1ea5t li\u1ec7u nh\u00e0 Hanama lu\u00f4n l\u00e0 \u0111\u1ed9 b\u1ec1n t\u1eeb 3 \u0111\u1ebfn 5 n\u0103m.<\/p>\n<p class=\"QN2lPu\">\n<p class=\"QN2lPu\">v\u1ec1 Hanama<\/p>\n<p class=\"QN2lPu\">\n<p class=\"QN2lPu\">Hanama \u0111\u01b0\u1ee3c th\u00e0nh l\u1eadp n\u0103m 2014 b\u1edfi 2 thanh ni\u00ean tr\u1ebb tu\u1ed5i nhi\u1ec1u m\u1ed9ng m\u01a1 , v\u1edbi kh\u00e1t v\u1ecdng \u0111\u01b0a s\u1ea3n ph\u1ea9m make in vi\u1ec7t nam \u0111\u01b0\u1ee3c s\u1eed d\u1ee5ng r\u1ed9ng r\u00e3i trong n\u01b0\u1edbc v\u00e0 qu\u1ed1c t\u1ebf . \u0110\u1ebfn nay sau 10 n\u0103m th\u00e0nh l\u1eadp \u0111\u00e3 c\u00f3 tr\u00ean 1 tri\u1ec7u s\u1ea3n ph\u1ea9m \u0111\u01b0\u1ee3c \u0111\u1ebfn tay ng\u01b0\u1eddi ti\u00eau d\u00f9ng v\u00e0 nh\u1eadn v\u1ec1 nh\u1eefng ph\u1ea3n h\u1ed3i t\u00edch c\u1ef1c , Hanama r\u1ea5t mong ti\u1ebfp t\u1ee5c nh\u1eadn \u0111\u01b0\u1ee3c s\u1ef1 tin t\u01b0\u1edfng v\u00e0 \u0111\u00f3ng g\u00f3p t\u1eeb qu\u00fd kh\u00e1ch h\u00e0ng \u0111\u1ec3 Hanama ng\u00e0y c\u00e0ng \u0111\u01b0\u1ee3c bi\u1ebft \u0111\u1ebfn r\u1ed9ng r\u00e3i.<\/p>\n<p class=\"QN2lPu\">\n<\/div>\n","protected":false},"excerpt":{"rendered":"[GI\u00c1 M\u1ede B\u00c1N]_ T\u00fai \u0111eo ch\u00e9o n\u1eef t\u00fai c\u1ed1p tr\u00f2n cao c\u1ea5p HN MIN 1S Bag Da K\u00edch th\u01b0\u1edbc: Size 18x18x5,5cm Ch\u1ea5t da : da Pu c\u00f3 2 m\u1ea7u n\u00e2u v\u00e0 \u0111en.Th\u00f4ng s\u1ed1 s\u1ea3n ph\u1ea9m: \u2022 M\u00e3 s\u1ea3n ph\u1ea9m : MIN 1S \u2022 K\u00edch th\u01b0\u1edbc : 18cm \u2022 Xu\u1ea5t x\u1ee9:&nbsp;Thi\u1ebft k\u1ebf v\u00e0 sx t\u1ea1i H\u00e0&#8230;<\/p>\n","protected":false},"featured_media":11521,"comment_status":"open","ping_status":"closed","template":"","meta":[],"product_brand":[],"product_cat":[1018],"product_tag":[],"class_list":{"0":"post-11443","1":"product","2":"type-product","3":"status-publish","4":"has-post-thumbnail","6":"product_cat-tui-deo-cheo-tui-deo-vai","8":"first","9":"instock","10":"sale","11":"shipping-taxable","12":"purchasable","13":"product-type-variable"},"_links":{"self":[{"href":"https:\/\/web-ban-le.mbws.vn\/ba-lo-tui-vi\/wp-json\/wp\/v2\/product\/11443","targetHints":{"allow":["GET"]}}],"collection":[{"href":"https:\/\/web-ban-le.mbws.vn\/ba-lo-tui-vi\/wp-json\/wp\/v2\/product"}],"about":[{"href":"https:\/\/web-ban-le.mbws.vn\/ba-lo-tui-vi\/wp-json\/wp\/v2\/types\/product"}],"replies":[{"embeddable":true,"href":"https:\/\/web-ban-le.mbws.vn\/ba-lo-tui-vi\/wp-json\/wp\/v2\/comments?post=11443"}],"wp:featuredmedia":[{"embeddable":true,"href":"https:\/\/web-ban-le.mbws.vn\/ba-lo-tui-vi\/wp-json\/wp\/v2\/media\/11521"}],"wp:attachment":[{"href":"https:\/\/web-ban-le.mbws.vn\/ba-lo-tui-vi\/wp-json\/wp\/v2\/media?parent=11443"}],"wp:term":[{"taxonomy":"product_brand","embeddable":true,"href":"https:\/\/web-ban-le.mbws.vn\/ba-lo-tui-vi\/wp-json\/wp\/v2\/product_brand?post=11443"},{"taxonomy":"product_cat","embeddable":true,"href":"https:\/\/web-ban-le.mbws.vn\/ba-lo-tui-vi\/wp-json\/wp\/v2\/product_cat?post=11443"},{"taxonomy":"product_tag","embeddable":true,"href":"https:\/\/web-ban-le.mbws.vn\/ba-lo-tui-vi\/wp-json\/wp\/v2\/product_tag?post=11443"}],"curies":[{"name":"wp","href":"https:\/\/api.w.org\/{rel}","templated":true}]}}