{"id":11444,"date":"2025-10-24T10:15:58","date_gmt":"2025-10-24T03:15:58","guid":{"rendered":"https:\/\/web-ban-le.mbws.vn\/ba-lo-tui-vi\/?post_type=product&#038;p=11444"},"modified":"2025-11-07T09:08:36","modified_gmt":"2025-11-07T02:08:36","slug":"tui-deo-vai-nu-thiet-ke-cao-cap-hn-juli6-bag-tote","status":"publish","type":"product","link":"https:\/\/web-ban-le.mbws.vn\/ba-lo-tui-vi\/san-pham\/tui-deo-vai-nu-thiet-ke-cao-cap-hn-juli6-bag-tote\/","title":{"rendered":"T\u00fai \u0111eo vai n\u1eef thi\u1ebft k\u1ebf cao c\u1ea5p HN JULI6 Bag Tote"},"content":{"rendered":"<div class=\"e8lZp3\">\n<p class=\"QN2lPu\">1.T\u00fai \u0111eo vai n\u1eef thi\u1ebft k\u1ebf cao c\u1ea5p HN JULI6<\/p>\n<p class=\"QN2lPu\">\n<p class=\"QN2lPu\">Th\u00f4ng s\u1ed1 s\u1ea3n ph\u1ea9m:<\/p>\n<p class=\"QN2lPu\">+ M\u1eabu s\u1ea3n ph\u1ea9m : JULI6 <\/p>\n<p class=\"QN2lPu\">+ K\u00edch Th\u01b0\u1edbc:&nbsp;34 x 29 x 8cm<\/p>\n<p class=\"QN2lPu\">+ Ch\u1ea5t li\u1ec7u:&nbsp;Da PU<\/p>\n<p class=\"QN2lPu\">+ Xu\u1ea5t x\u1ee9:&nbsp;Thi\u1ebft k\u1ebf v\u00e0 s\u1ea3n xu\u1ea5t t\u1ea1i H\u00e0 N\u1ed9i Vi\u1ec7t Nam<\/p>\n<p class=\"QN2lPu\">+ B\u1ea3o H\u00e0nh:&nbsp;\u0110\u1ed5i m\u1edbi trong 6 th\u00e1ng n\u1ebfu bong tr\u00f3c n\u1ed5 da<\/p>\n<p class=\"QN2lPu\">+ M\u1ea7u s\u1eafc: \u0110en, N\u00e2u<\/p>\n<p class=\"QN2lPu\">\n<p class=\"QN2lPu\">2.Thi\u1ebft k\u1ebf basic th\u00f4ng d\u1ee5ng v\u1edbi ng\u0103n ch\u00ednh \u0111\u1ec3 \u0111\u1ed3 r\u1ed9ng \u0111\u1ef1ng \u0111\u01b0\u1ee3c 1 b\u1ed9 \u0111\u1ed3 m\u1ecfng, chai n\u01b0\u1edbc su\u1ed1i nh\u1ecf, s\u00e1ch v\u1edf, d\u1ee5ng c\u1ee5 h\u1ecdc t\u1eadp, ph\u1ee5 ki\u1ec7n c\u00e1 nh\u00e2n, \u0111i\u1ec7n tho\u1ea1i v\u00e0 ph\u1ee5 ki\u1ec7n \u0111i\u1ec7n tho\u1ea1i.Quai \u0111eo c\u1ea7m tay v\u00e0 \u0111eo vai ch\u1eafc ch\u1eafn, tr\u1ebb trung hi\u1ec7n \u0111\u1ea1i, c\u00f3 m\u00f3c th\u00e1o d\u1eddi v\u00e0 \u0111i\u1ec1u ch\u1ec9nh \u0111\u1ed9 ng\u1eafn d\u00e0i ph\u00f9 h\u1ee3p v\u1edbi nhi\u1ec1u outfit \u0111i l\u00e0m, \u0111i h\u1ecdc, \u0111i ch\u01a1i, du l\u1ecbch, cafe, mua s\u1eafm<\/p>\n<p class=\"QN2lPu\">\n<p class=\"QN2lPu\">3.V\u1ec1 Hanama<\/p>\n<p class=\"QN2lPu\">Hanama \u0111\u01b0\u1ee3c th\u00e0nh l\u1eadp n\u0103m 2014 b\u1edfi 2 thanh ni\u00ean tr\u1ebb tu\u1ed5i nhi\u1ec1u m\u1ed9ng m\u01a1 , v\u1edbi kh\u00e1t v\u1ecdng \u0111\u01b0a s\u1ea3n ph\u1ea9m make in vi\u1ec7t nam \u0111\u01b0\u1ee3c s\u1eed d\u1ee5ng r\u1ed9ng r\u00e3i trong n\u01b0\u1edbc v\u00e0 qu\u1ed1c t\u1ebf . \u0110\u1ebfn nay sau 10 n\u0103m th\u00e0nh l\u1eadp \u0111\u00e3 c\u00f3 tr\u00ean 1 tri\u1ec7u s\u1ea3n ph\u1ea9m \u0111\u01b0\u1ee3c \u0111\u1ebfn tay ng\u01b0\u1eddi ti\u00eau d\u00f9ng v\u00e0 nh\u1eadn v\u1ec1 nh\u1eefng ph\u1ea3n h\u1ed3i t\u00edch c\u1ef1c , Hanama r\u1ea5t mong ti\u1ebfp t\u1ee5c nh\u1eadn \u0111\u01b0\u1ee3c s\u1ef1 tin t\u01b0\u1edfng v\u00e0 \u0111\u00f3ng g\u00f3p t\u1eeb qu\u00fd kh\u00e1ch h\u00e0ng \u0111\u1ec3 Hanama ng\u00e0y c\u00e0ng \u0111\u01b0\u1ee3c bi\u1ebft \u0111\u1ebfn r\u1ed9ng r\u00e3i.<\/p>\n<p class=\"QN2lPu\">\n<\/div>\n","protected":false},"excerpt":{"rendered":"<p>1.T\u00fai \u0111eo vai n\u1eef thi\u1ebft k\u1ebf cao c\u1ea5p HN JULI6 Th\u00f4ng s\u1ed1 s\u1ea3n ph\u1ea9m: + M\u1eabu s\u1ea3n ph\u1ea9m : JULI6 + K\u00edch Th\u01b0\u1edbc:&nbsp;34 x 29 x 8cm + Ch\u1ea5t li\u1ec7u:&nbsp;Da PU + Xu\u1ea5t x\u1ee9:&nbsp;Thi\u1ebft k\u1ebf v\u00e0 s\u1ea3n xu\u1ea5t t\u1ea1i H\u00e0 N\u1ed9i Vi\u1ec7t Nam + B\u1ea3o H\u00e0nh:&nbsp;\u0110\u1ed5i m\u1edbi trong 6 th\u00e1ng n\u1ebfu bong tr\u00f3c n\u1ed5 da&#8230;<\/p>\n","protected":false},"featured_media":11535,"comment_status":"open","ping_status":"closed","template":"","meta":[],"product_brand":[],"product_cat":[1023],"product_tag":[],"class_list":{"0":"post-11444","1":"product","2":"type-product","3":"status-publish","4":"has-post-thumbnail","6":"product_cat-tui-tote","8":"first","9":"instock","10":"sale","11":"featured","12":"shipping-taxable","13":"purchasable","14":"product-type-variable"},"_links":{"self":[{"href":"https:\/\/web-ban-le.mbws.vn\/ba-lo-tui-vi\/wp-json\/wp\/v2\/product\/11444","targetHints":{"allow":["GET"]}}],"collection":[{"href":"https:\/\/web-ban-le.mbws.vn\/ba-lo-tui-vi\/wp-json\/wp\/v2\/product"}],"about":[{"href":"https:\/\/web-ban-le.mbws.vn\/ba-lo-tui-vi\/wp-json\/wp\/v2\/types\/product"}],"replies":[{"embeddable":true,"href":"https:\/\/web-ban-le.mbws.vn\/ba-lo-tui-vi\/wp-json\/wp\/v2\/comments?post=11444"}],"wp:featuredmedia":[{"embeddable":true,"href":"https:\/\/web-ban-le.mbws.vn\/ba-lo-tui-vi\/wp-json\/wp\/v2\/media\/11535"}],"wp:attachment":[{"href":"https:\/\/web-ban-le.mbws.vn\/ba-lo-tui-vi\/wp-json\/wp\/v2\/media?parent=11444"}],"wp:term":[{"taxonomy":"product_brand","embeddable":true,"href":"https:\/\/web-ban-le.mbws.vn\/ba-lo-tui-vi\/wp-json\/wp\/v2\/product_brand?post=11444"},{"taxonomy":"product_cat","embeddable":true,"href":"https:\/\/web-ban-le.mbws.vn\/ba-lo-tui-vi\/wp-json\/wp\/v2\/product_cat?post=11444"},{"taxonomy":"product_tag","embeddable":true,"href":"https:\/\/web-ban-le.mbws.vn\/ba-lo-tui-vi\/wp-json\/wp\/v2\/product_tag?post=11444"}],"curies":[{"name":"wp","href":"https:\/\/api.w.org\/{rel}","templated":true}]}}