{"id":11486,"date":"2025-10-24T10:16:22","date_gmt":"2025-10-24T03:16:22","guid":{"rendered":"https:\/\/web-ban-le.mbws.vn\/ba-lo-tui-vi\/?post_type=product&#038;p=11486"},"modified":"2025-10-24T10:17:11","modified_gmt":"2025-10-24T03:17:11","slug":"tui-deo-cheo-tui-nu-hera-13-dong-tui-da-pu-cao-cap-tui-dung-dien-thoai-hanama-hai-mau-nau-den-bag","status":"publish","type":"product","link":"https:\/\/web-ban-le.mbws.vn\/ba-lo-tui-vi\/san-pham\/tui-deo-cheo-tui-nu-hera-13-dong-tui-da-pu-cao-cap-tui-dung-dien-thoai-hanama-hai-mau-nau-den-bag\/","title":{"rendered":"T\u00fai \u0111eo ch\u00e9o &#8211; t\u00fai n\u1eef Hera 13 D\u00f2ng t\u00fai Da PU cao c\u1ea5p t\u00fai \u0111\u1ef1ng \u0111i\u1ec7n tho\u1ea1i Hanama hai m\u1ea7u N\u00e2u &#8211; \u0110en Bag"},"content":{"rendered":"<div class=\"e8lZp3\">\n<p class=\"QN2lPu\">T\u00fai \u0111eo ch\u00e9o &#8211; t\u00fai n\u1eef Hera 13 D\u00f2ng t\u00fai Da PU cao c\u1ea5p t\u00fai \u0111\u1ef1ng \u0111i\u1ec7n tho\u1ea1i Hanama hai m\u1ea7u N\u00e2u &#8211; \u0110en<\/p>\n<p class=\"QN2lPu\">\n<p class=\"QN2lPu\">Th\u00f4ng s\u1ed1 s\u1ea3n ph\u1ea9m:<\/p>\n<p class=\"QN2lPu\">\n<p class=\"QN2lPu\">\u2022 M\u00e3 s\u1ea3n ph\u1ea9m : HERA 13<\/p>\n<p class=\"QN2lPu\">\n<p class=\"QN2lPu\">\u2022 K\u00edch th\u01b0\u1edbc : 20x12x5,5 cm<\/p>\n<p class=\"QN2lPu\">\n<p class=\"QN2lPu\">\u2022 Ch\u1ea5t li\u1ec7u : Da PU t\u1ed5ng h\u1ee3p b\u1ec1n \u0111\u1eb9p, kh\u00f4ng th\u1ea5m n\u01b0\u1edbc, d\u1ec5 v\u1ec7 sinh.<\/p>\n<p class=\"QN2lPu\">\n<p class=\"QN2lPu\">\u2022 M\u00e0u s\u1eafc : \u0110en, N\u00e2u<\/p>\n<p class=\"QN2lPu\">\n<p class=\"QN2lPu\">\u2022 Ch\u1ea5t li\u1ec7u d\u00e2y \u0111eo: Da PU t\u1ed5ng h\u1ee3p<\/p>\n<p class=\"QN2lPu\">\n<p class=\"QN2lPu\">\u2022 Kh\u00f3a : Kh\u00f3a m\u1ea1 \u0111\u1ed3ng cao c\u1ea5p<\/p>\n<p class=\"QN2lPu\">\n<p class=\"QN2lPu\">\u2022 Ki\u1ec3u d\u00e1ng : t\u00fai \u0111eo ch\u00e9o \u0111\u1ef1ng \u0111i\u1ec7n tho\u1ea1i, <\/p>\n<p class=\"QN2lPu\">\n<p class=\"QN2lPu\">\u2022 Ph\u00f9 h\u1ee3p \u0111\u1ec3 s\u1eed d\u1ee5ng: \u0110i l\u00e0m, \u0111i ch\u01a1i, du l\u1ecbch, cafe, &#8230;<\/p>\n<p class=\"QN2lPu\">\n<p class=\"QN2lPu\">Chi ti\u1ebft s\u1ea3n ph\u1ea9m:<\/p>\n<p class=\"QN2lPu\">\n<p class=\"QN2lPu\">T\u00fai \u0111eo ch\u00e9o hai m\u1ea7u d\u1ec5 ph\u1ed1i \u0111\u1ed3, b\u00ean ngo\u00e0i c\u00f3 n\u1eafp ch\u1ed1ng n\u01b0\u1edbc m\u01b0a nh\u1ecf c\u00f3 h\u00fat nam ch\u00e2m. M\u1ed9t ng\u0103n ch\u00ednh \u0111\u1ef1ng \u0111i\u1ec7n tho\u1ea1i, c\u00e1p s\u1ea1c, m\u1ef9 ph\u1ea9m nh\u1ecf v\u00e0 m\u1ed9t ng\u0103n nh\u1ecf ph\u1ee5 \u0111\u1ef1ng th\u1ebb nh\u00e0,th\u1ebb xe, v\u1eadt d\u1ee5ng nh\u1ecf&#8230; <\/p>\n<p class=\"QN2lPu\">\n<p class=\"QN2lPu\">L\u01b0u \u00fd:<\/p>\n<p class=\"QN2lPu\">\n<p class=\"QN2lPu\">S\u1ea3n ph\u1ea9m nh\u1eadn v\u1ec1 c\u00f3 th\u1ec3 s\u1ebd c\u00f3 sai s\u1ed1 1-2 % do Hanama s\u1ea3n xu\u1ea5t th\u1ee7 c\u00f4ng trong n\u01b0\u1edbc.<\/p>\n<p class=\"QN2lPu\">\n<p class=\"QN2lPu\">M\u00e0u s\u1eafc c\u0169ng c\u00f3 th\u1ec3 s\u1ebd kh\u00e1c m\u1ed9t \u0111\u00f4i ch\u00fat do g\u00f3c nh\u00ecn hay \u0111\u1ed9 s\u00e1ng c\u1ee7a m\u00e0n h\u00ecnh.<\/p>\n<p class=\"QN2lPu\">\n<p class=\"QN2lPu\">Th\u00f4ng Tin b\u1ea3o h\u00e0nh:<\/p>\n<p class=\"QN2lPu\">\n<p class=\"QN2lPu\">S\u1ea3n ph\u1ea9m \u0111\u01b0\u1ee3c b\u1ea3o h\u00e0nh t\u1eeb Hanama trong 6 th\u00e1ng \u0111\u1ed5i m\u1edbi n\u1ebfu bong n\u1ed5 da, c\u00f2n nh\u1eefng tr\u01b0\u1eddng h\u1ee3p kh\u00e1c s\u1ebd s\u1eeda ch\u1eefa mi\u1ec5n ph\u00ed.<\/p>\n<p class=\"QN2lPu\">\n<p class=\"QN2lPu\">Hanama lu\u00f4n h\u01b0\u1edbng \u0111\u1ebfn c\u1ea3m nh\u1eadn c\u1ee7a kh\u00e1ch h\u00e0ng, n\u00ean m\u1ecdi \u00fd ki\u1ebfn \u0111\u00f3ng g\u00f3p \u0111\u1ec1u \u0111\u01b0\u1ee3c Hanama ghi nh\u1eadn v\u00e0 c\u1ea3i ti\u1ebfn ngay l\u1eadp t\u1ee9c, Hanama lu\u00f4n mong nh\u1eadn \u0111\u01b0\u1ee3c nh\u1eefng \u00fd ki\u1ebfn \u0111\u00f3ng g\u00f3p c\u1ee7a qu\u00fd kh\u00e1ch h\u00e0ng.#hanama #tuideocheo #tuidungdienthoai #tuitrantram #tuinu #tuinam<\/p>\n<p class=\"QN2lPu\">\n<\/div>\n","protected":false},"excerpt":{"rendered":"<p>T\u00fai \u0111eo ch\u00e9o &#8211; t\u00fai n\u1eef Hera 13 D\u00f2ng t\u00fai Da PU cao c\u1ea5p t\u00fai \u0111\u1ef1ng \u0111i\u1ec7n tho\u1ea1i Hanama hai m\u1ea7u N\u00e2u &#8211; \u0110en Th\u00f4ng s\u1ed1 s\u1ea3n ph\u1ea9m: \u2022 M\u00e3 s\u1ea3n ph\u1ea9m : HERA 13 \u2022 K\u00edch th\u01b0\u1edbc : 20x12x5,5 cm \u2022 Ch\u1ea5t li\u1ec7u : Da PU t\u1ed5ng h\u1ee3p b\u1ec1n \u0111\u1eb9p, kh\u00f4ng th\u1ea5m n\u01b0\u1edbc, d\u1ec5&#8230;<\/p>\n","protected":false},"featured_media":11554,"comment_status":"open","ping_status":"closed","template":"","meta":[],"product_brand":[],"product_cat":[1031],"product_tag":[],"class_list":{"0":"post-11486","1":"product","2":"type-product","3":"status-publish","4":"has-post-thumbnail","6":"product_cat-vi-bop-dung-dien-thoai-chia-khoa","8":"first","9":"instock","10":"sale","11":"shipping-taxable","12":"purchasable","13":"product-type-variable"},"_links":{"self":[{"href":"https:\/\/web-ban-le.mbws.vn\/ba-lo-tui-vi\/wp-json\/wp\/v2\/product\/11486","targetHints":{"allow":["GET"]}}],"collection":[{"href":"https:\/\/web-ban-le.mbws.vn\/ba-lo-tui-vi\/wp-json\/wp\/v2\/product"}],"about":[{"href":"https:\/\/web-ban-le.mbws.vn\/ba-lo-tui-vi\/wp-json\/wp\/v2\/types\/product"}],"replies":[{"embeddable":true,"href":"https:\/\/web-ban-le.mbws.vn\/ba-lo-tui-vi\/wp-json\/wp\/v2\/comments?post=11486"}],"wp:featuredmedia":[{"embeddable":true,"href":"https:\/\/web-ban-le.mbws.vn\/ba-lo-tui-vi\/wp-json\/wp\/v2\/media\/11554"}],"wp:attachment":[{"href":"https:\/\/web-ban-le.mbws.vn\/ba-lo-tui-vi\/wp-json\/wp\/v2\/media?parent=11486"}],"wp:term":[{"taxonomy":"product_brand","embeddable":true,"href":"https:\/\/web-ban-le.mbws.vn\/ba-lo-tui-vi\/wp-json\/wp\/v2\/product_brand?post=11486"},{"taxonomy":"product_cat","embeddable":true,"href":"https:\/\/web-ban-le.mbws.vn\/ba-lo-tui-vi\/wp-json\/wp\/v2\/product_cat?post=11486"},{"taxonomy":"product_tag","embeddable":true,"href":"https:\/\/web-ban-le.mbws.vn\/ba-lo-tui-vi\/wp-json\/wp\/v2\/product_tag?post=11486"}],"curies":[{"name":"wp","href":"https:\/\/api.w.org\/{rel}","templated":true}]}}