{"id":11487,"date":"2025-10-24T10:16:22","date_gmt":"2025-10-24T03:16:22","guid":{"rendered":"https:\/\/web-ban-le.mbws.vn\/ba-lo-tui-vi\/?post_type=product&#038;p=11487"},"modified":"2025-10-24T10:17:11","modified_gmt":"2025-10-24T03:17:11","slug":"gia-mo-ban-_-sieu-hot_-tui-xach-deo-cheo-hanama-hera-35-kieu-dang-han-quoc-tre-trung-ca-tinh-bag-da","status":"publish","type":"product","link":"https:\/\/web-ban-le.mbws.vn\/ba-lo-tui-vi\/san-pham\/gia-mo-ban-_-sieu-hot_-tui-xach-deo-cheo-hanama-hera-35-kieu-dang-han-quoc-tre-trung-ca-tinh-bag-da\/","title":{"rendered":"[G\u00eda M\u1edf B\u00e1n _ Si\u00eau HOT]_ T\u00fai x\u00e1ch &#8211; \u0111eo ch\u00e9o Hanama Hera 35 ki\u1ec3u d\u00e1ng H\u00e0n Qu\u1ed1c &#8211; tr\u1ebb trung c\u00e1 t\u00ednh Bag Da"},"content":{"rendered":"<div class=\"e8lZp3\">\n<p class=\"QN2lPu\">[G\u00eda M\u1edf B\u00e1n _ Si\u00eau HOT]_ T\u00fai x\u00e1ch &#8211; \u0111eo ch\u00e9o Hanama Hera 35 ki\u1ec3u d\u00e1ng H\u00e0n Qu\u1ed1c &#8211; tr\u1ebb trung c\u00e1 t\u00ednh Bag Da<\/p>\n<p class=\"QN2lPu\">\n<p class=\"QN2lPu\">Th\u00f4ng s\u1ed1 s\u1ea3n ph\u1ea9m:<\/p>\n<p class=\"QN2lPu\">\n<p class=\"QN2lPu\">\u2022 M\u00e3 s\u1ea3n ph\u1ea9m : HERA 35<\/p>\n<p class=\"QN2lPu\">\n<p class=\"QN2lPu\">\u2022 K\u00edch th\u01b0\u1edbc : size 20cm. cao 16cm. d\u00e0y 9cm<\/p>\n<p class=\"QN2lPu\">\n<p class=\"QN2lPu\">\u2022 Xu\u1ea5t x\u1ee9:&nbsp;Thi\u1ebft k\u1ebf v\u00e0 sx t\u1ea1i H\u00e0 N\u1ed9i VN<\/p>\n<p class=\"QN2lPu\">\n<p class=\"QN2lPu\">\u2022 Ch\u1ea5t li\u1ec7u : Da PU t\u1ed5ng h\u1ee3p b\u1ec1n \u0111\u1eb9p, kh\u00f4ng th\u1ea5m n\u01b0\u1edbc, d\u1ec5 v\u1ec7 sinh.<\/p>\n<p class=\"QN2lPu\">\n<p class=\"QN2lPu\">\u2022 M\u00e0u s\u1eafc : \u0110en, N\u00e2u<\/p>\n<p class=\"QN2lPu\">\n<p class=\"QN2lPu\">\u2022 Ch\u1ea5t li\u1ec7u d\u00e2y \u0111eo: Da PU t\u1ed5ng h\u1ee3p<\/p>\n<p class=\"QN2lPu\">\n<p class=\"QN2lPu\">\u2022 Kh\u00f3a : Kh\u00f3a m\u1ea1 \u0111\u1ed3ng cao c\u1ea5p<\/p>\n<p class=\"QN2lPu\">\n<p class=\"QN2lPu\">\u2022 Ki\u1ec3u d\u00e1ng : T\u00fai \u0111eo ch\u00e9o &#8211; t\u00fai c\u1ea7m tay<\/p>\n<p class=\"QN2lPu\">\n<p class=\"QN2lPu\">\u2022 Ph\u00f9 h\u1ee3p \u0111\u1ec3 s\u1eed d\u1ee5ng: \u0110i l\u00e0m, \u0111i h\u1ecdc, \u0111i ch\u01a1i<\/p>\n<p class=\"QN2lPu\">\n<p class=\"QN2lPu\">\u2022 Th\u01b0\u01a1ng Hi\u1ec7u: Hanama<\/p>\n<p class=\"QN2lPu\">\n<p class=\"QN2lPu\">Chi ti\u1ebft s\u1ea3n ph\u1ea9m:<\/p>\n<p class=\"QN2lPu\">\n<p class=\"QN2lPu\">Th\u00f4ng Tin b\u1ea3o h\u00e0nh:<\/p>\n<p class=\"QN2lPu\">\n<p class=\"QN2lPu\">S\u1ea3n ph\u1ea9m \u0111\u01b0\u1ee3c b\u1ea3o h\u00e0nh t\u1eeb Hanama trong 6 th\u00e1ng \u0111\u1ed5i m\u1edbi n\u1ebfu bong n\u1ed5 da, c\u00f2n nh\u1eefng tr\u01b0\u1eddng h\u1ee3p kh\u00e1c s\u1ebd s\u1eeda ch\u1eefa mi\u1ec5n ph\u00ed.<\/p>\n<p class=\"QN2lPu\">\n<p class=\"QN2lPu\">Thi\u1ebft k\u1ebf ki\u1ec3u d\u00e1ng H\u00e0n Qu\u1ed1c d\u1ec5 ph\u1ed1i \u0111\u1ed3 \u0111\u01b0\u1eddng may tinh t\u1ebf ch\u1eafc ch\u1eafn, c\u00f3 th\u1ec3 v\u1eeba \u0111eo ch\u00e9o v\u1edbi quai \u0111eo c\u00f3 th\u1ec3 ch\u1ec9nh \u0111\u1ed9 d\u00e0i ng\u1eafn t\u00f9y \u00fd thay \u0111\u1ed5i k\u00edch th\u01b0\u1edbc, v\u00e0 khi b\u1ecf d\u00e2y \u0111eo ch\u00e9o t\u00fai c\u00f3 th\u1ec3 tr\u1edf th\u00e0nh chi\u1ebfc t\u00fai x\u00e1ch tay n\u0103ng \u0111\u1ed9ng, ph\u00f9 h\u1ee3p nhi\u1ec1u phong c\u00e1ch ph\u1ed1i \u0111\u1ed3 h\u1ee3p th\u1eddi trang. S\u1ea3n ph\u1ea9m c\u00f3 1 ng\u0103n ch\u00ednh r\u1ed9ng kh\u00f3a zip b\u1ecf v\u1eeba \u0111i\u1ec7n tho\u1ea1i, \u0111\u1ed3 d\u00f9ng c\u00e1 nh\u00e2n v\u00e0 \u0111\u1ed3 trang \u0111i\u1ec3m nh\u1ecf g\u1ecdn, m\u1eaft k\u00ednh b\u00ean trong. C\u00f3 1 ng\u0103n \u00e1p s\u01b0\u1eddn trong ng\u0103n ch\u00ednh.C\u00f3 2 ng\u0103n h\u00f4ng ph\u1ee5 nh\u1ecf hai b\u00ean, Ng\u0103n ph\u1ee5 ngo\u00e0i m\u1eb7t tr\u01b0\u1edbc t\u00fai ph\u00e1 c\u00e1ch tr\u1ebb trung v\u00e0 n\u1ed5i b\u1eadt.<\/p>\n<p class=\"QN2lPu\">\n<p class=\"QN2lPu\">S\u1ea3n ph\u1ea9m thi\u1ebft k\u1ebf 2 m\u1ea7u \u0111en v\u00e0 n\u00e2u.<\/p>\n<p class=\"QN2lPu\">\n<p class=\"QN2lPu\">Vui l\u00f2ng \u0111\u1ec3 s\u1ea3n ph\u1ea9m n\u01a1i tho\u00e1ng m\u00e1t, kh\u00f4 r\u00e1o s\u1ebd gi\u00fap \u0111\u1ea3m b\u1ea3o ch\u1ea5t l\u01b0\u1ee3ng b\u1ec1 m\u1eb7t da \u0111\u1eb9p l\u00e2u nh\u1ea5t. Ch\u1ea5t li\u1ec7u nh\u00e0 Hanama lu\u00f4n l\u00e0 \u0111\u1ed9 b\u1ec1n t\u1eeb 3 \u0111\u1ebfn 5 n\u0103m.S\u1ea3n ph\u1ea9m \u0111\u01b0\u1ee3c b\u1ea3o h\u00e0nh t\u1eeb Hanama trong 12 th\u00e1ng \u0111\u1ed5i m\u1edbi n\u1ebfu bong n\u1ed5 da, c\u00f2n nh\u1eefng tr\u01b0\u1eddng h\u1ee3p kh\u00e1c s\u1ebd s\u1eeda ch\u1eefa mi\u1ec5n ph\u00ed.<\/p>\n<p class=\"QN2lPu\">\n<p class=\"QN2lPu\">Hanama lu\u00f4n h\u01b0\u1edbng \u0111\u1ebfn c\u1ea3m nh\u1eadn c\u1ee7a kh\u00e1ch h\u00e0ng, n\u00ean m\u1ecdi \u00fd ki\u1ebfn \u0111\u00f3ng g\u00f3p \u0111\u1ec1u \u0111\u01b0\u1ee3c Hanama ghi nh\u1eadn v\u00e0 c\u1ea3i ti\u1ebfn ngay l\u1eadp t\u1ee9c, Hanama lu\u00f4n mong nh\u1eadn \u0111\u01b0\u1ee3c nh\u1eefng \u00fd ki\u1ebfn \u0111\u00f3ng g\u00f3p c\u1ee7a qu\u00fd kh\u00e1ch h\u00e0ng.<\/p>\n<p class=\"QN2lPu\">\n<p class=\"QN2lPu\">V\u1ec1 Hanama<\/p>\n<p class=\"QN2lPu\">\n<p class=\"QN2lPu\">Hanama \u0111\u01b0\u1ee3c th\u00e0nh l\u1eadp n\u0103m 2014 b\u1edfi 2 thanh ni\u00ean tr\u1ebb tu\u1ed5i nhi\u1ec1u m\u1ed9ng m\u01a1 , v\u1edbi kh\u00e1t v\u1ecdng \u0111\u01b0a s\u1ea3n ph\u1ea9m make in vi\u1ec7t nam \u0111\u01b0\u1ee3c s\u1eed d\u1ee5ng r\u1ed9ng r\u00e3i trong n\u01b0\u1edbc v\u00e0 qu\u1ed1c t\u1ebf . \u0110\u1ebfn nay sau 10 n\u0103m th\u00e0nh l\u1eadp \u0111\u00e3 c\u00f3 tr\u00ean 1 tri\u1ec7u s\u1ea3n ph\u1ea9m \u0111\u01b0\u1ee3c \u0111\u1ebfn tay ng\u01b0\u1eddi ti\u00eau d\u00f9ng v\u00e0 nh\u1eadn v\u1ec1 nh\u1eefng ph\u1ea3n h\u1ed3i t\u00edch c\u1ef1c , Hanama r\u1ea5t mong ti\u1ebfp t\u1ee5c nh\u1eadn \u0111\u01b0\u1ee3c s\u1ef1 tin t\u01b0\u1edfng v\u00e0 \u0111\u00f3ng g\u00f3p t\u1eeb qu\u00fd kh\u00e1ch h\u00e0ng \u0111\u1ec3 Hanama ng\u00e0y c\u00e0ng \u0111\u01b0\u1ee3c bi\u1ebft \u0111\u1ebfn r\u1ed9ng r\u00e3i.#hanama #tuixachhanama #tuinu #tuideocheo #trendybag #tuihen #tuidungdienthoai #tuitrantram #tuinu #tui #tuxachsangchanh #tuixachnunam2024 #tuixachnudep #tuixach #tuideovai<\/p>\n<p class=\"QN2lPu\">\n<\/div>\n","protected":false},"excerpt":{"rendered":"[G\u00eda M\u1edf B\u00e1n _ Si\u00eau HOT]_ T\u00fai x\u00e1ch &#8211; \u0111eo ch\u00e9o Hanama Hera 35 ki\u1ec3u d\u00e1ng H\u00e0n Qu\u1ed1c &#8211; tr\u1ebb trung c\u00e1 t\u00ednh Bag Da Th\u00f4ng s\u1ed1 s\u1ea3n ph\u1ea9m: \u2022 M\u00e3 s\u1ea3n ph\u1ea9m : HERA 35 \u2022 K\u00edch th\u01b0\u1edbc : size 20cm. cao 16cm. d\u00e0y 9cm \u2022 Xu\u1ea5t x\u1ee9:&nbsp;Thi\u1ebft k\u1ebf v\u00e0 sx t\u1ea1i H\u00e0 N\u1ed9i&#8230;<\/p>\n","protected":false},"featured_media":11563,"comment_status":"open","ping_status":"closed","template":"","meta":[],"product_brand":[],"product_cat":[1018],"product_tag":[],"class_list":{"0":"post-11487","1":"product","2":"type-product","3":"status-publish","4":"has-post-thumbnail","6":"product_cat-tui-deo-cheo-tui-deo-vai","8":"first","9":"instock","10":"sale","11":"shipping-taxable","12":"purchasable","13":"product-type-variable"},"_links":{"self":[{"href":"https:\/\/web-ban-le.mbws.vn\/ba-lo-tui-vi\/wp-json\/wp\/v2\/product\/11487","targetHints":{"allow":["GET"]}}],"collection":[{"href":"https:\/\/web-ban-le.mbws.vn\/ba-lo-tui-vi\/wp-json\/wp\/v2\/product"}],"about":[{"href":"https:\/\/web-ban-le.mbws.vn\/ba-lo-tui-vi\/wp-json\/wp\/v2\/types\/product"}],"replies":[{"embeddable":true,"href":"https:\/\/web-ban-le.mbws.vn\/ba-lo-tui-vi\/wp-json\/wp\/v2\/comments?post=11487"}],"wp:featuredmedia":[{"embeddable":true,"href":"https:\/\/web-ban-le.mbws.vn\/ba-lo-tui-vi\/wp-json\/wp\/v2\/media\/11563"}],"wp:attachment":[{"href":"https:\/\/web-ban-le.mbws.vn\/ba-lo-tui-vi\/wp-json\/wp\/v2\/media?parent=11487"}],"wp:term":[{"taxonomy":"product_brand","embeddable":true,"href":"https:\/\/web-ban-le.mbws.vn\/ba-lo-tui-vi\/wp-json\/wp\/v2\/product_brand?post=11487"},{"taxonomy":"product_cat","embeddable":true,"href":"https:\/\/web-ban-le.mbws.vn\/ba-lo-tui-vi\/wp-json\/wp\/v2\/product_cat?post=11487"},{"taxonomy":"product_tag","embeddable":true,"href":"https:\/\/web-ban-le.mbws.vn\/ba-lo-tui-vi\/wp-json\/wp\/v2\/product_tag?post=11487"}],"curies":[{"name":"wp","href":"https:\/\/api.w.org\/{rel}","templated":true}]}}