{"id":11530,"date":"2025-10-24T10:16:46","date_gmt":"2025-10-24T03:16:46","guid":{"rendered":"https:\/\/web-ban-le.mbws.vn\/ba-lo-tui-vi\/?post_type=product&#038;p=11530"},"modified":"2025-10-24T10:17:34","modified_gmt":"2025-10-24T03:17:34","slug":"balo-nu-mini-hoa-tiet-tran-chi-qua-tram-hn-emi1","status":"publish","type":"product","link":"https:\/\/web-ban-le.mbws.vn\/ba-lo-tui-vi\/san-pham\/balo-nu-mini-hoa-tiet-tran-chi-qua-tram-hn-emi1\/","title":{"rendered":"Balo n\u1eef mini h\u1ecda ti\u1ebft tr\u1ea7n ch\u1ec9 qu\u1ea3 tr\u00e1m HN Emi1"},"content":{"rendered":"<div class=\"e8lZp3\">\n<p class=\"QN2lPu\">Th\u01b0\u01a1ng hi\u1ec7u : Hanama<\/p>\n<p class=\"QN2lPu\">1.\tM\u00f4 t\u1ea3 s\u1ea3n ph\u1ea9m<\/p>\n<p class=\"QN2lPu\">\u2022\tM\u00e3 s\u1ea3n ph\u1ea9m : Emi1<\/p>\n<p class=\"QN2lPu\">\u2022\tKi\u1ec3u d\u00e1ng : T\u00fai v\u00ed n\u1eef\/balo n\u1eef<\/p>\n<p class=\"QN2lPu\">\u2022\tPh\u00f9 h\u1ee3p \u0111\u1ec3 s\u1eed d\u1ee5ng: \u0110i l\u00e0m, \u0111i h\u1ecdc, \u0111i ch\u01a1i, \u0111i du l\u1ecbch, \u0111i c\u00f4ng t\u00e1c<\/p>\n<p class=\"QN2lPu\">\u2022\tM\u00e0u s\u1eafc : \u0110en, N\u00e2u<\/p>\n<p class=\"QN2lPu\">\u2022\tK\u00edch th\u01b0\u1edbc : 9 x 17 x 20 cm . <\/p>\n<p class=\"QN2lPu\">\u2022\tCh\u1ea5t li\u1ec7u : Da PU cao c\u1ea5p .<\/p>\n<p class=\"QN2lPu\">\u2022\tPh\u1ee5 ki\u1ec7n : K\u1ebdm m\u1ea1 \u0111\u1ed3ng cao c\u1ea5p <\/p>\n<p class=\"QN2lPu\">2.\tH\u01b0\u1edbng d\u1eabn b\u1ea3o qu\u1ea3n v\u00e0 v\u1ec7 sinh t\u00fai <\/p>\n<p class=\"QN2lPu\">\u2022\tB\u1ea3o qu\u1ea3n <\/p>\n<p class=\"QN2lPu\">Th\u00e1o d\u00e2y \u0111eo c\u1ea5t v\u00e0o b\u00ean trong t\u00fai, cho v\u00e0o bao ch\u00e2n ho\u1eb7c t\u1ee7, gi\u1eef t\u00fai x\u00e1ch kh\u00f4ng b\u1ecb b\u00e1m b\u1ee5i khi \u00edt s\u1eed d\u1ee5ng.<\/p>\n<p class=\"QN2lPu\">Gi\u1eef d\u00e1ng t\u00fai b\u1eb1ng c\u00e1ch nh\u1ed3i gi\u1ea5y ho\u1eb7c t\u00fai nilon.<\/p>\n<p class=\"QN2lPu\">\u2022\tV\u1ec7 sinh (ch\u1ecdn 1 trong 2 c\u00e1ch sau)<\/p>\n<p class=\"QN2lPu\">S\u1eed d\u1ee5ng v\u1ea3i cotton tr\u1eafng, ch\u1ea5m nh\u1eb9 m\u1ed9t ch\u00fat v\u00e0o n\u01b0\u1edbc t\u1ea9y nh\u1eb9. Sau \u0111\u00f3 lau qua v\u1ecb tr\u00ed c\u1ea7n v\u1ec7 sinh.<\/p>\n<p class=\"QN2lPu\">S\u1eed d\u1ee5ng v\u1ea3i cotton tr\u1eafng, nh\u00fang v\u00e0o n\u01b0\u1edbc s\u1ea1ch v\u00e0 v\u1eaft kh\u00f4. Sau \u0111\u00f3 nh\u1eb9 nh\u00e0ng lau qua v\u1ecb tr\u00ed c\u1ea7n v\u1ec7 sinh tr\u00ean s\u1ea3n ph\u1ea9m.<\/p>\n<p class=\"QN2lPu\">L\u01b0u \u00fd:<\/p>\n<p class=\"QN2lPu\">Kh\u00f4ng \u00e1p d\u1ee5ng cho l\u1edbp l\u00f3t b\u00ean trong t\u00fai.<\/p>\n<p class=\"QN2lPu\">Kh\u00f4ng gi\u1eb7t t\u00fai b\u1eb1ng b\u1ed9t gi\u1eb7t, c\u00e1c ch\u1ea5t t\u1ea9y m\u1ea1nh.<\/p>\n<p class=\"QN2lPu\">Ch\u1ec9 s\u1eed d\u1ee5ng n\u01b0\u1edbc ho\u1eb7c c\u00e1c h\u00f3a ch\u1ea5t v\u1ec7 sinh chuy\u00ean d\u1ee5ng.<\/p>\n<p class=\"QN2lPu\">3.\tV\u1ec1 Hanama<\/p>\n<p class=\"QN2lPu\">Hanama \u0111\u01b0\u1ee3c th\u00e0nh l\u1eadp n\u0103m 2014 b\u1edfi 2 thanh ni\u00ean tr\u1ebb tu\u1ed5i nhi\u1ec1u m\u1ed9ng m\u01a1, v\u1edbi kh\u00e1t v\u1ecdng \u0111\u01b0a s\u1ea3n ph\u1ea9m Vi\u1ec7t Nam \u0111\u1ebfn tay m\u1ecdi ng\u01b0\u1eddi ti\u00eau d\u00f9ng trong n\u01b0\u1edbc v\u00e0 qu\u1ed1c t\u1ebf . \u0110\u1ebfn nay sau 10 n\u0103m th\u00e0nh l\u1eadp \u0111\u00e3 c\u00f3 tr\u00ean 1 tri\u1ec7u s\u1ea3n ph\u1ea9m \u0111\u01b0\u1ee3c \u0111\u1ebfn tay ng\u01b0\u1eddi ti\u00eau d\u00f9ng v\u00e0 nh\u1eadn v\u1ec1 nh\u1eefng ph\u1ea3n h\u1ed3i t\u00edch c\u1ef1c, Hanama r\u1ea5t mong ti\u1ebfp t\u1ee5c nh\u1eadn \u0111\u01b0\u1ee3c s\u1ef1 tin t\u01b0\u1edfng v\u00e0 \u0111\u00f3ng g\u00f3p t\u1eeb qu\u00fd kh\u00e1ch h\u00e0ng \u0111\u1ec3 Hanama ng\u00e0y c\u00e0ng \u0111\u01b0\u1ee3c bi\u1ebft \u0111\u1ebfn r\u1ed9ng r\u00e3i. <\/p>\n<p class=\"QN2lPu\">4.\tCh\u00ednh s\u00e1ch \u0111\u1ed5i h\u00e0ng v\u00e0 b\u1ea3o h\u00e0nh : <\/p>\n<p class=\"QN2lPu\">\u2022\t\u0110\u1ed5i h\u00e0ng : T\u1ea5t c\u1ea3 h\u00e0ng h\u00f3a mua t\u1ea1i X\u01b0\u1edfng t\u00fai da Hanama \u0111\u01b0\u1ee3c \u00e1p d\u1ee5ng ch\u00ednh s\u00e1ch cho ph\u00e9p kh\u00e1ch h\u00e0ng c\u00f3 th\u1ec3 \u0111\u1ed5i h\u00e0ng trong v\u00f2ng 07 ng\u00e0y trong tr\u01b0\u1eddng h\u1ee3p s\u1ea3n ph\u1ea9m b\u1ecb giao nh\u1ea7m, giao thi\u1ebfu, l\u1ed7i k\u1ef9 thu\u1eadt, hay kh\u00f4ng nh\u01b0 cam k\u1ebft v\u00e0 ch\u1ec9 \u0111\u1ed5i 01 l\u1ea7n duy nh\u1ea5t. X\u01b0\u1edfng t\u00fai da Hanama kh\u00f4ng \u00e1p d\u1ee5ng \u0111\u1ed5i h\u00e0ng v\u1edbi c\u00e1c s\u1ea3n ph\u1ea9m khuy\u1ebfn m\u1ea1i, s\u1ea3n ph\u1ea9m thanh l\u00fd,\u2026 Khi mu\u1ed1n th\u1ef1c hi\u1ec7n \u0111\u1ed5i s\u1ea3n ph\u1ea9m. Qu\u00fd kh\u00e1ch vui l\u00f2ng gi\u1eef nguy\u00ean tem, m\u00e1c s\u1ea3n ph\u1ea9m v\u00e0 bao b\u00ec. <\/p>\n<p class=\"QN2lPu\">\u2022\tB\u1ea3o h\u00e0nh: 6 th\u00e1ng (v\u1edbi l\u1ed7i do s\u1ea3n xu\u1ea5t)<\/p>\n<p class=\"QN2lPu\">C\u1ea3m \u01a1n qu\u00fd kh\u00e1ch \u0111\u00e3 gh\u00e9 th\u0103m v\u00e0 \u1ee7ng h\u1ed9 X\u01b0\u1edfng T\u00fai Da Hanama <\/p>\n<p class=\"QN2lPu\">X\u01b0\u1edfng t\u00fai da Hanama ch\u00fac qu\u00fd kh\u00e1ch 1 ng\u00e0y vui v\u1ebb &#8211; tr\u00e0n \u0111\u1ea7y n\u0103ng l\u01b0\u1ee3ng !!<\/p>\n<p class=\"QN2lPu\"> #tui #tuideocheo #tuixach #tuixachnu #tuixachhanghieu #tuxachdep @tuixachdeocheo #tuicoptron<\/p>\n<p class=\"QN2lPu\">\n<\/div>\n","protected":false},"excerpt":{"rendered":"<p>Th\u01b0\u01a1ng hi\u1ec7u : Hanama 1. M\u00f4 t\u1ea3 s\u1ea3n ph\u1ea9m \u2022 M\u00e3 s\u1ea3n ph\u1ea9m : Emi1 \u2022 Ki\u1ec3u d\u00e1ng : T\u00fai v\u00ed n\u1eef\/balo n\u1eef \u2022 Ph\u00f9 h\u1ee3p \u0111\u1ec3 s\u1eed d\u1ee5ng: \u0110i l\u00e0m, \u0111i h\u1ecdc, \u0111i ch\u01a1i, \u0111i du l\u1ecbch, \u0111i c\u00f4ng t\u00e1c \u2022 M\u00e0u s\u1eafc : \u0110en, N\u00e2u \u2022 K\u00edch th\u01b0\u1edbc : 9 x 17 x&#8230;<\/p>\n","protected":false},"featured_media":11592,"comment_status":"open","ping_status":"closed","template":"","meta":[],"product_brand":[],"product_cat":[1019],"product_tag":[],"class_list":{"0":"post-11530","1":"product","2":"type-product","3":"status-publish","4":"has-post-thumbnail","6":"product_cat-ba-lo-nu","8":"first","9":"instock","10":"sale","11":"shipping-taxable","12":"purchasable","13":"product-type-variable"},"_links":{"self":[{"href":"https:\/\/web-ban-le.mbws.vn\/ba-lo-tui-vi\/wp-json\/wp\/v2\/product\/11530","targetHints":{"allow":["GET"]}}],"collection":[{"href":"https:\/\/web-ban-le.mbws.vn\/ba-lo-tui-vi\/wp-json\/wp\/v2\/product"}],"about":[{"href":"https:\/\/web-ban-le.mbws.vn\/ba-lo-tui-vi\/wp-json\/wp\/v2\/types\/product"}],"replies":[{"embeddable":true,"href":"https:\/\/web-ban-le.mbws.vn\/ba-lo-tui-vi\/wp-json\/wp\/v2\/comments?post=11530"}],"wp:featuredmedia":[{"embeddable":true,"href":"https:\/\/web-ban-le.mbws.vn\/ba-lo-tui-vi\/wp-json\/wp\/v2\/media\/11592"}],"wp:attachment":[{"href":"https:\/\/web-ban-le.mbws.vn\/ba-lo-tui-vi\/wp-json\/wp\/v2\/media?parent=11530"}],"wp:term":[{"taxonomy":"product_brand","embeddable":true,"href":"https:\/\/web-ban-le.mbws.vn\/ba-lo-tui-vi\/wp-json\/wp\/v2\/product_brand?post=11530"},{"taxonomy":"product_cat","embeddable":true,"href":"https:\/\/web-ban-le.mbws.vn\/ba-lo-tui-vi\/wp-json\/wp\/v2\/product_cat?post=11530"},{"taxonomy":"product_tag","embeddable":true,"href":"https:\/\/web-ban-le.mbws.vn\/ba-lo-tui-vi\/wp-json\/wp\/v2\/product_tag?post=11530"}],"curies":[{"name":"wp","href":"https:\/\/api.w.org\/{rel}","templated":true}]}}