{"id":11578,"date":"2025-10-24T10:17:11","date_gmt":"2025-10-24T03:17:11","guid":{"rendered":"https:\/\/web-ban-le.mbws.vn\/ba-lo-tui-vi\/?post_type=product&#038;p=11578"},"modified":"2025-10-24T10:17:55","modified_gmt":"2025-10-24T03:17:55","slug":"gia-mo-ban-hanama-balo-deo-vai-emi-13-dabag-mini-26x-22-x-6cm-co-ngan-khoa-bi-mat","status":"publish","type":"product","link":"https:\/\/web-ban-le.mbws.vn\/ba-lo-tui-vi\/san-pham\/gia-mo-ban-hanama-balo-deo-vai-emi-13-dabag-mini-26x-22-x-6cm-co-ngan-khoa-bi-mat\/","title":{"rendered":"(G\u00eda m\u1edf b\u00e1n) Hanama Balo \u0110eo Vai Emi 13 Dabag mini 26x 22 x 6cm c\u00f3 ng\u0103n kh\u00f3a b\u00ed m\u1eadt"},"content":{"rendered":"<div class=\"e8lZp3\">\n<p class=\"QN2lPu\">Hanama Balo \u0110eo Vai Emi 13 Dabag mini 26x 22 x 6cm Kh\u00f3a kem m\u1ea1 \u0111\u1ed3ng<\/p>\n<p class=\"QN2lPu\">\n<p class=\"QN2lPu\">Balo n\u1eef V\u1edbi thi\u1ebft k\u1ebf ki\u1ec3u \u0111\u00e1ng tr\u1ebb trung, n\u0103ng&nbsp;\u0111\u1ed9ng, S\u1ea3n ph\u1ea9m c\u00f3 2 m\u00e0u ch\u1ee7 \u0111\u1ea1o l\u00e0 \u0111en v\u00e0 n\u00e2u v\u1edbi thi\u1ebft k\u1ebf n\u1eafp balo khuy c\u00e0i th\u1eddi trang.<\/p>\n<p class=\"QN2lPu\">\n<p class=\"QN2lPu\">Ch\u1ea5t li\u1ec7u:&nbsp;Da PU t\u1ed5ng h\u1ee3p b\u1ec1n \u0111\u1eb9p, kh\u00f4ng th\u1ea5m n\u01b0\u1edbc, d\u1ec5 v\u1ec7 sinh.K\u00edch Th\u01b0\u1edbc:&nbsp;cao 26 x ngang 22 x d\u00e0y 06 cm<\/p>\n<p class=\"QN2lPu\">\n<p class=\"QN2lPu\">Xu\u1ea5t x\u1ee9: Thi\u1ebft k\u1ebf v\u00e0 sx t\u1ea1i H\u00e0 N\u1ed9i, Vi\u1ec7t Nam<\/p>\n<p class=\"QN2lPu\">\n<p class=\"QN2lPu\">Kh\u00f3a : Kh\u00f3a k\u1ebdm m\u1ea1 \u0111\u1ed3ng cao c\u1ea5pQuai \u0111eo: Da PU t\u1ed5ng h\u1ee3pM\u1ea7u s\u1eafc: \u0110en &#8211;  N\u00e2u <\/p>\n<p class=\"QN2lPu\">\n<p class=\"QN2lPu\">B\u1ea3o H\u00e0nh: \u0110\u1ed5i m\u1edbi trong 6  th\u00e1ng<\/p>\n<p class=\"QN2lPu\">\n<p class=\"QN2lPu\">Ph\u00f9 h\u1ee3p \u0111\u1ec3 s\u1eed d\u1ee5ng: \u0110i l\u00e0m, \u0111i h\u1ecdc, \u0111i ch\u01a1i<\/p>\n<p class=\"QN2lPu\">\n<p class=\"QN2lPu\">Balo HNEmi13 l\u00e0 b\u1ea3n n\u00e2ng c\u1ea5p c\u00f3 ng\u0103n kh\u00f3a b\u00ed m\u1eadt v\u1edbi 5 ng\u0103n s\u1eed d\u1ee5ng, ng\u0103n ngo\u00e0i , ng\u0103n ch\u00ednh c\u00f3 chia th\u00eam 2 ng\u0103n ph\u1ee5 v\u00e0 ng\u0103n kh\u00f3a k\u00e9o b\u00ed m\u1eadt sau l\u01b0ng, s\u1ea3n ph\u1ea9m c\u00f3 3 m\u1eb7t ch\u1ed1ng s\u1ed1c th\u00edch h\u1ee3p khi \u0111i ch\u01a1i, \u0111i h\u1ecdc, \u0111i l\u00e0m, du l\u1ecbch, c\u00f4ng s\u1edf, cafe, Emi13 \u0111\u1ef1ng v\u1eeba \u0111i\u1ec7n tho\u1ea1i, \u0111\u1ed3&nbsp;d\u00f9ng c\u00e1 nh\u00e2n. <\/p>\n<p class=\"QN2lPu\">\n<p class=\"QN2lPu\">B\u1ea1n ch\u1ec9 c\u00e0n lau ch\u00f9i nh\u1eb9 nh\u00e0ng s\u1ea3n ph\u1ea9m v\u1edbi kh\u0103n \u1ea5m, \u0111\u1ec3 s\u1ea3n ph\u1ea9m n\u01a1i kh\u00f4 tho\u00e1ng \u0111\u1ec3 gi\u0169 \u0111\u01b0\u1ee3c \u0111\u1ed9 b\u1ec1n l\u00e2u nh\u1ea5t c\u1ee7a s\u1ea3n ph\u1ea9m. kh\u00f3a k\u00e9o, ph\u1ee5 ki\u1ec7n k\u1ebdm m\u1ea1 \u0111\u1ed3ng b\u1ec1n b\u1ec9 l\u00e2u phai, quai \u0111eo ch\u1eafc ch\u1eafn t\u00f9y ch\u1ec9nh ng\u1eafn d\u00e0i b\u1ec1n \u0111\u1eb9p.<\/p>\n<p class=\"QN2lPu\">\n<p class=\"QN2lPu\">S\u1ea3n ph\u1ea9m \u0111\u01b0\u1ee3c thi\u1ebft k\u1ebf 5 ng\u0103n s\u1eed d\u1ee5ng, c\u00f3 3 m\u1eb7t ch\u1ed1ng s\u1ed1c<\/p>\n<p class=\"QN2lPu\">\n<p class=\"QN2lPu\">Ng\u0103n ngo\u00e0i c\u00f9ng kh\u00f3a k\u00e9o m\u1eb7t ngo\u00e0i ch\u1ed1ng s\u1ed1c.<\/p>\n<p class=\"QN2lPu\">\n<p class=\"QN2lPu\">Ng\u0103n Ch\u00ednh \u0111\u01b0\u1ee3c n\u00e2ng c\u1ea5p th\u00eam 2 ng\u0103n ph\u1ee5 tr\u01b0\u1edbc v\u00e0 sau.<\/p>\n<p class=\"QN2lPu\">\n<p class=\"QN2lPu\">Ng\u0103n b\u00ed m\u1eadt \u0111\u1eb1ng sau l\u01b0ng \u0111\u1ec3 v\u00ed ti\u1ec1n, th\u1ebb xe c\u00f3 kh\u00f3a k\u00e9o.<\/p>\n<p class=\"QN2lPu\">\n<p class=\"QN2lPu\">L\u01b0u \u00fd:<\/p>\n<p class=\"QN2lPu\">\n<p class=\"QN2lPu\">S\u1ea3n ph\u1ea9m nh\u1eadn v\u1ec1 c\u00f3 th\u1ec3 s\u1ebd c\u00f3 sai s\u1ed1 1-2 % do Hanama s\u1ea3n xu\u1ea5t th\u1ee7 c\u00f4ng trong n\u01b0\u1edbc.<\/p>\n<p class=\"QN2lPu\">\n<p class=\"QN2lPu\">M\u00e0u s\u1eafc c\u0169ng c\u00f3 th\u1ec3 s\u1ebd kh\u00e1c m\u1ed9t \u0111\u00f4i ch\u00fat do g\u00f3c nh\u00ecn hay \u0111\u1ed9 s\u00e1ng c\u1ee7a m\u00e0n h\u00ecnh.<\/p>\n<p class=\"QN2lPu\">\n<p class=\"QN2lPu\">Th\u00f4ng Tin b\u1ea3o h\u00e0nh:<\/p>\n<p class=\"QN2lPu\">\n<p class=\"QN2lPu\">S\u1ea3n ph\u1ea9m \u0111\u01b0\u1ee3c b\u1ea3o h\u00e0nh t\u1eeb Hanama trong 12 th\u00e1ng \u0111\u1ed5i m\u1edbi n\u1ebfu bong n\u1ed5 da, c\u00f2n nh\u1eefng tr\u01b0\u1eddng h\u1ee3p kh\u00e1c s\u1ebd s\u1eeda ch\u1eefa mi\u1ec5n ph\u00ed.<\/p>\n<p class=\"QN2lPu\">\n<p class=\"QN2lPu\">Hanama lu\u00f4n h\u01b0\u1edbng \u0111\u1ebfn c\u1ea3m nh\u1eadn c\u1ee7a kh\u00e1ch h\u00e0ng, n\u00ean m\u1ecdi \u00fd ki\u1ebfn \u0111\u00f3ng g\u00f3p \u0111\u1ec1u \u0111\u01b0\u1ee3c Hanama ghi nh\u1eadn v\u00e0 c\u1ea3i ti\u1ebfn ngay l\u1eadp t\u1ee9c, Hanama lu\u00f4n mong nh\u1eadn \u0111\u01b0\u1ee3c nh\u1eefng \u00fd ki\u1ebfn \u0111\u00f3ng g\u00f3p c\u1ee7a qu\u00fd kh\u00e1ch h\u00e0ng.<\/p>\n<p class=\"QN2lPu\">\n<\/div>\n","protected":false},"excerpt":{"rendered":"<p>Hanama Balo \u0110eo Vai Emi 13 Dabag mini 26x 22 x 6cm Kh\u00f3a kem m\u1ea1 \u0111\u1ed3ng Balo n\u1eef V\u1edbi thi\u1ebft k\u1ebf ki\u1ec3u \u0111\u00e1ng tr\u1ebb trung, n\u0103ng&nbsp;\u0111\u1ed9ng, S\u1ea3n ph\u1ea9m c\u00f3 2 m\u00e0u ch\u1ee7 \u0111\u1ea1o l\u00e0 \u0111en v\u00e0 n\u00e2u v\u1edbi thi\u1ebft k\u1ebf n\u1eafp balo khuy c\u00e0i th\u1eddi trang. Ch\u1ea5t li\u1ec7u:&nbsp;Da PU t\u1ed5ng h\u1ee3p b\u1ec1n \u0111\u1eb9p, kh\u00f4ng th\u1ea5m&#8230;<\/p>\n","protected":false},"featured_media":11629,"comment_status":"open","ping_status":"closed","template":"","meta":[],"product_brand":[],"product_cat":[1019],"product_tag":[],"class_list":{"0":"post-11578","1":"product","2":"type-product","3":"status-publish","4":"has-post-thumbnail","6":"product_cat-ba-lo-nu","8":"first","9":"instock","10":"sale","11":"shipping-taxable","12":"purchasable","13":"product-type-variable"},"_links":{"self":[{"href":"https:\/\/web-ban-le.mbws.vn\/ba-lo-tui-vi\/wp-json\/wp\/v2\/product\/11578","targetHints":{"allow":["GET"]}}],"collection":[{"href":"https:\/\/web-ban-le.mbws.vn\/ba-lo-tui-vi\/wp-json\/wp\/v2\/product"}],"about":[{"href":"https:\/\/web-ban-le.mbws.vn\/ba-lo-tui-vi\/wp-json\/wp\/v2\/types\/product"}],"replies":[{"embeddable":true,"href":"https:\/\/web-ban-le.mbws.vn\/ba-lo-tui-vi\/wp-json\/wp\/v2\/comments?post=11578"}],"wp:featuredmedia":[{"embeddable":true,"href":"https:\/\/web-ban-le.mbws.vn\/ba-lo-tui-vi\/wp-json\/wp\/v2\/media\/11629"}],"wp:attachment":[{"href":"https:\/\/web-ban-le.mbws.vn\/ba-lo-tui-vi\/wp-json\/wp\/v2\/media?parent=11578"}],"wp:term":[{"taxonomy":"product_brand","embeddable":true,"href":"https:\/\/web-ban-le.mbws.vn\/ba-lo-tui-vi\/wp-json\/wp\/v2\/product_brand?post=11578"},{"taxonomy":"product_cat","embeddable":true,"href":"https:\/\/web-ban-le.mbws.vn\/ba-lo-tui-vi\/wp-json\/wp\/v2\/product_cat?post=11578"},{"taxonomy":"product_tag","embeddable":true,"href":"https:\/\/web-ban-le.mbws.vn\/ba-lo-tui-vi\/wp-json\/wp\/v2\/product_tag?post=11578"}],"curies":[{"name":"wp","href":"https:\/\/api.w.org\/{rel}","templated":true}]}}