{"id":11580,"date":"2025-10-24T10:17:11","date_gmt":"2025-10-24T03:17:11","guid":{"rendered":"https:\/\/web-ban-le.mbws.vn\/ba-lo-tui-vi\/?post_type=product&#038;p=11580"},"modified":"2025-10-24T10:18:16","modified_gmt":"2025-10-24T03:18:16","slug":"balo-deo-vai-di-hoc-nu-dabag-cao-cap-emi-11-chat-da-chong-xuoc-chong-nuoc-chong-soc","status":"publish","type":"product","link":"https:\/\/web-ban-le.mbws.vn\/ba-lo-tui-vi\/san-pham\/balo-deo-vai-di-hoc-nu-dabag-cao-cap-emi-11-chat-da-chong-xuoc-chong-nuoc-chong-soc\/","title":{"rendered":"Balo \u0110eo Vai \u0111i h\u1ecdc N\u1eef Dabag cao c\u1ea5p Emi 11 ch\u1ea5t da ch\u1ed1ng x\u01b0\u1edbc ch\u1ed1ng n\u01b0\u1edbc ch\u1ed1ng s\u1ed1c"},"content":{"rendered":"<div class=\"e8lZp3\">\n<p class=\"QN2lPu\">Gi\u00e1 m\u1edf b\u00e1n Balo \u0111i h\u1ecdc Dabag cao c\u1ea5p Emi 11 hai m\u1ea7u N\u00e2u &#8211; \u0110en k\u00edch th\u01b0\u1edbc 30x24x13 cm ch\u1ea5t da ch\u1ed1ng x\u01b0\u1edbc ch\u1ed1ng n\u01b0\u1edbc ch\u1ed1ng s\u1ed1c<\/p>\n<p class=\"QN2lPu\">\n<p class=\"QN2lPu\">Th\u00f4ng s\u1ed1 s\u1ea3n ph\u1ea9m:<\/p>\n<p class=\"QN2lPu\">\n<p class=\"QN2lPu\">\u2022 M\u00e3 s\u1ea3n ph\u1ea9m : EMI11<\/p>\n<p class=\"QN2lPu\">\n<p class=\"QN2lPu\">\u2022 K\u00edch th\u01b0\u1edbc :. 30X24X13 cm<\/p>\n<p class=\"QN2lPu\">\n<p class=\"QN2lPu\">\u2022 Ch\u1ea5t li\u1ec7u : Da PU t\u1ed5ng h\u1ee3p b\u1ec1n \u0111\u1eb9p, kh\u00f4ng th\u1ea5m n\u01b0\u1edbc, d\u1ec5 v\u1ec7 sinh.<\/p>\n<p class=\"QN2lPu\">\n<p class=\"QN2lPu\">\u2022 M\u00e0u s\u1eafc : \u0110en, N\u00e2u, \u0110en ph\u1ed1i N\u00e2u<\/p>\n<p class=\"QN2lPu\">\n<p class=\"QN2lPu\">\u2022 Ch\u1ea5t li\u1ec7u d\u00e2y \u0111eo: Da PU t\u1ed5ng h\u1ee3p<\/p>\n<p class=\"QN2lPu\">\n<p class=\"QN2lPu\">\u2022 Kh\u00f3a : Kh\u00f3a m\u1ea1 \u0111\u1ed3ng cao c\u1ea5p<\/p>\n<p class=\"QN2lPu\">\n<p class=\"QN2lPu\">\u2022 Ki\u1ec3u d\u00e1ng : Ph\u1ee5 ki\u1ec7n th\u1eddi trang &#8211; d\u1ec5 k\u1ebft h\u1ee3p mix \u0111\u1ed3<\/p>\n<p class=\"QN2lPu\">\n<p class=\"QN2lPu\">\u2022 Ph\u00f9 h\u1ee3p \u0111\u1ec3 s\u1eed d\u1ee5ng: \u0110i l\u00e0m, \u0111i h\u1ecdc, \u0111i ch\u01a1i<\/p>\n<p class=\"QN2lPu\">\n<p class=\"QN2lPu\">Chi ti\u1ebft s\u1ea3n ph\u1ea9m:<\/p>\n<p class=\"QN2lPu\">\n<p class=\"QN2lPu\">Balo \u0111\u01b0\u1ee3c c\u1ea3i ti\u1ebfn to h\u01a1n, \u0111\u1ec3 \u0111\u01b0\u1ee3c nhi\u1ec1u \u0111\u1ed3 h\u01a1n, <\/p>\n<p class=\"QN2lPu\">\n<p class=\"QN2lPu\">Ng\u0103n ngo\u00e0i c\u00f9ng \u0111\u01b0\u1ee3c thi\u1ebft k\u1ebf ch\u1ed1ng s\u1ed1c, \u0111\u1ec3 v\u00ed th\u1ebb, b\u00fat bi, d\u1ee5ng c\u1ee5 h\u1ecdc t\u1eadp nh\u1ecf g\u1ecdn<\/p>\n<p class=\"QN2lPu\">\n<p class=\"QN2lPu\">Ng\u0103n ch\u00ednh c\u00f3 2 ng\u0103n ph\u1ee5 \u0111\u1eb1ng tr\u01b0\u1edbc v\u00e0 1 ng\u0103n ph\u1ee5 \u0111\u1eb1ng sau d\u1ec5 ph\u00e2n lo\u1ea1i \u0111\u1ed3 d\u00f9ng<\/p>\n<p class=\"QN2lPu\">\n<p class=\"QN2lPu\">Ng\u0103n b\u00ed m\u1eadt \u0111\u1eb1ng sau l\u01b0ng balo <\/p>\n<p class=\"QN2lPu\">\n<p class=\"QN2lPu\">V\u1edbi thi\u1ebft k\u1ebf c\u00f3 th\u1ec3 \u0111\u1ec3 \u0111\u01b0\u1ee3c \u0111\u1ebfn 2 b\u1ed9 \u0111\u1ed3 ng\u01b0\u1eddi l\u1edbn ho\u1eb7c s\u00e1ch v\u1edf \u0111i h\u1ecdc, \u0111i ch\u01a1i \u0111\u1ec1u \u0111\u01b0\u1ee3c<\/p>\n<p class=\"QN2lPu\">\n<p class=\"QN2lPu\">L\u01b0u \u00fd:<\/p>\n<p class=\"QN2lPu\">\n<p class=\"QN2lPu\">S\u1ea3n ph\u1ea9m nh\u1eadn v\u1ec1 c\u00f3 th\u1ec3 s\u1ebd c\u00f3 sai s\u1ed1 1-2 % do Hanama s\u1ea3n xu\u1ea5t th\u1ee7 c\u00f4ng trong n\u01b0\u1edbc.<\/p>\n<p class=\"QN2lPu\">\n<p class=\"QN2lPu\">M\u00e0u s\u1eafc c\u0169ng c\u00f3 th\u1ec3 s\u1ebd kh\u00e1c m\u1ed9t \u0111\u00f4i ch\u00fat do g\u00f3c nh\u00ecn hay \u0111\u1ed9 s\u00e1ng c\u1ee7a m\u00e0n h\u00ecnh.<\/p>\n<p class=\"QN2lPu\">\n<p class=\"QN2lPu\">Th\u00f4ng Tin b\u1ea3o h\u00e0nh:<\/p>\n<p class=\"QN2lPu\">\n<p class=\"QN2lPu\">S\u1ea3n ph\u1ea9m \u0111\u01b0\u1ee3c b\u1ea3o h\u00e0nh t\u1eeb Hanama trong 6 th\u00e1ng \u0111\u1ed5i m\u1edbi n\u1ebfu bong n\u1ed5 da, c\u00f2n nh\u1eefng tr\u01b0\u1eddng h\u1ee3p kh\u00e1c s\u1ebd s\u1eeda ch\u1eefa mi\u1ec5n ph\u00ed.<\/p>\n<p class=\"QN2lPu\">\n<p class=\"QN2lPu\">Hanama lu\u00f4n h\u01b0\u1edbng \u0111\u1ebfn c\u1ea3m nh\u1eadn c\u1ee7a kh\u00e1ch h\u00e0ng, n\u00ean m\u1ecdi \u00fd ki\u1ebfn \u0111\u00f3ng g\u00f3p \u0111\u1ec1u \u0111\u01b0\u1ee3c Hanama ghi nh\u1eadn v\u00e0 c\u1ea3i ti\u1ebfn ngay l\u1eadp t\u1ee9c, Hanama lu\u00f4n mong nh\u1eadn \u0111\u01b0\u1ee3c nh\u1eefng \u00fd ki\u1ebfn \u0111\u00f3ng g\u00f3p c\u1ee7a qu\u00fd kh\u00e1ch h\u00e0ng.<\/p>\n<p class=\"QN2lPu\">\n<\/div>\n","protected":false},"excerpt":{"rendered":"<p>Gi\u00e1 m\u1edf b\u00e1n Balo \u0111i h\u1ecdc Dabag cao c\u1ea5p Emi 11 hai m\u1ea7u N\u00e2u &#8211; \u0110en k\u00edch th\u01b0\u1edbc 30x24x13 cm ch\u1ea5t da ch\u1ed1ng x\u01b0\u1edbc ch\u1ed1ng n\u01b0\u1edbc ch\u1ed1ng s\u1ed1c Th\u00f4ng s\u1ed1 s\u1ea3n ph\u1ea9m: \u2022 M\u00e3 s\u1ea3n ph\u1ea9m : EMI11 \u2022 K\u00edch th\u01b0\u1edbc :. 30X24X13 cm \u2022 Ch\u1ea5t li\u1ec7u : Da PU t\u1ed5ng h\u1ee3p b\u1ec1n \u0111\u1eb9p, kh\u00f4ng&#8230;<\/p>\n","protected":false},"featured_media":11650,"comment_status":"open","ping_status":"closed","template":"","meta":[],"product_brand":[],"product_cat":[1019],"product_tag":[],"class_list":{"0":"post-11580","1":"product","2":"type-product","3":"status-publish","4":"has-post-thumbnail","6":"product_cat-ba-lo-nu","8":"first","9":"instock","10":"sale","11":"shipping-taxable","12":"purchasable","13":"product-type-variable"},"_links":{"self":[{"href":"https:\/\/web-ban-le.mbws.vn\/ba-lo-tui-vi\/wp-json\/wp\/v2\/product\/11580","targetHints":{"allow":["GET"]}}],"collection":[{"href":"https:\/\/web-ban-le.mbws.vn\/ba-lo-tui-vi\/wp-json\/wp\/v2\/product"}],"about":[{"href":"https:\/\/web-ban-le.mbws.vn\/ba-lo-tui-vi\/wp-json\/wp\/v2\/types\/product"}],"replies":[{"embeddable":true,"href":"https:\/\/web-ban-le.mbws.vn\/ba-lo-tui-vi\/wp-json\/wp\/v2\/comments?post=11580"}],"wp:featuredmedia":[{"embeddable":true,"href":"https:\/\/web-ban-le.mbws.vn\/ba-lo-tui-vi\/wp-json\/wp\/v2\/media\/11650"}],"wp:attachment":[{"href":"https:\/\/web-ban-le.mbws.vn\/ba-lo-tui-vi\/wp-json\/wp\/v2\/media?parent=11580"}],"wp:term":[{"taxonomy":"product_brand","embeddable":true,"href":"https:\/\/web-ban-le.mbws.vn\/ba-lo-tui-vi\/wp-json\/wp\/v2\/product_brand?post=11580"},{"taxonomy":"product_cat","embeddable":true,"href":"https:\/\/web-ban-le.mbws.vn\/ba-lo-tui-vi\/wp-json\/wp\/v2\/product_cat?post=11580"},{"taxonomy":"product_tag","embeddable":true,"href":"https:\/\/web-ban-le.mbws.vn\/ba-lo-tui-vi\/wp-json\/wp\/v2\/product_tag?post=11580"}],"curies":[{"name":"wp","href":"https:\/\/api.w.org\/{rel}","templated":true}]}}