{"id":11622,"date":"2025-10-24T10:17:35","date_gmt":"2025-10-24T03:17:35","guid":{"rendered":"https:\/\/web-ban-le.mbws.vn\/ba-lo-tui-vi\/?post_type=product&#038;p=11622"},"modified":"2025-10-24T10:18:16","modified_gmt":"2025-10-24T03:18:16","slug":"gia-tri-an-_tui-xach-hanama-nam-nu-thoi-trang-cao-cap-hn01-da-bag-tote-unisex-hai-mau-nau-den","status":"publish","type":"product","link":"https:\/\/web-ban-le.mbws.vn\/ba-lo-tui-vi\/san-pham\/gia-tri-an-_tui-xach-hanama-nam-nu-thoi-trang-cao-cap-hn01-da-bag-tote-unisex-hai-mau-nau-den\/","title":{"rendered":"[GI\u00c1 TRI \u00c2N] _T\u00fai x\u00e1ch Hanama nam n\u1eef th\u1eddi trang cao c\u1ea5p HN01 Da Bag Tote Unisex hai m\u00e0u n\u00e2u &#8211; \u0111en"},"content":{"rendered":"<div class=\"e8lZp3\">\n<p class=\"QN2lPu\">[GI\u00c1 TRI \u00c2N] _T\u00fai x\u00e1ch Hanama nam n\u1eef th\u1eddi trang cao c\u1ea5p HN01 Da Bag Tote Unisex hai m\u00e0u n\u00e2u &#8211; \u0111en<\/p>\n<p class=\"QN2lPu\">\n<p class=\"QN2lPu\">Th\u00f4ng s\u1ed1 s\u1ea3n ph\u1ea9m:<\/p>\n<p class=\"QN2lPu\">\n<p class=\"QN2lPu\">\u2022 M\u00e3 s\u1ea3n ph\u1ea9m : .HN01<\/p>\n<p class=\"QN2lPu\">\n<p class=\"QN2lPu\">\u2022 K\u00edch th\u01b0\u1edbc : mi\u1ec7ng t\u00fai 52cm x r\u1ed9ng \u0111\u00e1y t\u00fai 36cm x cao 32cm<\/p>\n<p class=\"QN2lPu\">\n<p class=\"QN2lPu\">\u2022 Xu\u1ea5t x\u1ee9:&nbsp;Thi\u1ebft k\u1ebf v\u00e0 sx t\u1ea1i H\u00e0 N\u1ed9i VN<\/p>\n<p class=\"QN2lPu\">\n<p class=\"QN2lPu\">\u2022 Ch\u1ea5t li\u1ec7u : Da PU t\u1ed5ng h\u1ee3p b\u1ec1n \u0111\u1eb9p, kh\u00f4ng th\u1ea5m n\u01b0\u1edbc, d\u1ec5 v\u1ec7 sinh.<\/p>\n<p class=\"QN2lPu\">\n<p class=\"QN2lPu\">\u2022 M\u00e0u s\u1eafc : \u0110en, N\u00e2u<\/p>\n<p class=\"QN2lPu\">\n<p class=\"QN2lPu\">\u2022 Ch\u1ea5t li\u1ec7u d\u00e2y \u0111eo: Da PU t\u1ed5ng h\u1ee3p<\/p>\n<p class=\"QN2lPu\">\n<p class=\"QN2lPu\">\u2022 Kh\u00f3a : Kh\u00f3a m\u1ea1 \u0111\u1ed3ng cao c\u1ea5p<\/p>\n<p class=\"QN2lPu\">\n<p class=\"QN2lPu\">\u2022 Ki\u1ec3u d\u00e1ng : TOTE size \u0111\u1ea1i<\/p>\n<p class=\"QN2lPu\">\n<p class=\"QN2lPu\">\u2022 Ph\u00f9 h\u1ee3p \u0111\u1ec3 s\u1eed d\u1ee5ng: \u0110i l\u00e0m, \u0111i h\u1ecdc, \u0111i ch\u01a1i. \u0111i du l\u1ecbch<\/p>\n<p class=\"QN2lPu\">\n<p class=\"QN2lPu\">\u2022 Th\u01b0\u01a1ng Hi\u1ec7u: Hanama<\/p>\n<p class=\"QN2lPu\">\n<p class=\"QN2lPu\">Thi\u1ebft k\u1ebf basic th\u00f4ng d\u1ee5ng v\u1edbi ng\u0103n ch\u00ednh \u0111\u1ec3 \u0111\u1ed3 r\u1ed9ng \u0111\u1ef1ng \u0111\u01b0\u1ee3c 4-5 b\u1ed9 qu\u1ea7n \u00e1o, chai n\u01b0\u1edbc su\u1ed1i nh\u1ecf, s\u00e1ch v\u1edf, d\u1ee5ng c\u1ee5 h\u1ecdc t\u1eadp, ph\u1ee5 ki\u1ec7n c\u00e1 nh\u00e2n, \u0111i\u1ec7n tho\u1ea1i v\u00e0 ph\u1ee5 ki\u1ec7n \u0111i\u1ec7n tho\u1ea1i. \u0110\u1ec3 \u0111\u01b0\u1ee3c laptop 16inch.Quai \u0111eo c\u1ea7m tay v\u00e0 \u0111eo vai ch\u1eafc ch\u1eafn, tr\u1ebb trung hi\u1ec7n \u0111\u1ea1i, c\u00f3 m\u00f3c th\u00e1o d\u1eddi v\u00e0 \u0111i\u1ec1u ch\u1ec9nh \u0111\u1ed9 ng\u1eafn d\u00e0i ph\u00f9 h\u1ee3p v\u1edbi nhi\u1ec1u outfit \u0111i l\u00e0m, \u0111i h\u1ecdc, \u0111i ch\u01a1i, du l\u1ecbch, cafe, mua s\u1eafm<\/p>\n<p class=\"QN2lPu\">\n<p class=\"QN2lPu\">V\u1ec1 Hanama<\/p>\n<p class=\"QN2lPu\">\n<p class=\"QN2lPu\">Hanama \u0111\u01b0\u1ee3c th\u00e0nh l\u1eadp n\u0103m 2014 b\u1edfi 2 thanh ni\u00ean tr\u1ebb tu\u1ed5i nhi\u1ec1u m\u1ed9ng m\u01a1 , v\u1edbi kh\u00e1t v\u1ecdng \u0111\u01b0a s\u1ea3n ph\u1ea9m make in vi\u1ec7t nam \u0111\u01b0\u1ee3c s\u1eed d\u1ee5ng r\u1ed9ng r\u00e3i trong n\u01b0\u1edbc v\u00e0 qu\u1ed1c t\u1ebf . \u0110\u1ebfn nay sau 10 n\u0103m th\u00e0nh l\u1eadp \u0111\u00e3 c\u00f3 tr\u00ean 1 tri\u1ec7u s\u1ea3n ph\u1ea9m \u0111\u01b0\u1ee3c \u0111\u1ebfn tay ng\u01b0\u1eddi ti\u00eau d\u00f9ng v\u00e0 nh\u1eadn v\u1ec1 nh\u1eefng ph\u1ea3n h\u1ed3i t\u00edch c\u1ef1c , Hanama r\u1ea5t mong ti\u1ebfp t\u1ee5c nh\u1eadn \u0111\u01b0\u1ee3c s\u1ef1 tin t\u01b0\u1edfng v\u00e0 \u0111\u00f3ng g\u00f3p t\u1eeb qu\u00fd kh\u00e1ch h\u00e0ng \u0111\u1ec3 Hanama ng\u00e0y c\u00e0ng \u0111\u01b0\u1ee3c bi\u1ebft \u0111\u1ebfn r\u1ed9ng r\u00e3i.<\/p>\n<p class=\"QN2lPu\">\n<\/div>\n","protected":false},"excerpt":{"rendered":"[GI\u00c1 TRI \u00c2N] _T\u00fai x\u00e1ch Hanama nam n\u1eef th\u1eddi trang cao c\u1ea5p HN01 Da Bag Tote Unisex hai m\u00e0u n\u00e2u &#8211; \u0111en Th\u00f4ng s\u1ed1 s\u1ea3n ph\u1ea9m: \u2022 M\u00e3 s\u1ea3n ph\u1ea9m : .HN01 \u2022 K\u00edch th\u01b0\u1edbc : mi\u1ec7ng t\u00fai 52cm x r\u1ed9ng \u0111\u00e1y t\u00fai 36cm x cao 32cm \u2022 Xu\u1ea5t x\u1ee9:&nbsp;Thi\u1ebft k\u1ebf v\u00e0 sx t\u1ea1i H\u00e0&#8230;<\/p>\n","protected":false},"featured_media":11686,"comment_status":"open","ping_status":"closed","template":"","meta":[],"product_brand":[],"product_cat":[1023],"product_tag":[],"class_list":{"0":"post-11622","1":"product","2":"type-product","3":"status-publish","4":"has-post-thumbnail","6":"product_cat-tui-tote","8":"first","9":"instock","10":"sale","11":"shipping-taxable","12":"purchasable","13":"product-type-variable"},"_links":{"self":[{"href":"https:\/\/web-ban-le.mbws.vn\/ba-lo-tui-vi\/wp-json\/wp\/v2\/product\/11622","targetHints":{"allow":["GET"]}}],"collection":[{"href":"https:\/\/web-ban-le.mbws.vn\/ba-lo-tui-vi\/wp-json\/wp\/v2\/product"}],"about":[{"href":"https:\/\/web-ban-le.mbws.vn\/ba-lo-tui-vi\/wp-json\/wp\/v2\/types\/product"}],"replies":[{"embeddable":true,"href":"https:\/\/web-ban-le.mbws.vn\/ba-lo-tui-vi\/wp-json\/wp\/v2\/comments?post=11622"}],"wp:featuredmedia":[{"embeddable":true,"href":"https:\/\/web-ban-le.mbws.vn\/ba-lo-tui-vi\/wp-json\/wp\/v2\/media\/11686"}],"wp:attachment":[{"href":"https:\/\/web-ban-le.mbws.vn\/ba-lo-tui-vi\/wp-json\/wp\/v2\/media?parent=11622"}],"wp:term":[{"taxonomy":"product_brand","embeddable":true,"href":"https:\/\/web-ban-le.mbws.vn\/ba-lo-tui-vi\/wp-json\/wp\/v2\/product_brand?post=11622"},{"taxonomy":"product_cat","embeddable":true,"href":"https:\/\/web-ban-le.mbws.vn\/ba-lo-tui-vi\/wp-json\/wp\/v2\/product_cat?post=11622"},{"taxonomy":"product_tag","embeddable":true,"href":"https:\/\/web-ban-le.mbws.vn\/ba-lo-tui-vi\/wp-json\/wp\/v2\/product_tag?post=11622"}],"curies":[{"name":"wp","href":"https:\/\/api.w.org\/{rel}","templated":true}]}}