{"id":11623,"date":"2025-10-24T10:17:35","date_gmt":"2025-10-24T03:17:35","guid":{"rendered":"https:\/\/web-ban-le.mbws.vn\/ba-lo-tui-vi\/?post_type=product&#038;p=11623"},"modified":"2025-10-31T10:26:39","modified_gmt":"2025-10-31T03:26:39","slug":"tui-deo-cheo-thoi-trang-hn-phoi-mau-nau-den-va-den-hera-11-khoa-ma-dong-cao-cap-chong-xuoc","status":"publish","type":"product","link":"https:\/\/web-ban-le.mbws.vn\/ba-lo-tui-vi\/san-pham\/tui-deo-cheo-thoi-trang-hn-phoi-mau-nau-den-va-den-hera-11-khoa-ma-dong-cao-cap-chong-xuoc\/","title":{"rendered":"T\u00fai \u0111eo ch\u00e9o th\u1eddi trang HN ph\u1ed1i m\u1ea7u N\u00e2u &#8211; \u0110en v\u00e0 \u0110en Hera 11 Kh\u00f3a m\u1ea1 \u0111\u1ed3ng cao c\u1ea5p ch\u1ed1ng x\u01b0\u1edbc"},"content":{"rendered":"<div class=\"e8lZp3\">\n<p class=\"QN2lPu\">(G\u00eda m\u1edf b\u00e1n) T\u00fai \u0111eo ch\u00e9o th\u1eddi trang HN ph\u1ed1i m\u1ea7u N\u00e2u &#8211; \u0110en v\u00e0 \u0110en Hera 11 Kh\u00f3a m\u1ea1 \u0111\u1ed3ng cao c\u1ea5p ch\u1ed1ng x\u01b0\u1edbc<\/p>\n<p class=\"QN2lPu\">\n<p class=\"QN2lPu\">1.Th\u00f4ng s\u1ed1 s\u1ea3n ph\u1ea9m:<\/p>\n<p class=\"QN2lPu\">\n<p class=\"QN2lPu\">\u2022 M\u00e3 s\u1ea3n ph\u1ea9m : Hera 11<\/p>\n<p class=\"QN2lPu\">\n<p class=\"QN2lPu\">\u2022 K\u00edch th\u01b0\u1edbc : \u0110\u00e1y d\u01b0\u1edbi 16 cm, mi\u1ec7ng t\u00fai 22cm, cao 15cm, d\u00e0y 10cm<\/p>\n<p class=\"QN2lPu\">\n<p class=\"QN2lPu\">\u2022 Ch\u1ea5t li\u1ec7u : Da PU t\u1ed5ng h\u1ee3p b\u1ec1n \u0111\u1eb9p, kh\u00f4ng th\u1ea5m n\u01b0\u1edbc, d\u1ec5 v\u1ec7 sinh.<\/p>\n<p class=\"QN2lPu\">\n<p class=\"QN2lPu\">\u2022 M\u00e0u s\u1eafc : \u0110en, N\u00e2u ph\u1ed1i \u0110en<\/p>\n<p class=\"QN2lPu\">\n<p class=\"QN2lPu\">\u2022 Ch\u1ea5t li\u1ec7u d\u00e2y \u0111eo: Da PU t\u1ed5ng h\u1ee3p<\/p>\n<p class=\"QN2lPu\">\n<p class=\"QN2lPu\">\u2022 Kh\u00f3a : Kh\u00f3a m\u1ea1 \u0111\u1ed3ng cao c\u1ea5p<\/p>\n<p class=\"QN2lPu\">\n<p class=\"QN2lPu\">\u2022 Ki\u1ec3u d\u00e1ng : Ph\u1ee5 ki\u1ec7n m\u00e1y t\u00ednh\/Balo \u0111\u1ef1ng laptop<\/p>\n<p class=\"QN2lPu\">\n<p class=\"QN2lPu\">\u2022 Ph\u00f9 h\u1ee3p \u0111\u1ec3 s\u1eed d\u1ee5ng: \u0110i l\u00e0m, \u0111i h\u1ecdc, \u0111i ch\u01a1i<\/p>\n<p class=\"QN2lPu\">\n<p class=\"QN2lPu\">2.Chi ti\u1ebft s\u1ea3n ph\u1ea9m:<\/p>\n<p class=\"QN2lPu\">\n<p class=\"QN2lPu\">hera 11 \u0111\u01b0\u1ee3c thi\u1ebft k\u1ebf t\u1ec9 m\u1ec9 t\u1eeb di\u1ec7n m\u1ea1o b\u00ean ngo\u00e0i c\u00f3 n\u1eafp h\u00fat nam ch\u00e2m xinh x\u1eafn, tr\u1ebb trung, \u0111\u00e1y \u0111\u01b0\u1ee3c thi\u1ebft k\u1ebf ch\u00e2n t\u00fai b\u1ea3o v\u1ec7 da d\u00e1y t\u00fai khi s\u1eed d\u1ee5ng,<\/p>\n<p class=\"QN2lPu\">\n<p class=\"QN2lPu\">Ng\u0103n ch\u00ednh to r\u1ed9ng \u0111\u1ec3 ph\u1ee5 ki\u1ec7n c\u00e1 nh\u00e2n, ch\u1ed1ng s\u1ed1c 3 m\u1eb7t y\u00ean t\u00e2m khi \u0111\u1ec3 \u0111i\u1ec7n tho\u1ea1i, \u0111\u1ed3 \u0111i\u1ec7n t\u1eed, <\/p>\n<p class=\"QN2lPu\">\n<p class=\"QN2lPu\">Ng\u0103n ph\u1ee5 nh\u1ecf ph\u00eda trong ng\u0103n ch\u00ednh \u0111\u1ec3 th\u1ebb xe, ch\u00eca kh\u00f3a, th\u1ebb ng\u00e2n h\u00e0ng<\/p>\n<p class=\"QN2lPu\">\n<p class=\"QN2lPu\">C\u00f3 d\u00e2y quai c\u1ea7m tay ch\u1eafc ch\u1eafn v\u00e0 d\u00e2y \u0111eo vai c\u00f3 th\u1ec3 th\u00e1o d\u1eddi ti\u1ec7n d\u1ee5ng.<\/p>\n<p class=\"QN2lPu\">\n<p class=\"QN2lPu\">3.L\u01b0u \u00fd:<\/p>\n<p class=\"QN2lPu\">\n<p class=\"QN2lPu\">S\u1ea3n ph\u1ea9m nh\u1eadn v\u1ec1 c\u00f3 th\u1ec3 s\u1ebd c\u00f3 sai s\u1ed1 1-2 % do Hanama s\u1ea3n xu\u1ea5t th\u1ee7 c\u00f4ng trong n\u01b0\u1edbc.<\/p>\n<p class=\"QN2lPu\">\n<p class=\"QN2lPu\">M\u00e0u s\u1eafc c\u0169ng c\u00f3 th\u1ec3 s\u1ebd kh\u00e1c m\u1ed9t \u0111\u00f4i ch\u00fat do g\u00f3c nh\u00ecn hay \u0111\u1ed9 s\u00e1ng c\u1ee7a m\u00e0n h\u00ecnh.<\/p>\n<p class=\"QN2lPu\">\n<p class=\"QN2lPu\">Th\u00f4ng Tin b\u1ea3o h\u00e0nh:<\/p>\n<p class=\"QN2lPu\">\n<p class=\"QN2lPu\">S\u1ea3n ph\u1ea9m \u0111\u01b0\u1ee3c b\u1ea3o h\u00e0nh t\u1eeb Hanama trong 6 th\u00e1ng \u0111\u1ed5i m\u1edbi n\u1ebfu bong n\u1ed5 da, c\u00f2n nh\u1eefng tr\u01b0\u1eddng h\u1ee3p kh\u00e1c s\u1ebd s\u1eeda ch\u1eefa mi\u1ec5n ph\u00ed.<\/p>\n<p class=\"QN2lPu\">\n<p class=\"QN2lPu\">Hanama lu\u00f4n h\u01b0\u1edbng \u0111\u1ebfn c\u1ea3m nh\u1eadn c\u1ee7a kh\u00e1ch h\u00e0ng, n\u00ean m\u1ecdi \u00fd ki\u1ebfn \u0111\u00f3ng g\u00f3p \u0111\u1ec1u \u0111\u01b0\u1ee3c Hanama ghi nh\u1eadn v\u00e0 c\u1ea3i ti\u1ebfn ngay l\u1eadp t\u1ee9c, Hanama lu\u00f4n mong nh\u1eadn \u0111\u01b0\u1ee3c nh\u1eefng \u00fd ki\u1ebfn \u0111\u00f3ng g\u00f3p c\u1ee7a qu\u00fd kh\u00e1ch h\u00e0ng.<\/p>\n<p class=\"QN2lPu\">\n<\/div>\n","protected":false},"excerpt":{"rendered":"<p>(G\u00eda m\u1edf b\u00e1n) T\u00fai \u0111eo ch\u00e9o th\u1eddi trang HN ph\u1ed1i m\u1ea7u N\u00e2u &#8211; \u0110en v\u00e0 \u0110en Hera 11 Kh\u00f3a m\u1ea1 \u0111\u1ed3ng cao c\u1ea5p ch\u1ed1ng x\u01b0\u1edbc 1.Th\u00f4ng s\u1ed1 s\u1ea3n ph\u1ea9m: \u2022 M\u00e3 s\u1ea3n ph\u1ea9m : Hera 11 \u2022 K\u00edch th\u01b0\u1edbc : \u0110\u00e1y d\u01b0\u1edbi 16 cm, mi\u1ec7ng t\u00fai 22cm, cao 15cm, d\u00e0y 10cm \u2022 Ch\u1ea5t li\u1ec7u :&#8230;<\/p>\n","protected":false},"featured_media":11695,"comment_status":"open","ping_status":"closed","template":"","meta":[],"product_brand":[],"product_cat":[1018],"product_tag":[],"class_list":{"0":"post-11623","1":"product","2":"type-product","3":"status-publish","4":"has-post-thumbnail","6":"product_cat-tui-deo-cheo-tui-deo-vai","8":"first","9":"instock","10":"sale","11":"featured","12":"shipping-taxable","13":"purchasable","14":"product-type-variable"},"_links":{"self":[{"href":"https:\/\/web-ban-le.mbws.vn\/ba-lo-tui-vi\/wp-json\/wp\/v2\/product\/11623","targetHints":{"allow":["GET"]}}],"collection":[{"href":"https:\/\/web-ban-le.mbws.vn\/ba-lo-tui-vi\/wp-json\/wp\/v2\/product"}],"about":[{"href":"https:\/\/web-ban-le.mbws.vn\/ba-lo-tui-vi\/wp-json\/wp\/v2\/types\/product"}],"replies":[{"embeddable":true,"href":"https:\/\/web-ban-le.mbws.vn\/ba-lo-tui-vi\/wp-json\/wp\/v2\/comments?post=11623"}],"wp:featuredmedia":[{"embeddable":true,"href":"https:\/\/web-ban-le.mbws.vn\/ba-lo-tui-vi\/wp-json\/wp\/v2\/media\/11695"}],"wp:attachment":[{"href":"https:\/\/web-ban-le.mbws.vn\/ba-lo-tui-vi\/wp-json\/wp\/v2\/media?parent=11623"}],"wp:term":[{"taxonomy":"product_brand","embeddable":true,"href":"https:\/\/web-ban-le.mbws.vn\/ba-lo-tui-vi\/wp-json\/wp\/v2\/product_brand?post=11623"},{"taxonomy":"product_cat","embeddable":true,"href":"https:\/\/web-ban-le.mbws.vn\/ba-lo-tui-vi\/wp-json\/wp\/v2\/product_cat?post=11623"},{"taxonomy":"product_tag","embeddable":true,"href":"https:\/\/web-ban-le.mbws.vn\/ba-lo-tui-vi\/wp-json\/wp\/v2\/product_tag?post=11623"}],"curies":[{"name":"wp","href":"https:\/\/api.w.org\/{rel}","templated":true}]}}