{"id":13711,"date":"2025-10-23T13:53:58","date_gmt":"2025-10-23T06:53:58","guid":{"rendered":"https:\/\/web-ban-le.mbws.vn\/dien-thoai-su-kien\/?post_type=product&#038;p=13711"},"modified":"2025-11-05T09:01:05","modified_gmt":"2025-11-05T02:01:05","slug":"dien-thoai-apple-iphone-13-128gb","status":"publish","type":"product","link":"https:\/\/web-ban-le.mbws.vn\/dien-thoai-su-kien\/san-pham\/dien-thoai-apple-iphone-13-128gb\/","title":{"rendered":"\u0110i\u1ec7n tho\u1ea1i Apple iPhone 13 128GB"},"content":{"rendered":"<div class=\"e8lZp3\">\n<p class=\"QN2lPu\">Th\u00f4ng s\u1ed1 k\u1ef9 thu\u1eadt:<\/p>\n<p class=\"QN2lPu\">M\u00e0n h\u00ecnh: OLED6.1&#8243;Super Retina XDR<\/p>\n<p class=\"QN2lPu\">H\u1ec7 \u0111i\u1ec1u h\u00e0nh: iOS 15<\/p>\n<p class=\"QN2lPu\">Camera sau: 2 camera 12 MP<\/p>\n<p class=\"QN2lPu\">Camera tr\u01b0\u1edbc: 12 MP<\/p>\n<p class=\"QN2lPu\">Chip: Apple A15 Bionic<\/p>\n<p class=\"QN2lPu\">RAM: 4 GB<\/p>\n<p class=\"QN2lPu\">B\u1ed9 nh\u1edb trong: 128 GB<\/p>\n<p class=\"QN2lPu\">SIM: 1 Nano SIM &amp; 1 eSIMH\u1ed7 tr\u1ee3 5G<\/p>\n<p class=\"QN2lPu\">Pin, S\u1ea1c: 20 W<\/p>\n<p class=\"QN2lPu\">\n<p class=\"QN2lPu\">B\u1ed9 s\u1ea3n ph\u1ea9m bao g\u1ed3m: th\u00e2n m\u00e1y, s\u00e1ch h\u01b0\u1edbng d\u1eabn,&#8230;<\/p>\n<p class=\"QN2lPu\">\n<p class=\"QN2lPu\">Th\u00f4ng tin b\u1ea3o h\u00e0nh<\/p>\n<p class=\"QN2lPu\">B\u1ea3o h\u00e0nh: 12 th\u00e1ng k\u1ec3 t\u1eeb ng\u00e0y k\u00edch ho\u1ea1t s\u1ea3n ph\u1ea9m.<\/p>\n<p class=\"QN2lPu\">K\u00edch ho\u1ea1t b\u1ea3o h\u00e0nh t\u1ea1i: https:\/\/checkcoverage.apple.com\/vn\/en\/<\/p>\n<p class=\"QN2lPu\">\n<p class=\"QN2lPu\">H\u01b0\u1edbng d\u1eabn ki\u1ec3m tra \u0111\u1ecba \u0111i\u1ec3m b\u1ea3o h\u00e0nh g\u1ea7n nh\u1ea5t:<\/p>\n<p class=\"QN2lPu\">B\u01b0\u1edbc 1: Truy c\u1eadp v\u00e0o \u0111\u01b0\u1eddng link https:\/\/getsupport.apple.com\/?caller=grl&amp;locale=en_VN <\/p>\n<p class=\"QN2lPu\">B\u01b0\u1edbc 2: Ch\u1ecdn s\u1ea3n ph\u1ea9m.<\/p>\n<p class=\"QN2lPu\">B\u01b0\u1edbc 3: \u0110i\u1ec1n Apple ID, nh\u1eadp m\u1eadt kh\u1ea9u.<\/p>\n<p class=\"QN2lPu\">Sau khi ho\u00e0n t\u1ea5t, h\u1ec7 th\u1ed1ng s\u1ebd g\u1ee3i \u00fd nh\u1eefng trung t\u00e2m b\u1ea3o h\u00e0nh g\u1ea7n nh\u1ea5t.<\/p>\n<p class=\"QN2lPu\">\n<p class=\"QN2lPu\">T\u1ea1i Vi\u1ec7t Nam, v\u1ec1 ch\u00ednh s\u00e1ch b\u1ea3o h\u00e0nh v\u00e0 \u0111\u1ed5i tr\u1ea3 c\u1ee7a Apple, &#8220;s\u1ebd \u0111\u01b0\u1ee3c \u00e1p d\u1ee5ng chung&#8221; theo c\u00e1c \u0111i\u1ec1u kho\u1ea3n \u0111\u01b0\u1ee3c li\u1ec7t k\u00ea d\u01b0\u1edbi \u0111\u00e2y:<\/p>\n<p class=\"QN2lPu\">\n<p class=\"QN2lPu\">1) Ch\u00ednh s\u00e1ch chung: https:\/\/www.apple.com\/legal\/warranty\/products\/warranty-rest-of-apac-vietnamese.html<\/p>\n<p class=\"QN2lPu\">\n<p class=\"QN2lPu\">2) Ch\u00ednh s\u00e1ch cho ph\u1ee5 ki\u1ec7n: https:\/\/www.apple.com\/legal\/warranty\/products\/accessory-warranty-vietnam.html<\/p>\n<p class=\"QN2lPu\">\n<p class=\"QN2lPu\">3) C\u00e1c trung t\u00e2m b\u1ea3o h\u00e0nh Apple \u1ee7y quy\u1ec1n t\u1ea1i Vi\u1ec7t Nam: https:\/\/getsupport.apple.com\/repair-locations?locale=vi_VN<\/p>\n<p class=\"QN2lPu\">\n<p class=\"QN2lPu\">Q\u00fay kh\u00e1ch vui l\u00f2ng \u0111\u1ecdc k\u1ef9 h\u01b0\u1edbng d\u1eabn v\u00e0 quy \u0111\u1ecbnh tr\u00ean c\u00e1c trang \u0111\u01b0\u1ee3c Apple c\u00f4ng b\u1ed1 c\u00f4ng khai, Shop ch\u1ec9 c\u00f3 th\u1ec3 h\u1ed7 tr\u1ee3 theo \u0111\u00fang ch\u00ednh s\u00e1ch \u0111\u01b0\u1ee3c \u0111\u0103ng c\u00f4ng khai c\u1ee7a th\u01b0\u01a1ng hi\u1ec7u Apple t\u1ea1i Vi\u1ec7t Nam,<\/p>\n<p class=\"QN2lPu\">\n<p class=\"QN2lPu\">B\u00e0i vi\u1ebft tham kh\u1ea3o ch\u00ednh s\u00e1ch h\u1ed7 tr\u1ee3 c\u1ee7a nh\u00e0 ph\u00e2n ph\u1ed1i ti\u00eau bi\u1ec3u:<\/p>\n<p class=\"QN2lPu\">\n<p class=\"QN2lPu\">\n<blockquote class=\"wp-embedded-content\" data-secret=\"0A0SEViv3E\"><p><a href=\"https:\/\/synnexfpt.com\/bao-hanh\/chinh-sach-bao-hanh\/\">Ch\u00ednh s\u00e1ch b\u1ea3o h\u00e0nh<\/a><\/p><\/blockquote>\n<p><iframe loading=\"lazy\" class=\"wp-embedded-content\" sandbox=\"allow-scripts\" security=\"restricted\" style=\"position: absolute; visibility: hidden;\" title=\"&#8220;Ch\u00ednh s\u00e1ch b\u1ea3o h\u00e0nh&#8221; &#8212; Synnex FPT\" src=\"https:\/\/synnexfpt.com\/bao-hanh\/chinh-sach-bao-hanh\/embed\/#?secret=0A0SEViv3E\" data-secret=\"0A0SEViv3E\" width=\"600\" height=\"338\" frameborder=\"0\" marginwidth=\"0\" marginheight=\"0\" scrolling=\"no\"><\/iframe><\/p>\n<p class=\"QN2lPu\">\n<p class=\"QN2lPu\">&nbsp;\u0110\u1ec3 thu\u1eadn ti\u1ec7n h\u01a1n trong vi\u1ec7c x\u1eed l\u00fd khi\u1ebfu n\u1ea1i, \u0111\u01a1n h\u00e0ng c\u1ee7a Brand Apple th\u01b0\u1eddng c\u00f3 gi\u00e1 tr\u1ecb cao, Q\u00fay kh\u00e1ch mua h\u00e0ng vui l\u00f2ng quay l\u1ea1i Clip khui m\u1edf ki\u1ec7n h\u00e0ng (kh\u00e1ch quan nh\u1ea5t c\u00f3 th\u1ec3, \u0111\u1ee7 6 m\u1eb7t) gi\u00fap Shopee c\u00f3 th\u00eam c\u0103n c\u1ee9 \u0111\u1ec3 l\u00e0m vi\u1ec7c v\u1edbi c\u00e1c b\u00ean v\u00e0 \u0111\u1ea9y nhanh ti\u1ebfn \u0111\u1ed9 x\u1eed l\u00fd gi\u00fap Q\u00fay kh\u00e1ch mua h\u00e0ng.<\/p>\n<\/div>\n","protected":false},"excerpt":{"rendered":"<p>Th\u00f4ng s\u1ed1 k\u1ef9 thu\u1eadt: M\u00e0n h\u00ecnh: OLED6.1&#8243;Super Retina XDR H\u1ec7 \u0111i\u1ec1u h\u00e0nh: iOS 15 Camera sau: 2 camera 12 MP Camera tr\u01b0\u1edbc: 12 MP Chip: Apple A15 Bionic RAM: 4 GB B\u1ed9 nh\u1edb trong: 128 GB SIM: 1 Nano SIM &amp; 1 eSIMH\u1ed7 tr\u1ee3 5G Pin, S\u1ea1c: 20 W B\u1ed9 s\u1ea3n ph\u1ea9m bao g\u1ed3m: th\u00e2n&#8230;<\/p>\n","protected":false},"featured_media":13741,"comment_status":"open","ping_status":"closed","template":"","meta":[],"product_brand":[],"product_cat":[1212],"product_tag":[],"class_list":{"0":"post-13711","1":"product","2":"type-product","3":"status-publish","4":"has-post-thumbnail","6":"product_cat-apple","8":"first","9":"instock","10":"sale","11":"featured","12":"shipping-taxable","13":"purchasable","14":"product-type-variable"},"_links":{"self":[{"href":"https:\/\/web-ban-le.mbws.vn\/dien-thoai-su-kien\/wp-json\/wp\/v2\/product\/13711","targetHints":{"allow":["GET"]}}],"collection":[{"href":"https:\/\/web-ban-le.mbws.vn\/dien-thoai-su-kien\/wp-json\/wp\/v2\/product"}],"about":[{"href":"https:\/\/web-ban-le.mbws.vn\/dien-thoai-su-kien\/wp-json\/wp\/v2\/types\/product"}],"replies":[{"embeddable":true,"href":"https:\/\/web-ban-le.mbws.vn\/dien-thoai-su-kien\/wp-json\/wp\/v2\/comments?post=13711"}],"wp:featuredmedia":[{"embeddable":true,"href":"https:\/\/web-ban-le.mbws.vn\/dien-thoai-su-kien\/wp-json\/wp\/v2\/media\/13741"}],"wp:attachment":[{"href":"https:\/\/web-ban-le.mbws.vn\/dien-thoai-su-kien\/wp-json\/wp\/v2\/media?parent=13711"}],"wp:term":[{"taxonomy":"product_brand","embeddable":true,"href":"https:\/\/web-ban-le.mbws.vn\/dien-thoai-su-kien\/wp-json\/wp\/v2\/product_brand?post=13711"},{"taxonomy":"product_cat","embeddable":true,"href":"https:\/\/web-ban-le.mbws.vn\/dien-thoai-su-kien\/wp-json\/wp\/v2\/product_cat?post=13711"},{"taxonomy":"product_tag","embeddable":true,"href":"https:\/\/web-ban-le.mbws.vn\/dien-thoai-su-kien\/wp-json\/wp\/v2\/product_tag?post=13711"}],"curies":[{"name":"wp","href":"https:\/\/api.w.org\/{rel}","templated":true}]}}