{"id":13775,"date":"2025-10-23T13:54:21","date_gmt":"2025-10-23T06:54:21","guid":{"rendered":"https:\/\/web-ban-le.mbws.vn\/dien-thoai-su-kien\/?post_type=product&#038;p=13775"},"modified":"2025-11-05T09:01:04","modified_gmt":"2025-11-05T02:01:04","slug":"dien-thoai-apple-iphone-14-128gb","status":"publish","type":"product","link":"https:\/\/web-ban-le.mbws.vn\/dien-thoai-su-kien\/san-pham\/dien-thoai-apple-iphone-14-128gb\/","title":{"rendered":"\u0110i\u1ec7n tho\u1ea1i Apple iPhone 14 128GB"},"content":{"rendered":"<div class=\"e8lZp3\">\n<p class=\"QN2lPu\">iPhone 14. V\u1edbi h\u1ec7 th\u1ed1ng camera k\u00e9p ti\u00ean ti\u1ebfn nh\u1ea5t t\u1eebng c\u00f3 tr\u00ean iPhone. Ch\u1ee5p nh\u1eefng b\u1ee9c \u1ea3nh tuy\u1ec7t \u0111\u1eb9p trong \u0111i\u1ec1u ki\u1ec7n t\u1eeb thi\u1ebfu s\u00e1ng \u0111\u1ebfn d\u01b0 s\u00e1ng. Ph\u00e1t hi\u1ec7n Va Ch\u1ea1m,1 m\u1ed9t t\u00ednh n\u0103ng an to\u00e0n m\u1edbi, thay b\u1ea1n g\u1ecdi tr\u1ee3 gi\u00fap khi c\u1ea7n k\u00edp.<\/p>\n<p class=\"QN2lPu\">\n<p class=\"QN2lPu\">T\u00ednh n\u0103ng n\u1ed5i b\u1eadt<\/p>\n<p class=\"QN2lPu\">\u2022        M\u00e0n h\u00ecnh Super Retina XDR 6,1 inch2<\/p>\n<p class=\"QN2lPu\">\u2022        H\u1ec7 th\u1ed1ng camera ti\u00ean ti\u1ebfn cho ch\u1ea5t l\u01b0\u1ee3ng \u1ea3nh \u0111\u1eb9p h\u01a1n trong m\u1ecdi \u0111i\u1ec1u ki\u1ec7n \u00e1nh s\u00e1ng<\/p>\n<p class=\"QN2lPu\">\u2022        Ch\u1ebf \u0111\u1ed9 \u0110i\u1ec7n \u1ea2nh nay \u0111\u00e3 h\u1ed7 tr\u1ee3 4K Dolby Vision t\u1ed1c \u0111\u1ed9 l\u00ean \u0111\u1ebfn 30 fps<\/p>\n<p class=\"QN2lPu\">\u2022        Ch\u1ebf \u0111\u1ed9 H\u00e0nh \u0110\u1ed9ng \u0111\u1ec3 quay video c\u1ea7m tay m\u01b0\u1ee3t m\u00e0, \u1ed5n \u0111\u1ecbnh<\/p>\n<p class=\"QN2lPu\">\u2022        C\u00f4ng ngh\u1ec7 an to\u00e0n quan tr\u1ecdng &#8211; Ph\u00e1t Hi\u1ec7n Va Ch\u1ea1m1 thay b\u1ea1n g\u1ecdi tr\u1ee3 gi\u00fap khi c\u1ea7n k\u00edp<\/p>\n<p class=\"QN2lPu\">\u2022        Th\u1eddi l\u01b0\u1ee3ng pin c\u1ea3 ng\u00e0y v\u00e0 th\u1eddi gian xem video l\u00ean \u0111\u1ebfn 20 gi\u1edd3<\/p>\n<p class=\"QN2lPu\">\u2022        Chip A15 Bionic v\u1edbi GPU 5 l\u00f5i \u0111\u1ec3 \u0111\u1ea1t hi\u1ec7u su\u1ea5t si\u00eau nhanh. M\u1ea1ng di \u0111\u1ed9ng 5G si\u00eau nhanh4<\/p>\n<p class=\"QN2lPu\">\u2022        C\u00e1c t\u00ednh n\u0103ng v\u1ec1 \u0111\u1ed9 b\u1ec1n d\u1eabn \u0111\u1ea7u nh\u01b0 Ceramic Shield v\u00e0 kh\u1ea3 n\u0103ng ch\u1ed1ng n\u01b0\u1edbc5<\/p>\n<p class=\"QN2lPu\">\u2022        iOS 16 \u0111em \u0111\u1ebfn th\u00eam nhi\u1ec1u c\u00e1ch \u0111\u1ec3 c\u00e1 nh\u00e2n h\u00f3a, giao ti\u1ebfp v\u00e0 chia s\u1ebb6<\/p>\n<p class=\"QN2lPu\">\n<p class=\"QN2lPu\">Ph\u00e1p l\u00fd<\/p>\n<p class=\"QN2lPu\">1SOS Kh\u1ea9n C\u1ea5p s\u1eed d\u1ee5ng k\u1ebft n\u1ed1i m\u1ea1ng di \u0111\u1ed9ng ho\u1eb7c Cu\u1ed9c G\u1ecdi Wi-Fi.<\/p>\n<p class=\"QN2lPu\">2M\u00e0n h\u00ecnh c\u00f3 c\u00e1c g\u00f3c bo tr\u00f2n. Khi t\u00ednh theo h\u00ecnh ch\u1eef nh\u1eadt chu\u1ea9n, k\u00edch th\u01b0\u1edbc m\u00e0n h\u00ecnh theo \u0111\u01b0\u1eddng ch\u00e9o l\u00e0 6,06 inch. Di\u1ec7n t\u00edch hi\u1ec3n th\u1ecb th\u1ef1c t\u1ebf nh\u1ecf h\u01a1n.<\/p>\n<p class=\"QN2lPu\">3Th\u1eddi l\u01b0\u1ee3ng pin kh\u00e1c nhau t\u00f9y theo c\u00e1ch s\u1eed d\u1ee5ng v\u00e0 c\u1ea5u h\u00ecnh; truy c\u1eadp apple.com\/batteries \u0111\u1ec3 bi\u1ebft th\u00eam th\u00f4ng tin.<\/p>\n<p class=\"QN2lPu\">4C\u1ea7n c\u00f3 g\u00f3i c\u01b0\u1edbc d\u1eef li\u1ec7u. M\u1ea1ng 5G ch\u1ec9 kh\u1ea3 d\u1ee5ng \u1edf m\u1ed9t s\u1ed1 th\u1ecb tr\u01b0\u1eddng v\u00e0 \u0111\u01b0\u1ee3c cung c\u1ea5p qua m\u1ed9t s\u1ed1 nh\u00e0 m\u1ea1ng. T\u1ed1c \u0111\u1ed9 c\u00f3 th\u1ec3 thay \u0111\u1ed5i t\u00f9y \u0111\u1ecba \u0111i\u1ec3m v\u00e0 nh\u00e0 m\u1ea1ng. \u0110\u1ec3 bi\u1ebft th\u00f4ng tin v\u1ec1 h\u1ed7 tr\u1ee3 m\u1ea1ng 5G, vui l\u00f2ng li\u00ean h\u1ec7 nh\u00e0 m\u1ea1ng v\u00e0 truy c\u1eadp apple.com\/iphone\/cellular.<\/p>\n<p class=\"QN2lPu\">5iPhone 14 c\u00f3 kh\u1ea3 n\u0103ng ch\u1ed1ng tia n\u01b0\u1edbc, ch\u1ed1ng n\u01b0\u1edbc v\u00e0 ch\u1ed1ng b\u1ee5i. S\u1ea3n ph\u1ea9m \u0111\u00e3 qua ki\u1ec3m nghi\u1ec7m trong \u0111i\u1ec1u ki\u1ec7n ph\u00f2ng th\u00ed nghi\u1ec7m c\u00f3 ki\u1ec3m so\u00e1t \u0111\u1ea1t m\u1ee9c IP68 theo ti\u00eau chu\u1ea9n IEC 60529 (ch\u1ed1ng n\u01b0\u1edbc \u1edf \u0111\u1ed9 s\u00e2u t\u1ed1i \u0111a 6 m\u00e9t trong v\u00f2ng t\u1ed1i \u0111a 30 ph\u00fat). Kh\u1ea3 n\u0103ng ch\u1ed1ng tia n\u01b0\u1edbc, ch\u1ed1ng n\u01b0\u1edbc v\u00e0 ch\u1ed1ng b\u1ee5i kh\u00f4ng ph\u1ea3i l\u00e0 c\u00e1c \u0111i\u1ec1u ki\u1ec7n v\u0129nh vi\u1ec5n. Kh\u1ea3 n\u0103ng n\u00e0y c\u00f3 th\u1ec3 gi\u1ea3m do hao m\u00f2n th\u00f4ng th\u01b0\u1eddng. Kh\u00f4ng s\u1ea1c pin khi iPhone \u0111ang b\u1ecb \u01b0\u1edbt. Vui l\u00f2ng tham kh\u1ea3o h\u01b0\u1edbng d\u1eabn s\u1eed d\u1ee5ng \u0111\u1ec3 bi\u1ebft c\u00e1ch lau s\u1ea1ch v\u00e0 l\u00e0m kh\u00f4 m\u00e1y. Kh\u00f4ng b\u1ea3o h\u00e0nh s\u1ea3n ph\u1ea9m b\u1ecb h\u1ecfng do th\u1ea5m ch\u1ea5t l\u1ecfng. <\/p>\n<p class=\"QN2lPu\">6M\u1ed9t s\u1ed1 t\u00ednh n\u0103ng kh\u00f4ng kh\u1ea3 d\u1ee5ng t\u1ea1i m\u1ed9t s\u1ed1 qu\u1ed1c gia ho\u1eb7c khu v\u1ef1c. <\/p>\n<p class=\"QN2lPu\">\n<p class=\"QN2lPu\">Th\u00f4ng s\u1ed1 k\u1ef9 thu\u1eadt<\/p>\n<p class=\"QN2lPu\">Truy c\u1eadp apple.com\/iphone\/compare \u0111\u1ec3 xem c\u1ea5u h\u00ecnh \u0111\u1ea7y \u0111\u1ee7. <\/p>\n<p class=\"QN2lPu\">\n<p class=\"QN2lPu\">\n<p class=\"QN2lPu\">\n<p class=\"QN2lPu\">B\u1ed9 s\u1ea3n ph\u1ea9m bao g\u1ed3m: <\/p>\n<p class=\"QN2lPu\">\u2022        \u0110i\u1ec7n tho\u1ea1i <\/p>\n<p class=\"QN2lPu\">\u2022        D\u00e2y s\u1ea1c<\/p>\n<p class=\"QN2lPu\">\u2022        HDSD B\u1ea3o h\u00e0nh \u0111i\u1ec7n t\u1eed 12 th\u00e1ng.<\/p>\n<p class=\"QN2lPu\">\n<p class=\"QN2lPu\">Th\u00f4ng tin b\u1ea3o h\u00e0nh:<\/p>\n<p class=\"QN2lPu\">B\u1ea3o h\u00e0nh: 12 th\u00e1ng k\u1ec3 t\u1eeb ng\u00e0y k\u00edch ho\u1ea1t s\u1ea3n ph\u1ea9m.<\/p>\n<p class=\"QN2lPu\">K\u00edch ho\u1ea1t b\u1ea3o h\u00e0nh t\u1ea1i: https:\/\/checkcoverage.apple.com\/vn\/en\/<\/p>\n<p class=\"QN2lPu\">\n<p class=\"QN2lPu\">H\u01b0\u1edbng d\u1eabn ki\u1ec3m tra \u0111\u1ecba \u0111i\u1ec3m b\u1ea3o h\u00e0nh g\u1ea7n nh\u1ea5t:<\/p>\n<p class=\"QN2lPu\">B\u01b0\u1edbc 1: Truy c\u1eadp v\u00e0o \u0111\u01b0\u1eddng link https:\/\/getsupport.apple.com\/?caller=grl&amp;locale=en_VN <\/p>\n<p class=\"QN2lPu\">B\u01b0\u1edbc 2: Ch\u1ecdn s\u1ea3n ph\u1ea9m.<\/p>\n<p class=\"QN2lPu\">B\u01b0\u1edbc 3: \u0110i\u1ec1n Apple ID, nh\u1eadp m\u1eadt kh\u1ea9u.<\/p>\n<p class=\"QN2lPu\">Sau khi ho\u00e0n t\u1ea5t, h\u1ec7 th\u1ed1ng s\u1ebd g\u1ee3i \u00fd nh\u1eefng trung t\u00e2m b\u1ea3o h\u00e0nh g\u1ea7n nh\u1ea5t.<\/p>\n<p class=\"QN2lPu\">\n<p class=\"QN2lPu\">T\u1ea1i Vi\u1ec7t Nam, v\u1ec1 ch\u00ednh s\u00e1ch b\u1ea3o h\u00e0nh v\u00e0 \u0111\u1ed5i tr\u1ea3 c\u1ee7a Apple, &#8220;s\u1ebd \u0111\u01b0\u1ee3c \u00e1p d\u1ee5ng chung&#8221; theo c\u00e1c \u0111i\u1ec1u kho\u1ea3n \u0111\u01b0\u1ee3c li\u1ec7t k\u00ea d\u01b0\u1edbi \u0111\u00e2y:<\/p>\n<p class=\"QN2lPu\">\n<p class=\"QN2lPu\">1) Ch\u00ednh s\u00e1ch chung: https:\/\/www.apple.com\/legal\/warranty\/products\/warranty-rest-of-apac-vietnamese.html<\/p>\n<p class=\"QN2lPu\">\n<p class=\"QN2lPu\">2) Ch\u00ednh s\u00e1ch cho ph\u1ee5 ki\u1ec7n: https:\/\/www.apple.com\/legal\/warranty\/products\/accessory-warranty-vietnam.html<\/p>\n<p class=\"QN2lPu\">\n<p class=\"QN2lPu\">3) C\u00e1c trung t\u00e2m b\u1ea3o h\u00e0nh Apple \u1ee7y quy\u1ec1n t\u1ea1i Vi\u1ec7t Nam: https:\/\/getsupport.apple.com\/repair-locations?locale=vi_VN<\/p>\n<p class=\"QN2lPu\">\n<p class=\"QN2lPu\">Q\u00fay kh\u00e1ch vui l\u00f2ng \u0111\u1ecdc k\u1ef9 h\u01b0\u1edbng d\u1eabn v\u00e0 quy \u0111\u1ecbnh tr\u00ean c\u00e1c trang \u0111\u01b0\u1ee3c Apple c\u00f4ng b\u1ed1 c\u00f4ng khai, Shop ch\u1ec9 c\u00f3 th\u1ec3 h\u1ed7 tr\u1ee3 theo \u0111\u00fang ch\u00ednh s\u00e1ch \u0111\u01b0\u1ee3c \u0111\u0103ng c\u00f4ng khai c\u1ee7a th\u01b0\u01a1ng hi\u1ec7u Apple t\u1ea1i Vi\u1ec7t Nam,<\/p>\n<p class=\"QN2lPu\">\n<p class=\"QN2lPu\">B\u00e0i vi\u1ebft tham kh\u1ea3o ch\u00ednh s\u00e1ch h\u1ed7 tr\u1ee3 c\u1ee7a nh\u00e0 ph\u00e2n ph\u1ed1i ti\u00eau bi\u1ec3u:<\/p>\n<p class=\"QN2lPu\">\n<p class=\"QN2lPu\">\n<blockquote class=\"wp-embedded-content\" data-secret=\"gnGqlgvkq6\"><p><a href=\"https:\/\/synnexfpt.com\/bao-hanh\/chinh-sach-bao-hanh\/\">Ch\u00ednh s\u00e1ch b\u1ea3o h\u00e0nh<\/a><\/p><\/blockquote>\n<p><iframe loading=\"lazy\" class=\"wp-embedded-content\" sandbox=\"allow-scripts\" security=\"restricted\" style=\"position: absolute; visibility: hidden;\" title=\"&#8220;Ch\u00ednh s\u00e1ch b\u1ea3o h\u00e0nh&#8221; &#8212; Synnex FPT\" src=\"https:\/\/synnexfpt.com\/bao-hanh\/chinh-sach-bao-hanh\/embed\/#?secret=gnGqlgvkq6\" data-secret=\"gnGqlgvkq6\" width=\"600\" height=\"338\" frameborder=\"0\" marginwidth=\"0\" marginheight=\"0\" scrolling=\"no\"><\/iframe><\/p>\n<p class=\"QN2lPu\">\n<p class=\"QN2lPu\">&nbsp;\u0110\u1ec3 thu\u1eadn ti\u1ec7n h\u01a1n trong vi\u1ec7c x\u1eed l\u00fd khi\u1ebfu n\u1ea1i, \u0111\u01a1n h\u00e0ng c\u1ee7a Brand Apple th\u01b0\u1eddng c\u00f3 gi\u00e1 tr\u1ecb cao, Q\u00fay kh\u00e1ch mua h\u00e0ng vui l\u00f2ng quay l\u1ea1i Clip khui m\u1edf ki\u1ec7n h\u00e0ng (kh\u00e1ch quan nh\u1ea5t c\u00f3 th\u1ec3, \u0111\u1ee7 6 m\u1eb7t) gi\u00fap Shopee c\u00f3 th\u00eam c\u0103n c\u1ee9 \u0111\u1ec3 l\u00e0m vi\u1ec7c v\u1edbi c\u00e1c b\u00ean v\u00e0 \u0111\u1ea9y nhanh ti\u1ebfn \u0111\u1ed9 x\u1eed l\u00fd gi\u00fap Q\u00fay kh\u00e1ch mua h\u00e0ng.<\/p>\n<\/div>\n","protected":false},"excerpt":{"rendered":"<p>iPhone 14. V\u1edbi h\u1ec7 th\u1ed1ng camera k\u00e9p ti\u00ean ti\u1ebfn nh\u1ea5t t\u1eebng c\u00f3 tr\u00ean iPhone. Ch\u1ee5p nh\u1eefng b\u1ee9c \u1ea3nh tuy\u1ec7t \u0111\u1eb9p trong \u0111i\u1ec1u ki\u1ec7n t\u1eeb thi\u1ebfu s\u00e1ng \u0111\u1ebfn d\u01b0 s\u00e1ng. Ph\u00e1t hi\u1ec7n Va Ch\u1ea1m,1 m\u1ed9t t\u00ednh n\u0103ng an to\u00e0n m\u1edbi, thay b\u1ea1n g\u1ecdi tr\u1ee3 gi\u00fap khi c\u1ea7n k\u00edp. T\u00ednh n\u0103ng n\u1ed5i b\u1eadt \u2022 M\u00e0n h\u00ecnh Super&#8230;<\/p>\n","protected":false},"featured_media":13817,"comment_status":"open","ping_status":"closed","template":"","meta":[],"product_brand":[],"product_cat":[1212],"product_tag":[],"class_list":{"0":"post-13775","1":"product","2":"type-product","3":"status-publish","4":"has-post-thumbnail","6":"product_cat-apple","8":"first","9":"instock","10":"sale","11":"featured","12":"shipping-taxable","13":"purchasable","14":"product-type-variable"},"_links":{"self":[{"href":"https:\/\/web-ban-le.mbws.vn\/dien-thoai-su-kien\/wp-json\/wp\/v2\/product\/13775","targetHints":{"allow":["GET"]}}],"collection":[{"href":"https:\/\/web-ban-le.mbws.vn\/dien-thoai-su-kien\/wp-json\/wp\/v2\/product"}],"about":[{"href":"https:\/\/web-ban-le.mbws.vn\/dien-thoai-su-kien\/wp-json\/wp\/v2\/types\/product"}],"replies":[{"embeddable":true,"href":"https:\/\/web-ban-le.mbws.vn\/dien-thoai-su-kien\/wp-json\/wp\/v2\/comments?post=13775"}],"wp:featuredmedia":[{"embeddable":true,"href":"https:\/\/web-ban-le.mbws.vn\/dien-thoai-su-kien\/wp-json\/wp\/v2\/media\/13817"}],"wp:attachment":[{"href":"https:\/\/web-ban-le.mbws.vn\/dien-thoai-su-kien\/wp-json\/wp\/v2\/media?parent=13775"}],"wp:term":[{"taxonomy":"product_brand","embeddable":true,"href":"https:\/\/web-ban-le.mbws.vn\/dien-thoai-su-kien\/wp-json\/wp\/v2\/product_brand?post=13775"},{"taxonomy":"product_cat","embeddable":true,"href":"https:\/\/web-ban-le.mbws.vn\/dien-thoai-su-kien\/wp-json\/wp\/v2\/product_cat?post=13775"},{"taxonomy":"product_tag","embeddable":true,"href":"https:\/\/web-ban-le.mbws.vn\/dien-thoai-su-kien\/wp-json\/wp\/v2\/product_tag?post=13775"}],"curies":[{"name":"wp","href":"https:\/\/api.w.org\/{rel}","templated":true}]}}