{"id":13833,"date":"2025-10-23T13:54:42","date_gmt":"2025-10-23T06:54:42","guid":{"rendered":"https:\/\/web-ban-le.mbws.vn\/dien-thoai-su-kien\/?post_type=product&#038;p=13833"},"modified":"2025-11-05T09:01:04","modified_gmt":"2025-11-05T02:01:04","slug":"but-cam-ung-apple-pencil-pro-mx2d3zp-a","status":"publish","type":"product","link":"https:\/\/web-ban-le.mbws.vn\/dien-thoai-su-kien\/san-pham\/but-cam-ung-apple-pencil-pro-mx2d3zp-a\/","title":{"rendered":"B\u00fat c\u1ea3m \u1ee9ng Apple Pencil Pro (MX2D3ZP\/A)"},"content":{"rendered":"<div class=\"e8lZp3\">\n<p class=\"QN2lPu\">Apple Pencil Pro mang \u0111\u1ebfn th\u00eam bao n\u0103ng l\u1ef1c k\u1ef3 di\u1ec7u gi\u00fap b\u1ea1n hi\u1ec7n th\u1ef1c h\u00f3a nh\u1eefng \u00fd t\u01b0\u1edfng c\u1ee7a m\u00ecnh. C\u00e1c t\u00ednh n\u0103ng ti\u00ean ti\u1ebfn m\u1edbi gi\u00fap vi\u1ec7c \u0111\u00e1nh d\u1ea5u, ghi ch\u00fa v\u00e0 t\u1ea1o ra m\u1ed9t ki\u1ec7t t\u00e1c tr\u1edf n\u00ean tr\u1ef1c quan h\u01a1n bao gi\u1edd h\u1ebft. B\u00f3p. Khi b\u1ea1n b\u00f3p, Apple Pencil Pro c\u00f3 th\u1ec3 nh\u1eadn bi\u1ebft \u0111\u01b0\u1ee3c thao t\u00e1c b\u00f3p c\u1ee7a b\u1ea1n v\u00e0 hi\u1ec3n th\u1ecb m\u1ed9t b\u1ea3ng m\u00e0u m\u1edbi, gi\u00fap b\u1ea1n nhanh ch\u00f3ng chuy\u1ec3n \u0111\u1ed5i gi\u1eefa c\u00e1c c\u00f4ng c\u1ee5, \u0111\u1ed9 d\u00e0y m\u1ecfng c\u1ee7a n\u00e9t v\u1ebd v\u00e0 m\u00e0u s\u1eafc. Xoay th\u00e2n b\u00fat. Con quay h\u1ed3i chuy\u1ec3n m\u1edbi cho ph\u00e9p b\u1ea1n xoay Apple Pencil Pro \u0111\u1ec3 ki\u1ec3m so\u00e1t ch\u00ednh x\u00e1c c\u00e1c c\u00f4ng c\u1ee5 b\u00fat v\u00e0 c\u1ecd. Ph\u1ea3n h\u1ed3i c\u1ea3m \u1ee9ng. B\u1ed9 ph\u1ea3n h\u1ed3i c\u1ea3m \u1ee9ng t\u00f9y ch\u1ec9nh t\u1ea1o ra ph\u1ea3n h\u1ed3i ch\u00ednh x\u00e1c cho c\u1ea3m nh\u1eadn c\u1ee7a b\u1ea1n. Khi b\u1ea1n b\u00f3p ho\u1eb7c ch\u1ea1m hai l\u1ea7n, b\u1ea1n s\u1ebd c\u1ea3m th\u1ea5y thi\u1ebft b\u1ecb rung nh\u1eb9 \u0111\u1ec3 x\u00e1c nh\u1eadn h\u00e0nh \u0111\u1ed9ng. L\u01b0\u1edbt Apple Pencil.\u00b9 Xem tr\u01b0\u1edbc ch\u00ednh x\u00e1c v\u1ecb tr\u00ed Apple Pencil s\u1ebd ch\u1ea1m xu\u1ed1ng m\u00e0n h\u00ecnh v\u00e0 th\u1ea5y \u0111\u01b0\u1ee3c b\u00f3ng \u1ea3o c\u1ee7a c\u00f4ng c\u1ee5 b\u1ea1n \u0111ang d\u00f9ng. Nh\u1edd \u0111\u00f3, b\u1ea1n c\u00f3 th\u1ec3 vi\u1ebft, ph\u00e1c th\u1ea3o v\u00e0 v\u1ebd minh h\u1ecda v\u1edbi \u0111\u1ed9 ch\u00ednh x\u00e1c c\u00f2n cao h\u01a1n n\u1eefa. Ch\u1ea1m hai l\u1ea7n. Nhanh ch\u00f3ng chuy\u1ec3n \u0111\u1ed5i gi\u1eefa c\u00e1c c\u00f4ng c\u1ee5 nh\u01b0 b\u00fat v\u00e0 t\u1ea9y b\u1eb1ng c\u00e1ch ch\u1ea1m hai l\u1ea7n v\u00e0o Apple Pencil. \u0110\u1ed3ng th\u1eddi, n\u1ebfu kh\u00f4ng nh\u1edb m\u00ecnh \u0111\u1ec3 Apple Pencil Pro \u1edf \u0111\u00e2u trong l\u00fac ra ngo\u00e0i hay khi \u1edf nh\u00e0, b\u1ea1n c\u00f3 th\u1ec3 d\u1ec5 d\u00e0ng \u0111\u1ecbnh v\u1ecb v\u1ecb tr\u00ed c\u1ee7a b\u00fat tr\u00ean \u1ee9ng d\u1ee5ng T\u00ecm. Apple Pencil Pro g\u1eafn, k\u1ebft n\u1ed1i v\u00e0 s\u1ea1c t\u1eeb t\u00ednh \u1edf m\u1eb7t b\u00ean c\u1ee7a iPad. Trong h\u1ed9p c\u00f3 g\u00ec Apple Pencil Pro * Th\u00f4ng S\u1ed1 K\u0129 Thu\u1eadt D\u00e0i: 166 mm (6,53 inch) \u0110\u01b0\u1eddng k\u00ednh: 8,9 mm (0,35 inch) Tr\u1ecdng l\u01b0\u1ee3ng: 19,15 gram (0,68 ounce) K\u1ebft N\u1ed1i Bluetooth C\u00e1c T\u00ednh N\u0103ng Kh\u00e1c G\u1eafn, k\u1ebft n\u1ed1i v\u00e0 s\u1ea1c t\u1eeb t\u00ednh Y\u00eau C\u1ea7u H\u1ec7 Th\u1ed1ng iPadOS 17.5 tr\u1edf l\u00ean<\/p>\n<\/div>\n","protected":false},"excerpt":{"rendered":"<p>Apple Pencil Pro mang \u0111\u1ebfn th\u00eam bao n\u0103ng l\u1ef1c k\u1ef3 di\u1ec7u gi\u00fap b\u1ea1n hi\u1ec7n th\u1ef1c h\u00f3a nh\u1eefng \u00fd t\u01b0\u1edfng c\u1ee7a m\u00ecnh. C\u00e1c t\u00ednh n\u0103ng ti\u00ean ti\u1ebfn m\u1edbi gi\u00fap vi\u1ec7c \u0111\u00e1nh d\u1ea5u, ghi ch\u00fa v\u00e0 t\u1ea1o ra m\u1ed9t ki\u1ec7t t\u00e1c tr\u1edf n\u00ean tr\u1ef1c quan h\u01a1n bao gi\u1edd h\u1ebft. B\u00f3p. Khi b\u1ea1n b\u00f3p, Apple Pencil Pro c\u00f3&#8230;<\/p>\n","protected":false},"featured_media":13862,"comment_status":"open","ping_status":"closed","template":"","meta":[],"product_brand":[],"product_cat":[1250],"product_tag":[],"class_list":{"0":"post-13833","1":"product","2":"type-product","3":"status-publish","4":"has-post-thumbnail","6":"product_cat-but-cam-ung","8":"first","9":"instock","10":"sale","11":"featured","12":"shipping-taxable","13":"purchasable","14":"product-type-simple"},"_links":{"self":[{"href":"https:\/\/web-ban-le.mbws.vn\/dien-thoai-su-kien\/wp-json\/wp\/v2\/product\/13833","targetHints":{"allow":["GET"]}}],"collection":[{"href":"https:\/\/web-ban-le.mbws.vn\/dien-thoai-su-kien\/wp-json\/wp\/v2\/product"}],"about":[{"href":"https:\/\/web-ban-le.mbws.vn\/dien-thoai-su-kien\/wp-json\/wp\/v2\/types\/product"}],"replies":[{"embeddable":true,"href":"https:\/\/web-ban-le.mbws.vn\/dien-thoai-su-kien\/wp-json\/wp\/v2\/comments?post=13833"}],"wp:featuredmedia":[{"embeddable":true,"href":"https:\/\/web-ban-le.mbws.vn\/dien-thoai-su-kien\/wp-json\/wp\/v2\/media\/13862"}],"wp:attachment":[{"href":"https:\/\/web-ban-le.mbws.vn\/dien-thoai-su-kien\/wp-json\/wp\/v2\/media?parent=13833"}],"wp:term":[{"taxonomy":"product_brand","embeddable":true,"href":"https:\/\/web-ban-le.mbws.vn\/dien-thoai-su-kien\/wp-json\/wp\/v2\/product_brand?post=13833"},{"taxonomy":"product_cat","embeddable":true,"href":"https:\/\/web-ban-le.mbws.vn\/dien-thoai-su-kien\/wp-json\/wp\/v2\/product_cat?post=13833"},{"taxonomy":"product_tag","embeddable":true,"href":"https:\/\/web-ban-le.mbws.vn\/dien-thoai-su-kien\/wp-json\/wp\/v2\/product_tag?post=13833"}],"curies":[{"name":"wp","href":"https:\/\/api.w.org\/{rel}","templated":true}]}}