{"id":13834,"date":"2025-10-23T13:54:42","date_gmt":"2025-10-23T06:54:42","guid":{"rendered":"https:\/\/web-ban-le.mbws.vn\/dien-thoai-su-kien\/?post_type=product&#038;p=13834"},"modified":"2025-11-05T09:01:04","modified_gmt":"2025-11-05T02:01:04","slug":"dien-thoai-apple-iphone-16-plus-256gb","status":"publish","type":"product","link":"https:\/\/web-ban-le.mbws.vn\/dien-thoai-su-kien\/san-pham\/dien-thoai-apple-iphone-16-plus-256gb\/","title":{"rendered":"\u0110i\u1ec7n tho\u1ea1i Apple iPhone 16 Plus 256GB"},"content":{"rendered":"<div class=\"e8lZp3\">\n<p class=\"QN2lPu\">B\u1ed9 s\u1ea3n ph\u1ea9m bao g\u1ed3m: <\/p>\n<p class=\"QN2lPu\">\n<p class=\"QN2lPu\">\u2022        iPhone s\u1eed d\u1ee5ng iOS 18<\/p>\n<p class=\"QN2lPu\">\u2022        C\u00e1p S\u1ea1c USB\u2011C (1m)<\/p>\n<p class=\"QN2lPu\">\u2022        T\u00e0i li\u1ec7u<\/p>\n<p class=\"QN2lPu\">\n<p class=\"QN2lPu\">Th\u00f4ng tin b\u1ea3o h\u00e0nh:<\/p>\n<p class=\"QN2lPu\">\n<p class=\"QN2lPu\">B\u1ea3o h\u00e0nh: 12 th\u00e1ng k\u1ec3 t\u1eeb ng\u00e0y k\u00edch ho\u1ea1t s\u1ea3n ph\u1ea9m.<\/p>\n<p class=\"QN2lPu\">\n<p class=\"QN2lPu\">K\u00edch ho\u1ea1t b\u1ea3o h\u00e0nh t\u1ea1i: https:\/\/checkcoverage.apple.com\/vn\/en\/<\/p>\n<p class=\"QN2lPu\">\n<p class=\"QN2lPu\">H\u01b0\u1edbng d\u1eabn ki\u1ec3m tra \u0111\u1ecba \u0111i\u1ec3m b\u1ea3o h\u00e0nh g\u1ea7n nh\u1ea5t:<\/p>\n<p class=\"QN2lPu\">\n<p class=\"QN2lPu\">B\u01b0\u1edbc 1: Truy c\u1eadp v\u00e0o \u0111\u01b0\u1eddng link https:\/\/getsupport.apple.com\/?caller=grl&amp;locale=en_VN <\/p>\n<p class=\"QN2lPu\">\n<p class=\"QN2lPu\">B\u01b0\u1edbc 2: Ch\u1ecdn s\u1ea3n ph\u1ea9m.<\/p>\n<p class=\"QN2lPu\">\n<p class=\"QN2lPu\">B\u01b0\u1edbc 3: \u0110i\u1ec1n Apple ID, nh\u1eadp m\u1eadt kh\u1ea9u.<\/p>\n<p class=\"QN2lPu\">\n<p class=\"QN2lPu\">Sau khi ho\u00e0n t\u1ea5t, h\u1ec7 th\u1ed1ng s\u1ebd g\u1ee3i \u00fd nh\u1eefng trung t\u00e2m b\u1ea3o h\u00e0nh g\u1ea7n nh\u1ea5t.<\/p>\n<p class=\"QN2lPu\">\n<p class=\"QN2lPu\">T\u1ea1i Vi\u1ec7t Nam, v\u1ec1 ch\u00ednh s\u00e1ch b\u1ea3o h\u00e0nh v\u00e0 \u0111\u1ed5i tr\u1ea3 c\u1ee7a Apple, &#8220;s\u1ebd \u0111\u01b0\u1ee3c \u00e1p d\u1ee5ng chung&#8221; theo c\u00e1c \u0111i\u1ec1u kho\u1ea3n \u0111\u01b0\u1ee3c li\u1ec7t k\u00ea d\u01b0\u1edbi \u0111\u00e2y:<\/p>\n<p class=\"QN2lPu\">\n<p class=\"QN2lPu\">1) Ch\u00ednh s\u00e1ch chung: https:\/\/www.apple.com\/legal\/warranty\/products\/warranty-rest-of-apac-vietnamese.html<\/p>\n<p class=\"QN2lPu\">\n<p class=\"QN2lPu\">2) Ch\u00ednh s\u00e1ch cho ph\u1ee5 ki\u1ec7n: https:\/\/www.apple.com\/legal\/warranty\/products\/accessory-warranty-vietnam.html<\/p>\n<p class=\"QN2lPu\">\n<p class=\"QN2lPu\">3) C\u00e1c trung t\u00e2m b\u1ea3o h\u00e0nh Apple \u1ee7y quy\u1ec1n t\u1ea1i Vi\u1ec7t Nam: https:\/\/getsupport.apple.com\/repair-locations?locale=vi_VN<\/p>\n<p class=\"QN2lPu\">\n<p class=\"QN2lPu\">Q\u00fay kh\u00e1ch vui l\u00f2ng \u0111\u1ecdc k\u1ef9 h\u01b0\u1edbng d\u1eabn v\u00e0 quy \u0111\u1ecbnh tr\u00ean c\u00e1c trang \u0111\u01b0\u1ee3c Apple c\u00f4ng b\u1ed1 c\u00f4ng khai, Shop ch\u1ec9 c\u00f3 th\u1ec3 h\u1ed7 tr\u1ee3 theo \u0111\u00fang ch\u00ednh s\u00e1ch \u0111\u01b0\u1ee3c \u0111\u0103ng c\u00f4ng khai c\u1ee7a th\u01b0\u01a1ng hi\u1ec7u Apple t\u1ea1i Vi\u1ec7t Nam,<\/p>\n<p class=\"QN2lPu\">\n<p class=\"QN2lPu\">B\u00e0i vi\u1ebft tham kh\u1ea3o ch\u00ednh s\u00e1ch h\u1ed7 tr\u1ee3 c\u1ee7a nh\u00e0 ph\u00e2n ph\u1ed1i ti\u00eau bi\u1ec3u:<\/p>\n<p class=\"QN2lPu\">\n<p class=\"QN2lPu\">\n<blockquote class=\"wp-embedded-content\" data-secret=\"KMBLe8fD9T\"><p><a href=\"https:\/\/synnexfpt.com\/bao-hanh\/chinh-sach-bao-hanh\/\">Ch\u00ednh s\u00e1ch b\u1ea3o h\u00e0nh<\/a><\/p><\/blockquote>\n<p><iframe loading=\"lazy\" class=\"wp-embedded-content\" sandbox=\"allow-scripts\" security=\"restricted\" style=\"position: absolute; visibility: hidden;\" title=\"&#8220;Ch\u00ednh s\u00e1ch b\u1ea3o h\u00e0nh&#8221; &#8212; Synnex FPT\" src=\"https:\/\/synnexfpt.com\/bao-hanh\/chinh-sach-bao-hanh\/embed\/#?secret=KMBLe8fD9T\" data-secret=\"KMBLe8fD9T\" width=\"600\" height=\"338\" frameborder=\"0\" marginwidth=\"0\" marginheight=\"0\" scrolling=\"no\"><\/iframe><\/p>\n<p class=\"QN2lPu\">\n<p class=\"QN2lPu\"> \u0110\u1ec3 thu\u1eadn ti\u1ec7n h\u01a1n trong vi\u1ec7c x\u1eed l\u00fd khi\u1ebfu n\u1ea1i, \u0111\u01a1n h\u00e0ng c\u1ee7a Brand Apple th\u01b0\u1eddng c\u00f3 gi\u00e1 tr\u1ecb cao, Q\u00fay kh\u00e1ch mua h\u00e0ng vui l\u00f2ng quay l\u1ea1i Clip khui m\u1edf ki\u1ec7n h\u00e0ng (kh\u00e1ch quan nh\u1ea5t c\u00f3 th\u1ec3, \u0111\u1ee7 6 m\u1eb7t) gi\u00fap Shopee c\u00f3 th\u00eam c\u0103n c\u1ee9 \u0111\u1ec3 l\u00e0m vi\u1ec7c v\u1edbi c\u00e1c b\u00ean v\u00e0 \u0111\u1ea9y nhanh ti\u1ebfn \u0111\u1ed9 x\u1eed l\u00fd gi\u00fap Q\u00fay kh\u00e1ch mua h\u00e0ng.<\/p>\n<div class=\"QN2lPu\">\n<div style=\"position: relative; width: 100%; padding-bottom: 73.8007%;\"><picture class=\"UkIsx8\"><source srcset=\"https:\/\/down-vn.img.susercontent.com\/file\/cn-11134208-7r98o-m02xn6hvg4zyb9@resize_w875_nl.webp 1x, https:\/\/down-vn.img.susercontent.com\/file\/cn-11134208-7r98o-m02xn6hvg4zyb9@resize_w1750_nl.webp 2x\" type=\"image\/webp\" class=\"UkIsx8\"><img decoding=\"async\" width=\"875\" loading=\"lazy\" class=\"uXN1L5 lazyload GqYslU\" srcset=\"https:\/\/down-vn.img.susercontent.com\/file\/cn-11134208-7r98o-m02xn6hvg4zyb9@resize_w875_nl 1x, https:\/\/down-vn.img.susercontent.com\/file\/cn-11134208-7r98o-m02xn6hvg4zyb9@resize_w1750_nl 2x\" src=\"https:\/\/down-vn.img.susercontent.com\/file\/cn-11134208-7r98o-m02xn6hvg4zyb9\" height=\"646\"><\/picture><\/div>\n<\/div>\n<div class=\"QN2lPu\">\n<div style=\"position: relative; width: 100%; padding-bottom: 102.145%;\"><picture class=\"UkIsx8\"><source srcset=\"https:\/\/down-vn.img.susercontent.com\/file\/cn-11134208-7r98o-m02xn6hvhjkefb@resize_w875_nl.webp 1x, https:\/\/down-vn.img.susercontent.com\/file\/cn-11134208-7r98o-m02xn6hvhjkefb@resize_w1750_nl.webp 2x\" type=\"image\/webp\" class=\"UkIsx8\"><img decoding=\"async\" width=\"875\" loading=\"lazy\" class=\"uXN1L5 lazyload GqYslU\" srcset=\"https:\/\/down-vn.img.susercontent.com\/file\/cn-11134208-7r98o-m02xn6hvhjkefb@resize_w875_nl 1x, https:\/\/down-vn.img.susercontent.com\/file\/cn-11134208-7r98o-m02xn6hvhjkefb@resize_w1750_nl 2x\" src=\"https:\/\/down-vn.img.susercontent.com\/file\/cn-11134208-7r98o-m02xn6hvhjkefb\" height=\"894\"><\/picture><\/div>\n<\/div>\n<div class=\"QN2lPu\">\n<div style=\"position: relative; width: 100%; padding-bottom: 94.2507%;\"><picture class=\"UkIsx8\"><source srcset=\"https:\/\/down-vn.img.susercontent.com\/file\/cn-11134208-7r98o-m02xn6hviy4ua1@resize_w875_nl.webp 1x, https:\/\/down-vn.img.susercontent.com\/file\/cn-11134208-7r98o-m02xn6hviy4ua1@resize_w1750_nl.webp 2x\" type=\"image\/webp\" class=\"UkIsx8\"><img decoding=\"async\" width=\"875\" loading=\"lazy\" class=\"uXN1L5 lazyload GqYslU\" srcset=\"https:\/\/down-vn.img.susercontent.com\/file\/cn-11134208-7r98o-m02xn6hviy4ua1@resize_w875_nl 1x, https:\/\/down-vn.img.susercontent.com\/file\/cn-11134208-7r98o-m02xn6hviy4ua1@resize_w1750_nl 2x\" src=\"https:\/\/down-vn.img.susercontent.com\/file\/cn-11134208-7r98o-m02xn6hviy4ua1\" height=\"825\"><\/picture><\/div>\n<\/div>\n<div class=\"QN2lPu\">\n<div style=\"position: relative; width: 100%; padding-bottom: 95.4198%;\"><picture class=\"UkIsx8\"><source srcset=\"https:\/\/down-vn.img.susercontent.com\/file\/cn-11134208-7r98o-m02xn6hvkcpaa7@resize_w875_nl.webp 1x, https:\/\/down-vn.img.susercontent.com\/file\/cn-11134208-7r98o-m02xn6hvkcpaa7@resize_w1750_nl.webp 2x\" type=\"image\/webp\" class=\"UkIsx8\"><img decoding=\"async\" width=\"875\" loading=\"lazy\" class=\"uXN1L5 lazyload GqYslU\" srcset=\"https:\/\/down-vn.img.susercontent.com\/file\/cn-11134208-7r98o-m02xn6hvkcpaa7@resize_w875_nl 1x, https:\/\/down-vn.img.susercontent.com\/file\/cn-11134208-7r98o-m02xn6hvkcpaa7@resize_w1750_nl 2x\" src=\"https:\/\/down-vn.img.susercontent.com\/file\/cn-11134208-7r98o-m02xn6hvkcpaa7\" height=\"835\"><\/picture><\/div>\n<\/div>\n<div class=\"QN2lPu\">\n<div style=\"position: relative; width: 100%; padding-bottom: 116.279%;\"><picture class=\"UkIsx8\"><source srcset=\"https:\/\/down-vn.img.susercontent.com\/file\/cn-11134208-7r98o-m02xn6hvlr9q97@resize_w875_nl.webp 1x, https:\/\/down-vn.img.susercontent.com\/file\/cn-11134208-7r98o-m02xn6hvlr9q97@resize_w1750_nl.webp 2x\" type=\"image\/webp\" class=\"UkIsx8\"><img decoding=\"async\" width=\"875\" loading=\"lazy\" class=\"uXN1L5 lazyload GqYslU\" srcset=\"https:\/\/down-vn.img.susercontent.com\/file\/cn-11134208-7r98o-m02xn6hvlr9q97@resize_w875_nl 1x, https:\/\/down-vn.img.susercontent.com\/file\/cn-11134208-7r98o-m02xn6hvlr9q97@resize_w1750_nl 2x\" src=\"https:\/\/down-vn.img.susercontent.com\/file\/cn-11134208-7r98o-m02xn6hvlr9q97\" height=\"1017\"><\/picture><\/div>\n<\/div>\n<div class=\"QN2lPu\">\n<div style=\"position: relative; width: 100%; padding-bottom: 130.039%;\"><picture class=\"UkIsx8\"><source srcset=\"https:\/\/down-vn.img.susercontent.com\/file\/vn-11134208-7r98o-m02xoag8qtwta4@resize_w875_nl.webp 1x, https:\/\/down-vn.img.susercontent.com\/file\/vn-11134208-7r98o-m02xoag8qtwta4@resize_w1750_nl.webp 2x\" type=\"image\/webp\" class=\"UkIsx8\"><img decoding=\"async\" width=\"875\" loading=\"lazy\" class=\"uXN1L5 lazyload GqYslU\" srcset=\"https:\/\/down-vn.img.susercontent.com\/file\/vn-11134208-7r98o-m02xoag8qtwta4@resize_w875_nl 1x, https:\/\/down-vn.img.susercontent.com\/file\/vn-11134208-7r98o-m02xoag8qtwta4@resize_w1750_nl 2x\" src=\"https:\/\/down-vn.img.susercontent.com\/file\/vn-11134208-7r98o-m02xoag8qtwta4\" height=\"1138\"><\/picture><\/div>\n<\/div>\n<div class=\"QN2lPu\">\n<div style=\"position: relative; width: 100%; padding-bottom: 113.766%;\"><picture class=\"UkIsx8\"><source srcset=\"https:\/\/down-vn.img.susercontent.com\/file\/vn-11134208-7r98o-m02xoag8s8h972@resize_w875_nl.webp 1x, https:\/\/down-vn.img.susercontent.com\/file\/vn-11134208-7r98o-m02xoag8s8h972@resize_w1750_nl.webp 2x\" type=\"image\/webp\" class=\"UkIsx8\"><img decoding=\"async\" width=\"875\" loading=\"lazy\" class=\"uXN1L5 lazyload QSLoEa GqYslU\" srcset=\"https:\/\/down-vn.img.susercontent.com\/file\/vn-11134208-7r98o-m02xoag8s8h972@resize_w875_nl 1x, https:\/\/down-vn.img.susercontent.com\/file\/vn-11134208-7r98o-m02xoag8s8h972@resize_w1750_nl 2x\" src=\"https:\/\/down-vn.img.susercontent.com\/file\/vn-11134208-7r98o-m02xoag8s8h972\" height=\"995\"><\/picture><\/div>\n<\/div>\n<div class=\"QN2lPu\">\n<div style=\"position: relative; width: 100%; padding-bottom: 142.45%;\"><picture class=\"UkIsx8\"><source srcset=\"https:\/\/down-vn.img.susercontent.com\/file\/vn-11134208-7r98o-m02xoag8tn1p20@resize_w875_nl.webp 1x, https:\/\/down-vn.img.susercontent.com\/file\/vn-11134208-7r98o-m02xoag8tn1p20@resize_w1750_nl.webp 2x\" type=\"image\/webp\" class=\"UkIsx8\"><img decoding=\"async\" width=\"875\" loading=\"lazy\" class=\"uXN1L5 lazyload QSLoEa GqYslU\" srcset=\"https:\/\/down-vn.img.susercontent.com\/file\/vn-11134208-7r98o-m02xoag8tn1p20@resize_w875_nl 1x, https:\/\/down-vn.img.susercontent.com\/file\/vn-11134208-7r98o-m02xoag8tn1p20@resize_w1750_nl 2x\" src=\"https:\/\/down-vn.img.susercontent.com\/file\/vn-11134208-7r98o-m02xoag8tn1p20\" height=\"1246\"><\/picture><\/div>\n<\/div>\n<\/div>\n","protected":false},"excerpt":{"rendered":"<p>B\u1ed9 s\u1ea3n ph\u1ea9m bao g\u1ed3m: \u2022 iPhone s\u1eed d\u1ee5ng iOS 18 \u2022 C\u00e1p S\u1ea1c USB\u2011C (1m) \u2022 T\u00e0i li\u1ec7u Th\u00f4ng tin b\u1ea3o h\u00e0nh: B\u1ea3o h\u00e0nh: 12 th\u00e1ng k\u1ec3 t\u1eeb ng\u00e0y k\u00edch ho\u1ea1t s\u1ea3n ph\u1ea9m. K\u00edch ho\u1ea1t b\u1ea3o h\u00e0nh t\u1ea1i: https:\/\/checkcoverage.apple.com\/vn\/en\/ H\u01b0\u1edbng d\u1eabn ki\u1ec3m tra \u0111\u1ecba \u0111i\u1ec3m b\u1ea3o h\u00e0nh g\u1ea7n nh\u1ea5t: B\u01b0\u1edbc 1: Truy c\u1eadp v\u00e0o&#8230;<\/p>\n","protected":false},"featured_media":13764,"comment_status":"open","ping_status":"closed","template":"","meta":[],"product_brand":[],"product_cat":[1212],"product_tag":[],"class_list":{"0":"post-13834","1":"product","2":"type-product","3":"status-publish","4":"has-post-thumbnail","6":"product_cat-apple","8":"first","9":"instock","10":"sale","11":"featured","12":"shipping-taxable","13":"purchasable","14":"product-type-variable"},"_links":{"self":[{"href":"https:\/\/web-ban-le.mbws.vn\/dien-thoai-su-kien\/wp-json\/wp\/v2\/product\/13834","targetHints":{"allow":["GET"]}}],"collection":[{"href":"https:\/\/web-ban-le.mbws.vn\/dien-thoai-su-kien\/wp-json\/wp\/v2\/product"}],"about":[{"href":"https:\/\/web-ban-le.mbws.vn\/dien-thoai-su-kien\/wp-json\/wp\/v2\/types\/product"}],"replies":[{"embeddable":true,"href":"https:\/\/web-ban-le.mbws.vn\/dien-thoai-su-kien\/wp-json\/wp\/v2\/comments?post=13834"}],"wp:featuredmedia":[{"embeddable":true,"href":"https:\/\/web-ban-le.mbws.vn\/dien-thoai-su-kien\/wp-json\/wp\/v2\/media\/13764"}],"wp:attachment":[{"href":"https:\/\/web-ban-le.mbws.vn\/dien-thoai-su-kien\/wp-json\/wp\/v2\/media?parent=13834"}],"wp:term":[{"taxonomy":"product_brand","embeddable":true,"href":"https:\/\/web-ban-le.mbws.vn\/dien-thoai-su-kien\/wp-json\/wp\/v2\/product_brand?post=13834"},{"taxonomy":"product_cat","embeddable":true,"href":"https:\/\/web-ban-le.mbws.vn\/dien-thoai-su-kien\/wp-json\/wp\/v2\/product_cat?post=13834"},{"taxonomy":"product_tag","embeddable":true,"href":"https:\/\/web-ban-le.mbws.vn\/dien-thoai-su-kien\/wp-json\/wp\/v2\/product_tag?post=13834"}],"curies":[{"name":"wp","href":"https:\/\/api.w.org\/{rel}","templated":true}]}}