{"id":13893,"date":"2025-10-23T13:55:05","date_gmt":"2025-10-23T06:55:05","guid":{"rendered":"https:\/\/web-ban-le.mbws.vn\/dien-thoai-su-kien\/?post_type=product&#038;p=13893"},"modified":"2025-11-05T09:01:03","modified_gmt":"2025-11-05T02:01:03","slug":"op-lung-iphone-17-clear-case-with-magsafe","status":"publish","type":"product","link":"https:\/\/web-ban-le.mbws.vn\/dien-thoai-su-kien\/san-pham\/op-lung-iphone-17-clear-case-with-magsafe\/","title":{"rendered":"\u1ed0p l\u01b0ng iPhone 17 Clear Case with MagSafe"},"content":{"rendered":"<div class=\"e8lZp3\">\n<p class=\"QN2lPu\">T\u1ea1i Vi\u1ec7t Nam, v\u1ec1 ch\u00ednh s\u00e1ch b\u1ea3o h\u00e0nh v\u00e0 \u0111\u1ed5i tr\u1ea3 c\u1ee7a Apple, s\u1ebd \u0111\u01b0\u1ee3c \u00e1p d\u1ee5ng chung theo c\u00e1c \u0111i\u1ec1u kho\u1ea3n \u0111\u01b0\u1ee3c li\u1ec7t k\u00ea d\u01b0\u1edbi \u0111\u00e2y:<\/p>\n<p class=\"QN2lPu\">\n<p class=\"QN2lPu\">1) Ch\u00ednh s\u00e1ch chung<\/p>\n<p class=\"QN2lPu\">\n<p class=\"QN2lPu\">2) Ch\u00ednh s\u00e1ch cho ph\u1ee5 ki\u1ec7n<\/p>\n<p class=\"QN2lPu\">\n<p class=\"QN2lPu\">3) C\u00e1c trung t\u00e2m b\u1ea3o h\u00e0nh Apple \u1ee7y quy\u1ec1n t\u1ea1i Vi\u1ec7t Nam<\/p>\n<p class=\"QN2lPu\">\n<p class=\"QN2lPu\">Q\u00fay kh\u00e1ch vui l\u00f2ng \u0111\u1ecdc k\u1ef9 h\u01b0\u1edbng d\u1eabn v\u00e0 quy \u0111\u1ecbnh tr\u00ean c\u00e1c trang \u0111\u01b0\u1ee3c Apple c\u00f4ng b\u1ed1 c\u00f4ng khai, Shop ch\u1ec9 c\u00f3 th\u1ec3 h\u1ed7 tr\u1ee3 theo \u0111\u00fang ch\u00ednh s\u00e1ch \u0111\u01b0\u1ee3c \u0111\u0103ng c\u00f4ng khai c\u1ee7a th\u01b0\u01a1ng hi\u1ec7u Apple t\u1ea1i Vi\u1ec7t Nam<\/p>\n<p class=\"QN2lPu\">\n<p class=\"QN2lPu\">\u0110\u1ec3 thu\u1eadn ti\u1ec7n h\u01a1n trong vi\u1ec7c x\u1eed l\u00fd khi\u1ebfu n\u1ea1i, \u0111\u01a1n h\u00e0ng c\u1ee7a Brand Apple th\u01b0\u1eddng c\u00f3 gi\u00e1 tr\u1ecb cao, Q\u00fay kh\u00e1ch mua h\u00e0ng vui l\u00f2ng quay l\u1ea1i Clip khui m\u1edf ki\u1ec7n h\u00e0ng (kh\u00e1ch quan nh\u1ea5t c\u00f3 th\u1ec3, \u0111\u1ee7 6 m\u1eb7t) gi\u00fap Shopee c\u00f3 th\u00eam c\u0103n c\u1ee9 \u0111\u1ec3 l\u00e0m vi\u1ec7c v\u1edbi c\u00e1c b\u00ean v\u00e0 \u0111\u1ea9y nhanh ti\u1ebfn \u0111\u1ed9 x\u1eed l\u00fd gi\u00fap Q\u00fay kh\u00e1ch mua h\u00e0ng.<\/p>\n<\/div>\n","protected":false},"excerpt":{"rendered":"<p>T\u1ea1i Vi\u1ec7t Nam, v\u1ec1 ch\u00ednh s\u00e1ch b\u1ea3o h\u00e0nh v\u00e0 \u0111\u1ed5i tr\u1ea3 c\u1ee7a Apple, s\u1ebd \u0111\u01b0\u1ee3c \u00e1p d\u1ee5ng chung theo c\u00e1c \u0111i\u1ec1u kho\u1ea3n \u0111\u01b0\u1ee3c li\u1ec7t k\u00ea d\u01b0\u1edbi \u0111\u00e2y: 1) Ch\u00ednh s\u00e1ch chung 2) Ch\u00ednh s\u00e1ch cho ph\u1ee5 ki\u1ec7n 3) C\u00e1c trung t\u00e2m b\u1ea3o h\u00e0nh Apple \u1ee7y quy\u1ec1n t\u1ea1i Vi\u1ec7t Nam Q\u00fay kh\u00e1ch vui l\u00f2ng \u0111\u1ecdc k\u1ef9&#8230;<\/p>\n","protected":false},"featured_media":13948,"comment_status":"open","ping_status":"closed","template":"","meta":[],"product_brand":[],"product_cat":[1239,1240,1242,1243],"product_tag":[],"class_list":{"0":"post-13893","1":"product","2":"type-product","3":"status-publish","4":"has-post-thumbnail","6":"product_cat-op-lung","7":"product_cat-bao-da","8":"product_cat-op-lung-mieng-dan-dien-thoai","9":"product_cat-mieng-dan-mat-lung-cho-dien-thoai","11":"first","12":"instock","13":"sale","14":"featured","15":"shipping-taxable","16":"purchasable","17":"product-type-simple"},"_links":{"self":[{"href":"https:\/\/web-ban-le.mbws.vn\/dien-thoai-su-kien\/wp-json\/wp\/v2\/product\/13893","targetHints":{"allow":["GET"]}}],"collection":[{"href":"https:\/\/web-ban-le.mbws.vn\/dien-thoai-su-kien\/wp-json\/wp\/v2\/product"}],"about":[{"href":"https:\/\/web-ban-le.mbws.vn\/dien-thoai-su-kien\/wp-json\/wp\/v2\/types\/product"}],"replies":[{"embeddable":true,"href":"https:\/\/web-ban-le.mbws.vn\/dien-thoai-su-kien\/wp-json\/wp\/v2\/comments?post=13893"}],"wp:featuredmedia":[{"embeddable":true,"href":"https:\/\/web-ban-le.mbws.vn\/dien-thoai-su-kien\/wp-json\/wp\/v2\/media\/13948"}],"wp:attachment":[{"href":"https:\/\/web-ban-le.mbws.vn\/dien-thoai-su-kien\/wp-json\/wp\/v2\/media?parent=13893"}],"wp:term":[{"taxonomy":"product_brand","embeddable":true,"href":"https:\/\/web-ban-le.mbws.vn\/dien-thoai-su-kien\/wp-json\/wp\/v2\/product_brand?post=13893"},{"taxonomy":"product_cat","embeddable":true,"href":"https:\/\/web-ban-le.mbws.vn\/dien-thoai-su-kien\/wp-json\/wp\/v2\/product_cat?post=13893"},{"taxonomy":"product_tag","embeddable":true,"href":"https:\/\/web-ban-le.mbws.vn\/dien-thoai-su-kien\/wp-json\/wp\/v2\/product_tag?post=13893"}],"curies":[{"name":"wp","href":"https:\/\/api.w.org\/{rel}","templated":true}]}}