{"id":13938,"date":"2025-10-23T13:55:26","date_gmt":"2025-10-23T06:55:26","guid":{"rendered":"https:\/\/web-ban-le.mbws.vn\/dien-thoai-su-kien\/?post_type=product&#038;p=13938"},"modified":"2025-11-05T09:01:03","modified_gmt":"2025-11-05T02:01:03","slug":"tai-nghe-bluetooth-true-wireless-beats-solo-buds","status":"publish","type":"product","link":"https:\/\/web-ban-le.mbws.vn\/dien-thoai-su-kien\/san-pham\/tai-nghe-bluetooth-true-wireless-beats-solo-buds\/","title":{"rendered":"Tai nghe Bluetooth True Wireless Beats Solo Buds"},"content":{"rendered":"<div class=\"e8lZp3\">\n<p class=\"QN2lPu\">Tai nghe kh\u00f4ng d\u00e2y Beats Solo Buds &#8211; Ki\u1ec3u d\u00e1ng n\u0103ng \u0111\u1ed9ng, ch\u1ea5t \u00e2m l\u00f4i cu\u1ed1n<\/p>\n<p class=\"QN2lPu\">Tai nghe kh\u00f4ng d\u00e2y Beats Solo Buds nh\u1eadn v\u1ec1 nhi\u1ec1u ph\u1ea3n h\u1ed3i t\u1ed1t khi \u0111\u01b0\u1ee3c k\u1ebft h\u1ee3p \u1ea5n t\u01b0\u1ee3ng gi\u1eefa thi\u1ebft k\u1ebf th\u1eddi trang v\u00e0 c\u00f4ng ngh\u1ec7 x\u1eed l\u00fd \u00e2m thanh ti\u00ean ti\u1ebfn. Nh\u1ecf g\u1ecdn nh\u01b0ng m\u1ea1nh m\u1ebd, Beats Solo Buds kh\u00f4ng ch\u1ec9 \u0111\u00e1p \u1ee9ng nhu c\u1ea7u nghe nh\u1ea1c h\u00e0ng ng\u00e0y m\u00e0 c\u00f2n l\u00e0 ph\u1ee5 ki\u1ec7n th\u1eddi trang \u0111\u1ed9c \u0111\u00e1o cho ng\u01b0\u1eddi d\u00f9ng. N\u1ebfu b\u1ea1n y\u00eau th\u00edch c\u00f4ng ngh\u1ec7, phong c\u00e1ch v\u00e0 \u0111ang t\u00ecm ki\u1ebfm m\u1ed9t m\u1eabu tai nghe ch\u1ea5t l\u01b0\u1ee3ng t\u1ed1t th\u00ec Beats Solo Buds ch\u00ednh l\u00e0 m\u1ed9t g\u1ee3i \u00fd h\u1ea5p d\u1eabn kh\u00f4ng n\u00ean b\u1ecf qua.<\/p>\n<p class=\"QN2lPu\">\n<p class=\"QN2lPu\">Ch\u1ea5t \u00e2m l\u00f4i cu\u1ed1n v\u1edbi driver 2 l\u1edbp c\u00f9ng kh\u1ea3 n\u0103ng c\u00e1ch \u00e2m th\u1ee5 \u0111\u1ed9ng<\/p>\n<p class=\"QN2lPu\">Ch\u1ea5t l\u01b0\u1ee3ng \u00e2m thanh c\u1ee7a tai nghe kh\u00f4ng d\u00e2y Beats Solo Buds \u0111\u1eb7c bi\u1ec7t n\u1ed5i b\u1eadt v\u1edbi kh\u1ea3 n\u0103ng t\u00e1i t\u1ea1o \u00e2m tr\u1ea7m m\u1ea1nh m\u1ebd v\u00e0 c\u00e1c d\u1ea3i \u00e2m cao trong tr\u1ebbo. Nh\u1edd v\u00e0o tr\u00ecnh \u0111i\u1ec1u khi\u1ec3n 2 l\u1edbp, m\u1ed7i n\u1ed1t nh\u1ea1c \u0111\u01b0\u1ee3c ph\u00e1t ra r\u00f5 n\u00e9t, gi\u1ea3m thi\u1ec3u \u0111\u00e1ng k\u1ec3 t\u1ea1p \u00e2m v\u00e0 bi\u1ebfn d\u1ea1ng. <\/p>\n<p class=\"QN2lPu\">\n<p class=\"QN2lPu\">Tai nghe kh\u00f4ng d\u00e2y Beats Solo Buds &#8211; Ki\u1ec3u d\u00e1ng n\u0103ng \u0111\u1ed9ng, ch\u1ea5t \u00e2m l\u00f4i cu\u1ed1n<\/p>\n<p class=\"QN2lPu\">\n<p class=\"QN2lPu\">B\u00ean c\u1ea1nh \u0111\u00f3, d\u00f2ng tai nghe Beats n\u00e0y c\u0169ng \u0111\u01b0\u1ee3c trang b\u1ecb t\u00ednh n\u0103ng c\u00e1ch \u00e2m th\u1ee5 \u0111\u1ed9ng, v\u1edbi c\u00e1c n\u00fat tai c\u00f3 k\u00edch th\u01b0\u1edbc kh\u00e1c nhau. Nh\u1edd v\u1eady m\u00e0 ng\u01b0\u1eddi d\u00f9ng c\u00f3 th\u1ec3 d\u1ec5 d\u00e0ng tr\u1ea3i nghi\u1ec7m \u00e2m nh\u1ea1c m\u1ed9t c\u00e1ch tho\u1ea3i m\u00e1i, d\u00f9 cho \u0111ang \u1edf b\u1ea5t c\u1ee9 \u0111\u00e2u.<\/p>\n<p class=\"QN2lPu\">\n<p class=\"QN2lPu\">Ki\u1ec3u d\u00e1ng g\u1ecdn nh\u1eb9, v\u1eeba v\u1eb7n trong l\u00f2ng b\u00e0n tay, t\u00fai x\u00e1ch<\/p>\n<p class=\"QN2lPu\">Thi\u1ebft k\u1ebf c\u1ee7a tai nghe kh\u00f4ng d\u00e2y Beats Solo Buds n\u1ed5i b\u1eadt v\u1edbi s\u1ef1 nh\u1ecf g\u1ecdn v\u00e0 ti\u1ec7n l\u1ee3i, cho ph\u00e9p ng\u01b0\u1eddi d\u00f9ng d\u1ec5 d\u00e0ng mang theo b\u00ean m\u00ecnh trong m\u1ecdi ho\u00e0n c\u1ea3nh. H\u1ed9p s\u1ea1c c\u1ee7a tai nghe \u0111\u01b0\u1ee3c thi\u1ebft k\u1ebf tinh t\u1ebf, v\u1eeba v\u1eb7n g\u1ecdn g\u00e0ng trong t\u00fai x\u00e1ch, t\u00fai qu\u1ea7n ho\u1eb7c balo, mang l\u1ea1i s\u1ef1 ti\u1ec7n l\u1ee3i t\u1ed1i \u0111a. <\/p>\n<p class=\"QN2lPu\">\n<p class=\"QN2lPu\">Tai nghe kh\u00f4ng d\u00e2y Beats Solo Buds &#8211; Ki\u1ec3u d\u00e1ng n\u0103ng \u0111\u1ed9ng, ch\u1ea5t \u00e2m l\u00f4i cu\u1ed1n<\/p>\n<p class=\"QN2lPu\">\n<p class=\"QN2lPu\">B\u00ean c\u1ea1nh \u0111\u00f3, \u1ed1ng d\u1eabn \u00e2m c\u1ee7a tai nghe Beats n\u00e0y c\u00f2n n\u1ed5i b\u1eadt v\u1edbi thi\u1ebft k\u1ebf c\u00f4ng th\u00e1i h\u1ecdc, \u0111\u1ea3m b\u1ea3o s\u1ef1 tho\u1ea3i m\u00e1i v\u00e0 ph\u00f9 h\u1ee3p v\u1edbi \u0111a d\u1ea1ng h\u00ecnh d\u1ea1ng tai ng\u01b0\u1eddi d\u00f9ng. Th\u00f4ng qua \u0111\u00f3, n\u00f3 gi\u00fap c\u1ea3i thi\u1ec7n tr\u1ea3i nghi\u1ec7m nghe v\u00e0 gi\u1ea3m thi\u1ec3u t\u00ecnh tr\u1ea1ng m\u1ec7t m\u1ecfi tai trong th\u1eddi gian d\u00e0i s\u1eed d\u1ee5ng.<\/p>\n<p class=\"QN2lPu\">\n<p class=\"QN2lPu\">Dung l\u01b0\u1ee3ng pin \u1ea5n t\u01b0\u1ee3ng, tho\u1ea3i m\u00e1i nghe nh\u1ea1c gi\u1ea3i tr\u00ed su\u1ed1t c\u1ea3 ng\u00e0y d\u00e0i<\/p>\n<p class=\"QN2lPu\">Th\u1eddi l\u01b0\u1ee3ng pin l\u00e0 m\u1ed9t trong nh\u1eefng \u01b0u \u0111i\u1ec3m n\u1ed5i b\u1eadt kh\u00f4ng nh\u1eafc t\u1edbi c\u1ee7a tai nghe kh\u00f4ng d\u00e2y Beats Solo Buds. C\u1ee5 th\u1ec3, Beats Solo Buds cung c\u1ea5p t\u1edbi cho ng\u01b0\u1eddi s\u1eed d\u1ee5ng kh\u1ea3 n\u0103ng ho\u1ea1t \u0111\u1ed9ng li\u00ean t\u1ee5c l\u00ean \u0111\u1ebfn 18 gi\u1edd sau m\u1ed7i l\u1ea7n s\u1ea1c \u0111\u1ea7y. Nh\u1edd v\u1eady m\u00e0 ngay c\u1ea3 trong c\u00e1c ho\u1ea1t \u0111\u1ed9ng li\u00ean t\u1ee5c c\u1ea3 ng\u00e0y d\u00e0i, b\u1ea1n c\u0169ng kh\u00f4ng c\u1ea7n ph\u1ea3i lo l\u1eafng v\u1ec1 vi\u1ec7c s\u1ea1c l\u1ea1i tai nghe qu\u00e1 th\u01b0\u1eddng xuy\u00ean n\u1eefa nh\u00e9! <\/p>\n<p class=\"QN2lPu\">\n<p class=\"QN2lPu\">Tai nghe kh\u00f4ng d\u00e2y Beats Solo Buds &#8211; Ki\u1ec3u d\u00e1ng n\u0103ng \u0111\u1ed9ng, ch\u1ea5t \u00e2m l\u00f4i cu\u1ed1n<\/p>\n<p class=\"QN2lPu\">\n<p class=\"QN2lPu\">H\u01a1n n\u1eefa, Beats Solo Buds c\u0169ng s\u1edf h\u1eefu t\u00ednh n\u0103ng n\u0103ng Fast Fuel, h\u1ed7 tr\u1ee3 ng\u01b0\u1eddi d\u00f9ng ch\u1ec9 c\u1ea7n b\u1ecf ra 5 ph\u00fat s\u1ea1c l\u00e0 \u0111\u00e3 c\u00f3 ngay t\u1edbi 1 gi\u1edd s\u1eed d\u1ee5ng ti\u1ebfp theo. Qua \u0111\u00f3, b\u1ea1n s\u1ebd lu\u00f4n c\u00f3 \u0111\u1ee7 th\u1eddi l\u01b0\u1ee3ng pin \u0111\u1ec3 tho\u1ea3i m\u00e1i \u0111\u1eafm ch\u00ecm trong nh\u1eefng b\u1ea3n nh\u1ea1c y\u00eau th\u00edch ngay c\u1ea3 khi \u0111ang v\u1ed9i.<\/p>\n<p class=\"QN2lPu\">\n<p class=\"QN2lPu\">K\u1ebft n\u1ed1i m\u01b0\u1ee3t m\u00e0 v\u1edbi ti\u00eau chu\u1ea9n Bluetooth 5.3 hi\u1ec7n \u0111\u1ea1i<\/p>\n<p class=\"QN2lPu\">Tai nghe kh\u00f4ng d\u00e2y Beats Solo Buds trang b\u1ecb c\u00f4ng ngh\u1ec7 Bluetooth 5.3, mang l\u1ea1i kh\u1ea3 n\u0103ng k\u1ebft n\u1ed1i m\u01b0\u1ee3t m\u00e0 v\u00e0 \u1ed5n \u0111\u1ecbnh h\u00e0ng \u0111\u1ea7u. V\u1edbi Bluetooth 5.3, b\u1ea1n c\u00f3 th\u1ec3 k\u1ebft n\u1ed1i nhanh ch\u00f3ng v\u1edbi m\u1ecdi thi\u1ebft b\u1ecb, t\u1eeb m\u00e1y t\u00ednh b\u1ea3ng, laptop cho t\u1edbi smartphone, m\u00e0 kh\u00f4ng lo gi\u00e1n \u0111o\u1ea1n v\u1ec1 t\u00edn hi\u1ec7u. \u0110i\u1ec1u n\u00e0y \u0111\u1ea3m b\u1ea3o tr\u1ea3i nghi\u1ec7m nghe nh\u1ea1c li\u00ean t\u1ee5c, kh\u00f4ng b\u1ecb ng\u1eaft qu\u00e3ng b\u1edfi c\u00e1c v\u1ea5n \u0111\u1ec1 k\u1ebft n\u1ed1i th\u01b0\u1eddng g\u1eb7p \u1edf c\u00e1c phi\u00ean b\u1ea3n Bluetooth c\u0169 h\u01a1n.<\/p>\n<p class=\"QN2lPu\">\n<p class=\"QN2lPu\">Tai nghe kh\u00f4ng d\u00e2y Beats Solo Buds &#8211; Ki\u1ec3u d\u00e1ng n\u0103ng \u0111\u1ed9ng, ch\u1ea5t \u00e2m l\u00f4i cu\u1ed1n<\/p>\n<p class=\"QN2lPu\">\n<p class=\"QN2lPu\">Micro c\u1ea3i ti\u1ebfn h\u1ed7 tr\u1ee3 \u0111\u00e0m tho\u1ea1i ch\u1ea5t l\u01b0\u1ee3ng cao<\/p>\n<p class=\"QN2lPu\">Tai nghe kh\u00f4ng d\u00e2y Beats Solo Buds xu\u1ea5t s\u1eafc trong kh\u1ea3 n\u0103ng \u0111\u00e0m tho\u1ea1i nh\u1edd v\u00e0o micr\u00f4 \u0111\u01b0\u1ee3c thi\u1ebft k\u1ebf t\u1eadp trung v\u00e0o gi\u1ecdng n\u00f3i v\u00e0 c\u00f4ng ngh\u1ec7 m\u1edbi n\u00e2ng c\u1ea5p, mang \u0111\u1ebfn ch\u1ea5t l\u01b0\u1ee3ng cu\u1ed9c g\u1ecdi r\u00f5 r\u00e0ng v\u00e0 s\u1eafc n\u00e9t. Micr\u00f4 n\u00e0y c\u00f3 kh\u1ea3 n\u0103ng ch\u1ee7 \u0111\u1ed9ng l\u1ecdc ra ti\u1ebfng \u1ed3n xung quanh, gi\u00fap \u0111\u1ed1i ph\u01b0\u01a1ng nghe th\u1ea5y gi\u1ecdng n\u00f3i m\u1ed9t c\u00e1ch r\u00f5 r\u00e0ng, ngay c\u1ea3 trong m\u00f4i tr\u01b0\u1eddng \u1ed3n \u00e0o nh\u01b0 tr\u00ean ph\u1ed1 hay trong qu\u00e1n c\u00e0 ph\u00ea \u0111\u00f4ng \u0111\u00fac. <\/p>\n<p class=\"QN2lPu\">\n<p class=\"QN2lPu\">Kh\u1ea3 n\u0103ng \u0111\u00e0m tho\u1ea1i tr\u00ean tai nghe Beats Solo Buds<\/p>\n<p class=\"QN2lPu\">\n<p class=\"QN2lPu\">S\u1ef1 k\u1ebft h\u1ee3p gi\u1eefa c\u00f4ng ngh\u1ec7 micr\u00f4 ti\u00ean ti\u1ebfn v\u00e0 kh\u1ea3 n\u0103ng c\u00e1ch \u00e2m th\u1ee5 \u0111\u1ed9ng c\u1ee7a tai nghe \u0111\u1ea3m b\u1ea3o r\u1eb1ng cu\u1ed9c \u0111\u00e0m tho\u1ea1i di\u1ec5n ra m\u01b0\u1ee3t m\u00e0, kh\u00f4ng b\u1ecb gi\u00e1n \u0111o\u1ea1n b\u1edfi c\u00e1c y\u1ebfu t\u1ed1 b\u00ean ngo\u00e0i. Nh\u1edd \u0111\u00f3, Beats Solo Buds tr\u1edf th\u00e0nh l\u1ef1a ch\u1ecdn l\u00fd t\u01b0\u1edfng cho nh\u1eefng ng\u01b0\u1eddi c\u1ea7n li\u00ean l\u1ea1c th\u01b0\u1eddng xuy\u00ean, \u0111\u1eb7c bi\u1ec7t l\u00e0 khi \u0111ang di chuy\u1ec3n. <\/p>\n<p class=\"QN2lPu\">\n<p class=\"QN2lPu\">T\u01b0\u01a1ng th\u00edch v\u01b0\u1ee3t tr\u1ed9i<\/p>\n<p class=\"QN2lPu\">Beats Solo Buds n\u1ed5i b\u1eadt v\u1edbi kh\u1ea3 n\u0103ng t\u01b0\u01a1ng th\u00edch v\u01b0\u1ee3t tr\u1ed9i, \u0111\u1eb7c bi\u1ec7t h\u1eefu \u00edch cho ng\u01b0\u1eddi d\u00f9ng c\u1ea3 hai n\u1ec1n t\u1ea3ng ph\u1ed5 bi\u1ebfn l\u00e0 Apple v\u00e0 Android. \u0110\u1ed1i v\u1edbi ng\u01b0\u1eddi d\u00f9ng Apple, tai nghe n\u00e0y cung c\u1ea5p tr\u1ea3i nghi\u1ec7m s\u1eed d\u1ee5ng li\u1ec1n m\u1ea1ch nh\u1edd v\u00e0o t\u00ednh n\u0103ng gh\u00e9p n\u1ed1i m\u1ed9t ch\u1ea1m, h\u1ed7 tr\u1ee3 tr\u1ee3 l\u00fd \u1ea3o \u201cHey Siri\u201d, v\u00e0 kh\u1ea3 n\u0103ng c\u1eadp nh\u1eadt ph\u1ea7n m\u1ec1m tr\u1ef1c ti\u1ebfp qua k\u1ebft n\u1ed1i kh\u00f4ng d\u00e2y. <\/p>\n<p class=\"QN2lPu\">\n<p class=\"QN2lPu\">Kh\u1ea3 n\u0103ng t\u01b0\u01a1ng th\u00edch  tai nghe Beats Solo Buds<\/p>\n<p class=\"QN2lPu\">\n<p class=\"QN2lPu\">\u0110\u1ed1i v\u1edbi ng\u01b0\u1eddi d\u00f9ng Android, Beats Solo Buds c\u0169ng kh\u00f4ng k\u00e9m ph\u1ea7n \u1ea5n t\u01b0\u1ee3ng v\u1edbi Google Fast Pair cho ph\u00e9p gh\u00e9p n\u1ed1i nhanh ch\u00f3ng v\u00e0 d\u1ec5 d\u00e0ng. Th\u00eam v\u00e0o \u0111\u00f3, t\u00ednh n\u0103ng Chuy\u1ec3n \u0110\u1ed5i \u00c2m Thanh t\u1ed1i \u01b0u h\u00f3a tr\u1ea3i nghi\u1ec7m nghe nh\u1ea1c khi di chuy\u1ec3n gi\u1eefa c\u00e1c thi\u1ebft b\u1ecb Android m\u00e0 kh\u00f4ng g\u1eb7p tr\u1ee5c tr\u1eb7c. T\u00ednh n\u0103ng n\u00e0y r\u1ea5t th\u00edch h\u1ee3p cho nh\u1eefng ng\u01b0\u1eddi th\u01b0\u1eddng xuy\u00ean s\u1eed d\u1ee5ng nhi\u1ec1u thi\u1ebft b\u1ecb v\u00e0 c\u1ea7n m\u1ed9t gi\u1ea3i ph\u00e1p \u00e2m thanh linh ho\u1ea1t.<\/p>\n<\/div>\n","protected":false},"excerpt":{"rendered":"<p>Tai nghe kh\u00f4ng d\u00e2y Beats Solo Buds &#8211; Ki\u1ec3u d\u00e1ng n\u0103ng \u0111\u1ed9ng, ch\u1ea5t \u00e2m l\u00f4i cu\u1ed1n Tai nghe kh\u00f4ng d\u00e2y Beats Solo Buds nh\u1eadn v\u1ec1 nhi\u1ec1u ph\u1ea3n h\u1ed3i t\u1ed1t khi \u0111\u01b0\u1ee3c k\u1ebft h\u1ee3p \u1ea5n t\u01b0\u1ee3ng gi\u1eefa thi\u1ebft k\u1ebf th\u1eddi trang v\u00e0 c\u00f4ng ngh\u1ec7 x\u1eed l\u00fd \u00e2m thanh ti\u00ean ti\u1ebfn. Nh\u1ecf g\u1ecdn nh\u01b0ng m\u1ea1nh m\u1ebd, Beats&#8230;<\/p>\n","protected":false},"featured_media":13974,"comment_status":"open","ping_status":"closed","template":"","meta":[],"product_brand":[],"product_cat":[1217],"product_tag":[],"class_list":{"0":"post-13938","1":"product","2":"type-product","3":"status-publish","4":"has-post-thumbnail","6":"product_cat-headphones","8":"first","9":"instock","10":"sale","11":"featured","12":"shipping-taxable","13":"purchasable","14":"product-type-variable"},"_links":{"self":[{"href":"https:\/\/web-ban-le.mbws.vn\/dien-thoai-su-kien\/wp-json\/wp\/v2\/product\/13938","targetHints":{"allow":["GET"]}}],"collection":[{"href":"https:\/\/web-ban-le.mbws.vn\/dien-thoai-su-kien\/wp-json\/wp\/v2\/product"}],"about":[{"href":"https:\/\/web-ban-le.mbws.vn\/dien-thoai-su-kien\/wp-json\/wp\/v2\/types\/product"}],"replies":[{"embeddable":true,"href":"https:\/\/web-ban-le.mbws.vn\/dien-thoai-su-kien\/wp-json\/wp\/v2\/comments?post=13938"}],"wp:featuredmedia":[{"embeddable":true,"href":"https:\/\/web-ban-le.mbws.vn\/dien-thoai-su-kien\/wp-json\/wp\/v2\/media\/13974"}],"wp:attachment":[{"href":"https:\/\/web-ban-le.mbws.vn\/dien-thoai-su-kien\/wp-json\/wp\/v2\/media?parent=13938"}],"wp:term":[{"taxonomy":"product_brand","embeddable":true,"href":"https:\/\/web-ban-le.mbws.vn\/dien-thoai-su-kien\/wp-json\/wp\/v2\/product_brand?post=13938"},{"taxonomy":"product_cat","embeddable":true,"href":"https:\/\/web-ban-le.mbws.vn\/dien-thoai-su-kien\/wp-json\/wp\/v2\/product_cat?post=13938"},{"taxonomy":"product_tag","embeddable":true,"href":"https:\/\/web-ban-le.mbws.vn\/dien-thoai-su-kien\/wp-json\/wp\/v2\/product_tag?post=13938"}],"curies":[{"name":"wp","href":"https:\/\/api.w.org\/{rel}","templated":true}]}}