{"id":13940,"date":"2025-10-23T13:55:26","date_gmt":"2025-10-23T06:55:26","guid":{"rendered":"https:\/\/web-ban-le.mbws.vn\/dien-thoai-su-kien\/?post_type=product&#038;p=13940"},"modified":"2025-11-05T09:01:03","modified_gmt":"2025-11-05T02:01:03","slug":"may-tinh-bang-ipad-air-2025-m3-chip-11-inch-256gb","status":"publish","type":"product","link":"https:\/\/web-ban-le.mbws.vn\/dien-thoai-su-kien\/san-pham\/may-tinh-bang-ipad-air-2025-m3-chip-11-inch-256gb\/","title":{"rendered":"M\u00e1y t\u00ednh b\u1ea3ng iPad Air 2025, M3 chip, 11 inch, 256GB"},"content":{"rendered":"<div class=\"e8lZp3\">\n<p class=\"QN2lPu\">Th\u00f4ng tin b\u1ea3o h\u00e0nh:<\/p>\n<p class=\"QN2lPu\">\n<p class=\"QN2lPu\">B\u1ea3o h\u00e0nh: 12 th\u00e1ng k\u1ec3 t\u1eeb ng\u00e0y k\u00edch ho\u1ea1t s\u1ea3n ph\u1ea9m.<\/p>\n<p class=\"QN2lPu\">\n<p class=\"QN2lPu\">H\u01b0\u1edbng d\u1eabn ki\u1ec3m tra \u0111\u1ecba \u0111i\u1ec3m b\u1ea3o h\u00e0nh g\u1ea7n nh\u1ea5t:<\/p>\n<p class=\"QN2lPu\">\n<p class=\"QN2lPu\">B\u01b0\u1edbc 1: Truy c\u1eadp v\u00e0o \u0111\u01b0\u1eddng link<\/p>\n<p class=\"QN2lPu\">\n<p class=\"QN2lPu\">B\u01b0\u1edbc 2: Ch\u1ecdn s\u1ea3n ph\u1ea9m.<\/p>\n<p class=\"QN2lPu\">\n<p class=\"QN2lPu\">B\u01b0\u1edbc 3: \u0110i\u1ec1n Apple ID, nh\u1eadp m\u1eadt kh\u1ea9u.<\/p>\n<p class=\"QN2lPu\">\n<p class=\"QN2lPu\">Sau khi ho\u00e0n t\u1ea5t, h\u1ec7 th\u1ed1ng s\u1ebd g\u1ee3i \u00fd nh\u1eefng trung t\u00e2m b\u1ea3o h\u00e0nh g\u1ea7n nh\u1ea5t.<\/p>\n<p class=\"QN2lPu\">\n<p class=\"QN2lPu\">\u0110\u1ec3 thu\u1eadn ti\u1ec7n h\u01a1n trong vi\u1ec7c x\u1eed l\u00fd khi\u1ebfu n\u1ea1i, \u0111\u01a1n h\u00e0ng c\u1ee7a Brand Apple th\u01b0\u1eddng c\u00f3 gi\u00e1 tr\u1ecb cao, Q\u00fay kh\u00e1ch mua h\u00e0ng vui l\u00f2ng quay l\u1ea1i Clip khui m\u1edf ki\u1ec7n h\u00e0ng (kh\u00e1ch quan nh\u1ea5t c\u00f3 th\u1ec3, \u0111\u1ee7 6 m\u1eb7t) gi\u00fap Shopee c\u00f3 th\u00eam c\u0103n c\u1ee9 \u0111\u1ec3 l\u00e0m vi\u1ec7c v\u1edbi c\u00e1c b\u00ean v\u00e0 \u0111\u1ea9y nhanh ti\u1ebfn \u0111\u1ed9 x\u1eed l\u00fd gi\u00fap Q\u00fay kh\u00e1ch mua h\u00e0ng.<\/p>\n<\/div>\n","protected":false},"excerpt":{"rendered":"<p>Th\u00f4ng tin b\u1ea3o h\u00e0nh: B\u1ea3o h\u00e0nh: 12 th\u00e1ng k\u1ec3 t\u1eeb ng\u00e0y k\u00edch ho\u1ea1t s\u1ea3n ph\u1ea9m. H\u01b0\u1edbng d\u1eabn ki\u1ec3m tra \u0111\u1ecba \u0111i\u1ec3m b\u1ea3o h\u00e0nh g\u1ea7n nh\u1ea5t: B\u01b0\u1edbc 1: Truy c\u1eadp v\u00e0o \u0111\u01b0\u1eddng link B\u01b0\u1edbc 2: Ch\u1ecdn s\u1ea3n ph\u1ea9m. B\u01b0\u1edbc 3: \u0110i\u1ec1n Apple ID, nh\u1eadp m\u1eadt kh\u1ea9u. Sau khi ho\u00e0n t\u1ea5t, h\u1ec7 th\u1ed1ng s\u1ebd g\u1ee3i \u00fd nh\u1eefng&#8230;<\/p>\n","protected":false},"featured_media":13930,"comment_status":"open","ping_status":"closed","template":"","meta":[],"product_brand":[],"product_cat":[1219],"product_tag":[],"class_list":{"0":"post-13940","1":"product","2":"type-product","3":"status-publish","4":"has-post-thumbnail","6":"product_cat-apple-may-tinh-bang","8":"first","9":"instock","10":"sale","11":"featured","12":"shipping-taxable","13":"purchasable","14":"product-type-variable"},"_links":{"self":[{"href":"https:\/\/web-ban-le.mbws.vn\/dien-thoai-su-kien\/wp-json\/wp\/v2\/product\/13940","targetHints":{"allow":["GET"]}}],"collection":[{"href":"https:\/\/web-ban-le.mbws.vn\/dien-thoai-su-kien\/wp-json\/wp\/v2\/product"}],"about":[{"href":"https:\/\/web-ban-le.mbws.vn\/dien-thoai-su-kien\/wp-json\/wp\/v2\/types\/product"}],"replies":[{"embeddable":true,"href":"https:\/\/web-ban-le.mbws.vn\/dien-thoai-su-kien\/wp-json\/wp\/v2\/comments?post=13940"}],"wp:featuredmedia":[{"embeddable":true,"href":"https:\/\/web-ban-le.mbws.vn\/dien-thoai-su-kien\/wp-json\/wp\/v2\/media\/13930"}],"wp:attachment":[{"href":"https:\/\/web-ban-le.mbws.vn\/dien-thoai-su-kien\/wp-json\/wp\/v2\/media?parent=13940"}],"wp:term":[{"taxonomy":"product_brand","embeddable":true,"href":"https:\/\/web-ban-le.mbws.vn\/dien-thoai-su-kien\/wp-json\/wp\/v2\/product_brand?post=13940"},{"taxonomy":"product_cat","embeddable":true,"href":"https:\/\/web-ban-le.mbws.vn\/dien-thoai-su-kien\/wp-json\/wp\/v2\/product_cat?post=13940"},{"taxonomy":"product_tag","embeddable":true,"href":"https:\/\/web-ban-le.mbws.vn\/dien-thoai-su-kien\/wp-json\/wp\/v2\/product_tag?post=13940"}],"curies":[{"name":"wp","href":"https:\/\/api.w.org\/{rel}","templated":true}]}}