{"id":13983,"date":"2025-10-23T13:55:47","date_gmt":"2025-10-23T06:55:47","guid":{"rendered":"https:\/\/web-ban-le.mbws.vn\/dien-thoai-su-kien\/?post_type=product&#038;p=13983"},"modified":"2025-11-05T09:01:03","modified_gmt":"2025-11-05T02:01:03","slug":"apple-ipad-mini-7-8-3-inch-wi-fi-128gb","status":"publish","type":"product","link":"https:\/\/web-ban-le.mbws.vn\/dien-thoai-su-kien\/san-pham\/apple-ipad-mini-7-8-3-inch-wi-fi-128gb\/","title":{"rendered":"Apple iPad mini 7 8.3-inch Wi-Fi 128GB"},"content":{"rendered":"<div class=\"e8lZp3\">\n<p class=\"QN2lPu\">\u0110\u1eb7c \u0111i\u1ec3m n\u1ed5i b\u1eadt<\/p>\n<p class=\"QN2lPu\">iPad Mini 7 2024 s\u1edf h\u1eefu thi\u1ebft k\u1ebf si\u00eau nh\u1ecf g\u1ecdn v\u00e0 nh\u1eb9, v\u1edbi m\u00e0n h\u00ecnh Retina 8.3 inch s\u1eafc n\u00e9t v\u00e0 h\u1ed7 tr\u1ee3 True Tone.<\/p>\n<p class=\"QN2lPu\">\u0110\u01b0\u1ee3c trang b\u1ecb chip A17 Pro m\u1ea1nh m\u1ebd, iPad Mini 7 \u0111\u1ea3m b\u1ea3o hi\u1ec7u su\u1ea5t \u1ed5n \u0111\u1ecbnh cho m\u1ecdi t\u00e1c v\u1ee5 t\u1eeb l\u01b0\u1edbt web, xem phim \u0111\u1ebfn ch\u01a1i game.<\/p>\n<p class=\"QN2lPu\">Dung l\u01b0\u1ee3ng l\u01b0u tr\u1eef 128GB cung c\u1ea5p \u0111\u1ee7 kh\u00f4ng gian \u0111\u1ec3 l\u01b0u tr\u1eef c\u00e1c t\u00e0i li\u1ec7u, \u1ea3nh, video v\u00e0 \u1ee9ng d\u1ee5ng y\u00eau th\u00edch c\u1ee7a ng\u01b0\u1eddi d\u00f9ng.<\/p>\n<p class=\"QN2lPu\">Camera 12MP \u1edf m\u1eb7t tr\u01b0\u1edbc v\u00e0 camera 12MP \u1edf m\u1eb7t sau gi\u00fap ch\u1ee5p \u1ea3nh, quay video ch\u1ea5t l\u01b0\u1ee3ng cao ph\u1ee5c v\u1ee5 c\u00f4ng vi\u1ec7c c\u0169ng nh\u01b0 chia s\u1ebb tr\u00ean m\u1ea1ng x\u00e3 h\u1ed9i.<\/p>\n<p class=\"QN2lPu\">iPad mini 7 cung c\u1ea5p kh\u1ea3 n\u0103ng hi\u1ec3n th\u1ecb v\u1edbi \u0111\u1ed9 ch\u00e2n th\u1ef1c, s\u1ed1ng \u0111\u1ed9ng cao nh\u1edd \u0111\u01b0\u1ee3c \u01b0u \u00e1i trang b\u1ecb t\u1ea5m n\u1ec1n m\u00e0n h\u00ecnh Liquid Retina 8.3 inch th\u1ebf h\u1ec7 m\u1edbi. S\u1ee9c m\u1ea1nh x\u1eed l\u00fd, t\u00ednh to\u00e1n c\u1ee7a m\u00e1y t\u1edbi t\u1eeb chip A17 Pro , gi\u00fap c\u1ea3i thi\u1ec7n hi\u1ec7u su\u1ea5t, mang \u0111\u1ebfn kh\u1ea3 n\u0103ng x\u1eed l\u00fd m\u01b0\u1ee3t m\u00e0 cho c\u00e1c t\u00e1c v\u1ee5 \u0111a nhi\u1ec7m. \u1ea4n t\u01b0\u1ee3ng h\u01a1n, th\u1ebf h\u1ec7 iPad Mini hi\u1ec7n \u0111\u1ea1i n\u00e0y c\u00f2n s\u1edf h\u1eefu camera sau 12MP v\u00e0 quay video 4K, cho ph\u00e9p ghi l\u1ea1i nh\u1eefng kho\u1ea3nh kh\u1eafc ch\u1ea5t l\u01b0\u1ee3ng cao m\u1ed9t c\u00e1ch d\u1ec5 d\u00e0ng.<\/p>\n<p class=\"QN2lPu\">\n<p class=\"QN2lPu\">V\u00ec sao n\u00ean mua m\u00e1y t\u00ednh b\u1ea3ng iPad mini 7<\/p>\n<p class=\"QN2lPu\">M\u00e1y t\u00ednh b\u1ea3ng iPad mini 7 s\u1edf h\u1eefu nhi\u1ec1u thi\u1ebft k\u1ebf c\u00f9ng t\u00ednh n\u0103ng n\u1ed5i b\u1eadt h\u1ee9a h\u1eb9n mang l\u1ea1i cho ng\u01b0\u1eddi d\u00f9ng nh\u1eefng tr\u1ea3i nghi\u1ec7m d\u00f9ng nh\u01b0:<\/p>\n<p class=\"QN2lPu\">\n<p class=\"QN2lPu\">&#8211; Chip Apple A17 Pro: Cho t\u1ed1c \u0111\u1ed9 x\u1eed l\u00fd CPU nhanh h\u01a1n 30% v\u00e0 GPU nhanh h\u01a1n 25%<\/p>\n<p class=\"QN2lPu\">\n<p class=\"QN2lPu\">&#8211; B\u00fat Apple Pencil Pro: Th\u1ecfa s\u1ee9c s\u00e1ng t\u1ea1o, ghi ch\u00fa<\/p>\n<p class=\"QN2lPu\">\n<p class=\"QN2lPu\">&#8211; Apple Intelligence th\u00f4ng minh: H\u1ec7 th\u1ed1ng tr\u00ed tu\u1ec7 nh\u00e2n t\u1ea1o T\u1ed1i \u01b0u s\u1eed d\u1ee5ng v\u1edbi d\u1ecbch thu\u1eadt th\u00f4ng minh, Siri c\u1ea3i ti\u1ebfn<\/p>\n<p class=\"QN2lPu\">\n<p class=\"QN2lPu\">&#8211; Thi\u1ebft k\u1ebf sang tr\u1ecdng v\u1edbi v\u1ecf m\u00e1y nh\u00f4m t\u00e1i ch\u1ebf, m\u00e0n h\u00ecnh Liquid Retina 8,3 inch hi\u1ec3n th\u1ecb s\u1ed1ng \u0111\u1ed9ng<\/p>\n<p class=\"QN2lPu\">\n<p class=\"QN2lPu\">T\u01b0\u01a1ng th\u00edch<\/p>\n<p class=\"QN2lPu\">\n<p class=\"QN2lPu\">H\u1ed7 tr\u1ee3 Apple Pencil Pro + Apple Pencil (USB\u2011C)<\/p>\n<p class=\"QN2lPu\">T\u00ednh n\u0103ng l\u01b0\u1edbt c\u1ee7a Apple Pencil<\/p>\n<p class=\"QN2lPu\">\n<p class=\"QN2lPu\">Apple Pencil 2<\/p>\n<p class=\"QN2lPu\">Apple Pencil USB-C 2023<\/p>\n<p class=\"QN2lPu\">\n<p class=\"QN2lPu\">Nh\u01b0 v\u1eady, so v\u1edbi th\u1ebf h\u1ec7 tr\u01b0\u1edbc th\u00ec iPad mini 7 s\u1edf h\u1eefu m\u00e0u xanh d\u01b0\u01a1ng m\u1edbi c\u0169ng nh\u01b0 n\u00e2ng c\u1ea5p v\u1ec1 phi\u00ean b\u1ea3n c\u1ea5u h\u00ecnh (128GB &#8211; 256GB &#8211; 512GB).<\/p>\n<p class=\"QN2lPu\">\n<p class=\"QN2lPu\">iPad mini 7 &#8211; C\u1ea5u h\u00ecnh m\u1ea1nh m\u1ebd c\u00f9ng kh\u1ea3 n\u0103ng hi\u1ec3n th\u1ecb si\u00eau s\u1eafc n\u00e9t, s\u1ed1ng \u0111\u1ed9ng<\/p>\n<p class=\"QN2lPu\">iPad mini 7 l\u00e0 d\u00f2ng m\u00e1y t\u00ednh b\u1ea3ng \u0111a n\u0103ng, s\u1eb5n s\u00e0ng \u0111\u1ed3ng h\u00e0nh c\u00f9ng ng\u01b0\u1eddi d\u00f9ng x\u1eed l\u00fd c\u00f4ng vi\u1ec7c hay xem phim, ch\u01a1i game gi\u1ea3i tr\u00ed m\u01b0\u1ee3t m\u00e0. Kh\u00f4ng ch\u1ec9 \u0111\u01b0\u1ee3c trang b\u1ecb c\u1ea5u h\u00ecnh m\u1ea1nh m\u1ebd, m\u00e0 iPad Mini th\u1ebf h\u1ec7 th\u1ee9 7 n\u00e0y c\u00f2n s\u1edf h\u1eefu thi\u1ebft k\u1ebf nh\u1ecf g\u1ecdn, d\u1ec5 c\u1ea7m n\u1eafm, ph\u00f9 h\u1ee3p cho c\u1ea3 ng\u01b0\u1eddi d\u00f9ng di \u0111\u1ed9ng.<\/p>\n<p class=\"QN2lPu\">\n<p class=\"QN2lPu\">Cung c\u1ea5p hi\u1ec7u su\u1ea5t v\u01b0\u1ee3t tr\u1ed9i v\u1edbi CPU m\u1ea1nh m\u1ebd c\u00f9ng b\u1ed9 nh\u1edb \u1ed5n \u0111\u1ecbnh<\/p>\n<p class=\"QN2lPu\">S\u1ee9c m\u1ea1nh c\u1ee7a iPad mini 7 \u0111\u1ebfn t\u1eeb chip A17 Pro , CPU 6 l\u00f5i v\u1edbi 2 l\u00f5i hi\u1ec7u n\u0103ng cao v\u00e0 4 l\u00f5i ti\u1ebft ki\u1ec7m \u0111i\u1ec7n. B\u1ed9 x\u1eed l\u00fd n\u00e0y cho ph\u00e9p m\u00e1y ho\u1ea1t \u0111\u1ed9ng nhanh ch\u00f3ng v\u00e0 m\u01b0\u1ee3t m\u00e0, \u0111\u1eb7c bi\u1ec7t trong c\u00e1c t\u00e1c v\u1ee5 \u0111\u00f2i h\u1ecfi cao nh\u01b0 ch\u01a1i game \u0111\u1ed3 h\u1ecda n\u1eb7ng, ch\u1ec9nh s\u1eeda video ho\u1eb7c \u1ee9ng d\u1ee5ng th\u1ef1c t\u1ebf \u1ea3o. <\/p>\n<p class=\"QN2lPu\">\n<p class=\"QN2lPu\">C\u1ea5u h\u00ecnh iPad mini 7<\/p>\n<p class=\"QN2lPu\">\n<p class=\"QN2lPu\">Ngo\u00e0i ra, GPU 5 l\u00f5i tr\u00ean th\u1ebf h\u1ec7 iPad n\u00e0y c\u0169ng \u0111\u1ea3m b\u1ea3o kh\u1ea3 n\u0103ng x\u1eed l\u00fd \u0111\u1ed3 h\u1ecda t\u1ed1i \u01b0u, gi\u00fap h\u00ecnh \u1ea3nh v\u00e0 hi\u1ec7u \u1ee9ng hi\u1ec3n th\u1ecb s\u1ed1ng \u0111\u1ed9ng h\u01a1n. \u1ea4n t\u01b0\u1ee3ng h\u01a1n, iPad Mini7 c\u00f2n \u0111i k\u00e8m v\u1edbi b\u1ed9 nh\u1edb trong 128GB, cho ph\u00e9p ng\u01b0\u1eddi d\u00f9ng d\u1ec5 d\u00e0ng l\u01b0u tr\u1eef d\u1eef li\u1ec7u, \u1ee9ng d\u1ee5ng m\u00e0 kh\u00f4ng lo h\u1ebft dung l\u01b0\u1ee3ng, t\u1ea1o s\u1ef1 linh ho\u1ea1t trong c\u00f4ng vi\u1ec7c l\u1eabn gi\u1ea3i tr\u00ed.<\/p>\n<p class=\"QN2lPu\">\n<p class=\"QN2lPu\">M\u00e0n h\u00ecnh Liquid Retina 8.3inch s\u1eafc n\u00e9t c\u00f9ng thi\u1ebft k\u1ebf nh\u1ecf g\u1ecdn, d\u1ec5 c\u1ea7m n\u1eafm<\/p>\n<p class=\"QN2lPu\">M\u00e0n h\u00ecnh Liquid Retina 8.3 inch c\u1ee7a iPad mini 7 kh\u00f4ng ch\u1ec9 mang l\u1ea1i h\u00ecnh \u1ea3nh s\u1eafc n\u00e9t m\u00e0 c\u00f2n c\u00f3 \u0111\u1ed9 s\u00e1ng 500 nits, h\u1ed7 tr\u1ee3 d\u1ea3i m\u00e0u r\u1ed9ng P3 v\u00e0 c\u00f4ng ngh\u1ec7 True Tone. Th\u00f4ng qua \u0111i\u1ec3m c\u1ed9ng v\u1ec1 m\u00e0n h\u00ecnh n\u00e0y, iPad Mini th\u1ebf h\u1ec7 th\u1ee9 7 h\u1ed7 tr\u1ee3 hi\u1ec3n th\u1ecb m\u00e0u s\u1eafc ch\u00ednh x\u00e1c, d\u1ec5 nh\u00ecn trong nhi\u1ec1u \u0111i\u1ec1u ki\u1ec7n \u00e1nh s\u00e1ng kh\u00e1c nhau. K\u00e8m theo \u0111\u00f3 l\u00e0 l\u1edbp ph\u1ee7 ch\u1ed1ng ph\u1ea3n chi\u1ebfu v\u00e0 ch\u1ed1ng v\u00e2n tay, gi\u00fap ng\u01b0\u1eddi d\u00f9ng c\u00f3 th\u1ec3 s\u1eed d\u1ee5ng thi\u1ebft b\u1ecb trong th\u1eddi gian d\u00e0i m\u00e0 kh\u00f4ng lo b\u00e1m d\u1ea5u m\u1edd tr\u00ean m\u00e0n h\u00ecnh.<\/p>\n<p class=\"QN2lPu\">\n<p class=\"QN2lPu\">V\u1ec1 m\u1eb7t thi\u1ebft k\u1ebf, iPad Mini7 c\u0169ng \u0111\u01b0\u1ee3c \u0111\u00e1nh gi\u00e1 cao v\u1ec1 s\u1ef1 nh\u1ecf g\u1ecdn v\u1edbi tr\u1ecdng l\u01b0\u1ee3ng ch\u1ec9 293 gram, gi\u00fap ng\u01b0\u1eddi d\u00f9ng d\u1ec5 d\u00e0ng c\u1ea7m n\u1eafm ho\u1eb7c mang theo b\u00ean m\u00ecnh khi di chuy\u1ec3n.<\/p>\n<p class=\"QN2lPu\">\n<p class=\"QN2lPu\">M\u00e0n h\u00ecnh iPad mini 7<\/p>\n<p class=\"QN2lPu\">\n<p class=\"QN2lPu\">T\u01b0\u01a1ng th\u00edch \u1ed5n \u0111\u1ecbnh, linh ho\u1ea1t v\u1edbi Apple Pencil Pro c\u00f9ng b\u00e0n ph\u00edm r\u1eddi<\/p>\n<p class=\"QN2lPu\">Ngo\u00e0i nh\u1eefng \u0111i\u1ec3m c\u1ed9ng tr\u00ean n\u00e0y th\u00ec iPad mini 7 c\u00f2n ghi \u0111i\u1ec3m nh\u1edd kh\u1ea3 n\u0103ng t\u01b0\u01a1ng th\u00edch \u1ed5n \u0111\u1ecbnh v\u1edbi b\u00fat c\u1ea3m \u1ee9ng Pencil Pro c\u1ee7a Apple. Theo \u0111\u00f3, d\u00f2ng b\u00fat c\u1ea3m \u1ee9ng n\u00e0y cung c\u1ea5p \u0111\u1ed9 ch\u00ednh x\u00e1c cao v\u00e0 \u0111\u1ed9 tr\u1ec5 c\u1ef1c th\u1ea5p, r\u1ea5t l\u00fd t\u01b0\u1edfng cho c\u00e1c t\u00e1c v\u1ee5 v\u1ebd, ghi ch\u00fa, ho\u1eb7c thi\u1ebft k\u1ebf \u0111\u1ed3 h\u1ecda. \u0110\u1ed3ng th\u1eddi, kh\u1ea3 n\u0103ng k\u1ebft n\u1ed1i kh\u00f4ng d\u00e2y v\u00e0 s\u1ea1c t\u1eeb t\u00ednh ti\u1ec7n l\u1ee3i cho b\u00fat Apple Pencil Pro c\u1ee7a m\u00e1y c\u0169ng gi\u00fap ng\u01b0\u1eddi d\u00f9ng kh\u00f4ng lo b\u00fat h\u1ebft pin khi c\u1ea7n s\u1eed d\u1ee5ng. <\/p>\n<p class=\"QN2lPu\">\n<p class=\"QN2lPu\">Ch\u01b0a h\u1ebft, iPad mini 7 c\u00f2n h\u1ed7 tr\u1ee3 k\u1ebft n\u1ed1i b\u00e0n ph\u00edm r\u1eddi linh ho\u1ea1t, bi\u1ebfn thi\u1ebft b\u1ecb tr\u1edf th\u00e0nh m\u1ed9t c\u00f4ng c\u1ee5 l\u00e0m vi\u1ec7c hi\u1ec7u qu\u1ea3, t\u01b0\u01a1ng \u0111\u01b0\u01a1ng v\u1edbi m\u1ed9t chi\u1ebfc laptop mini.<\/p>\n<p class=\"QN2lPu\">\n<p class=\"QN2lPu\">T\u00ednh n\u0103ng iPad mini 7<\/p>\n<p class=\"QN2lPu\">\n<p class=\"QN2lPu\">T\u1eadn h\u01b0\u1edfng tr\u1ea3i nghi\u1ec7m s\u1eed d\u1ee5ng li\u00ean t\u1ee5c nhi\u1ec1u gi\u1edd v\u1edbi dung l\u01b0\u1ee3ng pin l\u1edbn<\/p>\n<p class=\"QN2lPu\">V\u1edbi dung l\u01b0\u1ee3ng pin 19.3 watt-gi\u1edd, iPad mini 7 cung c\u1ea5p th\u1eddi l\u01b0\u1ee3ng s\u1eed d\u1ee5ng d\u00e0i, \u0111\u00e1p \u1ee9ng nhu c\u1ea7u l\u00e0m vi\u1ec7c v\u00e0 gi\u1ea3i tr\u00ed su\u1ed1t c\u1ea3 ng\u00e0y. N\u1ebfu b\u1ea1n th\u01b0\u1eddng xuy\u00ean ph\u1ea3i di chuy\u1ec3n ho\u1eb7c s\u1eed d\u1ee5ng m\u00e1y trong c\u00e1c chuy\u1ebfn c\u00f4ng t\u00e1c, du l\u1ecbch d\u00f2ng iPad Mini n\u00e0y v\u1edbi th\u1eddi l\u01b0\u1ee3ng pin l\u1edbn h\u1ee9a h\u1eb9n s\u1ebd l\u00e0 l\u1ef1a ch\u1ecdn tablet n\u00ean s\u1edf h\u1eefu. <\/p>\n<p class=\"QN2lPu\">\n<p class=\"QN2lPu\">Pin iPad mini 7<\/p>\n<p class=\"QN2lPu\">\n<p class=\"QN2lPu\">Ngo\u00e0i ra, c\u1ed5ng s\u1ea1c USB Type-C tr\u00ean m\u00e1y c\u0169ng h\u1ed7 tr\u1ee3 qu\u00e1 tr\u00ecnh n\u1ea1p pin di\u1ec5n ra nhanh h\u01a1n v\u00e0 h\u1ed7 tr\u1ee3 truy\u1ec1n d\u1eef li\u1ec7u v\u1edbi t\u1ed1c \u0111\u1ed9 cao, t\u1ed1i \u01b0u h\u00f3a th\u1eddi gian s\u1eed d\u1ee5ng. Nh\u1edd v\u1eady m\u00e0 ng\u01b0\u1eddi d\u00f9ng c\u00f3 th\u1ec3 t\u1eadn h\u01b0\u1edfng c\u00e1c t\u00e1c v\u1ee5 nh\u01b0 xem phim, duy\u1ec7t web ho\u1eb7c ch\u01a1i game li\u00ean t\u1ee5c m\u00e0 kh\u00f4ng lo gi\u00e1n \u0111o\u1ea1n tr\u1ea3i nghi\u1ec7m do h\u1ebft pin gi\u1eefa ch\u1eebng.<\/p>\n<\/div>\n","protected":false},"excerpt":{"rendered":"<p>\u0110\u1eb7c \u0111i\u1ec3m n\u1ed5i b\u1eadt iPad Mini 7 2024 s\u1edf h\u1eefu thi\u1ebft k\u1ebf si\u00eau nh\u1ecf g\u1ecdn v\u00e0 nh\u1eb9, v\u1edbi m\u00e0n h\u00ecnh Retina 8.3 inch s\u1eafc n\u00e9t v\u00e0 h\u1ed7 tr\u1ee3 True Tone. \u0110\u01b0\u1ee3c trang b\u1ecb chip A17 Pro m\u1ea1nh m\u1ebd, iPad Mini 7 \u0111\u1ea3m b\u1ea3o hi\u1ec7u su\u1ea5t \u1ed5n \u0111\u1ecbnh cho m\u1ecdi t\u00e1c v\u1ee5 t\u1eeb l\u01b0\u1edbt web, xem&#8230;<\/p>\n","protected":false},"featured_media":14015,"comment_status":"open","ping_status":"closed","template":"","meta":[],"product_brand":[],"product_cat":[1219],"product_tag":[],"class_list":{"0":"post-13983","1":"product","2":"type-product","3":"status-publish","4":"has-post-thumbnail","6":"product_cat-apple-may-tinh-bang","8":"first","9":"instock","10":"sale","11":"featured","12":"shipping-taxable","13":"purchasable","14":"product-type-variable"},"_links":{"self":[{"href":"https:\/\/web-ban-le.mbws.vn\/dien-thoai-su-kien\/wp-json\/wp\/v2\/product\/13983","targetHints":{"allow":["GET"]}}],"collection":[{"href":"https:\/\/web-ban-le.mbws.vn\/dien-thoai-su-kien\/wp-json\/wp\/v2\/product"}],"about":[{"href":"https:\/\/web-ban-le.mbws.vn\/dien-thoai-su-kien\/wp-json\/wp\/v2\/types\/product"}],"replies":[{"embeddable":true,"href":"https:\/\/web-ban-le.mbws.vn\/dien-thoai-su-kien\/wp-json\/wp\/v2\/comments?post=13983"}],"wp:featuredmedia":[{"embeddable":true,"href":"https:\/\/web-ban-le.mbws.vn\/dien-thoai-su-kien\/wp-json\/wp\/v2\/media\/14015"}],"wp:attachment":[{"href":"https:\/\/web-ban-le.mbws.vn\/dien-thoai-su-kien\/wp-json\/wp\/v2\/media?parent=13983"}],"wp:term":[{"taxonomy":"product_brand","embeddable":true,"href":"https:\/\/web-ban-le.mbws.vn\/dien-thoai-su-kien\/wp-json\/wp\/v2\/product_brand?post=13983"},{"taxonomy":"product_cat","embeddable":true,"href":"https:\/\/web-ban-le.mbws.vn\/dien-thoai-su-kien\/wp-json\/wp\/v2\/product_cat?post=13983"},{"taxonomy":"product_tag","embeddable":true,"href":"https:\/\/web-ban-le.mbws.vn\/dien-thoai-su-kien\/wp-json\/wp\/v2\/product_tag?post=13983"}],"curies":[{"name":"wp","href":"https:\/\/api.w.org\/{rel}","templated":true}]}}