{"id":14031,"date":"2025-10-23T13:56:08","date_gmt":"2025-10-23T06:56:08","guid":{"rendered":"https:\/\/web-ban-le.mbws.vn\/dien-thoai-su-kien\/?post_type=product&#038;p=14031"},"modified":"2025-11-05T09:01:02","modified_gmt":"2025-11-05T02:01:02","slug":"dien-thoai-apple-iphone-air-512gb","status":"publish","type":"product","link":"https:\/\/web-ban-le.mbws.vn\/dien-thoai-su-kien\/san-pham\/dien-thoai-apple-iphone-air-512gb\/","title":{"rendered":"\u0110i\u1ec7n tho\u1ea1i Apple iPhone Air 512GB"},"content":{"rendered":"<div class=\"e8lZp3\">\n<div class=\"QN2lPu\">\n<div style=\"position: relative; width: 100%; padding-bottom: 116.009%;\"><picture class=\"UkIsx8\"><source srcset=\"https:\/\/down-vn.img.susercontent.com\/file\/vn-11134208-820l4-mei4bnvim03q98@resize_w875_nl.webp 1x, https:\/\/down-vn.img.susercontent.com\/file\/vn-11134208-820l4-mei4bnvim03q98@resize_w1750_nl.webp 2x\" type=\"image\/webp\" class=\"UkIsx8\"><img decoding=\"async\" width=\"875\" loading=\"lazy\" class=\"uXN1L5 lazyload GqYslU\" srcset=\"https:\/\/down-vn.img.susercontent.com\/file\/vn-11134208-820l4-mei4bnvim03q98@resize_w875_nl 1x, https:\/\/down-vn.img.susercontent.com\/file\/vn-11134208-820l4-mei4bnvim03q98@resize_w1750_nl 2x\" src=\"https:\/\/down-vn.img.susercontent.com\/file\/vn-11134208-820l4-mei4bnvim03q98\" height=\"1015\"><\/picture><\/div>\n<\/div>\n<div class=\"QN2lPu\">\n<div style=\"position: relative; width: 100%; padding-bottom: 80.9717%;\"><picture class=\"UkIsx8\"><source srcset=\"https:\/\/down-vn.img.susercontent.com\/file\/vn-11134208-820l4-mei4bnvineo65b@resize_w875_nl.webp 1x, https:\/\/down-vn.img.susercontent.com\/file\/vn-11134208-820l4-mei4bnvineo65b@resize_w1750_nl.webp 2x\" type=\"image\/webp\" class=\"UkIsx8\"><img decoding=\"async\" width=\"875\" loading=\"lazy\" class=\"uXN1L5 lazyload GqYslU\" srcset=\"https:\/\/down-vn.img.susercontent.com\/file\/vn-11134208-820l4-mei4bnvineo65b@resize_w875_nl 1x, https:\/\/down-vn.img.susercontent.com\/file\/vn-11134208-820l4-mei4bnvineo65b@resize_w1750_nl 2x\" src=\"https:\/\/down-vn.img.susercontent.com\/file\/vn-11134208-820l4-mei4bnvineo65b\" height=\"709\"><\/picture><\/div>\n<\/div>\n<div class=\"QN2lPu\">\n<div style=\"position: relative; width: 100%; padding-bottom: 94.2507%;\"><picture class=\"UkIsx8\"><source srcset=\"https:\/\/down-vn.img.susercontent.com\/file\/vn-11134208-820l4-mei4bnviot8m00@resize_w875_nl.webp 1x, https:\/\/down-vn.img.susercontent.com\/file\/vn-11134208-820l4-mei4bnviot8m00@resize_w1750_nl.webp 2x\" type=\"image\/webp\" class=\"UkIsx8\"><img decoding=\"async\" width=\"875\" loading=\"lazy\" class=\"uXN1L5 lazyload GqYslU\" srcset=\"https:\/\/down-vn.img.susercontent.com\/file\/vn-11134208-820l4-mei4bnviot8m00@resize_w875_nl 1x, https:\/\/down-vn.img.susercontent.com\/file\/vn-11134208-820l4-mei4bnviot8m00@resize_w1750_nl 2x\" src=\"https:\/\/down-vn.img.susercontent.com\/file\/vn-11134208-820l4-mei4bnviot8m00\" height=\"825\"><\/picture><\/div>\n<\/div>\n<div class=\"QN2lPu\">\n<div style=\"position: relative; width: 100%; padding-bottom: 67.5676%;\"><picture class=\"UkIsx8\"><source srcset=\"https:\/\/down-vn.img.susercontent.com\/file\/vn-11134208-820l4-mei4giw5le68ec@resize_w875_nl.webp 1x, https:\/\/down-vn.img.susercontent.com\/file\/vn-11134208-820l4-mei4giw5le68ec@resize_w1750_nl.webp 2x\" type=\"image\/webp\" class=\"UkIsx8\"><img decoding=\"async\" width=\"875\" loading=\"lazy\" class=\"uXN1L5 lazyload GqYslU\" srcset=\"https:\/\/down-vn.img.susercontent.com\/file\/vn-11134208-820l4-mei4giw5le68ec@resize_w875_nl 1x, https:\/\/down-vn.img.susercontent.com\/file\/vn-11134208-820l4-mei4giw5le68ec@resize_w1750_nl 2x\" src=\"https:\/\/down-vn.img.susercontent.com\/file\/vn-11134208-820l4-mei4giw5le68ec\" height=\"591\"><\/picture><\/div>\n<\/div>\n<div class=\"QN2lPu\">\n<div style=\"position: relative; width: 100%; padding-bottom: 194.553%;\"><picture class=\"UkIsx8\"><source srcset=\"https:\/\/down-vn.img.susercontent.com\/file\/vn-11134208-820l4-mei4giw8ljwm58@resize_w875_nl.webp 1x, https:\/\/down-vn.img.susercontent.com\/file\/vn-11134208-820l4-mei4giw8ljwm58@resize_w1750_nl.webp 2x\" type=\"image\/webp\" class=\"UkIsx8\"><img decoding=\"async\" width=\"875\" loading=\"lazy\" class=\"uXN1L5 lazyload GqYslU\" srcset=\"https:\/\/down-vn.img.susercontent.com\/file\/vn-11134208-820l4-mei4giw8ljwm58@resize_w875_nl 1x, https:\/\/down-vn.img.susercontent.com\/file\/vn-11134208-820l4-mei4giw8ljwm58@resize_w1750_nl 2x\" src=\"https:\/\/down-vn.img.susercontent.com\/file\/vn-11134208-820l4-mei4giw8ljwm58\" height=\"1702\"><\/picture><\/div>\n<\/div>\n<div class=\"QN2lPu\">\n<div style=\"position: relative; width: 100%; padding-bottom: 70.5219%;\"><picture class=\"UkIsx8\"><source srcset=\"https:\/\/down-vn.img.susercontent.com\/file\/vn-11134208-820l4-mei4giw8myh238@resize_w875_nl.webp 1x, https:\/\/down-vn.img.susercontent.com\/file\/vn-11134208-820l4-mei4giw8myh238@resize_w1750_nl.webp 2x\" type=\"image\/webp\" class=\"UkIsx8\"><img decoding=\"async\" width=\"875\" loading=\"lazy\" class=\"uXN1L5 lazyload GqYslU\" srcset=\"https:\/\/down-vn.img.susercontent.com\/file\/vn-11134208-820l4-mei4giw8myh238@resize_w875_nl 1x, https:\/\/down-vn.img.susercontent.com\/file\/vn-11134208-820l4-mei4giw8myh238@resize_w1750_nl 2x\" src=\"https:\/\/down-vn.img.susercontent.com\/file\/vn-11134208-820l4-mei4giw8myh238\" height=\"617\"><\/picture><\/div>\n<\/div>\n<div class=\"QN2lPu\">\n<div style=\"position: relative; width: 100%; padding-bottom: 73.4214%;\"><picture class=\"UkIsx8\"><source srcset=\"https:\/\/down-vn.img.susercontent.com\/file\/vn-11134208-820l4-mei4giw8od1ia3@resize_w875_nl.webp 1x, https:\/\/down-vn.img.susercontent.com\/file\/vn-11134208-820l4-mei4giw8od1ia3@resize_w1750_nl.webp 2x\" type=\"image\/webp\" class=\"UkIsx8\"><img decoding=\"async\" width=\"875\" loading=\"lazy\" class=\"uXN1L5 lazyload QSLoEa GqYslU\" srcset=\"https:\/\/down-vn.img.susercontent.com\/file\/vn-11134208-820l4-mei4giw8od1ia3@resize_w875_nl 1x, https:\/\/down-vn.img.susercontent.com\/file\/vn-11134208-820l4-mei4giw8od1ia3@resize_w1750_nl 2x\" src=\"https:\/\/down-vn.img.susercontent.com\/file\/vn-11134208-820l4-mei4giw8od1ia3\" height=\"642\"><\/picture><\/div>\n<\/div>\n<div class=\"QN2lPu\">\n<div style=\"position: relative; width: 100%; padding-bottom: 80.5153%;\"><picture class=\"UkIsx8\"><source srcset=\"https:\/\/down-vn.img.susercontent.com\/file\/vn-11134208-820l4-mei4giw8prly3c@resize_w875_nl.webp 1x, https:\/\/down-vn.img.susercontent.com\/file\/vn-11134208-820l4-mei4giw8prly3c@resize_w1750_nl.webp 2x\" type=\"image\/webp\" class=\"UkIsx8\"><img decoding=\"async\" width=\"875\" loading=\"lazy\" class=\"uXN1L5 lazyload QSLoEa GqYslU\" srcset=\"https:\/\/down-vn.img.susercontent.com\/file\/vn-11134208-820l4-mei4giw8prly3c@resize_w875_nl 1x, https:\/\/down-vn.img.susercontent.com\/file\/vn-11134208-820l4-mei4giw8prly3c@resize_w1750_nl 2x\" src=\"https:\/\/down-vn.img.susercontent.com\/file\/vn-11134208-820l4-mei4giw8prly3c\" height=\"705\"><\/picture><\/div>\n<\/div>\n<p class=\"QN2lPu\">\n<p class=\"QN2lPu\">Th\u00f4ng tin b\u1ea3o h\u00e0nh:<\/p>\n<p class=\"QN2lPu\">B\u1ea3o h\u00e0nh: 12 th\u00e1ng k\u1ec3 t\u1eeb ng\u00e0y k\u00edch ho\u1ea1t s\u1ea3n ph\u1ea9m.<\/p>\n<p class=\"QN2lPu\">K\u00edch ho\u1ea1t b\u1ea3o h\u00e0nh t\u1ea1i: https:\/\/checkcoverage.apple.com\/vn\/en\/<\/p>\n<p class=\"QN2lPu\">\n<p class=\"QN2lPu\">H\u01b0\u1edbng d\u1eabn ki\u1ec3m tra \u0111\u1ecba \u0111i\u1ec3m b\u1ea3o h\u00e0nh g\u1ea7n nh\u1ea5t:<\/p>\n<p class=\"QN2lPu\">B\u01b0\u1edbc 1: Truy c\u1eadp v\u00e0o \u0111\u01b0\u1eddng link https:\/\/getsupport.apple.com\/?caller=grl&amp;locale=en_VN<\/p>\n<p class=\"QN2lPu\">B\u01b0\u1edbc 2: Ch\u1ecdn s\u1ea3n ph\u1ea9m.<\/p>\n<p class=\"QN2lPu\">B\u01b0\u1edbc 3: \u0110i\u1ec1n Apple ID, nh\u1eadp m\u1eadt kh\u1ea9u.<\/p>\n<p class=\"QN2lPu\">Sau khi ho\u00e0n t\u1ea5t, h\u1ec7 th\u1ed1ng s\u1ebd g\u1ee3i \u00fd nh\u1eefng trung t\u00e2m b\u1ea3o h\u00e0nh g\u1ea7n nh\u1ea5t.<\/p>\n<p class=\"QN2lPu\">\n<p class=\"QN2lPu\">T\u1ea1i Vi\u1ec7t Nam, v\u1ec1 ch\u00ednh s\u00e1ch b\u1ea3o h\u00e0nh v\u00e0 \u0111\u1ed5i tr\u1ea3 c\u1ee7a Apple, &#8220;s\u1ebd \u0111\u01b0\u1ee3c \u00e1p d\u1ee5ng chung&#8221; theo c\u00e1c \u0111i\u1ec1u kho\u1ea3n \u0111\u01b0\u1ee3c li\u1ec7t k\u00ea d\u01b0\u1edbi \u0111\u00e2y:<\/p>\n<p class=\"QN2lPu\">1) Ch\u00ednh s\u00e1ch chung<\/p>\n<p class=\"QN2lPu\">2) Ch\u00ednh s\u00e1ch cho ph\u1ee5 ki\u1ec7n<\/p>\n<p class=\"QN2lPu\">3) C\u00e1c trung t\u00e2m b\u1ea3o h\u00e0nh Apple \u1ee7y quy\u1ec1n t\u1ea1i Vi\u1ec7t Nam<\/p>\n<p class=\"QN2lPu\">\n<p class=\"QN2lPu\">Q\u00fay kh\u00e1ch vui l\u00f2ng \u0111\u1ecdc k\u1ef9 h\u01b0\u1edbng d\u1eabn v\u00e0 quy \u0111\u1ecbnh tr\u00ean c\u00e1c trang \u0111\u01b0\u1ee3c Apple c\u00f4ng b\u1ed1 c\u00f4ng khai, Shop ch\u1ec9 c\u00f3 th\u1ec3 h\u1ed7 tr\u1ee3 theo \u0111\u00fang ch\u00ednh s\u00e1ch \u0111\u01b0\u1ee3c \u0111\u0103ng c\u00f4ng khai c\u1ee7a th\u01b0\u01a1ng hi\u1ec7u Apple t\u1ea1i Vi\u1ec7t Nam,<\/p>\n<p class=\"QN2lPu\">\n<p class=\"QN2lPu\">\u0110\u1ec3 thu\u1eadn ti\u1ec7n h\u01a1n trong vi\u1ec7c x\u1eed l\u00fd khi\u1ebfu n\u1ea1i, \u0111\u01a1n h\u00e0ng c\u1ee7a Brand Apple th\u01b0\u1eddng c\u00f3 gi\u00e1 tr\u1ecb cao, Q\u00fay kh\u00e1ch mua h\u00e0ng vui l\u00f2ng quay l\u1ea1i Clip khui m\u1edf ki\u1ec7n h\u00e0ng (kh\u00e1ch quan nh\u1ea5t c\u00f3 th\u1ec3, \u0111\u1ee7 6 m\u1eb7t) gi\u00fap Shopee c\u00f3 th\u00eam c\u0103n c\u1ee9 \u0111\u1ec3 l\u00e0m vi\u1ec7c v\u1edbi c\u00e1c b\u00ean v\u00e0 \u0111\u1ea9y nhanh ti\u1ebfn \u0111\u1ed9 x\u1eed l\u00fd gi\u00fap Q\u00fay kh\u00e1ch mua h\u00e0ng.<\/p>\n<p class=\"QN2lPu\">\n<p class=\"QN2lPu\">TH\u00d4NG B\u00c1O<\/p>\n<p class=\"QN2lPu\">\n<p class=\"QN2lPu\">K\u00ednh g\u1eedi qu\u00fd kh\u00e1ch, c\u1ea3m \u01a1n qu\u00fd kh\u00e1ch \u0111\u00e3 \u1ee7ng h\u1ed9 Shop.<\/p>\n<p class=\"QN2lPu\">Ch\u00fang t\u00f4i xin th\u00f4ng b\u00e1o r\u1eb1ng l\u00fd do Tr\u1ea3 h\u00e0ng\/Ho\u00e0n ti\u1ec1n &#8211; &#8220;H\u00e0ng nguy\u00ean v\u1eb9n nh\u01b0ng kh\u00f4ng c\u00f2n nh\u01b0 nhu c\u1ea7u&#8221; s\u1ebd kh\u00f4ng \u0111\u01b0\u1ee3c ch\u1ea5p nh\u1eadn \u0111\u1ed1i v\u1edbi nh\u1eefng \u0111\u01a1n h\u00e0ng \u0111\u01b0\u1ee3c \u0111\u1eb7t cho c\u00e1c d\u00f2ng s\u1ea3n ph\u1ea9m Iphone17 \/Iphone Air k\u1ec3 t\u1eeb ng\u00e0y 19\/09\/2025 cho \u0111\u1ebfn khi c\u00f3 th\u00f4ng b\u00e1o kh\u00e1c t\u1eeb Shop ho\u1eb7c Shopee.<\/p>\n<p class=\"QN2lPu\">\n<p class=\"QN2lPu\">Xin ch\u00e2n th\u00e0nh c\u1ea3m \u01a1n s\u1ef1 h\u1ee3p t\u00e1c c\u1ee7a qu\u00fd kh\u00e1ch.<\/p>\n<\/div>\n","protected":false},"excerpt":{"rendered":"<p>Th\u00f4ng tin b\u1ea3o h\u00e0nh: B\u1ea3o h\u00e0nh: 12 th\u00e1ng k\u1ec3 t\u1eeb ng\u00e0y k\u00edch ho\u1ea1t s\u1ea3n ph\u1ea9m. K\u00edch ho\u1ea1t b\u1ea3o h\u00e0nh t\u1ea1i: https:\/\/checkcoverage.apple.com\/vn\/en\/ H\u01b0\u1edbng d\u1eabn ki\u1ec3m tra \u0111\u1ecba \u0111i\u1ec3m b\u1ea3o h\u00e0nh g\u1ea7n nh\u1ea5t: B\u01b0\u1edbc 1: Truy c\u1eadp v\u00e0o \u0111\u01b0\u1eddng link https:\/\/getsupport.apple.com\/?caller=grl&amp;locale=en_VN B\u01b0\u1edbc 2: Ch\u1ecdn s\u1ea3n ph\u1ea9m. B\u01b0\u1edbc 3: \u0110i\u1ec1n Apple ID, nh\u1eadp m\u1eadt kh\u1ea9u. Sau khi ho\u00e0n&#8230;<\/p>\n","protected":false},"featured_media":13900,"comment_status":"open","ping_status":"closed","template":"","meta":[],"product_brand":[],"product_cat":[1212],"product_tag":[],"class_list":{"0":"post-14031","1":"product","2":"type-product","3":"status-publish","4":"has-post-thumbnail","6":"product_cat-apple","8":"first","9":"instock","10":"sale","11":"featured","12":"shipping-taxable","13":"purchasable","14":"product-type-variable"},"_links":{"self":[{"href":"https:\/\/web-ban-le.mbws.vn\/dien-thoai-su-kien\/wp-json\/wp\/v2\/product\/14031","targetHints":{"allow":["GET"]}}],"collection":[{"href":"https:\/\/web-ban-le.mbws.vn\/dien-thoai-su-kien\/wp-json\/wp\/v2\/product"}],"about":[{"href":"https:\/\/web-ban-le.mbws.vn\/dien-thoai-su-kien\/wp-json\/wp\/v2\/types\/product"}],"replies":[{"embeddable":true,"href":"https:\/\/web-ban-le.mbws.vn\/dien-thoai-su-kien\/wp-json\/wp\/v2\/comments?post=14031"}],"wp:featuredmedia":[{"embeddable":true,"href":"https:\/\/web-ban-le.mbws.vn\/dien-thoai-su-kien\/wp-json\/wp\/v2\/media\/13900"}],"wp:attachment":[{"href":"https:\/\/web-ban-le.mbws.vn\/dien-thoai-su-kien\/wp-json\/wp\/v2\/media?parent=14031"}],"wp:term":[{"taxonomy":"product_brand","embeddable":true,"href":"https:\/\/web-ban-le.mbws.vn\/dien-thoai-su-kien\/wp-json\/wp\/v2\/product_brand?post=14031"},{"taxonomy":"product_cat","embeddable":true,"href":"https:\/\/web-ban-le.mbws.vn\/dien-thoai-su-kien\/wp-json\/wp\/v2\/product_cat?post=14031"},{"taxonomy":"product_tag","embeddable":true,"href":"https:\/\/web-ban-le.mbws.vn\/dien-thoai-su-kien\/wp-json\/wp\/v2\/product_tag?post=14031"}],"curies":[{"name":"wp","href":"https:\/\/api.w.org\/{rel}","templated":true}]}}