{"id":14084,"date":"2025-10-23T13:56:28","date_gmt":"2025-10-23T06:56:28","guid":{"rendered":"https:\/\/web-ban-le.mbws.vn\/dien-thoai-su-kien\/?post_type=product&#038;p=14084"},"modified":"2025-11-05T09:01:02","modified_gmt":"2025-11-05T02:01:02","slug":"mac-mini-apple-m4-chip-with-10%e2%80%91core-cpu-and-10%e2%80%91core-gpu-16gb-256gb-ssd","status":"publish","type":"product","link":"https:\/\/web-ban-le.mbws.vn\/dien-thoai-su-kien\/san-pham\/mac-mini-apple-m4-chip-with-10%e2%80%91core-cpu-and-10%e2%80%91core-gpu-16gb-256gb-ssd\/","title":{"rendered":"Mac mini Apple M4 chip with 10\u2011core CPU and 10\u2011core GPU, 16GB, 256GB SSD"},"content":{"rendered":"<div class=\"e8lZp3\">\n<p class=\"QN2lPu\">Thi\u1ebft k\u1ebf si\u00eau nh\u1ecf g\u1ecdn ho\u00e0n to\u00e0n m\u1edbi. C\u1ed5ng k\u1ebft n\u1ed1i tr\u01b0\u1edbc v\u00e0 sau. V\u1eeba v\u1eb7n, linh ho\u1ea1t, v\u00e0 nhanh nh\u01b0 bay tr\u00ean m\u1ecdi b\u00e0n l\u00e0m vi\u1ec7c.<\/p>\n<p class=\"QN2lPu\">Chip Apple M4 v\u1edbi CPU 10 l\u00f5i, GPU 10 l\u00f5i, Neural Engine 16 l\u00f5i<\/p>\n<p class=\"QN2lPu\">&#8211; B\u1ed9 nh\u1edb th\u1ed1ng nh\u1ea5t 16GB<\/p>\n<p class=\"QN2lPu\">&#8211; \u1ed4 l\u01b0u tr\u1eef SSD 256GB<\/p>\n<p class=\"QN2lPu\">&#8211; Ethernet Gigabit<\/p>\n<p class=\"QN2lPu\">&#8211; Ba c\u1ed5ng Thunderbolt 4, m\u1ed9t c\u1ed5ng HDMI, hai c\u1ed5ng USB-C, jack c\u1eafm tai nghe<\/p>\n<p class=\"QN2lPu\">\n<p class=\"QN2lPu\">Gi\u1edbi thi\u1ec7u Mac mini ho\u00e0n to\u00e0n m\u1edbi, quy\u1ec1n n\u0103ng h\u01a1n, nh\u1ecf g\u1ecdn h\u01a1n r\u1ea5t nhi\u1ec1u. K\u00edch th\u01b0\u1edbc ch\u1ec9 5 x 5 inch, \u0111\u1ea7y s\u1ee9c m\u1ea1nh v\u00e0 c\u00f4ng n\u0103ng. \u0110\u01b0\u1ee3c thi\u1ebft k\u1ebf m\u1edbi d\u00e0nh ri\u00eang cho Apple silicon nh\u1eb1m ph\u00e1t huy t\u1ed1i \u0111a t\u1ed1c \u0111\u1ed9 v\u00e0 n\u0103ng l\u1ef1c c\u1ee7a chip M4 v\u00e0 M4 Pro. V\u1edbi \u0111a d\u1ea1ng c\u1ed5ng k\u1ebft n\u1ed1i, nay \u1edf c\u1ea3 m\u1eb7t tr\u01b0\u1edbc v\u00e0 m\u1eb7t sau. Mac mini ch\u00ednh l\u00e0 chu\u1ea9n m\u1ef1c v\u1ec1 hi\u1ec7u n\u0103ng, v\u00e0 l\u00e0 m\u00e1y Mac trung h\u00f2a carbon \u0111\u1ea7u ti\u00ean. Th\u1eadt s\u1ef1 l\u00e0 m\u1ed9t chi\u1ebfc Mac nh\u1ecf nh\u01b0ng t\u00e0i n\u0103ng.<\/p>\n<p class=\"QN2lPu\">\n<p class=\"QN2lPu\">\u0110\u01b0\u1ee3c thi\u1ebft k\u1ebf tho\u00e1ng m\u00e1t:<\/p>\n<p class=\"QN2lPu\">\u0110\u1ec3 m\u1ed9t kh\u00f4ng gian nh\u1ecf g\u1ecdn c\u00f3 th\u1ec3 m\u1ea1nh m\u1ebd \u0111\u1ebfn nh\u01b0 v\u1eady, Mac mini \u0111\u01b0\u1ee3c thi\u1ebft k\u1ebf v\u1edbi m\u1ed9t k\u1ebft c\u1ea5u t\u1ea3n nhi\u1ec7t ho\u00e0n to\u00e0n m\u1edbi. B\u00ean trong thi\u1ebft b\u1ecb, kh\u00f4ng kh\u00ed \u0111\u01b0\u1ee3c d\u1eabn qua nh\u1eefng t\u1ea7ng kh\u00e1c nhau c\u1ee7a b\u1ed9 m\u00e1y v\u00e0 t\u1ea5t c\u1ea3 \u0111\u1ec1u tho\u00e1t qua ph\u1ea7n \u0111\u00e1y. K\u1ebft h\u1ee3p v\u1edbi kh\u1ea3 n\u0103ng ti\u1ebft ki\u1ec7m \u0111i\u1ec7n v\u00f4 song c\u1ee7a Apple silicon, Mac mini nh\u1edd v\u1eady c\u00f3 th\u1ec3 ho\u00e0n th\u00e0nh nh\u1eefng kh\u1ed1i l\u01b0\u1ee3ng c\u00f4ng vi\u1ec7c kh\u1ed5ng l\u1ed3 v\u1edbi t\u1ed1c \u0111\u1ed9 \u0111\u00e1ng kinh ng\u1ea1c. M\u1ed9t s\u1ea3n ph\u1ea9m \u1ed5n \u0111\u1ecbnh, tho\u00e1ng m\u00e1t v\u00e0 \u0111\u01b0\u1ee3c c\u1ea3i ti\u1ebfn ho\u00e0n h\u1ea3o.<\/p>\n<p class=\"QN2lPu\">\n<p class=\"QN2lPu\">Nay v\u1edbi M4 v\u00e0 M4 Pro, Mac mini mang \u0111\u1ebfn hi\u1ec7u n\u0103ng v\u01b0\u1ee3t tr\u1ed9i v\u00e0 n\u0103ng l\u1ef1c AI \u0111\u1eb3ng c\u1ea5p m\u1edbi. C\u1ea3 hai chip \u0111\u1ec1u c\u00f3 CPU th\u1ebf h\u1ec7 m\u1edbi, v\u00ec v\u1eady m\u1ecdi vi\u1ec7c \u0111\u1ec1u nhanh ch\u00f3ng v\u00e0 tr\u00f4i ch\u1ea3y. Nh\u1edd c\u00f3 GPU m\u1ea1nh m\u1ebd v\u1edbi c\u00f4ng ngh\u1ec7 d\u00f2 tia t\u1ed1c \u0111\u1ed9 cao b\u1eb1ng ph\u1ea7n c\u1ee9ng, b\u1ea1n s\u1ebd \u0111\u01b0\u1ee3c tr\u1ea3i nghi\u1ec7m \u0111\u1ed3 h\u1ecda game ch\u00e2n th\u1ef1c v\u00e0 k\u1ebft xu\u1ea5t 3D m\u01b0\u1ee3t m\u00e0 \u0111\u1ebfn kh\u00f3 tin. V\u00e0 Neural Engine ti\u00ean ti\u1ebfn gi\u00fap c\u00e1c t\u00e1c v\u1ee5 AI \u0111\u01b0\u1ee3c th\u1ef1c hi\u1ec7n \u1edf t\u1ed1c \u0111\u1ed9 si\u00eau nhanh.<\/p>\n<p class=\"QN2lPu\">Theo \u0111u\u1ed5i s\u1edf th\u00edch, \u0111am m\u00ea v\u00e0 c\u1ea3 c\u00e1c d\u1ef1 \u00e1n s\u00e1ng t\u1ea1o chuy\u00ean nghi\u1ec7p nh\u01b0 ch\u1ec9nh s\u1eeda video b\u1eb1ng Final Cut Pro, t\u1ea1o nh\u1ecbp v\u00e0 h\u00f2a \u00e2m b\u1eb1ng Logic Pro, l\u1eadp m\u00f4 h\u00ecnh 3D b\u1eb1ng Blender ho\u1eb7c thi\u1ebft k\u1ebf b\u1eb1ng Adobe Photoshop.<\/p>\n<\/div>\n","protected":false},"excerpt":{"rendered":"<p>Thi\u1ebft k\u1ebf si\u00eau nh\u1ecf g\u1ecdn ho\u00e0n to\u00e0n m\u1edbi. C\u1ed5ng k\u1ebft n\u1ed1i tr\u01b0\u1edbc v\u00e0 sau. V\u1eeba v\u1eb7n, linh ho\u1ea1t, v\u00e0 nhanh nh\u01b0 bay tr\u00ean m\u1ecdi b\u00e0n l\u00e0m vi\u1ec7c. Chip Apple M4 v\u1edbi CPU 10 l\u00f5i, GPU 10 l\u00f5i, Neural Engine 16 l\u00f5i &#8211; B\u1ed9 nh\u1edb th\u1ed1ng nh\u1ea5t 16GB &#8211; \u1ed4 l\u01b0u tr\u1eef SSD 256GB &#8211; Ethernet&#8230;<\/p>\n","protected":false},"featured_media":14117,"comment_status":"open","ping_status":"closed","template":"","meta":[],"product_brand":[],"product_cat":[1282],"product_tag":[],"class_list":{"0":"post-14084","1":"product","2":"type-product","3":"status-publish","4":"has-post-thumbnail","6":"product_cat-o-cung-ssd","8":"first","9":"instock","10":"sale","11":"featured","12":"shipping-taxable","13":"purchasable","14":"product-type-simple"},"_links":{"self":[{"href":"https:\/\/web-ban-le.mbws.vn\/dien-thoai-su-kien\/wp-json\/wp\/v2\/product\/14084","targetHints":{"allow":["GET"]}}],"collection":[{"href":"https:\/\/web-ban-le.mbws.vn\/dien-thoai-su-kien\/wp-json\/wp\/v2\/product"}],"about":[{"href":"https:\/\/web-ban-le.mbws.vn\/dien-thoai-su-kien\/wp-json\/wp\/v2\/types\/product"}],"replies":[{"embeddable":true,"href":"https:\/\/web-ban-le.mbws.vn\/dien-thoai-su-kien\/wp-json\/wp\/v2\/comments?post=14084"}],"wp:featuredmedia":[{"embeddable":true,"href":"https:\/\/web-ban-le.mbws.vn\/dien-thoai-su-kien\/wp-json\/wp\/v2\/media\/14117"}],"wp:attachment":[{"href":"https:\/\/web-ban-le.mbws.vn\/dien-thoai-su-kien\/wp-json\/wp\/v2\/media?parent=14084"}],"wp:term":[{"taxonomy":"product_brand","embeddable":true,"href":"https:\/\/web-ban-le.mbws.vn\/dien-thoai-su-kien\/wp-json\/wp\/v2\/product_brand?post=14084"},{"taxonomy":"product_cat","embeddable":true,"href":"https:\/\/web-ban-le.mbws.vn\/dien-thoai-su-kien\/wp-json\/wp\/v2\/product_cat?post=14084"},{"taxonomy":"product_tag","embeddable":true,"href":"https:\/\/web-ban-le.mbws.vn\/dien-thoai-su-kien\/wp-json\/wp\/v2\/product_tag?post=14084"}],"curies":[{"name":"wp","href":"https:\/\/api.w.org\/{rel}","templated":true}]}}