{"id":14140,"date":"2025-10-23T13:56:45","date_gmt":"2025-10-23T06:56:45","guid":{"rendered":"https:\/\/web-ban-le.mbws.vn\/dien-thoai-su-kien\/?post_type=product&#038;p=14140"},"modified":"2025-11-05T09:01:01","modified_gmt":"2025-11-05T02:01:01","slug":"mini-pc-apple-mac-m2-z16k0005u-8-core-16gb-256gb-ssd","status":"publish","type":"product","link":"https:\/\/web-ban-le.mbws.vn\/dien-thoai-su-kien\/san-pham\/mini-pc-apple-mac-m2-z16k0005u-8-core-16gb-256gb-ssd\/","title":{"rendered":"Mini PC Apple Mac M2 Z16K0005U (8 Core\/ 16GB\/ 256Gb SSD)"},"content":{"rendered":"<div class=\"e8lZp3\">\n<p class=\"QN2lPu\">\u0110\u1eb7c \u0111i\u1ec3m n\u1ed5i b\u1eadt<\/p>\n<p class=\"QN2lPu\">T\u1edbi PH\u00daC ANH an t\u00e2m mua s\u1eafm nh\u1eefng s\u1ea3n ph\u1ea9m CH\u1ea4T L\u01af\u1ee2NG v\u1edbi m\u1ee9c GI\u00c1 LU\u00d4N T\u1ed0T NH\u1ea4T!<\/p>\n<p class=\"QN2lPu\">\n<p class=\"QN2lPu\">M\u00e1y t\u00ednh mini Apple Mac mini Z16K (M2 8 Core CPU\/ 16GB\/ 256Gb SSD\/ 10 core GPU)<\/p>\n<p class=\"QN2lPu\">V\u1edbi k\u00edch th\u01b0\u1edbc nh\u1ecf g\u1ecdn, hi\u1ec7u n\u0103ng m\u1ea1nh m\u1ebd \u0111\u00e1ng kinh ng\u1ea1c v\u00e0 \u0111a d\u1ea1ng c\u1ed5ng k\u1ebft n\u1ed1i, ma\u0301y ti\u0301nh Apple Mac mini Z16K l\u00e0 l\u1ef1a ch\u1ecdn ho\u00e0n h\u1ea3o cho m\u1ecdi nhu c\u1ea7u l\u00e0m vi\u1ec7c, h\u1ecdc t\u1eadp, s\u00e1ng t\u1ea1o, gi\u1ea3i tr\u00ed\u2026 c\u1ee7a ng\u01b0\u1eddi d\u00f9ng. Ch\u1ec9 c\u1ea7n th\u00eam b\u00e0n ph\u00edm, chu\u1ed9t v\u00e0 m\u00e0n h\u00ecnh l\u00e0 b\u1ea1n c\u00f3 th\u1ec3 \u201ch\u00f4 bi\u1ebfn\u201d m\u1ed9t n\u01a1i xa l\u1ea1 th\u00e0nh kh\u00f4ng gian l\u00e0m vi\u1ec7c cho ri\u00eang m\u00ecnh \u1edf b\u1ea5t c\u1ee9 \u0111\u00e2u.<\/p>\n<p class=\"QN2lPu\">\n<p class=\"QN2lPu\"> M\u00e1y t\u00ednh mini Apple Mac mini M2<\/p>\n<p class=\"QN2lPu\">\n<p class=\"QN2lPu\">Hi\u1ec7u su\u1ea5t kh\u1ee7ng \u0111\u00e1ng kinh ng\u1ea1c<\/p>\n<p class=\"QN2lPu\">M\u00e1y t\u00ednh mini Apple Mac mini Z16K \u0111\u01b0\u1ee3c t\u00edch h\u1ee3p \u0111\u1ea7y \u0111\u1ee7 m\u1ecdi chi ti\u1ebft nh\u01b0 CPU, GPU, I\/O, Neural Engine\u2026 v\u00e0o duy nh\u1ea5t m\u1ed9t con chip M2. Tuy c\u00f3 v\u1ebb ngo\u00e0i nh\u1ecf b\u00e9 v\u1edbi nh\u01b0ng con chip M2 n\u00e0y th\u1ef1c s\u1ef1 l\u00e0 m\u1ed9t b\u01b0\u1edbc nh\u1ea3y v\u1ecdt mang t\u00ednh \u0111\u1ed9t ph\u00e1 c\u1ee7a Apple khi s\u1edf h\u1eefu t\u1edbi 20 t\u1ec9 b\u00f3ng b\u00e1n d\u1eabn, n\u00e2ng cao hi\u1ec7u su\u1ea5t CPU l\u00ean nhanh g\u1ea5p 50% so v\u1edbi phi\u00ean b\u1ea3n M1. H\u00e3y s\u1eb5n s\u00e0ng \u0111\u1ec3 l\u00e0m vi\u1ec7c, s\u00e1ng t\u1ea1o v\u00e0 gi\u1ea3i tr\u00ed tr\u00ean Mac Mini v\u1edbi t\u1ed1c \u0111\u1ed9 \u201ckh\u1ee7ng\u201d v\u01b0\u1ee3t ngo\u00e0i s\u1ee9c t\u01b0\u1edfng t\u01b0\u1ee3ng c\u1ee7a b\u1ea1n.<\/p>\n<p class=\"QN2lPu\">\n<p class=\"QN2lPu\">M\u00e1y t\u00ednh mini Apple Mac mini M2<\/p>\n<p class=\"QN2lPu\">\n<p class=\"QN2lPu\">N\u00e2ng c\u1ea5p th\u00eam s\u1ee9c m\u1ea1nh<\/p>\n<p class=\"QN2lPu\">CPU tr\u00ean Apple M2 c\u00f3 t\u1edbi 8 nh\u00e2n CPU v\u00e0 10 l\u00f5i GPU. S\u1ea3n ph\u1ea9m \u0111\u01b0\u1ee3c thi\u1ebft k\u1ebf \u0111\u1ec3 n\u00e2ng cao kh\u1ea3 n\u0103ng x\u1eed l\u00fd \u0111\u1ed3 h\u1ecda cho ng\u01b0\u1eddi d\u00f9ng tho\u1ea3i m\u00e1i s\u00e1ng t\u1ea1o, ch\u1ec9nh s\u1eeda h\u00ecnh \u1ea3nh, video ho\u1eb7c so\u1ea1n nh\u1ea1c, ch\u01a1i game eSports \u0111\u1ec9nh cao m\u00e0 kh\u00f4ng lo b\u1ecb treo m\u00e1y\u2026 M\u1ecdi t\u00e1c v\u1ee5 tr\u00ean m\u00e1y ti\u0301nh Apple Mac mini Z16K \u0111\u1ec1u \u0111\u01b0\u1ee3c x\u1eed l\u00fd m\u1ed9t c\u00e1ch nhanh ch\u00f3ng, m\u01b0\u1ee3t m\u00e0, mang l\u1ea1i tr\u1ea3i nghi\u1ec7m tuy\u1ec7t v\u1eddi cho ng\u01b0\u1eddi s\u1eed d\u1ee5ng.<\/p>\n<p class=\"QN2lPu\">\n<p class=\"QN2lPu\">M\u00e1y t\u00ednh mini Apple Mac mini M2<\/p>\n<p class=\"QN2lPu\">\n<p class=\"QN2lPu\">Hi\u1ec7u n\u0103ng \u0111\u1ec9nh cao<\/p>\n<p class=\"QN2lPu\">Qu\u1ea3 th\u1eadt kh\u00f4ng ngoa khi n\u00f3i r\u1eb1ng chi\u1ebfc Apple Mac mini Z16K l\u00e0 m\u1ed9t con \u201cqu\u00e1i th\u00fa\u201d \u1ea9n m\u00ecnh sau v\u1ebb ngo\u00e0i nh\u1ecf g\u1ecdn, tinh t\u1ebf. S\u1ea3n ph\u1ea9m \u0111\u01b0\u1ee3c trang b\u1ecb b\u1ed9 nh\u1edb SSD 256Gb, 16Gb RAM cho ph\u00e9p b\u1ea1n th\u1ecfa s\u1ee9c l\u01b0u tr\u1eef d\u1eef li\u1ec7u v\u1edbi t\u1ed1c \u0111\u1ed9 truy\u1ec1n file \u1ea5n t\u01b0\u1ee3ng, n\u00e2ng cao hi\u1ec7u n\u0103ng, gia t\u0103ng hi\u1ec7u qu\u1ea3 c\u00f4ng vi\u1ec7c v\u00e0 ti\u1ebft ki\u1ec7m th\u1eddi gian \u0111\u00e1ng k\u1ec3.<\/p>\n<p class=\"QN2lPu\">\n<p class=\"QN2lPu\">M\u00e1y t\u00ednh mini Apple Mac mini Z16K<\/p>\n<p class=\"QN2lPu\">\n<p class=\"QN2lPu\">Kh\u1ea3 n\u0103ng k\u1ebft n\u1ed1i \u0111a d\u1ea1ng<\/p>\n<p class=\"QN2lPu\">S\u1edf h\u1eefu hai c\u1ed5ng USB-A, hai c\u1ed5ng Thunderbolt, HDMI 2.0, Gigabit Ethernet v\u00e0 WiFi6E, chi\u1ebfc Apple Mac mini Z16K \u0111\u00e1p \u1ee9ng ho\u00e0n h\u1ea3o nhu c\u1ea7u k\u1ebft n\u1ed1i c\u1ee7a b\u1ea1n. Ngo\u00e0i ra, s\u1ea3n ph\u1ea9m c\u00f2n c\u00f3 th\u00eam kh\u1ea3 n\u0103ng k\u1ebft n\u1ed1i v\u01b0\u1ee3t tr\u1ed9i gi\u00fap b\u1ea1n tr\u1ea3i nghi\u1ec7m Internet m\u1ed9t c\u00e1ch m\u01b0\u1ee3t m\u00e0, tr\u01a1n tru \u0111\u1ebfn kh\u00f4ng ng\u1edd.<\/p>\n<\/div>\n","protected":false},"excerpt":{"rendered":"<p>\u0110\u1eb7c \u0111i\u1ec3m n\u1ed5i b\u1eadt T\u1edbi PH\u00daC ANH an t\u00e2m mua s\u1eafm nh\u1eefng s\u1ea3n ph\u1ea9m CH\u1ea4T L\u01af\u1ee2NG v\u1edbi m\u1ee9c GI\u00c1 LU\u00d4N T\u1ed0T NH\u1ea4T! M\u00e1y t\u00ednh mini Apple Mac mini Z16K (M2 8 Core CPU\/ 16GB\/ 256Gb SSD\/ 10 core GPU) V\u1edbi k\u00edch th\u01b0\u1edbc nh\u1ecf g\u1ecdn, hi\u1ec7u n\u0103ng m\u1ea1nh m\u1ebd \u0111\u00e1ng kinh ng\u1ea1c v\u00e0 \u0111a d\u1ea1ng c\u1ed5ng&#8230;<\/p>\n","protected":false},"featured_media":14189,"comment_status":"open","ping_status":"closed","template":"","meta":[],"product_brand":[],"product_cat":[1286],"product_tag":[],"class_list":{"0":"post-14140","1":"product","2":"type-product","3":"status-publish","4":"has-post-thumbnail","6":"product_cat-cpu-bo-vi-xu-ly","8":"first","9":"instock","10":"sale","11":"featured","12":"shipping-taxable","13":"purchasable","14":"product-type-simple"},"_links":{"self":[{"href":"https:\/\/web-ban-le.mbws.vn\/dien-thoai-su-kien\/wp-json\/wp\/v2\/product\/14140","targetHints":{"allow":["GET"]}}],"collection":[{"href":"https:\/\/web-ban-le.mbws.vn\/dien-thoai-su-kien\/wp-json\/wp\/v2\/product"}],"about":[{"href":"https:\/\/web-ban-le.mbws.vn\/dien-thoai-su-kien\/wp-json\/wp\/v2\/types\/product"}],"replies":[{"embeddable":true,"href":"https:\/\/web-ban-le.mbws.vn\/dien-thoai-su-kien\/wp-json\/wp\/v2\/comments?post=14140"}],"wp:featuredmedia":[{"embeddable":true,"href":"https:\/\/web-ban-le.mbws.vn\/dien-thoai-su-kien\/wp-json\/wp\/v2\/media\/14189"}],"wp:attachment":[{"href":"https:\/\/web-ban-le.mbws.vn\/dien-thoai-su-kien\/wp-json\/wp\/v2\/media?parent=14140"}],"wp:term":[{"taxonomy":"product_brand","embeddable":true,"href":"https:\/\/web-ban-le.mbws.vn\/dien-thoai-su-kien\/wp-json\/wp\/v2\/product_brand?post=14140"},{"taxonomy":"product_cat","embeddable":true,"href":"https:\/\/web-ban-le.mbws.vn\/dien-thoai-su-kien\/wp-json\/wp\/v2\/product_cat?post=14140"},{"taxonomy":"product_tag","embeddable":true,"href":"https:\/\/web-ban-le.mbws.vn\/dien-thoai-su-kien\/wp-json\/wp\/v2\/product_tag?post=14140"}],"curies":[{"name":"wp","href":"https:\/\/api.w.org\/{rel}","templated":true}]}}