{"id":14059,"date":"2025-10-28T13:24:41","date_gmt":"2025-10-28T06:24:41","guid":{"rendered":"https:\/\/web-ban-le.mbws.vn\/do-choi\/?post_type=product&#038;p=14059"},"modified":"2025-11-05T08:29:29","modified_gmt":"2025-11-05T01:29:29","slug":"lego-botanicals-10374-do-choi-lap-rap-bo-hoa-hong-mau-hong-789-chi-tiet","status":"publish","type":"product","link":"https:\/\/web-ban-le.mbws.vn\/do-choi\/san-pham\/lego-botanicals-10374-do-choi-lap-rap-bo-hoa-hong-mau-hong-789-chi-tiet\/","title":{"rendered":"LEGO BOTANICALS 10374 \u0110\u1ed3 Ch\u01a1i L\u1eafp R\u00e1p B\u00f3 Hoa H\u1ed3ng M\u00e0u H\u1ed3ng (789 Chi Ti\u1ebft)"},"content":{"rendered":"<div class=\"e8lZp3\">\n<p class=\"QN2lPu\">LEGO BOTANICALS 10374 \u0110\u1ed3 Ch\u01a1i L\u1eafp R\u00e1p B\u00f3 Hoa H\u1ed3ng M\u00e0u H\u1ed3ng (789 Chi Ti\u1ebft)<\/p>\n<p class=\"QN2lPu\">\u25cf\tTh\u1ecfa s\u1ee9c s\u00e1ng t\u1ea1o c\u00f9ng b\u1ed9 LEGO\u00ae Botanicals: B\u00f3 hoa h\u1ed3ng m\u00e0u h\u1ed3ng d\u00e0nh cho ng\u01b0\u1eddi l\u1edbn.<\/p>\n<p class=\"QN2lPu\">\u25cf\tB\u1ea1n s\u1ebd \u0111\u01b0\u1ee3c tr\u1ea3i nghi\u1ec7m c\u1ea3m gi\u00e1c l\u1eafp r\u00e1p 12 b\u00f4ng h\u1ed3ng \u1edf nhi\u1ec1u giai \u0111o\u1ea1n n\u1edf kh\u00e1c nhau \u2013 g\u1ed3m 4 b\u00f4ng h\u1ed3ng n\u1edf r\u1ed9, 4 b\u00f4ng \u0111ang h\u00e9 n\u1edf v\u00e0 4 n\u1ee5 hoa, \u0111i k\u00e8m 4 nh\u00e1nh hoa baby\u2019s breath tr\u1eafng tinh kh\u00f4i.<\/p>\n<p class=\"QN2lPu\">\u25cf\tB\u00f3 hoa c\u00f3 th\u1ec3 tr\u1edf th\u00e0nh m\u00f3n qu\u00e0 \u0111\u1ed9c \u0111\u00e1o, b\u1ec1n \u0111\u1eb9p m\u00e3i theo th\u1eddi gian ho\u1eb7c \u0111i\u1ec3m nh\u1ea5n trang tr\u00ed tinh t\u1ebf cho kh\u00f4ng gian s\u1ed1ng c\u1ee7a b\u1ea1n.<\/p>\n<p class=\"QN2lPu\">\u25cf\tB\u1ed9 LEGO\u00ae b\u00f3 hoa h\u1ed3ng d\u00e0nh cho ng\u01b0\u1eddi l\u1edbn v\u1edbi thi\u1ebft k\u1ebf tinh x\u1ea3o, chi ti\u1ebft.<\/p>\n<p class=\"QN2lPu\">\u25cf\tG\u1ed3m 4 b\u00f4ng h\u1ed3ng n\u1edf r\u1ed9, 4 b\u00f4ng \u0111ang n\u1edf v\u00e0 4 n\u1ee5 hoa. C\u00f3 3 quy\u1ec3n h\u01b0\u1edbng d\u1eabn l\u1eafp r\u00e1p ri\u00eang, r\u1ea5t th\u00edch h\u1ee3p \u0111\u1ec3 c\u00f9ng nhau x\u00e2y d\u1ef1ng. C\u00f3 th\u1ec3 tr\u01b0ng b\u00e0y nh\u01b0 m\u1ed9t b\u00f3 hoa trang tr\u00ed t\u1ea1i nh\u00e0 ho\u1eb7c v\u0103n ph\u00f2ng.<\/p>\n<p class=\"QN2lPu\">\u25cf\tM\u00f3n qu\u00e0 th\u00fa v\u1ecb cho d\u1ecbp sinh nh\u1eadt, Ng\u00e0y c\u1ee7a M\u1eb9 ho\u1eb7c L\u1ec5 T\u00ecnh nh\u00e2n. C\u00f3 th\u1ec3 xoay v\u00e0 ph\u00f3ng to m\u00f4 h\u00ecnh trong \u1ee9ng d\u1ee5ng LEGO\u00ae Builder.<\/p>\n<p class=\"QN2lPu\">\u25cf\tKh\u00e1m ph\u00e1 th\u00eam nhi\u1ec1u b\u1ed9 LEGO\u00ae Botanicals kh\u00e1c (b\u00e1n ri\u00eang).<\/p>\n<p class=\"QN2lPu\">\u25cf\tB\u1ed9 g\u1ed3m 789 chi ti\u1ebft, trong \u0111\u00f3 b\u00f4ng h\u1ed3ng cao nh\u1ea5t d\u00e0i h\u01a1n 32 cm.<\/p>\n<p class=\"QN2lPu\">\u25cf\tTh\u00f4ng tin s\u1ea3n ph\u1ea9m:<\/p>\n<p class=\"QN2lPu\">&#8211;\tXu\u1ea5t x\u1ee9: Trung Qu\u1ed1c<\/p>\n<p class=\"QN2lPu\">&#8211;\tK\u00edch th\u01b0\u1edbc h\u1ed9p h\u00e0ng: 26.2&#215;38.2&#215;7.05 cm<\/p>\n<div class=\"QN2lPu\">\n<div style=\"position: relative; width: 100%; padding-bottom: 100%;\"><picture class=\"UkIsx8\"><source srcset=\"https:\/\/down-vn.img.susercontent.com\/file\/vn-11134208-820l4-meo6zqp42xvn8c@resize_w875_nl.webp 1x, https:\/\/down-vn.img.susercontent.com\/file\/vn-11134208-820l4-meo6zqp42xvn8c@resize_w1750_nl.webp 2x\" type=\"image\/webp\" class=\"UkIsx8\"><img decoding=\"async\" width=\"875\" loading=\"lazy\" class=\"uXN1L5 lazyload GqYslU\" srcset=\"https:\/\/down-vn.img.susercontent.com\/file\/vn-11134208-820l4-meo6zqp42xvn8c@resize_w875_nl 1x, https:\/\/down-vn.img.susercontent.com\/file\/vn-11134208-820l4-meo6zqp42xvn8c@resize_w1750_nl 2x\" src=\"https:\/\/down-vn.img.susercontent.com\/file\/vn-11134208-820l4-meo6zqp42xvn8c\" height=\"875\"><\/picture><\/div>\n<\/div>\n<div class=\"QN2lPu\">\n<div style=\"position: relative; width: 100%; padding-bottom: 100%;\"><picture class=\"UkIsx8\"><source srcset=\"https:\/\/down-vn.img.susercontent.com\/file\/vn-11134208-820l4-meo6zqp44cg3f3@resize_w875_nl.webp 1x, https:\/\/down-vn.img.susercontent.com\/file\/vn-11134208-820l4-meo6zqp44cg3f3@resize_w1750_nl.webp 2x\" type=\"image\/webp\" class=\"UkIsx8\"><img decoding=\"async\" width=\"875\" loading=\"lazy\" class=\"uXN1L5 lazyload GqYslU\" srcset=\"https:\/\/down-vn.img.susercontent.com\/file\/vn-11134208-820l4-meo6zqp44cg3f3@resize_w875_nl 1x, https:\/\/down-vn.img.susercontent.com\/file\/vn-11134208-820l4-meo6zqp44cg3f3@resize_w1750_nl 2x\" src=\"https:\/\/down-vn.img.susercontent.com\/file\/vn-11134208-820l4-meo6zqp44cg3f3\" height=\"875\"><\/picture><\/div>\n<\/div>\n<div class=\"QN2lPu\">\n<div style=\"position: relative; width: 100%; padding-bottom: 100%;\"><picture class=\"UkIsx8\"><source srcset=\"https:\/\/down-vn.img.susercontent.com\/file\/vn-11134208-820l4-meo6zqp45r0jb5@resize_w875_nl.webp 1x, https:\/\/down-vn.img.susercontent.com\/file\/vn-11134208-820l4-meo6zqp45r0jb5@resize_w1750_nl.webp 2x\" type=\"image\/webp\" class=\"UkIsx8\"><img decoding=\"async\" width=\"875\" loading=\"lazy\" class=\"uXN1L5 lazyload GqYslU\" srcset=\"https:\/\/down-vn.img.susercontent.com\/file\/vn-11134208-820l4-meo6zqp45r0jb5@resize_w875_nl 1x, https:\/\/down-vn.img.susercontent.com\/file\/vn-11134208-820l4-meo6zqp45r0jb5@resize_w1750_nl 2x\" src=\"https:\/\/down-vn.img.susercontent.com\/file\/vn-11134208-820l4-meo6zqp45r0jb5\" height=\"875\"><\/picture><\/div>\n<\/div>\n<div class=\"QN2lPu\">\n<div style=\"position: relative; width: 100%; padding-bottom: 100%;\"><picture class=\"UkIsx8\"><source srcset=\"https:\/\/down-vn.img.susercontent.com\/file\/vn-11134208-820l4-meo6zqp475kz39@resize_w875_nl.webp 1x, https:\/\/down-vn.img.susercontent.com\/file\/vn-11134208-820l4-meo6zqp475kz39@resize_w1750_nl.webp 2x\" type=\"image\/webp\" class=\"UkIsx8\"><img decoding=\"async\" width=\"875\" loading=\"lazy\" class=\"uXN1L5 lazyload GqYslU\" srcset=\"https:\/\/down-vn.img.susercontent.com\/file\/vn-11134208-820l4-meo6zqp475kz39@resize_w875_nl 1x, https:\/\/down-vn.img.susercontent.com\/file\/vn-11134208-820l4-meo6zqp475kz39@resize_w1750_nl 2x\" src=\"https:\/\/down-vn.img.susercontent.com\/file\/vn-11134208-820l4-meo6zqp475kz39\" height=\"875\"><\/picture><\/div>\n<\/div>\n<div class=\"QN2lPu\">\n<div style=\"position: relative; width: 100%; padding-bottom: 100%;\"><picture class=\"UkIsx8\"><source srcset=\"https:\/\/down-vn.img.susercontent.com\/file\/vn-11134208-820l4-meo6zqp48k5f6a@resize_w875_nl.webp 1x, https:\/\/down-vn.img.susercontent.com\/file\/vn-11134208-820l4-meo6zqp48k5f6a@resize_w1750_nl.webp 2x\" type=\"image\/webp\" class=\"UkIsx8\"><img decoding=\"async\" width=\"875\" loading=\"lazy\" class=\"uXN1L5 lazyload GqYslU\" srcset=\"https:\/\/down-vn.img.susercontent.com\/file\/vn-11134208-820l4-meo6zqp48k5f6a@resize_w875_nl 1x, https:\/\/down-vn.img.susercontent.com\/file\/vn-11134208-820l4-meo6zqp48k5f6a@resize_w1750_nl 2x\" src=\"https:\/\/down-vn.img.susercontent.com\/file\/vn-11134208-820l4-meo6zqp48k5f6a\" height=\"875\"><\/picture><\/div>\n<\/div>\n<div class=\"QN2lPu\">\n<div style=\"position: relative; width: 100%; padding-bottom: 100%;\"><picture class=\"UkIsx8\"><source srcset=\"https:\/\/down-vn.img.susercontent.com\/file\/vn-11134208-820l4-meo6zqp49ypv9a@resize_w875_nl.webp 1x, https:\/\/down-vn.img.susercontent.com\/file\/vn-11134208-820l4-meo6zqp49ypv9a@resize_w1750_nl.webp 2x\" type=\"image\/webp\" class=\"UkIsx8\"><img decoding=\"async\" width=\"875\" loading=\"lazy\" class=\"uXN1L5 lazyload GqYslU\" srcset=\"https:\/\/down-vn.img.susercontent.com\/file\/vn-11134208-820l4-meo6zqp49ypv9a@resize_w875_nl 1x, https:\/\/down-vn.img.susercontent.com\/file\/vn-11134208-820l4-meo6zqp49ypv9a@resize_w1750_nl 2x\" src=\"https:\/\/down-vn.img.susercontent.com\/file\/vn-11134208-820l4-meo6zqp49ypv9a\" height=\"875\"><\/picture><\/div>\n<\/div>\n<div class=\"QN2lPu\">\n<div style=\"position: relative; width: 100%; padding-bottom: 100%;\"><picture class=\"UkIsx8\"><source srcset=\"https:\/\/down-vn.img.susercontent.com\/file\/vn-11134208-820l4-meo6zqqomarp96@resize_w875_nl.webp 1x, https:\/\/down-vn.img.susercontent.com\/file\/vn-11134208-820l4-meo6zqqomarp96@resize_w1750_nl.webp 2x\" type=\"image\/webp\" class=\"UkIsx8\"><img decoding=\"async\" width=\"875\" loading=\"lazy\" class=\"uXN1L5 lazyload GqYslU\" srcset=\"https:\/\/down-vn.img.susercontent.com\/file\/vn-11134208-820l4-meo6zqqomarp96@resize_w875_nl 1x, https:\/\/down-vn.img.susercontent.com\/file\/vn-11134208-820l4-meo6zqqomarp96@resize_w1750_nl 2x\" src=\"https:\/\/down-vn.img.susercontent.com\/file\/vn-11134208-820l4-meo6zqqomarp96\" height=\"875\"><\/picture><\/div>\n<\/div>\n<div class=\"QN2lPu\">\n<div style=\"position: relative; width: 100%; padding-bottom: 100%;\"><picture class=\"UkIsx8\"><source srcset=\"https:\/\/down-vn.img.susercontent.com\/file\/vn-11134208-820l4-meo6zqqonpc513@resize_w875_nl.webp 1x, https:\/\/down-vn.img.susercontent.com\/file\/vn-11134208-820l4-meo6zqqonpc513@resize_w1750_nl.webp 2x\" type=\"image\/webp\" class=\"UkIsx8\"><img decoding=\"async\" width=\"875\" loading=\"lazy\" class=\"uXN1L5 lazyload QSLoEa GqYslU\" srcset=\"https:\/\/down-vn.img.susercontent.com\/file\/vn-11134208-820l4-meo6zqqonpc513@resize_w875_nl 1x, https:\/\/down-vn.img.susercontent.com\/file\/vn-11134208-820l4-meo6zqqonpc513@resize_w1750_nl 2x\" src=\"https:\/\/down-vn.img.susercontent.com\/file\/vn-11134208-820l4-meo6zqqonpc513\" height=\"875\"><\/picture><\/div>\n<\/div>\n<div class=\"QN2lPu\">\n<div style=\"position: relative; width: 100%; padding-bottom: 100%;\"><picture class=\"UkIsx8\"><source srcset=\"https:\/\/down-vn.img.susercontent.com\/file\/vn-11134208-820l4-meo6zqqop3wl28@resize_w875_nl.webp 1x, https:\/\/down-vn.img.susercontent.com\/file\/vn-11134208-820l4-meo6zqqop3wl28@resize_w1750_nl.webp 2x\" type=\"image\/webp\" class=\"UkIsx8\"><img decoding=\"async\" width=\"875\" loading=\"lazy\" class=\"uXN1L5 lazyload QSLoEa GqYslU\" srcset=\"https:\/\/down-vn.img.susercontent.com\/file\/vn-11134208-820l4-meo6zqqop3wl28@resize_w875_nl 1x, https:\/\/down-vn.img.susercontent.com\/file\/vn-11134208-820l4-meo6zqqop3wl28@resize_w1750_nl 2x\" src=\"https:\/\/down-vn.img.susercontent.com\/file\/vn-11134208-820l4-meo6zqqop3wl28\" height=\"875\"><\/picture><\/div>\n<\/div>\n<div class=\"QN2lPu\">\n<div style=\"position: relative; width: 100%; padding-bottom: 100%;\"><picture class=\"UkIsx8\"><source srcset=\"https:\/\/down-vn.img.susercontent.com\/file\/vn-11134208-820l4-meo6zqqoqih192@resize_w875_nl.webp 1x, https:\/\/down-vn.img.susercontent.com\/file\/vn-11134208-820l4-meo6zqqoqih192@resize_w1750_nl.webp 2x\" type=\"image\/webp\" class=\"UkIsx8\"><img decoding=\"async\" width=\"875\" loading=\"lazy\" class=\"uXN1L5 lazyload QSLoEa GqYslU\" srcset=\"https:\/\/down-vn.img.susercontent.com\/file\/vn-11134208-820l4-meo6zqqoqih192@resize_w875_nl 1x, https:\/\/down-vn.img.susercontent.com\/file\/vn-11134208-820l4-meo6zqqoqih192@resize_w1750_nl 2x\" src=\"https:\/\/down-vn.img.susercontent.com\/file\/vn-11134208-820l4-meo6zqqoqih192\" height=\"875\"><\/picture><\/div>\n<\/div>\n<div class=\"QN2lPu\">\n<div style=\"position: relative; width: 100%; padding-bottom: 100%;\"><picture class=\"UkIsx8\"><source srcset=\"https:\/\/down-vn.img.susercontent.com\/file\/vn-11134208-820l4-meo6zqqorx1h95@resize_w875_nl.webp 1x, https:\/\/down-vn.img.susercontent.com\/file\/vn-11134208-820l4-meo6zqqorx1h95@resize_w1750_nl.webp 2x\" type=\"image\/webp\" class=\"UkIsx8\"><img decoding=\"async\" width=\"875\" loading=\"lazy\" class=\"uXN1L5 lazyload QSLoEa GqYslU\" srcset=\"https:\/\/down-vn.img.susercontent.com\/file\/vn-11134208-820l4-meo6zqqorx1h95@resize_w875_nl 1x, https:\/\/down-vn.img.susercontent.com\/file\/vn-11134208-820l4-meo6zqqorx1h95@resize_w1750_nl 2x\" src=\"https:\/\/down-vn.img.susercontent.com\/file\/vn-11134208-820l4-meo6zqqorx1h95\" height=\"875\"><\/picture><\/div>\n<\/div>\n<\/div>\n","protected":false},"excerpt":{"rendered":"<p>LEGO BOTANICALS 10374 \u0110\u1ed3 Ch\u01a1i L\u1eafp R\u00e1p B\u00f3 Hoa H\u1ed3ng M\u00e0u H\u1ed3ng (789 Chi Ti\u1ebft) \u25cf Th\u1ecfa s\u1ee9c s\u00e1ng t\u1ea1o c\u00f9ng b\u1ed9 LEGO\u00ae Botanicals: B\u00f3 hoa h\u1ed3ng m\u00e0u h\u1ed3ng d\u00e0nh cho ng\u01b0\u1eddi l\u1edbn. \u25cf B\u1ea1n s\u1ebd \u0111\u01b0\u1ee3c tr\u1ea3i nghi\u1ec7m c\u1ea3m gi\u00e1c l\u1eafp r\u00e1p 12 b\u00f4ng h\u1ed3ng \u1edf nhi\u1ec1u giai \u0111o\u1ea1n n\u1edf kh\u00e1c nhau \u2013 g\u1ed3m&#8230;<\/p>\n","protected":false},"featured_media":14088,"comment_status":"open","ping_status":"closed","template":"","meta":[],"product_brand":[],"product_cat":[1346],"product_tag":[],"class_list":{"0":"post-14059","1":"product","2":"type-product","3":"status-publish","4":"has-post-thumbnail","6":"product_cat-do-choi-lap-rap","8":"first","9":"instock","10":"featured","11":"shipping-taxable","12":"purchasable","13":"product-type-simple"},"_links":{"self":[{"href":"https:\/\/web-ban-le.mbws.vn\/do-choi\/wp-json\/wp\/v2\/product\/14059","targetHints":{"allow":["GET"]}}],"collection":[{"href":"https:\/\/web-ban-le.mbws.vn\/do-choi\/wp-json\/wp\/v2\/product"}],"about":[{"href":"https:\/\/web-ban-le.mbws.vn\/do-choi\/wp-json\/wp\/v2\/types\/product"}],"replies":[{"embeddable":true,"href":"https:\/\/web-ban-le.mbws.vn\/do-choi\/wp-json\/wp\/v2\/comments?post=14059"}],"wp:featuredmedia":[{"embeddable":true,"href":"https:\/\/web-ban-le.mbws.vn\/do-choi\/wp-json\/wp\/v2\/media\/14088"}],"wp:attachment":[{"href":"https:\/\/web-ban-le.mbws.vn\/do-choi\/wp-json\/wp\/v2\/media?parent=14059"}],"wp:term":[{"taxonomy":"product_brand","embeddable":true,"href":"https:\/\/web-ban-le.mbws.vn\/do-choi\/wp-json\/wp\/v2\/product_brand?post=14059"},{"taxonomy":"product_cat","embeddable":true,"href":"https:\/\/web-ban-le.mbws.vn\/do-choi\/wp-json\/wp\/v2\/product_cat?post=14059"},{"taxonomy":"product_tag","embeddable":true,"href":"https:\/\/web-ban-le.mbws.vn\/do-choi\/wp-json\/wp\/v2\/product_tag?post=14059"}],"curies":[{"name":"wp","href":"https:\/\/api.w.org\/{rel}","templated":true}]}}