{"id":14060,"date":"2025-10-28T13:24:42","date_gmt":"2025-10-28T06:24:42","guid":{"rendered":"https:\/\/web-ban-le.mbws.vn\/do-choi\/?post_type=product&#038;p=14060"},"modified":"2025-11-05T08:29:30","modified_gmt":"2025-11-05T01:29:30","slug":"lego-technic-42173-do-choi-lap-rap-xe-the-thao-koenigsegg-jesko-absolut-mau-xam-801-chi-tiet","status":"publish","type":"product","link":"https:\/\/web-ban-le.mbws.vn\/do-choi\/san-pham\/lego-technic-42173-do-choi-lap-rap-xe-the-thao-koenigsegg-jesko-absolut-mau-xam-801-chi-tiet\/","title":{"rendered":"LEGO TECHNIC 42173 \u0110\u1ed3 Ch\u01a1i L\u1eafp R\u00e1p Xe Th\u1ec3 Thao Koenigsegg Jesko Absolut M\u00e0u X\u00e1m (801 Chi Ti\u1ebft)"},"content":{"rendered":"<div class=\"e8lZp3\">\n<p class=\"QN2lPu\">LEGO TECHNIC 42173 \u0110\u1ed3 Ch\u01a1i L\u1eafp R\u00e1p Xe Th\u1ec3 Thao Koenigsegg Jesko Absolut M\u00e0u X\u00e1m (801 Chi Ti\u1ebft)<\/p>\n<p class=\"QN2lPu\">Mang \u0111\u1ebfn c\u1ea3m h\u1ee9ng cho c\u00e1c b\u00e9 trai v\u00e0 b\u00e9 g\u00e1i \u1edf \u0111\u1ed9 tu\u1ed5i 10+ \u0111\u1ec3 l\u1eafp r\u00e1p chi\u1ebfc si\u00eau xe sang tr\u1ecdng v\u1edbi b\u1ed9 l\u1eafp r\u00e1p LEGO\u00ae Technic\u2122 Xe th\u1ec3 thao Koenigsegg Jesko Absolut m\u00e0u x\u00e1m (42173). B\u1ed9 l\u1eafp r\u00e1p n\u00e0y vinh danh m\u1ed9t trong nh\u1eefng chi\u1ebfc si\u00eau xe  v\u1edbi c\u00e1c t\u00ednh n\u0103ng th\u00fa v\u1ecb d\u00e0nh cho nh\u1eefng ng\u01b0\u1eddi \u0111am m\u00ea xe h\u01a1i kh\u00e1m ph\u00e1. Ng\u01b0\u1eddi ch\u01a1i c\u00f3 th\u1ec3 m\u00f4 ph\u1ecfng l\u1ea1i c\u00e1c kh\u00e1i ni\u1ec7m k\u1ef9 thu\u1eadt khi h\u1ecd l\u1eafp r\u00e1p chi ti\u1ebft \u0111\u1ed9ng c\u01a1 V8 c\u1ee7a chi\u1ebfc si\u00eau xe n\u00e0y. Sau \u0111\u00f3, h\u1ecd c\u00f3 th\u1ec3 ki\u1ec3m tra tay l\u00e1i b\u1eb1ng c\u00e1ch s\u1eed d\u1ee5ng ph\u1ea7n n\u00fam c\u00f3 th\u1ec3 th\u00e1o r\u1eddi b\u00ean tr\u00ean khoang ng\u1ed3i . M\u1ed9t t\u00ednh n\u0103ng th\u00fa v\u1ecb c\u1ee7a b\u1ed9 l\u1eafp r\u00e1p n\u00e0y l\u00e0 h\u1ec7 th\u1ed1ng c\u1eeda xo\u1eafn \u0111\u1ed3ng b\u1ed9 l\u01b0\u1ee1ng di\u1ec7n cho ph\u00e9p c\u1eeda xoay 90 \u0111\u1ed9 v\u00e0 di chuy\u1ec3n ra ngo\u00e0i, gi\u1ed1ng nh\u01b0 tr\u00ean chi\u1ebfc si\u00eau xe nguy\u00ean m\u1eabu. Chi\u1ebfc xe LEGO Technic n\u00e0y l\u00e0 m\u1ed9t \u00fd t\u01b0\u1edfng qu\u00e0 t\u1eb7ng tuy\u1ec7t v\u1eddi cho nh\u1eefng tr\u1ebb y\u00eau th\u00edch xe c\u1ed9.  <\/p>\n<p class=\"QN2lPu\">Th\u00f4ng tin s\u1ea3n ph\u1ea9m: <\/p>\n<p class=\"QN2lPu\">&#8211; Xu\u1ea5t x\u1ee9: Trung Qu\u1ed1c <\/p>\n<p class=\"QN2lPu\">&#8211; K\u00edch th\u01b0\u1edbc h\u1ed9p h\u00e0ng: 38.2&#215;26.2&#215;7.05 cm<\/p>\n<div class=\"QN2lPu\">\n<div style=\"position: relative; width: 100%; padding-bottom: 100%;\"><picture class=\"UkIsx8\"><source srcset=\"https:\/\/down-vn.img.susercontent.com\/file\/vn-11134208-7r98o-ly6gc3tpizs123@resize_w875_nl.webp 1x, https:\/\/down-vn.img.susercontent.com\/file\/vn-11134208-7r98o-ly6gc3tpizs123@resize_w1750_nl.webp 2x\" type=\"image\/webp\" class=\"UkIsx8\"><img decoding=\"async\" width=\"875\" loading=\"lazy\" class=\"uXN1L5 lazyload GqYslU\" srcset=\"https:\/\/down-vn.img.susercontent.com\/file\/vn-11134208-7r98o-ly6gc3tpizs123@resize_w875_nl 1x, https:\/\/down-vn.img.susercontent.com\/file\/vn-11134208-7r98o-ly6gc3tpizs123@resize_w1750_nl 2x\" src=\"https:\/\/down-vn.img.susercontent.com\/file\/vn-11134208-7r98o-ly6gc3tpizs123\" height=\"875\"><\/picture><\/div>\n<\/div>\n<div class=\"QN2lPu\">\n<div style=\"position: relative; width: 100%; padding-bottom: 100%;\"><picture class=\"UkIsx8\"><source srcset=\"https:\/\/down-vn.img.susercontent.com\/file\/vn-11134208-7r98o-ly6gc3tpkech77@resize_w875_nl.webp 1x, https:\/\/down-vn.img.susercontent.com\/file\/vn-11134208-7r98o-ly6gc3tpkech77@resize_w1750_nl.webp 2x\" type=\"image\/webp\" class=\"UkIsx8\"><img decoding=\"async\" width=\"875\" loading=\"lazy\" class=\"uXN1L5 lazyload GqYslU\" srcset=\"https:\/\/down-vn.img.susercontent.com\/file\/vn-11134208-7r98o-ly6gc3tpkech77@resize_w875_nl 1x, https:\/\/down-vn.img.susercontent.com\/file\/vn-11134208-7r98o-ly6gc3tpkech77@resize_w1750_nl 2x\" src=\"https:\/\/down-vn.img.susercontent.com\/file\/vn-11134208-7r98o-ly6gc3tpkech77\" height=\"875\"><\/picture><\/div>\n<\/div>\n<p class=\"QN2lPu\">\n<div class=\"QN2lPu\">\n<div style=\"position: relative; width: 100%; padding-bottom: 100%;\"><picture class=\"UkIsx8\"><source srcset=\"https:\/\/down-vn.img.susercontent.com\/file\/vn-11134208-7r98o-ly6gc3tplswxe6@resize_w875_nl.webp 1x, https:\/\/down-vn.img.susercontent.com\/file\/vn-11134208-7r98o-ly6gc3tplswxe6@resize_w1750_nl.webp 2x\" type=\"image\/webp\" class=\"UkIsx8\"><img decoding=\"async\" width=\"875\" loading=\"lazy\" class=\"uXN1L5 lazyload GqYslU\" srcset=\"https:\/\/down-vn.img.susercontent.com\/file\/vn-11134208-7r98o-ly6gc3tplswxe6@resize_w875_nl 1x, https:\/\/down-vn.img.susercontent.com\/file\/vn-11134208-7r98o-ly6gc3tplswxe6@resize_w1750_nl 2x\" src=\"https:\/\/down-vn.img.susercontent.com\/file\/vn-11134208-7r98o-ly6gc3tplswxe6\" height=\"875\"><\/picture><\/div>\n<\/div>\n<div class=\"QN2lPu\">\n<div style=\"position: relative; width: 100%; padding-bottom: 100%;\"><picture class=\"UkIsx8\"><source srcset=\"https:\/\/down-vn.img.susercontent.com\/file\/vn-11134208-7r98o-ly6gc3tpn7hd25@resize_w875_nl.webp 1x, https:\/\/down-vn.img.susercontent.com\/file\/vn-11134208-7r98o-ly6gc3tpn7hd25@resize_w1750_nl.webp 2x\" type=\"image\/webp\" class=\"UkIsx8\"><img decoding=\"async\" width=\"875\" loading=\"lazy\" class=\"uXN1L5 lazyload GqYslU\" srcset=\"https:\/\/down-vn.img.susercontent.com\/file\/vn-11134208-7r98o-ly6gc3tpn7hd25@resize_w875_nl 1x, https:\/\/down-vn.img.susercontent.com\/file\/vn-11134208-7r98o-ly6gc3tpn7hd25@resize_w1750_nl 2x\" src=\"https:\/\/down-vn.img.susercontent.com\/file\/vn-11134208-7r98o-ly6gc3tpn7hd25\" height=\"875\"><\/picture><\/div>\n<\/div>\n<div class=\"QN2lPu\">\n<div style=\"position: relative; width: 100%; padding-bottom: 100%;\"><picture class=\"UkIsx8\"><source srcset=\"https:\/\/down-vn.img.susercontent.com\/file\/vn-11134208-7r98o-ly6gc3tpom1t2c@resize_w875_nl.webp 1x, https:\/\/down-vn.img.susercontent.com\/file\/vn-11134208-7r98o-ly6gc3tpom1t2c@resize_w1750_nl.webp 2x\" type=\"image\/webp\" class=\"UkIsx8\"><img decoding=\"async\" width=\"875\" loading=\"lazy\" class=\"uXN1L5 lazyload GqYslU\" srcset=\"https:\/\/down-vn.img.susercontent.com\/file\/vn-11134208-7r98o-ly6gc3tpom1t2c@resize_w875_nl 1x, https:\/\/down-vn.img.susercontent.com\/file\/vn-11134208-7r98o-ly6gc3tpom1t2c@resize_w1750_nl 2x\" src=\"https:\/\/down-vn.img.susercontent.com\/file\/vn-11134208-7r98o-ly6gc3tpom1t2c\" height=\"875\"><\/picture><\/div>\n<\/div>\n<div class=\"QN2lPu\">\n<div style=\"position: relative; width: 100%; padding-bottom: 100%;\"><picture class=\"UkIsx8\"><source srcset=\"https:\/\/down-vn.img.susercontent.com\/file\/vn-11134208-7r98o-ly6gc3tpq0m901@resize_w875_nl.webp 1x, https:\/\/down-vn.img.susercontent.com\/file\/vn-11134208-7r98o-ly6gc3tpq0m901@resize_w1750_nl.webp 2x\" type=\"image\/webp\" class=\"UkIsx8\"><img decoding=\"async\" width=\"875\" loading=\"lazy\" class=\"uXN1L5 lazyload GqYslU\" srcset=\"https:\/\/down-vn.img.susercontent.com\/file\/vn-11134208-7r98o-ly6gc3tpq0m901@resize_w875_nl 1x, https:\/\/down-vn.img.susercontent.com\/file\/vn-11134208-7r98o-ly6gc3tpq0m901@resize_w1750_nl 2x\" src=\"https:\/\/down-vn.img.susercontent.com\/file\/vn-11134208-7r98o-ly6gc3tpq0m901\" height=\"875\"><\/picture><\/div>\n<\/div>\n<div class=\"QN2lPu\">\n<div style=\"position: relative; width: 100%; padding-bottom: 100%;\"><picture class=\"UkIsx8\"><source srcset=\"https:\/\/down-vn.img.susercontent.com\/file\/vn-11134208-7r98o-ly6gc3tprf6p16@resize_w875_nl.webp 1x, https:\/\/down-vn.img.susercontent.com\/file\/vn-11134208-7r98o-ly6gc3tprf6p16@resize_w1750_nl.webp 2x\" type=\"image\/webp\" class=\"UkIsx8\"><img decoding=\"async\" width=\"875\" loading=\"lazy\" class=\"uXN1L5 lazyload QSLoEa GqYslU\" srcset=\"https:\/\/down-vn.img.susercontent.com\/file\/vn-11134208-7r98o-ly6gc3tprf6p16@resize_w875_nl 1x, https:\/\/down-vn.img.susercontent.com\/file\/vn-11134208-7r98o-ly6gc3tprf6p16@resize_w1750_nl 2x\" src=\"https:\/\/down-vn.img.susercontent.com\/file\/vn-11134208-7r98o-ly6gc3tprf6p16\" height=\"875\"><\/picture><\/div>\n<\/div>\n<div class=\"QN2lPu\">\n<div style=\"position: relative; width: 100%; padding-bottom: 100%;\"><picture class=\"UkIsx8\"><source srcset=\"https:\/\/down-vn.img.susercontent.com\/file\/vn-11134208-7r98o-ly6gc3tpstr586@resize_w875_nl.webp 1x, https:\/\/down-vn.img.susercontent.com\/file\/vn-11134208-7r98o-ly6gc3tpstr586@resize_w1750_nl.webp 2x\" type=\"image\/webp\" class=\"UkIsx8\"><img decoding=\"async\" width=\"875\" loading=\"lazy\" class=\"uXN1L5 lazyload QSLoEa GqYslU\" srcset=\"https:\/\/down-vn.img.susercontent.com\/file\/vn-11134208-7r98o-ly6gc3tpstr586@resize_w875_nl 1x, https:\/\/down-vn.img.susercontent.com\/file\/vn-11134208-7r98o-ly6gc3tpstr586@resize_w1750_nl 2x\" src=\"https:\/\/down-vn.img.susercontent.com\/file\/vn-11134208-7r98o-ly6gc3tpstr586\" height=\"875\"><\/picture><\/div>\n<\/div>\n<div class=\"QN2lPu\">\n<div style=\"position: relative; width: 100%; padding-bottom: 100%;\"><picture class=\"UkIsx8\"><source srcset=\"https:\/\/down-vn.img.susercontent.com\/file\/vn-11134208-7r98o-ly6gh0e50wpt57@resize_w875_nl.webp 1x, https:\/\/down-vn.img.susercontent.com\/file\/vn-11134208-7r98o-ly6gh0e50wpt57@resize_w1750_nl.webp 2x\" type=\"image\/webp\" class=\"UkIsx8\"><img decoding=\"async\" width=\"875\" loading=\"lazy\" class=\"uXN1L5 lazyload QSLoEa GqYslU\" srcset=\"https:\/\/down-vn.img.susercontent.com\/file\/vn-11134208-7r98o-ly6gh0e50wpt57@resize_w875_nl 1x, https:\/\/down-vn.img.susercontent.com\/file\/vn-11134208-7r98o-ly6gh0e50wpt57@resize_w1750_nl 2x\" src=\"https:\/\/down-vn.img.susercontent.com\/file\/vn-11134208-7r98o-ly6gh0e50wpt57\" height=\"875\"><\/picture><\/div>\n<\/div>\n<\/div>\n","protected":false},"excerpt":{"rendered":"<p>LEGO TECHNIC 42173 \u0110\u1ed3 Ch\u01a1i L\u1eafp R\u00e1p Xe Th\u1ec3 Thao Koenigsegg Jesko Absolut M\u00e0u X\u00e1m (801 Chi Ti\u1ebft) Mang \u0111\u1ebfn c\u1ea3m h\u1ee9ng cho c\u00e1c b\u00e9 trai v\u00e0 b\u00e9 g\u00e1i \u1edf \u0111\u1ed9 tu\u1ed5i 10+ \u0111\u1ec3 l\u1eafp r\u00e1p chi\u1ebfc si\u00eau xe sang tr\u1ecdng v\u1edbi b\u1ed9 l\u1eafp r\u00e1p LEGO\u00ae Technic\u2122 Xe th\u1ec3 thao Koenigsegg Jesko Absolut m\u00e0u x\u00e1m&#8230;<\/p>\n","protected":false},"featured_media":14097,"comment_status":"open","ping_status":"closed","template":"","meta":[],"product_brand":[],"product_cat":[1346],"product_tag":[],"class_list":{"0":"post-14060","1":"product","2":"type-product","3":"status-publish","4":"has-post-thumbnail","6":"product_cat-do-choi-lap-rap","8":"first","9":"instock","10":"featured","11":"shipping-taxable","12":"purchasable","13":"product-type-simple"},"_links":{"self":[{"href":"https:\/\/web-ban-le.mbws.vn\/do-choi\/wp-json\/wp\/v2\/product\/14060","targetHints":{"allow":["GET"]}}],"collection":[{"href":"https:\/\/web-ban-le.mbws.vn\/do-choi\/wp-json\/wp\/v2\/product"}],"about":[{"href":"https:\/\/web-ban-le.mbws.vn\/do-choi\/wp-json\/wp\/v2\/types\/product"}],"replies":[{"embeddable":true,"href":"https:\/\/web-ban-le.mbws.vn\/do-choi\/wp-json\/wp\/v2\/comments?post=14060"}],"wp:featuredmedia":[{"embeddable":true,"href":"https:\/\/web-ban-le.mbws.vn\/do-choi\/wp-json\/wp\/v2\/media\/14097"}],"wp:attachment":[{"href":"https:\/\/web-ban-le.mbws.vn\/do-choi\/wp-json\/wp\/v2\/media?parent=14060"}],"wp:term":[{"taxonomy":"product_brand","embeddable":true,"href":"https:\/\/web-ban-le.mbws.vn\/do-choi\/wp-json\/wp\/v2\/product_brand?post=14060"},{"taxonomy":"product_cat","embeddable":true,"href":"https:\/\/web-ban-le.mbws.vn\/do-choi\/wp-json\/wp\/v2\/product_cat?post=14060"},{"taxonomy":"product_tag","embeddable":true,"href":"https:\/\/web-ban-le.mbws.vn\/do-choi\/wp-json\/wp\/v2\/product_tag?post=14060"}],"curies":[{"name":"wp","href":"https:\/\/api.w.org\/{rel}","templated":true}]}}