{"id":14061,"date":"2025-10-28T13:24:42","date_gmt":"2025-10-28T06:24:42","guid":{"rendered":"https:\/\/web-ban-le.mbws.vn\/do-choi\/?post_type=product&#038;p=14061"},"modified":"2025-11-05T08:29:30","modified_gmt":"2025-11-05T01:29:30","slug":"lego-botanicals-40460-do-choi-lap-rap-hoa-hong-iconic-120-chi-tiet","status":"publish","type":"product","link":"https:\/\/web-ban-le.mbws.vn\/do-choi\/san-pham\/lego-botanicals-40460-do-choi-lap-rap-hoa-hong-iconic-120-chi-tiet\/","title":{"rendered":"LEGO BOTANICALS 40460 \u0110\u1ed3 Ch\u01a1i L\u1eafp R\u00e1p Hoa H\u1ed3ng Iconic (120 Chi Ti\u1ebft)"},"content":{"rendered":"<div class=\"e8lZp3\">\n<p class=\"QN2lPu\"> LEGO FLOWER 40460 \u0110\u1ed3 Ch\u01a1i L\u1eafp R\u00e1p Hoa H\u1ed3ng (120 Chi Ti\u1ebft)<\/p>\n<p class=\"QN2lPu\">Mang \u0111\u1ebfn m\u1ed9t \u0111i\u1ec1u th\u1eadt tuy\u1ec7t v\u1eddi cho b\u1ea5t k\u00ec ai v\u1edbi nh\u1eefng b\u00f4ng hoa h\u1ed3ng \u0111\u1ecf th\u1eafm \u0111\u01b0\u1ee3c l\u1eafp r\u00e1p t\u1eeb nh\u1eefng vi\u00ean g\u1ea1ch LEGO xinh x\u1eafn n\u00e0y.<\/p>\n<p class=\"QN2lPu\">\u2022 Mang \u0111\u1ebfn cho ng\u01b0\u1eddi b\u1ea1n th\u01b0\u01a1ng y\u00eau m\u1ed9t m\u00f3n qu\u00e0 th\u1eadt tuy\u1ec7t v\u1eddi, v\u00e0 khi\u1ebfn h\u1ecd c\u1ea3m nh\u1eadn \u0111\u01b0\u1ee3c m\u00ecnh quan tr\u1ecdng nh\u01b0 th\u1ebf n\u00e0o. B\u1ed9 tr\u00f2 ch\u01a1i d\u00e0nh cho l\u1ee9a tu\u1ed5i 8+<\/p>\n<p class=\"QN2lPu\">\u2022 \u00dd t\u01b0\u1edfng qu\u00e0 t\u1eb7ng \u0111\u1ed9c \u0111\u00e1o Ng\u00e0y l\u1ec5 t\u00ecnh nh\u00e2n \u2013 K\u1ef7 ni\u1ec7m sinh nh\u1eadt ho\u1eb7c b\u1ea5t k\u1ef3 d\u1ecbp \u0111\u1eb7c bi\u1ec7t n\u00e0o b\u1eb1ng m\u00f3n qu\u00e0 \u0111\u01b0\u1ee3c thi\u1ebft k\u1ebf d\u00e0nh cho nh\u1eefng ng\u01b0\u1eddi y\u00eau th\u00edch LEGO\u00ae, c\u00f3 th\u1ec3 d\u00f9ng \u0111\u1ec3 l\u00e0m \u0111\u1ed3 trang tr\u00ed nh\u00e0 c\u1eeda v\u00e0 hoa.<\/p>\n<p class=\"QN2lPu\">\u2022 B\u1ed9 tr\u00f2 ch\u01a1i bao g\u1ed3m 2 b\u00f4ng h\u1ed3ng \u0111\u1ecf c\u00f3 th\u00e2n c\u00f3 th\u1ec3 \u0111i\u1ec1u ch\u1ec9nh \u0111\u01b0\u1ee3c.<\/p>\n<p class=\"QN2lPu\">\u2022 K\u00edch th\u01b0\u1edbc \u2013 B\u1ed9 tr\u00f2 ch\u01a1i g\u1ed3m 120 m\u1ea3nh gh\u00e9p. M\u1ed7i c\u00e0nh hoa h\u1ed3ng d\u00e0i h\u01a1n 10 inch (26 cm) \u2013 ho\u00e0n h\u1ea3o \u0111\u1ec3 c\u1eafm trong b\u00ecnh.<\/p>\n<div class=\"QN2lPu\">\n<div style=\"position: relative; width: 100%; padding-bottom: 100%;\"><picture class=\"UkIsx8\"><source srcset=\"https:\/\/down-vn.img.susercontent.com\/file\/vn-11134202-7ras8-m2vtaap41w3e2e@resize_w875_nl.webp 1x, https:\/\/down-vn.img.susercontent.com\/file\/vn-11134202-7ras8-m2vtaap41w3e2e@resize_w1750_nl.webp 2x\" type=\"image\/webp\" class=\"UkIsx8\"><img decoding=\"async\" width=\"875\" loading=\"lazy\" class=\"uXN1L5 lazyload GqYslU\" srcset=\"https:\/\/down-vn.img.susercontent.com\/file\/vn-11134202-7ras8-m2vtaap41w3e2e@resize_w875_nl 1x, https:\/\/down-vn.img.susercontent.com\/file\/vn-11134202-7ras8-m2vtaap41w3e2e@resize_w1750_nl 2x\" src=\"https:\/\/down-vn.img.susercontent.com\/file\/vn-11134202-7ras8-m2vtaap41w3e2e\" height=\"875\"><\/picture><\/div>\n<\/div>\n<div class=\"QN2lPu\">\n<div style=\"position: relative; width: 100%; padding-bottom: 100%;\"><picture class=\"UkIsx8\"><source srcset=\"https:\/\/down-vn.img.susercontent.com\/file\/vn-11134202-7ras8-m2vtaaudu6mefd@resize_w875_nl.webp 1x, https:\/\/down-vn.img.susercontent.com\/file\/vn-11134202-7ras8-m2vtaaudu6mefd@resize_w1750_nl.webp 2x\" type=\"image\/webp\" class=\"UkIsx8\"><img decoding=\"async\" width=\"875\" loading=\"lazy\" class=\"uXN1L5 lazyload GqYslU\" srcset=\"https:\/\/down-vn.img.susercontent.com\/file\/vn-11134202-7ras8-m2vtaaudu6mefd@resize_w875_nl 1x, https:\/\/down-vn.img.susercontent.com\/file\/vn-11134202-7ras8-m2vtaaudu6mefd@resize_w1750_nl 2x\" src=\"https:\/\/down-vn.img.susercontent.com\/file\/vn-11134202-7ras8-m2vtaaudu6mefd\" height=\"875\"><\/picture><\/div>\n<\/div>\n<div class=\"QN2lPu\">\n<div style=\"position: relative; width: 100%; padding-bottom: 100%;\"><picture class=\"UkIsx8\"><source srcset=\"https:\/\/down-vn.img.susercontent.com\/file\/vn-11134202-7ras8-m2vtaaznmgmy14@resize_w875_nl.webp 1x, https:\/\/down-vn.img.susercontent.com\/file\/vn-11134202-7ras8-m2vtaaznmgmy14@resize_w1750_nl.webp 2x\" type=\"image\/webp\" class=\"UkIsx8\"><img decoding=\"async\" width=\"875\" loading=\"lazy\" class=\"uXN1L5 lazyload GqYslU\" srcset=\"https:\/\/down-vn.img.susercontent.com\/file\/vn-11134202-7ras8-m2vtaaznmgmy14@resize_w875_nl 1x, https:\/\/down-vn.img.susercontent.com\/file\/vn-11134202-7ras8-m2vtaaznmgmy14@resize_w1750_nl 2x\" src=\"https:\/\/down-vn.img.susercontent.com\/file\/vn-11134202-7ras8-m2vtaaznmgmy14\" height=\"875\"><\/picture><\/div>\n<\/div>\n<div class=\"QN2lPu\">\n<div style=\"position: relative; width: 100%; padding-bottom: 100%;\"><picture class=\"UkIsx8\"><source srcset=\"https:\/\/down-vn.img.susercontent.com\/file\/vn-11134202-7ras8-m2vtab4xeqwqcd@resize_w875_nl.webp 1x, https:\/\/down-vn.img.susercontent.com\/file\/vn-11134202-7ras8-m2vtab4xeqwqcd@resize_w1750_nl.webp 2x\" type=\"image\/webp\" class=\"UkIsx8\"><img decoding=\"async\" width=\"875\" loading=\"lazy\" class=\"uXN1L5 lazyload GqYslU\" srcset=\"https:\/\/down-vn.img.susercontent.com\/file\/vn-11134202-7ras8-m2vtab4xeqwqcd@resize_w875_nl 1x, https:\/\/down-vn.img.susercontent.com\/file\/vn-11134202-7ras8-m2vtab4xeqwqcd@resize_w1750_nl 2x\" src=\"https:\/\/down-vn.img.susercontent.com\/file\/vn-11134202-7ras8-m2vtab4xeqwqcd\" height=\"875\"><\/picture><\/div>\n<\/div>\n<div class=\"QN2lPu\">\n<div style=\"position: relative; width: 100%; padding-bottom: 100%;\"><picture class=\"UkIsx8\"><source srcset=\"https:\/\/down-vn.img.susercontent.com\/file\/vn-11134202-7ras8-m2vtabg0yih24e@resize_w875_nl.webp 1x, https:\/\/down-vn.img.susercontent.com\/file\/vn-11134202-7ras8-m2vtabg0yih24e@resize_w1750_nl.webp 2x\" type=\"image\/webp\" class=\"UkIsx8\"><img decoding=\"async\" width=\"875\" loading=\"lazy\" class=\"uXN1L5 lazyload GqYslU\" srcset=\"https:\/\/down-vn.img.susercontent.com\/file\/vn-11134202-7ras8-m2vtabg0yih24e@resize_w875_nl 1x, https:\/\/down-vn.img.susercontent.com\/file\/vn-11134202-7ras8-m2vtabg0yih24e@resize_w1750_nl 2x\" src=\"https:\/\/down-vn.img.susercontent.com\/file\/vn-11134202-7ras8-m2vtabg0yih24e\" height=\"875\"><\/picture><\/div>\n<\/div>\n<div class=\"QN2lPu\">\n<div style=\"position: relative; width: 100%; padding-bottom: 100%;\"><picture class=\"UkIsx8\"><source srcset=\"https:\/\/down-vn.img.susercontent.com\/file\/vn-11134202-7ras8-m2vtablaqsqud6@resize_w875_nl.webp 1x, https:\/\/down-vn.img.susercontent.com\/file\/vn-11134202-7ras8-m2vtablaqsqud6@resize_w1750_nl.webp 2x\" type=\"image\/webp\" class=\"UkIsx8\"><img decoding=\"async\" width=\"875\" loading=\"lazy\" class=\"uXN1L5 lazyload QSLoEa GqYslU\" srcset=\"https:\/\/down-vn.img.susercontent.com\/file\/vn-11134202-7ras8-m2vtablaqsqud6@resize_w875_nl 1x, https:\/\/down-vn.img.susercontent.com\/file\/vn-11134202-7ras8-m2vtablaqsqud6@resize_w1750_nl 2x\" src=\"https:\/\/down-vn.img.susercontent.com\/file\/vn-11134202-7ras8-m2vtablaqsqud6\" height=\"875\"><\/picture><\/div>\n<\/div>\n<div class=\"QN2lPu\">\n<div style=\"position: relative; width: 100%; padding-bottom: 100%;\"><picture class=\"UkIsx8\"><source srcset=\"https:\/\/down-vn.img.susercontent.com\/file\/vn-11134202-7ras8-m2vtabr4i9s670@resize_w875_nl.webp 1x, https:\/\/down-vn.img.susercontent.com\/file\/vn-11134202-7ras8-m2vtabr4i9s670@resize_w1750_nl.webp 2x\" type=\"image\/webp\" class=\"UkIsx8\"><img decoding=\"async\" width=\"875\" loading=\"lazy\" class=\"uXN1L5 lazyload QSLoEa GqYslU\" srcset=\"https:\/\/down-vn.img.susercontent.com\/file\/vn-11134202-7ras8-m2vtabr4i9s670@resize_w875_nl 1x, https:\/\/down-vn.img.susercontent.com\/file\/vn-11134202-7ras8-m2vtabr4i9s670@resize_w1750_nl 2x\" src=\"https:\/\/down-vn.img.susercontent.com\/file\/vn-11134202-7ras8-m2vtabr4i9s670\" height=\"875\"><\/picture><\/div>\n<\/div>\n<\/div>\n","protected":false},"excerpt":{"rendered":"<p>LEGO FLOWER 40460 \u0110\u1ed3 Ch\u01a1i L\u1eafp R\u00e1p Hoa H\u1ed3ng (120 Chi Ti\u1ebft) Mang \u0111\u1ebfn m\u1ed9t \u0111i\u1ec1u th\u1eadt tuy\u1ec7t v\u1eddi cho b\u1ea5t k\u00ec ai v\u1edbi nh\u1eefng b\u00f4ng hoa h\u1ed3ng \u0111\u1ecf th\u1eafm \u0111\u01b0\u1ee3c l\u1eafp r\u00e1p t\u1eeb nh\u1eefng vi\u00ean g\u1ea1ch LEGO xinh x\u1eafn n\u00e0y. \u2022 Mang \u0111\u1ebfn cho ng\u01b0\u1eddi b\u1ea1n th\u01b0\u01a1ng y\u00eau m\u1ed9t m\u00f3n qu\u00e0 th\u1eadt tuy\u1ec7t v\u1eddi,&#8230;<\/p>\n","protected":false},"featured_media":14105,"comment_status":"open","ping_status":"closed","template":"","meta":[],"product_brand":[],"product_cat":[1346],"product_tag":[],"class_list":{"0":"post-14061","1":"product","2":"type-product","3":"status-publish","4":"has-post-thumbnail","6":"product_cat-do-choi-lap-rap","8":"first","9":"instock","10":"featured","11":"shipping-taxable","12":"purchasable","13":"product-type-simple"},"_links":{"self":[{"href":"https:\/\/web-ban-le.mbws.vn\/do-choi\/wp-json\/wp\/v2\/product\/14061","targetHints":{"allow":["GET"]}}],"collection":[{"href":"https:\/\/web-ban-le.mbws.vn\/do-choi\/wp-json\/wp\/v2\/product"}],"about":[{"href":"https:\/\/web-ban-le.mbws.vn\/do-choi\/wp-json\/wp\/v2\/types\/product"}],"replies":[{"embeddable":true,"href":"https:\/\/web-ban-le.mbws.vn\/do-choi\/wp-json\/wp\/v2\/comments?post=14061"}],"wp:featuredmedia":[{"embeddable":true,"href":"https:\/\/web-ban-le.mbws.vn\/do-choi\/wp-json\/wp\/v2\/media\/14105"}],"wp:attachment":[{"href":"https:\/\/web-ban-le.mbws.vn\/do-choi\/wp-json\/wp\/v2\/media?parent=14061"}],"wp:term":[{"taxonomy":"product_brand","embeddable":true,"href":"https:\/\/web-ban-le.mbws.vn\/do-choi\/wp-json\/wp\/v2\/product_brand?post=14061"},{"taxonomy":"product_cat","embeddable":true,"href":"https:\/\/web-ban-le.mbws.vn\/do-choi\/wp-json\/wp\/v2\/product_cat?post=14061"},{"taxonomy":"product_tag","embeddable":true,"href":"https:\/\/web-ban-le.mbws.vn\/do-choi\/wp-json\/wp\/v2\/product_tag?post=14061"}],"curies":[{"name":"wp","href":"https:\/\/api.w.org\/{rel}","templated":true}]}}