{"id":14062,"date":"2025-10-28T13:24:42","date_gmt":"2025-10-28T06:24:42","guid":{"rendered":"https:\/\/web-ban-le.mbws.vn\/do-choi\/?post_type=product&#038;p=14062"},"modified":"2025-11-05T08:29:30","modified_gmt":"2025-11-05T01:29:30","slug":"lego-city-60452-do-choi-lap-rap-xe-banh-donut-di-dong-196-chi-tiet","status":"publish","type":"product","link":"https:\/\/web-ban-le.mbws.vn\/do-choi\/san-pham\/lego-city-60452-do-choi-lap-rap-xe-banh-donut-di-dong-196-chi-tiet\/","title":{"rendered":"LEGO CITY 60452 \u0110\u1ed3 Ch\u01a1i L\u1eafp R\u00e1p Xe B\u00e1nh Donut Di \u0110\u1ed9ng\u00a0(196 chi ti\u1ebft)"},"content":{"rendered":"<div class=\"e8lZp3\">\n<p class=\"QN2lPu\">LEGO&nbsp;CITY&nbsp;60452&nbsp;\u0110\u1ed3&nbsp;Ch\u01a1i&nbsp;L\u1eafp&nbsp;R\u00e1p&nbsp;Xe&nbsp;B\u00e1nh&nbsp;Donut&nbsp;Di&nbsp;\u0110\u1ed9ng&nbsp;(196&nbsp;chi&nbsp;ti\u1ebft)<\/p>\n<p class=\"QN2lPu\">K\u00e9o chi\u1ebfc Xe B\u00e1nh R\u00e1n v\u00e0 h\u01b0\u1edbng \u0111\u1ebfn LEGO\u00ae City! Chi\u1ebfc xe t\u1ea3i v\u00e0 qu\u1ea7y h\u00e0ng c\u00f3 th\u1ec3 th\u00e1o r\u1eddi n\u00e0y th\u1eadt tuy\u1ec7t v\u1eddi! Ki\u1ec3m tra trang tr\u00ed kem v\u00e0 b\u00e1nh r\u00e1n m\u00e1i nh\u00e0 kh\u1ed5ng l\u1ed3.<\/p>\n<p class=\"QN2lPu\">Chu\u1ea9n b\u1ecb nh\u1eefng c\u00f4ng th\u1ee9c n\u1ea5u \u0103n ngon trong ph\u00f2ng chu\u1ea9n b\u1ecb v\u00e0 ph\u1ee5c v\u1ee5 b\u00e1nh r\u00e1n t\u01b0\u01a1i m\u1edbi v\u00e0 \u0111\u1ed3 u\u1ed1ng n\u00f3ng ngon cho kh\u00e1ch h\u00e0ng \u0111\u00f3i. Khi b\u1ea1n s\u1eb5n s\u00e0ng di chuy\u1ec3n, nh\u1ea3y l\u00ean sau tay l\u00e1i v\u00e0 l\u00e1i qu\u00e1n c\u00e0 ph\u00ea di \u0111\u1ed9ng tuy\u1ec7t v\u1eddi c\u1ee7a b\u1ea1n \u0111\u1ebfn \u0111i\u1ec3m \u0111\u1ebfn ti\u1ebfp theo!<\/p>\n<p class=\"QN2lPu\">\u0110\u1ed3 ch\u01a1i xe Xe B\u00e1nh R\u00e1n LEGO\u00ae City d\u00e0nh cho c\u00e1c b\u00e9 t\u1eeb 5 tu\u1ed5i tr\u1edf l\u00ean<\/p>\n<p class=\"QN2lPu\">B\u1ed9 \u0111\u1ed3 ch\u01a1i xe t\u1ea3i b\u00e1nh r\u00e1n v\u1edbi qu\u1ea7y h\u00e0ng c\u00f3 th\u1ec3 th\u00e1o r\u1eddi v\u00e0 2 nh\u00e2n v\u1eadt nh\u1ecf<\/p>\n<p class=\"QN2lPu\">Qu\u1ea7y b\u00e1n b\u00e1nh r\u00e1n di \u0111\u1ed9ng v\u1edbi khu v\u1ef1c chu\u1ea9n b\u1ecb v\u00e0 c\u1eeda s\u1ed5 ph\u1ee5c v\u1ee5 \u0111\u1ec3 ch\u01a1i t\u01b0\u1edfng t\u01b0\u1ee3ng<\/p>\n<p class=\"QN2lPu\">Ph\u1ee5 ki\u1ec7n \u0111\u1ed3 ch\u01a1i bao g\u1ed3m m\u00e1y pha c\u00e0 ph\u00ea, m\u00e1y t\u00ednh ti\u1ec1n, 4 chi\u1ebfc b\u00e1nh r\u00e1n v\u00e0 2 chi\u1ebfc c\u1ed1c<\/p>\n<p class=\"QN2lPu\">M\u1ed9t m\u00f3n qu\u00e0 theo ch\u1ee7 \u0111\u1ec1 b\u00e1nh r\u00e1n vui nh\u1ed9n ho\u1eb7c b\u1ea5t ng\u1edd b\u1ea5t k\u1ef3 ng\u00e0y n\u00e0o cho c\u00e1c b\u00e9 t\u1eeb 5 tu\u1ed5i tr\u1edf l\u00ean<\/p>\n<p class=\"QN2lPu\">K\u1ebft h\u1ee3p b\u1ed9 LEGO\u00ae City n\u00e0y v\u1edbi c\u00e1c b\u1ed9 kh\u00e1c (b\u00e1n ri\u00eang) t\u1eeb d\u00f2ng s\u1ea3n ph\u1ea9m<\/p>\n<p class=\"QN2lPu\">LEGO\u00ae City l\u00e0 n\u01a1i c\u00e1c b\u00e9 c\u00f3 th\u1ec3 th\u1ecfa s\u1ee9c t\u01b0\u1edfng t\u01b0\u1ee3ng kh\u00f4ng gi\u1edbi h\u1ea1n<\/p>\n<p class=\"QN2lPu\">Chi\u1ebfc xe t\u1ea3i trong b\u1ed9 ch\u01a1i xe 196 m\u1ea3nh n\u00e0y d\u00e0i h\u01a1n 13 cm (5 in.)<\/p>\n<p class=\"QN2lPu\">\n<p class=\"QN2lPu\">Th\u00f4ng tin s\u1ea3n ph\u1ea9m: <\/p>\n<p class=\"QN2lPu\">&#8211; Xu\u1ea5t x\u1ee9: Trung Qu\u1ed1c <\/p>\n<p class=\"QN2lPu\">&#8211; K\u00edch th\u01b0\u1edbc h\u1ed9p h\u00e0ng: 26.2&#215;19.1&#215;6.1 cm<\/p>\n<div class=\"QN2lPu\">\n<div style=\"position: relative; width: 100%; padding-bottom: 100%;\"><picture class=\"UkIsx8\"><source srcset=\"https:\/\/down-vn.img.susercontent.com\/file\/vn-11134208-7ras8-m4e74tcbncnj32@resize_w875_nl.webp 1x, https:\/\/down-vn.img.susercontent.com\/file\/vn-11134208-7ras8-m4e74tcbncnj32@resize_w1750_nl.webp 2x\" type=\"image\/webp\" class=\"UkIsx8\"><img decoding=\"async\" width=\"875\" loading=\"lazy\" class=\"uXN1L5 lazyload GqYslU\" srcset=\"https:\/\/down-vn.img.susercontent.com\/file\/vn-11134208-7ras8-m4e74tcbncnj32@resize_w875_nl 1x, https:\/\/down-vn.img.susercontent.com\/file\/vn-11134208-7ras8-m4e74tcbncnj32@resize_w1750_nl 2x\" src=\"https:\/\/down-vn.img.susercontent.com\/file\/vn-11134208-7ras8-m4e74tcbncnj32\" height=\"875\"><\/picture><\/div>\n<\/div>\n<div class=\"QN2lPu\">\n<div style=\"position: relative; width: 100%; padding-bottom: 100%;\"><picture class=\"UkIsx8\"><source srcset=\"https:\/\/down-vn.img.susercontent.com\/file\/vn-11134208-7ras8-m4e74tcbly33af@resize_w875_nl.webp 1x, https:\/\/down-vn.img.susercontent.com\/file\/vn-11134208-7ras8-m4e74tcbly33af@resize_w1750_nl.webp 2x\" type=\"image\/webp\" class=\"UkIsx8\"><img decoding=\"async\" width=\"875\" loading=\"lazy\" class=\"uXN1L5 lazyload GqYslU\" srcset=\"https:\/\/down-vn.img.susercontent.com\/file\/vn-11134208-7ras8-m4e74tcbly33af@resize_w875_nl 1x, https:\/\/down-vn.img.susercontent.com\/file\/vn-11134208-7ras8-m4e74tcbly33af@resize_w1750_nl 2x\" src=\"https:\/\/down-vn.img.susercontent.com\/file\/vn-11134208-7ras8-m4e74tcbly33af\" height=\"875\"><\/picture><\/div>\n<\/div>\n<p class=\"QN2lPu\">\n<div class=\"QN2lPu\">\n<div style=\"position: relative; width: 100%; padding-bottom: 100%;\"><picture class=\"UkIsx8\"><source srcset=\"https:\/\/down-vn.img.susercontent.com\/file\/vn-11134208-7ras8-m4e74tcbor7z2d@resize_w875_nl.webp 1x, https:\/\/down-vn.img.susercontent.com\/file\/vn-11134208-7ras8-m4e74tcbor7z2d@resize_w1750_nl.webp 2x\" type=\"image\/webp\" class=\"UkIsx8\"><img decoding=\"async\" width=\"875\" loading=\"lazy\" class=\"uXN1L5 lazyload GqYslU\" srcset=\"https:\/\/down-vn.img.susercontent.com\/file\/vn-11134208-7ras8-m4e74tcbor7z2d@resize_w875_nl 1x, https:\/\/down-vn.img.susercontent.com\/file\/vn-11134208-7ras8-m4e74tcbor7z2d@resize_w1750_nl 2x\" src=\"https:\/\/down-vn.img.susercontent.com\/file\/vn-11134208-7ras8-m4e74tcbor7z2d\" height=\"875\"><\/picture><\/div>\n<\/div>\n<div class=\"QN2lPu\">\n<div style=\"position: relative; width: 100%; padding-bottom: 100%;\"><picture class=\"UkIsx8\"><source srcset=\"https:\/\/down-vn.img.susercontent.com\/file\/vn-11134208-7ras8-m4e74tcbq5sf49@resize_w875_nl.webp 1x, https:\/\/down-vn.img.susercontent.com\/file\/vn-11134208-7ras8-m4e74tcbq5sf49@resize_w1750_nl.webp 2x\" type=\"image\/webp\" class=\"UkIsx8\"><img decoding=\"async\" width=\"875\" loading=\"lazy\" class=\"uXN1L5 lazyload GqYslU\" srcset=\"https:\/\/down-vn.img.susercontent.com\/file\/vn-11134208-7ras8-m4e74tcbq5sf49@resize_w875_nl 1x, https:\/\/down-vn.img.susercontent.com\/file\/vn-11134208-7ras8-m4e74tcbq5sf49@resize_w1750_nl 2x\" src=\"https:\/\/down-vn.img.susercontent.com\/file\/vn-11134208-7ras8-m4e74tcbq5sf49\" height=\"875\"><\/picture><\/div>\n<\/div>\n<div class=\"QN2lPu\">\n<div style=\"position: relative; width: 100%; padding-bottom: 100%;\"><picture class=\"UkIsx8\"><source srcset=\"https:\/\/down-vn.img.susercontent.com\/file\/vn-11134208-7ras8-m4e74tcbrkcv38@resize_w875_nl.webp 1x, https:\/\/down-vn.img.susercontent.com\/file\/vn-11134208-7ras8-m4e74tcbrkcv38@resize_w1750_nl.webp 2x\" type=\"image\/webp\" class=\"UkIsx8\"><img decoding=\"async\" width=\"875\" loading=\"lazy\" class=\"uXN1L5 lazyload GqYslU\" srcset=\"https:\/\/down-vn.img.susercontent.com\/file\/vn-11134208-7ras8-m4e74tcbrkcv38@resize_w875_nl 1x, https:\/\/down-vn.img.susercontent.com\/file\/vn-11134208-7ras8-m4e74tcbrkcv38@resize_w1750_nl 2x\" src=\"https:\/\/down-vn.img.susercontent.com\/file\/vn-11134208-7ras8-m4e74tcbrkcv38\" height=\"875\"><\/picture><\/div>\n<\/div>\n<p class=\"QN2lPu\">\n<div class=\"QN2lPu\">\n<div style=\"position: relative; width: 100%; padding-bottom: 100%;\"><picture class=\"UkIsx8\"><source srcset=\"https:\/\/down-vn.img.susercontent.com\/file\/vn-11134208-7ras8-m4e74tcbsyxbdb@resize_w875_nl.webp 1x, https:\/\/down-vn.img.susercontent.com\/file\/vn-11134208-7ras8-m4e74tcbsyxbdb@resize_w1750_nl.webp 2x\" type=\"image\/webp\" class=\"UkIsx8\"><img decoding=\"async\" width=\"875\" loading=\"lazy\" class=\"uXN1L5 lazyload GqYslU\" srcset=\"https:\/\/down-vn.img.susercontent.com\/file\/vn-11134208-7ras8-m4e74tcbsyxbdb@resize_w875_nl 1x, https:\/\/down-vn.img.susercontent.com\/file\/vn-11134208-7ras8-m4e74tcbsyxbdb@resize_w1750_nl 2x\" src=\"https:\/\/down-vn.img.susercontent.com\/file\/vn-11134208-7ras8-m4e74tcbsyxbdb\" height=\"875\"><\/picture><\/div>\n<\/div>\n<div class=\"QN2lPu\">\n<div style=\"position: relative; width: 100%; padding-bottom: 100%;\"><picture class=\"UkIsx8\"><source srcset=\"https:\/\/down-vn.img.susercontent.com\/file\/vn-11134208-7ras8-m4e8bemjmy2v6c@resize_w875_nl.webp 1x, https:\/\/down-vn.img.susercontent.com\/file\/vn-11134208-7ras8-m4e8bemjmy2v6c@resize_w1750_nl.webp 2x\" type=\"image\/webp\" class=\"UkIsx8\"><img decoding=\"async\" width=\"875\" loading=\"lazy\" class=\"uXN1L5 lazyload QSLoEa GqYslU\" srcset=\"https:\/\/down-vn.img.susercontent.com\/file\/vn-11134208-7ras8-m4e8bemjmy2v6c@resize_w875_nl 1x, https:\/\/down-vn.img.susercontent.com\/file\/vn-11134208-7ras8-m4e8bemjmy2v6c@resize_w1750_nl 2x\" src=\"https:\/\/down-vn.img.susercontent.com\/file\/vn-11134208-7ras8-m4e8bemjmy2v6c\" height=\"875\"><\/picture><\/div>\n<\/div>\n<div class=\"QN2lPu\">\n<div style=\"position: relative; width: 100%; padding-bottom: 100%;\"><picture class=\"UkIsx8\"><source srcset=\"https:\/\/down-vn.img.susercontent.com\/file\/vn-11134208-7ras8-m4e8bemjocnb9b@resize_w875_nl.webp 1x, https:\/\/down-vn.img.susercontent.com\/file\/vn-11134208-7ras8-m4e8bemjocnb9b@resize_w1750_nl.webp 2x\" type=\"image\/webp\" class=\"UkIsx8\"><img decoding=\"async\" width=\"875\" loading=\"lazy\" class=\"uXN1L5 lazyload QSLoEa GqYslU\" srcset=\"https:\/\/down-vn.img.susercontent.com\/file\/vn-11134208-7ras8-m4e8bemjocnb9b@resize_w875_nl 1x, https:\/\/down-vn.img.susercontent.com\/file\/vn-11134208-7ras8-m4e8bemjocnb9b@resize_w1750_nl 2x\" src=\"https:\/\/down-vn.img.susercontent.com\/file\/vn-11134208-7ras8-m4e8bemjocnb9b\" height=\"875\"><\/picture><\/div>\n<\/div>\n<\/div>\n","protected":false},"excerpt":{"rendered":"<p>LEGO&nbsp;CITY&nbsp;60452&nbsp;\u0110\u1ed3&nbsp;Ch\u01a1i&nbsp;L\u1eafp&nbsp;R\u00e1p&nbsp;Xe&nbsp;B\u00e1nh&nbsp;Donut&nbsp;Di&nbsp;\u0110\u1ed9ng&nbsp;(196&nbsp;chi&nbsp;ti\u1ebft) K\u00e9o chi\u1ebfc Xe B\u00e1nh R\u00e1n v\u00e0 h\u01b0\u1edbng \u0111\u1ebfn LEGO\u00ae City! Chi\u1ebfc xe t\u1ea3i v\u00e0 qu\u1ea7y h\u00e0ng c\u00f3 th\u1ec3 th\u00e1o r\u1eddi n\u00e0y th\u1eadt tuy\u1ec7t v\u1eddi! Ki\u1ec3m tra trang tr\u00ed kem v\u00e0 b\u00e1nh r\u00e1n m\u00e1i nh\u00e0 kh\u1ed5ng l\u1ed3. Chu\u1ea9n b\u1ecb nh\u1eefng c\u00f4ng th\u1ee9c n\u1ea5u \u0103n ngon trong ph\u00f2ng chu\u1ea9n b\u1ecb v\u00e0 ph\u1ee5c v\u1ee5 b\u00e1nh r\u00e1n t\u01b0\u01a1i&#8230;<\/p>\n","protected":false},"featured_media":14113,"comment_status":"open","ping_status":"closed","template":"","meta":[],"product_brand":[],"product_cat":[1346],"product_tag":[],"class_list":{"0":"post-14062","1":"product","2":"type-product","3":"status-publish","4":"has-post-thumbnail","6":"product_cat-do-choi-lap-rap","8":"first","9":"instock","10":"sale","11":"featured","12":"shipping-taxable","13":"purchasable","14":"product-type-simple"},"_links":{"self":[{"href":"https:\/\/web-ban-le.mbws.vn\/do-choi\/wp-json\/wp\/v2\/product\/14062","targetHints":{"allow":["GET"]}}],"collection":[{"href":"https:\/\/web-ban-le.mbws.vn\/do-choi\/wp-json\/wp\/v2\/product"}],"about":[{"href":"https:\/\/web-ban-le.mbws.vn\/do-choi\/wp-json\/wp\/v2\/types\/product"}],"replies":[{"embeddable":true,"href":"https:\/\/web-ban-le.mbws.vn\/do-choi\/wp-json\/wp\/v2\/comments?post=14062"}],"wp:featuredmedia":[{"embeddable":true,"href":"https:\/\/web-ban-le.mbws.vn\/do-choi\/wp-json\/wp\/v2\/media\/14113"}],"wp:attachment":[{"href":"https:\/\/web-ban-le.mbws.vn\/do-choi\/wp-json\/wp\/v2\/media?parent=14062"}],"wp:term":[{"taxonomy":"product_brand","embeddable":true,"href":"https:\/\/web-ban-le.mbws.vn\/do-choi\/wp-json\/wp\/v2\/product_brand?post=14062"},{"taxonomy":"product_cat","embeddable":true,"href":"https:\/\/web-ban-le.mbws.vn\/do-choi\/wp-json\/wp\/v2\/product_cat?post=14062"},{"taxonomy":"product_tag","embeddable":true,"href":"https:\/\/web-ban-le.mbws.vn\/do-choi\/wp-json\/wp\/v2\/product_tag?post=14062"}],"curies":[{"name":"wp","href":"https:\/\/api.w.org\/{rel}","templated":true}]}}