{"id":14063,"date":"2025-10-28T13:24:42","date_gmt":"2025-10-28T06:24:42","guid":{"rendered":"https:\/\/web-ban-le.mbws.vn\/do-choi\/?post_type=product&#038;p=14063"},"modified":"2025-11-05T08:29:29","modified_gmt":"2025-11-05T01:29:29","slug":"lego-city-60430-do-choi-lap-rap-phi-thuyen-lien-hanh-tinh-240-chi-tiet","status":"publish","type":"product","link":"https:\/\/web-ban-le.mbws.vn\/do-choi\/san-pham\/lego-city-60430-do-choi-lap-rap-phi-thuyen-lien-hanh-tinh-240-chi-tiet\/","title":{"rendered":"LEGO CITY 60430 \u0110\u1ed3 ch\u01a1i l\u1eafp r\u00e1p Phi thuy\u1ec1n li\u00ean h\u00e0nh tinh (240 chi ti\u1ebft)"},"content":{"rendered":"<div class=\"e8lZp3\">\n<p class=\"QN2lPu\">LEGO CITY 60430 \u0110\u1ed3 ch\u01a1i l\u1eafp r\u00e1p Phi thuy\u1ec1n li\u00ean h\u00e0nh tinh (240 chi ti\u1ebft)<\/p>\n<div class=\"QN2lPu\">\n<div style=\"position: relative; width: 100%; padding-bottom: 100%;\"><picture class=\"UkIsx8\"><source srcset=\"https:\/\/down-vn.img.susercontent.com\/file\/vn-11134202-7r98o-luue1awedtb167@resize_w875_nl.webp 1x, https:\/\/down-vn.img.susercontent.com\/file\/vn-11134202-7r98o-luue1awedtb167@resize_w1750_nl.webp 2x\" type=\"image\/webp\" class=\"UkIsx8\"><img decoding=\"async\" width=\"875\" loading=\"lazy\" class=\"uXN1L5 lazyload GqYslU\" srcset=\"https:\/\/down-vn.img.susercontent.com\/file\/vn-11134202-7r98o-luue1awedtb167@resize_w875_nl 1x, https:\/\/down-vn.img.susercontent.com\/file\/vn-11134202-7r98o-luue1awedtb167@resize_w1750_nl 2x\" src=\"https:\/\/down-vn.img.susercontent.com\/file\/vn-11134202-7r98o-luue1awedtb167\" height=\"875\"><\/picture><\/div>\n<\/div>\n<div class=\"QN2lPu\">\n<div style=\"position: relative; width: 100%; padding-bottom: 100%;\"><picture class=\"UkIsx8\"><source srcset=\"https:\/\/down-vn.img.susercontent.com\/file\/vn-11134202-7r98o-luue1b285ad10f@resize_w875_nl.webp 1x, https:\/\/down-vn.img.susercontent.com\/file\/vn-11134202-7r98o-luue1b285ad10f@resize_w1750_nl.webp 2x\" type=\"image\/webp\" class=\"UkIsx8\"><img decoding=\"async\" width=\"875\" loading=\"lazy\" class=\"uXN1L5 lazyload GqYslU\" srcset=\"https:\/\/down-vn.img.susercontent.com\/file\/vn-11134202-7r98o-luue1b285ad10f@resize_w875_nl 1x, https:\/\/down-vn.img.susercontent.com\/file\/vn-11134202-7r98o-luue1b285ad10f@resize_w1750_nl 2x\" src=\"https:\/\/down-vn.img.susercontent.com\/file\/vn-11134202-7r98o-luue1b285ad10f\" height=\"875\"><\/picture><\/div>\n<\/div>\n<div class=\"QN2lPu\">\n<div style=\"position: relative; width: 100%; padding-bottom: 100%;\"><picture class=\"UkIsx8\"><source srcset=\"https:\/\/down-vn.img.susercontent.com\/file\/vn-11134202-7r98o-luue1b95v4h5c2@resize_w875_nl.webp 1x, https:\/\/down-vn.img.susercontent.com\/file\/vn-11134202-7r98o-luue1b95v4h5c2@resize_w1750_nl.webp 2x\" type=\"image\/webp\" class=\"UkIsx8\"><img decoding=\"async\" width=\"875\" loading=\"lazy\" class=\"uXN1L5 lazyload GqYslU\" srcset=\"https:\/\/down-vn.img.susercontent.com\/file\/vn-11134202-7r98o-luue1b95v4h5c2@resize_w875_nl 1x, https:\/\/down-vn.img.susercontent.com\/file\/vn-11134202-7r98o-luue1b95v4h5c2@resize_w1750_nl 2x\" src=\"https:\/\/down-vn.img.susercontent.com\/file\/vn-11134202-7r98o-luue1b95v4h5c2\" height=\"875\"><\/picture><\/div>\n<\/div>\n<div class=\"QN2lPu\">\n<div style=\"position: relative; width: 100%; padding-bottom: 100%;\"><picture class=\"UkIsx8\"><source srcset=\"https:\/\/down-vn.img.susercontent.com\/file\/vn-11134202-7r98o-luue1bhrij4161@resize_w875_nl.webp 1x, https:\/\/down-vn.img.susercontent.com\/file\/vn-11134202-7r98o-luue1bhrij4161@resize_w1750_nl.webp 2x\" type=\"image\/webp\" class=\"UkIsx8\"><img decoding=\"async\" width=\"875\" loading=\"lazy\" class=\"uXN1L5 lazyload GqYslU\" srcset=\"https:\/\/down-vn.img.susercontent.com\/file\/vn-11134202-7r98o-luue1bhrij4161@resize_w875_nl 1x, https:\/\/down-vn.img.susercontent.com\/file\/vn-11134202-7r98o-luue1bhrij4161@resize_w1750_nl 2x\" src=\"https:\/\/down-vn.img.susercontent.com\/file\/vn-11134202-7r98o-luue1bhrij4161\" height=\"875\"><\/picture><\/div>\n<\/div>\n<div class=\"QN2lPu\">\n<div style=\"position: relative; width: 100%; padding-bottom: 100%;\"><picture class=\"UkIsx8\"><source srcset=\"https:\/\/down-vn.img.susercontent.com\/file\/vn-11134202-7r98o-luue1bqx54vx29@resize_w875_nl.webp 1x, https:\/\/down-vn.img.susercontent.com\/file\/vn-11134202-7r98o-luue1bqx54vx29@resize_w1750_nl.webp 2x\" type=\"image\/webp\" class=\"UkIsx8\"><img decoding=\"async\" width=\"875\" loading=\"lazy\" class=\"uXN1L5 lazyload GqYslU\" srcset=\"https:\/\/down-vn.img.susercontent.com\/file\/vn-11134202-7r98o-luue1bqx54vx29@resize_w875_nl 1x, https:\/\/down-vn.img.susercontent.com\/file\/vn-11134202-7r98o-luue1bqx54vx29@resize_w1750_nl 2x\" src=\"https:\/\/down-vn.img.susercontent.com\/file\/vn-11134202-7r98o-luue1bqx54vx29\" height=\"875\"><\/picture><\/div>\n<\/div>\n<div class=\"QN2lPu\">\n<div style=\"position: relative; width: 100%; padding-bottom: 100%;\"><picture class=\"UkIsx8\"><source srcset=\"https:\/\/down-vn.img.susercontent.com\/file\/vn-11134202-7r98o-luue1bxavst5ad@resize_w875_nl.webp 1x, https:\/\/down-vn.img.susercontent.com\/file\/vn-11134202-7r98o-luue1bxavst5ad@resize_w1750_nl.webp 2x\" type=\"image\/webp\" class=\"UkIsx8\"><img decoding=\"async\" width=\"875\" loading=\"lazy\" class=\"uXN1L5 lazyload QSLoEa GqYslU\" srcset=\"https:\/\/down-vn.img.susercontent.com\/file\/vn-11134202-7r98o-luue1bxavst5ad@resize_w875_nl 1x, https:\/\/down-vn.img.susercontent.com\/file\/vn-11134202-7r98o-luue1bxavst5ad@resize_w1750_nl 2x\" src=\"https:\/\/down-vn.img.susercontent.com\/file\/vn-11134202-7r98o-luue1bxavst5ad\" height=\"875\"><\/picture><\/div>\n<\/div>\n<div class=\"QN2lPu\">\n<div style=\"position: relative; width: 100%; padding-bottom: 100%;\"><picture class=\"UkIsx8\"><source srcset=\"https:\/\/down-vn.img.susercontent.com\/file\/vn-11134202-7r98o-luue1c2ko2xu00@resize_w875_nl.webp 1x, https:\/\/down-vn.img.susercontent.com\/file\/vn-11134202-7r98o-luue1c2ko2xu00@resize_w1750_nl.webp 2x\" type=\"image\/webp\" class=\"UkIsx8\"><img decoding=\"async\" width=\"875\" loading=\"lazy\" class=\"uXN1L5 lazyload QSLoEa GqYslU\" srcset=\"https:\/\/down-vn.img.susercontent.com\/file\/vn-11134202-7r98o-luue1c2ko2xu00@resize_w875_nl 1x, https:\/\/down-vn.img.susercontent.com\/file\/vn-11134202-7r98o-luue1c2ko2xu00@resize_w1750_nl 2x\" src=\"https:\/\/down-vn.img.susercontent.com\/file\/vn-11134202-7r98o-luue1c2ko2xu00\" height=\"875\"><\/picture><\/div>\n<\/div>\n<p class=\"QN2lPu\">\n<p class=\"QN2lPu\">S\u1eed d\u1ee5ng \u0111\u1ed9ng c\u01a1 \u0111\u1ea7y uy l\u1ef1c, chuy\u1ec3n sang t\u1ed1c \u0111\u1ed9 \u00e1nh s\u00e1ng v\u00e0 ti\u1ebfn v\u00e0o h\u00e0nh tr\u00ecnh \u0111\u1ebfn nh\u1eefng v\u00f9ng kh\u00f4ng gian xa x\u00f4i tr\u00ean t\u00e0u v\u0169 tr\u1ee5 si\u00eau thanh. Ti\u1ebfn v\u00f2a b\u00ean trong chi\u1ebfc m\u00e1y bay ph\u1ea3n l\u1ef1c m\u1ea1nh m\u1ebd \u0111\u1ec3 th\u1ef1c hi\u1ec7n nh\u1eefng chuy\u1ebfn \u0111i t\u00e1o b\u1ea1o trong kh\u00f4ng gian v\u00e0 kh\u00e1m ph\u00e1 h\u00e0nh tinh. T\u1eadn h\u01b0\u1edfng nh\u1eefng cu\u1ed9c phi\u00eau l\u01b0u gi\u1eefa c\u00e1c thi\u00ean h\u00e0 v\u00f4 t\u1eadn v\u1edbi phi h\u00e0nh \u0111o\u00e0n kh\u00f4ng gian c\u1ee7a Th\u00e0nh ph\u1ed1 LEGO\u00ae City!<\/p>\n<p class=\"QN2lPu\">\n<p class=\"QN2lPu\">\u2022 \u0110\u1ed3 ch\u01a1i l\u1eafp r\u00e1p Phi thuy\u1ec1n li\u00ean h\u00e0nh tinh \u2013 B\u00e9 y\u00eau v\u1edbi ni\u1ec1m \u0111am m\u00ea kh\u00f4ng gian c\u00f3 th\u1ec3 b\u1eaft \u0111\u1ea7u h\u00e0nh tr\u00ecnh gi\u1eefa c\u00e1c thi\u00ean h\u00e0 v\u1edbi b\u1ed9 l\u1eafp r\u00e1p t\u00e0u kh\u00f4ng gian th\u00fa v\u1ecb n\u00e0y.<\/p>\n<p class=\"QN2lPu\">\u2022 C\u00f3 g\u00ec trong h\u1ed9p n\u00e0o? \u2013 b\u1ed9 tr\u00f2 ch\u01a1i n\u00e0y bao g\u1ed3m m\u1ecdi th\u1ee9 b\u00e9 c\u1ea7n \u0111\u1ec3 ch\u1ebf t\u1ea1o t\u00e0u v\u0169 tr\u1ee5 gi\u1eefa du h\u00e0nh c\u00e1c v\u00ec sao v\u00e0 m\u00f4 h\u00ecnh minifigure c\u1ee7a phi h\u00e0nh \u0111o\u00e0n kh\u00f4ng gian<\/p>\n<p class=\"QN2lPu\">\u2022 Tr\u00f2 ch\u01a1i s\u00e1ng t\u1ea1o \u2013 B\u00e9 c\u00f3 th\u1ec3 k\u00edch ho\u1ea1t b\u1ed9 \u0111\u1ed9ng c\u01a1 ch\u00ednh c\u00f3 th\u1ec3 g\u1eadp l\u1ea1i c\u1ee7a t\u00e0u v\u0169 tr\u1ee5 \u0111\u1ec3 du h\u00e0nh v\u0169 tr\u1ee5 nhanh nh\u01b0 ch\u1edbp.<\/p>\n<p class=\"QN2lPu\">\u2022 M\u00f3n qu\u00e0 tuy\u1ec7t v\u1eddi cho b\u00e9 y\u00eau \u2013 B\u1ed9 tr\u00f2 ch\u01a1i n\u00e0y ch\u1eafc ch\u1eafn s\u1ebd l\u00e0 m\u1ed9t m\u00f3n qu\u00e0 th\u00fa v\u1ecb d\u00e0nh cho nh\u1eefng b\u00e9 y\u00eau th\u00edch nh\u1eefng chuy\u1ebfn phi\u00eau l\u01b0u m\u1ea1o hi\u1ec3m ngo\u00e0i v\u0169 tr\u1ee5, ho\u1eb7c y\u00eau th\u00edch t\u00e0u du d\u00e0nh, m\u00e1y bay v\u00e0 c\u00e1c ph\u01b0\u01a1ng ti\u1ec7n kh\u00e1c.<\/p>\n<p class=\"QN2lPu\">\u2022 Bi\u1ebfn m\u1ecdi th\u1ee9 tr\u1edf n\u00ean th\u00fa v\u1ecb \u2013 B\u1ed9 tr\u00f2 ch\u01a1i x\u00e2y d\u1ef1ng LEGO\u00ae City gi\u00fap tr\u1ebb ph\u00e1t tri\u1ec3n s\u1ef1 t\u1ef1 tin v\u00e0 c\u00e1c k\u1ef9 n\u0103ng s\u1ed1ng quan tr\u1ecdng th\u00f4ng qua tr\u00f2 ch\u01a1i v\u00e0 th\u1ec3 hi\u1ec7n s\u1ef1 s\u00e1ng t\u1ea1o kh\u00f4ng gi\u1edbi h\u1ea1n<\/p>\n<p class=\"QN2lPu\">\u2022 K\u00edch th\u01b0\u1edbc \u2013 B\u1ed9 l\u1eafp r\u00e1p t\u00e0u kh\u00f4ng gian n\u00e0y g\u1ed3m c\u00f3 240 m\u1ea3nh, sau khi ho\u00e0n thi\u1ec7n c\u00f3 chi\u1ec1u cao tr\u00ean 1,5 inch (4 cm), d\u00e0i 8,5 inch (22 cm) v\u00e0 r\u1ed9ng 6,5 inch (17 cm).<\/p>\n<\/div>\n","protected":false},"excerpt":{"rendered":"<p>LEGO CITY 60430 \u0110\u1ed3 ch\u01a1i l\u1eafp r\u00e1p Phi thuy\u1ec1n li\u00ean h\u00e0nh tinh (240 chi ti\u1ebft) S\u1eed d\u1ee5ng \u0111\u1ed9ng c\u01a1 \u0111\u1ea7y uy l\u1ef1c, chuy\u1ec3n sang t\u1ed1c \u0111\u1ed9 \u00e1nh s\u00e1ng v\u00e0 ti\u1ebfn v\u00e0o h\u00e0nh tr\u00ecnh \u0111\u1ebfn nh\u1eefng v\u00f9ng kh\u00f4ng gian xa x\u00f4i tr\u00ean t\u00e0u v\u0169 tr\u1ee5 si\u00eau thanh. Ti\u1ebfn v\u00f2a b\u00ean trong chi\u1ebfc m\u00e1y bay ph\u1ea3n l\u1ef1c&#8230;<\/p>\n","protected":false},"featured_media":14127,"comment_status":"open","ping_status":"closed","template":"","meta":[],"product_brand":[],"product_cat":[1346],"product_tag":[],"class_list":{"0":"post-14063","1":"product","2":"type-product","3":"status-publish","4":"has-post-thumbnail","6":"product_cat-do-choi-lap-rap","8":"first","9":"instock","10":"sale","11":"featured","12":"shipping-taxable","13":"purchasable","14":"product-type-simple"},"_links":{"self":[{"href":"https:\/\/web-ban-le.mbws.vn\/do-choi\/wp-json\/wp\/v2\/product\/14063","targetHints":{"allow":["GET"]}}],"collection":[{"href":"https:\/\/web-ban-le.mbws.vn\/do-choi\/wp-json\/wp\/v2\/product"}],"about":[{"href":"https:\/\/web-ban-le.mbws.vn\/do-choi\/wp-json\/wp\/v2\/types\/product"}],"replies":[{"embeddable":true,"href":"https:\/\/web-ban-le.mbws.vn\/do-choi\/wp-json\/wp\/v2\/comments?post=14063"}],"wp:featuredmedia":[{"embeddable":true,"href":"https:\/\/web-ban-le.mbws.vn\/do-choi\/wp-json\/wp\/v2\/media\/14127"}],"wp:attachment":[{"href":"https:\/\/web-ban-le.mbws.vn\/do-choi\/wp-json\/wp\/v2\/media?parent=14063"}],"wp:term":[{"taxonomy":"product_brand","embeddable":true,"href":"https:\/\/web-ban-le.mbws.vn\/do-choi\/wp-json\/wp\/v2\/product_brand?post=14063"},{"taxonomy":"product_cat","embeddable":true,"href":"https:\/\/web-ban-le.mbws.vn\/do-choi\/wp-json\/wp\/v2\/product_cat?post=14063"},{"taxonomy":"product_tag","embeddable":true,"href":"https:\/\/web-ban-le.mbws.vn\/do-choi\/wp-json\/wp\/v2\/product_tag?post=14063"}],"curies":[{"name":"wp","href":"https:\/\/api.w.org\/{rel}","templated":true}]}}