{"id":14064,"date":"2025-10-28T13:24:42","date_gmt":"2025-10-28T06:24:42","guid":{"rendered":"https:\/\/web-ban-le.mbws.vn\/do-choi\/?post_type=product&#038;p=14064"},"modified":"2025-11-05T08:29:29","modified_gmt":"2025-11-05T01:29:29","slug":"lego-superheroes-76277-do-choi-lap-rap-chien-giap-war-machine-154-chi-tiet","status":"publish","type":"product","link":"https:\/\/web-ban-le.mbws.vn\/do-choi\/san-pham\/lego-superheroes-76277-do-choi-lap-rap-chien-giap-war-machine-154-chi-tiet\/","title":{"rendered":"LEGO SUPERHEROES 76277 \u0110\u1ed3 ch\u01a1i l\u1eafp r\u00e1p Chi\u1ebfn gi\u00e1p War Machine (154 chi ti\u1ebft)"},"content":{"rendered":"<div class=\"e8lZp3\">\n<p class=\"QN2lPu\">LEGO SUPERHEROES 76277 \u0110\u1ed3 ch\u01a1i l\u1eafp r\u00e1p Chi\u1ebfn gi\u00e1p War Machine (154 chi ti\u1ebft)<\/p>\n<div class=\"QN2lPu\">\n<div style=\"position: relative; width: 100%; padding-bottom: 100%;\"><picture class=\"UkIsx8\"><source srcset=\"https:\/\/down-vn.img.susercontent.com\/file\/vn-11134202-7r98o-lu5tivtz8e7m54@resize_w875_nl.webp 1x, https:\/\/down-vn.img.susercontent.com\/file\/vn-11134202-7r98o-lu5tivtz8e7m54@resize_w1750_nl.webp 2x\" type=\"image\/webp\" class=\"UkIsx8\"><img decoding=\"async\" width=\"875\" loading=\"lazy\" class=\"uXN1L5 lazyload GqYslU\" srcset=\"https:\/\/down-vn.img.susercontent.com\/file\/vn-11134202-7r98o-lu5tivtz8e7m54@resize_w875_nl 1x, https:\/\/down-vn.img.susercontent.com\/file\/vn-11134202-7r98o-lu5tivtz8e7m54@resize_w1750_nl 2x\" src=\"https:\/\/down-vn.img.susercontent.com\/file\/vn-11134202-7r98o-lu5tivtz8e7m54\" height=\"875\"><\/picture><\/div>\n<\/div>\n<div class=\"QN2lPu\">\n<div style=\"position: relative; width: 100%; padding-bottom: 100%;\"><picture class=\"UkIsx8\"><source srcset=\"https:\/\/down-vn.img.susercontent.com\/file\/vn-11134202-7r98o-lu5tivyz13m561@resize_w875_nl.webp 1x, https:\/\/down-vn.img.susercontent.com\/file\/vn-11134202-7r98o-lu5tivyz13m561@resize_w1750_nl.webp 2x\" type=\"image\/webp\" class=\"UkIsx8\"><img decoding=\"async\" width=\"875\" loading=\"lazy\" class=\"uXN1L5 lazyload GqYslU\" srcset=\"https:\/\/down-vn.img.susercontent.com\/file\/vn-11134202-7r98o-lu5tivyz13m561@resize_w875_nl 1x, https:\/\/down-vn.img.susercontent.com\/file\/vn-11134202-7r98o-lu5tivyz13m561@resize_w1750_nl 2x\" src=\"https:\/\/down-vn.img.susercontent.com\/file\/vn-11134202-7r98o-lu5tivyz13m561\" height=\"875\"><\/picture><\/div>\n<\/div>\n<div class=\"QN2lPu\">\n<div style=\"position: relative; width: 100%; padding-bottom: 100%;\"><picture class=\"UkIsx8\"><source srcset=\"https:\/\/down-vn.img.susercontent.com\/file\/vn-11134202-7r98o-lu5tiw4isz4o66@resize_w875_nl.webp 1x, https:\/\/down-vn.img.susercontent.com\/file\/vn-11134202-7r98o-lu5tiw4isz4o66@resize_w1750_nl.webp 2x\" type=\"image\/webp\" class=\"UkIsx8\"><img decoding=\"async\" width=\"875\" loading=\"lazy\" class=\"uXN1L5 lazyload GqYslU\" srcset=\"https:\/\/down-vn.img.susercontent.com\/file\/vn-11134202-7r98o-lu5tiw4isz4o66@resize_w875_nl 1x, https:\/\/down-vn.img.susercontent.com\/file\/vn-11134202-7r98o-lu5tiw4isz4o66@resize_w1750_nl 2x\" src=\"https:\/\/down-vn.img.susercontent.com\/file\/vn-11134202-7r98o-lu5tiw4isz4o66\" height=\"875\"><\/picture><\/div>\n<\/div>\n<div class=\"QN2lPu\">\n<div style=\"position: relative; width: 100%; padding-bottom: 100%;\"><picture class=\"UkIsx8\"><source srcset=\"https:\/\/down-vn.img.susercontent.com\/file\/vn-11134202-7r98o-lu5tiwckh7e6f5@resize_w875_nl.webp 1x, https:\/\/down-vn.img.susercontent.com\/file\/vn-11134202-7r98o-lu5tiwckh7e6f5@resize_w1750_nl.webp 2x\" type=\"image\/webp\" class=\"UkIsx8\"><img decoding=\"async\" width=\"875\" loading=\"lazy\" class=\"uXN1L5 lazyload GqYslU\" srcset=\"https:\/\/down-vn.img.susercontent.com\/file\/vn-11134202-7r98o-lu5tiwckh7e6f5@resize_w875_nl 1x, https:\/\/down-vn.img.susercontent.com\/file\/vn-11134202-7r98o-lu5tiwckh7e6f5@resize_w1750_nl 2x\" src=\"https:\/\/down-vn.img.susercontent.com\/file\/vn-11134202-7r98o-lu5tiwckh7e6f5\" height=\"875\"><\/picture><\/div>\n<\/div>\n<div class=\"QN2lPu\">\n<div style=\"position: relative; width: 100%; padding-bottom: 100%;\"><picture class=\"UkIsx8\"><source srcset=\"https:\/\/down-vn.img.susercontent.com\/file\/vn-11134202-7r98o-lu5tiwhu9hmt1c@resize_w875_nl.webp 1x, https:\/\/down-vn.img.susercontent.com\/file\/vn-11134202-7r98o-lu5tiwhu9hmt1c@resize_w1750_nl.webp 2x\" type=\"image\/webp\" class=\"UkIsx8\"><img decoding=\"async\" width=\"875\" loading=\"lazy\" class=\"uXN1L5 lazyload GqYslU\" srcset=\"https:\/\/down-vn.img.susercontent.com\/file\/vn-11134202-7r98o-lu5tiwhu9hmt1c@resize_w875_nl 1x, https:\/\/down-vn.img.susercontent.com\/file\/vn-11134202-7r98o-lu5tiwhu9hmt1c@resize_w1750_nl 2x\" src=\"https:\/\/down-vn.img.susercontent.com\/file\/vn-11134202-7r98o-lu5tiwhu9hmt1c\" height=\"875\"><\/picture><\/div>\n<\/div>\n<div class=\"QN2lPu\">\n<div style=\"position: relative; width: 100%; padding-bottom: 100%;\"><picture class=\"UkIsx8\"><source srcset=\"https:\/\/down-vn.img.susercontent.com\/file\/vn-11134202-7r98o-lu5tiwm03dzwe4@resize_w875_nl.webp 1x, https:\/\/down-vn.img.susercontent.com\/file\/vn-11134202-7r98o-lu5tiwm03dzwe4@resize_w1750_nl.webp 2x\" type=\"image\/webp\" class=\"UkIsx8\"><img decoding=\"async\" width=\"875\" loading=\"lazy\" class=\"uXN1L5 lazyload QSLoEa GqYslU\" srcset=\"https:\/\/down-vn.img.susercontent.com\/file\/vn-11134202-7r98o-lu5tiwm03dzwe4@resize_w875_nl 1x, https:\/\/down-vn.img.susercontent.com\/file\/vn-11134202-7r98o-lu5tiwm03dzwe4@resize_w1750_nl 2x\" src=\"https:\/\/down-vn.img.susercontent.com\/file\/vn-11134202-7r98o-lu5tiwm03dzwe4\" height=\"875\"><\/picture><\/div>\n<\/div>\n<div class=\"QN2lPu\">\n<div style=\"position: relative; width: 100%; padding-bottom: 100%;\"><picture class=\"UkIsx8\"><source srcset=\"https:\/\/down-vn.img.susercontent.com\/file\/vn-11134202-7r98o-lu5tiwqpwhrl79@resize_w875_nl.webp 1x, https:\/\/down-vn.img.susercontent.com\/file\/vn-11134202-7r98o-lu5tiwqpwhrl79@resize_w1750_nl.webp 2x\" type=\"image\/webp\" class=\"UkIsx8\"><img decoding=\"async\" width=\"875\" loading=\"lazy\" class=\"uXN1L5 lazyload QSLoEa GqYslU\" srcset=\"https:\/\/down-vn.img.susercontent.com\/file\/vn-11134202-7r98o-lu5tiwqpwhrl79@resize_w875_nl 1x, https:\/\/down-vn.img.susercontent.com\/file\/vn-11134202-7r98o-lu5tiwqpwhrl79@resize_w1750_nl 2x\" src=\"https:\/\/down-vn.img.susercontent.com\/file\/vn-11134202-7r98o-lu5tiwqpwhrl79\" height=\"875\"><\/picture><\/div>\n<\/div>\n<p class=\"QN2lPu\">\n<p class=\"QN2lPu\">Gi\u1ea3i ph\u00f3ng s\u1ee9c m\u1ea1nh c\u1ee7a chi\u1ebfn gi\u00e1p, \u0111\u01b0a War Machine v\u00e0o v\u00e0 bi\u1ebfn anh h\u00f9ng th\u00e0nh m\u1ed9t b\u1ed9 gi\u00e1p chi\u1ebfn \u0111\u1ea5u kh\u1ed5ng l\u1ed3. V\u1edbi 3 kh\u1ea9u ph\u00e1o \u2013 1 tr\u00ean vai v\u00e0 2 tr\u00ean tay \u2013 v\u00e0 m\u1ed9t h\u1ed9p \u0111\u1ef1ng sau l\u01b0ng \u0111\u1ec3 \u0111\u1ef1ng th\u00eam \u0111\u1ea1n, kh\u00f4ng g\u00ec c\u00f3 th\u1ec3 ng\u0103n c\u1ea3n LEGO\u00ae Marvel chi\u1ebfn gi\u00e1m War Machine h\u00f9ng m\u1ea1nh!<\/p>\n<p class=\"QN2lPu\">\n<p class=\"QN2lPu\">\u2022 \u0110\u1ed3 ch\u01a1i l\u1eafp r\u00e1p Chi\u1ebfn gi\u00e1p War Machine \u2013Mang \u0111\u1ebfn cho b\u00e9 b\u1ed9 tr\u00f2 ch\u01a1i \u0111\u1ea7y h\u00e0nh \u0111\u1ed9ng v\u1edbi LEGO\u00ae Marvel<\/p>\n<p class=\"QN2lPu\">\u2022 Chi\u1ebfn gi\u00e1p c\u00f3 th\u1ec3 \u0111i\u1ec1u khi\u1ec3n \u0111\u01b0\u1ee3c \u2013 V\u1edbi c\u00e1nh tay, ch\u00e2n v\u00e0 b\u00e0n tay c\u00f3 kh\u1edbp n\u1ed1i v\u00e0 m\u00f4 h\u00ecnh minifigure LEGO\u00ae Marvel War Machine \u1edf khoang \u0111i\u1ec1u khi\u1ec3n, \u0111\u1ed3 ch\u01a1i l\u1eafp r\u00e1p r\u00f4-b\u1ed1t n\u00e0y \u0111\u01b0\u1ee3c thi\u1ebft k\u1ebf \u0111\u1ec3 th\u1ef1c hi\u1ec7n c\u00e1c h\u00e0nh \u0111\u1ed9ng chi\u1ebfn \u0111\u1ea5u tuy\u1ec7t v\u1eddi<\/p>\n<p class=\"QN2lPu\">\u2022 Ph\u1ee5 ki\u1ec7n \u0111a d\u1ea1ng \u2013 Tr\u1ebb em \u0111\u1eb7t minifigure v\u00e0o bu\u1ed3ng l\u00e1i v\u00e0 \u0111\u01b0a n\u00f3 v\u00e0o tr\u1eadn chi\u1ebfn v\u1edbi 1 s\u00fang b\u1eafn tr\u00ean vai, 2 s\u00fang tr\u00ean tay v\u00e0 m\u1ed9t chi\u1ebfc h\u1ed9p sau l\u01b0ng \u0111\u1ec3 l\u1ea5y th\u00eam \u0111\u1ea1n d\u01b0\u1ee3c<\/p>\n<p class=\"QN2lPu\">\u2022 Qu\u00e0 t\u1eb7ng d\u00e0nh cho nh\u1eefng si\u00eau anh h\u00f9ng nh\u00ed \u2013 B\u1ed9 tr\u00f2 ch\u01a1i n\u00e0y l\u00e0 m\u1ed9t m\u00f3n qu\u00e0 sinh nh\u1eadt tuy\u1ec7t v\u1eddi cho nh\u1eefng b\u00e9 y\u00eau th\u00edch nh\u1eefng v\u1ecb si\u00eau anh h\u00f9ng, \u0111\u1eb7c bi\u1ec7t l\u00e0 nh\u1eefng si\u00eau anh h\u00f9ng Marvel nh\u01b0 Iron Man, Spider-Man, Thor,\u2026<\/p>\n<p class=\"QN2lPu\">\u2022 \u0110\u1ed3 ch\u01a1i LEGO\u00ae Marvel \u2013 Nh\u1eefng b\u1ed9 l\u1eafp r\u00e1p LEGO Marvel \u0111\u01b0\u1ee3c thi\u1ebft k\u1ebf \u0111\u1ec3 mang \u0111\u1ebfn cho b\u00e9 nh\u1eefng tr\u1ea3i nghi\u1ec7m l\u1eafp r\u00e1p tuy\u1ec7t v\u1eddi v\u1edbi nh\u1eefng Si\u00eau anh h\u00f9ng m\u00e0 b\u00e9 y\u00eau th\u00edch nh\u1ea5t nh\u01b0 Ng\u01b0\u1eddi Nh\u1ec7n, Ng\u01b0\u1eddi S\u1eaft. Thor,\u2026<\/p>\n<p class=\"QN2lPu\">\u2022 K\u00edch th\u01b0\u1edbc \u2013 B\u1ed9 l\u1eafp r\u00e1p v\u1edbi154 m\u1ea3nh gh\u00e9p, sau khi ho\u00e0n thi\u1ec7n cao h\u01a1n 4,5 inch (11 cm)<\/p>\n<\/div>\n","protected":false},"excerpt":{"rendered":"<p>LEGO SUPERHEROES 76277 \u0110\u1ed3 ch\u01a1i l\u1eafp r\u00e1p Chi\u1ebfn gi\u00e1p War Machine (154 chi ti\u1ebft) Gi\u1ea3i ph\u00f3ng s\u1ee9c m\u1ea1nh c\u1ee7a chi\u1ebfn gi\u00e1p, \u0111\u01b0a War Machine v\u00e0o v\u00e0 bi\u1ebfn anh h\u00f9ng th\u00e0nh m\u1ed9t b\u1ed9 gi\u00e1p chi\u1ebfn \u0111\u1ea5u kh\u1ed5ng l\u1ed3. V\u1edbi 3 kh\u1ea9u ph\u00e1o \u2013 1 tr\u00ean vai v\u00e0 2 tr\u00ean tay \u2013 v\u00e0 m\u1ed9t h\u1ed9p \u0111\u1ef1ng sau&#8230;<\/p>\n","protected":false},"featured_media":14136,"comment_status":"open","ping_status":"closed","template":"","meta":[],"product_brand":[],"product_cat":[1346],"product_tag":[],"class_list":{"0":"post-14064","1":"product","2":"type-product","3":"status-publish","4":"has-post-thumbnail","6":"product_cat-do-choi-lap-rap","8":"first","9":"instock","10":"featured","11":"shipping-taxable","12":"purchasable","13":"product-type-simple"},"_links":{"self":[{"href":"https:\/\/web-ban-le.mbws.vn\/do-choi\/wp-json\/wp\/v2\/product\/14064","targetHints":{"allow":["GET"]}}],"collection":[{"href":"https:\/\/web-ban-le.mbws.vn\/do-choi\/wp-json\/wp\/v2\/product"}],"about":[{"href":"https:\/\/web-ban-le.mbws.vn\/do-choi\/wp-json\/wp\/v2\/types\/product"}],"replies":[{"embeddable":true,"href":"https:\/\/web-ban-le.mbws.vn\/do-choi\/wp-json\/wp\/v2\/comments?post=14064"}],"wp:featuredmedia":[{"embeddable":true,"href":"https:\/\/web-ban-le.mbws.vn\/do-choi\/wp-json\/wp\/v2\/media\/14136"}],"wp:attachment":[{"href":"https:\/\/web-ban-le.mbws.vn\/do-choi\/wp-json\/wp\/v2\/media?parent=14064"}],"wp:term":[{"taxonomy":"product_brand","embeddable":true,"href":"https:\/\/web-ban-le.mbws.vn\/do-choi\/wp-json\/wp\/v2\/product_brand?post=14064"},{"taxonomy":"product_cat","embeddable":true,"href":"https:\/\/web-ban-le.mbws.vn\/do-choi\/wp-json\/wp\/v2\/product_cat?post=14064"},{"taxonomy":"product_tag","embeddable":true,"href":"https:\/\/web-ban-le.mbws.vn\/do-choi\/wp-json\/wp\/v2\/product_tag?post=14064"}],"curies":[{"name":"wp","href":"https:\/\/api.w.org\/{rel}","templated":true}]}}