{"id":14065,"date":"2025-10-28T13:24:42","date_gmt":"2025-10-28T06:24:42","guid":{"rendered":"https:\/\/web-ban-le.mbws.vn\/do-choi\/?post_type=product&#038;p=14065"},"modified":"2025-11-05T08:29:29","modified_gmt":"2025-11-05T01:29:29","slug":"lego-city-60442-do-choi-lap-rap-xe-dua-f1-86-chi-tiet","status":"publish","type":"product","link":"https:\/\/web-ban-le.mbws.vn\/do-choi\/san-pham\/lego-city-60442-do-choi-lap-rap-xe-dua-f1-86-chi-tiet\/","title":{"rendered":"LEGO CITY 60442 \u0110\u1ed3 Ch\u01a1i L\u1eafp R\u00e1p Xe \u0110ua F1 (86 chi ti\u1ebft)"},"content":{"rendered":"<div class=\"e8lZp3\">\n<p class=\"QN2lPu\">LEGO CITY 60442 \u0110\u1ed3 Ch\u01a1i L\u1eafp R\u00e1p Xe \u0110ua F1 (86 chi ti\u1ebft)<\/p>\n<p class=\"QN2lPu\">B\u01b0\u1edbc v\u00e0o th\u1ebf gi\u1edbi c\u1ee7a Formula 1\u00ae v\u1edbi Lego\u00ae City F1\u00ae Driver v\u00e0 xe \u0111ua McLaren! Ki\u1ec3m tra thi\u1ebft k\u1ebf si\u00eau kh\u00ed \u0111\u1ed9ng h\u1ecdc v\u00e0 l\u1ed1p xe tr\u01a1n \u0111\u1ec3 \u0111\u1ea1t t\u1ed1c \u0111\u1ed9 v\u00e0 kh\u1ea3 n\u0103ng v\u00e0o cua t\u1ed1i \u01b0u. \u0110\u1eebng ng\u1ea7n ng\u1ea1i m\u00e0 l\u00ean tay l\u00e1i v\u00e0 c\u1ea3m nh\u1eadn s\u1ef1 ph\u1ea5n kh\u00edch khi b\u1ea1n t\u0103ng t\u1ed1c kh\u1ecfi v\u1ea1ch xu\u1ea5t ph\u00e1t. L\u01b0\u1edbt qua c\u00e1c kh\u00fac cua v\u00e0 nghe ti\u1ebfng h\u00f2 reo c\u1ee7a \u0111\u00e1m \u0111\u00f4ng khi b\u1ea1n ti\u1ebfn g\u1ea7n h\u01a1n \u0111\u1ebfn chi\u1ebfn th\u1eafng v\u1edbi m\u1ed7i v\u00f2ng \u0111ua!<\/p>\n<p class=\"QN2lPu\">\n<p class=\"QN2lPu\">\u0110i\u1ec3m n\u1ed5i b\u1eadt c\u1ee7a s\u1ea3n ph\u1ea9m:<\/p>\n<p class=\"QN2lPu\">&#8211; \u0110\u1ed3 ch\u01a1i Lego\u00ae City F1\u00ae Driver v\u00e0 McLaren race car: D\u00e0nh cho c\u00e1c b\u00e9 t\u1eeb 6 tu\u1ed5i tr\u1edf l\u00ean<\/p>\n<p class=\"QN2lPu\">&#8211; L\u1eafp r\u00e1p d\u1ec5 d\u00e0ng: Bao g\u1ed3m t\u1ea5t c\u1ea3 nh\u1eefng g\u00ec c\u00e1c b\u00e9 c\u1ea7n \u0111\u1ec3 x\u00e2y d\u1ef1ng chi\u1ebfc xe \u0111ua<\/p>\n<p class=\"QN2lPu\">&#8211; McLaren F1\u00ae v\u1edbi m\u1ed9t nh\u00e2n v\u1eadt nh\u1ecf<\/p>\n<p class=\"QN2lPu\">&#8211; Ho\u00e0n h\u1ea3o \u0111\u1ec3 tr\u01b0ng b\u00e0y v\u00e0 ch\u01a1i \u0111ua xe: B\u1ed9 xe nh\u1ecf n\u00e0y l\u00fd t\u01b0\u1edfng cho c\u1ea3 vi\u1ec7c tr\u01b0ng b\u00e0y v\u00e0 t\u00e1i hi\u1ec7n nh\u1eefng pha \u0111ua xe F1\u00ae k\u1ecbch t\u00ednh<\/p>\n<p class=\"QN2lPu\">&#8211; H\u01b0\u1edbng d\u1eabn 3D: B\u1ed9 \u0111\u1ed3 ch\u01a1i c\u00f3 h\u01b0\u1edbng d\u1eabn 3D trong \u1ee9ng d\u1ee5ng Lego\u00ae Builder<\/p>\n<p class=\"QN2lPu\">&#8211; M\u00f3n qu\u00e0 tuy\u1ec7t v\u1eddi: \u0110\u00e2y l\u00e0 m\u00f3n qu\u00e0 l\u00fd t\u01b0\u1edfng cho c\u00e1c b\u00e9 t\u1eeb 6 tu\u1ed5i tr\u1edf l\u00ean, th\u00edch nh\u1eefng cu\u1ed9c \u0111ua xe k\u1ecbch t\u00ednh<\/p>\n<p class=\"QN2lPu\">&#8211; Kh\u00e1m ph\u00e1 th\u00eam: Kh\u00e1m ph\u00e1 lo\u1ea1t c\u00e1c b\u1ed9 LEGO\u00ae F1\u00ae kh\u00e1c (b\u00e1n ri\u00eang) \u0111\u1ec3 gia \u0111\u00ecnh c\u00f9ng tham gia<\/p>\n<p class=\"QN2lPu\">&#8211; Th\u1ecfa s\u1ee9c s\u00e1ng t\u1ea1o: LEGO\u00ae City l\u00e0 n\u01a1i c\u00e1c b\u00e9 c\u00f3 th\u1ec3 th\u1ecfa s\u1ee9c t\u01b0\u1edfng t\u01b0\u1ee3ng v\u00e0 t\u1ea1o ra nh\u1eefng cu\u1ed9c \u0111ua kh\u00f4ng gi\u1edbi h\u1ea1n<\/p>\n<p class=\"QN2lPu\">&#8211; K\u00edch th\u01b0\u1edbc l\u00fd t\u01b0\u1edfng: Chi\u1ebfc xe trong b\u1ed9 \u0111ua F1\u00ae LEGO\u00ae n\u00e0y d\u00e0i h\u01a1n 14 cm (5,5 in.), \u0111\u1ee7 l\u1edbn \u0111\u1ec3 c\u00e1c b\u00e9 ch\u01a1i vui m\u00e0 kh\u00f4ng b\u1ecb c\u1ea3n tr\u1edf.<\/p>\n<p class=\"QN2lPu\">\n<p class=\"QN2lPu\">Th\u00f4ng tin s\u1ea3n ph\u1ea9m: <\/p>\n<p class=\"QN2lPu\">&#8211; Xu\u1ea5t x\u1ee9: Trung Qu\u1ed1c <\/p>\n<p class=\"QN2lPu\">&#8211; K\u00edch th\u01b0\u1edbc h\u1ed9p h\u00e0ng: 15.7&#215;14.1&#215;4.5 cm<\/p>\n<p class=\"QN2lPu\">\n<div class=\"QN2lPu\">\n<div style=\"position: relative; width: 100%; padding-bottom: 100%;\"><picture class=\"UkIsx8\"><source srcset=\"https:\/\/down-vn.img.susercontent.com\/file\/vn-11134208-7ras8-m4dhv8cu1q5c87@resize_w875_nl.webp 1x, https:\/\/down-vn.img.susercontent.com\/file\/vn-11134208-7ras8-m4dhv8cu1q5c87@resize_w1750_nl.webp 2x\" type=\"image\/webp\" class=\"UkIsx8\"><img decoding=\"async\" width=\"875\" loading=\"lazy\" class=\"uXN1L5 lazyload GqYslU\" srcset=\"https:\/\/down-vn.img.susercontent.com\/file\/vn-11134208-7ras8-m4dhv8cu1q5c87@resize_w875_nl 1x, https:\/\/down-vn.img.susercontent.com\/file\/vn-11134208-7ras8-m4dhv8cu1q5c87@resize_w1750_nl 2x\" src=\"https:\/\/down-vn.img.susercontent.com\/file\/vn-11134208-7ras8-m4dhv8cu1q5c87\" height=\"875\"><\/picture><\/div>\n<\/div>\n<div class=\"QN2lPu\">\n<div style=\"position: relative; width: 100%; padding-bottom: 100%;\"><picture class=\"UkIsx8\"><source srcset=\"https:\/\/down-vn.img.susercontent.com\/file\/vn-11134208-7ras8-m4dhv8cu34psdd@resize_w875_nl.webp 1x, https:\/\/down-vn.img.susercontent.com\/file\/vn-11134208-7ras8-m4dhv8cu34psdd@resize_w1750_nl.webp 2x\" type=\"image\/webp\" class=\"UkIsx8\"><img decoding=\"async\" width=\"875\" loading=\"lazy\" class=\"uXN1L5 lazyload GqYslU\" srcset=\"https:\/\/down-vn.img.susercontent.com\/file\/vn-11134208-7ras8-m4dhv8cu34psdd@resize_w875_nl 1x, https:\/\/down-vn.img.susercontent.com\/file\/vn-11134208-7ras8-m4dhv8cu34psdd@resize_w1750_nl 2x\" src=\"https:\/\/down-vn.img.susercontent.com\/file\/vn-11134208-7ras8-m4dhv8cu34psdd\" height=\"875\"><\/picture><\/div>\n<\/div>\n<div class=\"QN2lPu\">\n<div style=\"position: relative; width: 100%; padding-bottom: 100%;\"><picture class=\"UkIsx8\"><source srcset=\"https:\/\/down-vn.img.susercontent.com\/file\/vn-11134208-7ras8-m4e1j7zvmdvza7@resize_w875_nl.webp 1x, https:\/\/down-vn.img.susercontent.com\/file\/vn-11134208-7ras8-m4e1j7zvmdvza7@resize_w1750_nl.webp 2x\" type=\"image\/webp\" class=\"UkIsx8\"><img decoding=\"async\" width=\"875\" loading=\"lazy\" class=\"uXN1L5 lazyload GqYslU\" srcset=\"https:\/\/down-vn.img.susercontent.com\/file\/vn-11134208-7ras8-m4e1j7zvmdvza7@resize_w875_nl 1x, https:\/\/down-vn.img.susercontent.com\/file\/vn-11134208-7ras8-m4e1j7zvmdvza7@resize_w1750_nl 2x\" src=\"https:\/\/down-vn.img.susercontent.com\/file\/vn-11134208-7ras8-m4e1j7zvmdvza7\" height=\"875\"><\/picture><\/div>\n<\/div>\n<div class=\"QN2lPu\">\n<div style=\"position: relative; width: 100%; padding-bottom: 100%;\"><picture class=\"UkIsx8\"><source srcset=\"https:\/\/down-vn.img.susercontent.com\/file\/vn-11134208-7ras8-m4e1j819kcdc35@resize_w875_nl.webp 1x, https:\/\/down-vn.img.susercontent.com\/file\/vn-11134208-7ras8-m4e1j819kcdc35@resize_w1750_nl.webp 2x\" type=\"image\/webp\" class=\"UkIsx8\"><img decoding=\"async\" width=\"875\" loading=\"lazy\" class=\"uXN1L5 lazyload GqYslU\" srcset=\"https:\/\/down-vn.img.susercontent.com\/file\/vn-11134208-7ras8-m4e1j819kcdc35@resize_w875_nl 1x, https:\/\/down-vn.img.susercontent.com\/file\/vn-11134208-7ras8-m4e1j819kcdc35@resize_w1750_nl 2x\" src=\"https:\/\/down-vn.img.susercontent.com\/file\/vn-11134208-7ras8-m4e1j819kcdc35\" height=\"875\"><\/picture><\/div>\n<\/div>\n<div class=\"QN2lPu\">\n<div style=\"position: relative; width: 100%; padding-bottom: 100%;\"><picture class=\"UkIsx8\"><source srcset=\"https:\/\/down-vn.img.susercontent.com\/file\/vn-11134208-7ras8-m4e1j7zvnsgfff@resize_w875_nl.webp 1x, https:\/\/down-vn.img.susercontent.com\/file\/vn-11134208-7ras8-m4e1j7zvnsgfff@resize_w1750_nl.webp 2x\" type=\"image\/webp\" class=\"UkIsx8\"><img decoding=\"async\" width=\"875\" loading=\"lazy\" class=\"uXN1L5 lazyload GqYslU\" srcset=\"https:\/\/down-vn.img.susercontent.com\/file\/vn-11134208-7ras8-m4e1j7zvnsgfff@resize_w875_nl 1x, https:\/\/down-vn.img.susercontent.com\/file\/vn-11134208-7ras8-m4e1j7zvnsgfff@resize_w1750_nl 2x\" src=\"https:\/\/down-vn.img.susercontent.com\/file\/vn-11134208-7ras8-m4e1j7zvnsgfff\" height=\"875\"><\/picture><\/div>\n<\/div>\n<div class=\"QN2lPu\">\n<div style=\"position: relative; width: 100%; padding-bottom: 100%;\"><picture class=\"UkIsx8\"><source srcset=\"https:\/\/down-vn.img.susercontent.com\/file\/vn-11134208-7ras8-m4e1j7zvp70v38@resize_w875_nl.webp 1x, https:\/\/down-vn.img.susercontent.com\/file\/vn-11134208-7ras8-m4e1j7zvp70v38@resize_w1750_nl.webp 2x\" type=\"image\/webp\" class=\"UkIsx8\"><img decoding=\"async\" width=\"875\" loading=\"lazy\" class=\"uXN1L5 lazyload GqYslU\" srcset=\"https:\/\/down-vn.img.susercontent.com\/file\/vn-11134208-7ras8-m4e1j7zvp70v38@resize_w875_nl 1x, https:\/\/down-vn.img.susercontent.com\/file\/vn-11134208-7ras8-m4e1j7zvp70v38@resize_w1750_nl 2x\" src=\"https:\/\/down-vn.img.susercontent.com\/file\/vn-11134208-7ras8-m4e1j7zvp70v38\" height=\"875\"><\/picture><\/div>\n<\/div>\n<div class=\"QN2lPu\">\n<div style=\"position: relative; width: 100%; padding-bottom: 100%;\"><picture class=\"UkIsx8\"><source srcset=\"https:\/\/down-vn.img.susercontent.com\/file\/vn-11134208-7ras8-m4e1j7zvqllbcd@resize_w875_nl.webp 1x, https:\/\/down-vn.img.susercontent.com\/file\/vn-11134208-7ras8-m4e1j7zvqllbcd@resize_w1750_nl.webp 2x\" type=\"image\/webp\" class=\"UkIsx8\"><img decoding=\"async\" width=\"875\" loading=\"lazy\" class=\"uXN1L5 lazyload GqYslU\" srcset=\"https:\/\/down-vn.img.susercontent.com\/file\/vn-11134208-7ras8-m4e1j7zvqllbcd@resize_w875_nl 1x, https:\/\/down-vn.img.susercontent.com\/file\/vn-11134208-7ras8-m4e1j7zvqllbcd@resize_w1750_nl 2x\" src=\"https:\/\/down-vn.img.susercontent.com\/file\/vn-11134208-7ras8-m4e1j7zvqllbcd\" height=\"875\"><\/picture><\/div>\n<\/div>\n<div class=\"QN2lPu\">\n<div style=\"position: relative; width: 100%; padding-bottom: 100%;\"><picture class=\"UkIsx8\"><source srcset=\"https:\/\/down-vn.img.susercontent.com\/file\/vn-11134208-7ras8-m4e1j7zvs05rb4@resize_w875_nl.webp 1x, https:\/\/down-vn.img.susercontent.com\/file\/vn-11134208-7ras8-m4e1j7zvs05rb4@resize_w1750_nl.webp 2x\" type=\"image\/webp\" class=\"UkIsx8\"><img decoding=\"async\" width=\"875\" loading=\"lazy\" class=\"uXN1L5 lazyload QSLoEa GqYslU\" srcset=\"https:\/\/down-vn.img.susercontent.com\/file\/vn-11134208-7ras8-m4e1j7zvs05rb4@resize_w875_nl 1x, https:\/\/down-vn.img.susercontent.com\/file\/vn-11134208-7ras8-m4e1j7zvs05rb4@resize_w1750_nl 2x\" src=\"https:\/\/down-vn.img.susercontent.com\/file\/vn-11134208-7ras8-m4e1j7zvs05rb4\" height=\"875\"><\/picture><\/div>\n<\/div>\n<div class=\"QN2lPu\">\n<div style=\"position: relative; width: 100%; padding-bottom: 100%;\"><picture class=\"UkIsx8\"><source srcset=\"https:\/\/down-vn.img.susercontent.com\/file\/vn-11134208-7ras8-m4e1j7zvteq7ee@resize_w875_nl.webp 1x, https:\/\/down-vn.img.susercontent.com\/file\/vn-11134208-7ras8-m4e1j7zvteq7ee@resize_w1750_nl.webp 2x\" type=\"image\/webp\" class=\"UkIsx8\"><img decoding=\"async\" width=\"875\" loading=\"lazy\" class=\"uXN1L5 lazyload QSLoEa GqYslU\" srcset=\"https:\/\/down-vn.img.susercontent.com\/file\/vn-11134208-7ras8-m4e1j7zvteq7ee@resize_w875_nl 1x, https:\/\/down-vn.img.susercontent.com\/file\/vn-11134208-7ras8-m4e1j7zvteq7ee@resize_w1750_nl 2x\" src=\"https:\/\/down-vn.img.susercontent.com\/file\/vn-11134208-7ras8-m4e1j7zvteq7ee\" height=\"875\"><\/picture><\/div>\n<\/div>\n<div class=\"QN2lPu\">\n<div style=\"position: relative; width: 100%; padding-bottom: 100%;\"><picture class=\"UkIsx8\"><source srcset=\"https:\/\/down-vn.img.susercontent.com\/file\/vn-11134208-7ras8-m4e1j7zvutan92@resize_w875_nl.webp 1x, https:\/\/down-vn.img.susercontent.com\/file\/vn-11134208-7ras8-m4e1j7zvutan92@resize_w1750_nl.webp 2x\" type=\"image\/webp\" class=\"UkIsx8\"><img decoding=\"async\" width=\"875\" loading=\"lazy\" class=\"uXN1L5 lazyload QSLoEa GqYslU\" srcset=\"https:\/\/down-vn.img.susercontent.com\/file\/vn-11134208-7ras8-m4e1j7zvutan92@resize_w875_nl 1x, https:\/\/down-vn.img.susercontent.com\/file\/vn-11134208-7ras8-m4e1j7zvutan92@resize_w1750_nl 2x\" src=\"https:\/\/down-vn.img.susercontent.com\/file\/vn-11134208-7ras8-m4e1j7zvutan92\" height=\"875\"><\/picture><\/div>\n<\/div>\n<\/div>\n","protected":false},"excerpt":{"rendered":"<p>LEGO CITY 60442 \u0110\u1ed3 Ch\u01a1i L\u1eafp R\u00e1p Xe \u0110ua F1 (86 chi ti\u1ebft) B\u01b0\u1edbc v\u00e0o th\u1ebf gi\u1edbi c\u1ee7a Formula 1\u00ae v\u1edbi Lego\u00ae City F1\u00ae Driver v\u00e0 xe \u0111ua McLaren! Ki\u1ec3m tra thi\u1ebft k\u1ebf si\u00eau kh\u00ed \u0111\u1ed9ng h\u1ecdc v\u00e0 l\u1ed1p xe tr\u01a1n \u0111\u1ec3 \u0111\u1ea1t t\u1ed1c \u0111\u1ed9 v\u00e0 kh\u1ea3 n\u0103ng v\u00e0o cua t\u1ed1i \u01b0u. \u0110\u1eebng ng\u1ea7n ng\u1ea1i&#8230;<\/p>\n","protected":false},"featured_media":14144,"comment_status":"open","ping_status":"closed","template":"","meta":[],"product_brand":[],"product_cat":[1346],"product_tag":[],"class_list":{"0":"post-14065","1":"product","2":"type-product","3":"status-publish","4":"has-post-thumbnail","6":"product_cat-do-choi-lap-rap","8":"first","9":"instock","10":"sale","11":"featured","12":"shipping-taxable","13":"purchasable","14":"product-type-simple"},"_links":{"self":[{"href":"https:\/\/web-ban-le.mbws.vn\/do-choi\/wp-json\/wp\/v2\/product\/14065","targetHints":{"allow":["GET"]}}],"collection":[{"href":"https:\/\/web-ban-le.mbws.vn\/do-choi\/wp-json\/wp\/v2\/product"}],"about":[{"href":"https:\/\/web-ban-le.mbws.vn\/do-choi\/wp-json\/wp\/v2\/types\/product"}],"replies":[{"embeddable":true,"href":"https:\/\/web-ban-le.mbws.vn\/do-choi\/wp-json\/wp\/v2\/comments?post=14065"}],"wp:featuredmedia":[{"embeddable":true,"href":"https:\/\/web-ban-le.mbws.vn\/do-choi\/wp-json\/wp\/v2\/media\/14144"}],"wp:attachment":[{"href":"https:\/\/web-ban-le.mbws.vn\/do-choi\/wp-json\/wp\/v2\/media?parent=14065"}],"wp:term":[{"taxonomy":"product_brand","embeddable":true,"href":"https:\/\/web-ban-le.mbws.vn\/do-choi\/wp-json\/wp\/v2\/product_brand?post=14065"},{"taxonomy":"product_cat","embeddable":true,"href":"https:\/\/web-ban-le.mbws.vn\/do-choi\/wp-json\/wp\/v2\/product_cat?post=14065"},{"taxonomy":"product_tag","embeddable":true,"href":"https:\/\/web-ban-le.mbws.vn\/do-choi\/wp-json\/wp\/v2\/product_tag?post=14065"}],"curies":[{"name":"wp","href":"https:\/\/api.w.org\/{rel}","templated":true}]}}