{"id":14066,"date":"2025-10-28T13:24:42","date_gmt":"2025-10-28T06:24:42","guid":{"rendered":"https:\/\/web-ban-le.mbws.vn\/do-choi\/?post_type=product&#038;p=14066"},"modified":"2025-11-05T08:29:29","modified_gmt":"2025-11-05T01:29:29","slug":"lego-ninjago-71829-do-choi-lap-rap-rong-rung-xanh-cua-lloyd-128-chi-tiet","status":"publish","type":"product","link":"https:\/\/web-ban-le.mbws.vn\/do-choi\/san-pham\/lego-ninjago-71829-do-choi-lap-rap-rong-rung-xanh-cua-lloyd-128-chi-tiet\/","title":{"rendered":"LEGO NINJAGO 71829 \u0110\u1ed3 Ch\u01a1i L\u1eafp R\u00e1p R\u1ed3ng R\u1eebng Xanh C\u1ee7a Lloyd (128 Chi Ti\u1ebft)"},"content":{"rendered":"<div class=\"e8lZp3\">\n<p class=\"QN2lPu\">LEGO NINJAGO 71829 \u0110\u1ed3 Ch\u01a1i L\u1eafp R\u00e1p R\u1ed3ng R\u1eebng Xanh C\u1ee7a Lloyd (128 Chi Ti\u1ebft)<\/p>\n<p class=\"QN2lPu\">Gi\u1ea3i c\u1ee9u R\u1ed3ng Con c\u00f9ng Lloyd v\u00e0 R\u1ed3ng Xanh R\u1eebng trong Lego\u00ae Ninjago\u00ae!<\/p>\n<p class=\"QN2lPu\">Lao xu\u1ed1ng t\u1eeb b\u1ea7u tr\u1eddi c\u00f9ng Lloyd c\u01b0\u1ee1i tr\u00ean l\u01b0ng R\u1ed3ng Xanh R\u1eebng h\u00f9ng v\u0129 \u0111\u1ec3 chi\u1ebfn \u0111\u1ea5u v\u1edbi T\u00ecnh b\u00e1o R\u1ed3ng \u0111\u1ed9c \u00e1c! V\u1edbi thanh ki\u1ebfm katana v\u00e0ng, Lloyd s\u1ebd ph\u1ea3i c\u1ee9u R\u1ed3ng Con kh\u1ecfi nh\u1eefng nguy hi\u1ec3m \u0111e d\u1ecda t\u1eeb k\u1ebb th\u00f9. T\u1ea5t c\u1ea3 \u0111\u1ec1u n\u1eb1m trong tay b\u1ea1n!<\/p>\n<p class=\"QN2lPu\">\u0110i\u1ec3m n\u1ed5i b\u1eadt:<\/p>\n<p class=\"QN2lPu\">&#8211; C\u1ea3nh quay tr\u00ean kh\u00f4ng ho\u00e0nh tr\u00e1ng: B\u1ed9 \u0111\u1ed3 ch\u01a1i r\u1ed3ng n\u00e0y t\u00e1i hi\u1ec7n l\u1ea1i c\u00e1c tr\u1eadn chi\u1ebfn tr\u00ean kh\u00f4ng t\u1eeb m\u00f9a 3 c\u1ee7a Ninjago\u00ae Dragons Rising, n\u01a1i Lloyd ph\u1ea3i \u0111\u1ed1i m\u1eb7t v\u1edbi nh\u1eefng k\u1ebb th\u00f9 nguy hi\u1ec3m.<\/p>\n<p class=\"QN2lPu\">&#8211; R\u1ed3ng Xanh R\u1eebng di chuy\u1ec3n: R\u1ed3ng Xanh c\u00f3 th\u1ec3 di chuy\u1ec3n \u0111u\u00f4i, c\u1ed5, ch\u00e2n, tay v\u00e0 c\u00e1nh, mang \u0111\u1ebfn nhi\u1ec1u kh\u1ea3 n\u0103ng ch\u01a1i v\u00e0 t\u1ea1o ra c\u00e1c t\u00ecnh hu\u1ed1ng chi\u1ebfn \u0111\u1ea5u k\u1ecbch t\u00ednh.<\/p>\n<p class=\"QN2lPu\">&#8211; Nh\u00e2n v\u1eadt v\u00e0 v\u0169 kh\u00ed: B\u1ed9 \u0111\u1ed3 ch\u01a1i \u0111i k\u00e8m v\u1edbi 2 nh\u00e2n v\u1eadt nh\u1ecf: Lloyd, v\u1edbi thanh ki\u1ebfm katana v\u00e0ng, v\u00e0 m\u1ed9t chi\u1ebfn binh T\u00ecnh b\u00e1o R\u1ed3ng, c\u00f9ng v\u0169 kh\u00ed c\u1ee7a h\u1ecd.<\/p>\n<p class=\"QN2lPu\">&#8211; R\u1ed3ng Con v\u00e0ng: B\u1ed9 \u0111\u1ed3 ch\u01a1i c\u0169ng bao g\u1ed3m m\u00f4 h\u00ecnh R\u1ed3ng Con v\u00e0ng, m\u1edf ra nhi\u1ec1u kh\u1ea3 n\u0103ng ch\u01a1i t\u01b0\u1edfng t\u01b0\u1ee3ng v\u00e0 c\u00e1c cu\u1ed9c phi\u00eau l\u01b0u m\u1edbi.<\/p>\n<p class=\"QN2lPu\">&#8211; M\u00f3n qu\u00e0 Ninja ho\u00e0n h\u1ea3o: D\u00e0nh cho c\u00e1c b\u00e9 t\u1eeb 6 tu\u1ed5i tr\u1edf l\u00ean y\u00eau th\u00edch nh\u1eefng cu\u1ed9c phi\u00eau l\u01b0u ninja v\u00e0 r\u1ed3ng.<\/p>\n<p class=\"QN2lPu\">&#8211; Kh\u00e1m ph\u00e1 th\u1ebf gi\u1edbi Ninjago\u00ae: B\u1ed9 Lego\u00ae Ninjago\u00ae m\u1edf ra m\u1ed9t th\u1ebf gi\u1edbi t\u01b0\u1edfng t\u01b0\u1ee3ng b\u1ea5t t\u1eadn cho c\u00e1c b\u00e9, gi\u00fap ph\u00e1t tri\u1ec3n s\u1ef1 s\u00e1ng t\u1ea1o v\u00e0 kh\u1ea3 n\u0103ng gi\u1ea3i quy\u1ebft v\u1ea5n \u0111\u1ec1.<\/p>\n<p class=\"QN2lPu\">&#8211; K\u00edch th\u01b0\u1edbc \u1ea5n t\u01b0\u1ee3ng: B\u1ed9 ch\u01a1i r\u1ed3ng d\u00e0i h\u01a1n 24 cm (9,5 in.), t\u1ea1o n\u00ean m\u1ed9t m\u00f3n \u0111\u1ed3 ch\u01a1i \u0111\u1ed3 s\u1ed9 v\u00e0 h\u1ea5p d\u1eabn.<\/p>\n<p class=\"QN2lPu\">Th\u00f4ng tin s\u1ea3n ph\u1ea9m: <\/p>\n<p class=\"QN2lPu\">&#8211; Xu\u1ea5t x\u1ee9: Trung Qu\u1ed1c <\/p>\n<p class=\"QN2lPu\">&#8211; K\u00edch th\u01b0\u1edbc h\u1ed9p h\u00e0ng: 26.2&#215;14.1&#215;4.8 cm<\/p>\n<p class=\"QN2lPu\">\n<p class=\"QN2lPu\">\n<div class=\"QN2lPu\">\n<div style=\"position: relative; width: 100%; padding-bottom: 100%;\"><picture class=\"UkIsx8\"><source srcset=\"https:\/\/down-vn.img.susercontent.com\/file\/vn-11134208-7ras8-m4ehg032tajkdc@resize_w875_nl.webp 1x, https:\/\/down-vn.img.susercontent.com\/file\/vn-11134208-7ras8-m4ehg032tajkdc@resize_w1750_nl.webp 2x\" type=\"image\/webp\" class=\"UkIsx8\"><img decoding=\"async\" width=\"875\" loading=\"lazy\" class=\"uXN1L5 lazyload GqYslU\" srcset=\"https:\/\/down-vn.img.susercontent.com\/file\/vn-11134208-7ras8-m4ehg032tajkdc@resize_w875_nl 1x, https:\/\/down-vn.img.susercontent.com\/file\/vn-11134208-7ras8-m4ehg032tajkdc@resize_w1750_nl 2x\" src=\"https:\/\/down-vn.img.susercontent.com\/file\/vn-11134208-7ras8-m4ehg032tajkdc\" height=\"875\"><\/picture><\/div>\n<\/div>\n<div class=\"QN2lPu\">\n<div style=\"position: relative; width: 100%; padding-bottom: 100%;\"><picture class=\"UkIsx8\"><source srcset=\"https:\/\/down-vn.img.susercontent.com\/file\/vn-11134208-7ras8-m4ehg032up4059@resize_w875_nl.webp 1x, https:\/\/down-vn.img.susercontent.com\/file\/vn-11134208-7ras8-m4ehg032up4059@resize_w1750_nl.webp 2x\" type=\"image\/webp\" class=\"UkIsx8\"><img decoding=\"async\" width=\"875\" loading=\"lazy\" class=\"uXN1L5 lazyload GqYslU\" srcset=\"https:\/\/down-vn.img.susercontent.com\/file\/vn-11134208-7ras8-m4ehg032up4059@resize_w875_nl 1x, https:\/\/down-vn.img.susercontent.com\/file\/vn-11134208-7ras8-m4ehg032up4059@resize_w1750_nl 2x\" src=\"https:\/\/down-vn.img.susercontent.com\/file\/vn-11134208-7ras8-m4ehg032up4059\" height=\"875\"><\/picture><\/div>\n<\/div>\n<div class=\"QN2lPu\">\n<div style=\"position: relative; width: 100%; padding-bottom: 100%;\"><picture class=\"UkIsx8\"><source srcset=\"https:\/\/down-vn.img.susercontent.com\/file\/vn-11134208-7ras8-m4ehg032w3og5b@resize_w875_nl.webp 1x, https:\/\/down-vn.img.susercontent.com\/file\/vn-11134208-7ras8-m4ehg032w3og5b@resize_w1750_nl.webp 2x\" type=\"image\/webp\" class=\"UkIsx8\"><img decoding=\"async\" width=\"875\" loading=\"lazy\" class=\"uXN1L5 lazyload GqYslU\" srcset=\"https:\/\/down-vn.img.susercontent.com\/file\/vn-11134208-7ras8-m4ehg032w3og5b@resize_w875_nl 1x, https:\/\/down-vn.img.susercontent.com\/file\/vn-11134208-7ras8-m4ehg032w3og5b@resize_w1750_nl 2x\" src=\"https:\/\/down-vn.img.susercontent.com\/file\/vn-11134208-7ras8-m4ehg032w3og5b\" height=\"875\"><\/picture><\/div>\n<\/div>\n<div class=\"QN2lPu\">\n<div style=\"position: relative; width: 100%; padding-bottom: 100%;\"><picture class=\"UkIsx8\"><source srcset=\"https:\/\/down-vn.img.susercontent.com\/file\/vn-11134208-7ras8-m4ehg032xi8w5f@resize_w875_nl.webp 1x, https:\/\/down-vn.img.susercontent.com\/file\/vn-11134208-7ras8-m4ehg032xi8w5f@resize_w1750_nl.webp 2x\" type=\"image\/webp\" class=\"UkIsx8\"><img decoding=\"async\" width=\"875\" loading=\"lazy\" class=\"uXN1L5 lazyload GqYslU\" srcset=\"https:\/\/down-vn.img.susercontent.com\/file\/vn-11134208-7ras8-m4ehg032xi8w5f@resize_w875_nl 1x, https:\/\/down-vn.img.susercontent.com\/file\/vn-11134208-7ras8-m4ehg032xi8w5f@resize_w1750_nl 2x\" src=\"https:\/\/down-vn.img.susercontent.com\/file\/vn-11134208-7ras8-m4ehg032xi8w5f\" height=\"875\"><\/picture><\/div>\n<\/div>\n<div class=\"QN2lPu\">\n<div style=\"position: relative; width: 100%; padding-bottom: 100%;\"><picture class=\"UkIsx8\"><source srcset=\"https:\/\/down-vn.img.susercontent.com\/file\/vn-11134208-7ras8-m4ehg032ywtced@resize_w875_nl.webp 1x, https:\/\/down-vn.img.susercontent.com\/file\/vn-11134208-7ras8-m4ehg032ywtced@resize_w1750_nl.webp 2x\" type=\"image\/webp\" class=\"UkIsx8\"><img decoding=\"async\" width=\"875\" loading=\"lazy\" class=\"uXN1L5 lazyload GqYslU\" srcset=\"https:\/\/down-vn.img.susercontent.com\/file\/vn-11134208-7ras8-m4ehg032ywtced@resize_w875_nl 1x, https:\/\/down-vn.img.susercontent.com\/file\/vn-11134208-7ras8-m4ehg032ywtced@resize_w1750_nl 2x\" src=\"https:\/\/down-vn.img.susercontent.com\/file\/vn-11134208-7ras8-m4ehg032ywtced\" height=\"875\"><\/picture><\/div>\n<\/div>\n<div class=\"QN2lPu\">\n<div style=\"position: relative; width: 100%; padding-bottom: 100%;\"><picture class=\"UkIsx8\"><source srcset=\"https:\/\/down-vn.img.susercontent.com\/file\/vn-11134208-7ras8-m4ehg0330bdsf7@resize_w875_nl.webp 1x, https:\/\/down-vn.img.susercontent.com\/file\/vn-11134208-7ras8-m4ehg0330bdsf7@resize_w1750_nl.webp 2x\" type=\"image\/webp\" class=\"UkIsx8\"><img decoding=\"async\" width=\"875\" loading=\"lazy\" class=\"uXN1L5 lazyload GqYslU\" srcset=\"https:\/\/down-vn.img.susercontent.com\/file\/vn-11134208-7ras8-m4ehg0330bdsf7@resize_w875_nl 1x, https:\/\/down-vn.img.susercontent.com\/file\/vn-11134208-7ras8-m4ehg0330bdsf7@resize_w1750_nl 2x\" src=\"https:\/\/down-vn.img.susercontent.com\/file\/vn-11134208-7ras8-m4ehg0330bdsf7\" height=\"875\"><\/picture><\/div>\n<\/div>\n<div class=\"QN2lPu\">\n<div style=\"position: relative; width: 100%; padding-bottom: 100%;\"><picture class=\"UkIsx8\"><source srcset=\"https:\/\/down-vn.img.susercontent.com\/file\/vn-11134208-7ras8-m4ehg032nopb02@resize_w875_nl.webp 1x, https:\/\/down-vn.img.susercontent.com\/file\/vn-11134208-7ras8-m4ehg032nopb02@resize_w1750_nl.webp 2x\" type=\"image\/webp\" class=\"UkIsx8\"><img decoding=\"async\" width=\"875\" loading=\"lazy\" class=\"uXN1L5 lazyload GqYslU\" srcset=\"https:\/\/down-vn.img.susercontent.com\/file\/vn-11134208-7ras8-m4ehg032nopb02@resize_w875_nl 1x, https:\/\/down-vn.img.susercontent.com\/file\/vn-11134208-7ras8-m4ehg032nopb02@resize_w1750_nl 2x\" src=\"https:\/\/down-vn.img.susercontent.com\/file\/vn-11134208-7ras8-m4ehg032nopb02\" height=\"875\"><\/picture><\/div>\n<\/div>\n<div class=\"QN2lPu\">\n<div style=\"position: relative; width: 100%; padding-bottom: 100%;\"><picture class=\"UkIsx8\"><source srcset=\"https:\/\/down-vn.img.susercontent.com\/file\/vn-11134208-7ras8-m4ehg032qhu7ee@resize_w875_nl.webp 1x, https:\/\/down-vn.img.susercontent.com\/file\/vn-11134208-7ras8-m4ehg032qhu7ee@resize_w1750_nl.webp 2x\" type=\"image\/webp\" class=\"UkIsx8\"><img decoding=\"async\" width=\"875\" loading=\"lazy\" class=\"uXN1L5 lazyload QSLoEa GqYslU\" srcset=\"https:\/\/down-vn.img.susercontent.com\/file\/vn-11134208-7ras8-m4ehg032qhu7ee@resize_w875_nl 1x, https:\/\/down-vn.img.susercontent.com\/file\/vn-11134208-7ras8-m4ehg032qhu7ee@resize_w1750_nl 2x\" src=\"https:\/\/down-vn.img.susercontent.com\/file\/vn-11134208-7ras8-m4ehg032qhu7ee\" height=\"875\"><\/picture><\/div>\n<\/div>\n<div class=\"QN2lPu\">\n<div style=\"position: relative; width: 100%; padding-bottom: 100%;\"><picture class=\"UkIsx8\"><source srcset=\"https:\/\/down-vn.img.susercontent.com\/file\/vn-11134208-7ras8-m4ehg032rwene7@resize_w875_nl.webp 1x, https:\/\/down-vn.img.susercontent.com\/file\/vn-11134208-7ras8-m4ehg032rwene7@resize_w1750_nl.webp 2x\" type=\"image\/webp\" class=\"UkIsx8\"><img decoding=\"async\" width=\"875\" loading=\"lazy\" class=\"uXN1L5 lazyload QSLoEa GqYslU\" srcset=\"https:\/\/down-vn.img.susercontent.com\/file\/vn-11134208-7ras8-m4ehg032rwene7@resize_w875_nl 1x, https:\/\/down-vn.img.susercontent.com\/file\/vn-11134208-7ras8-m4ehg032rwene7@resize_w1750_nl 2x\" src=\"https:\/\/down-vn.img.susercontent.com\/file\/vn-11134208-7ras8-m4ehg032rwene7\" height=\"875\"><\/picture><\/div>\n<\/div>\n<div class=\"QN2lPu\">\n<div style=\"position: relative; width: 100%; padding-bottom: 100%;\"><picture class=\"UkIsx8\"><source srcset=\"https:\/\/down-vn.img.susercontent.com\/file\/vn-11134208-7ras8-m4ehg032taz3af@resize_w875_nl.webp 1x, https:\/\/down-vn.img.susercontent.com\/file\/vn-11134208-7ras8-m4ehg032taz3af@resize_w1750_nl.webp 2x\" type=\"image\/webp\" class=\"UkIsx8\"><img decoding=\"async\" width=\"875\" loading=\"lazy\" class=\"uXN1L5 lazyload QSLoEa GqYslU\" srcset=\"https:\/\/down-vn.img.susercontent.com\/file\/vn-11134208-7ras8-m4ehg032taz3af@resize_w875_nl 1x, https:\/\/down-vn.img.susercontent.com\/file\/vn-11134208-7ras8-m4ehg032taz3af@resize_w1750_nl 2x\" src=\"https:\/\/down-vn.img.susercontent.com\/file\/vn-11134208-7ras8-m4ehg032taz3af\" height=\"875\"><\/picture><\/div>\n<\/div>\n<\/div>\n","protected":false},"excerpt":{"rendered":"<p>LEGO NINJAGO 71829 \u0110\u1ed3 Ch\u01a1i L\u1eafp R\u00e1p R\u1ed3ng R\u1eebng Xanh C\u1ee7a Lloyd (128 Chi Ti\u1ebft) Gi\u1ea3i c\u1ee9u R\u1ed3ng Con c\u00f9ng Lloyd v\u00e0 R\u1ed3ng Xanh R\u1eebng trong Lego\u00ae Ninjago\u00ae! Lao xu\u1ed1ng t\u1eeb b\u1ea7u tr\u1eddi c\u00f9ng Lloyd c\u01b0\u1ee1i tr\u00ean l\u01b0ng R\u1ed3ng Xanh R\u1eebng h\u00f9ng v\u0129 \u0111\u1ec3 chi\u1ebfn \u0111\u1ea5u v\u1edbi T\u00ecnh b\u00e1o R\u1ed3ng \u0111\u1ed9c \u00e1c! V\u1edbi thanh ki\u1ebfm&#8230;<\/p>\n","protected":false},"featured_media":14156,"comment_status":"open","ping_status":"closed","template":"","meta":[],"product_brand":[],"product_cat":[1346],"product_tag":[],"class_list":{"0":"post-14066","1":"product","2":"type-product","3":"status-publish","4":"has-post-thumbnail","6":"product_cat-do-choi-lap-rap","8":"first","9":"instock","10":"sale","11":"featured","12":"shipping-taxable","13":"purchasable","14":"product-type-simple"},"_links":{"self":[{"href":"https:\/\/web-ban-le.mbws.vn\/do-choi\/wp-json\/wp\/v2\/product\/14066","targetHints":{"allow":["GET"]}}],"collection":[{"href":"https:\/\/web-ban-le.mbws.vn\/do-choi\/wp-json\/wp\/v2\/product"}],"about":[{"href":"https:\/\/web-ban-le.mbws.vn\/do-choi\/wp-json\/wp\/v2\/types\/product"}],"replies":[{"embeddable":true,"href":"https:\/\/web-ban-le.mbws.vn\/do-choi\/wp-json\/wp\/v2\/comments?post=14066"}],"wp:featuredmedia":[{"embeddable":true,"href":"https:\/\/web-ban-le.mbws.vn\/do-choi\/wp-json\/wp\/v2\/media\/14156"}],"wp:attachment":[{"href":"https:\/\/web-ban-le.mbws.vn\/do-choi\/wp-json\/wp\/v2\/media?parent=14066"}],"wp:term":[{"taxonomy":"product_brand","embeddable":true,"href":"https:\/\/web-ban-le.mbws.vn\/do-choi\/wp-json\/wp\/v2\/product_brand?post=14066"},{"taxonomy":"product_cat","embeddable":true,"href":"https:\/\/web-ban-le.mbws.vn\/do-choi\/wp-json\/wp\/v2\/product_cat?post=14066"},{"taxonomy":"product_tag","embeddable":true,"href":"https:\/\/web-ban-le.mbws.vn\/do-choi\/wp-json\/wp\/v2\/product_tag?post=14066"}],"curies":[{"name":"wp","href":"https:\/\/api.w.org\/{rel}","templated":true}]}}