{"id":14067,"date":"2025-10-28T13:24:42","date_gmt":"2025-10-28T06:24:42","guid":{"rendered":"https:\/\/web-ban-le.mbws.vn\/do-choi\/?post_type=product&#038;p=14067"},"modified":"2025-11-05T08:29:29","modified_gmt":"2025-11-05T01:29:29","slug":"lego-creator-31145-do-choi-lap-rap-rong-do-may-man-149-chi-tiet","status":"publish","type":"product","link":"https:\/\/web-ban-le.mbws.vn\/do-choi\/san-pham\/lego-creator-31145-do-choi-lap-rap-rong-do-may-man-149-chi-tiet\/","title":{"rendered":"LEGO CREATOR 31145 \u0110\u1ed3 ch\u01a1i l\u1eafp r\u00e1p R\u1ed3ng \u0111\u1ecf may m\u1eafn (149 chi ti\u1ebft)"},"content":{"rendered":"<div class=\"e8lZp3\">\n<p class=\"QN2lPu\">LEGO CREATOR 31145 \u0110\u1ed3 ch\u01a1i l\u1eafp r\u00e1p R\u1ed3ng \u0111\u1ecf may m\u1eafn (149 chi ti\u1ebft)<\/p>\n<div class=\"QN2lPu\">\n<div style=\"position: relative; width: 100%; padding-bottom: 100%;\"><picture class=\"UkIsx8\"><source srcset=\"https:\/\/down-vn.img.susercontent.com\/file\/vn-11134202-7r98o-lu5tih5ophz0b2@resize_w875_nl.webp 1x, https:\/\/down-vn.img.susercontent.com\/file\/vn-11134202-7r98o-lu5tih5ophz0b2@resize_w1750_nl.webp 2x\" type=\"image\/webp\" class=\"UkIsx8\"><img decoding=\"async\" width=\"875\" loading=\"lazy\" class=\"uXN1L5 lazyload GqYslU\" srcset=\"https:\/\/down-vn.img.susercontent.com\/file\/vn-11134202-7r98o-lu5tih5ophz0b2@resize_w875_nl 1x, https:\/\/down-vn.img.susercontent.com\/file\/vn-11134202-7r98o-lu5tih5ophz0b2@resize_w1750_nl 2x\" src=\"https:\/\/down-vn.img.susercontent.com\/file\/vn-11134202-7r98o-lu5tih5ophz0b2\" height=\"875\"><\/picture><\/div>\n<\/div>\n<div class=\"QN2lPu\">\n<div style=\"position: relative; width: 100%; padding-bottom: 100%;\"><picture class=\"UkIsx8\"><source srcset=\"https:\/\/down-vn.img.susercontent.com\/file\/vn-11134202-7r98o-lu5tihbigyl225@resize_w875_nl.webp 1x, https:\/\/down-vn.img.susercontent.com\/file\/vn-11134202-7r98o-lu5tihbigyl225@resize_w1750_nl.webp 2x\" type=\"image\/webp\" class=\"UkIsx8\"><img decoding=\"async\" width=\"875\" loading=\"lazy\" class=\"uXN1L5 lazyload GqYslU\" srcset=\"https:\/\/down-vn.img.susercontent.com\/file\/vn-11134202-7r98o-lu5tihbigyl225@resize_w875_nl 1x, https:\/\/down-vn.img.susercontent.com\/file\/vn-11134202-7r98o-lu5tihbigyl225@resize_w1750_nl 2x\" src=\"https:\/\/down-vn.img.susercontent.com\/file\/vn-11134202-7r98o-lu5tihbigyl225\" height=\"875\"><\/picture><\/div>\n<\/div>\n<div class=\"QN2lPu\">\n<div style=\"position: relative; width: 100%; padding-bottom: 100%;\"><picture class=\"UkIsx8\"><source srcset=\"https:\/\/down-vn.img.susercontent.com\/file\/vn-11134202-7r98o-lu5tihgs98y37a@resize_w875_nl.webp 1x, https:\/\/down-vn.img.susercontent.com\/file\/vn-11134202-7r98o-lu5tihgs98y37a@resize_w1750_nl.webp 2x\" type=\"image\/webp\" class=\"UkIsx8\"><img decoding=\"async\" width=\"875\" loading=\"lazy\" class=\"uXN1L5 lazyload GqYslU\" srcset=\"https:\/\/down-vn.img.susercontent.com\/file\/vn-11134202-7r98o-lu5tihgs98y37a@resize_w875_nl 1x, https:\/\/down-vn.img.susercontent.com\/file\/vn-11134202-7r98o-lu5tihgs98y37a@resize_w1750_nl 2x\" src=\"https:\/\/down-vn.img.susercontent.com\/file\/vn-11134202-7r98o-lu5tihgs98y37a\" height=\"875\"><\/picture><\/div>\n<\/div>\n<div class=\"QN2lPu\">\n<div style=\"position: relative; width: 100%; padding-bottom: 100%;\"><picture class=\"UkIsx8\"><source srcset=\"https:\/\/down-vn.img.susercontent.com\/file\/vn-11134202-7r98o-lu5tihnfzi9e63@resize_w875_nl.webp 1x, https:\/\/down-vn.img.susercontent.com\/file\/vn-11134202-7r98o-lu5tihnfzi9e63@resize_w1750_nl.webp 2x\" type=\"image\/webp\" class=\"UkIsx8\"><img decoding=\"async\" width=\"875\" loading=\"lazy\" class=\"uXN1L5 lazyload GqYslU\" srcset=\"https:\/\/down-vn.img.susercontent.com\/file\/vn-11134202-7r98o-lu5tihnfzi9e63@resize_w875_nl 1x, https:\/\/down-vn.img.susercontent.com\/file\/vn-11134202-7r98o-lu5tihnfzi9e63@resize_w1750_nl 2x\" src=\"https:\/\/down-vn.img.susercontent.com\/file\/vn-11134202-7r98o-lu5tihnfzi9e63\" height=\"875\"><\/picture><\/div>\n<\/div>\n<div class=\"QN2lPu\">\n<div style=\"position: relative; width: 100%; padding-bottom: 100%;\"><picture class=\"UkIsx8\"><source srcset=\"https:\/\/down-vn.img.susercontent.com\/file\/vn-11134202-7r98o-lu5tihszre1338@resize_w875_nl.webp 1x, https:\/\/down-vn.img.susercontent.com\/file\/vn-11134202-7r98o-lu5tihszre1338@resize_w1750_nl.webp 2x\" type=\"image\/webp\" class=\"UkIsx8\"><img decoding=\"async\" width=\"875\" loading=\"lazy\" class=\"uXN1L5 lazyload GqYslU\" srcset=\"https:\/\/down-vn.img.susercontent.com\/file\/vn-11134202-7r98o-lu5tihszre1338@resize_w875_nl 1x, https:\/\/down-vn.img.susercontent.com\/file\/vn-11134202-7r98o-lu5tihszre1338@resize_w1750_nl 2x\" src=\"https:\/\/down-vn.img.susercontent.com\/file\/vn-11134202-7r98o-lu5tihszre1338\" height=\"875\"><\/picture><\/div>\n<\/div>\n<div class=\"QN2lPu\">\n<div style=\"position: relative; width: 100%; padding-bottom: 100%;\"><picture class=\"UkIsx8\"><source srcset=\"https:\/\/down-vn.img.susercontent.com\/file\/vn-11134202-7r98o-lu5tihyjj9gv33@resize_w875_nl.webp 1x, https:\/\/down-vn.img.susercontent.com\/file\/vn-11134202-7r98o-lu5tihyjj9gv33@resize_w1750_nl.webp 2x\" type=\"image\/webp\" class=\"UkIsx8\"><img decoding=\"async\" width=\"875\" loading=\"lazy\" class=\"uXN1L5 lazyload QSLoEa GqYslU\" srcset=\"https:\/\/down-vn.img.susercontent.com\/file\/vn-11134202-7r98o-lu5tihyjj9gv33@resize_w875_nl 1x, https:\/\/down-vn.img.susercontent.com\/file\/vn-11134202-7r98o-lu5tihyjj9gv33@resize_w1750_nl 2x\" src=\"https:\/\/down-vn.img.susercontent.com\/file\/vn-11134202-7r98o-lu5tihyjj9gv33\" height=\"875\"><\/picture><\/div>\n<\/div>\n<div class=\"QN2lPu\">\n<div style=\"position: relative; width: 100%; padding-bottom: 100%;\"><picture class=\"UkIsx8\"><source srcset=\"https:\/\/down-vn.img.susercontent.com\/file\/vn-11134202-7r98o-lu5tii4x9xpx63@resize_w875_nl.webp 1x, https:\/\/down-vn.img.susercontent.com\/file\/vn-11134202-7r98o-lu5tii4x9xpx63@resize_w1750_nl.webp 2x\" type=\"image\/webp\" class=\"UkIsx8\"><img decoding=\"async\" width=\"875\" loading=\"lazy\" class=\"uXN1L5 lazyload QSLoEa GqYslU\" srcset=\"https:\/\/down-vn.img.susercontent.com\/file\/vn-11134202-7r98o-lu5tii4x9xpx63@resize_w875_nl 1x, https:\/\/down-vn.img.susercontent.com\/file\/vn-11134202-7r98o-lu5tii4x9xpx63@resize_w1750_nl 2x\" src=\"https:\/\/down-vn.img.susercontent.com\/file\/vn-11134202-7r98o-lu5tii4x9xpx63\" height=\"875\"><\/picture><\/div>\n<\/div>\n<p class=\"QN2lPu\">S\u1eb5n s\u00e0ng cho chuy\u1ebfn phi\u00eau l\u01b0u \u0111\u1ebfn v\u1edbi v\u00f9ng \u0111\u1ea5t di\u1ec7u k\u1ef3 v\u00e0 b\u00ed \u1ea9n, n\u01a1i b\u1ea1n c\u00f3 th\u1ec3 t\u1eadn h\u01b0\u1edfng chuy\u1ebfn \u0111i c\u00f9ng 3 lo\u00e0i \u0111\u1ed9ng v\u1eadt \u0111\u1ea7y m\u00e0u s\u1eafc. L\u1eafp r\u00e1p ch\u00fa r\u1ed3ng \u0111\u1ecf may m\u1eafn LEGO\u00ae Creator v\u1edbi \u0111\u00f4i c\u00e1nh v\u00e0 s\u1eebng. \u0110\u1ec3 th\u00fa v\u1ecb h\u01a1n n\u1eefa, b\u1ea1n c\u00f3 th\u1ec3 l\u1eafp r\u00e1p l\u1ea1i m\u00f4 h\u00ecnh th\u00e0nh m\u1ed9t con ph\u01b0\u1ee3ng ho\u00e0ng \u0111\u00e1ng y\u00eau v\u1edbi b\u1ed9 l\u00f4ng r\u1ef1c r\u1ee1 ho\u1eb7c m\u1ed9t ch\u00fa c\u00e1 d\u1ec5 th\u01b0\u01a1ng \u0111ang b\u01a1i d\u01b0\u1edbi bi\u1ec3n.<\/p>\n<p class=\"QN2lPu\">\n<p class=\"QN2lPu\">\u2022 B\u1ed9 tr\u00f2 ch\u01a1i s\u00e1ng t\u1ea1o 3 trong 1\u2013 B\u00e9 c\u00f3 th\u1ec3 x\u1ea5y d\u1ef1ng 3 m\u00f4 h\u00ecnh \u0111\u1ea7y m\u00e0u s\u1eafc kh\u00e1c nhau ch\u1ec9 v\u1edbi 1 b\u1ed9 tr\u00f2 ch\u01a1i LEGO\u00ae Creator \u0111\u1ea7y h\u1ea5p d\u1eabn n\u00e0y. B\u00e9 c\u00f3 th\u1ec3 t\u1eadn h\u01b0\u1edfng nh\u1eefng c\u00e2u chuy\u1ec7n th\u00fa v\u1ecb v\u1edbi 3 lo\u00e0i \u0111\u1ed9ng v\u1eadt kh\u00e1c nhau: R\u1ed3ng \u0111\u1ecf may m\u1eafn, Ph\u01b0\u1ee3ng ho\u00e0ng \u0111\u00e1ng y\u00eau v\u00e0 c\u00e1 nh\u1ecf tung t\u0103ng<\/p>\n<p class=\"QN2lPu\">\u2022 M\u00f4 h\u00ecnh linh ho\u1ea1t \u2013 M\u1ed7i m\u00f4 h\u00ecnh s\u1ebd c\u00f3 c\u00e1c b\u1ed9 ph\u1eadn c\u01a1 th\u1ec3 c\u00f3 th\u1ec3 c\u1eed \u0111\u1ed9ng \u0111\u01b0\u1ee3c: r\u1ed3ng c\u00f3 th\u1ec3 c\u1eed \u0111\u1ed9ng c\u00e1nh tay, b\u00e0n tay, c\u00e1nh, ch\u00e2n, b\u00e0n ch\u00e2n, \u0111\u1ea7u v\u00e0 mi\u1ec7ng, ph\u01b0\u1ee3ng ho\u00e0ng c\u00f3 th\u1ec3 c\u1eed \u0111\u1ed9ng c\u00e1nh v\u00e0 c\u00e1 c\u00f3 th\u1ec3 c\u1eed \u0111\u1ed9ng v\u00e2y<\/p>\n<p class=\"QN2lPu\">\u2022 Qu\u00e0 t\u1eb7ng th\u00fa v\u1ecb cho b\u00e9 vui s\u00e1ng t\u1ea1o \u2013 B\u1ed9 tr\u00f2 ch\u01a1i 3 trong 1 n\u00e0y mang l\u1ea1i tr\u1ea3i nghi\u1ec7m l\u1eafp r\u00e1p v\u00e0 vui ch\u01a1i th\u00fa v\u1ecb cho b\u00e9 y\u00eau. \u0110\u00e2y ch\u1eafc ch\u1eafn l\u00e0 m\u00f3n qu\u00e0 tuyeejrht v\u1eddi cho b\u00e9 y\u00eau trong d\u1ecbp T\u1ebft nguy\u00ean \u0111\u00e1n n\u00e0y.<\/p>\n<p class=\"QN2lPu\">\u2022 LEGO\u00ae Creator 3 trong 1\u2013 M\u1ed7i LEGO\u00ae Creator cho ph\u00e9p b\u00e9 c\u00f3 th\u1ec3 x\u00e2y d\u1ef1ng 3 m\u00f4 h\u00ecnh kh\u00e1c nhau ch\u1ec9 trong 1 b\u1ed9, c\u00f3 th\u1ec3 bao g\u1ed3m \u0111\u1ed9ng v\u1eadt, xe c\u1ed9 v\u00e0 c\u1ea3nh quan chi ti\u1ebft c\u1ee7a th\u00e0nh ph\u1ed1,\u2026<\/p>\n<\/div>\n","protected":false},"excerpt":{"rendered":"<p>LEGO CREATOR 31145 \u0110\u1ed3 ch\u01a1i l\u1eafp r\u00e1p R\u1ed3ng \u0111\u1ecf may m\u1eafn (149 chi ti\u1ebft) S\u1eb5n s\u00e0ng cho chuy\u1ebfn phi\u00eau l\u01b0u \u0111\u1ebfn v\u1edbi v\u00f9ng \u0111\u1ea5t di\u1ec7u k\u1ef3 v\u00e0 b\u00ed \u1ea9n, n\u01a1i b\u1ea1n c\u00f3 th\u1ec3 t\u1eadn h\u01b0\u1edfng chuy\u1ebfn \u0111i c\u00f9ng 3 lo\u00e0i \u0111\u1ed9ng v\u1eadt \u0111\u1ea7y m\u00e0u s\u1eafc. L\u1eafp r\u00e1p ch\u00fa r\u1ed3ng \u0111\u1ecf may m\u1eafn LEGO\u00ae Creator v\u1edbi&#8230;<\/p>\n","protected":false},"featured_media":14165,"comment_status":"open","ping_status":"closed","template":"","meta":[],"product_brand":[],"product_cat":[1346],"product_tag":[],"class_list":{"0":"post-14067","1":"product","2":"type-product","3":"status-publish","4":"has-post-thumbnail","6":"product_cat-do-choi-lap-rap","8":"first","9":"instock","10":"sale","11":"featured","12":"shipping-taxable","13":"purchasable","14":"product-type-simple"},"_links":{"self":[{"href":"https:\/\/web-ban-le.mbws.vn\/do-choi\/wp-json\/wp\/v2\/product\/14067","targetHints":{"allow":["GET"]}}],"collection":[{"href":"https:\/\/web-ban-le.mbws.vn\/do-choi\/wp-json\/wp\/v2\/product"}],"about":[{"href":"https:\/\/web-ban-le.mbws.vn\/do-choi\/wp-json\/wp\/v2\/types\/product"}],"replies":[{"embeddable":true,"href":"https:\/\/web-ban-le.mbws.vn\/do-choi\/wp-json\/wp\/v2\/comments?post=14067"}],"wp:featuredmedia":[{"embeddable":true,"href":"https:\/\/web-ban-le.mbws.vn\/do-choi\/wp-json\/wp\/v2\/media\/14165"}],"wp:attachment":[{"href":"https:\/\/web-ban-le.mbws.vn\/do-choi\/wp-json\/wp\/v2\/media?parent=14067"}],"wp:term":[{"taxonomy":"product_brand","embeddable":true,"href":"https:\/\/web-ban-le.mbws.vn\/do-choi\/wp-json\/wp\/v2\/product_brand?post=14067"},{"taxonomy":"product_cat","embeddable":true,"href":"https:\/\/web-ban-le.mbws.vn\/do-choi\/wp-json\/wp\/v2\/product_cat?post=14067"},{"taxonomy":"product_tag","embeddable":true,"href":"https:\/\/web-ban-le.mbws.vn\/do-choi\/wp-json\/wp\/v2\/product_tag?post=14067"}],"curies":[{"name":"wp","href":"https:\/\/api.w.org\/{rel}","templated":true}]}}