{"id":14068,"date":"2025-10-28T13:24:42","date_gmt":"2025-10-28T06:24:42","guid":{"rendered":"https:\/\/web-ban-le.mbws.vn\/do-choi\/?post_type=product&#038;p=14068"},"modified":"2025-11-05T08:29:28","modified_gmt":"2025-11-05T01:29:28","slug":"lego-city-60448-do-choi-lap-rap-xe-the-thao-mau-do-109-chi-tiet","status":"publish","type":"product","link":"https:\/\/web-ban-le.mbws.vn\/do-choi\/san-pham\/lego-city-60448-do-choi-lap-rap-xe-the-thao-mau-do-109-chi-tiet\/","title":{"rendered":"LEGO CITY 60448 \u0110\u1ed3 Ch\u01a1i L\u1eafp R\u00e1p Xe Th\u1ec3 Thao M\u00e0u \u0110\u1ecf (109 chi ti\u1ebft)"},"content":{"rendered":"<div class=\"e8lZp3\">\n<p class=\"QN2lPu\">LEGO CITY 60448 \u0110\u1ed3 Ch\u01a1i L\u1eafp R\u00e1p Xe Th\u1ec3 Thao M\u00e0u \u0110\u1ecf (109 chi ti\u1ebft)<\/p>\n<p class=\"QN2lPu\">N\u00e0o, c\u00f9ng l\u00e1i si\u00eau xe \u0111\u1ecf Lego\u00ae City! Chi\u1ebfc si\u00eau xe b\u00f3ng b\u1ea9y n\u00e0y \u0111i k\u00e8m v\u1edbi h\u1ee3p kim si\u00eau ng\u1ea7u, l\u1ed1p xe th\u1ea5p v\u00e0 m\u1ed9t bu\u1ed3ng l\u00e1i c\u00f3 m\u00e1i che c\u00f3 th\u1ec3 m\u1edf ra \u0111\u1ec3 l\u00e1i xe mui tr\u1ea7n. M\u1edf c\u1ed1p \u0111\u1ec3 c\u1ea5t \u0111i\u1ec7n tho\u1ea1i di \u0111\u1ed9ng v\u00e0 thi\u1ebft b\u1ecb v\u1ec7 sinh c\u1ee7a b\u1ea1n. Sau \u0111\u00f3, nh\u1ea3y l\u00ean gh\u1ebf l\u00e1i v\u00e0 h\u01b0\u1edbng \u0111\u1ebfn con \u0111\u01b0\u1eddng m\u1edf!<\/p>\n<p class=\"QN2lPu\">B\u1ed9 \u0111\u1ed3 ch\u01a1i si\u00eau xe \u0111\u1ecf Lego\u00ae City d\u00e0nh cho c\u00e1c b\u00e9 t\u1eeb 5 tu\u1ed5i tr\u1edf l\u00ean<\/p>\n<p class=\"QN2lPu\">B\u1ed9 xe \u0111\u1ed3 ch\u01a1i v\u1edbi m\u1ed9t chi\u1ebfc xe th\u1ec3 thao \u0111\u1ecf v\u00e0 m\u1ed9t nh\u00e2n v\u1eadt nh\u1ecf l\u00e1i xe<\/p>\n<p class=\"QN2lPu\">\u0110\u1eb7t t\u00e0i x\u1ebf ph\u00eda sau tay l\u00e1i v\u00e0 \u0111\u1eb7t thi\u1ebft b\u1ecb v\u1ec7 sinh v\u00e0o c\u1ed1p xe<\/p>\n<p class=\"QN2lPu\">\u0110\u1ed3 ch\u01a1i l\u00e1i xe n\u00e0y bao g\u1ed3m m\u1ed9t \u0111i\u1ec7n tho\u1ea1i di \u0111\u1ed9ng, b\u00ecnh x\u1ecbt v\u00e0 mi\u1ebfng b\u1ecdt bi\u1ec3n \u0111\u1ec3 ch\u01a1i<\/p>\n<p class=\"QN2lPu\">B\u1ea5t ng\u1edd cho ng\u01b0\u1eddi h\u00f9ng h\u00e0ng ng\u00e0y c\u1ee7a b\u1ea1n v\u1edbi m\u00f3n qu\u00e0 xe th\u1ec3 thao vui nh\u1ed9n n\u00e0y d\u00e0nh cho c\u00e1c b\u00e9<\/p>\n<p class=\"QN2lPu\">Bao g\u1ed3m h\u01b0\u1edbng d\u1eabn in v\u00e0 h\u01b0\u1edbng d\u1eabn k\u1ef9 thu\u1eadt s\u1ed1 3D trong \u1ee9ng d\u1ee5ng Lego\u00ae Builder<\/p>\n<p class=\"QN2lPu\">\u0110\u1ed3 ch\u01a1i x\u00e2y d\u1ef1ng Lego\u00ae City gi\u00fap tr\u1ebb ph\u00e1t tri\u1ec3n c\u00e1c k\u1ef9 n\u0103ng s\u1ed1ng quan tr\u1ecdng th\u00f4ng qua tr\u00f2 ch\u01a1i<\/p>\n<p class=\"QN2lPu\">Chi\u1ebfc xe th\u1ec3 thao \u0111\u1ed3 ch\u01a1i trong b\u1ed9 109 m\u1ea3nh n\u00e0y d\u00e0i h\u01a1n 13 cm (5 in.)<\/p>\n<p class=\"QN2lPu\">Th\u00f4ng tin s\u1ea3n ph\u1ea9m:<\/p>\n<p class=\"QN2lPu\">&#8211; Xu\u1ea5t x\u1ee9: Trung Qu\u1ed1c<\/p>\n<p class=\"QN2lPu\">&#8211; K\u00edch th\u01b0\u1edbc h\u1ed9p h\u00e0ng: 14.1&#215;12.2&#215;6.1 cm<\/p>\n<p class=\"QN2lPu\">\n<div class=\"QN2lPu\">\n<div style=\"position: relative; width: 100%; padding-bottom: 100%;\"><picture class=\"UkIsx8\"><source srcset=\"https:\/\/down-vn.img.susercontent.com\/file\/vn-11134208-7ras8-m4fjzo50g83r1a@resize_w875_nl.webp 1x, https:\/\/down-vn.img.susercontent.com\/file\/vn-11134208-7ras8-m4fjzo50g83r1a@resize_w1750_nl.webp 2x\" type=\"image\/webp\" class=\"UkIsx8\"><img decoding=\"async\" width=\"875\" loading=\"lazy\" class=\"uXN1L5 lazyload GqYslU\" srcset=\"https:\/\/down-vn.img.susercontent.com\/file\/vn-11134208-7ras8-m4fjzo50g83r1a@resize_w875_nl 1x, https:\/\/down-vn.img.susercontent.com\/file\/vn-11134208-7ras8-m4fjzo50g83r1a@resize_w1750_nl 2x\" src=\"https:\/\/down-vn.img.susercontent.com\/file\/vn-11134208-7ras8-m4fjzo50g83r1a\" height=\"875\"><\/picture><\/div>\n<\/div>\n<div class=\"QN2lPu\">\n<div style=\"position: relative; width: 100%; padding-bottom: 100%;\"><picture class=\"UkIsx8\"><source srcset=\"https:\/\/down-vn.img.susercontent.com\/file\/vn-11134208-7ras8-m4fjzo50hmo7e9@resize_w875_nl.webp 1x, https:\/\/down-vn.img.susercontent.com\/file\/vn-11134208-7ras8-m4fjzo50hmo7e9@resize_w1750_nl.webp 2x\" type=\"image\/webp\" class=\"UkIsx8\"><img decoding=\"async\" width=\"875\" loading=\"lazy\" class=\"uXN1L5 lazyload GqYslU\" srcset=\"https:\/\/down-vn.img.susercontent.com\/file\/vn-11134208-7ras8-m4fjzo50hmo7e9@resize_w875_nl 1x, https:\/\/down-vn.img.susercontent.com\/file\/vn-11134208-7ras8-m4fjzo50hmo7e9@resize_w1750_nl 2x\" src=\"https:\/\/down-vn.img.susercontent.com\/file\/vn-11134208-7ras8-m4fjzo50hmo7e9\" height=\"875\"><\/picture><\/div>\n<\/div>\n<p class=\"QN2lPu\">\n<div class=\"QN2lPu\">\n<div style=\"position: relative; width: 100%; padding-bottom: 100%;\"><picture class=\"UkIsx8\"><source srcset=\"https:\/\/down-vn.img.susercontent.com\/file\/vn-11134208-7ras8-m4fjzo50j18n32@resize_w875_nl.webp 1x, https:\/\/down-vn.img.susercontent.com\/file\/vn-11134208-7ras8-m4fjzo50j18n32@resize_w1750_nl.webp 2x\" type=\"image\/webp\" class=\"UkIsx8\"><img decoding=\"async\" width=\"875\" loading=\"lazy\" class=\"uXN1L5 lazyload GqYslU\" srcset=\"https:\/\/down-vn.img.susercontent.com\/file\/vn-11134208-7ras8-m4fjzo50j18n32@resize_w875_nl 1x, https:\/\/down-vn.img.susercontent.com\/file\/vn-11134208-7ras8-m4fjzo50j18n32@resize_w1750_nl 2x\" src=\"https:\/\/down-vn.img.susercontent.com\/file\/vn-11134208-7ras8-m4fjzo50j18n32\" height=\"875\"><\/picture><\/div>\n<\/div>\n<div class=\"QN2lPu\">\n<div style=\"position: relative; width: 100%; padding-bottom: 100%;\"><picture class=\"UkIsx8\"><source srcset=\"https:\/\/down-vn.img.susercontent.com\/file\/vn-11134208-7ras8-m4fjzo50kft39e@resize_w875_nl.webp 1x, https:\/\/down-vn.img.susercontent.com\/file\/vn-11134208-7ras8-m4fjzo50kft39e@resize_w1750_nl.webp 2x\" type=\"image\/webp\" class=\"UkIsx8\"><img decoding=\"async\" width=\"875\" loading=\"lazy\" class=\"uXN1L5 lazyload GqYslU\" srcset=\"https:\/\/down-vn.img.susercontent.com\/file\/vn-11134208-7ras8-m4fjzo50kft39e@resize_w875_nl 1x, https:\/\/down-vn.img.susercontent.com\/file\/vn-11134208-7ras8-m4fjzo50kft39e@resize_w1750_nl 2x\" src=\"https:\/\/down-vn.img.susercontent.com\/file\/vn-11134208-7ras8-m4fjzo50kft39e\" height=\"875\"><\/picture><\/div>\n<\/div>\n<div class=\"QN2lPu\">\n<div style=\"position: relative; width: 100%; padding-bottom: 100%;\"><picture class=\"UkIsx8\"><source srcset=\"https:\/\/down-vn.img.susercontent.com\/file\/vn-11134208-7ras8-m4fjzo50ludj86@resize_w875_nl.webp 1x, https:\/\/down-vn.img.susercontent.com\/file\/vn-11134208-7ras8-m4fjzo50ludj86@resize_w1750_nl.webp 2x\" type=\"image\/webp\" class=\"UkIsx8\"><img decoding=\"async\" width=\"875\" loading=\"lazy\" class=\"uXN1L5 lazyload GqYslU\" srcset=\"https:\/\/down-vn.img.susercontent.com\/file\/vn-11134208-7ras8-m4fjzo50ludj86@resize_w875_nl 1x, https:\/\/down-vn.img.susercontent.com\/file\/vn-11134208-7ras8-m4fjzo50ludj86@resize_w1750_nl 2x\" src=\"https:\/\/down-vn.img.susercontent.com\/file\/vn-11134208-7ras8-m4fjzo50ludj86\" height=\"875\"><\/picture><\/div>\n<\/div>\n<p class=\"QN2lPu\">\n<div class=\"QN2lPu\">\n<div style=\"position: relative; width: 100%; padding-bottom: 100%;\"><picture class=\"UkIsx8\"><source srcset=\"https:\/\/down-vn.img.susercontent.com\/file\/vn-11134208-7ras8-m4fjzo50n8xza2@resize_w875_nl.webp 1x, https:\/\/down-vn.img.susercontent.com\/file\/vn-11134208-7ras8-m4fjzo50n8xza2@resize_w1750_nl.webp 2x\" type=\"image\/webp\" class=\"UkIsx8\"><img decoding=\"async\" width=\"875\" loading=\"lazy\" class=\"uXN1L5 lazyload GqYslU\" srcset=\"https:\/\/down-vn.img.susercontent.com\/file\/vn-11134208-7ras8-m4fjzo50n8xza2@resize_w875_nl 1x, https:\/\/down-vn.img.susercontent.com\/file\/vn-11134208-7ras8-m4fjzo50n8xza2@resize_w1750_nl 2x\" src=\"https:\/\/down-vn.img.susercontent.com\/file\/vn-11134208-7ras8-m4fjzo50n8xza2\" height=\"875\"><\/picture><\/div>\n<\/div>\n<div class=\"QN2lPu\">\n<div style=\"position: relative; width: 100%; padding-bottom: 100%;\"><picture class=\"UkIsx8\"><source srcset=\"https:\/\/down-vn.img.susercontent.com\/file\/vn-11134208-7ras8-m4fjzo50onif94@resize_w875_nl.webp 1x, https:\/\/down-vn.img.susercontent.com\/file\/vn-11134208-7ras8-m4fjzo50onif94@resize_w1750_nl.webp 2x\" type=\"image\/webp\" class=\"UkIsx8\"><img decoding=\"async\" width=\"875\" loading=\"lazy\" class=\"uXN1L5 lazyload QSLoEa GqYslU\" srcset=\"https:\/\/down-vn.img.susercontent.com\/file\/vn-11134208-7ras8-m4fjzo50onif94@resize_w875_nl 1x, https:\/\/down-vn.img.susercontent.com\/file\/vn-11134208-7ras8-m4fjzo50onif94@resize_w1750_nl 2x\" src=\"https:\/\/down-vn.img.susercontent.com\/file\/vn-11134208-7ras8-m4fjzo50onif94\" height=\"875\"><\/picture><\/div>\n<\/div>\n<div class=\"QN2lPu\">\n<div style=\"position: relative; width: 100%; padding-bottom: 100%;\"><picture class=\"UkIsx8\"><source srcset=\"https:\/\/down-vn.img.susercontent.com\/file\/vn-11134208-7ras8-m4fjzo50q22v24@resize_w875_nl.webp 1x, https:\/\/down-vn.img.susercontent.com\/file\/vn-11134208-7ras8-m4fjzo50q22v24@resize_w1750_nl.webp 2x\" type=\"image\/webp\" class=\"UkIsx8\"><img decoding=\"async\" width=\"875\" loading=\"lazy\" class=\"uXN1L5 lazyload QSLoEa GqYslU\" srcset=\"https:\/\/down-vn.img.susercontent.com\/file\/vn-11134208-7ras8-m4fjzo50q22v24@resize_w875_nl 1x, https:\/\/down-vn.img.susercontent.com\/file\/vn-11134208-7ras8-m4fjzo50q22v24@resize_w1750_nl 2x\" src=\"https:\/\/down-vn.img.susercontent.com\/file\/vn-11134208-7ras8-m4fjzo50q22v24\" height=\"875\"><\/picture><\/div>\n<\/div>\n<div class=\"QN2lPu\">\n<div style=\"position: relative; width: 100%; padding-bottom: 100%;\"><picture class=\"UkIsx8\"><source srcset=\"https:\/\/down-vn.img.susercontent.com\/file\/vn-11134208-7ras8-m4fjzo50rgnb41@resize_w875_nl.webp 1x, https:\/\/down-vn.img.susercontent.com\/file\/vn-11134208-7ras8-m4fjzo50rgnb41@resize_w1750_nl.webp 2x\" type=\"image\/webp\" class=\"UkIsx8\"><img decoding=\"async\" width=\"875\" loading=\"lazy\" class=\"uXN1L5 lazyload QSLoEa GqYslU\" srcset=\"https:\/\/down-vn.img.susercontent.com\/file\/vn-11134208-7ras8-m4fjzo50rgnb41@resize_w875_nl 1x, https:\/\/down-vn.img.susercontent.com\/file\/vn-11134208-7ras8-m4fjzo50rgnb41@resize_w1750_nl 2x\" src=\"https:\/\/down-vn.img.susercontent.com\/file\/vn-11134208-7ras8-m4fjzo50rgnb41\" height=\"875\"><\/picture><\/div>\n<\/div>\n<\/div>\n","protected":false},"excerpt":{"rendered":"<p>LEGO CITY 60448 \u0110\u1ed3 Ch\u01a1i L\u1eafp R\u00e1p Xe Th\u1ec3 Thao M\u00e0u \u0110\u1ecf (109 chi ti\u1ebft) N\u00e0o, c\u00f9ng l\u00e1i si\u00eau xe \u0111\u1ecf Lego\u00ae City! Chi\u1ebfc si\u00eau xe b\u00f3ng b\u1ea9y n\u00e0y \u0111i k\u00e8m v\u1edbi h\u1ee3p kim si\u00eau ng\u1ea7u, l\u1ed1p xe th\u1ea5p v\u00e0 m\u1ed9t bu\u1ed3ng l\u00e1i c\u00f3 m\u00e1i che c\u00f3 th\u1ec3 m\u1edf ra \u0111\u1ec3 l\u00e1i xe mui tr\u1ea7n&#8230;.<\/p>\n","protected":false},"featured_media":14172,"comment_status":"open","ping_status":"closed","template":"","meta":[],"product_brand":[],"product_cat":[1346],"product_tag":[],"class_list":{"0":"post-14068","1":"product","2":"type-product","3":"status-publish","4":"has-post-thumbnail","6":"product_cat-do-choi-lap-rap","8":"first","9":"instock","10":"featured","11":"shipping-taxable","12":"purchasable","13":"product-type-simple"},"_links":{"self":[{"href":"https:\/\/web-ban-le.mbws.vn\/do-choi\/wp-json\/wp\/v2\/product\/14068","targetHints":{"allow":["GET"]}}],"collection":[{"href":"https:\/\/web-ban-le.mbws.vn\/do-choi\/wp-json\/wp\/v2\/product"}],"about":[{"href":"https:\/\/web-ban-le.mbws.vn\/do-choi\/wp-json\/wp\/v2\/types\/product"}],"replies":[{"embeddable":true,"href":"https:\/\/web-ban-le.mbws.vn\/do-choi\/wp-json\/wp\/v2\/comments?post=14068"}],"wp:featuredmedia":[{"embeddable":true,"href":"https:\/\/web-ban-le.mbws.vn\/do-choi\/wp-json\/wp\/v2\/media\/14172"}],"wp:attachment":[{"href":"https:\/\/web-ban-le.mbws.vn\/do-choi\/wp-json\/wp\/v2\/media?parent=14068"}],"wp:term":[{"taxonomy":"product_brand","embeddable":true,"href":"https:\/\/web-ban-le.mbws.vn\/do-choi\/wp-json\/wp\/v2\/product_brand?post=14068"},{"taxonomy":"product_cat","embeddable":true,"href":"https:\/\/web-ban-le.mbws.vn\/do-choi\/wp-json\/wp\/v2\/product_cat?post=14068"},{"taxonomy":"product_tag","embeddable":true,"href":"https:\/\/web-ban-le.mbws.vn\/do-choi\/wp-json\/wp\/v2\/product_tag?post=14068"}],"curies":[{"name":"wp","href":"https:\/\/api.w.org\/{rel}","templated":true}]}}