{"id":14069,"date":"2025-10-28T13:24:42","date_gmt":"2025-10-28T06:24:42","guid":{"rendered":"https:\/\/web-ban-le.mbws.vn\/do-choi\/?post_type=product&#038;p=14069"},"modified":"2025-11-05T08:29:28","modified_gmt":"2025-11-05T01:29:28","slug":"lego-city-60312-xe-canh-sat-94-chi-tiet","status":"publish","type":"product","link":"https:\/\/web-ban-le.mbws.vn\/do-choi\/san-pham\/lego-city-60312-xe-canh-sat-94-chi-tiet\/","title":{"rendered":"LEGO CITY 60312 Xe c\u1ea3nh s\u00e1t (94 chi ti\u1ebft)"},"content":{"rendered":"<div class=\"e8lZp3\">\n<p class=\"QN2lPu\">\u0110\u01b0a c\u00e1c b\u00e9 \u0111\u1ebfn v\u1edbi m\u1ed9t th\u1ebf gi\u1edbi vui nh\u1ed9n, s\u00f4i \u0111\u1ed9ng v\u1edbi b\u1ed9 m\u00f4 h\u00ecnh LEGO\u00ae City Xe c\u1ea3nh s\u00e1t (60312) g\u1ed3m c\u00f3 m\u1ed9t chi\u1ebfc xe tu\u1ea7n tra \u0111\u1ed3 ch\u01a1i th\u1ec3 thao c\u1ee7a c\u1ea3nh s\u00e1t v\u1edbi v\u00e0nh m\u00e1t, ch\u1eafn b\u00f9n r\u1ed9ng v\u00e0 l\u1ed1p xe b\u00e1m \u0111\u1ea5t. Ch\u1ec9 c\u1ea7n th\u00eam m\u00f4 h\u00ecnh c\u1ea3nh s\u00e1t thu nh\u1ecf v\u00e0 ho\u00e0n ch\u1ec9nh v\u1edbi m\u1ed9t ng\u1ecdn \u0111u\u1ed1c c\u00f9ng m\u0169 c\u1ea3nh s\u00e1t cho h\u00e0ng gi\u1edd h\u00e0nh \u0111\u1ed9ng truy \u0111u\u1ed5i k\u1ebb gian gi\u00e0u tr\u00ed t\u01b0\u1edfng t\u01b0\u1ee3ng! B\u1ed9 n\u00e0y cho tr\u1ebb t\u1eeb 5 tu\u1ed5i tr\u1edf l\u00ean, bao g\u1ed3m h\u01b0\u1edbng d\u1eabn l\u1eafp r\u00e1p t\u1eebng b\u01b0\u1edbc b\u1eb1ng h\u00ecnh \u1ea3nh v\u00e0 h\u01b0\u1edbng d\u1eabn k\u1ef9 thu\u1eadt s\u1ed1 t\u01b0\u01a1ng t\u00e1c c\u00f3 trong \u1ee9ng d\u1ee5ng H\u01b0\u1edbng d\u1eabn l\u1eafp r\u00e1p LEGO mi\u1ec5n ph\u00ed. H\u01b0\u1edbng d\u1eabn k\u1ef9 thu\u1eadt s\u1ed1 tr\u1ef1c quan \u0111i k\u00e8m v\u1edbi c\u00e1c c\u00f4ng c\u1ee5 thu ph\u00f3ng v\u00e0 xoay tuy\u1ec7t v\u1eddi cho ph\u00e9p tr\u1ebb h\u00ecnh dung m\u00f4 h\u00ecnh t\u1eeb m\u1ecdi g\u00f3c \u0111\u1ed9 khi l\u1eafp r\u00e1p. Ch\u00e0o m\u1eebng c\u00e1c b\u00e9 \u0111\u1ebfn v\u1edbi th\u1ebf gi\u1edbi c\u1ee7a tr\u00ed t\u01b0\u1edfng t\u01b0\u1ee3ng phong ph\u00fa. B\u1ed9 m\u00f4 h\u00ecnh LEGO City Police \u0111\u01b0a tr\u1ebb em v\u00e0o trung t\u00e2m c\u1ee7a m\u1ecdi h\u00e0nh \u0111\u1ed9ng v\u1edbi nh\u1eefng m\u00f3n \u0111\u1ed3 ch\u01a1i th\u00fa v\u1ecb gi\u00fap mang vui ch\u01a1i gi\u00e0u tr\u00ed t\u01b0\u1edfng t\u01b0\u1ee3ng v\u00e0o th\u1ef1c t\u1ebf. Tr\u1ebb em c\u00f3 th\u1ec3 kh\u00e1m ph\u00e1 th\u1ebf gi\u1edbi th\u00f4ng qua c\u00e1c k\u1ecbch b\u1ea3n vui ch\u01a1i m\u00f4 t\u1ea3 cu\u1ed9c s\u1ed1ng th\u1ef1c vui nh\u1ed9n v\u00e0 th\u00fa v\u1ecb.<\/p>\n<p class=\"QN2lPu\">M\u00f4 h\u00ecnh l\u1eafp r\u00e1p \u0111\u1ec3 vui ch\u01a1i gi\u00e0u tr\u00ed t\u01b0\u1edfng t\u01b0\u1ee3ng &#8211; Tr\u1ebb em c\u00f3 th\u1ec3 kh\u00e1m ph\u00e1 Xe c\u1ea3nh s\u00e1t \u0111\u1ed3 ch\u01a1i khi l\u1eafp r\u00e1p, tr\u01b0\u1edbc khi mang vi\u00ean c\u1ea3nh s\u00e1t \u0111\u1eb7t v\u00e0o ng\u1ed3i sau tay l\u00e1i v\u00e0 b\u1eaft \u0111\u1ea7u cu\u1ed9c phi\u00eau l\u01b0u truy \u0111u\u1ed5i k\u1ebb gian. <\/p>\n<p class=\"QN2lPu\">Th\u00f4ng tin chi ti\u1ebft:<\/p>\n<p class=\"QN2lPu\">&#8211; Ch\u1ea5t li\u1ec7u nh\u1ef1a an to\u00e0n kh\u00f4ng g\u00e2y h\u1ea1i cho s\u1ee9c kh\u1ecfe c\u1ee7a b\u00e9 khi s\u1eed d\u1ee5ng.<\/p>\n<p class=\"QN2lPu\">&#8211; \u0110\u1ed9 tu\u1ed5i ph\u00f9 h\u1ee3p: 5+.<\/p>\n<p class=\"QN2lPu\">&#8211; B\u1ed9 g\u1ed3m: 94 chi ti\u1ebft.<\/p>\n<p class=\"QN2lPu\">&#8211; Xu\u1ea5t x\u1ee9: Trung Qu\u1ed1c<\/p>\n<p class=\"QN2lPu\">&#8211; K\u00edch th\u01b0\u1edbc: 16x15x5cm<\/p>\n<div class=\"QN2lPu\">\n<div style=\"position: relative; width: 100%; padding-bottom: 86.1326%;\"><picture class=\"UkIsx8\"><source srcset=\"https:\/\/down-vn.img.susercontent.com\/file\/vn-11134202-7ras8-m2w227jt9csm34@resize_w875_nl.webp 1x, https:\/\/down-vn.img.susercontent.com\/file\/vn-11134202-7ras8-m2w227jt9csm34@resize_w1750_nl.webp 2x\" type=\"image\/webp\" class=\"UkIsx8\"><img decoding=\"async\" width=\"875\" loading=\"lazy\" class=\"uXN1L5 lazyload GqYslU\" srcset=\"https:\/\/down-vn.img.susercontent.com\/file\/vn-11134202-7ras8-m2w227jt9csm34@resize_w875_nl 1x, https:\/\/down-vn.img.susercontent.com\/file\/vn-11134202-7ras8-m2w227jt9csm34@resize_w1750_nl 2x\" src=\"https:\/\/down-vn.img.susercontent.com\/file\/vn-11134202-7ras8-m2w227jt9csm34\" height=\"754\"><\/picture><\/div>\n<\/div>\n<\/div>\n","protected":false},"excerpt":{"rendered":"<p>\u0110\u01b0a c\u00e1c b\u00e9 \u0111\u1ebfn v\u1edbi m\u1ed9t th\u1ebf gi\u1edbi vui nh\u1ed9n, s\u00f4i \u0111\u1ed9ng v\u1edbi b\u1ed9 m\u00f4 h\u00ecnh LEGO\u00ae City Xe c\u1ea3nh s\u00e1t (60312) g\u1ed3m c\u00f3 m\u1ed9t chi\u1ebfc xe tu\u1ea7n tra \u0111\u1ed3 ch\u01a1i th\u1ec3 thao c\u1ee7a c\u1ea3nh s\u00e1t v\u1edbi v\u00e0nh m\u00e1t, ch\u1eafn b\u00f9n r\u1ed9ng v\u00e0 l\u1ed1p xe b\u00e1m \u0111\u1ea5t. Ch\u1ec9 c\u1ea7n th\u00eam m\u00f4 h\u00ecnh c\u1ea3nh s\u00e1t thu&#8230;<\/p>\n","protected":false},"featured_media":14183,"comment_status":"open","ping_status":"closed","template":"","meta":[],"product_brand":[],"product_cat":[1346],"product_tag":[],"class_list":{"0":"post-14069","1":"product","2":"type-product","3":"status-publish","4":"has-post-thumbnail","6":"product_cat-do-choi-lap-rap","8":"first","9":"instock","10":"featured","11":"shipping-taxable","12":"purchasable","13":"product-type-simple"},"_links":{"self":[{"href":"https:\/\/web-ban-le.mbws.vn\/do-choi\/wp-json\/wp\/v2\/product\/14069","targetHints":{"allow":["GET"]}}],"collection":[{"href":"https:\/\/web-ban-le.mbws.vn\/do-choi\/wp-json\/wp\/v2\/product"}],"about":[{"href":"https:\/\/web-ban-le.mbws.vn\/do-choi\/wp-json\/wp\/v2\/types\/product"}],"replies":[{"embeddable":true,"href":"https:\/\/web-ban-le.mbws.vn\/do-choi\/wp-json\/wp\/v2\/comments?post=14069"}],"wp:featuredmedia":[{"embeddable":true,"href":"https:\/\/web-ban-le.mbws.vn\/do-choi\/wp-json\/wp\/v2\/media\/14183"}],"wp:attachment":[{"href":"https:\/\/web-ban-le.mbws.vn\/do-choi\/wp-json\/wp\/v2\/media?parent=14069"}],"wp:term":[{"taxonomy":"product_brand","embeddable":true,"href":"https:\/\/web-ban-le.mbws.vn\/do-choi\/wp-json\/wp\/v2\/product_brand?post=14069"},{"taxonomy":"product_cat","embeddable":true,"href":"https:\/\/web-ban-le.mbws.vn\/do-choi\/wp-json\/wp\/v2\/product_cat?post=14069"},{"taxonomy":"product_tag","embeddable":true,"href":"https:\/\/web-ban-le.mbws.vn\/do-choi\/wp-json\/wp\/v2\/product_tag?post=14069"}],"curies":[{"name":"wp","href":"https:\/\/api.w.org\/{rel}","templated":true}]}}