{"id":14070,"date":"2025-10-28T13:24:42","date_gmt":"2025-10-28T06:24:42","guid":{"rendered":"https:\/\/web-ban-le.mbws.vn\/do-choi\/?post_type=product&#038;p=14070"},"modified":"2025-11-05T08:29:28","modified_gmt":"2025-11-05T01:29:28","slug":"lego-speed-champions-77241-do-choi-lap-rap-sieu-xe-honda-s2000-300-chi-tiet","status":"publish","type":"product","link":"https:\/\/web-ban-le.mbws.vn\/do-choi\/san-pham\/lego-speed-champions-77241-do-choi-lap-rap-sieu-xe-honda-s2000-300-chi-tiet\/","title":{"rendered":"LEGO SPEED CHAMPIONS 77241 \u0110\u1ed3 Ch\u01a1i L\u1eafp R\u00e1p Si\u00eau Xe Honda S2000 (300 chi ti\u1ebft)"},"content":{"rendered":"<div class=\"e8lZp3\">\n<p class=\"QN2lPu\">LEGO SPEED CHAMPIONS 77241 \u0110\u1ed3 Ch\u01a1i L\u1eafp R\u00e1p Si\u00eau Xe Honda S2000 (300 chi ti\u1ebft)<\/p>\n<p class=\"QN2lPu\">\u25cf\tT\u00e1i hi\u1ec7n nh\u1eefng pha \u0111ua xe ngh\u1eb9t th\u1edf t\u1eeb b\u1ed9 phim \u0111\u00ecnh \u0111\u00e1m Fast &amp; Furious 2 v\u1edbi m\u00f4 h\u00ecnh si\u00eau xe Honda S2000 c\u1ef1c ng\u1ea7u \u0111\u01b0\u1ee3c l\u1eafp r\u00e1p t\u1eeb c\u00e1c m\u1ea3nh LEGO! M\u00f4 h\u00ecnh LEGO\u00ae Speed Champions \u0111\u01b0\u1ee3c thi\u1ebft k\u1ebf c\u1ef1c k\u1ef3 chi ti\u1ebft v\u1edbi nhi\u1ec1u chi ti\u1ebft ch\u00e2n th\u1ef1c t\u1eeb phi\u00ean b\u1ea3n xe nguy\u00ean m\u1eabu, cho b\u00e9 v\u00e0 ng\u01b0\u1eddi s\u01b0u t\u1ea7m v\u1eeba l\u1eafp r\u00e1p, v\u1eeba ch\u01a1i, v\u1eeba tr\u01b0ng b\u00e0y. B\u1ed9 s\u1ea3n ph\u1ea9m \u0111i k\u00e8m m\u00f4 h\u00ecnh nh\u00e2n v\u1eadt Suki \u0111\u1ec3 \u0111\u1eb7t v\u00e0o gh\u1ebf l\u00e1i v\u00e0 c\u00f9ng b\u1ee9t t\u1ed1c tr\u00ean nh\u1eefng cung \u0111\u01b0\u1eddng \u0111ua!<\/p>\n<p class=\"QN2lPu\">\u25cf\t\u0110\u1ed3 ch\u01a1i l\u1eafp r\u00e1p Si\u00eau xe Honda S2000 LEGO\u00ae Speed Champions<\/p>\n<p class=\"QN2lPu\">\u25cf\tBao g\u1ed3m m\u00f4 h\u00ecnh nh\u00e2n v\u1eadt Suki \u0111\u1ec3 \u0111\u1eb7t v\u00e0o gh\u1ebf l\u00e1i, nh\u1eadp vai \u0111ua xe c\u1ef1c ch\u1ea5t<\/p>\n<p class=\"QN2lPu\">\u25cf\tChi ti\u1ebft thi\u1ebft k\u1ebf ch\u00e2n th\u1eadt v\u1edbi h\u1ecda ti\u1ebft phong c\u00e1ch anime \u0111\u1eb7c tr\u01b0ng ph\u1ee7 kh\u1eafp th\u00e2n xe<\/p>\n<p class=\"QN2lPu\">\u25cf\tM\u00f4 h\u00ecnh xe th\u00edch h\u1ee3p \u0111\u1ec3 tr\u01b0ng b\u00e0y tr\u00ean k\u1ec7 s\u00e1ch ho\u1eb7c b\u00e0n l\u00e0m vi\u1ec7c sau khi ch\u01a1i<\/p>\n<p class=\"QN2lPu\">\u25cf\tG\u1ee3i \u00fd qu\u00e0 t\u1eb7ng tuy\u1ec7t v\u1eddi cho b\u00e9 t\u1eeb 9 tu\u1ed5i tr\u1edf l\u00ean ho\u1eb7c c\u00e1c t\u00edn \u0111\u1ed3 s\u01b0u t\u1ea7m xe m\u00f4 h\u00ecnh<\/p>\n<p class=\"QN2lPu\">\u25cf\tKh\u00e1m ph\u00e1 h\u01b0\u1edbng d\u1eabn l\u1eafp r\u00e1p 3D tr\u1ef1c quan qua \u1ee9ng d\u1ee5ng LEGO\u00ae Builder<\/p>\n<p class=\"QN2lPu\">\u25cf\tC\u00e1c b\u1ed9 LEGO\u00ae Speed Champions gi\u00fap tr\u1ebb v\u00e0 fan xe h\u01a1i l\u1eafp r\u00e1p nh\u1eefng m\u1eabu xe ch\u00e2n th\u1eadt<\/p>\n<p class=\"QN2lPu\">\u25cf\tM\u00f4 h\u00ecnh xe \u0111ua LEGO\u00ae g\u1ed3m 300 m\u1ea3nh, d\u00e0i h\u01a1n 16 cm (6.5 inch)<\/p>\n<p class=\"QN2lPu\">\u25cf\tTh\u00f4ng tin s\u1ea3n ph\u1ea9m:<\/p>\n<p class=\"QN2lPu\">&#8211;\tXu\u1ea5t x\u1ee9: Trung Qu\u1ed1c<\/p>\n<p class=\"QN2lPu\">&#8211;\tK\u00edch th\u01b0\u1edbc h\u1ed9p h\u00e0ng: 26.2&#215;14.1&#215;7.2 cm<\/p>\n<p class=\"QN2lPu\">\n<div class=\"QN2lPu\">\n<div style=\"position: relative; width: 100%; padding-bottom: 100%;\"><picture class=\"UkIsx8\"><source srcset=\"https:\/\/down-vn.img.susercontent.com\/file\/vn-11134208-7ra0g-ma77m5b6d7l47d@resize_w875_nl.webp 1x, https:\/\/down-vn.img.susercontent.com\/file\/vn-11134208-7ra0g-ma77m5b6d7l47d@resize_w1750_nl.webp 2x\" type=\"image\/webp\" class=\"UkIsx8\"><img decoding=\"async\" width=\"875\" loading=\"lazy\" class=\"uXN1L5 lazyload GqYslU\" srcset=\"https:\/\/down-vn.img.susercontent.com\/file\/vn-11134208-7ra0g-ma77m5b6d7l47d@resize_w875_nl 1x, https:\/\/down-vn.img.susercontent.com\/file\/vn-11134208-7ra0g-ma77m5b6d7l47d@resize_w1750_nl 2x\" src=\"https:\/\/down-vn.img.susercontent.com\/file\/vn-11134208-7ra0g-ma77m5b6d7l47d\" height=\"875\"><\/picture><\/div>\n<\/div>\n<div class=\"QN2lPu\">\n<div style=\"position: relative; width: 100%; padding-bottom: 100%;\"><picture class=\"UkIsx8\"><source srcset=\"https:\/\/down-vn.img.susercontent.com\/file\/vn-11134208-7ra0g-ma77m5b6em5k4d@resize_w875_nl.webp 1x, https:\/\/down-vn.img.susercontent.com\/file\/vn-11134208-7ra0g-ma77m5b6em5k4d@resize_w1750_nl.webp 2x\" type=\"image\/webp\" class=\"UkIsx8\"><img decoding=\"async\" width=\"875\" loading=\"lazy\" class=\"uXN1L5 lazyload GqYslU\" srcset=\"https:\/\/down-vn.img.susercontent.com\/file\/vn-11134208-7ra0g-ma77m5b6em5k4d@resize_w875_nl 1x, https:\/\/down-vn.img.susercontent.com\/file\/vn-11134208-7ra0g-ma77m5b6em5k4d@resize_w1750_nl 2x\" src=\"https:\/\/down-vn.img.susercontent.com\/file\/vn-11134208-7ra0g-ma77m5b6em5k4d\" height=\"875\"><\/picture><\/div>\n<\/div>\n<div class=\"QN2lPu\">\n<div style=\"position: relative; width: 100%; padding-bottom: 100%;\"><picture class=\"UkIsx8\"><source srcset=\"https:\/\/down-vn.img.susercontent.com\/file\/vn-11134208-7ra0g-ma77m5b6g0q001@resize_w875_nl.webp 1x, https:\/\/down-vn.img.susercontent.com\/file\/vn-11134208-7ra0g-ma77m5b6g0q001@resize_w1750_nl.webp 2x\" type=\"image\/webp\" class=\"UkIsx8\"><img decoding=\"async\" width=\"875\" loading=\"lazy\" class=\"uXN1L5 lazyload GqYslU\" srcset=\"https:\/\/down-vn.img.susercontent.com\/file\/vn-11134208-7ra0g-ma77m5b6g0q001@resize_w875_nl 1x, https:\/\/down-vn.img.susercontent.com\/file\/vn-11134208-7ra0g-ma77m5b6g0q001@resize_w1750_nl 2x\" src=\"https:\/\/down-vn.img.susercontent.com\/file\/vn-11134208-7ra0g-ma77m5b6g0q001\" height=\"875\"><\/picture><\/div>\n<\/div>\n<div class=\"QN2lPu\">\n<div style=\"position: relative; width: 100%; padding-bottom: 100%;\"><picture class=\"UkIsx8\"><source srcset=\"https:\/\/down-vn.img.susercontent.com\/file\/vn-11134208-7ra0g-ma77m5b6hfagaa@resize_w875_nl.webp 1x, https:\/\/down-vn.img.susercontent.com\/file\/vn-11134208-7ra0g-ma77m5b6hfagaa@resize_w1750_nl.webp 2x\" type=\"image\/webp\" class=\"UkIsx8\"><img decoding=\"async\" width=\"875\" loading=\"lazy\" class=\"uXN1L5 lazyload GqYslU\" srcset=\"https:\/\/down-vn.img.susercontent.com\/file\/vn-11134208-7ra0g-ma77m5b6hfagaa@resize_w875_nl 1x, https:\/\/down-vn.img.susercontent.com\/file\/vn-11134208-7ra0g-ma77m5b6hfagaa@resize_w1750_nl 2x\" src=\"https:\/\/down-vn.img.susercontent.com\/file\/vn-11134208-7ra0g-ma77m5b6hfagaa\" height=\"875\"><\/picture><\/div>\n<\/div>\n<div class=\"QN2lPu\">\n<div style=\"position: relative; width: 100%; padding-bottom: 100%;\"><picture class=\"UkIsx8\"><source srcset=\"https:\/\/down-vn.img.susercontent.com\/file\/vn-11134208-7ra0g-ma77m5b6ituw4d@resize_w875_nl.webp 1x, https:\/\/down-vn.img.susercontent.com\/file\/vn-11134208-7ra0g-ma77m5b6ituw4d@resize_w1750_nl.webp 2x\" type=\"image\/webp\" class=\"UkIsx8\"><img decoding=\"async\" width=\"875\" loading=\"lazy\" class=\"uXN1L5 lazyload GqYslU\" srcset=\"https:\/\/down-vn.img.susercontent.com\/file\/vn-11134208-7ra0g-ma77m5b6ituw4d@resize_w875_nl 1x, https:\/\/down-vn.img.susercontent.com\/file\/vn-11134208-7ra0g-ma77m5b6ituw4d@resize_w1750_nl 2x\" src=\"https:\/\/down-vn.img.susercontent.com\/file\/vn-11134208-7ra0g-ma77m5b6ituw4d\" height=\"875\"><\/picture><\/div>\n<\/div>\n<div class=\"QN2lPu\">\n<div style=\"position: relative; width: 100%; padding-bottom: 100%;\"><picture class=\"UkIsx8\"><source srcset=\"https:\/\/down-vn.img.susercontent.com\/file\/vn-11134208-7ra0g-ma77m5b6k8fc40@resize_w875_nl.webp 1x, https:\/\/down-vn.img.susercontent.com\/file\/vn-11134208-7ra0g-ma77m5b6k8fc40@resize_w1750_nl.webp 2x\" type=\"image\/webp\" class=\"UkIsx8\"><img decoding=\"async\" width=\"875\" loading=\"lazy\" class=\"uXN1L5 lazyload QSLoEa GqYslU\" srcset=\"https:\/\/down-vn.img.susercontent.com\/file\/vn-11134208-7ra0g-ma77m5b6k8fc40@resize_w875_nl 1x, https:\/\/down-vn.img.susercontent.com\/file\/vn-11134208-7ra0g-ma77m5b6k8fc40@resize_w1750_nl 2x\" src=\"https:\/\/down-vn.img.susercontent.com\/file\/vn-11134208-7ra0g-ma77m5b6k8fc40\" height=\"875\"><\/picture><\/div>\n<\/div>\n<\/div>\n","protected":false},"excerpt":{"rendered":"<p>LEGO SPEED CHAMPIONS 77241 \u0110\u1ed3 Ch\u01a1i L\u1eafp R\u00e1p Si\u00eau Xe Honda S2000 (300 chi ti\u1ebft) \u25cf T\u00e1i hi\u1ec7n nh\u1eefng pha \u0111ua xe ngh\u1eb9t th\u1edf t\u1eeb b\u1ed9 phim \u0111\u00ecnh \u0111\u00e1m Fast &amp; Furious 2 v\u1edbi m\u00f4 h\u00ecnh si\u00eau xe Honda S2000 c\u1ef1c ng\u1ea7u \u0111\u01b0\u1ee3c l\u1eafp r\u00e1p t\u1eeb c\u00e1c m\u1ea3nh LEGO! M\u00f4 h\u00ecnh LEGO\u00ae Speed Champions \u0111\u01b0\u1ee3c&#8230;<\/p>\n","protected":false},"featured_media":14191,"comment_status":"open","ping_status":"closed","template":"","meta":[],"product_brand":[],"product_cat":[1346],"product_tag":[],"class_list":{"0":"post-14070","1":"product","2":"type-product","3":"status-publish","4":"has-post-thumbnail","6":"product_cat-do-choi-lap-rap","8":"first","9":"instock","10":"featured","11":"shipping-taxable","12":"purchasable","13":"product-type-simple"},"_links":{"self":[{"href":"https:\/\/web-ban-le.mbws.vn\/do-choi\/wp-json\/wp\/v2\/product\/14070","targetHints":{"allow":["GET"]}}],"collection":[{"href":"https:\/\/web-ban-le.mbws.vn\/do-choi\/wp-json\/wp\/v2\/product"}],"about":[{"href":"https:\/\/web-ban-le.mbws.vn\/do-choi\/wp-json\/wp\/v2\/types\/product"}],"replies":[{"embeddable":true,"href":"https:\/\/web-ban-le.mbws.vn\/do-choi\/wp-json\/wp\/v2\/comments?post=14070"}],"wp:featuredmedia":[{"embeddable":true,"href":"https:\/\/web-ban-le.mbws.vn\/do-choi\/wp-json\/wp\/v2\/media\/14191"}],"wp:attachment":[{"href":"https:\/\/web-ban-le.mbws.vn\/do-choi\/wp-json\/wp\/v2\/media?parent=14070"}],"wp:term":[{"taxonomy":"product_brand","embeddable":true,"href":"https:\/\/web-ban-le.mbws.vn\/do-choi\/wp-json\/wp\/v2\/product_brand?post=14070"},{"taxonomy":"product_cat","embeddable":true,"href":"https:\/\/web-ban-le.mbws.vn\/do-choi\/wp-json\/wp\/v2\/product_cat?post=14070"},{"taxonomy":"product_tag","embeddable":true,"href":"https:\/\/web-ban-le.mbws.vn\/do-choi\/wp-json\/wp\/v2\/product_tag?post=14070"}],"curies":[{"name":"wp","href":"https:\/\/api.w.org\/{rel}","templated":true}]}}