{"id":14071,"date":"2025-10-28T13:24:42","date_gmt":"2025-10-28T06:24:42","guid":{"rendered":"https:\/\/web-ban-le.mbws.vn\/do-choi\/?post_type=product&#038;p=14071"},"modified":"2025-11-05T08:29:28","modified_gmt":"2025-11-05T01:29:28","slug":"lego-speed-champions-77244-do-choi-lap-rap-xe-dua-mercedes-amg-f1-w15-267-chi-tiet","status":"publish","type":"product","link":"https:\/\/web-ban-le.mbws.vn\/do-choi\/san-pham\/lego-speed-champions-77244-do-choi-lap-rap-xe-dua-mercedes-amg-f1-w15-267-chi-tiet\/","title":{"rendered":"LEGO SPEED CHAMPIONS 77244 \u0110\u1ed3 Ch\u01a1i L\u1eafp R\u00e1p Xe \u0110ua Mercedes-Amg F1-W15 (267 chi ti\u1ebft)"},"content":{"rendered":"<div class=\"e8lZp3\">\n<p class=\"QN2lPu\">LEGO SPEED CHAMPIONS 77244 \u0110\u1ed3 Ch\u01a1i L\u1eafp R\u00e1p Xe \u0110ua Mercedes-Amg F1-W15 (267 chi ti\u1ebft)<\/p>\n<p class=\"QN2lPu\">\n<p class=\"QN2lPu\">\u25cf\tH\u00e3y tham gia v\u00e0o \u0111\u01b0\u1eddng \u0111ua C\u00f4ng th\u1ee9c 1\u00ae v\u1edbi chi\u1ebfc xe \u0111ua Mercedes-Amg Petronas F1\u00ae Team \u0111\u1ea7y h\u1ea5p d\u1eabn. Thu th\u1eadp, l\u1eafp r\u00e1p, tr\u01b0ng b\u00e0y v\u00e0 th\u1ecfa s\u1ee9c \u0111ua c\u00f9ng chi\u1ebfc m\u00f4 h\u00ecnh Lego\u00ae Speed Champions tuy\u1ec7t v\u1eddi n\u00e0y, v\u1edbi nh\u1eefng chi ti\u1ebft thi\u1ebft k\u1ebf ch\u00e2n th\u1ef1c t\u1eeb chi\u1ebfc xe \u0111ua \u0111\u00e3 tham gia m\u00f9a gi\u1ea3i C\u00f4ng th\u1ee9c 1\u00ae Th\u1ebf gi\u1edbi 2024. B\u1ed9 \u0111\u1ed3 ch\u01a1i c\u0169ng bao g\u1ed3m m\u1ed9t nh\u00e2n v\u1eadt l\u00e1i xe c\u1ee7a \u0111\u1ed9i Mercedes-Amg Petronas F1 \u0111\u1ec3 t\u00e1i hi\u1ec7n nh\u1eefng pha h\u00e0nh \u0111\u1ed9ng trong F1.<\/p>\n<p class=\"QN2lPu\">\u25cf\t<\/p>\n<p class=\"QN2lPu\">\u25cf\t\u0110\u1ed3 ch\u01a1i xe Lego\u00ae Speed Champions Mercedes-Amg Petronas F1\u00ae Team<\/p>\n<p class=\"QN2lPu\">\u25cf\tBao g\u1ed3m nh\u00e2n v\u1eadt mini l\u00e1i xe c\u1ee7a \u0111\u1ed9i Mercedes-Amg Petronas F1\u00ae<\/p>\n<p class=\"QN2lPu\">\u25cf\tM\u00f4 h\u00ecnh c\u00f3 th\u1ec3 l\u1eafp r\u00e1p v\u1edbi c\u00e1c chi ti\u1ebft thi\u1ebft k\u1ebf ch\u00ednh x\u00e1c t\u1eeb \u0111\u1ed9i Mercedes-Amg Petronas F1\u00ae<\/p>\n<p class=\"QN2lPu\">\u25cf\tKh\u00e1m ph\u00e1 th\u00eam c\u00e1c m\u00f4 h\u00ecnh kh\u00e1c trong b\u1ed9 Lego\u00ae F1\u00ae, b\u00e1n ri\u00eang<\/p>\n<p class=\"QN2lPu\">\u25cf\t\u0110\u1ed3 ch\u01a1i xe Lego\u00ae c\u00f3 th\u1ec3 tr\u01b0ng b\u00e0y tr\u00ean k\u1ec7 ho\u1eb7c b\u00e0n \u0111\u1ea7u gi\u01b0\u1eddng sau khi ch\u01a1i<\/p>\n<p class=\"QN2lPu\">\u25cf\t\u00dd t\u01b0\u1edfng qu\u00e0 t\u1eb7ng F1\u00ae cho tr\u1ebb em t\u1eeb 10 tu\u1ed5i tr\u1edf l\u00ean v\u00e0 c\u00e1c nh\u00e0 s\u01b0u t\u1eadp m\u00f4 h\u00ecnh xe \u00f4 t\u00f4 ng\u01b0\u1eddi l\u1edbn<\/p>\n<p class=\"QN2lPu\">\u25cf\tC\u00e1c b\u1ed9 Lego\u00ae Speed Champions gi\u00fap tr\u1ebb em v\u00e0 nh\u1eefng ng\u01b0\u1eddi y\u00eau th\u00edch xe \u00f4 t\u00f4 l\u1eafp r\u00e1p c\u00e1c m\u00f4 h\u00ecnh ch\u00e2n th\u1ef1c<\/p>\n<p class=\"QN2lPu\">\u25cf\tM\u00f4 h\u00ecnh xe Lego\u00ae c\u00f3 th\u1ec3 l\u1eafp r\u00e1p g\u1ed3m 267 m\u1ea3nh, d\u00e0i h\u01a1n 20 cm (8 inch)<\/p>\n<p class=\"QN2lPu\">\u25cf\tTh\u00f4ng tin s\u1ea3n ph\u1ea9m:<\/p>\n<p class=\"QN2lPu\">&#8211;\tXu\u1ea5t x\u1ee9: Trung Qu\u1ed1c<\/p>\n<p class=\"QN2lPu\">&#8211;\tK\u00edch th\u01b0\u1edbc h\u1ed9p h\u00e0ng: 26.2&#215;14.1&#215;4.8 cm<\/p>\n<p class=\"QN2lPu\">\n<div class=\"QN2lPu\">\n<div style=\"position: relative; width: 100%; padding-bottom: 100%;\"><picture class=\"UkIsx8\"><source srcset=\"https:\/\/down-vn.img.susercontent.com\/file\/vn-11134208-7ra0g-m6hz69lwbqrc66@resize_w875_nl.webp 1x, https:\/\/down-vn.img.susercontent.com\/file\/vn-11134208-7ra0g-m6hz69lwbqrc66@resize_w1750_nl.webp 2x\" type=\"image\/webp\" class=\"UkIsx8\"><img decoding=\"async\" width=\"875\" loading=\"lazy\" class=\"uXN1L5 lazyload GqYslU\" srcset=\"https:\/\/down-vn.img.susercontent.com\/file\/vn-11134208-7ra0g-m6hz69lwbqrc66@resize_w875_nl 1x, https:\/\/down-vn.img.susercontent.com\/file\/vn-11134208-7ra0g-m6hz69lwbqrc66@resize_w1750_nl 2x\" src=\"https:\/\/down-vn.img.susercontent.com\/file\/vn-11134208-7ra0g-m6hz69lwbqrc66\" height=\"875\"><\/picture><\/div>\n<\/div>\n<div class=\"QN2lPu\">\n<div style=\"position: relative; width: 100%; padding-bottom: 100%;\"><picture class=\"UkIsx8\"><source srcset=\"https:\/\/down-vn.img.susercontent.com\/file\/vn-11134208-7ra0g-m6hz6htebbco79@resize_w875_nl.webp 1x, https:\/\/down-vn.img.susercontent.com\/file\/vn-11134208-7ra0g-m6hz6htebbco79@resize_w1750_nl.webp 2x\" type=\"image\/webp\" class=\"UkIsx8\"><img decoding=\"async\" width=\"875\" loading=\"lazy\" class=\"uXN1L5 lazyload GqYslU\" srcset=\"https:\/\/down-vn.img.susercontent.com\/file\/vn-11134208-7ra0g-m6hz6htebbco79@resize_w875_nl 1x, https:\/\/down-vn.img.susercontent.com\/file\/vn-11134208-7ra0g-m6hz6htebbco79@resize_w1750_nl 2x\" src=\"https:\/\/down-vn.img.susercontent.com\/file\/vn-11134208-7ra0g-m6hz6htebbco79\" height=\"875\"><\/picture><\/div>\n<\/div>\n<div class=\"QN2lPu\">\n<div style=\"position: relative; width: 100%; padding-bottom: 100%;\"><picture class=\"UkIsx8\"><source srcset=\"https:\/\/down-vn.img.susercontent.com\/file\/vn-11134208-7ra0g-m6hz6lqcmgd461@resize_w875_nl.webp 1x, https:\/\/down-vn.img.susercontent.com\/file\/vn-11134208-7ra0g-m6hz6lqcmgd461@resize_w1750_nl.webp 2x\" type=\"image\/webp\" class=\"UkIsx8\"><img decoding=\"async\" width=\"875\" loading=\"lazy\" class=\"uXN1L5 lazyload GqYslU\" srcset=\"https:\/\/down-vn.img.susercontent.com\/file\/vn-11134208-7ra0g-m6hz6lqcmgd461@resize_w875_nl 1x, https:\/\/down-vn.img.susercontent.com\/file\/vn-11134208-7ra0g-m6hz6lqcmgd461@resize_w1750_nl 2x\" src=\"https:\/\/down-vn.img.susercontent.com\/file\/vn-11134208-7ra0g-m6hz6lqcmgd461\" height=\"875\"><\/picture><\/div>\n<\/div>\n<div class=\"QN2lPu\">\n<div style=\"position: relative; width: 100%; padding-bottom: 100%;\"><picture class=\"UkIsx8\"><source srcset=\"https:\/\/down-vn.img.susercontent.com\/file\/vn-11134208-7ra0g-m6hz6lrgm8fs9a@resize_w875_nl.webp 1x, https:\/\/down-vn.img.susercontent.com\/file\/vn-11134208-7ra0g-m6hz6lrgm8fs9a@resize_w1750_nl.webp 2x\" type=\"image\/webp\" class=\"UkIsx8\"><img decoding=\"async\" width=\"875\" loading=\"lazy\" class=\"uXN1L5 lazyload GqYslU\" srcset=\"https:\/\/down-vn.img.susercontent.com\/file\/vn-11134208-7ra0g-m6hz6lrgm8fs9a@resize_w875_nl 1x, https:\/\/down-vn.img.susercontent.com\/file\/vn-11134208-7ra0g-m6hz6lrgm8fs9a@resize_w1750_nl 2x\" src=\"https:\/\/down-vn.img.susercontent.com\/file\/vn-11134208-7ra0g-m6hz6lrgm8fs9a\" height=\"875\"><\/picture><\/div>\n<\/div>\n<div class=\"QN2lPu\">\n<div style=\"position: relative; width: 100%; padding-bottom: 100%;\"><picture class=\"UkIsx8\"><source srcset=\"https:\/\/down-vn.img.susercontent.com\/file\/vn-11134208-7ra0g-m6hz6pg35c9keb@resize_w875_nl.webp 1x, https:\/\/down-vn.img.susercontent.com\/file\/vn-11134208-7ra0g-m6hz6pg35c9keb@resize_w1750_nl.webp 2x\" type=\"image\/webp\" class=\"UkIsx8\"><img decoding=\"async\" width=\"875\" loading=\"lazy\" class=\"uXN1L5 lazyload GqYslU\" srcset=\"https:\/\/down-vn.img.susercontent.com\/file\/vn-11134208-7ra0g-m6hz6pg35c9keb@resize_w875_nl 1x, https:\/\/down-vn.img.susercontent.com\/file\/vn-11134208-7ra0g-m6hz6pg35c9keb@resize_w1750_nl 2x\" src=\"https:\/\/down-vn.img.susercontent.com\/file\/vn-11134208-7ra0g-m6hz6pg35c9keb\" height=\"875\"><\/picture><\/div>\n<\/div>\n<div class=\"QN2lPu\">\n<div style=\"position: relative; width: 100%; padding-bottom: 100%;\"><picture class=\"UkIsx8\"><source srcset=\"https:\/\/down-vn.img.susercontent.com\/file\/vn-11134208-7ra0g-m6hz6pg35c8o4f@resize_w875_nl.webp 1x, https:\/\/down-vn.img.susercontent.com\/file\/vn-11134208-7ra0g-m6hz6pg35c8o4f@resize_w1750_nl.webp 2x\" type=\"image\/webp\" class=\"UkIsx8\"><img decoding=\"async\" width=\"875\" loading=\"lazy\" class=\"uXN1L5 lazyload GqYslU\" srcset=\"https:\/\/down-vn.img.susercontent.com\/file\/vn-11134208-7ra0g-m6hz6pg35c8o4f@resize_w875_nl 1x, https:\/\/down-vn.img.susercontent.com\/file\/vn-11134208-7ra0g-m6hz6pg35c8o4f@resize_w1750_nl 2x\" src=\"https:\/\/down-vn.img.susercontent.com\/file\/vn-11134208-7ra0g-m6hz6pg35c8o4f\" height=\"875\"><\/picture><\/div>\n<\/div>\n<div class=\"QN2lPu\">\n<div style=\"position: relative; width: 100%; padding-bottom: 100%;\"><picture class=\"UkIsx8\"><source srcset=\"https:\/\/down-vn.img.susercontent.com\/file\/vn-11134208-7ra0g-m6hz6twqm8uw06@resize_w875_nl.webp 1x, https:\/\/down-vn.img.susercontent.com\/file\/vn-11134208-7ra0g-m6hz6twqm8uw06@resize_w1750_nl.webp 2x\" type=\"image\/webp\" class=\"UkIsx8\"><img decoding=\"async\" width=\"875\" loading=\"lazy\" class=\"uXN1L5 lazyload QSLoEa GqYslU\" srcset=\"https:\/\/down-vn.img.susercontent.com\/file\/vn-11134208-7ra0g-m6hz6twqm8uw06@resize_w875_nl 1x, https:\/\/down-vn.img.susercontent.com\/file\/vn-11134208-7ra0g-m6hz6twqm8uw06@resize_w1750_nl 2x\" src=\"https:\/\/down-vn.img.susercontent.com\/file\/vn-11134208-7ra0g-m6hz6twqm8uw06\" height=\"875\"><\/picture><\/div>\n<\/div>\n<div class=\"QN2lPu\">\n<div style=\"position: relative; width: 100%; padding-bottom: 100%;\"><picture class=\"UkIsx8\"><source srcset=\"https:\/\/down-vn.img.susercontent.com\/file\/vn-11134208-7ra0g-m6hz6zbsoswo90@resize_w875_nl.webp 1x, https:\/\/down-vn.img.susercontent.com\/file\/vn-11134208-7ra0g-m6hz6zbsoswo90@resize_w1750_nl.webp 2x\" type=\"image\/webp\" class=\"UkIsx8\"><img decoding=\"async\" width=\"875\" loading=\"lazy\" class=\"uXN1L5 lazyload QSLoEa GqYslU\" srcset=\"https:\/\/down-vn.img.susercontent.com\/file\/vn-11134208-7ra0g-m6hz6zbsoswo90@resize_w875_nl 1x, https:\/\/down-vn.img.susercontent.com\/file\/vn-11134208-7ra0g-m6hz6zbsoswo90@resize_w1750_nl 2x\" src=\"https:\/\/down-vn.img.susercontent.com\/file\/vn-11134208-7ra0g-m6hz6zbsoswo90\" height=\"875\"><\/picture><\/div>\n<\/div>\n<p class=\"QN2lPu\">\n<\/div>\n","protected":false},"excerpt":{"rendered":"<p>LEGO SPEED CHAMPIONS 77244 \u0110\u1ed3 Ch\u01a1i L\u1eafp R\u00e1p Xe \u0110ua Mercedes-Amg F1-W15 (267 chi ti\u1ebft) \u25cf H\u00e3y tham gia v\u00e0o \u0111\u01b0\u1eddng \u0111ua C\u00f4ng th\u1ee9c 1\u00ae v\u1edbi chi\u1ebfc xe \u0111ua Mercedes-Amg Petronas F1\u00ae Team \u0111\u1ea7y h\u1ea5p d\u1eabn. Thu th\u1eadp, l\u1eafp r\u00e1p, tr\u01b0ng b\u00e0y v\u00e0 th\u1ecfa s\u1ee9c \u0111ua c\u00f9ng chi\u1ebfc m\u00f4 h\u00ecnh Lego\u00ae Speed Champions tuy\u1ec7t v\u1eddi&#8230;<\/p>\n","protected":false},"featured_media":14198,"comment_status":"open","ping_status":"closed","template":"","meta":[],"product_brand":[],"product_cat":[1346],"product_tag":[],"class_list":{"0":"post-14071","1":"product","2":"type-product","3":"status-publish","4":"has-post-thumbnail","6":"product_cat-do-choi-lap-rap","8":"first","9":"instock","10":"featured","11":"shipping-taxable","12":"purchasable","13":"product-type-simple"},"_links":{"self":[{"href":"https:\/\/web-ban-le.mbws.vn\/do-choi\/wp-json\/wp\/v2\/product\/14071","targetHints":{"allow":["GET"]}}],"collection":[{"href":"https:\/\/web-ban-le.mbws.vn\/do-choi\/wp-json\/wp\/v2\/product"}],"about":[{"href":"https:\/\/web-ban-le.mbws.vn\/do-choi\/wp-json\/wp\/v2\/types\/product"}],"replies":[{"embeddable":true,"href":"https:\/\/web-ban-le.mbws.vn\/do-choi\/wp-json\/wp\/v2\/comments?post=14071"}],"wp:featuredmedia":[{"embeddable":true,"href":"https:\/\/web-ban-le.mbws.vn\/do-choi\/wp-json\/wp\/v2\/media\/14198"}],"wp:attachment":[{"href":"https:\/\/web-ban-le.mbws.vn\/do-choi\/wp-json\/wp\/v2\/media?parent=14071"}],"wp:term":[{"taxonomy":"product_brand","embeddable":true,"href":"https:\/\/web-ban-le.mbws.vn\/do-choi\/wp-json\/wp\/v2\/product_brand?post=14071"},{"taxonomy":"product_cat","embeddable":true,"href":"https:\/\/web-ban-le.mbws.vn\/do-choi\/wp-json\/wp\/v2\/product_cat?post=14071"},{"taxonomy":"product_tag","embeddable":true,"href":"https:\/\/web-ban-le.mbws.vn\/do-choi\/wp-json\/wp\/v2\/product_tag?post=14071"}],"curies":[{"name":"wp","href":"https:\/\/api.w.org\/{rel}","templated":true}]}}