{"id":14072,"date":"2025-10-28T13:24:43","date_gmt":"2025-10-28T06:24:43","guid":{"rendered":"https:\/\/web-ban-le.mbws.vn\/do-choi\/?post_type=product&#038;p=14072"},"modified":"2025-11-05T08:29:28","modified_gmt":"2025-11-05T01:29:28","slug":"lego-duplo-10954-tau-lua-hoc-dem-so-23-chi-tiet","status":"publish","type":"product","link":"https:\/\/web-ban-le.mbws.vn\/do-choi\/san-pham\/lego-duplo-10954-tau-lua-hoc-dem-so-23-chi-tiet\/","title":{"rendered":"LEGO DUPLO 10954 T\u00e0u l\u1eeda h\u1ecdc \u0111\u1ebfm s\u1ed1 (23 chi ti\u1ebft)"},"content":{"rendered":"<div class=\"e8lZp3\">\n<p class=\"QN2lPu\">LEGO DUPLO 10954 T\u00e0u l\u1eeda h\u1ecdc \u0111\u1ebfm s\u1ed1 (23 chi ti\u1ebft<\/p>\n<p class=\"QN2lPu\">B\u1eaft t\u00e0u LEGO DUPLO 10954 T\u00e0u l\u1eeda h\u1ecdc \u0111\u1ebfm s\u1ed1 (23 chi ti\u1ebft) m\u1edbi \u0111\u1ea7y m\u00e0u s\u1eafc. V\u1edbi 10 vi\u00ean g\u1ea1ch s\u1ed1 \u0111\u1ec3 tr\u1ebb m\u1edbi bi\u1ebft \u0111i c\u00f3 th\u1ec3 vui ch\u01a1i th\u1ecfa th\u00edch. Tr\u1ebb m\u1edbi bi\u1ebft \u0111i c\u00f3 th\u1ec3 \u0111\u1eb7t c\u00e1c vi\u00ean g\u1ea1ch s\u1ed1 l\u00ean v\u00e0 ra kh\u1ecfi toa xe, x\u1ebfp ch\u00fang theo \u0111\u00fang th\u1ee9 t\u1ef1 v\u00e0 x\u00e2y ch\u00fang l\u1ea1i v\u1edbi nhau th\u00e0nh m\u1ed9t b\u1ee9c t\u01b0\u1eddng s\u1ed1. V\u1edbi b\u00e1nh xe di chuy\u1ec3n, m\u00e1i che m\u1edf v\u00e0 c\u00e1c nh\u00e2n v\u1eadt DUPLO th\u00e2n thi\u1ec7n \u0111\u1ec3 chia s\u1ebb ni\u1ec1m vui, Chuy\u1ebfn t\u00e0u s\u1ed1 s\u1ebd \u0111\u01b0a tr\u1ebb m\u1edbi bi\u1ebft \u0111i c\u1ee7a b\u1ea1n \u0111\u1ebfn m\u1ed9t th\u1ebf gi\u1edbi ch\u01a1i gi\u00e0u tr\u00ed t\u01b0\u1edfng t\u01b0\u1ee3ng v\u00e0 ph\u00e1t tri\u1ec3n! \u0110\u1ed3 ch\u01a1i gi\u00e1o d\u1ee5c th\u1ef1c h\u00e0nh tuy\u1ec7t v\u1eddi cho tr\u1ebb m\u1edbi bi\u1ebft \u0111i \u0110\u1ed3 ch\u01a1i LEGO DUPLO \u0111\u1eb7t ni\u1ec1m vui, s\u1ef1 t\u1ef1 th\u1ec3 hi\u1ec7n b\u1ea3n th\u00e2n v\u00e0 vi\u1ec7c h\u1ecdc t\u1eadp vui v\u1ebb v\u00e0o tay tr\u1ebb m\u1eabu gi\u00e1o. V\u1edbi v\u1edf k\u1ecbch DUPLO, cha m\u1eb9 v\u00e0 tr\u1ebb nh\u1ecf c\u00f3 th\u1ec3 chia s\u1ebb nh\u1eefng c\u1ed9t m\u1ed1c ph\u00e1t tri\u1ec3n qu\u00fd gi\u00e1 khi h\u1ecd c\u00f9ng nhau x\u00e2y d\u1ef1ng.<\/p>\n<p class=\"QN2lPu\">\u2022 Gi\u00fap tr\u1ebb m\u1edbi bi\u1ebft \u0111i l\u00e0m quen c\u00e1c con s\u1ed1 v\u1edbi LEGO DUPLO 10954 T\u00e0u l\u1eeda h\u1ecdc \u0111\u1ebfm s\u1ed1 (23 chi ti\u1ebft) \u2022 Phi\u00ean b\u1ea3n m\u1edbi gi\u00e0u t\u00ednh bi\u1ec3u t\u01b0\u1ee3ng mang \u0111\u1ebfn ni\u1ec1m vui h\u1ecdc t\u1eadp \u0111\u1ea7y m\u00e0u s\u1eafc h\u01a1n bao gi\u1edd h\u1ebft. <\/p>\n<p class=\"QN2lPu\">\u2022 Bao g\u1ed3m 10 vi\u00ean g\u1ea1ch s\u1ed1 \u0111\u01b0\u1ee3c mang trong c\u00e1c toa c\u1ee7a \u0111o\u00e0n t\u00e0u \u0111\u1ea9y, c\u00f9ng v\u1edbi c\u00e1c nh\u00e2n v\u1eadt LEGO\u00ae DUPLO\u00ae c\u1ee7a c\u1eadu b\u00e9, c\u00f4 g\u00e1i v\u00e0 ch\u00fa ch\u00f3 \u0111\u1ec3 truy\u1ec1n c\u1ea3m h\u1ee9ng cho c\u00e1ch nh\u1eadp vai gi\u00e0u tr\u00ed t\u01b0\u1edfng t\u01b0\u1ee3ng. <\/p>\n<p class=\"QN2lPu\">\u2022 Tr\u1ebb m\u1edbi bi\u1ebft \u0111i c\u1ea3i thi\u1ec7n k\u1ef9 n\u0103ng v\u1eadn \u0111\u1ed9ng c\u1ee7a m\u00ecnh khi l\u00e1i t\u00e0u sau \u0111\u00f3 x\u1ebfp, d\u1ee1, x\u1ebfp v\u00e0 ph\u00e2n lo\u1ea1i c\u00e1c vi\u00ean g\u1ea1ch s\u1ed1. Khi tr\u1ebb kh\u00e1m ph\u00e1 c\u00e1c kh\u1ea3 n\u0103ng ch\u01a1i, ch\u00fang c\u0169ng kh\u00e1m ph\u00e1 ra m\u00e0u s\u1eafc v\u00e0 c\u00e1c con s\u1ed1. <\/p>\n<p class=\"QN2lPu\">\u2022 V\u1edbi c\u00e1c nh\u00e2n v\u1eadt d\u1ec5 th\u01b0\u01a1ng v\u00e0 c\u00e1c kh\u1ed1i h\u00ecnh nhi\u1ec1u m\u00e0u s\u1eafc, d\u1ec5 x\u1eed l\u00fd, Number Train l\u00fd t\u01b0\u1edfng cho tr\u1ebb m\u1edbi bi\u1ebft \u0111i t\u1eeb 18 th\u00e1ng tu\u1ed5i tr\u1edf l\u00ean &#8211; v\u00e0 cho c\u00e1c b\u1eadc cha m\u1eb9 mu\u1ed1n chia s\u1ebb c\u00e1c m\u1ed1c ph\u00e1t tri\u1ec3n c\u1ee7a tr\u1ebb m\u1eabu gi\u00e1o. <\/p>\n<p class=\"QN2lPu\">\u2022 B\u1ed9 Lego c\u00f3 k\u00edch th\u01b0\u1edbc cao h\u01a1n 3,5 inch (10 cm) v\u00e0 d\u00e0i 18,5 inch (47 cm) v\u00e0 d\u1ec5 d\u00e0ng k\u1ebft h\u1ee3p v\u1edbi c\u00e1c b\u1ed9 LEGO\u00ae DUPLO\u00ae kh\u00e1c \u0111\u1ec3 truy\u1ec1n c\u1ea3m h\u1ee9ng cho kh\u1ea3 n\u0103ng ch\u01a1i gi\u00e0u tr\u00ed t\u01b0\u1edfng t\u01b0\u1ee3ng h\u01a1n n\u1eefa. <\/p>\n<p class=\"QN2lPu\">\u2022 T\u1ea5t c\u1ea3 c\u00e1c b\u1ed9 \u0111\u1ed3 ch\u01a1i LEGO\u00ae DUPLO\u00ae \u0111\u1ec1u \u0111\u01b0\u1ee3c thi\u1ebft k\u1ebf chuy\u00ean nghi\u1ec7p v\u1edbi c\u00e1c t\u00ednh n\u0103ng gi\u00e0u tr\u00ed t\u01b0\u1edfng t\u01b0\u1ee3ng \u0111\u1ec3 khuy\u1ebfn kh\u00edch tr\u00f2 ch\u01a1i ph\u00e1t tri\u1ec3n c\u00f3 k\u1ebft th\u00fac m\u1edf m\u00e0 cha m\u1eb9 c\u00f3 th\u1ec3 chia s\u1ebb v\u1edbi nh\u1eefng \u0111\u1ee9a con nh\u1ecf c\u1ee7a h\u1ecd. <\/p>\n<p class=\"QN2lPu\">\u2022 B\u1ed9 \u0111\u1ed3 ch\u01a1i LEGO\u00ae DUPLO\u00ae \u0111\u00e1p \u1ee9ng c\u00e1c ti\u00eau chu\u1ea9n ch\u1ea5t l\u01b0\u1ee3ng nghi\u00eam ng\u1eb7t c\u1ee7a ng\u00e0nh \u0111\u1ec3 \u0111\u1ea3m b\u1ea3o c\u00e1c ng\u00f3n tay b\u00e9 x\u00edu d\u1ec5 d\u00e0ng vui ch\u01a1i, c\u1ea7m n\u1eafm. <\/p>\n<p class=\"QN2lPu\">\u2022 C\u00e1c vi\u00ean g\u1ea1ch v\u00e0 m\u1ea3nh LEGO\u00ae DUPLO\u00ae \u0111\u01b0\u1ee3c ph\u00e2n t\u00edch \u0111\u1ec3 \u0111\u1ea3m b\u1ea3o ch\u00fang \u0111\u00e1p \u1ee9ng c\u00e1c ti\u00eau chu\u1ea9n kh\u1eaft khe v\u1ec1 an to\u00e0n cho tr\u1ebb em.<\/p>\n<p class=\"QN2lPu\">Th\u00f4ng tin chi ti\u1ebft: <\/p>\n<p class=\"QN2lPu\">&#8211; Ch\u1ea5t li\u1ec7u nh\u1ef1a an to\u00e0n kh\u00f4ng g\u00e2y h\u1ea1i cho s\u1ee9c kh\u1ecfe c\u1ee7a b\u00e9 khi s\u1eed d\u1ee5ng. <\/p>\n<p class=\"QN2lPu\">&#8211; \u0110\u1ed9 tu\u1ed5i ph\u00f9 h\u1ee3p: 18 th\u00e1ng + <\/p>\n<p class=\"QN2lPu\">&#8211; B\u1ed9 g\u1ed3m: 23 chi ti\u1ebft.<\/p>\n<p class=\"QN2lPu\">&#8211; Xu\u1ea5t x\u1ee9: Trung Qu\u1ed1c<\/p>\n<p class=\"QN2lPu\">&#8211; K\u00edch th\u01b0\u1edbc: 35x9x19cm<\/p>\n<div class=\"QN2lPu\">\n<div style=\"position: relative; width: 100%; padding-bottom: 85.8369%;\"><picture class=\"UkIsx8\"><source srcset=\"https:\/\/down-vn.img.susercontent.com\/file\/vn-11134208-7r98o-lykdvci7rhotb7@resize_w875_nl.webp 1x, https:\/\/down-vn.img.susercontent.com\/file\/vn-11134208-7r98o-lykdvci7rhotb7@resize_w1750_nl.webp 2x\" type=\"image\/webp\" class=\"UkIsx8\"><img decoding=\"async\" width=\"875\" loading=\"lazy\" class=\"uXN1L5 lazyload GqYslU\" srcset=\"https:\/\/down-vn.img.susercontent.com\/file\/vn-11134208-7r98o-lykdvci7rhotb7@resize_w875_nl 1x, https:\/\/down-vn.img.susercontent.com\/file\/vn-11134208-7r98o-lykdvci7rhotb7@resize_w1750_nl 2x\" src=\"https:\/\/down-vn.img.susercontent.com\/file\/vn-11134208-7r98o-lykdvci7rhotb7\" height=\"751\"><\/picture><\/div>\n<\/div>\n<\/div>\n","protected":false},"excerpt":{"rendered":"<p>LEGO DUPLO 10954 T\u00e0u l\u1eeda h\u1ecdc \u0111\u1ebfm s\u1ed1 (23 chi ti\u1ebft B\u1eaft t\u00e0u LEGO DUPLO 10954 T\u00e0u l\u1eeda h\u1ecdc \u0111\u1ebfm s\u1ed1 (23 chi ti\u1ebft) m\u1edbi \u0111\u1ea7y m\u00e0u s\u1eafc. V\u1edbi 10 vi\u00ean g\u1ea1ch s\u1ed1 \u0111\u1ec3 tr\u1ebb m\u1edbi bi\u1ebft \u0111i c\u00f3 th\u1ec3 vui ch\u01a1i th\u1ecfa th\u00edch. Tr\u1ebb m\u1edbi bi\u1ebft \u0111i c\u00f3 th\u1ec3 \u0111\u1eb7t c\u00e1c vi\u00ean g\u1ea1ch s\u1ed1&#8230;<\/p>\n","protected":false},"featured_media":14207,"comment_status":"open","ping_status":"closed","template":"","meta":[],"product_brand":[],"product_cat":[1346],"product_tag":[],"class_list":{"0":"post-14072","1":"product","2":"type-product","3":"status-publish","4":"has-post-thumbnail","6":"product_cat-do-choi-lap-rap","8":"first","9":"instock","10":"sale","11":"featured","12":"shipping-taxable","13":"purchasable","14":"product-type-simple"},"_links":{"self":[{"href":"https:\/\/web-ban-le.mbws.vn\/do-choi\/wp-json\/wp\/v2\/product\/14072","targetHints":{"allow":["GET"]}}],"collection":[{"href":"https:\/\/web-ban-le.mbws.vn\/do-choi\/wp-json\/wp\/v2\/product"}],"about":[{"href":"https:\/\/web-ban-le.mbws.vn\/do-choi\/wp-json\/wp\/v2\/types\/product"}],"replies":[{"embeddable":true,"href":"https:\/\/web-ban-le.mbws.vn\/do-choi\/wp-json\/wp\/v2\/comments?post=14072"}],"wp:featuredmedia":[{"embeddable":true,"href":"https:\/\/web-ban-le.mbws.vn\/do-choi\/wp-json\/wp\/v2\/media\/14207"}],"wp:attachment":[{"href":"https:\/\/web-ban-le.mbws.vn\/do-choi\/wp-json\/wp\/v2\/media?parent=14072"}],"wp:term":[{"taxonomy":"product_brand","embeddable":true,"href":"https:\/\/web-ban-le.mbws.vn\/do-choi\/wp-json\/wp\/v2\/product_brand?post=14072"},{"taxonomy":"product_cat","embeddable":true,"href":"https:\/\/web-ban-le.mbws.vn\/do-choi\/wp-json\/wp\/v2\/product_cat?post=14072"},{"taxonomy":"product_tag","embeddable":true,"href":"https:\/\/web-ban-le.mbws.vn\/do-choi\/wp-json\/wp\/v2\/product_tag?post=14072"}],"curies":[{"name":"wp","href":"https:\/\/api.w.org\/{rel}","templated":true}]}}