{"id":14073,"date":"2025-10-28T13:24:43","date_gmt":"2025-10-28T06:24:43","guid":{"rendered":"https:\/\/web-ban-le.mbws.vn\/do-choi\/?post_type=product&#038;p=14073"},"modified":"2025-11-05T08:29:28","modified_gmt":"2025-11-05T01:29:28","slug":"lego-speed-champions-77243-do-choi-lap-rap-xe-dua-oracle-red-bull-rb20-f1-251-chi-tiet","status":"publish","type":"product","link":"https:\/\/web-ban-le.mbws.vn\/do-choi\/san-pham\/lego-speed-champions-77243-do-choi-lap-rap-xe-dua-oracle-red-bull-rb20-f1-251-chi-tiet\/","title":{"rendered":"LEGO SPEED CHAMPIONS 77243 \u0110\u1ed3 Ch\u01a1i L\u1eafp R\u00e1p Xe \u0110ua Oracle Red Bull Rb20 F1 (251 chi ti\u1ebft)"},"content":{"rendered":"<div class=\"e8lZp3\">\n<p class=\"QN2lPu\">LEGO SPEED CHAMPIONS 77243 \u0110\u1ed3 Ch\u01a1i L\u1eafp R\u00e1p Xe \u0110ua Oracle Red Bull Rb20 F1 (251 chi ti\u1ebft)<\/p>\n<p class=\"QN2lPu\">\u25cf        H\u00e3y th\u1ec3 hi\u1ec7n ni\u1ec1m \u0111am m\u00ea \u0111ua xe C\u00f4ng th\u1ee9c 1\u00ae c\u1ee7a b\u1ea1n v\u1edbi b\u1ed9 x\u1ebfp h\u00ecnh Lego\u00ae Speed Champions Oracle Red Bull Racing RB20 F1\u00ae d\u00e0nh cho ng\u01b0\u1eddi l\u1edbn. Thu th\u1eadp, l\u1eafp r\u00e1p v\u00e0 tr\u01b0ng b\u00e0y m\u00f4 h\u00ecnh \u1ea5n t\u01b0\u1ee3ng n\u00e0y v\u1edbi nh\u1eefng chi ti\u1ebft thi\u1ebft k\u1ebf ch\u00e2n th\u1ef1c l\u1ea5y c\u1ea3m h\u1ee9ng t\u1eeb chi\u1ebfc xe \u0111ua \u0111\u00e3 tham gia m\u00f9a gi\u1ea3i Gi\u1ea3i v\u00f4 \u0111\u1ecbch Th\u1ebf gi\u1edbi C\u00f4ng th\u1ee9c 1\u00ae n\u0103m 2024. B\u1ed9 x\u1ebfp h\u00ecnh c\u00f2n bao g\u1ed3m m\u1ed9t nh\u00e2n v\u1eadt tay l\u00e1i Red Bull \u0111\u1ec3 b\u1ea1n \u0111\u1eb7t v\u00e0o trong bu\u1ed3ng l\u00e1i c\u1ee7a xe..<\/p>\n<p class=\"QN2lPu\">\u25cf        Lego\u00ae Speed Champions Oracle Red Bull Racing RB20 F1\u00ae d\u00e0nh cho ng\u01b0\u1eddi l\u1edbn<\/p>\n<p class=\"QN2lPu\">\u25cf        Chi ti\u1ebft thi\u1ebft k\u1ebf F1\u00ae Red Bull ch\u00e2n th\u1ef1c, bao g\u1ed3m thanh halo v\u00e0 l\u1ed1p sau r\u1ed9ng h\u01a1n<\/p>\n<p class=\"QN2lPu\">\u25cf        K\u00e8m theo minifigure tay l\u00e1i Red Bull \u0111\u1ec3 b\u1ea1n \u0111\u1eb7t v\u00e0o bu\u1ed3ng l\u00e1i<\/p>\n<p class=\"QN2lPu\">\u25cf        Kh\u00e1m ph\u00e1 c\u00e1c m\u00f4 h\u00ecnh kh\u00e1c trong b\u1ed9 Lego\u00ae F1\u00ae, b\u00e1n ri\u00eang<\/p>\n<p class=\"QN2lPu\">\u25cf        M\u1ed9t m\u00f3n \u0111\u1ed3 ch\u01a1i Lego\u00ae xe h\u01a1i ho\u00e0n h\u1ea3o \u0111\u1ec3 tr\u01b0ng b\u00e0y t\u1ea1i nh\u00e0 ho\u1eb7c v\u0103n ph\u00f2ng<\/p>\n<p class=\"QN2lPu\">\u25cf        M\u00f3n qu\u00e0 l\u00fd t\u01b0\u1edfng t\u1eeb Lego\u00ae cho ng\u01b0\u1eddi h\u00e2m m\u1ed9 F1\u00ae v\u00e0 Red Bull, c\u0169ng nh\u01b0 nh\u1eefng ng\u01b0\u1eddi s\u01b0u t\u1ea7m m\u00f4 h\u00ecnh xe h\u01a1i<\/p>\n<p class=\"QN2lPu\">\u25cf        B\u1ed9 Lego\u00ae Speed Champions cho ph\u00e9p c\u00e1c fan xe h\u01a1i l\u1eafp r\u00e1p nh\u1eefng m\u00f4 h\u00ecnh ch\u00e2n th\u1ef1c<\/p>\n<p class=\"QN2lPu\">\u25cf        Chi\u1ebfc xe Lego\u00ae c\u00f3 th\u1ec3 l\u1eafp r\u00e1p g\u1ed3m 251 m\u1ea3nh, d\u00e0i h\u01a1n 20 cm (8 inch)<\/p>\n<p class=\"QN2lPu\">\u25cf        Th\u00f4ng tin s\u1ea3n ph\u1ea9m:<\/p>\n<p class=\"QN2lPu\">&#8211;        Xu\u1ea5t x\u1ee9: Trung Qu\u1ed1c<\/p>\n<p class=\"QN2lPu\">&#8211;        K\u00edch th\u01b0\u1edbc h\u1ed9p h\u00e0ng: 26.2&#215;14.1&#215;4.8 cm<\/p>\n<p class=\"QN2lPu\">\n<div class=\"QN2lPu\">\n<div style=\"position: relative; width: 100%; padding-bottom: 100%;\"><picture class=\"UkIsx8\"><source srcset=\"https:\/\/down-vn.img.susercontent.com\/file\/vn-11134208-7ra0g-m6gk2jmq9nbs41@resize_w875_nl.webp 1x, https:\/\/down-vn.img.susercontent.com\/file\/vn-11134208-7ra0g-m6gk2jmq9nbs41@resize_w1750_nl.webp 2x\" type=\"image\/webp\" class=\"UkIsx8\"><img decoding=\"async\" width=\"875\" loading=\"lazy\" class=\"uXN1L5 lazyload GqYslU\" srcset=\"https:\/\/down-vn.img.susercontent.com\/file\/vn-11134208-7ra0g-m6gk2jmq9nbs41@resize_w875_nl 1x, https:\/\/down-vn.img.susercontent.com\/file\/vn-11134208-7ra0g-m6gk2jmq9nbs41@resize_w1750_nl 2x\" src=\"https:\/\/down-vn.img.susercontent.com\/file\/vn-11134208-7ra0g-m6gk2jmq9nbs41\" height=\"875\"><\/picture><\/div>\n<\/div>\n<div class=\"QN2lPu\">\n<div style=\"position: relative; width: 100%; padding-bottom: 100%;\"><picture class=\"UkIsx8\"><source srcset=\"https:\/\/down-vn.img.susercontent.com\/file\/vn-11134208-7ra0g-m6gklakk820o21@resize_w875_nl.webp 1x, https:\/\/down-vn.img.susercontent.com\/file\/vn-11134208-7ra0g-m6gklakk820o21@resize_w1750_nl.webp 2x\" type=\"image\/webp\" class=\"UkIsx8\"><img decoding=\"async\" width=\"875\" loading=\"lazy\" class=\"uXN1L5 lazyload GqYslU\" srcset=\"https:\/\/down-vn.img.susercontent.com\/file\/vn-11134208-7ra0g-m6gklakk820o21@resize_w875_nl 1x, https:\/\/down-vn.img.susercontent.com\/file\/vn-11134208-7ra0g-m6gklakk820o21@resize_w1750_nl 2x\" src=\"https:\/\/down-vn.img.susercontent.com\/file\/vn-11134208-7ra0g-m6gklakk820o21\" height=\"875\"><\/picture><\/div>\n<\/div>\n<div class=\"QN2lPu\">\n<div style=\"position: relative; width: 100%; padding-bottom: 100%;\"><picture class=\"UkIsx8\"><source srcset=\"https:\/\/down-vn.img.susercontent.com\/file\/vn-11134208-7ra0g-m6gklakk9gl497@resize_w875_nl.webp 1x, https:\/\/down-vn.img.susercontent.com\/file\/vn-11134208-7ra0g-m6gklakk9gl497@resize_w1750_nl.webp 2x\" type=\"image\/webp\" class=\"UkIsx8\"><img decoding=\"async\" width=\"875\" loading=\"lazy\" class=\"uXN1L5 lazyload GqYslU\" srcset=\"https:\/\/down-vn.img.susercontent.com\/file\/vn-11134208-7ra0g-m6gklakk9gl497@resize_w875_nl 1x, https:\/\/down-vn.img.susercontent.com\/file\/vn-11134208-7ra0g-m6gklakk9gl497@resize_w1750_nl 2x\" src=\"https:\/\/down-vn.img.susercontent.com\/file\/vn-11134208-7ra0g-m6gklakk9gl497\" height=\"875\"><\/picture><\/div>\n<\/div>\n<div class=\"QN2lPu\">\n<div style=\"position: relative; width: 100%; padding-bottom: 100%;\"><picture class=\"UkIsx8\"><source srcset=\"https:\/\/down-vn.img.susercontent.com\/file\/vn-11134208-7ra0g-m6gklakkav5kd6@resize_w875_nl.webp 1x, https:\/\/down-vn.img.susercontent.com\/file\/vn-11134208-7ra0g-m6gklakkav5kd6@resize_w1750_nl.webp 2x\" type=\"image\/webp\" class=\"UkIsx8\"><img decoding=\"async\" width=\"875\" loading=\"lazy\" class=\"uXN1L5 lazyload GqYslU\" srcset=\"https:\/\/down-vn.img.susercontent.com\/file\/vn-11134208-7ra0g-m6gklakkav5kd6@resize_w875_nl 1x, https:\/\/down-vn.img.susercontent.com\/file\/vn-11134208-7ra0g-m6gklakkav5kd6@resize_w1750_nl 2x\" src=\"https:\/\/down-vn.img.susercontent.com\/file\/vn-11134208-7ra0g-m6gklakkav5kd6\" height=\"875\"><\/picture><\/div>\n<\/div>\n<div class=\"QN2lPu\">\n<div style=\"position: relative; width: 100%; padding-bottom: 100%;\"><picture class=\"UkIsx8\"><source srcset=\"https:\/\/down-vn.img.susercontent.com\/file\/vn-11134208-7ra0g-m6gklakkc9q077@resize_w875_nl.webp 1x, https:\/\/down-vn.img.susercontent.com\/file\/vn-11134208-7ra0g-m6gklakkc9q077@resize_w1750_nl.webp 2x\" type=\"image\/webp\" class=\"UkIsx8\"><img decoding=\"async\" width=\"875\" loading=\"lazy\" class=\"uXN1L5 lazyload QSLoEa GqYslU\" srcset=\"https:\/\/down-vn.img.susercontent.com\/file\/vn-11134208-7ra0g-m6gklakkc9q077@resize_w875_nl 1x, https:\/\/down-vn.img.susercontent.com\/file\/vn-11134208-7ra0g-m6gklakkc9q077@resize_w1750_nl 2x\" src=\"https:\/\/down-vn.img.susercontent.com\/file\/vn-11134208-7ra0g-m6gklakkc9q077\" height=\"875\"><\/picture><\/div>\n<\/div>\n<p class=\"QN2lPu\">\n<\/div>\n","protected":false},"excerpt":{"rendered":"<p>LEGO SPEED CHAMPIONS 77243 \u0110\u1ed3 Ch\u01a1i L\u1eafp R\u00e1p Xe \u0110ua Oracle Red Bull Rb20 F1 (251 chi ti\u1ebft) \u25cf H\u00e3y th\u1ec3 hi\u1ec7n ni\u1ec1m \u0111am m\u00ea \u0111ua xe C\u00f4ng th\u1ee9c 1\u00ae c\u1ee7a b\u1ea1n v\u1edbi b\u1ed9 x\u1ebfp h\u00ecnh Lego\u00ae Speed Champions Oracle Red Bull Racing RB20 F1\u00ae d\u00e0nh cho ng\u01b0\u1eddi l\u1edbn. Thu th\u1eadp, l\u1eafp r\u00e1p v\u00e0 tr\u01b0ng&#8230;<\/p>\n","protected":false},"featured_media":14220,"comment_status":"open","ping_status":"closed","template":"","meta":[],"product_brand":[],"product_cat":[1346],"product_tag":[],"class_list":{"0":"post-14073","1":"product","2":"type-product","3":"status-publish","4":"has-post-thumbnail","6":"product_cat-do-choi-lap-rap","8":"first","9":"instock","10":"featured","11":"shipping-taxable","12":"purchasable","13":"product-type-simple"},"_links":{"self":[{"href":"https:\/\/web-ban-le.mbws.vn\/do-choi\/wp-json\/wp\/v2\/product\/14073","targetHints":{"allow":["GET"]}}],"collection":[{"href":"https:\/\/web-ban-le.mbws.vn\/do-choi\/wp-json\/wp\/v2\/product"}],"about":[{"href":"https:\/\/web-ban-le.mbws.vn\/do-choi\/wp-json\/wp\/v2\/types\/product"}],"replies":[{"embeddable":true,"href":"https:\/\/web-ban-le.mbws.vn\/do-choi\/wp-json\/wp\/v2\/comments?post=14073"}],"wp:featuredmedia":[{"embeddable":true,"href":"https:\/\/web-ban-le.mbws.vn\/do-choi\/wp-json\/wp\/v2\/media\/14220"}],"wp:attachment":[{"href":"https:\/\/web-ban-le.mbws.vn\/do-choi\/wp-json\/wp\/v2\/media?parent=14073"}],"wp:term":[{"taxonomy":"product_brand","embeddable":true,"href":"https:\/\/web-ban-le.mbws.vn\/do-choi\/wp-json\/wp\/v2\/product_brand?post=14073"},{"taxonomy":"product_cat","embeddable":true,"href":"https:\/\/web-ban-le.mbws.vn\/do-choi\/wp-json\/wp\/v2\/product_cat?post=14073"},{"taxonomy":"product_tag","embeddable":true,"href":"https:\/\/web-ban-le.mbws.vn\/do-choi\/wp-json\/wp\/v2\/product_tag?post=14073"}],"curies":[{"name":"wp","href":"https:\/\/api.w.org\/{rel}","templated":true}]}}