{"id":14074,"date":"2025-10-28T13:24:43","date_gmt":"2025-10-28T06:24:43","guid":{"rendered":"https:\/\/web-ban-le.mbws.vn\/do-choi\/?post_type=product&#038;p=14074"},"modified":"2025-11-05T08:29:28","modified_gmt":"2025-11-05T01:29:28","slug":"lego-ninjago-71805-do-choi-lap-rap-chien-giap-cua-jay-78-chi-tiet","status":"publish","type":"product","link":"https:\/\/web-ban-le.mbws.vn\/do-choi\/san-pham\/lego-ninjago-71805-do-choi-lap-rap-chien-giap-cua-jay-78-chi-tiet\/","title":{"rendered":"LEGO NINJAGO 71805 \u0110\u1ed3 ch\u01a1i l\u1eafp r\u00e1p Chi\u1ebfn gi\u00e1p c\u1ee7a Jay (78 chi ti\u1ebft)"},"content":{"rendered":"<div class=\"e8lZp3\">\n<p class=\"QN2lPu\">LEGO NINJAGO 71805 \u0110\u1ed3 ch\u01a1i l\u1eafp r\u00e1p Chi\u1ebfn gi\u00e1p c\u1ee7a Jay (78 chi ti\u1ebft)<\/p>\n<div class=\"QN2lPu\">\n<div style=\"position: relative; width: 100%; padding-bottom: 100%;\"><picture class=\"UkIsx8\"><source srcset=\"https:\/\/down-vn.img.susercontent.com\/file\/vn-11134202-7r98o-lu5tih1sv6kpee@resize_w875_nl.webp 1x, https:\/\/down-vn.img.susercontent.com\/file\/vn-11134202-7r98o-lu5tih1sv6kpee@resize_w1750_nl.webp 2x\" type=\"image\/webp\" class=\"UkIsx8\"><img decoding=\"async\" width=\"875\" loading=\"lazy\" class=\"uXN1L5 lazyload GqYslU\" srcset=\"https:\/\/down-vn.img.susercontent.com\/file\/vn-11134202-7r98o-lu5tih1sv6kpee@resize_w875_nl 1x, https:\/\/down-vn.img.susercontent.com\/file\/vn-11134202-7r98o-lu5tih1sv6kpee@resize_w1750_nl 2x\" src=\"https:\/\/down-vn.img.susercontent.com\/file\/vn-11134202-7r98o-lu5tih1sv6kpee\" height=\"875\"><\/picture><\/div>\n<\/div>\n<div class=\"QN2lPu\">\n<div style=\"position: relative; width: 100%; padding-bottom: 100%;\"><picture class=\"UkIsx8\"><source srcset=\"https:\/\/down-vn.img.susercontent.com\/file\/vn-11134202-7r98o-lu5tih54qbaqf0@resize_w875_nl.webp 1x, https:\/\/down-vn.img.susercontent.com\/file\/vn-11134202-7r98o-lu5tih54qbaqf0@resize_w1750_nl.webp 2x\" type=\"image\/webp\" class=\"UkIsx8\"><img decoding=\"async\" width=\"875\" loading=\"lazy\" class=\"uXN1L5 lazyload GqYslU\" srcset=\"https:\/\/down-vn.img.susercontent.com\/file\/vn-11134202-7r98o-lu5tih54qbaqf0@resize_w875_nl 1x, https:\/\/down-vn.img.susercontent.com\/file\/vn-11134202-7r98o-lu5tih54qbaqf0@resize_w1750_nl 2x\" src=\"https:\/\/down-vn.img.susercontent.com\/file\/vn-11134202-7r98o-lu5tih54qbaqf0\" height=\"875\"><\/picture><\/div>\n<\/div>\n<div class=\"QN2lPu\">\n<div style=\"position: relative; width: 100%; padding-bottom: 100%;\"><picture class=\"UkIsx8\"><source srcset=\"https:\/\/down-vn.img.susercontent.com\/file\/vn-11134202-7r98o-lu5tih9kjtfz58@resize_w875_nl.webp 1x, https:\/\/down-vn.img.susercontent.com\/file\/vn-11134202-7r98o-lu5tih9kjtfz58@resize_w1750_nl.webp 2x\" type=\"image\/webp\" class=\"UkIsx8\"><img decoding=\"async\" width=\"875\" loading=\"lazy\" class=\"uXN1L5 lazyload GqYslU\" srcset=\"https:\/\/down-vn.img.susercontent.com\/file\/vn-11134202-7r98o-lu5tih9kjtfz58@resize_w875_nl 1x, https:\/\/down-vn.img.susercontent.com\/file\/vn-11134202-7r98o-lu5tih9kjtfz58@resize_w1750_nl 2x\" src=\"https:\/\/down-vn.img.susercontent.com\/file\/vn-11134202-7r98o-lu5tih9kjtfz58\" height=\"875\"><\/picture><\/div>\n<\/div>\n<div class=\"QN2lPu\">\n<div style=\"position: relative; width: 100%; padding-bottom: 100%;\"><picture class=\"UkIsx8\"><source srcset=\"https:\/\/down-vn.img.susercontent.com\/file\/vn-11134202-7r98o-lu5tihdqdpvz91@resize_w875_nl.webp 1x, https:\/\/down-vn.img.susercontent.com\/file\/vn-11134202-7r98o-lu5tihdqdpvz91@resize_w1750_nl.webp 2x\" type=\"image\/webp\" class=\"UkIsx8\"><img decoding=\"async\" width=\"875\" loading=\"lazy\" class=\"uXN1L5 lazyload GqYslU\" srcset=\"https:\/\/down-vn.img.susercontent.com\/file\/vn-11134202-7r98o-lu5tihdqdpvz91@resize_w875_nl 1x, https:\/\/down-vn.img.susercontent.com\/file\/vn-11134202-7r98o-lu5tihdqdpvz91@resize_w1750_nl 2x\" src=\"https:\/\/down-vn.img.susercontent.com\/file\/vn-11134202-7r98o-lu5tihdqdpvz91\" height=\"875\"><\/picture><\/div>\n<\/div>\n<div class=\"QN2lPu\">\n<div style=\"position: relative; width: 100%; padding-bottom: 100%;\"><picture class=\"UkIsx8\"><source srcset=\"https:\/\/down-vn.img.susercontent.com\/file\/vn-11134202-7r98o-lu5tihig6tjl2f@resize_w875_nl.webp 1x, https:\/\/down-vn.img.susercontent.com\/file\/vn-11134202-7r98o-lu5tihig6tjl2f@resize_w1750_nl.webp 2x\" type=\"image\/webp\" class=\"UkIsx8\"><img decoding=\"async\" width=\"875\" loading=\"lazy\" class=\"uXN1L5 lazyload GqYslU\" srcset=\"https:\/\/down-vn.img.susercontent.com\/file\/vn-11134202-7r98o-lu5tihig6tjl2f@resize_w875_nl 1x, https:\/\/down-vn.img.susercontent.com\/file\/vn-11134202-7r98o-lu5tihig6tjl2f@resize_w1750_nl 2x\" src=\"https:\/\/down-vn.img.susercontent.com\/file\/vn-11134202-7r98o-lu5tihig6tjl2f\" height=\"875\"><\/picture><\/div>\n<\/div>\n<div class=\"QN2lPu\">\n<div style=\"position: relative; width: 100%; padding-bottom: 100%;\"><picture class=\"UkIsx8\"><source srcset=\"https:\/\/down-vn.img.susercontent.com\/file\/vn-11134202-7r98o-lu5tihp3x2q416@resize_w875_nl.webp 1x, https:\/\/down-vn.img.susercontent.com\/file\/vn-11134202-7r98o-lu5tihp3x2q416@resize_w1750_nl.webp 2x\" type=\"image\/webp\" class=\"UkIsx8\"><img decoding=\"async\" width=\"875\" loading=\"lazy\" class=\"uXN1L5 lazyload QSLoEa GqYslU\" srcset=\"https:\/\/down-vn.img.susercontent.com\/file\/vn-11134202-7r98o-lu5tihp3x2q416@resize_w875_nl 1x, https:\/\/down-vn.img.susercontent.com\/file\/vn-11134202-7r98o-lu5tihp3x2q416@resize_w1750_nl 2x\" src=\"https:\/\/down-vn.img.susercontent.com\/file\/vn-11134202-7r98o-lu5tihp3x2q416\" height=\"875\"><\/picture><\/div>\n<\/div>\n<div class=\"QN2lPu\">\n<div style=\"position: relative; width: 100%; padding-bottom: 100%;\"><picture class=\"UkIsx8\"><source srcset=\"https:\/\/down-vn.img.susercontent.com\/file\/vn-11134202-7r98o-lu5tihytiuxb7a@resize_w875_nl.webp 1x, https:\/\/down-vn.img.susercontent.com\/file\/vn-11134202-7r98o-lu5tihytiuxb7a@resize_w1750_nl.webp 2x\" type=\"image\/webp\" class=\"UkIsx8\"><img decoding=\"async\" width=\"875\" loading=\"lazy\" class=\"uXN1L5 lazyload QSLoEa GqYslU\" srcset=\"https:\/\/down-vn.img.susercontent.com\/file\/vn-11134202-7r98o-lu5tihytiuxb7a@resize_w875_nl 1x, https:\/\/down-vn.img.susercontent.com\/file\/vn-11134202-7r98o-lu5tihytiuxb7a@resize_w1750_nl 2x\" src=\"https:\/\/down-vn.img.susercontent.com\/file\/vn-11134202-7r98o-lu5tihytiuxb7a\" height=\"875\"><\/picture><\/div>\n<\/div>\n<p class=\"QN2lPu\">\n<p class=\"QN2lPu\">C\u00f9ng Jay v\u00e0 Lloyd \u0111\u1ed1i \u0111\u1ea7u v\u1edbi 2 th\u00e0nh vi\u00ean c\u1ee7a \u0111\u1ed9i qu\u00e2n S\u00f3i \u0111\u1ed9c \u00e1c \u1edf r\u00eca Khu r\u1eebng b\u00f3ng t\u1ed1i. Ti\u1ebfn v\u00e0o b\u1ed9 chi\u1ebfn gi\u00e1p v\u00e0 lao v\u00e0o tr\u1eadn chi\u1ebfn v\u1edbi thanh ki\u1ebfm v\u00e0ng l\u1edbn v\u00e0 b\u1eafn \u0111\u1ea1n t\u1eeb 2 x\u1ea1 th\u1ee7 m\u1ea1nh m\u1ebd. Nh\u01b0ng h\u00e3y c\u1ea9n th\u1eadn \u2013 2 t\u00ean ph\u1ea3n di\u1ec7n n\u00e0y c\u0169ng c\u00f3 n\u1ecf v\u00e0 b\u1ed9 m\u00f3ng vu\u1ed1t nguy hi\u1ec3m! H\u1ecd s\u1ebd quy\u1ebft t\u00e2m gi\u00e0nh l\u1ea5y s\u1ee9c m\u1ea1nh cho ch\u00faa t\u1ec3 \u0111\u1ed9c \u00e1c Ras. Ch\u1ec9 c\u00f3 b\u1ea1n m\u1edbi c\u00f3 th\u1ec3 ng\u0103n ch\u1eb7n ch\u00fang!<\/p>\n<p class=\"QN2lPu\">\n<p class=\"QN2lPu\">\u2022 \u0110\u1ed3 ch\u01a1i l\u1eafp r\u00e1p Chi\u1ebfn gi\u00e1p c\u1ee7a Jay \u2013 C\u00e1c b\u00e9 h\u00e3y tham gia c\u00e1c tr\u1eadn chi\u1ebfn t\u1eeb ph\u1ea7n 2 B\u1ed9 phim ho\u1ea1t h\u00ecnh NINJAGO\u00ae R\u1ed3ng th\u1ea7n tr\u1ed7i d\u1eady v\u1edbi b\u1ed9 tr\u00f2 ch\u01a1i l\u1eafp r\u00e1p th\u00fa v\u1ecb n\u00e0y nh\u00e9<\/p>\n<p class=\"QN2lPu\">\u2022 Chi\u1ebfn gi\u00e1p c\u1eed \u0111\u1ed9ng linh ho\u1ea1t \u2013 B\u1ed9 chi\u1ebfn gi\u00e1p c\u00f3 tay, ch\u00e2n v\u00e0 ng\u1ef1c c\u00f3 th\u1ec3 c\u1eed \u0111\u1ed9ng \u0111\u01b0\u1ee3c, chi\u1ebfn gi\u00e1p c\u0169ng c\u1ea7m m\u1ed9t thanh ki\u1ebfm l\u1edbn b\u1eb1ng v\u00e0ng v\u00e0 c\u00f3 th\u1ec3 b\u1eafn \u0111\u1ea1n<\/p>\n<p class=\"QN2lPu\">\u2022 4 nh\u00e2n v\u1eadt NINJAGO\u00ae \u2013 B\u1ed9 tr\u00f2 ch\u01a1i n\u00e0y \u0111i k\u00e8m v\u1edbi Jay, m\u1ed9t nh\u00e2n v\u1eadt Lloyd, 2 t\u00ean Chi\u1ebfn binh S\u00f3i gian \u00e1c<\/p>\n<p class=\"QN2lPu\">\u2022 Ph\u1ee5 ki\u1ec7n v\u0169 kh\u00ed \u2013 Jay \u0111\u01b0\u1ee3c trang b\u1ecb m\u1ed9t thanh ki\u1ebfm v\u00e0ng, Lloyd c\u00f3 2 thanh ki\u1ebfm katana v\u00e0ng v\u00e0 2 t\u00ean Chi\u1ebfn binh S\u00f3i gian \u00e1c c\u00f3 ph\u1ee5 ki\u1ec7n n\u1ecf v\u00e0 m\u00f3ng vu\u1ed1t<\/p>\n<p class=\"QN2lPu\">\u2022 Qu\u00e0 t\u1eb7ng si\u00eau h\u1ea5p d\u1eabn cho b\u00e9 \u2013 B\u1ed9 LEGO\u00ae NINJAGO si\u00eau \u0111\u1ec9nh n\u00e0y s\u1ebd mang \u0111\u1ebfn cho b\u00e9 nghi\u1ec7m l\u1eafp r\u00e1p v\u00e0 vui ch\u01a1i s\u00e1ng t\u1ea1o. Q\u00faa th\u00edch h\u1ee3p l\u00e0m qu\u00e0 t\u1eb7ng cho nh\u1eefng d\u1ecbp sinh nh\u1eadt ho\u1eb7c l\u1ec5 T\u1ebft.<\/p>\n<p class=\"QN2lPu\">\u2022 X\u00e2y d\u1ef1ng th\u1ebf gi\u1edbi LEGO\u00ae NINJAGO\u00ae c\u1ee7a b\u00e9 \u2013 C\u00f9ng s\u01b0u t\u1eadp th\u00eam nh\u1eefng b\u1ed9 tr\u00f2 ch\u01a1i LEGO\u00ae NINJAGO\u00ae kh\u00e1c v\u00e0 x\u00e2y d\u1ef1ng m\u1ed9t th\u1ebf gi\u1edbi c\u1ee7a ri\u00eang b\u00e9, t\u1eeb \u0111\u00f3 m\u1edf ra nh\u1eefng c\u00e2u chuy\u1ec7n m\u1edbi<\/p>\n<p class=\"QN2lPu\">\u2022 K\u00edch th\u01b0\u1edbc \u2013 B\u1ed9 tr\u00f2 ch\u01a1i LEGO\u00ae n\u00e0y g\u1ed3m 78 m\u1ea3nh, sau khi ho\u00e0n thi\u1ec7n cao tr\u00ean 3 inch (8 cm)<\/p>\n<\/div>\n","protected":false},"excerpt":{"rendered":"<p>LEGO NINJAGO 71805 \u0110\u1ed3 ch\u01a1i l\u1eafp r\u00e1p Chi\u1ebfn gi\u00e1p c\u1ee7a Jay (78 chi ti\u1ebft) C\u00f9ng Jay v\u00e0 Lloyd \u0111\u1ed1i \u0111\u1ea7u v\u1edbi 2 th\u00e0nh vi\u00ean c\u1ee7a \u0111\u1ed9i qu\u00e2n S\u00f3i \u0111\u1ed9c \u00e1c \u1edf r\u00eca Khu r\u1eebng b\u00f3ng t\u1ed1i. Ti\u1ebfn v\u00e0o b\u1ed9 chi\u1ebfn gi\u00e1p v\u00e0 lao v\u00e0o tr\u1eadn chi\u1ebfn v\u1edbi thanh ki\u1ebfm v\u00e0ng l\u1edbn v\u00e0 b\u1eafn \u0111\u1ea1n t\u1eeb&#8230;<\/p>\n","protected":false},"featured_media":14226,"comment_status":"open","ping_status":"closed","template":"","meta":[],"product_brand":[],"product_cat":[1346],"product_tag":[],"class_list":{"0":"post-14074","1":"product","2":"type-product","3":"status-publish","4":"has-post-thumbnail","6":"product_cat-do-choi-lap-rap","8":"first","9":"instock","10":"featured","11":"shipping-taxable","12":"purchasable","13":"product-type-simple"},"_links":{"self":[{"href":"https:\/\/web-ban-le.mbws.vn\/do-choi\/wp-json\/wp\/v2\/product\/14074","targetHints":{"allow":["GET"]}}],"collection":[{"href":"https:\/\/web-ban-le.mbws.vn\/do-choi\/wp-json\/wp\/v2\/product"}],"about":[{"href":"https:\/\/web-ban-le.mbws.vn\/do-choi\/wp-json\/wp\/v2\/types\/product"}],"replies":[{"embeddable":true,"href":"https:\/\/web-ban-le.mbws.vn\/do-choi\/wp-json\/wp\/v2\/comments?post=14074"}],"wp:featuredmedia":[{"embeddable":true,"href":"https:\/\/web-ban-le.mbws.vn\/do-choi\/wp-json\/wp\/v2\/media\/14226"}],"wp:attachment":[{"href":"https:\/\/web-ban-le.mbws.vn\/do-choi\/wp-json\/wp\/v2\/media?parent=14074"}],"wp:term":[{"taxonomy":"product_brand","embeddable":true,"href":"https:\/\/web-ban-le.mbws.vn\/do-choi\/wp-json\/wp\/v2\/product_brand?post=14074"},{"taxonomy":"product_cat","embeddable":true,"href":"https:\/\/web-ban-le.mbws.vn\/do-choi\/wp-json\/wp\/v2\/product_cat?post=14074"},{"taxonomy":"product_tag","embeddable":true,"href":"https:\/\/web-ban-le.mbws.vn\/do-choi\/wp-json\/wp\/v2\/product_tag?post=14074"}],"curies":[{"name":"wp","href":"https:\/\/api.w.org\/{rel}","templated":true}]}}