{"id":14075,"date":"2025-10-28T13:24:43","date_gmt":"2025-10-28T06:24:43","guid":{"rendered":"https:\/\/web-ban-le.mbws.vn\/do-choi\/?post_type=product&#038;p=14075"},"modified":"2025-11-05T08:29:28","modified_gmt":"2025-11-05T01:29:28","slug":"lego-ninjago-71810-do-choi-lap-rap-rong-con-riyu-132-chi-tiet","status":"publish","type":"product","link":"https:\/\/web-ban-le.mbws.vn\/do-choi\/san-pham\/lego-ninjago-71810-do-choi-lap-rap-rong-con-riyu-132-chi-tiet\/","title":{"rendered":"LEGO NINJAGO 71810 \u0110\u1ed3 ch\u01a1i l\u1eafp r\u00e1p R\u1ed3ng con Riyu (132 chi ti\u1ebft)"},"content":{"rendered":"<div class=\"e8lZp3\">\n<p class=\"QN2lPu\">LEGO&nbsp;NINJAGO&nbsp;71810&nbsp;\u0110\u1ed3&nbsp;ch\u01a1i&nbsp;l\u1eafp&nbsp;r\u00e1p&nbsp;R\u1ed3ng&nbsp;con&nbsp;Riyu&nbsp;(132&nbsp;chi&nbsp;ti\u1ebft)<\/p>\n<div class=\"QN2lPu\">\n<div style=\"position: relative; width: 100%; padding-bottom: 100%;\"><picture class=\"UkIsx8\"><source srcset=\"https:\/\/down-vn.img.susercontent.com\/file\/vn-11134202-7r98o-luue0walr8qm16@resize_w875_nl.webp 1x, https:\/\/down-vn.img.susercontent.com\/file\/vn-11134202-7r98o-luue0walr8qm16@resize_w1750_nl.webp 2x\" type=\"image\/webp\" class=\"UkIsx8\"><img decoding=\"async\" width=\"875\" loading=\"lazy\" class=\"uXN1L5 lazyload GqYslU\" srcset=\"https:\/\/down-vn.img.susercontent.com\/file\/vn-11134202-7r98o-luue0walr8qm16@resize_w875_nl 1x, https:\/\/down-vn.img.susercontent.com\/file\/vn-11134202-7r98o-luue0walr8qm16@resize_w1750_nl 2x\" src=\"https:\/\/down-vn.img.susercontent.com\/file\/vn-11134202-7r98o-luue0walr8qm16\" height=\"875\"><\/picture><\/div>\n<\/div>\n<div class=\"QN2lPu\">\n<div style=\"position: relative; width: 100%; padding-bottom: 100%;\"><picture class=\"UkIsx8\"><source srcset=\"https:\/\/down-vn.img.susercontent.com\/file\/vn-11134202-7r98o-luue0wwsuriz3c@resize_w875_nl.webp 1x, https:\/\/down-vn.img.susercontent.com\/file\/vn-11134202-7r98o-luue0wwsuriz3c@resize_w1750_nl.webp 2x\" type=\"image\/webp\" class=\"UkIsx8\"><img decoding=\"async\" width=\"875\" loading=\"lazy\" class=\"uXN1L5 lazyload GqYslU\" srcset=\"https:\/\/down-vn.img.susercontent.com\/file\/vn-11134202-7r98o-luue0wwsuriz3c@resize_w875_nl 1x, https:\/\/down-vn.img.susercontent.com\/file\/vn-11134202-7r98o-luue0wwsuriz3c@resize_w1750_nl 2x\" src=\"https:\/\/down-vn.img.susercontent.com\/file\/vn-11134202-7r98o-luue0wwsuriz3c\" height=\"875\"><\/picture><\/div>\n<\/div>\n<div class=\"QN2lPu\">\n<div style=\"position: relative; width: 100%; padding-bottom: 100%;\"><picture class=\"UkIsx8\"><source srcset=\"https:\/\/down-vn.img.susercontent.com\/file\/vn-11134202-7r98o-luue0xaoagroce@resize_w875_nl.webp 1x, https:\/\/down-vn.img.susercontent.com\/file\/vn-11134202-7r98o-luue0xaoagroce@resize_w1750_nl.webp 2x\" type=\"image\/webp\" class=\"UkIsx8\"><img decoding=\"async\" width=\"875\" loading=\"lazy\" class=\"uXN1L5 lazyload GqYslU\" srcset=\"https:\/\/down-vn.img.susercontent.com\/file\/vn-11134202-7r98o-luue0xaoagroce@resize_w875_nl 1x, https:\/\/down-vn.img.susercontent.com\/file\/vn-11134202-7r98o-luue0xaoagroce@resize_w1750_nl 2x\" src=\"https:\/\/down-vn.img.susercontent.com\/file\/vn-11134202-7r98o-luue0xaoagroce\" height=\"875\"><\/picture><\/div>\n<\/div>\n<div class=\"QN2lPu\">\n<div style=\"position: relative; width: 100%; padding-bottom: 100%;\"><picture class=\"UkIsx8\"><source srcset=\"https:\/\/down-vn.img.susercontent.com\/file\/vn-11134202-7r98o-luue0xpdoxzkf7@resize_w875_nl.webp 1x, https:\/\/down-vn.img.susercontent.com\/file\/vn-11134202-7r98o-luue0xpdoxzkf7@resize_w1750_nl.webp 2x\" type=\"image\/webp\" class=\"UkIsx8\"><img decoding=\"async\" width=\"875\" loading=\"lazy\" class=\"uXN1L5 lazyload GqYslU\" srcset=\"https:\/\/down-vn.img.susercontent.com\/file\/vn-11134202-7r98o-luue0xpdoxzkf7@resize_w875_nl 1x, https:\/\/down-vn.img.susercontent.com\/file\/vn-11134202-7r98o-luue0xpdoxzkf7@resize_w1750_nl 2x\" src=\"https:\/\/down-vn.img.susercontent.com\/file\/vn-11134202-7r98o-luue0xpdoxzkf7\" height=\"875\"><\/picture><\/div>\n<\/div>\n<div class=\"QN2lPu\">\n<div style=\"position: relative; width: 100%; padding-bottom: 100%;\"><picture class=\"UkIsx8\"><source srcset=\"https:\/\/down-vn.img.susercontent.com\/file\/vn-11134202-7r98o-luue0xznbbklc0@resize_w875_nl.webp 1x, https:\/\/down-vn.img.susercontent.com\/file\/vn-11134202-7r98o-luue0xznbbklc0@resize_w1750_nl.webp 2x\" type=\"image\/webp\" class=\"UkIsx8\"><img decoding=\"async\" width=\"875\" loading=\"lazy\" class=\"uXN1L5 lazyload GqYslU\" srcset=\"https:\/\/down-vn.img.susercontent.com\/file\/vn-11134202-7r98o-luue0xznbbklc0@resize_w875_nl 1x, https:\/\/down-vn.img.susercontent.com\/file\/vn-11134202-7r98o-luue0xznbbklc0@resize_w1750_nl 2x\" src=\"https:\/\/down-vn.img.susercontent.com\/file\/vn-11134202-7r98o-luue0xznbbklc0\" height=\"875\"><\/picture><\/div>\n<\/div>\n<div class=\"QN2lPu\">\n<div style=\"position: relative; width: 100%; padding-bottom: 100%;\"><picture class=\"UkIsx8\"><source srcset=\"https:\/\/down-vn.img.susercontent.com\/file\/vn-11134202-7r98o-luue0yb0t9f915@resize_w875_nl.webp 1x, https:\/\/down-vn.img.susercontent.com\/file\/vn-11134202-7r98o-luue0yb0t9f915@resize_w1750_nl.webp 2x\" type=\"image\/webp\" class=\"UkIsx8\"><img decoding=\"async\" width=\"875\" loading=\"lazy\" class=\"uXN1L5 lazyload GqYslU\" srcset=\"https:\/\/down-vn.img.susercontent.com\/file\/vn-11134202-7r98o-luue0yb0t9f915@resize_w875_nl 1x, https:\/\/down-vn.img.susercontent.com\/file\/vn-11134202-7r98o-luue0yb0t9f915@resize_w1750_nl 2x\" src=\"https:\/\/down-vn.img.susercontent.com\/file\/vn-11134202-7r98o-luue0yb0t9f915\" height=\"875\"><\/picture><\/div>\n<\/div>\n<div class=\"QN2lPu\">\n<div style=\"position: relative; width: 100%; padding-bottom: 100%;\"><picture class=\"UkIsx8\"><source srcset=\"https:\/\/down-vn.img.susercontent.com\/file\/vn-11134202-7r98o-luue0zhh34xmfb@resize_w875_nl.webp 1x, https:\/\/down-vn.img.susercontent.com\/file\/vn-11134202-7r98o-luue0zhh34xmfb@resize_w1750_nl.webp 2x\" type=\"image\/webp\" class=\"UkIsx8\"><img decoding=\"async\" width=\"875\" loading=\"lazy\" class=\"uXN1L5 lazyload QSLoEa GqYslU\" srcset=\"https:\/\/down-vn.img.susercontent.com\/file\/vn-11134202-7r98o-luue0zhh34xmfb@resize_w875_nl 1x, https:\/\/down-vn.img.susercontent.com\/file\/vn-11134202-7r98o-luue0zhh34xmfb@resize_w1750_nl 2x\" src=\"https:\/\/down-vn.img.susercontent.com\/file\/vn-11134202-7r98o-luue0zhh34xmfb\" height=\"875\"><\/picture><\/div>\n<\/div>\n<p class=\"QN2lPu\">C\u00e1c&nbsp;b\u00e9&nbsp;trai&nbsp;v\u00e0&nbsp;b\u00e9&nbsp;g\u00e1i&nbsp;t\u1eeb&nbsp;6&nbsp;tu\u1ed5i&nbsp;tr\u1edf&nbsp;l\u00ean&nbsp;c\u00f3&nbsp;th\u1ec3&nbsp;t\u00e1i&nbsp;hi\u1ec7n&nbsp;nh\u1eefng&nbsp;cu\u1ed9c&nbsp;phi\u00eau&nbsp;l\u01b0u&nbsp;tr\u00ean&nbsp;kh\u00f4ng&nbsp;t\u1eeb&nbsp;ph\u1ea7n&nbsp;2&nbsp;c\u1ee7a&nbsp;ch\u01b0\u01a1ng&nbsp;tr\u00ecnh&nbsp;truy\u1ec1n&nbsp;h\u00ecnh&nbsp;NINJAGO\u00ae&nbsp;Dragons&nbsp;Rising&nbsp;v\u1edbi&nbsp;b\u1ed9&nbsp;v\u1edf&nbsp;k\u1ecbch&nbsp;Young&nbsp;Dragon&nbsp;Riyu&nbsp;(71810)&nbsp;n\u00e0y.&nbsp;\u0110\u1ed3&nbsp;ch\u01a1i&nbsp;r\u1ed3ng&nbsp;d\u00e0nh&nbsp;cho&nbsp;tr\u1ebb&nbsp;em&nbsp;n\u00e0y&nbsp;c\u00f3&nbsp;m\u00f4&nbsp;h\u00ecnh&nbsp;Young&nbsp;Riyu&nbsp;v\u1edbi&nbsp;c\u00e1nh&nbsp;v\u00e0&nbsp;ch\u00e2n&nbsp;c\u00f3&nbsp;th\u1ec3&nbsp;\u0111i\u1ec1u&nbsp;ch\u1ec9nh&nbsp;\u0111\u01b0\u1ee3c,&nbsp;\u0111u\u00f4i&nbsp;c\u00f3&nbsp;th\u1ec3&nbsp;\u0111i\u1ec1u&nbsp;ch\u1ec9nh&nbsp;\u0111\u01b0\u1ee3c&nbsp;v\u00e0&nbsp;y\u00ean&nbsp;\u0111\u1ec3&nbsp;c\u00e1c&nbsp;nh\u00e2n&nbsp;v\u1eadt&nbsp;nh\u1ecf&nbsp;c\u00f3&nbsp;th\u1ec3&nbsp;c\u01b0\u1ee1i&nbsp;tr\u00ean&nbsp;l\u01b0ng.<\/p>\n<p class=\"QN2lPu\">\u0110\u1ed3&nbsp;ch\u01a1i&nbsp;ninja&nbsp;n\u00e0y&nbsp;c\u00f3&nbsp;3&nbsp;nh\u00e2n&nbsp;v\u1eadt&nbsp;nh\u1ecf:&nbsp;Arin&nbsp;\u0111\u01b0\u1ee3c&nbsp;trang&nbsp;b\u1ecb&nbsp;m\u00f3c&nbsp;leo&nbsp;n\u00fai&nbsp;v\u00e0&nbsp;ph\u1ee5&nbsp;ki\u1ec7n&nbsp;ki\u1ebfm&nbsp;katana,&nbsp;Sora&nbsp;v\u1edbi&nbsp;ph\u1ee5&nbsp;ki\u1ec7n&nbsp;ki\u1ebfm&nbsp;katana&nbsp;v\u00e0&nbsp;Chi\u1ebfn&nbsp;binh&nbsp;m\u1eb7t&nbsp;n\u1ea1&nbsp;s\u00f3i&nbsp;hung&nbsp;\u00e1c&nbsp;v\u1edbi&nbsp;ph\u1ee5&nbsp;ki\u1ec7n&nbsp;ki\u1ebfm.&nbsp;Tr\u1ebb&nbsp;em&nbsp;c\u00f3&nbsp;t\u1ea5t&nbsp;c\u1ea3&nbsp;nh\u1eefng&nbsp;g\u00ec&nbsp;c\u1ea7n&nbsp;thi\u1ebft&nbsp;\u0111\u1ec3&nbsp;nh\u1eadp&nbsp;vai&nbsp;tr\u1edf&nbsp;th\u00e0nh&nbsp;m\u1ed9t&nbsp;chi\u1ebfn&nbsp;binh&nbsp;ninja&nbsp;v\u00e0&nbsp;tham&nbsp;gia&nbsp;c\u00e1c&nbsp;tr\u1eadn&nbsp;chi\u1ebfn&nbsp;\u0111\u1eadm&nbsp;ch\u1ea5t&nbsp;h\u00e0nh&nbsp;\u0111\u1ed9ng.<\/p>\n<p class=\"QN2lPu\">D\u00f2ng&nbsp;\u0111\u1ed3&nbsp;ch\u01a1i&nbsp;ninja&nbsp;c\u00f3&nbsp;th\u1ec3&nbsp;x\u00e2y&nbsp;d\u1ef1ng&nbsp;LEGO\u00ae&nbsp;NINJAGO&nbsp;d\u00e0nh&nbsp;cho&nbsp;tr\u1ebb&nbsp;em&nbsp;bao&nbsp;g\u1ed3m&nbsp;m\u00e1y&nbsp;m\u00f3c,&nbsp;xe&nbsp;c\u1ed9&nbsp;v\u00e0&nbsp;\u0111\u1ec1n&nbsp;th\u1edd&nbsp;cho&nbsp;nh\u1eefng&nbsp;cu\u1ed9c&nbsp;phi\u00eau&nbsp;l\u01b0u&nbsp;nh\u1eadp&nbsp;vai&nbsp;th\u00fa&nbsp;v\u1ecb.&nbsp;M\u1ed7i&nbsp;b\u1ed9&nbsp;chi\u1ebfn&nbsp;\u0111\u1ea5u&nbsp;c\u00f3&nbsp;th\u1ec3&nbsp;\u0111\u01b0\u1ee3c&nbsp;t\u1ea1o&nbsp;b\u1eb1ng&nbsp;\u1ee9ng&nbsp;d\u1ee5ng&nbsp;LEGO&nbsp;Builder,&nbsp;\u1ee9ng&nbsp;d\u1ee5ng&nbsp;n\u00e0y&nbsp;s\u1ebd&nbsp;h\u01b0\u1edbng&nbsp;d\u1eabn&nbsp;b\u1ea1n&nbsp;v\u00e0&nbsp;con&nbsp;b\u1ea1n&nbsp;th\u1ef1c&nbsp;hi\u1ec7n&nbsp;chuy\u1ebfn&nbsp;phi\u00eau&nbsp;l\u01b0u&nbsp;x\u00e2y&nbsp;d\u1ef1ng&nbsp;d\u1ec5&nbsp;d\u00e0ng&nbsp;v\u00e0&nbsp;tr\u1ef1c&nbsp;quan.<\/p>\n<p class=\"QN2lPu\">\u0110\u1ed3&nbsp;ch\u01a1i&nbsp;r\u1ed3ng&nbsp;\u0111a&nbsp;n\u0103ng&nbsp;d\u00e0nh&nbsp;cho&nbsp;tr\u1ebb&nbsp;em&nbsp;\u2013&nbsp;B\u00e9&nbsp;trai&nbsp;v\u00e0&nbsp;b\u00e9&nbsp;g\u00e1i&nbsp;t\u1eeb&nbsp;6&nbsp;tu\u1ed5i&nbsp;tr\u1edf&nbsp;l\u00ean&nbsp;c\u00f3&nbsp;th\u1ec3&nbsp;di\u1ec5n&nbsp;c\u00e1c&nbsp;c\u1ea3nh&nbsp;trong&nbsp;ph\u1ea7n&nbsp;2&nbsp;c\u1ee7a&nbsp;ch\u01b0\u01a1ng&nbsp;tr\u00ecnh&nbsp;truy\u1ec1n&nbsp;h\u00ecnh&nbsp;NINJAGO\u00ae&nbsp;Dragons&nbsp;Rising&nbsp;v\u1edbi&nbsp;b\u1ed9&nbsp;v\u1edf&nbsp;k\u1ecbch&nbsp;R\u1ed3ng&nbsp;tr\u1ebb&nbsp;Riyu<\/p>\n<p class=\"QN2lPu\">M\u00f4&nbsp;h\u00ecnh&nbsp;r\u1ed3ng&nbsp;c\u00f3&nbsp;th\u1ec3&nbsp;\u0111i\u1ec1u&nbsp;ch\u1ec9nh&nbsp;\u0111\u01b0\u1ee3c&nbsp;&#8211;&nbsp;Tr\u1ebb&nbsp;em&nbsp;c\u00f3&nbsp;th\u1ec3&nbsp;\u0111\u1ecbnh&nbsp;v\u1ecb&nbsp;c\u00e1nh,&nbsp;\u0111u\u00f4i&nbsp;v\u00e0&nbsp;ch\u00e2n&nbsp;c\u1ee7a&nbsp;\u0111\u1ed3&nbsp;ch\u01a1i&nbsp;r\u1ed3ng&nbsp;n\u00e0y&nbsp;tr\u01b0\u1edbc&nbsp;khi&nbsp;\u0111\u1eb7t&nbsp;m\u1ed9t&nbsp;trong&nbsp;c\u00e1c&nbsp;nh\u00e2n&nbsp;v\u1eadt&nbsp;nh\u1ecf&nbsp;NINJAGO\u00ae&nbsp;v\u00e0o&nbsp;y\u00ean&nbsp;ng\u1ef1a&nbsp;v\u00e0&nbsp;bay&nbsp;l\u00ean&nbsp;tr\u1eddi<\/p>\n<p class=\"QN2lPu\">3&nbsp;nh\u00e2n&nbsp;v\u1eadt&nbsp;nh\u1ecf&nbsp;\u2013&nbsp;B\u1ed9&nbsp;\u0111\u1ed3&nbsp;ch\u01a1i&nbsp;Ninja&nbsp;bao&nbsp;g\u1ed3m&nbsp;Arin&nbsp;\u0111\u01b0\u1ee3c&nbsp;trang&nbsp;b\u1ecb&nbsp;m\u00f3c&nbsp;leo&nbsp;n\u00fai&nbsp;v\u00e0&nbsp;ph\u1ee5&nbsp;ki\u1ec7n&nbsp;ki\u1ebfm&nbsp;katana,&nbsp;Sora&nbsp;v\u1edbi&nbsp;ph\u1ee5&nbsp;ki\u1ec7n&nbsp;ki\u1ebfm&nbsp;katana&nbsp;v\u00e0&nbsp;Chi\u1ebfn&nbsp;binh&nbsp;m\u1eb7t&nbsp;n\u1ea1&nbsp;s\u00f3i&nbsp;v\u1edbi&nbsp;ph\u1ee5&nbsp;ki\u1ec7n&nbsp;ki\u1ebfm<\/p>\n<p class=\"QN2lPu\">Qu\u00e0&nbsp;t\u1eb7ng&nbsp;ninja&nbsp;&#8211;&nbsp;\u0110\u1ed3&nbsp;ch\u01a1i&nbsp;ninja&nbsp;n\u00e0y&nbsp;mang&nbsp;\u0111\u1ebfn&nbsp;tr\u1ea3i&nbsp;nghi\u1ec7m&nbsp;x\u00e2y&nbsp;d\u1ef1ng&nbsp;v\u00e0&nbsp;ch\u01a1i&nbsp;th\u00fa&nbsp;v\u1ecb&nbsp;v\u00e0&nbsp;c\u00f3&nbsp;th\u1ec3&nbsp;\u0111\u01b0\u1ee3c&nbsp;t\u1eb7ng&nbsp;nh\u01b0&nbsp;m\u1ed9t&nbsp;m\u00f3n&nbsp;qu\u00e0&nbsp;b\u1ea5t&nbsp;ng\u1edd&nbsp;cho&nbsp;c\u00e1c&nbsp;b\u00e9&nbsp;trai&nbsp;v\u00e0&nbsp;b\u00e9&nbsp;g\u00e1i&nbsp;th\u00edch&nbsp;gi\u1ea3&nbsp;l\u00e0m&nbsp;anh&nbsp;h\u00f9ng&nbsp;ninja&nbsp;c\u1ee7a&nbsp;m\u00ecnh<\/p>\n<p class=\"QN2lPu\">Tr\u1ee3&nbsp;gi\u00fap&nbsp;\u2013&nbsp;Kh\u00e1m&nbsp;ph\u00e1&nbsp;c\u00e1c&nbsp;h\u01b0\u1edbng&nbsp;d\u1eabn&nbsp;tr\u1ef1c&nbsp;quan&nbsp;trong&nbsp;\u1ee9ng&nbsp;d\u1ee5ng&nbsp;LEGO\u00ae&nbsp;Builder&nbsp;n\u01a1i&nbsp;ng\u01b0\u1eddi&nbsp;x\u00e2y&nbsp;d\u1ef1ng&nbsp;c\u00f3&nbsp;th\u1ec3&nbsp;ph\u00f3ng&nbsp;to&nbsp;v\u00e0&nbsp;xoay&nbsp;m\u00f4&nbsp;h\u00ecnh&nbsp;\u1edf&nbsp;ch\u1ebf&nbsp;\u0111\u1ed9&nbsp;3D,&nbsp;theo&nbsp;d\u00f5i&nbsp;ti\u1ebfn&nbsp;tr\u00ecnh&nbsp;c\u1ee7a&nbsp;h\u1ecd&nbsp;v\u00e0&nbsp;l\u01b0u&nbsp;c\u00e1c&nbsp;b\u1ed9&nbsp;khi&nbsp;h\u1ecd&nbsp;ph\u00e1t&nbsp;tri\u1ec3n&nbsp;c\u00e1c&nbsp;k\u1ef9&nbsp;n\u0103ng&nbsp;m\u1edbi<\/p>\n<p class=\"QN2lPu\">Cu\u1ed9c&nbsp;phi\u00eau&nbsp;l\u01b0u&nbsp;l\u1edbn&nbsp;h\u01a1n&nbsp;c\u1ee7a&nbsp;ninja&nbsp;\u2013&nbsp;H\u00e3y&nbsp;ch\u00fa&nbsp;\u00fd&nbsp;t\u00ecm&nbsp;th\u00eam&nbsp;\u0111\u1ed3&nbsp;ch\u01a1i&nbsp;h\u00e0nh&nbsp;\u0111\u1ed9ng&nbsp;NINJAGO\u00ae&nbsp;(\u0111\u01b0\u1ee3c&nbsp;b\u00e1n&nbsp;ri\u00eang)&nbsp;c\u00f3&nbsp;r\u1ed3ng,&nbsp;m\u00e1y&nbsp;v\u00e0&nbsp;ph\u01b0\u01a1ng&nbsp;ti\u1ec7n<\/p>\n<p class=\"QN2lPu\">M\u1ed9t&nbsp;v\u0169&nbsp;tr\u1ee5&nbsp;\u0111\u1ed3&nbsp;ch\u01a1i&nbsp;ninja&nbsp;&#8211;&nbsp;\u0110\u1ed3&nbsp;ch\u01a1i&nbsp;x\u00e2y&nbsp;d\u1ef1ng&nbsp;LEGO\u00ae&nbsp;NINJAGO\u00ae&nbsp;d\u00e0nh&nbsp;cho&nbsp;tr\u1ebb&nbsp;em&nbsp;bao&nbsp;g\u1ed3m&nbsp;m\u00e1y&nbsp;m\u00f3c,&nbsp;xe&nbsp;c\u1ed9&nbsp;v\u00e0&nbsp;\u0111\u1ec1n&nbsp;th\u1edd,&nbsp;\u0111\u1ed3ng&nbsp;th\u1eddi&nbsp;gi\u00fap&nbsp;tr\u1ebb&nbsp;em&nbsp;tr\u1ed1n&nbsp;tho\u00e1t&nbsp;v\u00e0o&nbsp;th\u1ebf&nbsp;gi\u1edbi&nbsp;phi\u00eau&nbsp;l\u01b0u&nbsp;gi\u1ea3&nbsp;t\u01b0\u1edfng&nbsp;c\u00f9ng&nbsp;c\u00e1c&nbsp;anh&nbsp;h\u00f9ng&nbsp;ninja&nbsp;c\u1ee7a&nbsp;m\u00ecnh<\/p>\n<p class=\"QN2lPu\">S\u1ed1&nbsp;\u0111o&nbsp;&#8211;&nbsp;B\u1ed9&nbsp;\u0111\u1ed3&nbsp;ch\u01a1i&nbsp;NINJAGO\u00ae&nbsp;g\u1ed3m&nbsp;132&nbsp;m\u1ea3nh&nbsp;n\u00e0y&nbsp;bao&nbsp;g\u1ed3m&nbsp;m\u00f4&nbsp;h\u00ecnh&nbsp;r\u1ed3ng&nbsp;c\u00f3&nbsp;chi\u1ec1u&nbsp;cao&nbsp;tr\u00ean&nbsp;2,5&nbsp;inch&nbsp;(6&nbsp;cm),&nbsp;d\u00e0i&nbsp;7,5&nbsp;inch&nbsp;(19&nbsp;cm)&nbsp;v\u00e0&nbsp;r\u1ed9ng&nbsp;7&nbsp;inch&nbsp;(18&nbsp;cm).<\/p>\n<\/div>\n","protected":false},"excerpt":{"rendered":"<p>LEGO&nbsp;NINJAGO&nbsp;71810&nbsp;\u0110\u1ed3&nbsp;ch\u01a1i&nbsp;l\u1eafp&nbsp;r\u00e1p&nbsp;R\u1ed3ng&nbsp;con&nbsp;Riyu&nbsp;(132&nbsp;chi&nbsp;ti\u1ebft) C\u00e1c&nbsp;b\u00e9&nbsp;trai&nbsp;v\u00e0&nbsp;b\u00e9&nbsp;g\u00e1i&nbsp;t\u1eeb&nbsp;6&nbsp;tu\u1ed5i&nbsp;tr\u1edf&nbsp;l\u00ean&nbsp;c\u00f3&nbsp;th\u1ec3&nbsp;t\u00e1i&nbsp;hi\u1ec7n&nbsp;nh\u1eefng&nbsp;cu\u1ed9c&nbsp;phi\u00eau&nbsp;l\u01b0u&nbsp;tr\u00ean&nbsp;kh\u00f4ng&nbsp;t\u1eeb&nbsp;ph\u1ea7n&nbsp;2&nbsp;c\u1ee7a&nbsp;ch\u01b0\u01a1ng&nbsp;tr\u00ecnh&nbsp;truy\u1ec1n&nbsp;h\u00ecnh&nbsp;NINJAGO\u00ae&nbsp;Dragons&nbsp;Rising&nbsp;v\u1edbi&nbsp;b\u1ed9&nbsp;v\u1edf&nbsp;k\u1ecbch&nbsp;Young&nbsp;Dragon&nbsp;Riyu&nbsp;(71810)&nbsp;n\u00e0y.&nbsp;\u0110\u1ed3&nbsp;ch\u01a1i&nbsp;r\u1ed3ng&nbsp;d\u00e0nh&nbsp;cho&nbsp;tr\u1ebb&nbsp;em&nbsp;n\u00e0y&nbsp;c\u00f3&nbsp;m\u00f4&nbsp;h\u00ecnh&nbsp;Young&nbsp;Riyu&nbsp;v\u1edbi&nbsp;c\u00e1nh&nbsp;v\u00e0&nbsp;ch\u00e2n&nbsp;c\u00f3&nbsp;th\u1ec3&nbsp;\u0111i\u1ec1u&nbsp;ch\u1ec9nh&nbsp;\u0111\u01b0\u1ee3c,&nbsp;\u0111u\u00f4i&nbsp;c\u00f3&nbsp;th\u1ec3&nbsp;\u0111i\u1ec1u&nbsp;ch\u1ec9nh&nbsp;\u0111\u01b0\u1ee3c&nbsp;v\u00e0&nbsp;y\u00ean&nbsp;\u0111\u1ec3&nbsp;c\u00e1c&nbsp;nh\u00e2n&nbsp;v\u1eadt&nbsp;nh\u1ecf&nbsp;c\u00f3&nbsp;th\u1ec3&nbsp;c\u01b0\u1ee1i&nbsp;tr\u00ean&nbsp;l\u01b0ng. \u0110\u1ed3&nbsp;ch\u01a1i&nbsp;ninja&nbsp;n\u00e0y&nbsp;c\u00f3&nbsp;3&nbsp;nh\u00e2n&nbsp;v\u1eadt&nbsp;nh\u1ecf:&nbsp;Arin&nbsp;\u0111\u01b0\u1ee3c&nbsp;trang&nbsp;b\u1ecb&nbsp;m\u00f3c&nbsp;leo&nbsp;n\u00fai&nbsp;v\u00e0&nbsp;ph\u1ee5&nbsp;ki\u1ec7n&nbsp;ki\u1ebfm&nbsp;katana,&nbsp;Sora&nbsp;v\u1edbi&nbsp;ph\u1ee5&nbsp;ki\u1ec7n&nbsp;ki\u1ebfm&nbsp;katana&nbsp;v\u00e0&nbsp;Chi\u1ebfn&nbsp;binh&nbsp;m\u1eb7t&nbsp;n\u1ea1&nbsp;s\u00f3i&nbsp;hung&nbsp;\u00e1c&nbsp;v\u1edbi&nbsp;ph\u1ee5&nbsp;ki\u1ec7n&nbsp;ki\u1ebfm.&nbsp;Tr\u1ebb&nbsp;em&nbsp;c\u00f3&nbsp;t\u1ea5t&nbsp;c\u1ea3&nbsp;nh\u1eefng&nbsp;g\u00ec&nbsp;c\u1ea7n&nbsp;thi\u1ebft&nbsp;\u0111\u1ec3&nbsp;nh\u1eadp&nbsp;vai&nbsp;tr\u1edf&nbsp;th\u00e0nh&nbsp;m\u1ed9t&nbsp;chi\u1ebfn&nbsp;binh&nbsp;ninja&nbsp;v\u00e0&nbsp;tham&nbsp;gia&nbsp;c\u00e1c&nbsp;tr\u1eadn&nbsp;chi\u1ebfn&nbsp;\u0111\u1eadm&nbsp;ch\u1ea5t&nbsp;h\u00e0nh&nbsp;\u0111\u1ed9ng. D\u00f2ng&nbsp;\u0111\u1ed3&nbsp;ch\u01a1i&nbsp;ninja&nbsp;c\u00f3&nbsp;th\u1ec3&nbsp;x\u00e2y&nbsp;d\u1ef1ng&nbsp;LEGO\u00ae&nbsp;NINJAGO&nbsp;d\u00e0nh&nbsp;cho&nbsp;tr\u1ebb&nbsp;em&nbsp;bao&nbsp;g\u1ed3m&nbsp;m\u00e1y&nbsp;m\u00f3c,&nbsp;xe&nbsp;c\u1ed9&nbsp;v\u00e0&nbsp;\u0111\u1ec1n&nbsp;th\u1edd&nbsp;cho&nbsp;nh\u1eefng&nbsp;cu\u1ed9c&nbsp;phi\u00eau&nbsp;l\u01b0u&nbsp;nh\u1eadp&nbsp;vai&nbsp;th\u00fa&nbsp;v\u1ecb.&nbsp;M\u1ed7i&nbsp;b\u1ed9&nbsp;chi\u1ebfn&nbsp;\u0111\u1ea5u&nbsp;c\u00f3&nbsp;th\u1ec3&nbsp;\u0111\u01b0\u1ee3c&nbsp;t\u1ea1o&nbsp;b\u1eb1ng&nbsp;\u1ee9ng&nbsp;d\u1ee5ng&nbsp;LEGO&nbsp;Builder,&nbsp;\u1ee9ng&nbsp;d\u1ee5ng&nbsp;n\u00e0y&nbsp;s\u1ebd&nbsp;h\u01b0\u1edbng&nbsp;d\u1eabn&nbsp;b\u1ea1n&nbsp;v\u00e0&nbsp;con&nbsp;b\u1ea1n&nbsp;th\u1ef1c&nbsp;hi\u1ec7n&nbsp;chuy\u1ebfn&nbsp;phi\u00eau&nbsp;l\u01b0u&nbsp;x\u00e2y&nbsp;d\u1ef1ng&nbsp;d\u1ec5&nbsp;d\u00e0ng&nbsp;v\u00e0&nbsp;tr\u1ef1c&nbsp;quan. \u0110\u1ed3&nbsp;ch\u01a1i&nbsp;r\u1ed3ng&nbsp;\u0111a&nbsp;n\u0103ng&nbsp;d\u00e0nh&nbsp;cho&nbsp;tr\u1ebb&nbsp;em&nbsp;\u2013&nbsp;B\u00e9&nbsp;trai&nbsp;v\u00e0&nbsp;b\u00e9&nbsp;g\u00e1i&nbsp;t\u1eeb&nbsp;6&nbsp;tu\u1ed5i&nbsp;tr\u1edf&nbsp;l\u00ean&nbsp;c\u00f3&nbsp;th\u1ec3&nbsp;di\u1ec5n&nbsp;c\u00e1c&nbsp;c\u1ea3nh&nbsp;trong&nbsp;ph\u1ea7n&nbsp;2&nbsp;c\u1ee7a&nbsp;ch\u01b0\u01a1ng&nbsp;tr\u00ecnh&nbsp;truy\u1ec1n&nbsp;h\u00ecnh&nbsp;NINJAGO\u00ae&nbsp;Dragons&nbsp;Rising&nbsp;v\u1edbi&nbsp;b\u1ed9&nbsp;v\u1edf&nbsp;k\u1ecbch&nbsp;R\u1ed3ng&nbsp;tr\u1ebb&nbsp;Riyu M\u00f4&nbsp;h\u00ecnh&nbsp;r\u1ed3ng&nbsp;c\u00f3&nbsp;th\u1ec3&nbsp;\u0111i\u1ec1u&nbsp;ch\u1ec9nh&nbsp;\u0111\u01b0\u1ee3c&nbsp;&#8211;&nbsp;Tr\u1ebb&nbsp;em&nbsp;c\u00f3&nbsp;th\u1ec3&nbsp;\u0111\u1ecbnh&nbsp;v\u1ecb&nbsp;c\u00e1nh,&nbsp;\u0111u\u00f4i&nbsp;v\u00e0&nbsp;ch\u00e2n&nbsp;c\u1ee7a&nbsp;\u0111\u1ed3&nbsp;ch\u01a1i&nbsp;r\u1ed3ng&nbsp;n\u00e0y&nbsp;tr\u01b0\u1edbc&nbsp;khi&nbsp;\u0111\u1eb7t&nbsp;m\u1ed9t&nbsp;trong&nbsp;c\u00e1c&nbsp;nh\u00e2n&nbsp;v\u1eadt&nbsp;nh\u1ecf&nbsp;NINJAGO\u00ae&nbsp;v\u00e0o&nbsp;y\u00ean&nbsp;ng\u1ef1a&nbsp;v\u00e0&nbsp;bay&nbsp;l\u00ean&nbsp;tr\u1eddi 3&nbsp;nh\u00e2n&nbsp;v\u1eadt&nbsp;nh\u1ecf&nbsp;\u2013&nbsp;B\u1ed9&nbsp;\u0111\u1ed3&nbsp;ch\u01a1i&nbsp;Ninja&nbsp;bao&nbsp;g\u1ed3m&nbsp;Arin&nbsp;\u0111\u01b0\u1ee3c&nbsp;trang&nbsp;b\u1ecb&nbsp;m\u00f3c&nbsp;leo&nbsp;n\u00fai&nbsp;v\u00e0&nbsp;ph\u1ee5&nbsp;ki\u1ec7n&nbsp;ki\u1ebfm&nbsp;katana,&nbsp;Sora&nbsp;v\u1edbi&nbsp;ph\u1ee5&nbsp;ki\u1ec7n&nbsp;ki\u1ebfm&nbsp;katana&nbsp;v\u00e0&nbsp;Chi\u1ebfn&nbsp;binh&nbsp;m\u1eb7t&nbsp;n\u1ea1&nbsp;s\u00f3i&nbsp;v\u1edbi&nbsp;ph\u1ee5&nbsp;ki\u1ec7n&nbsp;ki\u1ebfm Qu\u00e0&nbsp;t\u1eb7ng&nbsp;ninja&nbsp;&#8211;&nbsp;\u0110\u1ed3&nbsp;ch\u01a1i&nbsp;ninja&nbsp;n\u00e0y&nbsp;mang&nbsp;\u0111\u1ebfn&nbsp;tr\u1ea3i&nbsp;nghi\u1ec7m&nbsp;x\u00e2y&nbsp;d\u1ef1ng&nbsp;v\u00e0&nbsp;ch\u01a1i&nbsp;th\u00fa&nbsp;v\u1ecb&nbsp;v\u00e0&nbsp;c\u00f3&nbsp;th\u1ec3&nbsp;\u0111\u01b0\u1ee3c&nbsp;t\u1eb7ng&nbsp;nh\u01b0&nbsp;m\u1ed9t&nbsp;m\u00f3n&nbsp;qu\u00e0&nbsp;b\u1ea5t&nbsp;ng\u1edd&nbsp;cho&nbsp;c\u00e1c&nbsp;b\u00e9&nbsp;trai&nbsp;v\u00e0&nbsp;b\u00e9&nbsp;g\u00e1i&nbsp;th\u00edch&nbsp;gi\u1ea3&nbsp;l\u00e0m&nbsp;anh&nbsp;h\u00f9ng&nbsp;ninja&nbsp;c\u1ee7a&nbsp;m\u00ecnh Tr\u1ee3&nbsp;gi\u00fap&nbsp;\u2013&nbsp;Kh\u00e1m&nbsp;ph\u00e1&nbsp;c\u00e1c&nbsp;h\u01b0\u1edbng&nbsp;d\u1eabn&nbsp;tr\u1ef1c&nbsp;quan&nbsp;trong&nbsp;\u1ee9ng&nbsp;d\u1ee5ng&nbsp;LEGO\u00ae&nbsp;Builder&nbsp;n\u01a1i&nbsp;ng\u01b0\u1eddi&nbsp;x\u00e2y&nbsp;d\u1ef1ng&nbsp;c\u00f3&nbsp;th\u1ec3&nbsp;ph\u00f3ng&nbsp;to&nbsp;v\u00e0&nbsp;xoay&nbsp;m\u00f4&nbsp;h\u00ecnh&nbsp;\u1edf&nbsp;ch\u1ebf&nbsp;\u0111\u1ed9&nbsp;3D,&nbsp;theo&nbsp;d\u00f5i&nbsp;ti\u1ebfn&nbsp;tr\u00ecnh&nbsp;c\u1ee7a&nbsp;h\u1ecd&nbsp;v\u00e0&nbsp;l\u01b0u&nbsp;c\u00e1c&nbsp;b\u1ed9&nbsp;khi&nbsp;h\u1ecd&nbsp;ph\u00e1t&nbsp;tri\u1ec3n&nbsp;c\u00e1c&nbsp;k\u1ef9&nbsp;n\u0103ng&nbsp;m\u1edbi Cu\u1ed9c&nbsp;phi\u00eau&nbsp;l\u01b0u&nbsp;l\u1edbn&nbsp;h\u01a1n&nbsp;c\u1ee7a&nbsp;ninja&nbsp;\u2013&nbsp;H\u00e3y&nbsp;ch\u00fa&nbsp;\u00fd&nbsp;t\u00ecm&nbsp;th\u00eam&nbsp;\u0111\u1ed3&nbsp;ch\u01a1i&nbsp;h\u00e0nh&nbsp;\u0111\u1ed9ng&nbsp;NINJAGO\u00ae&nbsp;(\u0111\u01b0\u1ee3c&nbsp;b\u00e1n&nbsp;ri\u00eang)&nbsp;c\u00f3&nbsp;r\u1ed3ng,&nbsp;m\u00e1y&nbsp;v\u00e0&nbsp;ph\u01b0\u01a1ng&nbsp;ti\u1ec7n M\u1ed9t&nbsp;v\u0169&nbsp;tr\u1ee5&nbsp;\u0111\u1ed3&nbsp;ch\u01a1i&nbsp;ninja&nbsp;&#8211;&nbsp;\u0110\u1ed3&nbsp;ch\u01a1i&nbsp;x\u00e2y&nbsp;d\u1ef1ng&nbsp;LEGO\u00ae&nbsp;NINJAGO\u00ae&nbsp;d\u00e0nh&nbsp;cho&nbsp;tr\u1ebb&nbsp;em&nbsp;bao&nbsp;g\u1ed3m&nbsp;m\u00e1y&nbsp;m\u00f3c,&nbsp;xe&nbsp;c\u1ed9&nbsp;v\u00e0&nbsp;\u0111\u1ec1n&nbsp;th\u1edd,&nbsp;\u0111\u1ed3ng&nbsp;th\u1eddi&nbsp;gi\u00fap&nbsp;tr\u1ebb&nbsp;em&nbsp;tr\u1ed1n&nbsp;tho\u00e1t&nbsp;v\u00e0o&nbsp;th\u1ebf&nbsp;gi\u1edbi&nbsp;phi\u00eau&nbsp;l\u01b0u&nbsp;gi\u1ea3&nbsp;t\u01b0\u1edfng&nbsp;c\u00f9ng&nbsp;c\u00e1c&nbsp;anh&nbsp;h\u00f9ng&nbsp;ninja&nbsp;c\u1ee7a&nbsp;m\u00ecnh S\u1ed1&nbsp;\u0111o&nbsp;&#8211;&nbsp;B\u1ed9&nbsp;\u0111\u1ed3&nbsp;ch\u01a1i&nbsp;NINJAGO\u00ae&nbsp;g\u1ed3m&nbsp;132&nbsp;m\u1ea3nh&nbsp;n\u00e0y&nbsp;bao&nbsp;g\u1ed3m&nbsp;m\u00f4&nbsp;h\u00ecnh&nbsp;r\u1ed3ng&nbsp;c\u00f3&nbsp;chi\u1ec1u&nbsp;cao&nbsp;tr\u00ean&nbsp;2,5&nbsp;inch&nbsp;(6&nbsp;cm),&nbsp;d\u00e0i&nbsp;7,5&nbsp;inch&nbsp;(19&nbsp;cm)&nbsp;v\u00e0&nbsp;r\u1ed9ng&nbsp;7&nbsp;inch&nbsp;(18&nbsp;cm).<\/p>\n","protected":false},"featured_media":14233,"comment_status":"open","ping_status":"closed","template":"","meta":[],"product_brand":[],"product_cat":[1346],"product_tag":[],"class_list":{"0":"post-14075","1":"product","2":"type-product","3":"status-publish","4":"has-post-thumbnail","6":"product_cat-do-choi-lap-rap","8":"first","9":"instock","10":"sale","11":"featured","12":"shipping-taxable","13":"purchasable","14":"product-type-simple"},"_links":{"self":[{"href":"https:\/\/web-ban-le.mbws.vn\/do-choi\/wp-json\/wp\/v2\/product\/14075","targetHints":{"allow":["GET"]}}],"collection":[{"href":"https:\/\/web-ban-le.mbws.vn\/do-choi\/wp-json\/wp\/v2\/product"}],"about":[{"href":"https:\/\/web-ban-le.mbws.vn\/do-choi\/wp-json\/wp\/v2\/types\/product"}],"replies":[{"embeddable":true,"href":"https:\/\/web-ban-le.mbws.vn\/do-choi\/wp-json\/wp\/v2\/comments?post=14075"}],"wp:featuredmedia":[{"embeddable":true,"href":"https:\/\/web-ban-le.mbws.vn\/do-choi\/wp-json\/wp\/v2\/media\/14233"}],"wp:attachment":[{"href":"https:\/\/web-ban-le.mbws.vn\/do-choi\/wp-json\/wp\/v2\/media?parent=14075"}],"wp:term":[{"taxonomy":"product_brand","embeddable":true,"href":"https:\/\/web-ban-le.mbws.vn\/do-choi\/wp-json\/wp\/v2\/product_brand?post=14075"},{"taxonomy":"product_cat","embeddable":true,"href":"https:\/\/web-ban-le.mbws.vn\/do-choi\/wp-json\/wp\/v2\/product_cat?post=14075"},{"taxonomy":"product_tag","embeddable":true,"href":"https:\/\/web-ban-le.mbws.vn\/do-choi\/wp-json\/wp\/v2\/product_tag?post=14075"}],"curies":[{"name":"wp","href":"https:\/\/api.w.org\/{rel}","templated":true}]}}