{"id":14076,"date":"2025-10-28T13:24:43","date_gmt":"2025-10-28T06:24:43","guid":{"rendered":"https:\/\/web-ban-le.mbws.vn\/do-choi\/?post_type=product&#038;p=14076"},"modified":"2025-11-05T08:29:28","modified_gmt":"2025-11-05T01:29:28","slug":"lego-friends-42647-do-choi-lap-rap-can-phong-cua-paisley-199-chi-tiet","status":"publish","type":"product","link":"https:\/\/web-ban-le.mbws.vn\/do-choi\/san-pham\/lego-friends-42647-do-choi-lap-rap-can-phong-cua-paisley-199-chi-tiet\/","title":{"rendered":"LEGO FRIENDS 42647 \u0110\u1ed3 Ch\u01a1i L\u1eafp R\u00e1p C\u0103n Ph\u00f2ng C\u1ee7a Paisley (199 Chi Ti\u1ebft)"},"content":{"rendered":"<div class=\"e8lZp3\">\n<p class=\"QN2lPu\">LEGO FRIENDS 42647 \u0110\u1ed3 Ch\u01a1i L\u1eafp R\u00e1p C\u0103n Ph\u00f2ng C\u1ee7a Paisley (199 Chi Ti\u1ebft)<\/p>\n<p class=\"QN2lPu\">Th\u1eddi gian vui v\u1ebb c\u00f9ng b\u1ea1n b\u00e8 trong ph\u00f2ng ch\u01a1i \u0111\u1ea7y s\u00e1ng t\u1ea1o!<\/p>\n<p class=\"QN2lPu\">H\u00f4m nay, Paisley m\u1eddi Liann \u0111\u1ebfn ph\u00f2ng ch\u01a1i c\u1ee7a m\u00ecnh, n\u01a1i ho\u00e0n h\u1ea3o cho m\u1ed9t ng\u00e0y tr\u00e0n ng\u1eadp s\u00e1ng t\u1ea1o. C\u00f9ng nhau, h\u1ecd t\u00f4 m\u00e0u t\u01b0\u1ee3ng nh\u1ecf v\u00e0 ch\u01a1i nh\u1eefng giai \u0111i\u1ec7u y\u00eau th\u00edch. Khi \u0111\u1ebfn gi\u1edd ngh\u1ec9, c\u1ea3 hai vui v\u1ebb ch\u01a1i \u0111\u00f9a v\u1edbi th\u1ecf con Melody \u0111\u00e1ng y\u00eau. Paisley c\u00f2n chia s\u1ebb m\u1ed9t b\u00ed m\u1eadt \u0111\u1eb7c bi\u1ec7t \u2013 ng\u0103n gi\u1ea5u \u0111\u1ed3 b\u00ed m\u1eadt d\u01b0\u1edbi gi\u01b0\u1eddng, n\u01a1i c\u00f4 c\u1ea5t gi\u1eef cu\u1ed1n nh\u1eadt k\u00fd qu\u00fd gi\u00e1. Nh\u1eefng kho\u1ea3nh kh\u1eafc s\u00e1ng t\u1ea1o b\u00ean b\u1ea1n b\u00e8 th\u1eadt tuy\u1ec7t v\u1eddi!<\/p>\n<p class=\"QN2lPu\">Th\u00f4ng tin chi ti\u1ebft v\u1ec1 s\u1ea3n ph\u1ea9m:<\/p>\n<p class=\"QN2lPu\">\u0110\u1ed9 tu\u1ed5i: Ph\u00f9 h\u1ee3p cho c\u00e1c b\u00e9 t\u1eeb 6 tu\u1ed5i tr\u1edf l\u00ean, y\u00eau th\u00edch ngh\u1ec7 thu\u1eadt v\u00e0 th\u1ee7 c\u00f4ng.<\/p>\n<p class=\"QN2lPu\">Nh\u00e2n v\u1eadt v\u00e0 th\u00fa c\u01b0ng: Bao g\u1ed3m 2 nh\u00e2n v\u1eadt Lego\u00ae Friends v\u00e0 m\u1ed9t ch\u00fa th\u1ecf con \u0111\u00e1ng y\u00eau.<\/p>\n<p class=\"QN2lPu\">Tr\u00f2 ch\u01a1i s\u00e1ng t\u1ea1o: Th\u1ec3 hi\u1ec7n t\u00ecnh y\u00eau ngh\u1ec7 thu\u1eadt v\u00e0 \u00e2m nh\u1ea1c th\u00f4ng qua c\u00e1c ph\u1ee5 ki\u1ec7n chi ti\u1ebft.<\/p>\n<p class=\"QN2lPu\">Ch\u0103m s\u00f3c th\u00fa c\u01b0ng: Ch\u01a1i \u0111\u00f9a c\u00f9ng Melody v\u00e0 kh\u00e1m ph\u00e1 ng\u0103n b\u00ed m\u1eadt d\u01b0\u1edbi gi\u01b0\u1eddng.<\/p>\n<p class=\"QN2lPu\">Qu\u00e0 t\u1eb7ng l\u00fd t\u01b0\u1edfng: D\u00e0nh cho c\u00e1c b\u00e9 y\u00eau \u00e2m nh\u1ea1c, ngh\u1ec7 thu\u1eadt v\u00e0 s\u00e1ng t\u1ea1o.<\/p>\n<p class=\"QN2lPu\">Kh\u00e1m ph\u00e1 th\u00eam: K\u1ebft h\u1ee3p v\u1edbi c\u00e1c b\u1ed9 Lego\u00ae kh\u00e1c (b\u00e1n ri\u00eang) ho\u1eb7c theo d\u00f5i ch\u01b0\u01a1ng tr\u00ecnh Lego Friends tr\u1ef1c tuy\u1ebfn.<\/p>\n<p class=\"QN2lPu\">K\u00edch th\u01b0\u1edbc: B\u1ed9 g\u1ed3m 199 m\u1ea3nh, v\u1edbi m\u00f4 h\u00ecnh ph\u00f2ng ng\u1ee7 r\u1ed9ng h\u01a1n 14 cm (5,5 in).<\/p>\n<p class=\"QN2lPu\">Th\u00f4ng tin s\u1ea3n ph\u1ea9m: <\/p>\n<p class=\"QN2lPu\">&#8211; Xu\u1ea5t x\u1ee9: Trung Qu\u1ed1c <\/p>\n<p class=\"QN2lPu\">&#8211; K\u00edch th\u01b0\u1edbc h\u1ed9p h\u00e0ng: 20.5&#215;19.1&#215;4.6 cm<\/p>\n<p class=\"QN2lPu\">\n<div class=\"QN2lPu\">\n<div style=\"position: relative; width: 100%; padding-bottom: 100%;\"><picture class=\"UkIsx8\"><source srcset=\"https:\/\/down-vn.img.susercontent.com\/file\/vn-11134208-7ras8-m4eb6up898uf3a@resize_w875_nl.webp 1x, https:\/\/down-vn.img.susercontent.com\/file\/vn-11134208-7ras8-m4eb6up898uf3a@resize_w1750_nl.webp 2x\" type=\"image\/webp\" class=\"UkIsx8\"><img decoding=\"async\" width=\"875\" loading=\"lazy\" class=\"uXN1L5 lazyload GqYslU\" srcset=\"https:\/\/down-vn.img.susercontent.com\/file\/vn-11134208-7ras8-m4eb6up898uf3a@resize_w875_nl 1x, https:\/\/down-vn.img.susercontent.com\/file\/vn-11134208-7ras8-m4eb6up898uf3a@resize_w1750_nl 2x\" src=\"https:\/\/down-vn.img.susercontent.com\/file\/vn-11134208-7ras8-m4eb6up898uf3a\" height=\"875\"><\/picture><\/div>\n<\/div>\n<div class=\"QN2lPu\">\n<div style=\"position: relative; width: 100%; padding-bottom: 100%;\"><picture class=\"UkIsx8\"><source srcset=\"https:\/\/down-vn.img.susercontent.com\/file\/vn-11134208-7ras8-m4ebvn8fr3rj19@resize_w875_nl.webp 1x, https:\/\/down-vn.img.susercontent.com\/file\/vn-11134208-7ras8-m4ebvn8fr3rj19@resize_w1750_nl.webp 2x\" type=\"image\/webp\" class=\"UkIsx8\"><img decoding=\"async\" width=\"875\" loading=\"lazy\" class=\"uXN1L5 lazyload GqYslU\" srcset=\"https:\/\/down-vn.img.susercontent.com\/file\/vn-11134208-7ras8-m4ebvn8fr3rj19@resize_w875_nl 1x, https:\/\/down-vn.img.susercontent.com\/file\/vn-11134208-7ras8-m4ebvn8fr3rj19@resize_w1750_nl 2x\" src=\"https:\/\/down-vn.img.susercontent.com\/file\/vn-11134208-7ras8-m4ebvn8fr3rj19\" height=\"875\"><\/picture><\/div>\n<\/div>\n<div class=\"QN2lPu\">\n<div style=\"position: relative; width: 100%; padding-bottom: 100%;\"><picture class=\"UkIsx8\"><source srcset=\"https:\/\/down-vn.img.susercontent.com\/file\/vn-11134208-7ras8-m4ebvn8fsibzc8@resize_w875_nl.webp 1x, https:\/\/down-vn.img.susercontent.com\/file\/vn-11134208-7ras8-m4ebvn8fsibzc8@resize_w1750_nl.webp 2x\" type=\"image\/webp\" class=\"UkIsx8\"><img decoding=\"async\" width=\"875\" loading=\"lazy\" class=\"uXN1L5 lazyload GqYslU\" srcset=\"https:\/\/down-vn.img.susercontent.com\/file\/vn-11134208-7ras8-m4ebvn8fsibzc8@resize_w875_nl 1x, https:\/\/down-vn.img.susercontent.com\/file\/vn-11134208-7ras8-m4ebvn8fsibzc8@resize_w1750_nl 2x\" src=\"https:\/\/down-vn.img.susercontent.com\/file\/vn-11134208-7ras8-m4ebvn8fsibzc8\" height=\"875\"><\/picture><\/div>\n<\/div>\n<div class=\"QN2lPu\">\n<div style=\"position: relative; width: 100%; padding-bottom: 100%;\"><picture class=\"UkIsx8\"><source srcset=\"https:\/\/down-vn.img.susercontent.com\/file\/vn-11134208-7ras8-m4ebvn8ftwwf6b@resize_w875_nl.webp 1x, https:\/\/down-vn.img.susercontent.com\/file\/vn-11134208-7ras8-m4ebvn8ftwwf6b@resize_w1750_nl.webp 2x\" type=\"image\/webp\" class=\"UkIsx8\"><img decoding=\"async\" width=\"875\" loading=\"lazy\" class=\"uXN1L5 lazyload GqYslU\" srcset=\"https:\/\/down-vn.img.susercontent.com\/file\/vn-11134208-7ras8-m4ebvn8ftwwf6b@resize_w875_nl 1x, https:\/\/down-vn.img.susercontent.com\/file\/vn-11134208-7ras8-m4ebvn8ftwwf6b@resize_w1750_nl 2x\" src=\"https:\/\/down-vn.img.susercontent.com\/file\/vn-11134208-7ras8-m4ebvn8ftwwf6b\" height=\"875\"><\/picture><\/div>\n<\/div>\n<div class=\"QN2lPu\">\n<div style=\"position: relative; width: 100%; padding-bottom: 100%;\"><picture class=\"UkIsx8\"><source srcset=\"https:\/\/down-vn.img.susercontent.com\/file\/vn-11134208-7ras8-m4ebvn8fvbgv19@resize_w875_nl.webp 1x, https:\/\/down-vn.img.susercontent.com\/file\/vn-11134208-7ras8-m4ebvn8fvbgv19@resize_w1750_nl.webp 2x\" type=\"image\/webp\" class=\"UkIsx8\"><img decoding=\"async\" width=\"875\" loading=\"lazy\" class=\"uXN1L5 lazyload GqYslU\" srcset=\"https:\/\/down-vn.img.susercontent.com\/file\/vn-11134208-7ras8-m4ebvn8fvbgv19@resize_w875_nl 1x, https:\/\/down-vn.img.susercontent.com\/file\/vn-11134208-7ras8-m4ebvn8fvbgv19@resize_w1750_nl 2x\" src=\"https:\/\/down-vn.img.susercontent.com\/file\/vn-11134208-7ras8-m4ebvn8fvbgv19\" height=\"875\"><\/picture><\/div>\n<\/div>\n<div class=\"QN2lPu\">\n<div style=\"position: relative; width: 100%; padding-bottom: 100%;\"><picture class=\"UkIsx8\"><source srcset=\"https:\/\/down-vn.img.susercontent.com\/file\/vn-11134208-7ras8-m4ebvn8fwq1b82@resize_w875_nl.webp 1x, https:\/\/down-vn.img.susercontent.com\/file\/vn-11134208-7ras8-m4ebvn8fwq1b82@resize_w1750_nl.webp 2x\" type=\"image\/webp\" class=\"UkIsx8\"><img decoding=\"async\" width=\"875\" loading=\"lazy\" class=\"uXN1L5 lazyload GqYslU\" srcset=\"https:\/\/down-vn.img.susercontent.com\/file\/vn-11134208-7ras8-m4ebvn8fwq1b82@resize_w875_nl 1x, https:\/\/down-vn.img.susercontent.com\/file\/vn-11134208-7ras8-m4ebvn8fwq1b82@resize_w1750_nl 2x\" src=\"https:\/\/down-vn.img.susercontent.com\/file\/vn-11134208-7ras8-m4ebvn8fwq1b82\" height=\"875\"><\/picture><\/div>\n<\/div>\n<div class=\"QN2lPu\">\n<div style=\"position: relative; width: 100%; padding-bottom: 100%;\"><picture class=\"UkIsx8\"><source srcset=\"https:\/\/down-vn.img.susercontent.com\/file\/vn-11134208-7ras8-m4ebvn8fy4lrfd@resize_w875_nl.webp 1x, https:\/\/down-vn.img.susercontent.com\/file\/vn-11134208-7ras8-m4ebvn8fy4lrfd@resize_w1750_nl.webp 2x\" type=\"image\/webp\" class=\"UkIsx8\"><img decoding=\"async\" width=\"875\" loading=\"lazy\" class=\"uXN1L5 lazyload QSLoEa GqYslU\" srcset=\"https:\/\/down-vn.img.susercontent.com\/file\/vn-11134208-7ras8-m4ebvn8fy4lrfd@resize_w875_nl 1x, https:\/\/down-vn.img.susercontent.com\/file\/vn-11134208-7ras8-m4ebvn8fy4lrfd@resize_w1750_nl 2x\" src=\"https:\/\/down-vn.img.susercontent.com\/file\/vn-11134208-7ras8-m4ebvn8fy4lrfd\" height=\"875\"><\/picture><\/div>\n<\/div>\n<div class=\"QN2lPu\">\n<div style=\"position: relative; width: 100%; padding-bottom: 100%;\"><picture class=\"UkIsx8\"><source srcset=\"https:\/\/down-vn.img.susercontent.com\/file\/vn-11134208-7ras8-m4ebvn8fzj671f@resize_w875_nl.webp 1x, https:\/\/down-vn.img.susercontent.com\/file\/vn-11134208-7ras8-m4ebvn8fzj671f@resize_w1750_nl.webp 2x\" type=\"image\/webp\" class=\"UkIsx8\"><img decoding=\"async\" width=\"875\" loading=\"lazy\" class=\"uXN1L5 lazyload QSLoEa GqYslU\" srcset=\"https:\/\/down-vn.img.susercontent.com\/file\/vn-11134208-7ras8-m4ebvn8fzj671f@resize_w875_nl 1x, https:\/\/down-vn.img.susercontent.com\/file\/vn-11134208-7ras8-m4ebvn8fzj671f@resize_w1750_nl 2x\" src=\"https:\/\/down-vn.img.susercontent.com\/file\/vn-11134208-7ras8-m4ebvn8fzj671f\" height=\"875\"><\/picture><\/div>\n<\/div>\n<\/div>\n","protected":false},"excerpt":{"rendered":"<p>LEGO FRIENDS 42647 \u0110\u1ed3 Ch\u01a1i L\u1eafp R\u00e1p C\u0103n Ph\u00f2ng C\u1ee7a Paisley (199 Chi Ti\u1ebft) Th\u1eddi gian vui v\u1ebb c\u00f9ng b\u1ea1n b\u00e8 trong ph\u00f2ng ch\u01a1i \u0111\u1ea7y s\u00e1ng t\u1ea1o! H\u00f4m nay, Paisley m\u1eddi Liann \u0111\u1ebfn ph\u00f2ng ch\u01a1i c\u1ee7a m\u00ecnh, n\u01a1i ho\u00e0n h\u1ea3o cho m\u1ed9t ng\u00e0y tr\u00e0n ng\u1eadp s\u00e1ng t\u1ea1o. C\u00f9ng nhau, h\u1ecd t\u00f4 m\u00e0u t\u01b0\u1ee3ng nh\u1ecf v\u00e0&#8230;<\/p>\n","protected":false},"featured_media":14240,"comment_status":"open","ping_status":"closed","template":"","meta":[],"product_brand":[],"product_cat":[1346],"product_tag":[],"class_list":{"0":"post-14076","1":"product","2":"type-product","3":"status-publish","4":"has-post-thumbnail","6":"product_cat-do-choi-lap-rap","8":"first","9":"instock","10":"sale","11":"featured","12":"shipping-taxable","13":"purchasable","14":"product-type-simple"},"_links":{"self":[{"href":"https:\/\/web-ban-le.mbws.vn\/do-choi\/wp-json\/wp\/v2\/product\/14076","targetHints":{"allow":["GET"]}}],"collection":[{"href":"https:\/\/web-ban-le.mbws.vn\/do-choi\/wp-json\/wp\/v2\/product"}],"about":[{"href":"https:\/\/web-ban-le.mbws.vn\/do-choi\/wp-json\/wp\/v2\/types\/product"}],"replies":[{"embeddable":true,"href":"https:\/\/web-ban-le.mbws.vn\/do-choi\/wp-json\/wp\/v2\/comments?post=14076"}],"wp:featuredmedia":[{"embeddable":true,"href":"https:\/\/web-ban-le.mbws.vn\/do-choi\/wp-json\/wp\/v2\/media\/14240"}],"wp:attachment":[{"href":"https:\/\/web-ban-le.mbws.vn\/do-choi\/wp-json\/wp\/v2\/media?parent=14076"}],"wp:term":[{"taxonomy":"product_brand","embeddable":true,"href":"https:\/\/web-ban-le.mbws.vn\/do-choi\/wp-json\/wp\/v2\/product_brand?post=14076"},{"taxonomy":"product_cat","embeddable":true,"href":"https:\/\/web-ban-le.mbws.vn\/do-choi\/wp-json\/wp\/v2\/product_cat?post=14076"},{"taxonomy":"product_tag","embeddable":true,"href":"https:\/\/web-ban-le.mbws.vn\/do-choi\/wp-json\/wp\/v2\/product_tag?post=14076"}],"curies":[{"name":"wp","href":"https:\/\/api.w.org\/{rel}","templated":true}]}}