{"id":14077,"date":"2025-10-28T13:24:43","date_gmt":"2025-10-28T06:24:43","guid":{"rendered":"https:\/\/web-ban-le.mbws.vn\/do-choi\/?post_type=product&#038;p=14077"},"modified":"2025-11-05T08:29:27","modified_gmt":"2025-11-05T01:29:27","slug":"lego-superheroes-76276-do-choi-lap-rap-chien-giap-venom-134-chi-tiet","status":"publish","type":"product","link":"https:\/\/web-ban-le.mbws.vn\/do-choi\/san-pham\/lego-superheroes-76276-do-choi-lap-rap-chien-giap-venom-134-chi-tiet\/","title":{"rendered":"LEGO SUPERHEROES 76276 \u0110\u1ed3 ch\u01a1i l\u1eafp r\u00e1p Chi\u1ebfn gi\u00e1p Venom (134 chi ti\u1ebft)"},"content":{"rendered":"<div class=\"e8lZp3\">\n<p class=\"QN2lPu\">LEGO SUPERHEROES 76276 \u0110\u1ed3 ch\u01a1i l\u1eafp r\u00e1p Chi\u1ebfn gi\u00e1p Venom (134 chi ti\u1ebft)<\/p>\n<div class=\"QN2lPu\">\n<div style=\"position: relative; width: 100%; padding-bottom: 100%;\"><picture class=\"UkIsx8\"><source srcset=\"https:\/\/down-vn.img.susercontent.com\/file\/vn-11134202-7r98o-lu5tje949z8073@resize_w875_nl.webp 1x, https:\/\/down-vn.img.susercontent.com\/file\/vn-11134202-7r98o-lu5tje949z8073@resize_w1750_nl.webp 2x\" type=\"image\/webp\" class=\"UkIsx8\"><img decoding=\"async\" width=\"875\" loading=\"lazy\" class=\"uXN1L5 lazyload GqYslU\" srcset=\"https:\/\/down-vn.img.susercontent.com\/file\/vn-11134202-7r98o-lu5tje949z8073@resize_w875_nl 1x, https:\/\/down-vn.img.susercontent.com\/file\/vn-11134202-7r98o-lu5tje949z8073@resize_w1750_nl 2x\" src=\"https:\/\/down-vn.img.susercontent.com\/file\/vn-11134202-7r98o-lu5tje949z8073\" height=\"875\"><\/picture><\/div>\n<\/div>\n<div class=\"QN2lPu\">\n<div style=\"position: relative; width: 100%; padding-bottom: 100%;\"><picture class=\"UkIsx8\"><source srcset=\"https:\/\/down-vn.img.susercontent.com\/file\/vn-11134202-7r98o-lu5tjei9wl3j29@resize_w875_nl.webp 1x, https:\/\/down-vn.img.susercontent.com\/file\/vn-11134202-7r98o-lu5tjei9wl3j29@resize_w1750_nl.webp 2x\" type=\"image\/webp\" class=\"UkIsx8\"><img decoding=\"async\" width=\"875\" loading=\"lazy\" class=\"uXN1L5 lazyload GqYslU\" srcset=\"https:\/\/down-vn.img.susercontent.com\/file\/vn-11134202-7r98o-lu5tjei9wl3j29@resize_w875_nl 1x, https:\/\/down-vn.img.susercontent.com\/file\/vn-11134202-7r98o-lu5tjei9wl3j29@resize_w1750_nl 2x\" src=\"https:\/\/down-vn.img.susercontent.com\/file\/vn-11134202-7r98o-lu5tjei9wl3j29\" height=\"875\"><\/picture><\/div>\n<\/div>\n<div class=\"QN2lPu\">\n<div style=\"position: relative; width: 100%; padding-bottom: 100%;\"><picture class=\"UkIsx8\"><source srcset=\"https:\/\/down-vn.img.susercontent.com\/file\/vn-11134202-7r98o-lu5tjep7mflxc3@resize_w875_nl.webp 1x, https:\/\/down-vn.img.susercontent.com\/file\/vn-11134202-7r98o-lu5tjep7mflxc3@resize_w1750_nl.webp 2x\" type=\"image\/webp\" class=\"UkIsx8\"><img decoding=\"async\" width=\"875\" loading=\"lazy\" class=\"uXN1L5 lazyload GqYslU\" srcset=\"https:\/\/down-vn.img.susercontent.com\/file\/vn-11134202-7r98o-lu5tjep7mflxc3@resize_w875_nl 1x, https:\/\/down-vn.img.susercontent.com\/file\/vn-11134202-7r98o-lu5tjep7mflxc3@resize_w1750_nl 2x\" src=\"https:\/\/down-vn.img.susercontent.com\/file\/vn-11134202-7r98o-lu5tjep7mflxc3\" height=\"875\"><\/picture><\/div>\n<\/div>\n<div class=\"QN2lPu\">\n<div style=\"position: relative; width: 100%; padding-bottom: 100%;\"><picture class=\"UkIsx8\"><source srcset=\"https:\/\/down-vn.img.susercontent.com\/file\/vn-11134202-7r98o-lu5tjewfbuxkb8@resize_w875_nl.webp 1x, https:\/\/down-vn.img.susercontent.com\/file\/vn-11134202-7r98o-lu5tjewfbuxkb8@resize_w1750_nl.webp 2x\" type=\"image\/webp\" class=\"UkIsx8\"><img decoding=\"async\" width=\"875\" loading=\"lazy\" class=\"uXN1L5 lazyload GqYslU\" srcset=\"https:\/\/down-vn.img.susercontent.com\/file\/vn-11134202-7r98o-lu5tjewfbuxkb8@resize_w875_nl 1x, https:\/\/down-vn.img.susercontent.com\/file\/vn-11134202-7r98o-lu5tjewfbuxkb8@resize_w1750_nl 2x\" src=\"https:\/\/down-vn.img.susercontent.com\/file\/vn-11134202-7r98o-lu5tjewfbuxkb8\" height=\"875\"><\/picture><\/div>\n<\/div>\n<div class=\"QN2lPu\">\n<div style=\"position: relative; width: 100%; padding-bottom: 100%;\"><picture class=\"UkIsx8\"><source srcset=\"https:\/\/down-vn.img.susercontent.com\/file\/vn-11134202-7r98o-lu5tjf50zaa3b1@resize_w875_nl.webp 1x, https:\/\/down-vn.img.susercontent.com\/file\/vn-11134202-7r98o-lu5tjf50zaa3b1@resize_w1750_nl.webp 2x\" type=\"image\/webp\" class=\"UkIsx8\"><img decoding=\"async\" width=\"875\" loading=\"lazy\" class=\"uXN1L5 lazyload GqYslU\" srcset=\"https:\/\/down-vn.img.susercontent.com\/file\/vn-11134202-7r98o-lu5tjf50zaa3b1@resize_w875_nl 1x, https:\/\/down-vn.img.susercontent.com\/file\/vn-11134202-7r98o-lu5tjf50zaa3b1@resize_w1750_nl 2x\" src=\"https:\/\/down-vn.img.susercontent.com\/file\/vn-11134202-7r98o-lu5tjf50zaa3b1\" height=\"875\"><\/picture><\/div>\n<\/div>\n<div class=\"QN2lPu\">\n<div style=\"position: relative; width: 100%; padding-bottom: 100%;\"><picture class=\"UkIsx8\"><source srcset=\"https:\/\/down-vn.img.susercontent.com\/file\/vn-11134202-7r98o-lu5tjfbopjika8@resize_w875_nl.webp 1x, https:\/\/down-vn.img.susercontent.com\/file\/vn-11134202-7r98o-lu5tjfbopjika8@resize_w1750_nl.webp 2x\" type=\"image\/webp\" class=\"UkIsx8\"><img decoding=\"async\" width=\"875\" loading=\"lazy\" class=\"uXN1L5 lazyload QSLoEa GqYslU\" srcset=\"https:\/\/down-vn.img.susercontent.com\/file\/vn-11134202-7r98o-lu5tjfbopjika8@resize_w875_nl 1x, https:\/\/down-vn.img.susercontent.com\/file\/vn-11134202-7r98o-lu5tjfbopjika8@resize_w1750_nl 2x\" src=\"https:\/\/down-vn.img.susercontent.com\/file\/vn-11134202-7r98o-lu5tjfbopjika8\" height=\"875\"><\/picture><\/div>\n<\/div>\n<div class=\"QN2lPu\">\n<div style=\"position: relative; width: 100%; padding-bottom: 100%;\"><picture class=\"UkIsx8\"><source srcset=\"https:\/\/down-vn.img.susercontent.com\/file\/vn-11134202-7r98o-lu5tjfnc8hfz37@resize_w875_nl.webp 1x, https:\/\/down-vn.img.susercontent.com\/file\/vn-11134202-7r98o-lu5tjfnc8hfz37@resize_w1750_nl.webp 2x\" type=\"image\/webp\" class=\"UkIsx8\"><img decoding=\"async\" width=\"875\" loading=\"lazy\" class=\"uXN1L5 lazyload QSLoEa GqYslU\" srcset=\"https:\/\/down-vn.img.susercontent.com\/file\/vn-11134202-7r98o-lu5tjfnc8hfz37@resize_w875_nl 1x, https:\/\/down-vn.img.susercontent.com\/file\/vn-11134202-7r98o-lu5tjfnc8hfz37@resize_w1750_nl 2x\" src=\"https:\/\/down-vn.img.susercontent.com\/file\/vn-11134202-7r98o-lu5tjfnc8hfz37\" height=\"875\"><\/picture><\/div>\n<\/div>\n<p class=\"QN2lPu\">\n<p class=\"QN2lPu\">K\u00edch ho\u1ea1t chi\u1ebfn gi\u00e1p, \u0111\u1eb7t Venom v\u00e0o b\u00ean trong v\u00e0 bi\u1ebfn symbiote ngo\u00e0i h\u00e0nh tinh th\u00e0nh m\u1ed9t c\u1ed7 m\u00e1y chi\u1ebfn \u0111\u1ea5u kh\u1ed5ng l\u1ed3! Khi Miles Morales b\u1eaft \u0111\u1ea7u h\u00e0nh \u0111\u1ed9ng v\u1edbi m\u00e1y b\u1eafn t\u01a1 c\u1ee7a m\u00ecnh, ch\u00e2n v\u00e0 c\u00e1nh tay c\u00f3 th\u1ec3 di chuy\u1ec3n c\u1ee7a ng\u01b0\u1eddi m\u00e1y s\u1ebd quay sang t\u00f3m l\u1ea5y Miles b\u1eb1ng m\u00f3ng vu\u1ed1t c\u1ee7a n\u00f3. Nh\u01b0ng Miles \u0111\u00e3 \u0111u d\u00e2y quanh c\u1ed7 m\u00e1y v\u00e0 tho\u00e1t kh\u1ecfi.<\/p>\n<p class=\"QN2lPu\">\n<p class=\"QN2lPu\">\u2022 \u0110\u1ed3 ch\u01a1i Si\u00eau anh h\u00f9ng d\u00e0nh cho fan h\u00e2m m\u1ed9 nh\u00ed \u2013 \u0110\u01b0a nh\u1eefng cu\u1ed9c phi\u00eau l\u01b0u c\u1ee7a Marvel v\u00e0o tay c\u00e1c b\u00e9 trai v\u00e0 b\u00e9 g\u00e1i t\u1eeb 6 tu\u1ed5i tr\u1edf l\u00ean v\u1edbi b\u1ed9 \u0110\u1ed3 ch\u01a1i l\u1eafp r\u00e1p Chi\u1ebfn gi\u00e1p Venom<\/p>\n<p class=\"QN2lPu\">\u2022 \u0110\u1ed3 ch\u01a1i l\u1eafp r\u00e1p Chi\u1ebfn gi\u00e1p Venom \u2013 Bao g\u1ed3m m\u1ed9t c\u1ed7 m\u00e1y chi\u1ebfn gi\u00e1p v\u1edbi ch\u00e2n, c\u00e1nh tay v\u00e0 ng\u00f3n tay c\u00f3 kh\u1edbp n\u1ed1i, c\u00f9ng v\u1edbi c\u00e1c m\u00f4 h\u00ecnh Miles Morales v\u00e0 Venom LEGO\u00ae<\/p>\n<p class=\"QN2lPu\">\u2022 C\u00e1ch ch\u01a1i \u0111a d\u1ea1ng \u2013 M\u00f4 h\u00ecnh minifigure c\u1ee7a Venom LEGO\u00ae v\u1eeba v\u1eb7n v\u1edbi bu\u1ed3ng l\u00e1i c\u1ee7a c\u1ed7 m\u00e1y, c\u00f3 c\u00e1c chi ti\u1ebft c\u00f3 th\u1ec3 c\u1eed \u0111\u1ed9ng \u0111\u01b0\u1ee3c. Ng\u01b0\u1eddi h\u00e2m m\u1ed9 \u0111\u1ed3 ch\u01a1i LEGO\u00ae Marvel c\u00f3 th\u1ec3 nh\u1eadp vai v\u1edbi b\u1ed9 tr\u00f2 ch\u01a1i ho\u00e0nh tr\u00e1ng n\u00e0y<\/p>\n<p class=\"QN2lPu\">\u2022 Qu\u00e0 t\u1eb7ng d\u00e0nh cho nh\u1eefng si\u00eau anh h\u00f9ng nh\u00ed \u2013 B\u1ed9 tr\u00f2 ch\u01a1i n\u00e0y l\u00e0 m\u1ed9t m\u00f3n qu\u00e0 sinh nh\u1eadt tuy\u1ec7t v\u1eddi cho nh\u1eefng b\u00e9 y\u00eau th\u00edch nh\u1eefng v\u1ecb si\u00eau anh h\u00f9ng, \u0111\u1eb7c bi\u1ec7t l\u00e0 Ng\u01b0\u1eddi Nh\u1ec7n Si\u00eau \u0110\u1eb3ng Mile Morales<\/p>\n<p class=\"QN2lPu\">\u2022 \u0110\u1ed3 ch\u01a1i LEGO\u00ae Marvel \u2013 Nh\u1eefng b\u1ed9 l\u1eafp r\u00e1p LEGO Marvel \u0111\u01b0\u1ee3c thi\u1ebft k\u1ebf \u0111\u1ec3 mang \u0111\u1ebfn cho b\u00e9 nh\u1eefng tr\u1ea3i nghi\u1ec7m l\u1eafp r\u00e1p tuy\u1ec7t v\u1eddi v\u1edbi nh\u1eefng Si\u00eau anh h\u00f9ng m\u00e0 b\u00e9 y\u00eau th\u00edch nh\u1ea5t nh\u01b0 Ng\u01b0\u1eddi Nh\u1ec7n, Ng\u01b0\u1eddi S\u1eaft. Thor,\u2026<\/p>\n<p class=\"QN2lPu\">\u2022 K\u00edch th\u01b0\u1edbc \u2013 B\u1ed9 l\u1eafp r\u00e1p g\u1ed3m 134 m\u1ea3nh n\u00e0y cao h\u01a1n 5 inch (13 cm)<\/p>\n<\/div>\n","protected":false},"excerpt":{"rendered":"<p>LEGO SUPERHEROES 76276 \u0110\u1ed3 ch\u01a1i l\u1eafp r\u00e1p Chi\u1ebfn gi\u00e1p Venom (134 chi ti\u1ebft) K\u00edch ho\u1ea1t chi\u1ebfn gi\u00e1p, \u0111\u1eb7t Venom v\u00e0o b\u00ean trong v\u00e0 bi\u1ebfn symbiote ngo\u00e0i h\u00e0nh tinh th\u00e0nh m\u1ed9t c\u1ed7 m\u00e1y chi\u1ebfn \u0111\u1ea5u kh\u1ed5ng l\u1ed3! Khi Miles Morales b\u1eaft \u0111\u1ea7u h\u00e0nh \u0111\u1ed9ng v\u1edbi m\u00e1y b\u1eafn t\u01a1 c\u1ee7a m\u00ecnh, ch\u00e2n v\u00e0 c\u00e1nh tay c\u00f3 th\u1ec3&#8230;<\/p>\n","protected":false},"featured_media":14253,"comment_status":"open","ping_status":"closed","template":"","meta":[],"product_brand":[],"product_cat":[1346],"product_tag":[],"class_list":{"0":"post-14077","1":"product","2":"type-product","3":"status-publish","4":"has-post-thumbnail","6":"product_cat-do-choi-lap-rap","8":"first","9":"instock","10":"sale","11":"featured","12":"shipping-taxable","13":"purchasable","14":"product-type-simple"},"_links":{"self":[{"href":"https:\/\/web-ban-le.mbws.vn\/do-choi\/wp-json\/wp\/v2\/product\/14077","targetHints":{"allow":["GET"]}}],"collection":[{"href":"https:\/\/web-ban-le.mbws.vn\/do-choi\/wp-json\/wp\/v2\/product"}],"about":[{"href":"https:\/\/web-ban-le.mbws.vn\/do-choi\/wp-json\/wp\/v2\/types\/product"}],"replies":[{"embeddable":true,"href":"https:\/\/web-ban-le.mbws.vn\/do-choi\/wp-json\/wp\/v2\/comments?post=14077"}],"wp:featuredmedia":[{"embeddable":true,"href":"https:\/\/web-ban-le.mbws.vn\/do-choi\/wp-json\/wp\/v2\/media\/14253"}],"wp:attachment":[{"href":"https:\/\/web-ban-le.mbws.vn\/do-choi\/wp-json\/wp\/v2\/media?parent=14077"}],"wp:term":[{"taxonomy":"product_brand","embeddable":true,"href":"https:\/\/web-ban-le.mbws.vn\/do-choi\/wp-json\/wp\/v2\/product_brand?post=14077"},{"taxonomy":"product_cat","embeddable":true,"href":"https:\/\/web-ban-le.mbws.vn\/do-choi\/wp-json\/wp\/v2\/product_cat?post=14077"},{"taxonomy":"product_tag","embeddable":true,"href":"https:\/\/web-ban-le.mbws.vn\/do-choi\/wp-json\/wp\/v2\/product_tag?post=14077"}],"curies":[{"name":"wp","href":"https:\/\/api.w.org\/{rel}","templated":true}]}}