{"id":14078,"date":"2025-10-28T13:24:43","date_gmt":"2025-10-28T06:24:43","guid":{"rendered":"https:\/\/web-ban-le.mbws.vn\/do-choi\/?post_type=product&#038;p=14078"},"modified":"2025-11-05T08:29:27","modified_gmt":"2025-11-05T01:29:27","slug":"lego-speed-champions-76919-do-choi-lap-rap-sieu-xe-mclaren-f1-245-chi-tiet","status":"publish","type":"product","link":"https:\/\/web-ban-le.mbws.vn\/do-choi\/san-pham\/lego-speed-champions-76919-do-choi-lap-rap-sieu-xe-mclaren-f1-245-chi-tiet\/","title":{"rendered":"LEGO SPEED CHAMPIONS 76919 \u0110\u1ed3 ch\u01a1i l\u1eafp r\u00e1p Si\u00eau xe McLaren F1 (245 chi ti\u1ebft)"},"content":{"rendered":"<div class=\"e8lZp3\">\n<p class=\"QN2lPu\">LEGO&nbsp;SPEED&nbsp;CHAMPIONS&nbsp;76919&nbsp;\u0110\u1ed3&nbsp;ch\u01a1i&nbsp;l\u1eafp&nbsp;r\u00e1p&nbsp;Si\u00eau&nbsp;xe&nbsp;McLaren&nbsp;F1&nbsp;(245&nbsp;chi&nbsp;ti\u1ebft)<\/p>\n<div class=\"QN2lPu\">\n<div style=\"position: relative; width: 100%; padding-bottom: 100%;\"><picture class=\"UkIsx8\"><source srcset=\"https:\/\/down-vn.img.susercontent.com\/file\/vn-11134202-7r98o-luue0w83uw6n96@resize_w875_nl.webp 1x, https:\/\/down-vn.img.susercontent.com\/file\/vn-11134202-7r98o-luue0w83uw6n96@resize_w1750_nl.webp 2x\" type=\"image\/webp\" class=\"UkIsx8\"><img decoding=\"async\" width=\"875\" loading=\"lazy\" class=\"uXN1L5 lazyload GqYslU\" srcset=\"https:\/\/down-vn.img.susercontent.com\/file\/vn-11134202-7r98o-luue0w83uw6n96@resize_w875_nl 1x, https:\/\/down-vn.img.susercontent.com\/file\/vn-11134202-7r98o-luue0w83uw6n96@resize_w1750_nl 2x\" src=\"https:\/\/down-vn.img.susercontent.com\/file\/vn-11134202-7r98o-luue0w83uw6n96\" height=\"875\"><\/picture><\/div>\n<\/div>\n<div class=\"QN2lPu\">\n<div style=\"position: relative; width: 100%; padding-bottom: 100%;\"><picture class=\"UkIsx8\"><source srcset=\"https:\/\/down-vn.img.susercontent.com\/file\/vn-11134202-7r98o-luue0wj7en9r85@resize_w875_nl.webp 1x, https:\/\/down-vn.img.susercontent.com\/file\/vn-11134202-7r98o-luue0wj7en9r85@resize_w1750_nl.webp 2x\" type=\"image\/webp\" class=\"UkIsx8\"><img decoding=\"async\" width=\"875\" loading=\"lazy\" class=\"uXN1L5 lazyload GqYslU\" srcset=\"https:\/\/down-vn.img.susercontent.com\/file\/vn-11134202-7r98o-luue0wj7en9r85@resize_w875_nl 1x, https:\/\/down-vn.img.susercontent.com\/file\/vn-11134202-7r98o-luue0wj7en9r85@resize_w1750_nl 2x\" src=\"https:\/\/down-vn.img.susercontent.com\/file\/vn-11134202-7r98o-luue0wj7en9r85\" height=\"875\"><\/picture><\/div>\n<\/div>\n<div class=\"QN2lPu\">\n<div style=\"position: relative; width: 100%; padding-bottom: 100%;\"><picture class=\"UkIsx8\"><source srcset=\"https:\/\/down-vn.img.susercontent.com\/file\/vn-11134202-7r98o-luue0wuky0g7a1@resize_w875_nl.webp 1x, https:\/\/down-vn.img.susercontent.com\/file\/vn-11134202-7r98o-luue0wuky0g7a1@resize_w1750_nl.webp 2x\" type=\"image\/webp\" class=\"UkIsx8\"><img decoding=\"async\" width=\"875\" loading=\"lazy\" class=\"uXN1L5 lazyload GqYslU\" srcset=\"https:\/\/down-vn.img.susercontent.com\/file\/vn-11134202-7r98o-luue0wuky0g7a1@resize_w875_nl 1x, https:\/\/down-vn.img.susercontent.com\/file\/vn-11134202-7r98o-luue0wuky0g7a1@resize_w1750_nl 2x\" src=\"https:\/\/down-vn.img.susercontent.com\/file\/vn-11134202-7r98o-luue0wuky0g7a1\" height=\"875\"><\/picture><\/div>\n<\/div>\n<div class=\"QN2lPu\">\n<div style=\"position: relative; width: 100%; padding-bottom: 100%;\"><picture class=\"UkIsx8\"><source srcset=\"https:\/\/down-vn.img.susercontent.com\/file\/vn-11134202-7r98o-luue0x7weiqd9d@resize_w875_nl.webp 1x, https:\/\/down-vn.img.susercontent.com\/file\/vn-11134202-7r98o-luue0x7weiqd9d@resize_w1750_nl.webp 2x\" type=\"image\/webp\" class=\"UkIsx8\"><img decoding=\"async\" width=\"875\" loading=\"lazy\" class=\"uXN1L5 lazyload GqYslU\" srcset=\"https:\/\/down-vn.img.susercontent.com\/file\/vn-11134202-7r98o-luue0x7weiqd9d@resize_w875_nl 1x, https:\/\/down-vn.img.susercontent.com\/file\/vn-11134202-7r98o-luue0x7weiqd9d@resize_w1750_nl 2x\" src=\"https:\/\/down-vn.img.susercontent.com\/file\/vn-11134202-7r98o-luue0x7weiqd9d\" height=\"875\"><\/picture><\/div>\n<\/div>\n<div class=\"QN2lPu\">\n<div style=\"position: relative; width: 100%; padding-bottom: 100%;\"><picture class=\"UkIsx8\"><source srcset=\"https:\/\/down-vn.img.susercontent.com\/file\/vn-11134202-7r98o-luue0xkdw8u035@resize_w875_nl.webp 1x, https:\/\/down-vn.img.susercontent.com\/file\/vn-11134202-7r98o-luue0xkdw8u035@resize_w1750_nl.webp 2x\" type=\"image\/webp\" class=\"UkIsx8\"><img decoding=\"async\" width=\"875\" loading=\"lazy\" class=\"uXN1L5 lazyload GqYslU\" srcset=\"https:\/\/down-vn.img.susercontent.com\/file\/vn-11134202-7r98o-luue0xkdw8u035@resize_w875_nl 1x, https:\/\/down-vn.img.susercontent.com\/file\/vn-11134202-7r98o-luue0xkdw8u035@resize_w1750_nl 2x\" src=\"https:\/\/down-vn.img.susercontent.com\/file\/vn-11134202-7r98o-luue0xkdw8u035\" height=\"875\"><\/picture><\/div>\n<\/div>\n<div class=\"QN2lPu\">\n<div style=\"position: relative; width: 100%; padding-bottom: 100%;\"><picture class=\"UkIsx8\"><source srcset=\"https:\/\/down-vn.img.susercontent.com\/file\/vn-11134202-7r98o-luue0xyjbjht10@resize_w875_nl.webp 1x, https:\/\/down-vn.img.susercontent.com\/file\/vn-11134202-7r98o-luue0xyjbjht10@resize_w1750_nl.webp 2x\" type=\"image\/webp\" class=\"UkIsx8\"><img decoding=\"async\" width=\"875\" loading=\"lazy\" class=\"uXN1L5 lazyload GqYslU\" srcset=\"https:\/\/down-vn.img.susercontent.com\/file\/vn-11134202-7r98o-luue0xyjbjht10@resize_w875_nl 1x, https:\/\/down-vn.img.susercontent.com\/file\/vn-11134202-7r98o-luue0xyjbjht10@resize_w1750_nl 2x\" src=\"https:\/\/down-vn.img.susercontent.com\/file\/vn-11134202-7r98o-luue0xyjbjht10\" height=\"875\"><\/picture><\/div>\n<\/div>\n<div class=\"QN2lPu\">\n<div style=\"position: relative; width: 100%; padding-bottom: 100%;\"><picture class=\"UkIsx8\"><source srcset=\"https:\/\/down-vn.img.susercontent.com\/file\/vn-11134202-7r98o-luue0ya6uhl386@resize_w875_nl.webp 1x, https:\/\/down-vn.img.susercontent.com\/file\/vn-11134202-7r98o-luue0ya6uhl386@resize_w1750_nl.webp 2x\" type=\"image\/webp\" class=\"UkIsx8\"><img decoding=\"async\" width=\"875\" loading=\"lazy\" class=\"uXN1L5 lazyload QSLoEa GqYslU\" srcset=\"https:\/\/down-vn.img.susercontent.com\/file\/vn-11134202-7r98o-luue0ya6uhl386@resize_w875_nl 1x, https:\/\/down-vn.img.susercontent.com\/file\/vn-11134202-7r98o-luue0ya6uhl386@resize_w1750_nl 2x\" src=\"https:\/\/down-vn.img.susercontent.com\/file\/vn-11134202-7r98o-luue0ya6uhl386\" height=\"875\"><\/picture><\/div>\n<\/div>\n<p class=\"QN2lPu\">C\u00e1c&nbsp;b\u00e9&nbsp;trai&nbsp;v\u00e0&nbsp;b\u00e9&nbsp;g\u00e1i&nbsp;t\u1eeb&nbsp;9&nbsp;tu\u1ed5i&nbsp;tr\u1edf&nbsp;l\u00ean&nbsp;c\u00f3&nbsp;th\u1ec3&nbsp;s\u01b0u&nbsp;t\u1eadp,&nbsp;ch\u1ebf&nbsp;t\u1ea1o&nbsp;v\u00e0&nbsp;tr\u01b0ng&nbsp;b\u00e0y&nbsp;chi\u1ebfc&nbsp;xe&nbsp;\u0111\u1ed3&nbsp;ch\u01a1i&nbsp;LEGO\u00ae&nbsp;Speed&nbsp;\u200b\u200bChampions&nbsp;2023&nbsp;McLaren&nbsp;Formula&nbsp;1&nbsp;Race&nbsp;Car&nbsp;(76919)&nbsp;n\u00e0y.&nbsp;Chi\u1ebfc&nbsp;xe&nbsp;\u0111\u1ed3&nbsp;ch\u01a1i&nbsp;F1&nbsp;ki\u1ec3u&nbsp;d\u00e1ng&nbsp;\u0111\u1eb9p&nbsp;d\u00e0nh&nbsp;cho&nbsp;tr\u1ebb&nbsp;em&nbsp;n\u00e0y&nbsp;bao&nbsp;g\u1ed3m&nbsp;m\u1ed9t&nbsp;s\u1ed1&nbsp;chi&nbsp;ti\u1ebft&nbsp;thi\u1ebft&nbsp;k\u1ebf&nbsp;mang&nbsp;t\u00ednh&nbsp;bi\u1ec3u&nbsp;t\u01b0\u1ee3ng&nbsp;t\u1eeb&nbsp;chi\u1ebfc&nbsp;xe&nbsp;\u0111ua&nbsp;ngo\u00e0i&nbsp;\u0111\u1eddi&nbsp;th\u1ef1c&nbsp;\u0111\u00e3&nbsp;t\u1ef1&nbsp;h\u00e0o&nbsp;k\u1ef7&nbsp;ni\u1ec7m&nbsp;60&nbsp;n\u0103m&nbsp;th\u00e0nh&nbsp;l\u1eadp&nbsp;McLaren&nbsp;Racing&nbsp;v\u00e0&nbsp;tranh&nbsp;t\u00e0i&nbsp;t\u1ea1i&nbsp;Gi\u1ea3i&nbsp;v\u00f4&nbsp;\u0111\u1ecbch&nbsp;Th\u1ebf&nbsp;gi\u1edbi&nbsp;C\u00f4ng&nbsp;th\u1ee9c&nbsp;M\u1ed9t&nbsp;n\u0103m&nbsp;2023.<\/p>\n<p class=\"QN2lPu\">M\u1eabu&nbsp;xe&nbsp;McLaren&nbsp;bao&nbsp;g\u1ed3m&nbsp;nhi\u1ec1u&nbsp;\u0111\u1eb7c&nbsp;\u0111i\u1ec3m&nbsp;th\u1ef1c&nbsp;t\u1ebf:&nbsp;m\u00e0u&nbsp;s\u01a1n&nbsp;\u0111u&nbsp;\u0111\u1ee7&nbsp;\u0111en,&nbsp;logo&nbsp;c\u1ee7a&nbsp;nh\u00e0&nbsp;t\u00e0i&nbsp;tr\u1ee3,&nbsp;b\u00e1nh&nbsp;xe&nbsp;c\u00f3&nbsp;in&nbsp;h\u00ecnh&nbsp;Pirelli&nbsp;v\u00e0&nbsp;v\u00f2ng&nbsp;an&nbsp;to\u00e0n&nbsp;\u0111u&nbsp;\u0111\u1ee7.&nbsp;B\u1ed9&nbsp;ph\u1ee5&nbsp;ki\u1ec7n&nbsp;\u00f4&nbsp;t\u00f4&nbsp;c\u00f3&nbsp;th\u1ec3&nbsp;l\u1eafp&nbsp;r\u00e1p&nbsp;c\u0169ng&nbsp;\u0111i&nbsp;k\u00e8m&nbsp;v\u1edbi&nbsp;m\u1ed9t&nbsp;m\u00f4&nbsp;h\u00ecnh&nbsp;nh\u1ecf&nbsp;ng\u01b0\u1eddi&nbsp;l\u00e1i&nbsp;xe&nbsp;\u0111\u1ec3&nbsp;tr\u1ebb&nbsp;em&nbsp;\u0111\u1eb7t&nbsp;sau&nbsp;tay&nbsp;l\u00e1i&nbsp;\u0111\u1ec3&nbsp;tham&nbsp;gia&nbsp;c\u00e1c&nbsp;cu\u1ed9c&nbsp;\u0111ua&nbsp;th\u00fa&nbsp;v\u1ecb.<\/p>\n<p class=\"QN2lPu\">B\u1ed9&nbsp;LEGO&nbsp;Speed&nbsp;\u200b\u200bChampions&nbsp;cho&nbsp;ph\u00e9p&nbsp;tr\u1ebb&nbsp;em&nbsp;v\u00e0&nbsp;nh\u1eefng&nbsp;ng\u01b0\u1eddi&nbsp;h\u00e2m&nbsp;m\u1ed9&nbsp;xe&nbsp;h\u01a1i&nbsp;\u0111am&nbsp;m\u00ea&nbsp;x\u00e2y&nbsp;d\u1ef1ng&nbsp;c\u00e1c&nbsp;phi\u00ean&nbsp;b\u1ea3n&nbsp;sao&nbsp;ch\u00e9p&nbsp;c\u1ee7a&nbsp;m\u1ed9t&nbsp;s\u1ed1&nbsp;ph\u01b0\u01a1ng&nbsp;ti\u1ec7n&nbsp;mang&nbsp;t\u00ednh&nbsp;bi\u1ec3u&nbsp;t\u01b0\u1ee3ng&nbsp;nh\u1ea5t&nbsp;th\u1ebf&nbsp;gi\u1edbi.&nbsp;H\u1ecd&nbsp;s\u1ebd&nbsp;r\u1ea5t&nbsp;vui&nbsp;m\u1eebng&nbsp;khi&nbsp;t\u1ea1o&nbsp;ra&nbsp;nh\u1eefng&nbsp;m\u00f4&nbsp;h\u00ecnh&nbsp;ch\u1ea5t&nbsp;l\u01b0\u1ee3ng&nbsp;cao&nbsp;t\u1eeb&nbsp;nh\u1eefng&nbsp;vi\u00ean&nbsp;g\u1ea1ch&nbsp;LEGO,&nbsp;c\u00f3&nbsp;c\u00e1c&nbsp;chi&nbsp;ti\u1ebft&nbsp;\u0111\u1eb7c&nbsp;bi\u1ec7t.&nbsp;M\u1ed7i&nbsp;\u0111\u1ed3&nbsp;ch\u01a1i&nbsp;\u00f4&nbsp;t\u00f4&nbsp;c\u00f3&nbsp;th\u1ec3&nbsp;\u0111\u01b0\u1ee3c&nbsp;t\u1ea1o&nbsp;b\u1eb1ng&nbsp;\u1ee9ng&nbsp;d\u1ee5ng&nbsp;LEGO&nbsp;Builder,&nbsp;\u1ee9ng&nbsp;d\u1ee5ng&nbsp;n\u00e0y&nbsp;s\u1ebd&nbsp;h\u01b0\u1edbng&nbsp;d\u1eabn&nbsp;b\u1ea1n&nbsp;v\u00e0&nbsp;con&nbsp;b\u1ea1n&nbsp;th\u1ef1c&nbsp;hi\u1ec7n&nbsp;chuy\u1ebfn&nbsp;phi\u00eau&nbsp;l\u01b0u&nbsp;x\u00e2y&nbsp;d\u1ef1ng&nbsp;d\u1ec5&nbsp;d\u00e0ng&nbsp;v\u00e0&nbsp;tr\u1ef1c&nbsp;quan.<\/p>\n<p class=\"QN2lPu\">Xe&nbsp;\u0111\u1ed3&nbsp;ch\u01a1i&nbsp;McLaren&nbsp;d\u00e0nh&nbsp;cho&nbsp;tr\u1ebb&nbsp;em&nbsp;\u2013&nbsp;\u0110\u1ed3&nbsp;ch\u01a1i&nbsp;Xe&nbsp;\u0111ua&nbsp;C\u00f4ng&nbsp;th\u1ee9c&nbsp;1&nbsp;LEGO\u00ae&nbsp;Speed&nbsp;\u200b\u200bChampions&nbsp;McLaren&nbsp;2023&nbsp;d\u00e0nh&nbsp;cho&nbsp;b\u00e9&nbsp;trai&nbsp;v\u00e0&nbsp;b\u00e9&nbsp;g\u00e1i&nbsp;t\u1eeb&nbsp;9&nbsp;tu\u1ed5i&nbsp;tr\u1edf&nbsp;l\u00ean,&nbsp;nh\u1eefng&nbsp;ng\u01b0\u1eddi&nbsp;h\u00e2m&nbsp;m\u1ed9&nbsp;F1&nbsp;v\u00e0&nbsp;nh\u1eefng&nbsp;ng\u01b0\u1eddi&nbsp;y\u00eau&nbsp;th\u00edch&nbsp;th\u01b0\u01a1ng&nbsp;hi\u1ec7u&nbsp;xe&nbsp;h\u01a1i&nbsp;bi\u1ec3u&nbsp;t\u01b0\u1ee3ng<\/p>\n<p class=\"QN2lPu\">1&nbsp;m\u00f4&nbsp;h\u00ecnh&nbsp;nh\u1ecf&nbsp;\u2013&nbsp;Chi\u1ebfc&nbsp;xe&nbsp;c\u00f3&nbsp;th\u1ec3&nbsp;x\u00e2y&nbsp;d\u1ef1ng&nbsp;\u0111\u01b0\u1ee3c&nbsp;c\u1ee7a&nbsp;McLaren&nbsp;bao&nbsp;g\u1ed3m&nbsp;m\u1ed9t&nbsp;m\u00f4&nbsp;h\u00ecnh&nbsp;nh\u1ecf&nbsp;ng\u01b0\u1eddi&nbsp;l\u00e1i&nbsp;xe&nbsp;v\u1edbi&nbsp;m\u0169&nbsp;b\u1ea3o&nbsp;hi\u1ec3m,&nbsp;t\u00f3c&nbsp;gi\u1ea3&nbsp;v\u00e0&nbsp;c\u1edd&nbsp;l\u00ea&nbsp;\u0111\u1ec3&nbsp;tr\u1ebb&nbsp;em&nbsp;\u0111\u1eb7t&nbsp;sau&nbsp;tay&nbsp;l\u00e1i&nbsp;v\u00e0&nbsp;th\u1ef1c&nbsp;hi\u1ec7n&nbsp;c\u00e1c&nbsp;cu\u1ed9c&nbsp;\u0111ua&nbsp;F1&nbsp;si\u00eau&nbsp;t\u1ed1c&nbsp;quanh&nbsp;\u0111\u01b0\u1eddng&nbsp;\u0111ua<\/p>\n<p class=\"QN2lPu\">C\u00e1c&nbsp;chi&nbsp;ti\u1ebft&nbsp;ch\u00ednh&nbsp;h\u00e3ng&nbsp;c\u1ee7a&nbsp;McLaren&nbsp;\u2013&nbsp;M\u1eabu&nbsp;Xe&nbsp;\u0111ua&nbsp;C\u00f4ng&nbsp;th\u1ee9c&nbsp;1&nbsp;McLaren&nbsp;2023&nbsp;c\u00f3&nbsp;m\u00e0u&nbsp;s\u01a1n&nbsp;\u0111u&nbsp;\u0111\u1ee7&nbsp;\u0111en&nbsp;v\u00e0&nbsp;\u0111\u1eb7c&nbsp;tr\u01b0ng,&nbsp;\u200b\u200blogo&nbsp;c\u1ee7a&nbsp;nh\u00e0&nbsp;t\u00e0i&nbsp;tr\u1ee3,&nbsp;b\u00e1nh&nbsp;xe&nbsp;c\u00f3&nbsp;in&nbsp;h\u00ecnh&nbsp;Pirelli&nbsp;v\u00e0&nbsp;qu\u1ea7ng&nbsp;s\u00e1ng&nbsp;an&nbsp;to\u00e0n&nbsp;c\u1ee7a&nbsp;\u0111u&nbsp;\u0111\u1ee7<\/p>\n<p class=\"QN2lPu\">M\u00f4&nbsp;h\u00ecnh&nbsp;tr\u01b0ng&nbsp;b\u00e0y&nbsp;\u00f4&nbsp;t\u00f4&nbsp;LEGO\u00ae&nbsp;\u2013&nbsp;Sau&nbsp;khi&nbsp;tr\u1ebb&nbsp;mang&nbsp;\u0111\u1ed3&nbsp;ch\u01a1i&nbsp;F1&nbsp;\u0111i&nbsp;v\u00f2ng&nbsp;quanh&nbsp;\u0111\u01b0\u1eddng&nbsp;\u0111ua,&nbsp;tr\u1ebb&nbsp;c\u00f3&nbsp;th\u1ec3&nbsp;t\u1ef1&nbsp;h\u00e0o&nbsp;tr\u01b0ng&nbsp;b\u00e0y&nbsp;n\u00f3&nbsp;tr\u00ean&nbsp;k\u1ec7&nbsp;ho\u1eb7c&nbsp;b\u00e0n&nbsp;c\u1ea1nh&nbsp;gi\u01b0\u1eddng&nbsp;ng\u1ee7<\/p>\n<p class=\"QN2lPu\">Qu\u00e0&nbsp;t\u1eb7ng&nbsp;\u00f4&nbsp;t\u00f4&nbsp;&#8211;&nbsp;B\u1ed9&nbsp;m\u00f4&nbsp;h\u00ecnh&nbsp;xe&nbsp;mang&nbsp;l\u1ea1i&nbsp;tr\u1ea3i&nbsp;nghi\u1ec7m&nbsp;l\u1eafp&nbsp;r\u00e1p&nbsp;v\u00e0&nbsp;ch\u01a1i&nbsp;th\u00fa&nbsp;v\u1ecb&nbsp;v\u00e0&nbsp;l\u00e0&nbsp;\u00fd&nbsp;t\u01b0\u1edfng&nbsp;qu\u00e0&nbsp;t\u1eb7ng&nbsp;cho&nbsp;tr\u1ebb&nbsp;em&nbsp;t\u1eeb&nbsp;9&nbsp;tu\u1ed5i&nbsp;tr\u1edf&nbsp;l\u00ean&nbsp;ho\u1eb7c&nbsp;ng\u01b0\u1eddi&nbsp;l\u1edbn&nbsp;s\u01b0u&nbsp;t\u1eadp&nbsp;m\u00f4&nbsp;h\u00ecnh&nbsp;\u00f4&nbsp;t\u00f4<\/p>\n<p class=\"QN2lPu\">Cu\u1ed9c&nbsp;phi\u00eau&nbsp;l\u01b0u&nbsp;\u0111ua&nbsp;xe&nbsp;l\u1edbn&nbsp;h\u01a1n&nbsp;\u2013&nbsp;H\u00e3y&nbsp;ch\u00fa&nbsp;\u00fd&nbsp;\u0111\u1ebfn&nbsp;nhi\u1ec1u&nbsp;xe&nbsp;LEGO\u00ae&nbsp;Speed&nbsp;\u200b\u200bChampions&nbsp;h\u01a1n&nbsp;v\u1edbi&nbsp;c\u00e1c&nbsp;chi&nbsp;ti\u1ebft&nbsp;x\u00e1c&nbsp;th\u1ef1c,&nbsp;c\u00e1c&nbsp;b\u1ed9&nbsp;\u0111\u01b0\u1ee3c&nbsp;b\u00e1n&nbsp;ri\u00eang<\/p>\n<p class=\"QN2lPu\">Ch\u01a1i&nbsp;c\u00f9ng&nbsp;v\u00e0&nbsp;tr\u01b0ng&nbsp;b\u00e0y&nbsp;c\u00e1c&nbsp;m\u1eabu&nbsp;\u00f4&nbsp;t\u00f4&nbsp;mang&nbsp;t\u00ednh&nbsp;bi\u1ec3u&nbsp;t\u01b0\u1ee3ng&nbsp;&#8211;&nbsp;B\u1ed9&nbsp;x\u00e2y&nbsp;d\u1ef1ng&nbsp;LEGO\u00ae&nbsp;Speed&nbsp;\u200b\u200bChampions&nbsp;cho&nbsp;ph\u00e9p&nbsp;tr\u1ebb&nbsp;em&nbsp;v\u00e0&nbsp;nh\u1eefng&nbsp;ng\u01b0\u1eddi&nbsp;\u0111am&nbsp;m\u00ea&nbsp;\u00f4&nbsp;t\u00f4&nbsp;x\u00e2y&nbsp;d\u1ef1ng&nbsp;c\u00e1c&nbsp;phi\u00ean&nbsp;b\u1ea3n&nbsp;b\u1ea3n&nbsp;sao&nbsp;c\u1ee7a&nbsp;m\u1ed9t&nbsp;s\u1ed1&nbsp;ph\u01b0\u01a1ng&nbsp;ti\u1ec7n&nbsp;mang&nbsp;t\u00ednh&nbsp;bi\u1ec3u&nbsp;t\u01b0\u1ee3ng&nbsp;nh\u1ea5t&nbsp;th\u1ebf&nbsp;gi\u1edbi<\/p>\n<p class=\"QN2lPu\">S\u1ed1&nbsp;\u0111o&nbsp;&#8211;&nbsp;Chi\u1ebfc&nbsp;\u00f4&nbsp;t\u00f4&nbsp;LEGO\u00ae&nbsp;c\u00f3&nbsp;th\u1ec3&nbsp;x\u00e2y&nbsp;d\u1ef1ng&nbsp;g\u1ed3m&nbsp;245&nbsp;m\u1ea3nh&nbsp;n\u00e0y&nbsp;c\u00f3&nbsp;chi\u1ec1u&nbsp;cao&nbsp;tr\u00ean&nbsp;1,5&nbsp;inch&nbsp;(4&nbsp;cm),&nbsp;d\u00e0i&nbsp;7&nbsp;inch&nbsp;(19&nbsp;cm)&nbsp;v\u00e0&nbsp;r\u1ed9ng&nbsp;2,5&nbsp;inch&nbsp;(7&nbsp;cm)<\/p>\n<\/div>\n","protected":false},"excerpt":{"rendered":"<p>LEGO&nbsp;SPEED&nbsp;CHAMPIONS&nbsp;76919&nbsp;\u0110\u1ed3&nbsp;ch\u01a1i&nbsp;l\u1eafp&nbsp;r\u00e1p&nbsp;Si\u00eau&nbsp;xe&nbsp;McLaren&nbsp;F1&nbsp;(245&nbsp;chi&nbsp;ti\u1ebft) C\u00e1c&nbsp;b\u00e9&nbsp;trai&nbsp;v\u00e0&nbsp;b\u00e9&nbsp;g\u00e1i&nbsp;t\u1eeb&nbsp;9&nbsp;tu\u1ed5i&nbsp;tr\u1edf&nbsp;l\u00ean&nbsp;c\u00f3&nbsp;th\u1ec3&nbsp;s\u01b0u&nbsp;t\u1eadp,&nbsp;ch\u1ebf&nbsp;t\u1ea1o&nbsp;v\u00e0&nbsp;tr\u01b0ng&nbsp;b\u00e0y&nbsp;chi\u1ebfc&nbsp;xe&nbsp;\u0111\u1ed3&nbsp;ch\u01a1i&nbsp;LEGO\u00ae&nbsp;Speed&nbsp;\u200b\u200bChampions&nbsp;2023&nbsp;McLaren&nbsp;Formula&nbsp;1&nbsp;Race&nbsp;Car&nbsp;(76919)&nbsp;n\u00e0y.&nbsp;Chi\u1ebfc&nbsp;xe&nbsp;\u0111\u1ed3&nbsp;ch\u01a1i&nbsp;F1&nbsp;ki\u1ec3u&nbsp;d\u00e1ng&nbsp;\u0111\u1eb9p&nbsp;d\u00e0nh&nbsp;cho&nbsp;tr\u1ebb&nbsp;em&nbsp;n\u00e0y&nbsp;bao&nbsp;g\u1ed3m&nbsp;m\u1ed9t&nbsp;s\u1ed1&nbsp;chi&nbsp;ti\u1ebft&nbsp;thi\u1ebft&nbsp;k\u1ebf&nbsp;mang&nbsp;t\u00ednh&nbsp;bi\u1ec3u&nbsp;t\u01b0\u1ee3ng&nbsp;t\u1eeb&nbsp;chi\u1ebfc&nbsp;xe&nbsp;\u0111ua&nbsp;ngo\u00e0i&nbsp;\u0111\u1eddi&nbsp;th\u1ef1c&nbsp;\u0111\u00e3&nbsp;t\u1ef1&nbsp;h\u00e0o&nbsp;k\u1ef7&nbsp;ni\u1ec7m&nbsp;60&nbsp;n\u0103m&nbsp;th\u00e0nh&nbsp;l\u1eadp&nbsp;McLaren&nbsp;Racing&nbsp;v\u00e0&nbsp;tranh&nbsp;t\u00e0i&nbsp;t\u1ea1i&nbsp;Gi\u1ea3i&nbsp;v\u00f4&nbsp;\u0111\u1ecbch&nbsp;Th\u1ebf&nbsp;gi\u1edbi&nbsp;C\u00f4ng&nbsp;th\u1ee9c&nbsp;M\u1ed9t&nbsp;n\u0103m&nbsp;2023. M\u1eabu&nbsp;xe&nbsp;McLaren&nbsp;bao&nbsp;g\u1ed3m&nbsp;nhi\u1ec1u&nbsp;\u0111\u1eb7c&nbsp;\u0111i\u1ec3m&nbsp;th\u1ef1c&nbsp;t\u1ebf:&nbsp;m\u00e0u&nbsp;s\u01a1n&nbsp;\u0111u&nbsp;\u0111\u1ee7&nbsp;\u0111en,&nbsp;logo&nbsp;c\u1ee7a&nbsp;nh\u00e0&nbsp;t\u00e0i&nbsp;tr\u1ee3,&nbsp;b\u00e1nh&nbsp;xe&nbsp;c\u00f3&nbsp;in&nbsp;h\u00ecnh&nbsp;Pirelli&nbsp;v\u00e0&nbsp;v\u00f2ng&nbsp;an&nbsp;to\u00e0n&nbsp;\u0111u&nbsp;\u0111\u1ee7.&nbsp;B\u1ed9&nbsp;ph\u1ee5&nbsp;ki\u1ec7n&nbsp;\u00f4&nbsp;t\u00f4&nbsp;c\u00f3&nbsp;th\u1ec3&nbsp;l\u1eafp&nbsp;r\u00e1p&nbsp;c\u0169ng&nbsp;\u0111i&nbsp;k\u00e8m&nbsp;v\u1edbi&nbsp;m\u1ed9t&nbsp;m\u00f4&nbsp;h\u00ecnh&nbsp;nh\u1ecf&nbsp;ng\u01b0\u1eddi&nbsp;l\u00e1i&nbsp;xe&nbsp;\u0111\u1ec3&nbsp;tr\u1ebb&nbsp;em&nbsp;\u0111\u1eb7t&nbsp;sau&nbsp;tay&nbsp;l\u00e1i&nbsp;\u0111\u1ec3&nbsp;tham&nbsp;gia&nbsp;c\u00e1c&nbsp;cu\u1ed9c&nbsp;\u0111ua&nbsp;th\u00fa&nbsp;v\u1ecb. B\u1ed9&nbsp;LEGO&nbsp;Speed&nbsp;\u200b\u200bChampions&nbsp;cho&nbsp;ph\u00e9p&nbsp;tr\u1ebb&nbsp;em&nbsp;v\u00e0&nbsp;nh\u1eefng&nbsp;ng\u01b0\u1eddi&nbsp;h\u00e2m&nbsp;m\u1ed9&nbsp;xe&nbsp;h\u01a1i&nbsp;\u0111am&nbsp;m\u00ea&nbsp;x\u00e2y&nbsp;d\u1ef1ng&nbsp;c\u00e1c&nbsp;phi\u00ean&nbsp;b\u1ea3n&nbsp;sao&nbsp;ch\u00e9p&nbsp;c\u1ee7a&nbsp;m\u1ed9t&nbsp;s\u1ed1&nbsp;ph\u01b0\u01a1ng&nbsp;ti\u1ec7n&nbsp;mang&nbsp;t\u00ednh&nbsp;bi\u1ec3u&nbsp;t\u01b0\u1ee3ng&nbsp;nh\u1ea5t&nbsp;th\u1ebf&nbsp;gi\u1edbi.&nbsp;H\u1ecd&nbsp;s\u1ebd&nbsp;r\u1ea5t&nbsp;vui&nbsp;m\u1eebng&nbsp;khi&nbsp;t\u1ea1o&nbsp;ra&nbsp;nh\u1eefng&nbsp;m\u00f4&nbsp;h\u00ecnh&nbsp;ch\u1ea5t&nbsp;l\u01b0\u1ee3ng&nbsp;cao&nbsp;t\u1eeb&nbsp;nh\u1eefng&nbsp;vi\u00ean&nbsp;g\u1ea1ch&nbsp;LEGO,&nbsp;c\u00f3&nbsp;c\u00e1c&nbsp;chi&nbsp;ti\u1ebft&nbsp;\u0111\u1eb7c&nbsp;bi\u1ec7t.&nbsp;M\u1ed7i&nbsp;\u0111\u1ed3&nbsp;ch\u01a1i&nbsp;\u00f4&nbsp;t\u00f4&nbsp;c\u00f3&nbsp;th\u1ec3&nbsp;\u0111\u01b0\u1ee3c&nbsp;t\u1ea1o&nbsp;b\u1eb1ng&nbsp;\u1ee9ng&nbsp;d\u1ee5ng&nbsp;LEGO&nbsp;Builder,&nbsp;\u1ee9ng&nbsp;d\u1ee5ng&nbsp;n\u00e0y&nbsp;s\u1ebd&nbsp;h\u01b0\u1edbng&nbsp;d\u1eabn&nbsp;b\u1ea1n&nbsp;v\u00e0&nbsp;con&nbsp;b\u1ea1n&nbsp;th\u1ef1c&nbsp;hi\u1ec7n&nbsp;chuy\u1ebfn&nbsp;phi\u00eau&nbsp;l\u01b0u&nbsp;x\u00e2y&nbsp;d\u1ef1ng&nbsp;d\u1ec5&nbsp;d\u00e0ng&nbsp;v\u00e0&nbsp;tr\u1ef1c&nbsp;quan. Xe&nbsp;\u0111\u1ed3&nbsp;ch\u01a1i&nbsp;McLaren&nbsp;d\u00e0nh&nbsp;cho&nbsp;tr\u1ebb&nbsp;em&nbsp;\u2013&nbsp;\u0110\u1ed3&nbsp;ch\u01a1i&nbsp;Xe&nbsp;\u0111ua&nbsp;C\u00f4ng&nbsp;th\u1ee9c&nbsp;1&nbsp;LEGO\u00ae&nbsp;Speed&nbsp;\u200b\u200bChampions&nbsp;McLaren&nbsp;2023&nbsp;d\u00e0nh&nbsp;cho&nbsp;b\u00e9&nbsp;trai&nbsp;v\u00e0&nbsp;b\u00e9&nbsp;g\u00e1i&nbsp;t\u1eeb&nbsp;9&nbsp;tu\u1ed5i&nbsp;tr\u1edf&nbsp;l\u00ean,&nbsp;nh\u1eefng&nbsp;ng\u01b0\u1eddi&nbsp;h\u00e2m&nbsp;m\u1ed9&nbsp;F1&nbsp;v\u00e0&nbsp;nh\u1eefng&nbsp;ng\u01b0\u1eddi&nbsp;y\u00eau&nbsp;th\u00edch&nbsp;th\u01b0\u01a1ng&nbsp;hi\u1ec7u&nbsp;xe&nbsp;h\u01a1i&nbsp;bi\u1ec3u&nbsp;t\u01b0\u1ee3ng 1&nbsp;m\u00f4&nbsp;h\u00ecnh&nbsp;nh\u1ecf&nbsp;\u2013&nbsp;Chi\u1ebfc&nbsp;xe&nbsp;c\u00f3&nbsp;th\u1ec3&nbsp;x\u00e2y&nbsp;d\u1ef1ng&nbsp;\u0111\u01b0\u1ee3c&nbsp;c\u1ee7a&nbsp;McLaren&nbsp;bao&nbsp;g\u1ed3m&nbsp;m\u1ed9t&nbsp;m\u00f4&nbsp;h\u00ecnh&nbsp;nh\u1ecf&nbsp;ng\u01b0\u1eddi&nbsp;l\u00e1i&nbsp;xe&nbsp;v\u1edbi&nbsp;m\u0169&nbsp;b\u1ea3o&nbsp;hi\u1ec3m,&nbsp;t\u00f3c&nbsp;gi\u1ea3&nbsp;v\u00e0&nbsp;c\u1edd&nbsp;l\u00ea&nbsp;\u0111\u1ec3&nbsp;tr\u1ebb&nbsp;em&nbsp;\u0111\u1eb7t&nbsp;sau&nbsp;tay&nbsp;l\u00e1i&nbsp;v\u00e0&nbsp;th\u1ef1c&nbsp;hi\u1ec7n&nbsp;c\u00e1c&nbsp;cu\u1ed9c&nbsp;\u0111ua&nbsp;F1&nbsp;si\u00eau&nbsp;t\u1ed1c&nbsp;quanh&nbsp;\u0111\u01b0\u1eddng&nbsp;\u0111ua C\u00e1c&nbsp;chi&nbsp;ti\u1ebft&nbsp;ch\u00ednh&nbsp;h\u00e3ng&nbsp;c\u1ee7a&nbsp;McLaren&nbsp;\u2013&nbsp;M\u1eabu&nbsp;Xe&nbsp;\u0111ua&nbsp;C\u00f4ng&nbsp;th\u1ee9c&nbsp;1&nbsp;McLaren&nbsp;2023&nbsp;c\u00f3&nbsp;m\u00e0u&nbsp;s\u01a1n&nbsp;\u0111u&nbsp;\u0111\u1ee7&nbsp;\u0111en&nbsp;v\u00e0&nbsp;\u0111\u1eb7c&nbsp;tr\u01b0ng,&nbsp;\u200b\u200blogo&nbsp;c\u1ee7a&nbsp;nh\u00e0&nbsp;t\u00e0i&nbsp;tr\u1ee3,&nbsp;b\u00e1nh&nbsp;xe&nbsp;c\u00f3&nbsp;in&nbsp;h\u00ecnh&nbsp;Pirelli&nbsp;v\u00e0&nbsp;qu\u1ea7ng&nbsp;s\u00e1ng&nbsp;an&nbsp;to\u00e0n&nbsp;c\u1ee7a&nbsp;\u0111u&nbsp;\u0111\u1ee7 M\u00f4&nbsp;h\u00ecnh&nbsp;tr\u01b0ng&nbsp;b\u00e0y&nbsp;\u00f4&nbsp;t\u00f4&nbsp;LEGO\u00ae&nbsp;\u2013&nbsp;Sau&nbsp;khi&nbsp;tr\u1ebb&nbsp;mang&nbsp;\u0111\u1ed3&nbsp;ch\u01a1i&nbsp;F1&nbsp;\u0111i&nbsp;v\u00f2ng&nbsp;quanh&nbsp;\u0111\u01b0\u1eddng&nbsp;\u0111ua,&nbsp;tr\u1ebb&nbsp;c\u00f3&nbsp;th\u1ec3&nbsp;t\u1ef1&nbsp;h\u00e0o&nbsp;tr\u01b0ng&nbsp;b\u00e0y&nbsp;n\u00f3&nbsp;tr\u00ean&nbsp;k\u1ec7&nbsp;ho\u1eb7c&nbsp;b\u00e0n&nbsp;c\u1ea1nh&nbsp;gi\u01b0\u1eddng&nbsp;ng\u1ee7 Qu\u00e0&nbsp;t\u1eb7ng&nbsp;\u00f4&nbsp;t\u00f4&nbsp;&#8211;&nbsp;B\u1ed9&nbsp;m\u00f4&nbsp;h\u00ecnh&nbsp;xe&nbsp;mang&nbsp;l\u1ea1i&nbsp;tr\u1ea3i&nbsp;nghi\u1ec7m&nbsp;l\u1eafp&nbsp;r\u00e1p&nbsp;v\u00e0&nbsp;ch\u01a1i&nbsp;th\u00fa&nbsp;v\u1ecb&nbsp;v\u00e0&nbsp;l\u00e0&nbsp;\u00fd&nbsp;t\u01b0\u1edfng&nbsp;qu\u00e0&nbsp;t\u1eb7ng&nbsp;cho&nbsp;tr\u1ebb&nbsp;em&nbsp;t\u1eeb&nbsp;9&nbsp;tu\u1ed5i&nbsp;tr\u1edf&nbsp;l\u00ean&nbsp;ho\u1eb7c&nbsp;ng\u01b0\u1eddi&nbsp;l\u1edbn&nbsp;s\u01b0u&nbsp;t\u1eadp&nbsp;m\u00f4&nbsp;h\u00ecnh&nbsp;\u00f4&nbsp;t\u00f4 Cu\u1ed9c&nbsp;phi\u00eau&nbsp;l\u01b0u&nbsp;\u0111ua&nbsp;xe&nbsp;l\u1edbn&nbsp;h\u01a1n&nbsp;\u2013&nbsp;H\u00e3y&nbsp;ch\u00fa&nbsp;\u00fd&nbsp;\u0111\u1ebfn&nbsp;nhi\u1ec1u&nbsp;xe&nbsp;LEGO\u00ae&nbsp;Speed&nbsp;\u200b\u200bChampions&nbsp;h\u01a1n&nbsp;v\u1edbi&nbsp;c\u00e1c&nbsp;chi&nbsp;ti\u1ebft&nbsp;x\u00e1c&nbsp;th\u1ef1c,&nbsp;c\u00e1c&nbsp;b\u1ed9&nbsp;\u0111\u01b0\u1ee3c&nbsp;b\u00e1n&nbsp;ri\u00eang Ch\u01a1i&nbsp;c\u00f9ng&nbsp;v\u00e0&nbsp;tr\u01b0ng&nbsp;b\u00e0y&nbsp;c\u00e1c&nbsp;m\u1eabu&nbsp;\u00f4&nbsp;t\u00f4&nbsp;mang&nbsp;t\u00ednh&nbsp;bi\u1ec3u&nbsp;t\u01b0\u1ee3ng&nbsp;&#8211;&nbsp;B\u1ed9&nbsp;x\u00e2y&nbsp;d\u1ef1ng&nbsp;LEGO\u00ae&nbsp;Speed&nbsp;\u200b\u200bChampions&nbsp;cho&nbsp;ph\u00e9p&nbsp;tr\u1ebb&nbsp;em&nbsp;v\u00e0&nbsp;nh\u1eefng&nbsp;ng\u01b0\u1eddi&nbsp;\u0111am&nbsp;m\u00ea&nbsp;\u00f4&nbsp;t\u00f4&nbsp;x\u00e2y&nbsp;d\u1ef1ng&nbsp;c\u00e1c&nbsp;phi\u00ean&nbsp;b\u1ea3n&nbsp;b\u1ea3n&nbsp;sao&nbsp;c\u1ee7a&nbsp;m\u1ed9t&nbsp;s\u1ed1&nbsp;ph\u01b0\u01a1ng&nbsp;ti\u1ec7n&nbsp;mang&nbsp;t\u00ednh&nbsp;bi\u1ec3u&nbsp;t\u01b0\u1ee3ng&nbsp;nh\u1ea5t&nbsp;th\u1ebf&nbsp;gi\u1edbi S\u1ed1&nbsp;\u0111o&nbsp;&#8211;&nbsp;Chi\u1ebfc&nbsp;\u00f4&nbsp;t\u00f4&nbsp;LEGO\u00ae&nbsp;c\u00f3&nbsp;th\u1ec3&nbsp;x\u00e2y&nbsp;d\u1ef1ng&nbsp;g\u1ed3m&nbsp;245&nbsp;m\u1ea3nh&nbsp;n\u00e0y&nbsp;c\u00f3&nbsp;chi\u1ec1u&nbsp;cao&nbsp;tr\u00ean&nbsp;1,5&nbsp;inch&nbsp;(4&nbsp;cm),&nbsp;d\u00e0i&nbsp;7&nbsp;inch&nbsp;(19&nbsp;cm)&nbsp;v\u00e0&nbsp;r\u1ed9ng&nbsp;2,5&nbsp;inch&nbsp;(7&nbsp;cm)<\/p>\n","protected":false},"featured_media":14261,"comment_status":"open","ping_status":"closed","template":"","meta":[],"product_brand":[],"product_cat":[1346],"product_tag":[],"class_list":{"0":"post-14078","1":"product","2":"type-product","3":"status-publish","4":"has-post-thumbnail","6":"product_cat-do-choi-lap-rap","8":"first","9":"instock","10":"sale","11":"featured","12":"shipping-taxable","13":"purchasable","14":"product-type-simple"},"_links":{"self":[{"href":"https:\/\/web-ban-le.mbws.vn\/do-choi\/wp-json\/wp\/v2\/product\/14078","targetHints":{"allow":["GET"]}}],"collection":[{"href":"https:\/\/web-ban-le.mbws.vn\/do-choi\/wp-json\/wp\/v2\/product"}],"about":[{"href":"https:\/\/web-ban-le.mbws.vn\/do-choi\/wp-json\/wp\/v2\/types\/product"}],"replies":[{"embeddable":true,"href":"https:\/\/web-ban-le.mbws.vn\/do-choi\/wp-json\/wp\/v2\/comments?post=14078"}],"wp:featuredmedia":[{"embeddable":true,"href":"https:\/\/web-ban-le.mbws.vn\/do-choi\/wp-json\/wp\/v2\/media\/14261"}],"wp:attachment":[{"href":"https:\/\/web-ban-le.mbws.vn\/do-choi\/wp-json\/wp\/v2\/media?parent=14078"}],"wp:term":[{"taxonomy":"product_brand","embeddable":true,"href":"https:\/\/web-ban-le.mbws.vn\/do-choi\/wp-json\/wp\/v2\/product_brand?post=14078"},{"taxonomy":"product_cat","embeddable":true,"href":"https:\/\/web-ban-le.mbws.vn\/do-choi\/wp-json\/wp\/v2\/product_cat?post=14078"},{"taxonomy":"product_tag","embeddable":true,"href":"https:\/\/web-ban-le.mbws.vn\/do-choi\/wp-json\/wp\/v2\/product_tag?post=14078"}],"curies":[{"name":"wp","href":"https:\/\/api.w.org\/{rel}","templated":true}]}}