{"id":14079,"date":"2025-10-28T13:24:43","date_gmt":"2025-10-28T06:24:43","guid":{"rendered":"https:\/\/web-ban-le.mbws.vn\/do-choi\/?post_type=product&#038;p=14079"},"modified":"2025-11-05T08:29:27","modified_gmt":"2025-11-05T01:29:27","slug":"lego-technic-42165-do-choi-lap-rap-xe-dua-mercedes-f1-240-chi-tiet","status":"publish","type":"product","link":"https:\/\/web-ban-le.mbws.vn\/do-choi\/san-pham\/lego-technic-42165-do-choi-lap-rap-xe-dua-mercedes-f1-240-chi-tiet\/","title":{"rendered":"LEGO TECHNIC 42165 \u0110\u1ed3 ch\u01a1i l\u1eafp r\u00e1p Xe \u0111ua Mercedes F1 (240 chi ti\u1ebft)"},"content":{"rendered":"<div class=\"e8lZp3\">\n<p class=\"QN2lPu\">LEGO&nbsp;TECHNIC&nbsp;\u0110\u1ed3&nbsp;ch\u01a1i&nbsp;l\u1eafp&nbsp;r\u00e1p&nbsp;Xe&nbsp;\u0111ua&nbsp;Mercedes&nbsp;F1&nbsp;(240&nbsp;chi&nbsp;ti\u1ebft)<\/p>\n<div class=\"QN2lPu\">\n<div style=\"position: relative; width: 100%; padding-bottom: 100%;\"><picture class=\"UkIsx8\"><source srcset=\"https:\/\/down-vn.img.susercontent.com\/file\/vn-11134202-7r98o-luue0w9rsgjcad@resize_w875_nl.webp 1x, https:\/\/down-vn.img.susercontent.com\/file\/vn-11134202-7r98o-luue0w9rsgjcad@resize_w1750_nl.webp 2x\" type=\"image\/webp\" class=\"UkIsx8\"><img decoding=\"async\" width=\"875\" loading=\"lazy\" class=\"uXN1L5 lazyload GqYslU\" srcset=\"https:\/\/down-vn.img.susercontent.com\/file\/vn-11134202-7r98o-luue0w9rsgjcad@resize_w875_nl 1x, https:\/\/down-vn.img.susercontent.com\/file\/vn-11134202-7r98o-luue0w9rsgjcad@resize_w1750_nl 2x\" src=\"https:\/\/down-vn.img.susercontent.com\/file\/vn-11134202-7r98o-luue0w9rsgjcad\" height=\"875\"><\/picture><\/div>\n<\/div>\n<div class=\"QN2lPu\">\n<div style=\"position: relative; width: 100%; padding-bottom: 100%;\"><picture class=\"UkIsx8\"><source srcset=\"https:\/\/down-vn.img.susercontent.com\/file\/vn-11134202-7r98o-luue0wm9a6wv3e@resize_w875_nl.webp 1x, https:\/\/down-vn.img.susercontent.com\/file\/vn-11134202-7r98o-luue0wm9a6wv3e@resize_w1750_nl.webp 2x\" type=\"image\/webp\" class=\"UkIsx8\"><img decoding=\"async\" width=\"875\" loading=\"lazy\" class=\"uXN1L5 lazyload GqYslU\" srcset=\"https:\/\/down-vn.img.susercontent.com\/file\/vn-11134202-7r98o-luue0wm9a6wv3e@resize_w875_nl 1x, https:\/\/down-vn.img.susercontent.com\/file\/vn-11134202-7r98o-luue0wm9a6wv3e@resize_w1750_nl 2x\" src=\"https:\/\/down-vn.img.susercontent.com\/file\/vn-11134202-7r98o-luue0wm9a6wv3e\" height=\"875\"><\/picture><\/div>\n<\/div>\n<div class=\"QN2lPu\">\n<div style=\"position: relative; width: 100%; padding-bottom: 100%;\"><picture class=\"UkIsx8\"><source srcset=\"https:\/\/down-vn.img.susercontent.com\/file\/vn-11134202-7r98o-luue0wwiv67c38@resize_w875_nl.webp 1x, https:\/\/down-vn.img.susercontent.com\/file\/vn-11134202-7r98o-luue0wwiv67c38@resize_w1750_nl.webp 2x\" type=\"image\/webp\" class=\"UkIsx8\"><img decoding=\"async\" width=\"875\" loading=\"lazy\" class=\"uXN1L5 lazyload GqYslU\" srcset=\"https:\/\/down-vn.img.susercontent.com\/file\/vn-11134202-7r98o-luue0wwiv67c38@resize_w875_nl 1x, https:\/\/down-vn.img.susercontent.com\/file\/vn-11134202-7r98o-luue0wwiv67c38@resize_w1750_nl 2x\" src=\"https:\/\/down-vn.img.susercontent.com\/file\/vn-11134202-7r98o-luue0wwiv67c38\" height=\"875\"><\/picture><\/div>\n<\/div>\n<div class=\"QN2lPu\">\n<div style=\"position: relative; width: 100%; padding-bottom: 100%;\"><picture class=\"UkIsx8\"><source srcset=\"https:\/\/down-vn.img.susercontent.com\/file\/vn-11134202-7r98o-luue0x7weixeed@resize_w875_nl.webp 1x, https:\/\/down-vn.img.susercontent.com\/file\/vn-11134202-7r98o-luue0x7weixeed@resize_w1750_nl.webp 2x\" type=\"image\/webp\" class=\"UkIsx8\"><img decoding=\"async\" width=\"875\" loading=\"lazy\" class=\"uXN1L5 lazyload GqYslU\" srcset=\"https:\/\/down-vn.img.susercontent.com\/file\/vn-11134202-7r98o-luue0x7weixeed@resize_w875_nl 1x, https:\/\/down-vn.img.susercontent.com\/file\/vn-11134202-7r98o-luue0x7weixeed@resize_w1750_nl 2x\" src=\"https:\/\/down-vn.img.susercontent.com\/file\/vn-11134202-7r98o-luue0x7weixeed\" height=\"875\"><\/picture><\/div>\n<\/div>\n<div class=\"QN2lPu\">\n<div style=\"position: relative; width: 100%; padding-bottom: 100%;\"><picture class=\"UkIsx8\"><source srcset=\"https:\/\/down-vn.img.susercontent.com\/file\/vn-11134202-7r98o-luue0xq7nq4062@resize_w875_nl.webp 1x, https:\/\/down-vn.img.susercontent.com\/file\/vn-11134202-7r98o-luue0xq7nq4062@resize_w1750_nl.webp 2x\" type=\"image\/webp\" class=\"UkIsx8\"><img decoding=\"async\" width=\"875\" loading=\"lazy\" class=\"uXN1L5 lazyload GqYslU\" srcset=\"https:\/\/down-vn.img.susercontent.com\/file\/vn-11134202-7r98o-luue0xq7nq4062@resize_w875_nl 1x, https:\/\/down-vn.img.susercontent.com\/file\/vn-11134202-7r98o-luue0xq7nq4062@resize_w1750_nl 2x\" src=\"https:\/\/down-vn.img.susercontent.com\/file\/vn-11134202-7r98o-luue0xq7nq4062\" height=\"875\"><\/picture><\/div>\n<\/div>\n<div class=\"QN2lPu\">\n<div style=\"position: relative; width: 100%; padding-bottom: 100%;\"><picture class=\"UkIsx8\"><source srcset=\"https:\/\/down-vn.img.susercontent.com\/file\/vn-11134202-7r98o-luue0y2z51qe36@resize_w875_nl.webp 1x, https:\/\/down-vn.img.susercontent.com\/file\/vn-11134202-7r98o-luue0y2z51qe36@resize_w1750_nl.webp 2x\" type=\"image\/webp\" class=\"UkIsx8\"><img decoding=\"async\" width=\"875\" loading=\"lazy\" class=\"uXN1L5 lazyload GqYslU\" srcset=\"https:\/\/down-vn.img.susercontent.com\/file\/vn-11134202-7r98o-luue0y2z51qe36@resize_w875_nl 1x, https:\/\/down-vn.img.susercontent.com\/file\/vn-11134202-7r98o-luue0y2z51qe36@resize_w1750_nl 2x\" src=\"https:\/\/down-vn.img.susercontent.com\/file\/vn-11134202-7r98o-luue0y2z51qe36\" height=\"875\"><\/picture><\/div>\n<\/div>\n<div class=\"QN2lPu\">\n<div style=\"position: relative; width: 100%; padding-bottom: 100%;\"><picture class=\"UkIsx8\"><source srcset=\"https:\/\/down-vn.img.susercontent.com\/file\/vn-11134202-7r98o-luue0yhejxmla9@resize_w875_nl.webp 1x, https:\/\/down-vn.img.susercontent.com\/file\/vn-11134202-7r98o-luue0yhejxmla9@resize_w1750_nl.webp 2x\" type=\"image\/webp\" class=\"UkIsx8\"><img decoding=\"async\" width=\"875\" loading=\"lazy\" class=\"uXN1L5 lazyload QSLoEa GqYslU\" srcset=\"https:\/\/down-vn.img.susercontent.com\/file\/vn-11134202-7r98o-luue0yhejxmla9@resize_w875_nl 1x, https:\/\/down-vn.img.susercontent.com\/file\/vn-11134202-7r98o-luue0yhejxmla9@resize_w1750_nl 2x\" src=\"https:\/\/down-vn.img.susercontent.com\/file\/vn-11134202-7r98o-luue0yhejxmla9\" height=\"875\"><\/picture><\/div>\n<\/div>\n<div class=\"QN2lPu\">\n<div style=\"position: relative; width: 100%; padding-bottom: 100%;\"><picture class=\"UkIsx8\"><source srcset=\"https:\/\/down-vn.img.susercontent.com\/file\/vn-11134202-7r98o-luue0yr45px7fe@resize_w875_nl.webp 1x, https:\/\/down-vn.img.susercontent.com\/file\/vn-11134202-7r98o-luue0yr45px7fe@resize_w1750_nl.webp 2x\" type=\"image\/webp\" class=\"UkIsx8\"><img decoding=\"async\" width=\"875\" loading=\"lazy\" class=\"uXN1L5 lazyload QSLoEa GqYslU\" srcset=\"https:\/\/down-vn.img.susercontent.com\/file\/vn-11134202-7r98o-luue0yr45px7fe@resize_w875_nl 1x, https:\/\/down-vn.img.susercontent.com\/file\/vn-11134202-7r98o-luue0yr45px7fe@resize_w1750_nl 2x\" src=\"https:\/\/down-vn.img.susercontent.com\/file\/vn-11134202-7r98o-luue0yr45px7fe\" height=\"875\"><\/picture><\/div>\n<\/div>\n<p class=\"QN2lPu\">Mang&nbsp;\u0111\u1ebfn&nbsp;cho&nbsp;tr\u1ebb&nbsp;em&nbsp;t\u1eeb&nbsp;7&nbsp;tu\u1ed5i&nbsp;tr\u1edf&nbsp;l\u00ean&nbsp;m\u1ed9t&nbsp;d\u1ef1&nbsp;\u00e1n&nbsp;ly&nbsp;k\u1ef3&nbsp;v\u1edbi&nbsp;\u0111\u1ed3&nbsp;ch\u01a1i&nbsp;xe&nbsp;\u0111ua&nbsp;LEGO\u00ae&nbsp;Technic\u2122&nbsp;Mercedes-AMG&nbsp;F1&nbsp;W14&nbsp;E&nbsp;Performance&nbsp;Pull-Back&nbsp;(42165)&nbsp;n\u00e0y.&nbsp;B\u1ed9&nbsp;l\u1eafp&nbsp;r\u00e1p&nbsp;\u00f4&nbsp;t\u00f4&nbsp;n\u00e0y&nbsp;c\u00f3&nbsp;c\u00e1c&nbsp;chi&nbsp;ti\u1ebft&nbsp;ch\u00e2n&nbsp;th\u1ef1c&nbsp;l\u1ea5y&nbsp;c\u1ea3m&nbsp;h\u1ee9ng&nbsp;t\u1eeb&nbsp;\u00f4&nbsp;t\u00f4&nbsp;th\u1eadt,&nbsp;c\u00f9ng&nbsp;v\u1edbi&nbsp;h\u00e0nh&nbsp;\u0111\u1ed9ng&nbsp;l\u00f9i&nbsp;ly&nbsp;k\u1ef3&nbsp;\u0111\u1ec3&nbsp;\u0111\u01b0a&nbsp;m\u00f4&nbsp;h\u00ecnh&nbsp;\u0111ua&nbsp;khi&nbsp;b\u00e9&nbsp;trai&nbsp;v\u00e0&nbsp;b\u00e9&nbsp;g\u00e1i&nbsp;t\u01b0\u1edfng&nbsp;t\u01b0\u1ee3ng&nbsp;cu\u1ed9c&nbsp;s\u1ed1ng&nbsp;c\u1ee7a&nbsp;m\u1ed9t&nbsp;tay&nbsp;\u0111ua&nbsp;v\u00f4&nbsp;\u0111\u1ecbch.<\/p>\n<p class=\"QN2lPu\">B\u1ed9&nbsp;x\u00e2y&nbsp;d\u1ef1ng&nbsp;LEGO&nbsp;Technic&nbsp;c\u00f3&nbsp;c\u00e1c&nbsp;chi&nbsp;ti\u1ebft&nbsp;th\u1ef1c&nbsp;t\u1ebf&nbsp;gi\u00fap&nbsp;gi\u1edbi&nbsp;thi\u1ec7u&nbsp;cho&nbsp;c\u00e1c&nbsp;nh\u00e0&nbsp;x\u00e2y&nbsp;d\u1ef1ng&nbsp;LEGO&nbsp;tr\u1ebb&nbsp;v\u1ec1&nbsp;k\u1ef9&nbsp;thu\u1eadt&nbsp;theo&nbsp;c\u00e1ch&nbsp;d\u1ec5&nbsp;ti\u1ebfp&nbsp;c\u1eadn.&nbsp;Tr\u1ebb&nbsp;em&nbsp;c\u00f3&nbsp;th\u1ec3&nbsp;t\u1eadn&nbsp;h\u01b0\u1edfng&nbsp;chuy\u1ebfn&nbsp;phi\u00eau&nbsp;l\u01b0u&nbsp;x\u00e2y&nbsp;d\u1ef1ng&nbsp;tr\u1ef1c&nbsp;quan&nbsp;v\u1edbi&nbsp;\u1ee9ng&nbsp;d\u1ee5ng&nbsp;LEGO&nbsp;Builder,&nbsp;n\u01a1i&nbsp;ch\u00fang&nbsp;c\u00f3&nbsp;th\u1ec3&nbsp;ph\u00f3ng&nbsp;to&nbsp;v\u00e0&nbsp;xoay&nbsp;m\u00f4&nbsp;h\u00ecnh&nbsp;\u1edf&nbsp;ch\u1ebf&nbsp;\u0111\u1ed9&nbsp;3D,&nbsp;l\u01b0u&nbsp;c\u00e1c&nbsp;b\u1ed9&nbsp;v\u00e0&nbsp;theo&nbsp;d\u00f5i&nbsp;ti\u1ebfn&nbsp;tr\u00ecnh&nbsp;c\u1ee7a&nbsp;ch\u00fang.<\/p>\n<p class=\"QN2lPu\">\u0110\u1ed3&nbsp;ch\u01a1i&nbsp;xe&nbsp;\u0111ua&nbsp;c\u00f3&nbsp;h\u00e0nh&nbsp;\u0111\u1ed9ng&nbsp;k\u00e9o&nbsp;l\u00f9i&nbsp;d\u00e0nh&nbsp;cho&nbsp;tr\u1ebb&nbsp;em&nbsp;t\u1eeb&nbsp;7&nbsp;tu\u1ed5i&nbsp;tr\u1edf&nbsp;l\u00ean&nbsp;\u2013&nbsp;M\u1eabu&nbsp;xe&nbsp;k\u00e9o&nbsp;LEGO\u00ae&nbsp;Technic\u2122&nbsp;Mercedes-AMG&nbsp;F1&nbsp;W14&nbsp;E&nbsp;Performance&nbsp;d\u00e0nh&nbsp;cho&nbsp;b\u00e9&nbsp;trai&nbsp;v\u00e0&nbsp;b\u00e9&nbsp;g\u00e1i&nbsp;n\u00e0y&nbsp;c\u00f3&nbsp;c\u00e1c&nbsp;chi&nbsp;ti\u1ebft&nbsp;\u0111ua&nbsp;xe&nbsp;vui&nbsp;nh\u1ed9n&nbsp;l\u00e0m&nbsp;h\u00e0i&nbsp;l\u00f2ng&nbsp;nh\u1eefng&nbsp;ng\u01b0\u1eddi&nbsp;h\u00e2m&nbsp;m\u1ed9&nbsp;\u0111ua&nbsp;xe&nbsp;tr\u1ebb&nbsp;tu\u1ed5i<\/p>\n<p class=\"QN2lPu\">Truy\u1ec1n&nbsp;c\u1ea3m&nbsp;h\u1ee9ng&nbsp;\u0111\u00f3ng&nbsp;vai&nbsp;\u0111ua&nbsp;xe&nbsp;\u2013&nbsp;Tr\u1ebb&nbsp;em&nbsp;c\u00f3&nbsp;th\u1ec3&nbsp;t\u01b0\u1edfng&nbsp;t\u01b0\u1ee3ng&nbsp;c\u1ea3m&nbsp;gi\u00e1c&nbsp;ng\u1ed3i&nbsp;tr\u00ean&nbsp;gh\u1ebf&nbsp;l\u00e1i&nbsp;c\u1ee7a&nbsp;m\u1ed9t&nbsp;chi\u1ebfc&nbsp;xe&nbsp;\u0111ua&nbsp;Mercedes&nbsp;th\u1ef1c&nbsp;s\u1ef1&nbsp;khi&nbsp;ch\u00fang&nbsp;s\u1eed&nbsp;d\u1ee5ng&nbsp;h\u00e0nh&nbsp;\u0111\u1ed9ng&nbsp;l\u00f9i&nbsp;xe&nbsp;th\u00fa&nbsp;v\u1ecb&nbsp;\u0111\u1ec3&nbsp;\u0111\u01b0a&nbsp;chi\u1ebfc&nbsp;xe&nbsp;ch\u1ea1y&nbsp;theo<\/p>\n<p class=\"QN2lPu\">M\u00e0u&nbsp;s\u01a1n&nbsp;\u0111\u00edch&nbsp;th\u1ef1c&nbsp;&#8211;&nbsp;Mang&nbsp;\u0111\u1ebfn&nbsp;cho&nbsp;tr\u1ebb&nbsp;m\u1ed9t&nbsp;d\u1ef1&nbsp;\u00e1n&nbsp;th\u00fa&nbsp;v\u1ecb&nbsp;khi&nbsp;ch\u00fang&nbsp;l\u1eafp&nbsp;r\u00e1p&nbsp;c\u00e1c&nbsp;chi&nbsp;ti\u1ebft&nbsp;c\u1ee7a&nbsp;m\u1eabu&nbsp;Mercedes&nbsp;W14&nbsp;n\u00e0y&nbsp;v\u00e0&nbsp;th\u00eam&nbsp;c\u00e1c&nbsp;chi&nbsp;ti\u1ebft&nbsp;nh\u00e3n&nbsp;d\u00e1n&nbsp;l\u1ea5y&nbsp;c\u1ea3m&nbsp;h\u1ee9ng&nbsp;t\u1eeb&nbsp;chi\u1ebfc&nbsp;xe&nbsp;\u0111ua&nbsp;trong&nbsp;th\u1ebf&nbsp;gi\u1edbi&nbsp;th\u1ef1c<\/p>\n<p class=\"QN2lPu\">\u00dd&nbsp;t\u01b0\u1edfng&nbsp;qu\u00e0&nbsp;t\u1eb7ng&nbsp;\u0111ua&nbsp;\u00f4&nbsp;t\u00f4&nbsp;cho&nbsp;tr\u1ebb&nbsp;em&nbsp;\u2013&nbsp;B\u1ed9&nbsp;x\u00e2y&nbsp;d\u1ef1ng&nbsp;Mercedes-AMG&nbsp;F1&nbsp;W14&nbsp;n\u00e0y&nbsp;l\u00e0&nbsp;m\u1ed9t&nbsp;m\u00f3n&nbsp;qu\u00e0&nbsp;th\u00fa&nbsp;v\u1ecb&nbsp;cho&nbsp;c\u00e1c&nbsp;b\u00e9&nbsp;trai&nbsp;v\u00e0&nbsp;b\u00e9&nbsp;g\u00e1i&nbsp;y\u00eau&nbsp;th\u00edch&nbsp;\u0111\u1ed3&nbsp;ch\u01a1i&nbsp;xe&nbsp;\u0111ua&nbsp;v\u00e0&nbsp;xe&nbsp;Mercedes<\/p>\n<p class=\"QN2lPu\">C\u00f9ng&nbsp;nhau&nbsp;x\u00e2y&nbsp;d\u1ef1ng&nbsp;\u2013&nbsp;B\u1ed9&nbsp;d\u00e0nh&nbsp;cho&nbsp;tr\u1ebb&nbsp;em&nbsp;n\u00e0y&nbsp;l\u00e0&nbsp;ng\u01b0\u1eddi&nbsp;b\u1ea1n&nbsp;\u0111\u1ed3ng&nbsp;h\u00e0nh&nbsp;tuy\u1ec7t&nbsp;v\u1eddi&nbsp;v\u1edbi&nbsp;b\u1ed9&nbsp;LEGO\u00ae&nbsp;Technic\u2122&nbsp;Mercedes-AMG&nbsp;F1&nbsp;W14&nbsp;E&nbsp;Performance&nbsp;(42171)&nbsp;d\u00e0nh&nbsp;cho&nbsp;ng\u01b0\u1eddi&nbsp;l\u1edbn&nbsp;(\u0111\u01b0\u1ee3c&nbsp;b\u00e1n&nbsp;ri\u00eang)&nbsp;\u0111\u1ec3&nbsp;tr\u1ebb&nbsp;em&nbsp;v\u00e0&nbsp;ng\u01b0\u1eddi&nbsp;l\u1edbn&nbsp;c\u00f3&nbsp;th\u1ec3&nbsp;c\u00f9ng&nbsp;nhau&nbsp;x\u00e2y&nbsp;d\u1ef1ng<\/p>\n<p class=\"QN2lPu\">Kh\u01a1i&nbsp;d\u1eady&nbsp;ni\u1ec1m&nbsp;\u0111am&nbsp;m\u00ea&nbsp;k\u1ef9&nbsp;thu\u1eadt&nbsp;&#8211;&nbsp;B\u1ed9&nbsp;m\u00f4&nbsp;h\u00ecnh&nbsp;c\u00f3&nbsp;th\u1ec3&nbsp;x\u00e2y&nbsp;d\u1ef1ng&nbsp;LEGO\u00ae&nbsp;Technic\u2122&nbsp;c\u00f3&nbsp;c\u00e1c&nbsp;c\u01a1&nbsp;ch\u1ebf&nbsp;v\u00e0&nbsp;chuy\u1ec3n&nbsp;\u0111\u1ed9ng&nbsp;th\u1ef1c&nbsp;t\u1ebf&nbsp;\u0111\u1ec3&nbsp;gi\u1edbi&nbsp;thi\u1ec7u&nbsp;cho&nbsp;c\u00e1c&nbsp;nh\u00e0&nbsp;x\u00e2y&nbsp;d\u1ef1ng&nbsp;LEGO&nbsp;tr\u1ebb&nbsp;v\u1ec1&nbsp;v\u0169&nbsp;tr\u1ee5&nbsp;k\u1ef9&nbsp;thu\u1eadt<\/p>\n<p class=\"QN2lPu\">S\u1ed1&nbsp;\u0111o&nbsp;&#8211;&nbsp;M\u1ed9t&nbsp;b\u1ed9&nbsp;g\u1ed3m&nbsp;240&nbsp;m\u1ea3nh&nbsp;v\u1edbi&nbsp;m\u00f4&nbsp;h\u00ecnh&nbsp;\u00f4&nbsp;t\u00f4&nbsp;c\u00f3&nbsp;chi\u1ec1u&nbsp;cao&nbsp;tr\u00ean&nbsp;2&nbsp;inch&nbsp;(6&nbsp;cm),&nbsp;d\u00e0i&nbsp;9,5&nbsp;inch&nbsp;(24&nbsp;cm)&nbsp;v\u00e0&nbsp;r\u1ed9ng&nbsp;4&nbsp;inch&nbsp;(10&nbsp;cm)<\/p>\n<\/div>\n","protected":false},"excerpt":{"rendered":"<p>LEGO&nbsp;TECHNIC&nbsp;\u0110\u1ed3&nbsp;ch\u01a1i&nbsp;l\u1eafp&nbsp;r\u00e1p&nbsp;Xe&nbsp;\u0111ua&nbsp;Mercedes&nbsp;F1&nbsp;(240&nbsp;chi&nbsp;ti\u1ebft) Mang&nbsp;\u0111\u1ebfn&nbsp;cho&nbsp;tr\u1ebb&nbsp;em&nbsp;t\u1eeb&nbsp;7&nbsp;tu\u1ed5i&nbsp;tr\u1edf&nbsp;l\u00ean&nbsp;m\u1ed9t&nbsp;d\u1ef1&nbsp;\u00e1n&nbsp;ly&nbsp;k\u1ef3&nbsp;v\u1edbi&nbsp;\u0111\u1ed3&nbsp;ch\u01a1i&nbsp;xe&nbsp;\u0111ua&nbsp;LEGO\u00ae&nbsp;Technic\u2122&nbsp;Mercedes-AMG&nbsp;F1&nbsp;W14&nbsp;E&nbsp;Performance&nbsp;Pull-Back&nbsp;(42165)&nbsp;n\u00e0y.&nbsp;B\u1ed9&nbsp;l\u1eafp&nbsp;r\u00e1p&nbsp;\u00f4&nbsp;t\u00f4&nbsp;n\u00e0y&nbsp;c\u00f3&nbsp;c\u00e1c&nbsp;chi&nbsp;ti\u1ebft&nbsp;ch\u00e2n&nbsp;th\u1ef1c&nbsp;l\u1ea5y&nbsp;c\u1ea3m&nbsp;h\u1ee9ng&nbsp;t\u1eeb&nbsp;\u00f4&nbsp;t\u00f4&nbsp;th\u1eadt,&nbsp;c\u00f9ng&nbsp;v\u1edbi&nbsp;h\u00e0nh&nbsp;\u0111\u1ed9ng&nbsp;l\u00f9i&nbsp;ly&nbsp;k\u1ef3&nbsp;\u0111\u1ec3&nbsp;\u0111\u01b0a&nbsp;m\u00f4&nbsp;h\u00ecnh&nbsp;\u0111ua&nbsp;khi&nbsp;b\u00e9&nbsp;trai&nbsp;v\u00e0&nbsp;b\u00e9&nbsp;g\u00e1i&nbsp;t\u01b0\u1edfng&nbsp;t\u01b0\u1ee3ng&nbsp;cu\u1ed9c&nbsp;s\u1ed1ng&nbsp;c\u1ee7a&nbsp;m\u1ed9t&nbsp;tay&nbsp;\u0111ua&nbsp;v\u00f4&nbsp;\u0111\u1ecbch. B\u1ed9&nbsp;x\u00e2y&nbsp;d\u1ef1ng&nbsp;LEGO&nbsp;Technic&nbsp;c\u00f3&nbsp;c\u00e1c&nbsp;chi&nbsp;ti\u1ebft&nbsp;th\u1ef1c&nbsp;t\u1ebf&nbsp;gi\u00fap&nbsp;gi\u1edbi&nbsp;thi\u1ec7u&nbsp;cho&nbsp;c\u00e1c&nbsp;nh\u00e0&nbsp;x\u00e2y&nbsp;d\u1ef1ng&nbsp;LEGO&nbsp;tr\u1ebb&nbsp;v\u1ec1&nbsp;k\u1ef9&nbsp;thu\u1eadt&nbsp;theo&nbsp;c\u00e1ch&nbsp;d\u1ec5&nbsp;ti\u1ebfp&nbsp;c\u1eadn.&nbsp;Tr\u1ebb&nbsp;em&nbsp;c\u00f3&nbsp;th\u1ec3&nbsp;t\u1eadn&nbsp;h\u01b0\u1edfng&nbsp;chuy\u1ebfn&nbsp;phi\u00eau&nbsp;l\u01b0u&nbsp;x\u00e2y&nbsp;d\u1ef1ng&nbsp;tr\u1ef1c&nbsp;quan&nbsp;v\u1edbi&nbsp;\u1ee9ng&nbsp;d\u1ee5ng&nbsp;LEGO&nbsp;Builder,&nbsp;n\u01a1i&nbsp;ch\u00fang&nbsp;c\u00f3&nbsp;th\u1ec3&nbsp;ph\u00f3ng&nbsp;to&nbsp;v\u00e0&nbsp;xoay&nbsp;m\u00f4&nbsp;h\u00ecnh&nbsp;\u1edf&nbsp;ch\u1ebf&nbsp;\u0111\u1ed9&nbsp;3D,&nbsp;l\u01b0u&nbsp;c\u00e1c&nbsp;b\u1ed9&nbsp;v\u00e0&nbsp;theo&nbsp;d\u00f5i&nbsp;ti\u1ebfn&nbsp;tr\u00ecnh&nbsp;c\u1ee7a&nbsp;ch\u00fang. \u0110\u1ed3&nbsp;ch\u01a1i&nbsp;xe&nbsp;\u0111ua&nbsp;c\u00f3&nbsp;h\u00e0nh&nbsp;\u0111\u1ed9ng&nbsp;k\u00e9o&nbsp;l\u00f9i&nbsp;d\u00e0nh&nbsp;cho&nbsp;tr\u1ebb&nbsp;em&nbsp;t\u1eeb&nbsp;7&nbsp;tu\u1ed5i&nbsp;tr\u1edf&nbsp;l\u00ean&nbsp;\u2013&nbsp;M\u1eabu&nbsp;xe&nbsp;k\u00e9o&nbsp;LEGO\u00ae&nbsp;Technic\u2122&nbsp;Mercedes-AMG&nbsp;F1&nbsp;W14&nbsp;E&nbsp;Performance&nbsp;d\u00e0nh&nbsp;cho&nbsp;b\u00e9&nbsp;trai&nbsp;v\u00e0&nbsp;b\u00e9&nbsp;g\u00e1i&nbsp;n\u00e0y&nbsp;c\u00f3&nbsp;c\u00e1c&nbsp;chi&nbsp;ti\u1ebft&nbsp;\u0111ua&nbsp;xe&nbsp;vui&nbsp;nh\u1ed9n&nbsp;l\u00e0m&nbsp;h\u00e0i&nbsp;l\u00f2ng&nbsp;nh\u1eefng&nbsp;ng\u01b0\u1eddi&nbsp;h\u00e2m&nbsp;m\u1ed9&nbsp;\u0111ua&nbsp;xe&nbsp;tr\u1ebb&nbsp;tu\u1ed5i Truy\u1ec1n&nbsp;c\u1ea3m&nbsp;h\u1ee9ng&nbsp;\u0111\u00f3ng&nbsp;vai&nbsp;\u0111ua&nbsp;xe&nbsp;\u2013&nbsp;Tr\u1ebb&nbsp;em&nbsp;c\u00f3&nbsp;th\u1ec3&nbsp;t\u01b0\u1edfng&nbsp;t\u01b0\u1ee3ng&nbsp;c\u1ea3m&nbsp;gi\u00e1c&nbsp;ng\u1ed3i&nbsp;tr\u00ean&nbsp;gh\u1ebf&nbsp;l\u00e1i&nbsp;c\u1ee7a&nbsp;m\u1ed9t&nbsp;chi\u1ebfc&nbsp;xe&nbsp;\u0111ua&nbsp;Mercedes&nbsp;th\u1ef1c&nbsp;s\u1ef1&nbsp;khi&nbsp;ch\u00fang&nbsp;s\u1eed&nbsp;d\u1ee5ng&nbsp;h\u00e0nh&nbsp;\u0111\u1ed9ng&nbsp;l\u00f9i&nbsp;xe&nbsp;th\u00fa&nbsp;v\u1ecb&nbsp;\u0111\u1ec3&nbsp;\u0111\u01b0a&nbsp;chi\u1ebfc&nbsp;xe&nbsp;ch\u1ea1y&nbsp;theo M\u00e0u&nbsp;s\u01a1n&nbsp;\u0111\u00edch&nbsp;th\u1ef1c&nbsp;&#8211;&nbsp;Mang&nbsp;\u0111\u1ebfn&nbsp;cho&nbsp;tr\u1ebb&nbsp;m\u1ed9t&nbsp;d\u1ef1&nbsp;\u00e1n&nbsp;th\u00fa&nbsp;v\u1ecb&nbsp;khi&nbsp;ch\u00fang&nbsp;l\u1eafp&nbsp;r\u00e1p&nbsp;c\u00e1c&nbsp;chi&nbsp;ti\u1ebft&nbsp;c\u1ee7a&nbsp;m\u1eabu&nbsp;Mercedes&nbsp;W14&nbsp;n\u00e0y&nbsp;v\u00e0&nbsp;th\u00eam&nbsp;c\u00e1c&nbsp;chi&nbsp;ti\u1ebft&nbsp;nh\u00e3n&nbsp;d\u00e1n&nbsp;l\u1ea5y&nbsp;c\u1ea3m&nbsp;h\u1ee9ng&nbsp;t\u1eeb&nbsp;chi\u1ebfc&nbsp;xe&nbsp;\u0111ua&nbsp;trong&nbsp;th\u1ebf&nbsp;gi\u1edbi&nbsp;th\u1ef1c \u00dd&nbsp;t\u01b0\u1edfng&nbsp;qu\u00e0&nbsp;t\u1eb7ng&nbsp;\u0111ua&nbsp;\u00f4&nbsp;t\u00f4&nbsp;cho&nbsp;tr\u1ebb&nbsp;em&nbsp;\u2013&nbsp;B\u1ed9&nbsp;x\u00e2y&nbsp;d\u1ef1ng&nbsp;Mercedes-AMG&nbsp;F1&nbsp;W14&nbsp;n\u00e0y&nbsp;l\u00e0&nbsp;m\u1ed9t&nbsp;m\u00f3n&nbsp;qu\u00e0&nbsp;th\u00fa&nbsp;v\u1ecb&nbsp;cho&nbsp;c\u00e1c&nbsp;b\u00e9&nbsp;trai&nbsp;v\u00e0&nbsp;b\u00e9&nbsp;g\u00e1i&nbsp;y\u00eau&nbsp;th\u00edch&nbsp;\u0111\u1ed3&nbsp;ch\u01a1i&nbsp;xe&nbsp;\u0111ua&nbsp;v\u00e0&nbsp;xe&nbsp;Mercedes C\u00f9ng&nbsp;nhau&nbsp;x\u00e2y&nbsp;d\u1ef1ng&nbsp;\u2013&nbsp;B\u1ed9&nbsp;d\u00e0nh&nbsp;cho&nbsp;tr\u1ebb&nbsp;em&nbsp;n\u00e0y&nbsp;l\u00e0&nbsp;ng\u01b0\u1eddi&nbsp;b\u1ea1n&nbsp;\u0111\u1ed3ng&nbsp;h\u00e0nh&nbsp;tuy\u1ec7t&nbsp;v\u1eddi&nbsp;v\u1edbi&nbsp;b\u1ed9&nbsp;LEGO\u00ae&nbsp;Technic\u2122&nbsp;Mercedes-AMG&nbsp;F1&nbsp;W14&nbsp;E&nbsp;Performance&nbsp;(42171)&nbsp;d\u00e0nh&nbsp;cho&nbsp;ng\u01b0\u1eddi&nbsp;l\u1edbn&nbsp;(\u0111\u01b0\u1ee3c&nbsp;b\u00e1n&nbsp;ri\u00eang)&nbsp;\u0111\u1ec3&nbsp;tr\u1ebb&nbsp;em&nbsp;v\u00e0&nbsp;ng\u01b0\u1eddi&nbsp;l\u1edbn&nbsp;c\u00f3&nbsp;th\u1ec3&nbsp;c\u00f9ng&nbsp;nhau&nbsp;x\u00e2y&nbsp;d\u1ef1ng Kh\u01a1i&nbsp;d\u1eady&nbsp;ni\u1ec1m&nbsp;\u0111am&nbsp;m\u00ea&nbsp;k\u1ef9&nbsp;thu\u1eadt&nbsp;&#8211;&nbsp;B\u1ed9&nbsp;m\u00f4&nbsp;h\u00ecnh&nbsp;c\u00f3&nbsp;th\u1ec3&nbsp;x\u00e2y&nbsp;d\u1ef1ng&nbsp;LEGO\u00ae&nbsp;Technic\u2122&nbsp;c\u00f3&nbsp;c\u00e1c&nbsp;c\u01a1&nbsp;ch\u1ebf&nbsp;v\u00e0&nbsp;chuy\u1ec3n&nbsp;\u0111\u1ed9ng&nbsp;th\u1ef1c&nbsp;t\u1ebf&nbsp;\u0111\u1ec3&nbsp;gi\u1edbi&nbsp;thi\u1ec7u&nbsp;cho&nbsp;c\u00e1c&nbsp;nh\u00e0&nbsp;x\u00e2y&nbsp;d\u1ef1ng&nbsp;LEGO&nbsp;tr\u1ebb&nbsp;v\u1ec1&nbsp;v\u0169&nbsp;tr\u1ee5&nbsp;k\u1ef9&nbsp;thu\u1eadt S\u1ed1&nbsp;\u0111o&nbsp;&#8211;&nbsp;M\u1ed9t&nbsp;b\u1ed9&nbsp;g\u1ed3m&nbsp;240&nbsp;m\u1ea3nh&nbsp;v\u1edbi&nbsp;m\u00f4&nbsp;h\u00ecnh&nbsp;\u00f4&nbsp;t\u00f4&nbsp;c\u00f3&nbsp;chi\u1ec1u&nbsp;cao&nbsp;tr\u00ean&nbsp;2&nbsp;inch&nbsp;(6&nbsp;cm),&nbsp;d\u00e0i&nbsp;9,5&nbsp;inch&nbsp;(24&nbsp;cm)&nbsp;v\u00e0&nbsp;r\u1ed9ng&nbsp;4&nbsp;inch&nbsp;(10&nbsp;cm)<\/p>\n","protected":false},"featured_media":14268,"comment_status":"open","ping_status":"closed","template":"","meta":[],"product_brand":[],"product_cat":[1346],"product_tag":[],"class_list":{"0":"post-14079","1":"product","2":"type-product","3":"status-publish","4":"has-post-thumbnail","6":"product_cat-do-choi-lap-rap","8":"first","9":"instock","10":"featured","11":"shipping-taxable","12":"purchasable","13":"product-type-simple"},"_links":{"self":[{"href":"https:\/\/web-ban-le.mbws.vn\/do-choi\/wp-json\/wp\/v2\/product\/14079","targetHints":{"allow":["GET"]}}],"collection":[{"href":"https:\/\/web-ban-le.mbws.vn\/do-choi\/wp-json\/wp\/v2\/product"}],"about":[{"href":"https:\/\/web-ban-le.mbws.vn\/do-choi\/wp-json\/wp\/v2\/types\/product"}],"replies":[{"embeddable":true,"href":"https:\/\/web-ban-le.mbws.vn\/do-choi\/wp-json\/wp\/v2\/comments?post=14079"}],"wp:featuredmedia":[{"embeddable":true,"href":"https:\/\/web-ban-le.mbws.vn\/do-choi\/wp-json\/wp\/v2\/media\/14268"}],"wp:attachment":[{"href":"https:\/\/web-ban-le.mbws.vn\/do-choi\/wp-json\/wp\/v2\/media?parent=14079"}],"wp:term":[{"taxonomy":"product_brand","embeddable":true,"href":"https:\/\/web-ban-le.mbws.vn\/do-choi\/wp-json\/wp\/v2\/product_brand?post=14079"},{"taxonomy":"product_cat","embeddable":true,"href":"https:\/\/web-ban-le.mbws.vn\/do-choi\/wp-json\/wp\/v2\/product_cat?post=14079"},{"taxonomy":"product_tag","embeddable":true,"href":"https:\/\/web-ban-le.mbws.vn\/do-choi\/wp-json\/wp\/v2\/product_tag?post=14079"}],"curies":[{"name":"wp","href":"https:\/\/api.w.org\/{rel}","templated":true}]}}