{"id":14080,"date":"2025-10-28T13:24:43","date_gmt":"2025-10-28T06:24:43","guid":{"rendered":"https:\/\/web-ban-le.mbws.vn\/do-choi\/?post_type=product&#038;p=14080"},"modified":"2025-11-05T08:29:27","modified_gmt":"2025-11-05T01:29:27","slug":"lego-creator-31147-do-choi-lap-rap-may-anh-retro-261-chi-tiet","status":"publish","type":"product","link":"https:\/\/web-ban-le.mbws.vn\/do-choi\/san-pham\/lego-creator-31147-do-choi-lap-rap-may-anh-retro-261-chi-tiet\/","title":{"rendered":"LEGO CREATOR 31147 \u0110\u1ed3 ch\u01a1i l\u1eafp r\u00e1p M\u00e1y \u1ea3nh Retro (261 chi ti\u1ebft)"},"content":{"rendered":"<div class=\"e8lZp3\">\n<p class=\"QN2lPu\">LEGO CREATOR 31147 \u0110\u1ed3 ch\u01a1i l\u1eafp r\u00e1p M\u00e1y \u1ea3nh Retro (261 chi ti\u1ebft)<\/p>\n<div class=\"QN2lPu\">\n<div style=\"position: relative; width: 100%; padding-bottom: 100%;\"><picture class=\"UkIsx8\"><source srcset=\"https:\/\/down-vn.img.susercontent.com\/file\/vn-11134202-7r98o-luue1866djlh06@resize_w875_nl.webp 1x, https:\/\/down-vn.img.susercontent.com\/file\/vn-11134202-7r98o-luue1866djlh06@resize_w1750_nl.webp 2x\" type=\"image\/webp\" class=\"UkIsx8\"><img decoding=\"async\" width=\"875\" loading=\"lazy\" class=\"uXN1L5 lazyload GqYslU\" srcset=\"https:\/\/down-vn.img.susercontent.com\/file\/vn-11134202-7r98o-luue1866djlh06@resize_w875_nl 1x, https:\/\/down-vn.img.susercontent.com\/file\/vn-11134202-7r98o-luue1866djlh06@resize_w1750_nl 2x\" src=\"https:\/\/down-vn.img.susercontent.com\/file\/vn-11134202-7r98o-luue1866djlh06\" height=\"875\"><\/picture><\/div>\n<\/div>\n<div class=\"QN2lPu\">\n<div style=\"position: relative; width: 100%; padding-bottom: 100%;\"><picture class=\"UkIsx8\"><source srcset=\"https:\/\/down-vn.img.susercontent.com\/file\/vn-11134202-7r98o-luue18de2z3n2b@resize_w875_nl.webp 1x, https:\/\/down-vn.img.susercontent.com\/file\/vn-11134202-7r98o-luue18de2z3n2b@resize_w1750_nl.webp 2x\" type=\"image\/webp\" class=\"UkIsx8\"><img decoding=\"async\" width=\"875\" loading=\"lazy\" class=\"uXN1L5 lazyload GqYslU\" srcset=\"https:\/\/down-vn.img.susercontent.com\/file\/vn-11134202-7r98o-luue18de2z3n2b@resize_w875_nl 1x, https:\/\/down-vn.img.susercontent.com\/file\/vn-11134202-7r98o-luue18de2z3n2b@resize_w1750_nl 2x\" src=\"https:\/\/down-vn.img.susercontent.com\/file\/vn-11134202-7r98o-luue18de2z3n2b\" height=\"875\"><\/picture><\/div>\n<\/div>\n<div class=\"QN2lPu\">\n<div style=\"position: relative; width: 100%; padding-bottom: 100%;\"><picture class=\"UkIsx8\"><source srcset=\"https:\/\/down-vn.img.susercontent.com\/file\/vn-11134202-7r98o-luue18rthv4q38@resize_w875_nl.webp 1x, https:\/\/down-vn.img.susercontent.com\/file\/vn-11134202-7r98o-luue18rthv4q38@resize_w1750_nl.webp 2x\" type=\"image\/webp\" class=\"UkIsx8\"><img decoding=\"async\" width=\"875\" loading=\"lazy\" class=\"uXN1L5 lazyload GqYslU\" srcset=\"https:\/\/down-vn.img.susercontent.com\/file\/vn-11134202-7r98o-luue18rthv4q38@resize_w875_nl 1x, https:\/\/down-vn.img.susercontent.com\/file\/vn-11134202-7r98o-luue18rthv4q38@resize_w1750_nl 2x\" src=\"https:\/\/down-vn.img.susercontent.com\/file\/vn-11134202-7r98o-luue18rthv4q38\" height=\"875\"><\/picture><\/div>\n<\/div>\n<div class=\"QN2lPu\">\n<div style=\"position: relative; width: 100%; padding-bottom: 100%;\"><picture class=\"UkIsx8\"><source srcset=\"https:\/\/down-vn.img.susercontent.com\/file\/vn-11134202-7r98o-luue18xx8xnz38@resize_w875_nl.webp 1x, https:\/\/down-vn.img.susercontent.com\/file\/vn-11134202-7r98o-luue18xx8xnz38@resize_w1750_nl.webp 2x\" type=\"image\/webp\" class=\"UkIsx8\"><img decoding=\"async\" width=\"875\" loading=\"lazy\" class=\"uXN1L5 lazyload GqYslU\" srcset=\"https:\/\/down-vn.img.susercontent.com\/file\/vn-11134202-7r98o-luue18xx8xnz38@resize_w875_nl 1x, https:\/\/down-vn.img.susercontent.com\/file\/vn-11134202-7r98o-luue18xx8xnz38@resize_w1750_nl 2x\" src=\"https:\/\/down-vn.img.susercontent.com\/file\/vn-11134202-7r98o-luue18xx8xnz38\" height=\"875\"><\/picture><\/div>\n<\/div>\n<div class=\"QN2lPu\">\n<div style=\"position: relative; width: 100%; padding-bottom: 100%;\"><picture class=\"UkIsx8\"><source srcset=\"https:\/\/down-vn.img.susercontent.com\/file\/vn-11134202-7r98o-luue193h0tcw01@resize_w875_nl.webp 1x, https:\/\/down-vn.img.susercontent.com\/file\/vn-11134202-7r98o-luue193h0tcw01@resize_w1750_nl.webp 2x\" type=\"image\/webp\" class=\"UkIsx8\"><img decoding=\"async\" width=\"875\" loading=\"lazy\" class=\"uXN1L5 lazyload GqYslU\" srcset=\"https:\/\/down-vn.img.susercontent.com\/file\/vn-11134202-7r98o-luue193h0tcw01@resize_w875_nl 1x, https:\/\/down-vn.img.susercontent.com\/file\/vn-11134202-7r98o-luue193h0tcw01@resize_w1750_nl 2x\" src=\"https:\/\/down-vn.img.susercontent.com\/file\/vn-11134202-7r98o-luue193h0tcw01\" height=\"875\"><\/picture><\/div>\n<\/div>\n<div class=\"QN2lPu\">\n<div style=\"position: relative; width: 100%; padding-bottom: 100%;\"><picture class=\"UkIsx8\"><source srcset=\"https:\/\/down-vn.img.susercontent.com\/file\/vn-11134202-7r98o-luue198qt3omf2@resize_w875_nl.webp 1x, https:\/\/down-vn.img.susercontent.com\/file\/vn-11134202-7r98o-luue198qt3omf2@resize_w1750_nl.webp 2x\" type=\"image\/webp\" class=\"UkIsx8\"><img decoding=\"async\" width=\"875\" loading=\"lazy\" class=\"uXN1L5 lazyload QSLoEa GqYslU\" srcset=\"https:\/\/down-vn.img.susercontent.com\/file\/vn-11134202-7r98o-luue198qt3omf2@resize_w875_nl 1x, https:\/\/down-vn.img.susercontent.com\/file\/vn-11134202-7r98o-luue198qt3omf2@resize_w1750_nl 2x\" src=\"https:\/\/down-vn.img.susercontent.com\/file\/vn-11134202-7r98o-luue198qt3omf2\" height=\"875\"><\/picture><\/div>\n<\/div>\n<div class=\"QN2lPu\">\n<div style=\"position: relative; width: 100%; padding-bottom: 100%;\"><picture class=\"UkIsx8\"><source srcset=\"https:\/\/down-vn.img.susercontent.com\/file\/vn-11134202-7r98o-luue19h2gwuh8d@resize_w875_nl.webp 1x, https:\/\/down-vn.img.susercontent.com\/file\/vn-11134202-7r98o-luue19h2gwuh8d@resize_w1750_nl.webp 2x\" type=\"image\/webp\" class=\"UkIsx8\"><img decoding=\"async\" width=\"875\" loading=\"lazy\" class=\"uXN1L5 lazyload QSLoEa GqYslU\" srcset=\"https:\/\/down-vn.img.susercontent.com\/file\/vn-11134202-7r98o-luue19h2gwuh8d@resize_w875_nl 1x, https:\/\/down-vn.img.susercontent.com\/file\/vn-11134202-7r98o-luue19h2gwuh8d@resize_w1750_nl 2x\" src=\"https:\/\/down-vn.img.susercontent.com\/file\/vn-11134202-7r98o-luue19h2gwuh8d\" height=\"875\"><\/picture><\/div>\n<\/div>\n<p class=\"QN2lPu\">H\u00e3y th\u1eed ch\u1ee5p nh\u1eefng b\u1ee9c \u1ea3nh ho\u00e0n h\u1ea3o v\u1edbi chi\u1ebfc M\u00e1y \u1ea3nh Retro si\u00eau ng\u1ea7u n\u00e0y. Sau khi b\u1ea1n ch\u1ee5p xong, h\u00e3y ch\u1ebf t\u1ea1o l\u1ea1i phim th\u00e0nh m\u00e1y quay video, hay m\u1ed9t chi\u1ebfc TV c\u1ed5 \u0111i\u1ec3n c\u00f3 \u0103ng-ten. M\u1ed7i m\u00f4 h\u00ecnh cho ph\u00e9p b\u1ea1n t\u01b0\u1edfng t\u01b0\u1ee3ng ra nh\u1eefng c\u00e2u chuy\u1ec7n th\u00fa v\u1ecb.<\/p>\n<p class=\"QN2lPu\">\n<p class=\"QN2lPu\">\u2022 B\u1ed9 tr\u00f2 ch\u01a1i 3 trong 1 h\u1ed9p \u2013 B\u00e9 c\u00f3 th\u1ec3 x\u00e2y d\u1ef1ng v\u00e0 x\u00e2y d\u1ef1ng l\u1ea1i 3 m\u00f3n \u0111\u1ed3 ch\u01a1i c\u00f4ng ngh\u1ec7 c\u1ed5 \u0111i\u1ec3n kh\u00e1c nhau ch\u1ec9 c\u00f9ng m\u1ed9t b\u1ed9 g\u1ea1ch v\u1edbi \u0111\u1ed3 ch\u01a1i LEGO\u00ae Creator 3 trong 1 n\u00e0y<\/p>\n<p class=\"QN2lPu\">\u2022 Kh\u1ea3 n\u0103ng s\u00e1ng t\u1ea1o v\u00f4 t\u1eadn \u2013 B\u00e9 c\u00f3 th\u1ec3 t\u01b0\u1edfng t\u01b0\u1ee3ng ra nh\u1eefng c\u00e2u chuy\u1ec7n \u0111\u1ea7y th\u00fa v\u1ecb c\u1ee7a ri\u00eang m\u00ecnh v\u1edbi 3 m\u1eabu \u0111\u1ed3 ch\u01a1i c\u1ed5 \u0111i\u1ec3n kh\u00e1c nhau: m\u00e1y \u1ea3nh \u0111\u1ed3 ch\u01a1i, m\u00e1y quay video v\u00e0 TV. \u0110\u1ed3 ch\u01a1i m\u00e1y \u1ea3nh c\u00f3 \u1ed1ng k\u00ednh chuy\u1ec3n \u0111\u1ed9ng, c\u00e1c n\u00fat b\u1ea5m, n\u1ea1p phim \u1edf m\u1eb7t sau v\u00e0 d\u00e2y \u0111eo, trong khi m\u00e1y quay phim c\u00f3 n\u1eafp m\u1edf \u0111\u1ec3 quay phim v\u00e0 TV c\u00f3 \u0103ng-ten<\/p>\n<p class=\"QN2lPu\">\u2022 \u00dd t\u01b0\u1edfng qu\u00e0 t\u1eb7ng tuy\u00eat v\u1eddi\u2013 B\u1ed9 tr\u00f2 ch\u01a1i 3 trong 1 n\u00e0y ch\u1eafc ch\u1eafn s\u1ebd l\u00e0 m\u00f3n \u0111\u1ed3 ch\u01a1i th\u00fa v\u1ecb cho b\u00e9 y\u00eau c\u00f3 s\u1edf th\u00edch kh\u00e1m ph\u00e1 v\u00e0 s\u00e1ng t\u1ea1o. Mang \u0111\u1ebfn cho b\u00e9 tr\u1ea3i nghi\u1ec7m l\u1eafp r\u00e1p tuy\u1ec7t v\u1eddi.<\/p>\n<p class=\"QN2lPu\">\u2022 Stickers \u0111\u00e1ng y\u00eau \u2013 B\u1ed9 s\u1ea3n ph\u1ea9m c\u00f3 6 sticker \u0111\u1ec3 b\u00e9 th\u00eam v\u00e0o l\u00e0m &#8216;b\u1ee9c \u1ea3nh&#8217;: m\u1ed9t b\u00f3 hoa, m\u1ed9t ch\u00fa ch\u00f3, m\u1ed9t con h\u01b0\u01a1u cao c\u1ed5, m\u1ed9t chi\u1ebfc xe c\u1eafm tr\u1ea1i, m\u1ed9t chi\u1ebfc gi\u00e0y tr\u01b0\u1ee3t patin v\u00e0 m\u1ed9t chi\u1ebfc xe m\u00e1y<\/p>\n<p class=\"QN2lPu\">\u2022 LEGO\u00ae Creator 3 trong 1\u2013 M\u1ed7i LEGO\u00ae Creator cho ph\u00e9p b\u00e9 c\u00f3 th\u1ec3 x\u00e2y d\u1ef1ng 3 m\u00f4 h\u00ecnh kh\u00e1c nhau ch\u1ec9 trong 1 b\u1ed9, c\u00f3 th\u1ec3 bao g\u1ed3m \u0111\u1ed9ng v\u1eadt, xe c\u1ed9 v\u00e0 c\u1ea3nh quan chi ti\u1ebft c\u1ee7a th\u00e0nh ph\u1ed1\u2026<\/p>\n<p class=\"QN2lPu\">\u2022 K\u00edch th\u01b0\u1edbc \u2013 B\u1ed9 tr\u00f2 ch\u01a1i LEGO\u00ae n\u00e0y g\u1ed3m 261 m\u1ea3nh gh\u00e9p, sau khi ho\u00e0n th\u00e0nh c\u00f3 chi\u1ec1u cao tr\u00ean 2,5 inch (7 cm), r\u1ed9ng 5 inch (13 cm) v\u00e0 s\u00e2u 3 inch (8 cm)<\/p>\n<\/div>\n","protected":false},"excerpt":{"rendered":"<p>LEGO CREATOR 31147 \u0110\u1ed3 ch\u01a1i l\u1eafp r\u00e1p M\u00e1y \u1ea3nh Retro (261 chi ti\u1ebft) H\u00e3y th\u1eed ch\u1ee5p nh\u1eefng b\u1ee9c \u1ea3nh ho\u00e0n h\u1ea3o v\u1edbi chi\u1ebfc M\u00e1y \u1ea3nh Retro si\u00eau ng\u1ea7u n\u00e0y. Sau khi b\u1ea1n ch\u1ee5p xong, h\u00e3y ch\u1ebf t\u1ea1o l\u1ea1i phim th\u00e0nh m\u00e1y quay video, hay m\u1ed9t chi\u1ebfc TV c\u1ed5 \u0111i\u1ec3n c\u00f3 \u0103ng-ten. M\u1ed7i m\u00f4 h\u00ecnh cho&#8230;<\/p>\n","protected":false},"featured_media":14275,"comment_status":"open","ping_status":"closed","template":"","meta":[],"product_brand":[],"product_cat":[1346],"product_tag":[],"class_list":{"0":"post-14080","1":"product","2":"type-product","3":"status-publish","4":"has-post-thumbnail","6":"product_cat-do-choi-lap-rap","8":"first","9":"instock","10":"featured","11":"shipping-taxable","12":"purchasable","13":"product-type-simple"},"_links":{"self":[{"href":"https:\/\/web-ban-le.mbws.vn\/do-choi\/wp-json\/wp\/v2\/product\/14080","targetHints":{"allow":["GET"]}}],"collection":[{"href":"https:\/\/web-ban-le.mbws.vn\/do-choi\/wp-json\/wp\/v2\/product"}],"about":[{"href":"https:\/\/web-ban-le.mbws.vn\/do-choi\/wp-json\/wp\/v2\/types\/product"}],"replies":[{"embeddable":true,"href":"https:\/\/web-ban-le.mbws.vn\/do-choi\/wp-json\/wp\/v2\/comments?post=14080"}],"wp:featuredmedia":[{"embeddable":true,"href":"https:\/\/web-ban-le.mbws.vn\/do-choi\/wp-json\/wp\/v2\/media\/14275"}],"wp:attachment":[{"href":"https:\/\/web-ban-le.mbws.vn\/do-choi\/wp-json\/wp\/v2\/media?parent=14080"}],"wp:term":[{"taxonomy":"product_brand","embeddable":true,"href":"https:\/\/web-ban-le.mbws.vn\/do-choi\/wp-json\/wp\/v2\/product_brand?post=14080"},{"taxonomy":"product_cat","embeddable":true,"href":"https:\/\/web-ban-le.mbws.vn\/do-choi\/wp-json\/wp\/v2\/product_cat?post=14080"},{"taxonomy":"product_tag","embeddable":true,"href":"https:\/\/web-ban-le.mbws.vn\/do-choi\/wp-json\/wp\/v2\/product_tag?post=14080"}],"curies":[{"name":"wp","href":"https:\/\/api.w.org\/{rel}","templated":true}]}}