{"id":14082,"date":"2025-10-28T13:24:43","date_gmt":"2025-10-28T06:24:43","guid":{"rendered":"https:\/\/web-ban-le.mbws.vn\/do-choi\/?post_type=product&#038;p=14082"},"modified":"2025-11-05T08:29:27","modified_gmt":"2025-11-05T01:29:27","slug":"lego-ninjago-71806-do-choi-lap-rap-chien-giap-cua-cole-235-chi-tiet","status":"publish","type":"product","link":"https:\/\/web-ban-le.mbws.vn\/do-choi\/san-pham\/lego-ninjago-71806-do-choi-lap-rap-chien-giap-cua-cole-235-chi-tiet\/","title":{"rendered":"LEGO NINJAGO 71806 \u0110\u1ed3 ch\u01a1i l\u1eafp r\u00e1p Chi\u1ebfn gi\u00e1p c\u1ee7a Cole (235 chi ti\u1ebft)"},"content":{"rendered":"<div class=\"e8lZp3\">\n<p class=\"QN2lPu\">LEGO NINJAGO 71806 \u0110\u1ed3 ch\u01a1i l\u1eafp r\u00e1p Chi\u1ebfn gi\u00e1p c\u1ee7a Cole (235 chi ti\u1ebft)<\/p>\n<div class=\"QN2lPu\">\n<div style=\"position: relative; width: 100%; padding-bottom: 100%;\"><picture class=\"UkIsx8\"><source srcset=\"https:\/\/down-vn.img.susercontent.com\/file\/vn-11134202-7r98o-luue162fgdtp65@resize_w875_nl.webp 1x, https:\/\/down-vn.img.susercontent.com\/file\/vn-11134202-7r98o-luue162fgdtp65@resize_w1750_nl.webp 2x\" type=\"image\/webp\" class=\"UkIsx8\"><img decoding=\"async\" width=\"875\" loading=\"lazy\" class=\"uXN1L5 lazyload GqYslU\" srcset=\"https:\/\/down-vn.img.susercontent.com\/file\/vn-11134202-7r98o-luue162fgdtp65@resize_w875_nl 1x, https:\/\/down-vn.img.susercontent.com\/file\/vn-11134202-7r98o-luue162fgdtp65@resize_w1750_nl 2x\" src=\"https:\/\/down-vn.img.susercontent.com\/file\/vn-11134202-7r98o-luue162fgdtp65\" height=\"875\"><\/picture><\/div>\n<\/div>\n<div class=\"QN2lPu\">\n<div style=\"position: relative; width: 100%; padding-bottom: 100%;\"><picture class=\"UkIsx8\"><source srcset=\"https:\/\/down-vn.img.susercontent.com\/file\/vn-11134202-7r98o-luue16ah4lrvf3@resize_w875_nl.webp 1x, https:\/\/down-vn.img.susercontent.com\/file\/vn-11134202-7r98o-luue16ah4lrvf3@resize_w1750_nl.webp 2x\" type=\"image\/webp\" class=\"UkIsx8\"><img decoding=\"async\" width=\"875\" loading=\"lazy\" class=\"uXN1L5 lazyload GqYslU\" srcset=\"https:\/\/down-vn.img.susercontent.com\/file\/vn-11134202-7r98o-luue16ah4lrvf3@resize_w875_nl 1x, https:\/\/down-vn.img.susercontent.com\/file\/vn-11134202-7r98o-luue16ah4lrvf3@resize_w1750_nl 2x\" src=\"https:\/\/down-vn.img.susercontent.com\/file\/vn-11134202-7r98o-luue16ah4lrvf3\" height=\"875\"><\/picture><\/div>\n<\/div>\n<div class=\"QN2lPu\">\n<div style=\"position: relative; width: 100%; padding-bottom: 100%;\"><picture class=\"UkIsx8\"><source srcset=\"https:\/\/down-vn.img.susercontent.com\/file\/vn-11134202-7r98o-luue16gkvomz67@resize_w875_nl.webp 1x, https:\/\/down-vn.img.susercontent.com\/file\/vn-11134202-7r98o-luue16gkvomz67@resize_w1750_nl.webp 2x\" type=\"image\/webp\" class=\"UkIsx8\"><img decoding=\"async\" width=\"875\" loading=\"lazy\" class=\"uXN1L5 lazyload GqYslU\" srcset=\"https:\/\/down-vn.img.susercontent.com\/file\/vn-11134202-7r98o-luue16gkvomz67@resize_w875_nl 1x, https:\/\/down-vn.img.susercontent.com\/file\/vn-11134202-7r98o-luue16gkvomz67@resize_w1750_nl 2x\" src=\"https:\/\/down-vn.img.susercontent.com\/file\/vn-11134202-7r98o-luue16gkvomz67\" height=\"875\"><\/picture><\/div>\n<\/div>\n<div class=\"QN2lPu\">\n<div style=\"position: relative; width: 100%; padding-bottom: 100%;\"><picture class=\"UkIsx8\"><source srcset=\"https:\/\/down-vn.img.susercontent.com\/file\/vn-11134202-7r98o-luue16ockazp44@resize_w875_nl.webp 1x, https:\/\/down-vn.img.susercontent.com\/file\/vn-11134202-7r98o-luue16ockazp44@resize_w1750_nl.webp 2x\" type=\"image\/webp\" class=\"UkIsx8\"><img decoding=\"async\" width=\"875\" loading=\"lazy\" class=\"uXN1L5 lazyload GqYslU\" srcset=\"https:\/\/down-vn.img.susercontent.com\/file\/vn-11134202-7r98o-luue16ockazp44@resize_w875_nl 1x, https:\/\/down-vn.img.susercontent.com\/file\/vn-11134202-7r98o-luue16ockazp44@resize_w1750_nl 2x\" src=\"https:\/\/down-vn.img.susercontent.com\/file\/vn-11134202-7r98o-luue16ockazp44\" height=\"875\"><\/picture><\/div>\n<\/div>\n<div class=\"QN2lPu\">\n<div style=\"position: relative; width: 100%; padding-bottom: 100%;\"><picture class=\"UkIsx8\"><source srcset=\"https:\/\/down-vn.img.susercontent.com\/file\/vn-11134202-7r98o-luue16vu9cdtb1@resize_w875_nl.webp 1x, https:\/\/down-vn.img.susercontent.com\/file\/vn-11134202-7r98o-luue16vu9cdtb1@resize_w1750_nl.webp 2x\" type=\"image\/webp\" class=\"UkIsx8\"><img decoding=\"async\" width=\"875\" loading=\"lazy\" class=\"uXN1L5 lazyload GqYslU\" srcset=\"https:\/\/down-vn.img.susercontent.com\/file\/vn-11134202-7r98o-luue16vu9cdtb1@resize_w875_nl 1x, https:\/\/down-vn.img.susercontent.com\/file\/vn-11134202-7r98o-luue16vu9cdtb1@resize_w1750_nl 2x\" src=\"https:\/\/down-vn.img.susercontent.com\/file\/vn-11134202-7r98o-luue16vu9cdtb1\" height=\"875\"><\/picture><\/div>\n<\/div>\n<div class=\"QN2lPu\">\n<div style=\"position: relative; width: 100%; padding-bottom: 100%;\"><picture class=\"UkIsx8\"><source srcset=\"https:\/\/down-vn.img.susercontent.com\/file\/vn-11134202-7r98o-luue179pp1gv88@resize_w875_nl.webp 1x, https:\/\/down-vn.img.susercontent.com\/file\/vn-11134202-7r98o-luue179pp1gv88@resize_w1750_nl.webp 2x\" type=\"image\/webp\" class=\"UkIsx8\"><img decoding=\"async\" width=\"875\" loading=\"lazy\" class=\"uXN1L5 lazyload QSLoEa GqYslU\" srcset=\"https:\/\/down-vn.img.susercontent.com\/file\/vn-11134202-7r98o-luue179pp1gv88@resize_w875_nl 1x, https:\/\/down-vn.img.susercontent.com\/file\/vn-11134202-7r98o-luue179pp1gv88@resize_w1750_nl 2x\" src=\"https:\/\/down-vn.img.susercontent.com\/file\/vn-11134202-7r98o-luue179pp1gv88\" height=\"875\"><\/picture><\/div>\n<\/div>\n<div class=\"QN2lPu\">\n<div style=\"position: relative; width: 100%; padding-bottom: 100%;\"><picture class=\"UkIsx8\"><source srcset=\"https:\/\/down-vn.img.susercontent.com\/file\/vn-11134202-7r98o-luue17gdfayh4a@resize_w875_nl.webp 1x, https:\/\/down-vn.img.susercontent.com\/file\/vn-11134202-7r98o-luue17gdfayh4a@resize_w1750_nl.webp 2x\" type=\"image\/webp\" class=\"UkIsx8\"><img decoding=\"async\" width=\"875\" loading=\"lazy\" class=\"uXN1L5 lazyload QSLoEa GqYslU\" srcset=\"https:\/\/down-vn.img.susercontent.com\/file\/vn-11134202-7r98o-luue17gdfayh4a@resize_w875_nl 1x, https:\/\/down-vn.img.susercontent.com\/file\/vn-11134202-7r98o-luue17gdfayh4a@resize_w1750_nl 2x\" src=\"https:\/\/down-vn.img.susercontent.com\/file\/vn-11134202-7r98o-luue17gdfayh4a\" height=\"875\"><\/picture><\/div>\n<\/div>\n<p class=\"QN2lPu\">\n<p class=\"QN2lPu\">Si\u00eau chi\u1ebfn gi\u00e1p c\u1ee7a Cole c\u00f3 bu\u1ed3ng l\u00e1i v\u00e0 \u0111\u01b0\u1ee3c trang b\u1ecb m\u1ed9t c\u00e2y b\u00faa \u0111\u1ec3 chi\u1ebfn \u0111\u1ea5u v\u1edbi nh\u1eefng t\u00ean Chi\u1ebfn binh S\u00f3i gian \u00e1c. V\u00e0 b\u00e2y gi\u1edd, b\u1ea1n c\u00f3 th\u1ec3 k\u1ebft h\u1ee3p c\u00e1c b\u1ed9 ph\u1eadn c\u1ee7a 3 c\u1ed7 m\u00e1y ninja tuy\u1ec7t v\u1eddi do Cole, Sora v\u00e0 Kai \u0111i\u1ec1u khi\u1ec3n \u0111\u1ec3 t\u1ea1o ra c\u1ed7 m\u00e1y k\u1ebft h\u1ee3p c\u1ee7a ri\u00eang b\u1ea1n. M\u1ed7i c\u1ed7 m\u00e1y c\u00f3 th\u1ec3 t\u00f9y ch\u1ec9nh v\u00e0 \u0111\u01b0\u1ee3c b\u00e1n ri\u00eang, \u0111i k\u00e8m v\u1edbi ch\u00e2n, tay, v\u0169 kh\u00ed v\u00e0 th\u00e2n c\u00f3 th\u1ec3 th\u00e1o r\u1eddi \u0111\u1ec3 b\u1ea1n c\u00f3 th\u1ec3 k\u1ebft h\u1ee3p.<\/p>\n<p class=\"QN2lPu\">\n<p class=\"QN2lPu\">\u2022 X\u00e2y d\u1ef1ng nh\u1eefng b\u1ed9 chi\u1ebfn gi\u00e1p c\u1ee7a ri\u00eang b\u1ea1n \u2013 Nh\u1eefng b\u00e9 h\u00e2m m\u1ed9 NINJAGO\u00ae c\u00f3 th\u1ec3 t\u1eadn h\u01b0\u1edfng h\u00e0ng gi\u1edd vui v\u1ebb s\u00e1ng t\u1ea1o khi k\u1ebft h\u1ee3p c\u00e1c b\u1ed9 ph\u1eadn t\u1eeb nh\u1eefng b\u1ed9 \u0111\u1ed3 ch\u01a1i kh\u00e1c nhau (\u0111\u01b0\u1ee3c b\u00e1n ri\u00eang) \u0111\u1ec3 t\u1ea1o ra nh\u1eefng b\u1ed9 si\u00eau chi\u1ebfn gi\u00e1p NINJAGO\u00ae c\u1ee7a ri\u00eang m\u00ecnh<\/p>\n<p class=\"QN2lPu\">\u2022 2 nh\u00e2n v\u1eadt NINJAGO\u00ae \u2013 B\u1ed9 tr\u00f2 ch\u01a1i bao g\u1ed3m Cole v\u1edbi ph\u1ee5 ki\u1ec7n thanh ki\u1ebfm mini v\u00e0 Chi\u1ebfn binh S\u00f3i gian \u00e1c c\u0169ng c\u00f3 thanh ki\u1ebfm. B\u00e9 c\u00f3 th\u1ec3 t\u00e1i hi\u1ec7n c\u00e1c tr\u1eadn chi\u1ebfn t\u1eeb ph\u1ea7n 2 c\u1ee7a b\u1ed9 phim ho\u1ea1t h\u00ecnh NINJAGO R\u1ed3ng th\u1ea7n tr\u1ed7i d\u1eady<\/p>\n<p class=\"QN2lPu\">\u2022 Chi\u1ebfn gi\u00e1p c\u00f3 th\u1ec3 \u0111i\u1ec1u ch\u1ec9nh \u0111\u01b0\u1ee3c \u2013 chi\u1ebfn gi\u00e1p h\u1ea1ng n\u1eb7ng n\u00e0y c\u00f3 bu\u1ed3ng l\u00e1i \u0111\u1ec3 b\u00e9 c\u00f3 th\u1ec3 \u0111\u1eb7t Cole v\u00e0o, m\u1ed9t chi\u1ebfc b\u00faa l\u1edbn v\u00e0 tay ch\u00e2n c\u00f3 th\u1ec3 \u0111i\u1ec1u ch\u1ec9nh \u0111\u01b0\u1ee3c, c\u00f3 th\u1ec3 nghi\u00eang v\u00e0 \u0111i\u1ec1u ch\u1ec9nh th\u00e0nh c\u00e1c t\u01b0 th\u1ebf chi\u1ebfn \u0111\u1ea5u. Ngo\u00e0i ra b\u00e9 c\u00f3 th\u1ec3 ho\u00e1n \u0111\u1ed5i v\u00e0 k\u1ebft h\u1ee3p c\u00e1c b\u1ed9 ph\u1eadn t\u1eeb chi\u1ebfn gi\u00e1p c\u1ee7a Cole v\u1edbi chi\u1ebfn gi\u00e1p c\u00f4ng ngh\u1ec7 c\u1ee7a Sora (71807) v\u00e0 chi\u1ebfn gi\u00e1p Kai (71808) \u0111\u01b0\u1ee3c b\u00e1n ri\u00eang<\/p>\n<p class=\"QN2lPu\">\u2022 Qu\u00e0 t\u1eb7ng si\u00eau h\u1ea5p d\u1eabn cho b\u00e9 \u2013 B\u1ed9 LEGO\u00ae NINJAGO si\u00eau \u0111\u1ec9nh n\u00e0y s\u1ebd mang \u0111\u1ebfn cho b\u00e9 nghi\u1ec7m l\u1eafp r\u00e1p v\u00e0 vui ch\u01a1i s\u00e1ng t\u1ea1o. Q\u00faa th\u00edch h\u1ee3p l\u00e0m qu\u00e0 t\u1eb7ng cho nh\u1eefng d\u1ecbp sinh nh\u1eadt ho\u1eb7c l\u1ec5 T\u1ebft.<\/p>\n<p class=\"QN2lPu\">\u2022 X\u00e2y d\u1ef1ng th\u1ebf gi\u1edbi LEGO\u00ae NINJAGO\u00ae c\u1ee7a b\u00e9 \u2013 C\u00f9ng s\u01b0u t\u1eadp th\u00eam nh\u1eefng b\u1ed9 tr\u00f2 ch\u01a1i LEGO\u00ae NINJAGO\u00ae kh\u00e1c v\u00e0 x\u00e2y d\u1ef1ng m\u1ed9t th\u1ebf gi\u1edbi c\u1ee7a ri\u00eang b\u00e9, t\u1eeb \u0111\u00f3 m\u1edf ra nh\u1eefng c\u00e2u chuy\u1ec7n m\u1edbi<\/p>\n<p class=\"QN2lPu\">\u2022 K\u00edch th\u01b0\u1edbc \u2013 B\u1ed9 l\u1eafp r\u00e1p LEGO\u00ae g\u1ed3m 235 m\u1ea3nh, sau khi ho\u00e0n thi\u1ec7n cao tr\u00ean 5,5 inch (14 cm)<\/p>\n<\/div>\n","protected":false},"excerpt":{"rendered":"<p>LEGO NINJAGO 71806 \u0110\u1ed3 ch\u01a1i l\u1eafp r\u00e1p Chi\u1ebfn gi\u00e1p c\u1ee7a Cole (235 chi ti\u1ebft) Si\u00eau chi\u1ebfn gi\u00e1p c\u1ee7a Cole c\u00f3 bu\u1ed3ng l\u00e1i v\u00e0 \u0111\u01b0\u1ee3c trang b\u1ecb m\u1ed9t c\u00e2y b\u00faa \u0111\u1ec3 chi\u1ebfn \u0111\u1ea5u v\u1edbi nh\u1eefng t\u00ean Chi\u1ebfn binh S\u00f3i gian \u00e1c. V\u00e0 b\u00e2y gi\u1edd, b\u1ea1n c\u00f3 th\u1ec3 k\u1ebft h\u1ee3p c\u00e1c b\u1ed9 ph\u1eadn c\u1ee7a 3 c\u1ed7 m\u00e1y&#8230;<\/p>\n","protected":false},"featured_media":14295,"comment_status":"open","ping_status":"closed","template":"","meta":[],"product_brand":[],"product_cat":[1346],"product_tag":[],"class_list":{"0":"post-14082","1":"product","2":"type-product","3":"status-publish","4":"has-post-thumbnail","6":"product_cat-do-choi-lap-rap","8":"first","9":"instock","10":"sale","11":"featured","12":"shipping-taxable","13":"purchasable","14":"product-type-simple"},"_links":{"self":[{"href":"https:\/\/web-ban-le.mbws.vn\/do-choi\/wp-json\/wp\/v2\/product\/14082","targetHints":{"allow":["GET"]}}],"collection":[{"href":"https:\/\/web-ban-le.mbws.vn\/do-choi\/wp-json\/wp\/v2\/product"}],"about":[{"href":"https:\/\/web-ban-le.mbws.vn\/do-choi\/wp-json\/wp\/v2\/types\/product"}],"replies":[{"embeddable":true,"href":"https:\/\/web-ban-le.mbws.vn\/do-choi\/wp-json\/wp\/v2\/comments?post=14082"}],"wp:featuredmedia":[{"embeddable":true,"href":"https:\/\/web-ban-le.mbws.vn\/do-choi\/wp-json\/wp\/v2\/media\/14295"}],"wp:attachment":[{"href":"https:\/\/web-ban-le.mbws.vn\/do-choi\/wp-json\/wp\/v2\/media?parent=14082"}],"wp:term":[{"taxonomy":"product_brand","embeddable":true,"href":"https:\/\/web-ban-le.mbws.vn\/do-choi\/wp-json\/wp\/v2\/product_brand?post=14082"},{"taxonomy":"product_cat","embeddable":true,"href":"https:\/\/web-ban-le.mbws.vn\/do-choi\/wp-json\/wp\/v2\/product_cat?post=14082"},{"taxonomy":"product_tag","embeddable":true,"href":"https:\/\/web-ban-le.mbws.vn\/do-choi\/wp-json\/wp\/v2\/product_tag?post=14082"}],"curies":[{"name":"wp","href":"https:\/\/api.w.org\/{rel}","templated":true}]}}