{"id":14083,"date":"2025-10-28T13:24:43","date_gmt":"2025-10-28T06:24:43","guid":{"rendered":"https:\/\/web-ban-le.mbws.vn\/do-choi\/?post_type=product&#038;p=14083"},"modified":"2025-11-05T08:29:27","modified_gmt":"2025-11-05T01:29:27","slug":"lego-botanicals-10349-do-choi-lap-rap-chau-cay-vui-ve-217-chi-tiet","status":"publish","type":"product","link":"https:\/\/web-ban-le.mbws.vn\/do-choi\/san-pham\/lego-botanicals-10349-do-choi-lap-rap-chau-cay-vui-ve-217-chi-tiet\/","title":{"rendered":"LEGO BOTANICALS 10349 \u0110\u1ed3 Ch\u01a1i L\u1eafp R\u00e1p Ch\u1eadu C\u00e2y Vui V\u1ebb (217 chi ti\u1ebft)"},"content":{"rendered":"<div class=\"e8lZp3\">\n<p class=\"QN2lPu\">LEGO BOTANICALS 10349 \u0110\u1ed3 Ch\u01a1i L\u1eafp R\u00e1p Ch\u1eadu C\u00e2y Vui V\u1ebb (217 chi ti\u1ebft)<\/p>\n<p class=\"QN2lPu\">\u25cf\tB\u1ea1n mu\u1ed1n mang l\u1ea1i ni\u1ec1m vui v\u00e0 n\u1ee5 c\u01b0\u1eddi cho m\u1ecdi ng\u01b0\u1eddi?<\/p>\n<p class=\"QN2lPu\">\u25cf\tH\u00e3y c\u00f9ng t\u1ea1o n\u00ean m\u1ed9t m\u00f3n \u0111\u1ed3 trang tr\u00ed th\u1eadt xinh x\u1eafn v\u1edbi b\u1ed9 LEGO\u00ae Botanicals \u2013 Ch\u1eadu c\u00e2y vui v\u1ebb. B\u00e9 s\u1ebd th\u00edch th\u00fa khi t\u1ef1 tay l\u1eafp r\u00e1p m\u1ed9t c\u00e2y ph\u00e1t t\u00e0i l\u00e1 \u0111\u1ecf trong ch\u1eadu m\u00e0u v\u00e0ng v\u00e0 m\u1ed9t c\u00e2y \u0111\u1ed3ng ti\u1ec1n (pilea) trong ch\u1eadu m\u00e0u xanh. Sau khi ho\u00e0n th\u00e0nh, b\u1ed9 c\u00e2y s\u1ebd tr\u1edf th\u00e0nh m\u00f3n trang tr\u00ed d\u1ec5 th\u01b0\u01a1ng cho ph\u00f2ng ng\u1ee7 ho\u1eb7c g\u00f3c h\u1ecdc t\u1eadp.<\/p>\n<p class=\"QN2lPu\">\u25cf\tBao g\u1ed3m 2 ch\u1eadu c\u00e2y mini: c\u00e2y ph\u00e1t t\u00e0i l\u00e1 \u0111\u1ecf trong ch\u1eadu v\u00e0ng v\u00e0 c\u00e2y \u0111\u1ed3ng ti\u1ec1n trong ch\u1eadu xanh<\/p>\n<p class=\"QN2lPu\">\u25cf\tB\u00e9 c\u00f3 th\u1ec3 t\u1ef1 l\u1eafp r\u00e1p ho\u1eb7c r\u1ee7 b\u1ea1n b\u00e8 c\u00f9ng ch\u01a1i \u0111\u1ec3 th\u00eam ph\u1ea7n vui nh\u1ed9n<\/p>\n<p class=\"QN2lPu\">\u25cf\tTrang tr\u00ed \u0111\u1eb9p m\u1eaft cho k\u1ec7 s\u00e1ch, b\u00e0n h\u1ecdc hay g\u00f3c LEGO y\u00eau th\u00edch c\u1ee7a b\u00e9<\/p>\n<p class=\"QN2lPu\">\u25cf\tL\u00e0 m\u00f3n qu\u00e0 tuy\u1ec7t v\u1eddi cho tr\u1ebb t\u1eeb 9 tu\u1ed5i tr\u1edf l\u00ean, c\u0169ng nh\u01b0 d\u00e0nh cho ng\u01b0\u1eddi y\u00eau c\u00e2y ho\u1eb7c ng\u01b0\u1eddi l\u1edbn th\u00edch LEGO<\/p>\n<p class=\"QN2lPu\">\u25cf\tC\u00f3 th\u1ec3 k\u1ebft h\u1ee3p v\u1edbi c\u00e1c b\u1ed9 LEGO\u00ae Botanicals kh\u00e1c (b\u00e1n ri\u00eang) \u0111\u1ec3 t\u1ea1o th\u00e0nh m\u1ed9t khu v\u01b0\u1eddn mini \u0111\u1ed9c \u0111\u00e1o<\/p>\n<p class=\"QN2lPu\">\u25cf\tGi\u00fap b\u00e9 ph\u00e1t huy s\u1ef1 s\u00e1ng t\u1ea1o v\u00e0 kh\u1ea3 n\u0103ng quan s\u00e1t<\/p>\n<p class=\"QN2lPu\">\u25cf\tB\u1ed9 g\u1ed3m 217 m\u1ea3nh gh\u00e9p, c\u00e2y ph\u00e1t t\u00e0i cao kho\u1ea3ng 12 cm<\/p>\n<p class=\"QN2lPu\">\u25cf\tTh\u00f4ng tin s\u1ea3n ph\u1ea9m:<\/p>\n<p class=\"QN2lPu\">&#8211;\tXu\u1ea5t x\u1ee9: Trung Qu\u1ed1c<\/p>\n<p class=\"QN2lPu\">&#8211;\tK\u00edch th\u01b0\u1edbc h\u1ed9p h\u00e0ng: 26.2&#215;14.1&#215;4.8 cm<\/p>\n<p class=\"QN2lPu\">\n<p class=\"QN2lPu\">\n<div class=\"QN2lPu\">\n<div style=\"position: relative; width: 100%; padding-bottom: 100%;\"><picture class=\"UkIsx8\"><source srcset=\"https:\/\/down-vn.img.susercontent.com\/file\/vn-11134208-7ra0g-ma5gws18c3ooa7@resize_w875_nl.webp 1x, https:\/\/down-vn.img.susercontent.com\/file\/vn-11134208-7ra0g-ma5gws18c3ooa7@resize_w1750_nl.webp 2x\" type=\"image\/webp\" class=\"UkIsx8\"><img decoding=\"async\" width=\"875\" loading=\"lazy\" class=\"uXN1L5 lazyload GqYslU\" srcset=\"https:\/\/down-vn.img.susercontent.com\/file\/vn-11134208-7ra0g-ma5gws18c3ooa7@resize_w875_nl 1x, https:\/\/down-vn.img.susercontent.com\/file\/vn-11134208-7ra0g-ma5gws18c3ooa7@resize_w1750_nl 2x\" src=\"https:\/\/down-vn.img.susercontent.com\/file\/vn-11134208-7ra0g-ma5gws18c3ooa7\" height=\"875\"><\/picture><\/div>\n<\/div>\n<div class=\"QN2lPu\">\n<div style=\"position: relative; width: 100%; padding-bottom: 100%;\"><picture class=\"UkIsx8\"><source srcset=\"https:\/\/down-vn.img.susercontent.com\/file\/vn-11134208-7ra0g-ma5gws18di9472@resize_w875_nl.webp 1x, https:\/\/down-vn.img.susercontent.com\/file\/vn-11134208-7ra0g-ma5gws18di9472@resize_w1750_nl.webp 2x\" type=\"image\/webp\" class=\"UkIsx8\"><img decoding=\"async\" width=\"875\" loading=\"lazy\" class=\"uXN1L5 lazyload GqYslU\" srcset=\"https:\/\/down-vn.img.susercontent.com\/file\/vn-11134208-7ra0g-ma5gws18di9472@resize_w875_nl 1x, https:\/\/down-vn.img.susercontent.com\/file\/vn-11134208-7ra0g-ma5gws18di9472@resize_w1750_nl 2x\" src=\"https:\/\/down-vn.img.susercontent.com\/file\/vn-11134208-7ra0g-ma5gws18di9472\" height=\"875\"><\/picture><\/div>\n<\/div>\n<div class=\"QN2lPu\">\n<div style=\"position: relative; width: 100%; padding-bottom: 100%;\"><picture class=\"UkIsx8\"><source srcset=\"https:\/\/down-vn.img.susercontent.com\/file\/vn-11134208-7ra0g-ma5gws18ewtk1e@resize_w875_nl.webp 1x, https:\/\/down-vn.img.susercontent.com\/file\/vn-11134208-7ra0g-ma5gws18ewtk1e@resize_w1750_nl.webp 2x\" type=\"image\/webp\" class=\"UkIsx8\"><img decoding=\"async\" width=\"875\" loading=\"lazy\" class=\"uXN1L5 lazyload GqYslU\" srcset=\"https:\/\/down-vn.img.susercontent.com\/file\/vn-11134208-7ra0g-ma5gws18ewtk1e@resize_w875_nl 1x, https:\/\/down-vn.img.susercontent.com\/file\/vn-11134208-7ra0g-ma5gws18ewtk1e@resize_w1750_nl 2x\" src=\"https:\/\/down-vn.img.susercontent.com\/file\/vn-11134208-7ra0g-ma5gws18ewtk1e\" height=\"875\"><\/picture><\/div>\n<\/div>\n<div class=\"QN2lPu\">\n<div style=\"position: relative; width: 100%; padding-bottom: 100%;\"><picture class=\"UkIsx8\"><source srcset=\"https:\/\/down-vn.img.susercontent.com\/file\/vn-11134208-7ra0g-ma5gws18gbe07b@resize_w875_nl.webp 1x, https:\/\/down-vn.img.susercontent.com\/file\/vn-11134208-7ra0g-ma5gws18gbe07b@resize_w1750_nl.webp 2x\" type=\"image\/webp\" class=\"UkIsx8\"><img decoding=\"async\" width=\"875\" loading=\"lazy\" class=\"uXN1L5 lazyload GqYslU\" srcset=\"https:\/\/down-vn.img.susercontent.com\/file\/vn-11134208-7ra0g-ma5gws18gbe07b@resize_w875_nl 1x, https:\/\/down-vn.img.susercontent.com\/file\/vn-11134208-7ra0g-ma5gws18gbe07b@resize_w1750_nl 2x\" src=\"https:\/\/down-vn.img.susercontent.com\/file\/vn-11134208-7ra0g-ma5gws18gbe07b\" height=\"875\"><\/picture><\/div>\n<\/div>\n<div class=\"QN2lPu\">\n<div style=\"position: relative; width: 100%; padding-bottom: 100%;\"><picture class=\"UkIsx8\"><source srcset=\"https:\/\/down-vn.img.susercontent.com\/file\/vn-11134208-7ra0g-ma5gws18hpygfd@resize_w875_nl.webp 1x, https:\/\/down-vn.img.susercontent.com\/file\/vn-11134208-7ra0g-ma5gws18hpygfd@resize_w1750_nl.webp 2x\" type=\"image\/webp\" class=\"UkIsx8\"><img decoding=\"async\" width=\"875\" loading=\"lazy\" class=\"uXN1L5 lazyload GqYslU\" srcset=\"https:\/\/down-vn.img.susercontent.com\/file\/vn-11134208-7ra0g-ma5gws18hpygfd@resize_w875_nl 1x, https:\/\/down-vn.img.susercontent.com\/file\/vn-11134208-7ra0g-ma5gws18hpygfd@resize_w1750_nl 2x\" src=\"https:\/\/down-vn.img.susercontent.com\/file\/vn-11134208-7ra0g-ma5gws18hpygfd\" height=\"875\"><\/picture><\/div>\n<\/div>\n<div class=\"QN2lPu\">\n<div style=\"position: relative; width: 100%; padding-bottom: 100%;\"><picture class=\"UkIsx8\"><source srcset=\"https:\/\/down-vn.img.susercontent.com\/file\/vn-11134208-7ra0g-ma5gws18j4iw8d@resize_w875_nl.webp 1x, https:\/\/down-vn.img.susercontent.com\/file\/vn-11134208-7ra0g-ma5gws18j4iw8d@resize_w1750_nl.webp 2x\" type=\"image\/webp\" class=\"UkIsx8\"><img decoding=\"async\" width=\"875\" loading=\"lazy\" class=\"uXN1L5 lazyload GqYslU\" srcset=\"https:\/\/down-vn.img.susercontent.com\/file\/vn-11134208-7ra0g-ma5gws18j4iw8d@resize_w875_nl 1x, https:\/\/down-vn.img.susercontent.com\/file\/vn-11134208-7ra0g-ma5gws18j4iw8d@resize_w1750_nl 2x\" src=\"https:\/\/down-vn.img.susercontent.com\/file\/vn-11134208-7ra0g-ma5gws18j4iw8d\" height=\"875\"><\/picture><\/div>\n<\/div>\n<div class=\"QN2lPu\">\n<div style=\"position: relative; width: 100%; padding-bottom: 100%;\"><picture class=\"UkIsx8\"><source srcset=\"https:\/\/down-vn.img.susercontent.com\/file\/vn-11134208-7ra0g-ma5gws18kj3cb3@resize_w875_nl.webp 1x, https:\/\/down-vn.img.susercontent.com\/file\/vn-11134208-7ra0g-ma5gws18kj3cb3@resize_w1750_nl.webp 2x\" type=\"image\/webp\" class=\"UkIsx8\"><img decoding=\"async\" width=\"875\" loading=\"lazy\" class=\"uXN1L5 lazyload GqYslU\" srcset=\"https:\/\/down-vn.img.susercontent.com\/file\/vn-11134208-7ra0g-ma5gws18kj3cb3@resize_w875_nl 1x, https:\/\/down-vn.img.susercontent.com\/file\/vn-11134208-7ra0g-ma5gws18kj3cb3@resize_w1750_nl 2x\" src=\"https:\/\/down-vn.img.susercontent.com\/file\/vn-11134208-7ra0g-ma5gws18kj3cb3\" height=\"875\"><\/picture><\/div>\n<\/div>\n<div class=\"QN2lPu\">\n<div style=\"position: relative; width: 100%; padding-bottom: 100%;\"><picture class=\"UkIsx8\"><source srcset=\"https:\/\/down-vn.img.susercontent.com\/file\/vn-11134208-7ra0g-ma5gws18lxnsde@resize_w875_nl.webp 1x, https:\/\/down-vn.img.susercontent.com\/file\/vn-11134208-7ra0g-ma5gws18lxnsde@resize_w1750_nl.webp 2x\" type=\"image\/webp\" class=\"UkIsx8\"><img decoding=\"async\" width=\"875\" loading=\"lazy\" class=\"uXN1L5 lazyload QSLoEa GqYslU\" srcset=\"https:\/\/down-vn.img.susercontent.com\/file\/vn-11134208-7ra0g-ma5gws18lxnsde@resize_w875_nl 1x, https:\/\/down-vn.img.susercontent.com\/file\/vn-11134208-7ra0g-ma5gws18lxnsde@resize_w1750_nl 2x\" src=\"https:\/\/down-vn.img.susercontent.com\/file\/vn-11134208-7ra0g-ma5gws18lxnsde\" height=\"875\"><\/picture><\/div>\n<\/div>\n<div class=\"QN2lPu\">\n<div style=\"position: relative; width: 100%; padding-bottom: 100%;\"><picture class=\"UkIsx8\"><source srcset=\"https:\/\/down-vn.img.susercontent.com\/file\/vn-11134208-7ra0g-ma5gws18nc881e@resize_w875_nl.webp 1x, https:\/\/down-vn.img.susercontent.com\/file\/vn-11134208-7ra0g-ma5gws18nc881e@resize_w1750_nl.webp 2x\" type=\"image\/webp\" class=\"UkIsx8\"><img decoding=\"async\" width=\"875\" loading=\"lazy\" class=\"uXN1L5 lazyload QSLoEa GqYslU\" srcset=\"https:\/\/down-vn.img.susercontent.com\/file\/vn-11134208-7ra0g-ma5gws18nc881e@resize_w875_nl 1x, https:\/\/down-vn.img.susercontent.com\/file\/vn-11134208-7ra0g-ma5gws18nc881e@resize_w1750_nl 2x\" src=\"https:\/\/down-vn.img.susercontent.com\/file\/vn-11134208-7ra0g-ma5gws18nc881e\" height=\"875\"><\/picture><\/div>\n<\/div>\n<div class=\"QN2lPu\">\n<div style=\"position: relative; width: 100%; padding-bottom: 100%;\"><picture class=\"UkIsx8\"><source srcset=\"https:\/\/down-vn.img.susercontent.com\/file\/vn-11134208-7ra0g-ma5gws18oqsoa0@resize_w875_nl.webp 1x, https:\/\/down-vn.img.susercontent.com\/file\/vn-11134208-7ra0g-ma5gws18oqsoa0@resize_w1750_nl.webp 2x\" type=\"image\/webp\" class=\"UkIsx8\"><img decoding=\"async\" width=\"875\" loading=\"lazy\" class=\"uXN1L5 lazyload QSLoEa GqYslU\" srcset=\"https:\/\/down-vn.img.susercontent.com\/file\/vn-11134208-7ra0g-ma5gws18oqsoa0@resize_w875_nl 1x, https:\/\/down-vn.img.susercontent.com\/file\/vn-11134208-7ra0g-ma5gws18oqsoa0@resize_w1750_nl 2x\" src=\"https:\/\/down-vn.img.susercontent.com\/file\/vn-11134208-7ra0g-ma5gws18oqsoa0\" height=\"875\"><\/picture><\/div>\n<\/div>\n<div class=\"QN2lPu\">\n<div style=\"position: relative; width: 100%; padding-bottom: 100%;\"><picture class=\"UkIsx8\"><source srcset=\"https:\/\/down-vn.img.susercontent.com\/file\/vn-11134208-7ra0g-ma5h3ls6multb0@resize_w875_nl.webp 1x, https:\/\/down-vn.img.susercontent.com\/file\/vn-11134208-7ra0g-ma5h3ls6multb0@resize_w1750_nl.webp 2x\" type=\"image\/webp\" class=\"UkIsx8\"><img decoding=\"async\" width=\"875\" loading=\"lazy\" class=\"uXN1L5 lazyload QSLoEa GqYslU\" srcset=\"https:\/\/down-vn.img.susercontent.com\/file\/vn-11134208-7ra0g-ma5h3ls6multb0@resize_w875_nl 1x, https:\/\/down-vn.img.susercontent.com\/file\/vn-11134208-7ra0g-ma5h3ls6multb0@resize_w1750_nl 2x\" src=\"https:\/\/down-vn.img.susercontent.com\/file\/vn-11134208-7ra0g-ma5h3ls6multb0\" height=\"875\"><\/picture><\/div>\n<\/div>\n<\/div>\n","protected":false},"excerpt":{"rendered":"<p>LEGO BOTANICALS 10349 \u0110\u1ed3 Ch\u01a1i L\u1eafp R\u00e1p Ch\u1eadu C\u00e2y Vui V\u1ebb (217 chi ti\u1ebft) \u25cf B\u1ea1n mu\u1ed1n mang l\u1ea1i ni\u1ec1m vui v\u00e0 n\u1ee5 c\u01b0\u1eddi cho m\u1ecdi ng\u01b0\u1eddi? \u25cf H\u00e3y c\u00f9ng t\u1ea1o n\u00ean m\u1ed9t m\u00f3n \u0111\u1ed3 trang tr\u00ed th\u1eadt xinh x\u1eafn v\u1edbi b\u1ed9 LEGO\u00ae Botanicals \u2013 Ch\u1eadu c\u00e2y vui v\u1ebb. B\u00e9 s\u1ebd th\u00edch th\u00fa khi t\u1ef1&#8230;<\/p>\n","protected":false},"featured_media":14303,"comment_status":"open","ping_status":"closed","template":"","meta":[],"product_brand":[],"product_cat":[1346],"product_tag":[],"class_list":{"0":"post-14083","1":"product","2":"type-product","3":"status-publish","4":"has-post-thumbnail","6":"product_cat-do-choi-lap-rap","8":"first","9":"instock","10":"featured","11":"shipping-taxable","12":"purchasable","13":"product-type-simple"},"_links":{"self":[{"href":"https:\/\/web-ban-le.mbws.vn\/do-choi\/wp-json\/wp\/v2\/product\/14083","targetHints":{"allow":["GET"]}}],"collection":[{"href":"https:\/\/web-ban-le.mbws.vn\/do-choi\/wp-json\/wp\/v2\/product"}],"about":[{"href":"https:\/\/web-ban-le.mbws.vn\/do-choi\/wp-json\/wp\/v2\/types\/product"}],"replies":[{"embeddable":true,"href":"https:\/\/web-ban-le.mbws.vn\/do-choi\/wp-json\/wp\/v2\/comments?post=14083"}],"wp:featuredmedia":[{"embeddable":true,"href":"https:\/\/web-ban-le.mbws.vn\/do-choi\/wp-json\/wp\/v2\/media\/14303"}],"wp:attachment":[{"href":"https:\/\/web-ban-le.mbws.vn\/do-choi\/wp-json\/wp\/v2\/media?parent=14083"}],"wp:term":[{"taxonomy":"product_brand","embeddable":true,"href":"https:\/\/web-ban-le.mbws.vn\/do-choi\/wp-json\/wp\/v2\/product_brand?post=14083"},{"taxonomy":"product_cat","embeddable":true,"href":"https:\/\/web-ban-le.mbws.vn\/do-choi\/wp-json\/wp\/v2\/product_cat?post=14083"},{"taxonomy":"product_tag","embeddable":true,"href":"https:\/\/web-ban-le.mbws.vn\/do-choi\/wp-json\/wp\/v2\/product_tag?post=14083"}],"curies":[{"name":"wp","href":"https:\/\/api.w.org\/{rel}","templated":true}]}}