{"id":14084,"date":"2025-10-28T13:24:43","date_gmt":"2025-10-28T06:24:43","guid":{"rendered":"https:\/\/web-ban-le.mbws.vn\/do-choi\/?post_type=product&#038;p=14084"},"modified":"2025-11-05T08:29:27","modified_gmt":"2025-11-05T01:29:27","slug":"lego-ninjago-71838-do-choi-lap-rap-bo-doi-xe-dua-toc-do-cua-kai-79-chi-tiet","status":"publish","type":"product","link":"https:\/\/web-ban-le.mbws.vn\/do-choi\/san-pham\/lego-ninjago-71838-do-choi-lap-rap-bo-doi-xe-dua-toc-do-cua-kai-79-chi-tiet\/","title":{"rendered":"LEGO NINJAGO 71838 \u0110\u1ed3 Ch\u01a1i L\u1eafp R\u00e1p B\u1ed9 \u0110\u00f4i Xe \u0110ua T\u1ed1c \u0110\u1ed9 C\u1ee7a Kai (79 chi ti\u1ebft)"},"content":{"rendered":"<div class=\"e8lZp3\">\n<p class=\"QN2lPu\">LEGO NINJAGO 71838 \u0110\u1ed3 Ch\u01a1i L\u1eafp R\u00e1p B\u1ed9 \u0110\u00f4i Xe \u0110ua T\u1ed1c \u0110\u1ed9 C\u1ee7a Kai (79 chi ti\u1ebft)<\/p>\n<p class=\"QN2lPu\">\u25cf\tH\u1ee3p l\u1ef1c c\u00f9ng Kai tr\u00ean chi\u1ebfc si\u00eau m\u00f4 t\u00f4 ninja c\u1ef1c ng\u1ea7u khi anh b\u1ecb truy \u0111u\u1ed5i b\u1edfi t\u00ean l\u00ednh trinh s\u00e1t Spectral Dragonian c\u01b0\u1ee1i xe qu\u1ef7! Chu\u1ea9n b\u1ecb cho m\u1ed9t cu\u1ed9c r\u01b0\u1ee3t \u0111u\u1ed5i t\u1ed1c \u0111\u1ed9 cao \u0111\u1ea7y gay c\u1ea5n \u2013 b\u1ea1n ph\u1ea3i tho\u00e1t th\u00e2n! Nh\u01b0ng h\u00e3y c\u1ea9n th\u1eadn \u2013 b\u1ea1n c\u00f3 th\u1ec3 ph\u1ea3i nh\u1ea3y kh\u1ecfi xe \u0111\u1ec3 chi\u1ebfn \u0111\u1ea5u tay \u0111\u00f4i v\u00e0 b\u1ea3o v\u1ec7 thanh ki\u1ebfm ti\u1ebft l\u1ed9 trong su\u1ed1t qu\u00fd gi\u00e1 c\u1ee7a Kai!<\/p>\n<p class=\"QN2lPu\">\u25cf\tB\u1ed9 m\u00f4 t\u00f4 ninja gi\u00fap tr\u1ebb t\u00e1i hi\u1ec7n c\u00e1c c\u1ea3nh h\u00e0nh \u0111\u1ed9ng trong m\u00f9a 3 c\u1ee7a NINJAGO\u00ae Dragons Rising<\/p>\n<p class=\"QN2lPu\">\u25cf\tG\u1ed3m 2 xe m\u00f4 t\u00f4 c\u00f3 b\u00e1nh xe di chuy\u1ec3n linh ho\u1ea1t \u0111\u1ec3 ch\u01a1i \u0111ua xe v\u00e0 chi\u1ebfn \u0111\u1ea5u<\/p>\n<p class=\"QN2lPu\">\u25cf\tBao g\u1ed3m 2 minifigure: Kai v\u00e0 Spectral Dragonian Scout<\/p>\n<p class=\"QN2lPu\">\u25cf\tKai \u0111\u01b0\u1ee3c trang b\u1ecb ki\u1ebfm ti\u1ebft l\u1ed9 trong su\u1ed1t v\u00e0 2 thanh ki\u1ebfm katana v\u00e0ng<\/p>\n<p class=\"QN2lPu\">\u25cf\tM\u00f3n qu\u00e0 tuy\u1ec7t v\u1eddi cho tr\u1ebb t\u1eeb 6 tu\u1ed5i tr\u1edf l\u00ean, y\u00eau th\u00edch ch\u01a1i nh\u1eadp vai v\u00e0 h\u00e0nh \u0111\u1ed9ng<\/p>\n<p class=\"QN2lPu\">\u25cf\tC\u00f3 th\u1ec3 k\u1ebft h\u1ee3p v\u1edbi c\u00e1c b\u1ed9 LEGO\u00ae NINJAGO\u00ae kh\u00e1c (b\u00e1n ri\u00eang) \u0111\u1ec3 m\u1edf r\u1ed9ng tr\u00f2 ch\u01a1i<\/p>\n<p class=\"QN2lPu\">\u25cf\tLEGO\u00ae NINJAGO\u00ae m\u1edf ra m\u1ed9t th\u1ebf gi\u1edbi gi\u1ea3 t\u01b0\u1edfng cho tr\u1ebb th\u1ecfa s\u1ee9c s\u00e1ng t\u1ea1o<\/p>\n<p class=\"QN2lPu\">\u25cf\tTh\u00f4ng tin s\u1ea3n ph\u1ea9m:<\/p>\n<p class=\"QN2lPu\">&#8211;\tG\u1ed3m 79 m\u1ea3nh gh\u00e9p<\/p>\n<p class=\"QN2lPu\">&#8211;\tM\u00f4 t\u00f4 c\u1ee7a Kai d\u00e0i h\u01a1n 9 cm<\/p>\n<p class=\"QN2lPu\">&#8211;\tXu\u1ea5t x\u1ee9: Trung Qu\u1ed1c<\/p>\n<p class=\"QN2lPu\">&#8211;\tK\u00edch th\u01b0\u1edbc h\u1ed9p h\u00e0ng: 19.1&#215;14.1&#215;4.6 cm<\/p>\n<p class=\"QN2lPu\">\n<div class=\"QN2lPu\">\n<div style=\"position: relative; width: 100%; padding-bottom: 100%;\"><picture class=\"UkIsx8\"><source srcset=\"https:\/\/down-vn.img.susercontent.com\/file\/vn-11134208-7ra0g-ma5evz9c3vlkd8@resize_w875_nl.webp 1x, https:\/\/down-vn.img.susercontent.com\/file\/vn-11134208-7ra0g-ma5evz9c3vlkd8@resize_w1750_nl.webp 2x\" type=\"image\/webp\" class=\"UkIsx8\"><img decoding=\"async\" width=\"875\" loading=\"lazy\" class=\"uXN1L5 lazyload GqYslU\" srcset=\"https:\/\/down-vn.img.susercontent.com\/file\/vn-11134208-7ra0g-ma5evz9c3vlkd8@resize_w875_nl 1x, https:\/\/down-vn.img.susercontent.com\/file\/vn-11134208-7ra0g-ma5evz9c3vlkd8@resize_w1750_nl 2x\" src=\"https:\/\/down-vn.img.susercontent.com\/file\/vn-11134208-7ra0g-ma5evz9c3vlkd8\" height=\"875\"><\/picture><\/div>\n<\/div>\n<div class=\"QN2lPu\">\n<div style=\"position: relative; width: 100%; padding-bottom: 100%;\"><picture class=\"UkIsx8\"><source srcset=\"https:\/\/down-vn.img.susercontent.com\/file\/vn-11134208-7ra0g-ma5evz9c5a604f@resize_w875_nl.webp 1x, https:\/\/down-vn.img.susercontent.com\/file\/vn-11134208-7ra0g-ma5evz9c5a604f@resize_w1750_nl.webp 2x\" type=\"image\/webp\" class=\"UkIsx8\"><img decoding=\"async\" width=\"875\" loading=\"lazy\" class=\"uXN1L5 lazyload GqYslU\" srcset=\"https:\/\/down-vn.img.susercontent.com\/file\/vn-11134208-7ra0g-ma5evz9c5a604f@resize_w875_nl 1x, https:\/\/down-vn.img.susercontent.com\/file\/vn-11134208-7ra0g-ma5evz9c5a604f@resize_w1750_nl 2x\" src=\"https:\/\/down-vn.img.susercontent.com\/file\/vn-11134208-7ra0g-ma5evz9c5a604f\" height=\"875\"><\/picture><\/div>\n<\/div>\n<div class=\"QN2lPu\">\n<div style=\"position: relative; width: 100%; padding-bottom: 100%;\"><picture class=\"UkIsx8\"><source srcset=\"https:\/\/down-vn.img.susercontent.com\/file\/vn-11134208-7ra0g-ma5evz9c6oqgb4@resize_w875_nl.webp 1x, https:\/\/down-vn.img.susercontent.com\/file\/vn-11134208-7ra0g-ma5evz9c6oqgb4@resize_w1750_nl.webp 2x\" type=\"image\/webp\" class=\"UkIsx8\"><img decoding=\"async\" width=\"875\" loading=\"lazy\" class=\"uXN1L5 lazyload GqYslU\" srcset=\"https:\/\/down-vn.img.susercontent.com\/file\/vn-11134208-7ra0g-ma5evz9c6oqgb4@resize_w875_nl 1x, https:\/\/down-vn.img.susercontent.com\/file\/vn-11134208-7ra0g-ma5evz9c6oqgb4@resize_w1750_nl 2x\" src=\"https:\/\/down-vn.img.susercontent.com\/file\/vn-11134208-7ra0g-ma5evz9c6oqgb4\" height=\"875\"><\/picture><\/div>\n<\/div>\n<div class=\"QN2lPu\">\n<div style=\"position: relative; width: 100%; padding-bottom: 100%;\"><picture class=\"UkIsx8\"><source srcset=\"https:\/\/down-vn.img.susercontent.com\/file\/vn-11134208-7ra0g-ma5evz9c83aw5c@resize_w875_nl.webp 1x, https:\/\/down-vn.img.susercontent.com\/file\/vn-11134208-7ra0g-ma5evz9c83aw5c@resize_w1750_nl.webp 2x\" type=\"image\/webp\" class=\"UkIsx8\"><img decoding=\"async\" width=\"875\" loading=\"lazy\" class=\"uXN1L5 lazyload GqYslU\" srcset=\"https:\/\/down-vn.img.susercontent.com\/file\/vn-11134208-7ra0g-ma5evz9c83aw5c@resize_w875_nl 1x, https:\/\/down-vn.img.susercontent.com\/file\/vn-11134208-7ra0g-ma5evz9c83aw5c@resize_w1750_nl 2x\" src=\"https:\/\/down-vn.img.susercontent.com\/file\/vn-11134208-7ra0g-ma5evz9c83aw5c\" height=\"875\"><\/picture><\/div>\n<\/div>\n<div class=\"QN2lPu\">\n<div style=\"position: relative; width: 100%; padding-bottom: 100%;\"><picture class=\"UkIsx8\"><source srcset=\"https:\/\/down-vn.img.susercontent.com\/file\/vn-11134208-7ra0g-ma5evz9c9hvc32@resize_w875_nl.webp 1x, https:\/\/down-vn.img.susercontent.com\/file\/vn-11134208-7ra0g-ma5evz9c9hvc32@resize_w1750_nl.webp 2x\" type=\"image\/webp\" class=\"UkIsx8\"><img decoding=\"async\" width=\"875\" loading=\"lazy\" class=\"uXN1L5 lazyload GqYslU\" srcset=\"https:\/\/down-vn.img.susercontent.com\/file\/vn-11134208-7ra0g-ma5evz9c9hvc32@resize_w875_nl 1x, https:\/\/down-vn.img.susercontent.com\/file\/vn-11134208-7ra0g-ma5evz9c9hvc32@resize_w1750_nl 2x\" src=\"https:\/\/down-vn.img.susercontent.com\/file\/vn-11134208-7ra0g-ma5evz9c9hvc32\" height=\"875\"><\/picture><\/div>\n<\/div>\n<div class=\"QN2lPu\">\n<div style=\"position: relative; width: 100%; padding-bottom: 100%;\"><picture class=\"UkIsx8\"><source srcset=\"https:\/\/down-vn.img.susercontent.com\/file\/vn-11134208-7ra0g-ma5evz9cawfsef@resize_w875_nl.webp 1x, https:\/\/down-vn.img.susercontent.com\/file\/vn-11134208-7ra0g-ma5evz9cawfsef@resize_w1750_nl.webp 2x\" type=\"image\/webp\" class=\"UkIsx8\"><img decoding=\"async\" width=\"875\" loading=\"lazy\" class=\"uXN1L5 lazyload GqYslU\" srcset=\"https:\/\/down-vn.img.susercontent.com\/file\/vn-11134208-7ra0g-ma5evz9cawfsef@resize_w875_nl 1x, https:\/\/down-vn.img.susercontent.com\/file\/vn-11134208-7ra0g-ma5evz9cawfsef@resize_w1750_nl 2x\" src=\"https:\/\/down-vn.img.susercontent.com\/file\/vn-11134208-7ra0g-ma5evz9cawfsef\" height=\"875\"><\/picture><\/div>\n<\/div>\n<div class=\"QN2lPu\">\n<div style=\"position: relative; width: 100%; padding-bottom: 100%;\"><picture class=\"UkIsx8\"><source srcset=\"https:\/\/down-vn.img.susercontent.com\/file\/vn-11134208-7ra0g-ma5evz9ccb08f9@resize_w875_nl.webp 1x, https:\/\/down-vn.img.susercontent.com\/file\/vn-11134208-7ra0g-ma5evz9ccb08f9@resize_w1750_nl.webp 2x\" type=\"image\/webp\" class=\"UkIsx8\"><img decoding=\"async\" width=\"875\" loading=\"lazy\" class=\"uXN1L5 lazyload GqYslU\" srcset=\"https:\/\/down-vn.img.susercontent.com\/file\/vn-11134208-7ra0g-ma5evz9ccb08f9@resize_w875_nl 1x, https:\/\/down-vn.img.susercontent.com\/file\/vn-11134208-7ra0g-ma5evz9ccb08f9@resize_w1750_nl 2x\" src=\"https:\/\/down-vn.img.susercontent.com\/file\/vn-11134208-7ra0g-ma5evz9ccb08f9\" height=\"875\"><\/picture><\/div>\n<\/div>\n<div class=\"QN2lPu\">\n<div style=\"position: relative; width: 100%; padding-bottom: 100%;\"><picture class=\"UkIsx8\"><source srcset=\"https:\/\/down-vn.img.susercontent.com\/file\/vn-11134208-7ra0g-ma5evz9cdpko60@resize_w875_nl.webp 1x, https:\/\/down-vn.img.susercontent.com\/file\/vn-11134208-7ra0g-ma5evz9cdpko60@resize_w1750_nl.webp 2x\" type=\"image\/webp\" class=\"UkIsx8\"><img decoding=\"async\" width=\"875\" loading=\"lazy\" class=\"uXN1L5 lazyload QSLoEa GqYslU\" srcset=\"https:\/\/down-vn.img.susercontent.com\/file\/vn-11134208-7ra0g-ma5evz9cdpko60@resize_w875_nl 1x, https:\/\/down-vn.img.susercontent.com\/file\/vn-11134208-7ra0g-ma5evz9cdpko60@resize_w1750_nl 2x\" src=\"https:\/\/down-vn.img.susercontent.com\/file\/vn-11134208-7ra0g-ma5evz9cdpko60\" height=\"875\"><\/picture><\/div>\n<\/div>\n<div class=\"QN2lPu\">\n<div style=\"position: relative; width: 100%; padding-bottom: 100%;\"><picture class=\"UkIsx8\"><source srcset=\"https:\/\/down-vn.img.susercontent.com\/file\/vn-11134208-7ra0g-ma5evz9blm7sf3@resize_w875_nl.webp 1x, https:\/\/down-vn.img.susercontent.com\/file\/vn-11134208-7ra0g-ma5evz9blm7sf3@resize_w1750_nl.webp 2x\" type=\"image\/webp\" class=\"UkIsx8\"><img decoding=\"async\" width=\"875\" loading=\"lazy\" class=\"uXN1L5 lazyload QSLoEa GqYslU\" srcset=\"https:\/\/down-vn.img.susercontent.com\/file\/vn-11134208-7ra0g-ma5evz9blm7sf3@resize_w875_nl 1x, https:\/\/down-vn.img.susercontent.com\/file\/vn-11134208-7ra0g-ma5evz9blm7sf3@resize_w1750_nl 2x\" src=\"https:\/\/down-vn.img.susercontent.com\/file\/vn-11134208-7ra0g-ma5evz9blm7sf3\" height=\"875\"><\/picture><\/div>\n<\/div>\n<div class=\"QN2lPu\">\n<div style=\"position: relative; width: 100%; padding-bottom: 100%;\"><picture class=\"UkIsx8\"><source srcset=\"https:\/\/down-vn.img.susercontent.com\/file\/vn-11134208-7ra0g-ma5evz9bn0s8ef@resize_w875_nl.webp 1x, https:\/\/down-vn.img.susercontent.com\/file\/vn-11134208-7ra0g-ma5evz9bn0s8ef@resize_w1750_nl.webp 2x\" type=\"image\/webp\" class=\"UkIsx8\"><img decoding=\"async\" width=\"875\" loading=\"lazy\" class=\"uXN1L5 lazyload QSLoEa GqYslU\" srcset=\"https:\/\/down-vn.img.susercontent.com\/file\/vn-11134208-7ra0g-ma5evz9bn0s8ef@resize_w875_nl 1x, https:\/\/down-vn.img.susercontent.com\/file\/vn-11134208-7ra0g-ma5evz9bn0s8ef@resize_w1750_nl 2x\" src=\"https:\/\/down-vn.img.susercontent.com\/file\/vn-11134208-7ra0g-ma5evz9bn0s8ef\" height=\"875\"><\/picture><\/div>\n<\/div>\n<\/div>\n","protected":false},"excerpt":{"rendered":"<p>LEGO NINJAGO 71838 \u0110\u1ed3 Ch\u01a1i L\u1eafp R\u00e1p B\u1ed9 \u0110\u00f4i Xe \u0110ua T\u1ed1c \u0110\u1ed9 C\u1ee7a Kai (79 chi ti\u1ebft) \u25cf H\u1ee3p l\u1ef1c c\u00f9ng Kai tr\u00ean chi\u1ebfc si\u00eau m\u00f4 t\u00f4 ninja c\u1ef1c ng\u1ea7u khi anh b\u1ecb truy \u0111u\u1ed5i b\u1edfi t\u00ean l\u00ednh trinh s\u00e1t Spectral Dragonian c\u01b0\u1ee1i xe qu\u1ef7! Chu\u1ea9n b\u1ecb cho m\u1ed9t cu\u1ed9c r\u01b0\u1ee3t \u0111u\u1ed5i t\u1ed1c \u0111\u1ed9&#8230;<\/p>\n","protected":false},"featured_media":14311,"comment_status":"open","ping_status":"closed","template":"","meta":[],"product_brand":[],"product_cat":[1346],"product_tag":[],"class_list":{"0":"post-14084","1":"product","2":"type-product","3":"status-publish","4":"has-post-thumbnail","6":"product_cat-do-choi-lap-rap","8":"first","9":"instock","10":"featured","11":"shipping-taxable","12":"purchasable","13":"product-type-simple"},"_links":{"self":[{"href":"https:\/\/web-ban-le.mbws.vn\/do-choi\/wp-json\/wp\/v2\/product\/14084","targetHints":{"allow":["GET"]}}],"collection":[{"href":"https:\/\/web-ban-le.mbws.vn\/do-choi\/wp-json\/wp\/v2\/product"}],"about":[{"href":"https:\/\/web-ban-le.mbws.vn\/do-choi\/wp-json\/wp\/v2\/types\/product"}],"replies":[{"embeddable":true,"href":"https:\/\/web-ban-le.mbws.vn\/do-choi\/wp-json\/wp\/v2\/comments?post=14084"}],"wp:featuredmedia":[{"embeddable":true,"href":"https:\/\/web-ban-le.mbws.vn\/do-choi\/wp-json\/wp\/v2\/media\/14311"}],"wp:attachment":[{"href":"https:\/\/web-ban-le.mbws.vn\/do-choi\/wp-json\/wp\/v2\/media?parent=14084"}],"wp:term":[{"taxonomy":"product_brand","embeddable":true,"href":"https:\/\/web-ban-le.mbws.vn\/do-choi\/wp-json\/wp\/v2\/product_brand?post=14084"},{"taxonomy":"product_cat","embeddable":true,"href":"https:\/\/web-ban-le.mbws.vn\/do-choi\/wp-json\/wp\/v2\/product_cat?post=14084"},{"taxonomy":"product_tag","embeddable":true,"href":"https:\/\/web-ban-le.mbws.vn\/do-choi\/wp-json\/wp\/v2\/product_tag?post=14084"}],"curies":[{"name":"wp","href":"https:\/\/api.w.org\/{rel}","templated":true}]}}