{"id":14086,"date":"2025-10-28T13:24:44","date_gmt":"2025-10-28T06:24:44","guid":{"rendered":"https:\/\/web-ban-le.mbws.vn\/do-choi\/?post_type=product&#038;p=14086"},"modified":"2025-11-05T08:29:27","modified_gmt":"2025-11-05T01:29:27","slug":"lego-speed-champions-77242-do-choi-lap-rap-xe-dua-ferrari-sf-24-f1-275-chi-tiet","status":"publish","type":"product","link":"https:\/\/web-ban-le.mbws.vn\/do-choi\/san-pham\/lego-speed-champions-77242-do-choi-lap-rap-xe-dua-ferrari-sf-24-f1-275-chi-tiet\/","title":{"rendered":"LEGO SPEED CHAMPIONS 77242 \u0110\u1ed3 Ch\u01a1i L\u1eafp R\u00e1p Xe \u0110ua Ferrari SF-24 F1 (275 chi ti\u1ebft)"},"content":{"rendered":"<div class=\"e8lZp3\">\n<p class=\"QN2lPu\">LEGO SPEED CHAMPIONS 77242 \u0110\u1ed3 Ch\u01a1i L\u1eafp R\u00e1p Xe \u0110ua Ferrari SF-24 F1 (275 chi ti\u1ebft)<\/p>\n<p class=\"QN2lPu\">\u25cf\tTr\u1ea3i nghi\u1ec7m nh\u1eefng pha \u0111ua t\u1ed1c \u0111\u1ed9 cao c\u1ee7a Formula 1\u00ae v\u1edbi m\u00f4 h\u00ecnh xe \u0111ua Ferrari SF-24 F1\u00ae \u0111\u01b0\u1ee3c l\u1eafp r\u00e1p t\u1eeb g\u1ea1ch Lego\u00ae. S\u01b0u t\u1ea7m, l\u1eafp r\u00e1p, tr\u01b0ng b\u00e0y v\u00e0 tr\u1ea3i nghi\u1ec7m c\u00f9ng m\u1eabu xe \u1ea5n t\u01b0\u1ee3ng n\u00e0y t\u1eeb d\u00f2ng Lego\u00ae Speed Champions, \u0111\u01b0\u1ee3c thi\u1ebft k\u1ebf v\u1edbi nh\u1eefng chi ti\u1ebft ch\u00e2n th\u1ef1c l\u1ea5y c\u1ea3m h\u1ee9ng t\u1eeb chi\u1ebfc xe \u0111ua tham gia m\u00f9a gi\u1ea3i Formula 1 n\u0103m 2024. B\u1ed9 s\u1ea3n ph\u1ea9m c\u00f2n \u0111i k\u00e8m m\u1ed9t nh\u00e2n v\u1eadt tay \u0111ua Ferrari Lego \u0111\u1ec3 \u0111\u1eb7t v\u00e0o bu\u1ed3ng l\u00e1i v\u00e0 nh\u1eadp vai trong c\u00e1c cu\u1ed9c \u0111ua.<\/p>\n<p class=\"QN2lPu\">\u25cf\tM\u00f4 h\u00ecnh xe \u0111ua Ferrari SF-24 F1\u00ae Lego\u00ae Speed Champions l\u1eafp r\u00e1p t\u1eeb g\u1ea1ch Lego\u00ae<\/p>\n<p class=\"QN2lPu\">\u25cf\tBao g\u1ed3m nh\u00e2n v\u1eadt tay \u0111ua Ferrari Lego \u0111\u1ec3 \u0111\u1eb7t v\u00e0o bu\u1ed3ng l\u00e1i, t\u1ea1o tr\u1ea3i nghi\u1ec7m nh\u1eadp vai<\/p>\n<p class=\"QN2lPu\">\u25cf\tC\u00e1c chi ti\u1ebft thi\u1ebft k\u1ebf ch\u00e2n th\u1ef1c c\u1ee7a Ferrari, bao g\u1ed3m c\u1ea3 sticker nh\u00e0 t\u00e0i tr\u1ee3 v\u00e0 l\u1ed1p sau r\u1ed9ng h\u01a1n<\/p>\n<p class=\"QN2lPu\">\u25cf\tKh\u00e1m ph\u00e1 th\u00eam nh\u1eefng m\u1eabu xe kh\u00e1c trong d\u00f2ng Lego\u00ae F1\u00ae, \u0111\u01b0\u1ee3c b\u00e1n ri\u00eang<\/p>\n<p class=\"QN2lPu\">\u25cf\t\u0110\u1ed3 ch\u01a1i xe Lego\u00ae c\u00f3 th\u1ec3 tr\u01b0ng b\u00e0y tr\u00ean k\u1ec7 ho\u1eb7c b\u00e0n c\u1ea1nh gi\u01b0\u1eddng sau khi ch\u01a1i<\/p>\n<p class=\"QN2lPu\">\u25cf\tM\u00f3n qu\u00e0 l\u00fd t\u01b0\u1edfng cho tr\u1ebb t\u1eeb 10 tu\u1ed5i tr\u1edf l\u00ean v\u00e0 nh\u1eefng nh\u00e0 s\u01b0u t\u1ea7m m\u00f4 h\u00ecnh xe h\u01a1i<\/p>\n<p class=\"QN2lPu\">\u25cf\tD\u00f2ng Lego\u00ae Speed Champions gi\u00fap tr\u1ebb em v\u00e0 ng\u01b0\u1eddi h\u00e2m m\u1ed9 xe h\u01a1i l\u1eafp r\u00e1p nh\u1eefng m\u00f4 h\u00ecnh ch\u00e2n th\u1ef1c<\/p>\n<p class=\"QN2lPu\">\u25cf\tM\u00f4 h\u00ecnh xe Lego\u00ae g\u1ed3m 275 m\u1ea3nh gh\u00e9p, c\u00f3 chi\u1ec1u d\u00e0i h\u01a1n 20 cm (8 inch)<\/p>\n<p class=\"QN2lPu\">\u25cf\tTh\u00f4ng tin s\u1ea3n ph\u1ea9m:<\/p>\n<p class=\"QN2lPu\">&#8211;\tXu\u1ea5t x\u1ee9: Trung Qu\u1ed1c<\/p>\n<p class=\"QN2lPu\">&#8211;\tK\u00edch th\u01b0\u1edbc h\u1ed9p h\u00e0ng: 26.2&#215;14.1&#215;4.8 cm<\/p>\n<p class=\"QN2lPu\">\n<div class=\"QN2lPu\">\n<div style=\"position: relative; width: 100%; padding-bottom: 100%;\"><picture class=\"UkIsx8\"><source srcset=\"https:\/\/down-vn.img.susercontent.com\/file\/vn-11134208-7ra0g-m6gklakkdoag3a@resize_w875_nl.webp 1x, https:\/\/down-vn.img.susercontent.com\/file\/vn-11134208-7ra0g-m6gklakkdoag3a@resize_w1750_nl.webp 2x\" type=\"image\/webp\" class=\"UkIsx8\"><img decoding=\"async\" width=\"875\" loading=\"lazy\" class=\"uXN1L5 lazyload GqYslU\" srcset=\"https:\/\/down-vn.img.susercontent.com\/file\/vn-11134208-7ra0g-m6gklakkdoag3a@resize_w875_nl 1x, https:\/\/down-vn.img.susercontent.com\/file\/vn-11134208-7ra0g-m6gklakkdoag3a@resize_w1750_nl 2x\" src=\"https:\/\/down-vn.img.susercontent.com\/file\/vn-11134208-7ra0g-m6gklakkdoag3a\" height=\"875\"><\/picture><\/div>\n<\/div>\n<div class=\"QN2lPu\">\n<div style=\"position: relative; width: 100%; padding-bottom: 100%;\"><picture class=\"UkIsx8\"><source srcset=\"https:\/\/down-vn.img.susercontent.com\/file\/vn-11134208-7ra0g-m6gklakkf2uw00@resize_w875_nl.webp 1x, https:\/\/down-vn.img.susercontent.com\/file\/vn-11134208-7ra0g-m6gklakkf2uw00@resize_w1750_nl.webp 2x\" type=\"image\/webp\" class=\"UkIsx8\"><img decoding=\"async\" width=\"875\" loading=\"lazy\" class=\"uXN1L5 lazyload GqYslU\" srcset=\"https:\/\/down-vn.img.susercontent.com\/file\/vn-11134208-7ra0g-m6gklakkf2uw00@resize_w875_nl 1x, https:\/\/down-vn.img.susercontent.com\/file\/vn-11134208-7ra0g-m6gklakkf2uw00@resize_w1750_nl 2x\" src=\"https:\/\/down-vn.img.susercontent.com\/file\/vn-11134208-7ra0g-m6gklakkf2uw00\" height=\"875\"><\/picture><\/div>\n<\/div>\n<div class=\"QN2lPu\">\n<div style=\"position: relative; width: 100%; padding-bottom: 100%;\"><picture class=\"UkIsx8\"><source srcset=\"https:\/\/down-vn.img.susercontent.com\/file\/vn-11134208-7ra0g-m6gklakkghfc57@resize_w875_nl.webp 1x, https:\/\/down-vn.img.susercontent.com\/file\/vn-11134208-7ra0g-m6gklakkghfc57@resize_w1750_nl.webp 2x\" type=\"image\/webp\" class=\"UkIsx8\"><img decoding=\"async\" width=\"875\" loading=\"lazy\" class=\"uXN1L5 lazyload GqYslU\" srcset=\"https:\/\/down-vn.img.susercontent.com\/file\/vn-11134208-7ra0g-m6gklakkghfc57@resize_w875_nl 1x, https:\/\/down-vn.img.susercontent.com\/file\/vn-11134208-7ra0g-m6gklakkghfc57@resize_w1750_nl 2x\" src=\"https:\/\/down-vn.img.susercontent.com\/file\/vn-11134208-7ra0g-m6gklakkghfc57\" height=\"875\"><\/picture><\/div>\n<\/div>\n<div class=\"QN2lPu\">\n<div style=\"position: relative; width: 100%; padding-bottom: 100%;\"><picture class=\"UkIsx8\"><source srcset=\"https:\/\/down-vn.img.susercontent.com\/file\/vn-11134208-7ra0g-m6gklakkhvzs17@resize_w875_nl.webp 1x, https:\/\/down-vn.img.susercontent.com\/file\/vn-11134208-7ra0g-m6gklakkhvzs17@resize_w1750_nl.webp 2x\" type=\"image\/webp\" class=\"UkIsx8\"><img decoding=\"async\" width=\"875\" loading=\"lazy\" class=\"uXN1L5 lazyload GqYslU\" srcset=\"https:\/\/down-vn.img.susercontent.com\/file\/vn-11134208-7ra0g-m6gklakkhvzs17@resize_w875_nl 1x, https:\/\/down-vn.img.susercontent.com\/file\/vn-11134208-7ra0g-m6gklakkhvzs17@resize_w1750_nl 2x\" src=\"https:\/\/down-vn.img.susercontent.com\/file\/vn-11134208-7ra0g-m6gklakkhvzs17\" height=\"875\"><\/picture><\/div>\n<\/div>\n<div class=\"QN2lPu\">\n<div style=\"position: relative; width: 100%; padding-bottom: 100%;\"><picture class=\"UkIsx8\"><source srcset=\"https:\/\/down-vn.img.susercontent.com\/file\/vn-11134208-7ra0g-m6gklakkjak89d@resize_w875_nl.webp 1x, https:\/\/down-vn.img.susercontent.com\/file\/vn-11134208-7ra0g-m6gklakkjak89d@resize_w1750_nl.webp 2x\" type=\"image\/webp\" class=\"UkIsx8\"><img decoding=\"async\" width=\"875\" loading=\"lazy\" class=\"uXN1L5 lazyload GqYslU\" srcset=\"https:\/\/down-vn.img.susercontent.com\/file\/vn-11134208-7ra0g-m6gklakkjak89d@resize_w875_nl 1x, https:\/\/down-vn.img.susercontent.com\/file\/vn-11134208-7ra0g-m6gklakkjak89d@resize_w1750_nl 2x\" src=\"https:\/\/down-vn.img.susercontent.com\/file\/vn-11134208-7ra0g-m6gklakkjak89d\" height=\"875\"><\/picture><\/div>\n<\/div>\n<div class=\"QN2lPu\">\n<div style=\"position: relative; width: 100%; padding-bottom: 100%;\"><picture class=\"UkIsx8\"><source srcset=\"https:\/\/down-vn.img.susercontent.com\/file\/vn-11134208-7ra0g-m6gklakkkp4o11@resize_w875_nl.webp 1x, https:\/\/down-vn.img.susercontent.com\/file\/vn-11134208-7ra0g-m6gklakkkp4o11@resize_w1750_nl.webp 2x\" type=\"image\/webp\" class=\"UkIsx8\"><img decoding=\"async\" width=\"875\" loading=\"lazy\" class=\"uXN1L5 lazyload QSLoEa GqYslU\" srcset=\"https:\/\/down-vn.img.susercontent.com\/file\/vn-11134208-7ra0g-m6gklakkkp4o11@resize_w875_nl 1x, https:\/\/down-vn.img.susercontent.com\/file\/vn-11134208-7ra0g-m6gklakkkp4o11@resize_w1750_nl 2x\" src=\"https:\/\/down-vn.img.susercontent.com\/file\/vn-11134208-7ra0g-m6gklakkkp4o11\" height=\"875\"><\/picture><\/div>\n<\/div>\n<div class=\"QN2lPu\">\n<div style=\"position: relative; width: 100%; padding-bottom: 100%;\"><picture class=\"UkIsx8\"><source srcset=\"https:\/\/down-vn.img.susercontent.com\/file\/vn-11134208-7ra0g-m6gklakkm3p40f@resize_w875_nl.webp 1x, https:\/\/down-vn.img.susercontent.com\/file\/vn-11134208-7ra0g-m6gklakkm3p40f@resize_w1750_nl.webp 2x\" type=\"image\/webp\" class=\"UkIsx8\"><img decoding=\"async\" width=\"875\" loading=\"lazy\" class=\"uXN1L5 lazyload QSLoEa GqYslU\" srcset=\"https:\/\/down-vn.img.susercontent.com\/file\/vn-11134208-7ra0g-m6gklakkm3p40f@resize_w875_nl 1x, https:\/\/down-vn.img.susercontent.com\/file\/vn-11134208-7ra0g-m6gklakkm3p40f@resize_w1750_nl 2x\" src=\"https:\/\/down-vn.img.susercontent.com\/file\/vn-11134208-7ra0g-m6gklakkm3p40f\" height=\"875\"><\/picture><\/div>\n<\/div>\n<p class=\"QN2lPu\">\n<\/div>\n","protected":false},"excerpt":{"rendered":"<p>LEGO SPEED CHAMPIONS 77242 \u0110\u1ed3 Ch\u01a1i L\u1eafp R\u00e1p Xe \u0110ua Ferrari SF-24 F1 (275 chi ti\u1ebft) \u25cf Tr\u1ea3i nghi\u1ec7m nh\u1eefng pha \u0111ua t\u1ed1c \u0111\u1ed9 cao c\u1ee7a Formula 1\u00ae v\u1edbi m\u00f4 h\u00ecnh xe \u0111ua Ferrari SF-24 F1\u00ae \u0111\u01b0\u1ee3c l\u1eafp r\u00e1p t\u1eeb g\u1ea1ch Lego\u00ae. S\u01b0u t\u1ea7m, l\u1eafp r\u00e1p, tr\u01b0ng b\u00e0y v\u00e0 tr\u1ea3i nghi\u1ec7m c\u00f9ng m\u1eabu xe \u1ea5n&#8230;<\/p>\n","protected":false},"featured_media":14332,"comment_status":"open","ping_status":"closed","template":"","meta":[],"product_brand":[],"product_cat":[1346],"product_tag":[],"class_list":{"0":"post-14086","1":"product","2":"type-product","3":"status-publish","4":"has-post-thumbnail","6":"product_cat-do-choi-lap-rap","8":"first","9":"instock","10":"sale","11":"featured","12":"shipping-taxable","13":"purchasable","14":"product-type-simple"},"_links":{"self":[{"href":"https:\/\/web-ban-le.mbws.vn\/do-choi\/wp-json\/wp\/v2\/product\/14086","targetHints":{"allow":["GET"]}}],"collection":[{"href":"https:\/\/web-ban-le.mbws.vn\/do-choi\/wp-json\/wp\/v2\/product"}],"about":[{"href":"https:\/\/web-ban-le.mbws.vn\/do-choi\/wp-json\/wp\/v2\/types\/product"}],"replies":[{"embeddable":true,"href":"https:\/\/web-ban-le.mbws.vn\/do-choi\/wp-json\/wp\/v2\/comments?post=14086"}],"wp:featuredmedia":[{"embeddable":true,"href":"https:\/\/web-ban-le.mbws.vn\/do-choi\/wp-json\/wp\/v2\/media\/14332"}],"wp:attachment":[{"href":"https:\/\/web-ban-le.mbws.vn\/do-choi\/wp-json\/wp\/v2\/media?parent=14086"}],"wp:term":[{"taxonomy":"product_brand","embeddable":true,"href":"https:\/\/web-ban-le.mbws.vn\/do-choi\/wp-json\/wp\/v2\/product_brand?post=14086"},{"taxonomy":"product_cat","embeddable":true,"href":"https:\/\/web-ban-le.mbws.vn\/do-choi\/wp-json\/wp\/v2\/product_cat?post=14086"},{"taxonomy":"product_tag","embeddable":true,"href":"https:\/\/web-ban-le.mbws.vn\/do-choi\/wp-json\/wp\/v2\/product_tag?post=14086"}],"curies":[{"name":"wp","href":"https:\/\/api.w.org\/{rel}","templated":true}]}}