{"id":14122,"date":"2025-10-28T13:25:10","date_gmt":"2025-10-28T06:25:10","guid":{"rendered":"https:\/\/web-ban-le.mbws.vn\/do-choi\/?post_type=product&#038;p=14122"},"modified":"2025-11-05T08:29:27","modified_gmt":"2025-11-05T01:29:27","slug":"lego-ninjago-71827-do-choi-lap-rap-chien-giap-cua-zane-92-chi-tiet","status":"publish","type":"product","link":"https:\/\/web-ban-le.mbws.vn\/do-choi\/san-pham\/lego-ninjago-71827-do-choi-lap-rap-chien-giap-cua-zane-92-chi-tiet\/","title":{"rendered":"LEGO NINJAGO 71827 \u0110\u1ed3 Ch\u01a1i L\u1eafp R\u00e1p Chi\u1ebfn Gi\u00e1p C\u1ee7a Zane (92 chi ti\u1ebft)"},"content":{"rendered":"<div class=\"e8lZp3\">\n<p class=\"QN2lPu\">LEGO NINJAGO 71827 \u0110\u1ed3 Ch\u01a1i L\u1eafp R\u00e1p Chi\u1ebfn Gi\u00e1p C\u1ee7a Zane (92 chi ti\u1ebft)<\/p>\n<p class=\"QN2lPu\">Tham gia tr\u1eadn chi\u1ebfn n\u1ea3y l\u1eeda c\u00f9ng Zane v\u00e0 c\u1ed7 m\u00e1y chi\u1ebfn \u0111\u1ea5u! H\u00e3y c\u00f9ng Zane x\u00f4ng pha chi\u1ebfn tr\u01b0\u1eddng v\u1edbi b\u1ed9 gi\u00e1p chi\u1ebfn \u0111\u1ea5u c\u1ef1c ch\u1ea5t v\u00e0 hai thanh ki\u1ebfm kh\u1ed5ng l\u1ed3! Nhi\u1ec7m v\u1ee5 c\u1ee7a Zane l\u00e0 \u0111\u00e1nh b\u1ea1i Drix, nh\u01b0ng h\u00e3y c\u1ea9n th\u1eadn \u2013 k\u1ebb th\u00f9 nguy hi\u1ec3m t\u1eeb Ch\u1ee7 Nh\u00e2n c\u1ee7a B\u1ea7y \u0110\u00e0n \u0111\u1ebfn t\u1eeb Nh\u00f3m N\u0103m C\u1ea5m K\u1ef5, \u0111\u00e3 s\u1eb5n s\u00e0ng tung \u0111\u00f2n ph\u1ea3n c\u00f4ng. May m\u1eafn thay, Wyldfyre s\u1ebd xu\u1ea5t hi\u1ec7n k\u1ecbp th\u1eddi \u0111\u1ec3 ti\u1ebfp vi\u1ec7n. C\u00f9ng nhau, c\u00e1c chi\u1ebfn binh ninja quy\u1ebft t\u00e2m gi\u00e0nh l\u1ea5y chi\u1ebfn th\u1eafng trong tr\u1eadn chi\u1ebfn \u0111\u1ea7y gay c\u1ea5n n\u00e0y!<\/p>\n<p class=\"QN2lPu\">\n<p class=\"QN2lPu\">Th\u00f4ng tin chi ti\u1ebft v\u1ec1 s\u1ea3n ph\u1ea9m:<\/p>\n<p class=\"QN2lPu\">&#8211; T\u00e1i hi\u1ec7n phi\u00eau l\u01b0u Ninjago\u00ae Dragons Rising: L\u1ea5y c\u1ea3m h\u1ee9ng t\u1eeb m\u00f9a 3, mang \u0111\u1ebfn nh\u1eefng cu\u1ed9c phi\u00eau l\u01b0u h\u00e0nh \u0111\u1ed9ng \u0111\u1ec9nh cao.<\/p>\n<p class=\"QN2lPu\">&#8211; C\u1ed7 m\u00e1y chi\u1ebfn \u0111\u1ea5u linh ho\u1ea1t: B\u1ed9 gi\u00e1p c\u1ee7a Zane c\u00f3 th\u1ec3 \u0111i\u1ec1u ch\u1ec9nh tay, ch\u00e2n v\u00e0 b\u00e0n tay, t\u1ea1o nhi\u1ec1u t\u01b0 th\u1ebf chi\u1ebfn \u0111\u1ea5u \u0111\u1ed9c \u0111\u00e1o.<\/p>\n<p class=\"QN2lPu\">&#8211; Bao g\u1ed3m 3 nh\u00e2n v\u1eadt: Zane, Wyldfyre v\u00e0 Drix, m\u1ed7i nh\u00e2n v\u1eadt \u0111\u01b0\u1ee3c trang b\u1ecb v\u0169 kh\u00ed \u0111\u1ec3 ch\u01a1i nh\u1eadp vai th\u00fa v\u1ecb.<\/p>\n<p class=\"QN2lPu\">&#8211; \u0110\u1ed9 tu\u1ed5i: Ph\u00f9 h\u1ee3p cho tr\u1ebb t\u1eeb 6 tu\u1ed5i tr\u1edf l\u00ean, \u0111\u1eb7c bi\u1ec7t l\u00e0 nh\u1eefng b\u00e9 y\u00eau th\u00edch c\u00e1c cu\u1ed9c phi\u00eau l\u01b0u v\u00e0 tr\u1eadn chi\u1ebfn ninja.<\/p>\n<p class=\"QN2lPu\">&#8211; K\u00edch th\u01b0\u1edbc: C\u1ed7 m\u00e1y ninja trong b\u1ed9 92 chi ti\u1ebft cao h\u01a1n 10 cm (4 inch).<\/p>\n<p class=\"QN2lPu\">&#8211; \u00dd t\u01b0\u1edfng qu\u00e0 t\u1eb7ng ho\u00e0n h\u1ea3o: M\u1ed9t m\u00f3n qu\u00e0 l\u00fd t\u01b0\u1edfng cho c\u00e1c b\u00e9 m\u00ea ninja v\u00e0 th\u1ebf gi\u1edbi t\u01b0\u1edfng t\u01b0\u1ee3ng.<\/p>\n<p class=\"QN2lPu\">&#8211; T\u0103ng c\u01b0\u1eddng b\u1ed9 s\u01b0u t\u1eadp: K\u1ebft h\u1ee3p c\u00f9ng c\u00e1c b\u1ed9 Lego\u00ae Ninjago\u00ae kh\u00e1c (b\u00e1n ri\u00eang) \u0111\u1ec3 m\u1edf r\u1ed9ng th\u1ebf gi\u1edbi chi\u1ebfn binh ninja.<\/p>\n<p class=\"QN2lPu\"> &#8211; K\u00edch th\u00edch s\u00e1ng t\u1ea1o: \u0110\u01b0a tr\u1ebb v\u00e0o th\u1ebf gi\u1edbi phi\u00eau l\u01b0u gi\u1ea3 t\u01b0\u1edfng, gi\u00fap ph\u00e1t tri\u1ec3n k\u1ef9 n\u0103ng t\u01b0\u1edfng t\u01b0\u1ee3ng v\u00e0 s\u00e1ng t\u1ea1o.<\/p>\n<p class=\"QN2lPu\">\n<p class=\"QN2lPu\">Th\u00f4ng tin s\u1ea3n ph\u1ea9m: <\/p>\n<p class=\"QN2lPu\">&#8211; Xu\u1ea5t x\u1ee9: Trung Qu\u1ed1c <\/p>\n<p class=\"QN2lPu\">&#8211; K\u00edch th\u01b0\u1edbc h\u1ed9p h\u00e0ng: 14.1&#215;12.2&#215;4.6 cm<\/p>\n<p class=\"QN2lPu\">\n<div class=\"QN2lPu\">\n<div style=\"position: relative; width: 100%; padding-bottom: 100%;\"><picture class=\"UkIsx8\"><source srcset=\"https:\/\/down-vn.img.susercontent.com\/file\/vn-11134208-7ras8-m4efldjkmr8w37@resize_w875_nl.webp 1x, https:\/\/down-vn.img.susercontent.com\/file\/vn-11134208-7ras8-m4efldjkmr8w37@resize_w1750_nl.webp 2x\" type=\"image\/webp\" class=\"UkIsx8\"><img decoding=\"async\" width=\"875\" loading=\"lazy\" class=\"uXN1L5 lazyload GqYslU\" srcset=\"https:\/\/down-vn.img.susercontent.com\/file\/vn-11134208-7ras8-m4efldjkmr8w37@resize_w875_nl 1x, https:\/\/down-vn.img.susercontent.com\/file\/vn-11134208-7ras8-m4efldjkmr8w37@resize_w1750_nl 2x\" src=\"https:\/\/down-vn.img.susercontent.com\/file\/vn-11134208-7ras8-m4efldjkmr8w37\" height=\"875\"><\/picture><\/div>\n<\/div>\n<div class=\"QN2lPu\">\n<div style=\"position: relative; width: 100%; padding-bottom: 100%;\"><picture class=\"UkIsx8\"><source srcset=\"https:\/\/down-vn.img.susercontent.com\/file\/vn-11134208-7ras8-m4efldjko5tc00@resize_w875_nl.webp 1x, https:\/\/down-vn.img.susercontent.com\/file\/vn-11134208-7ras8-m4efldjko5tc00@resize_w1750_nl.webp 2x\" type=\"image\/webp\" class=\"UkIsx8\"><img decoding=\"async\" width=\"875\" loading=\"lazy\" class=\"uXN1L5 lazyload GqYslU\" srcset=\"https:\/\/down-vn.img.susercontent.com\/file\/vn-11134208-7ras8-m4efldjko5tc00@resize_w875_nl 1x, https:\/\/down-vn.img.susercontent.com\/file\/vn-11134208-7ras8-m4efldjko5tc00@resize_w1750_nl 2x\" src=\"https:\/\/down-vn.img.susercontent.com\/file\/vn-11134208-7ras8-m4efldjko5tc00\" height=\"875\"><\/picture><\/div>\n<\/div>\n<div class=\"QN2lPu\">\n<div style=\"position: relative; width: 100%; padding-bottom: 100%;\"><picture class=\"UkIsx8\"><source srcset=\"https:\/\/down-vn.img.susercontent.com\/file\/vn-11134208-7ras8-m4efldjkpkdsd2@resize_w875_nl.webp 1x, https:\/\/down-vn.img.susercontent.com\/file\/vn-11134208-7ras8-m4efldjkpkdsd2@resize_w1750_nl.webp 2x\" type=\"image\/webp\" class=\"UkIsx8\"><img decoding=\"async\" width=\"875\" loading=\"lazy\" class=\"uXN1L5 lazyload GqYslU\" srcset=\"https:\/\/down-vn.img.susercontent.com\/file\/vn-11134208-7ras8-m4efldjkpkdsd2@resize_w875_nl 1x, https:\/\/down-vn.img.susercontent.com\/file\/vn-11134208-7ras8-m4efldjkpkdsd2@resize_w1750_nl 2x\" src=\"https:\/\/down-vn.img.susercontent.com\/file\/vn-11134208-7ras8-m4efldjkpkdsd2\" height=\"875\"><\/picture><\/div>\n<\/div>\n<div class=\"QN2lPu\">\n<div style=\"position: relative; width: 100%; padding-bottom: 100%;\"><picture class=\"UkIsx8\"><source srcset=\"https:\/\/down-vn.img.susercontent.com\/file\/vn-11134208-7ras8-m4efldjkqyy8b1@resize_w875_nl.webp 1x, https:\/\/down-vn.img.susercontent.com\/file\/vn-11134208-7ras8-m4efldjkqyy8b1@resize_w1750_nl.webp 2x\" type=\"image\/webp\" class=\"UkIsx8\"><img decoding=\"async\" width=\"875\" loading=\"lazy\" class=\"uXN1L5 lazyload GqYslU\" srcset=\"https:\/\/down-vn.img.susercontent.com\/file\/vn-11134208-7ras8-m4efldjkqyy8b1@resize_w875_nl 1x, https:\/\/down-vn.img.susercontent.com\/file\/vn-11134208-7ras8-m4efldjkqyy8b1@resize_w1750_nl 2x\" src=\"https:\/\/down-vn.img.susercontent.com\/file\/vn-11134208-7ras8-m4efldjkqyy8b1\" height=\"875\"><\/picture><\/div>\n<\/div>\n<div class=\"QN2lPu\">\n<div style=\"position: relative; width: 100%; padding-bottom: 100%;\"><picture class=\"UkIsx8\"><source srcset=\"https:\/\/down-vn.img.susercontent.com\/file\/vn-11134208-7ras8-m4efldjksdiofa@resize_w875_nl.webp 1x, https:\/\/down-vn.img.susercontent.com\/file\/vn-11134208-7ras8-m4efldjksdiofa@resize_w1750_nl.webp 2x\" type=\"image\/webp\" class=\"UkIsx8\"><img decoding=\"async\" width=\"875\" loading=\"lazy\" class=\"uXN1L5 lazyload GqYslU\" srcset=\"https:\/\/down-vn.img.susercontent.com\/file\/vn-11134208-7ras8-m4efldjksdiofa@resize_w875_nl 1x, https:\/\/down-vn.img.susercontent.com\/file\/vn-11134208-7ras8-m4efldjksdiofa@resize_w1750_nl 2x\" src=\"https:\/\/down-vn.img.susercontent.com\/file\/vn-11134208-7ras8-m4efldjksdiofa\" height=\"875\"><\/picture><\/div>\n<\/div>\n<div class=\"QN2lPu\">\n<div style=\"position: relative; width: 100%; padding-bottom: 100%;\"><picture class=\"UkIsx8\"><source srcset=\"https:\/\/down-vn.img.susercontent.com\/file\/vn-11134208-7ras8-m4efldjkts34ef@resize_w875_nl.webp 1x, https:\/\/down-vn.img.susercontent.com\/file\/vn-11134208-7ras8-m4efldjkts34ef@resize_w1750_nl.webp 2x\" type=\"image\/webp\" class=\"UkIsx8\"><img decoding=\"async\" width=\"875\" loading=\"lazy\" class=\"uXN1L5 lazyload GqYslU\" srcset=\"https:\/\/down-vn.img.susercontent.com\/file\/vn-11134208-7ras8-m4efldjkts34ef@resize_w875_nl 1x, https:\/\/down-vn.img.susercontent.com\/file\/vn-11134208-7ras8-m4efldjkts34ef@resize_w1750_nl 2x\" src=\"https:\/\/down-vn.img.susercontent.com\/file\/vn-11134208-7ras8-m4efldjkts34ef\" height=\"875\"><\/picture><\/div>\n<\/div>\n<div class=\"QN2lPu\">\n<div style=\"position: relative; width: 100%; padding-bottom: 100%;\"><picture class=\"UkIsx8\"><source srcset=\"https:\/\/down-vn.img.susercontent.com\/file\/vn-11134208-7ras8-m4efldjkv6nk93@resize_w875_nl.webp 1x, https:\/\/down-vn.img.susercontent.com\/file\/vn-11134208-7ras8-m4efldjkv6nk93@resize_w1750_nl.webp 2x\" type=\"image\/webp\" class=\"UkIsx8\"><img decoding=\"async\" width=\"875\" loading=\"lazy\" class=\"uXN1L5 lazyload GqYslU\" srcset=\"https:\/\/down-vn.img.susercontent.com\/file\/vn-11134208-7ras8-m4efldjkv6nk93@resize_w875_nl 1x, https:\/\/down-vn.img.susercontent.com\/file\/vn-11134208-7ras8-m4efldjkv6nk93@resize_w1750_nl 2x\" src=\"https:\/\/down-vn.img.susercontent.com\/file\/vn-11134208-7ras8-m4efldjkv6nk93\" height=\"875\"><\/picture><\/div>\n<\/div>\n<div class=\"QN2lPu\">\n<div style=\"position: relative; width: 100%; padding-bottom: 100%;\"><picture class=\"UkIsx8\"><source srcset=\"https:\/\/down-vn.img.susercontent.com\/file\/vn-11134208-7ras8-m4efldjkwl805c@resize_w875_nl.webp 1x, https:\/\/down-vn.img.susercontent.com\/file\/vn-11134208-7ras8-m4efldjkwl805c@resize_w1750_nl.webp 2x\" type=\"image\/webp\" class=\"UkIsx8\"><img decoding=\"async\" width=\"875\" loading=\"lazy\" class=\"uXN1L5 lazyload QSLoEa GqYslU\" srcset=\"https:\/\/down-vn.img.susercontent.com\/file\/vn-11134208-7ras8-m4efldjkwl805c@resize_w875_nl 1x, https:\/\/down-vn.img.susercontent.com\/file\/vn-11134208-7ras8-m4efldjkwl805c@resize_w1750_nl 2x\" src=\"https:\/\/down-vn.img.susercontent.com\/file\/vn-11134208-7ras8-m4efldjkwl805c\" height=\"875\"><\/picture><\/div>\n<\/div>\n<div class=\"QN2lPu\">\n<div style=\"position: relative; width: 100%; padding-bottom: 100%;\"><picture class=\"UkIsx8\"><source srcset=\"https:\/\/down-vn.img.susercontent.com\/file\/vn-11134208-7ras8-m4efldjkxzsg1a@resize_w875_nl.webp 1x, https:\/\/down-vn.img.susercontent.com\/file\/vn-11134208-7ras8-m4efldjkxzsg1a@resize_w1750_nl.webp 2x\" type=\"image\/webp\" class=\"UkIsx8\"><img decoding=\"async\" width=\"875\" loading=\"lazy\" class=\"uXN1L5 lazyload QSLoEa GqYslU\" srcset=\"https:\/\/down-vn.img.susercontent.com\/file\/vn-11134208-7ras8-m4efldjkxzsg1a@resize_w875_nl 1x, https:\/\/down-vn.img.susercontent.com\/file\/vn-11134208-7ras8-m4efldjkxzsg1a@resize_w1750_nl 2x\" src=\"https:\/\/down-vn.img.susercontent.com\/file\/vn-11134208-7ras8-m4efldjkxzsg1a\" height=\"875\"><\/picture><\/div>\n<\/div>\n<div class=\"QN2lPu\">\n<div style=\"position: relative; width: 100%; padding-bottom: 100%;\"><picture class=\"UkIsx8\"><source srcset=\"https:\/\/down-vn.img.susercontent.com\/file\/vn-11134208-7ras8-m4efldjkzecw0f@resize_w875_nl.webp 1x, https:\/\/down-vn.img.susercontent.com\/file\/vn-11134208-7ras8-m4efldjkzecw0f@resize_w1750_nl.webp 2x\" type=\"image\/webp\" class=\"UkIsx8\"><img decoding=\"async\" width=\"875\" loading=\"lazy\" class=\"uXN1L5 lazyload QSLoEa GqYslU\" srcset=\"https:\/\/down-vn.img.susercontent.com\/file\/vn-11134208-7ras8-m4efldjkzecw0f@resize_w875_nl 1x, https:\/\/down-vn.img.susercontent.com\/file\/vn-11134208-7ras8-m4efldjkzecw0f@resize_w1750_nl 2x\" src=\"https:\/\/down-vn.img.susercontent.com\/file\/vn-11134208-7ras8-m4efldjkzecw0f\" height=\"875\"><\/picture><\/div>\n<\/div>\n<div class=\"QN2lPu\">\n<div style=\"position: relative; width: 100%; padding-bottom: 100%;\"><picture class=\"UkIsx8\"><source srcset=\"https:\/\/down-vn.img.susercontent.com\/file\/vn-11134208-7ras8-m4efqds2u70n9c@resize_w875_nl.webp 1x, https:\/\/down-vn.img.susercontent.com\/file\/vn-11134208-7ras8-m4efqds2u70n9c@resize_w1750_nl.webp 2x\" type=\"image\/webp\" class=\"UkIsx8\"><img decoding=\"async\" width=\"875\" loading=\"lazy\" class=\"uXN1L5 lazyload QSLoEa GqYslU\" srcset=\"https:\/\/down-vn.img.susercontent.com\/file\/vn-11134208-7ras8-m4efqds2u70n9c@resize_w875_nl 1x, https:\/\/down-vn.img.susercontent.com\/file\/vn-11134208-7ras8-m4efqds2u70n9c@resize_w1750_nl 2x\" src=\"https:\/\/down-vn.img.susercontent.com\/file\/vn-11134208-7ras8-m4efqds2u70n9c\" height=\"875\"><\/picture><\/div>\n<\/div>\n<\/div>\n","protected":false},"excerpt":{"rendered":"<p>LEGO NINJAGO 71827 \u0110\u1ed3 Ch\u01a1i L\u1eafp R\u00e1p Chi\u1ebfn Gi\u00e1p C\u1ee7a Zane (92 chi ti\u1ebft) Tham gia tr\u1eadn chi\u1ebfn n\u1ea3y l\u1eeda c\u00f9ng Zane v\u00e0 c\u1ed7 m\u00e1y chi\u1ebfn \u0111\u1ea5u! H\u00e3y c\u00f9ng Zane x\u00f4ng pha chi\u1ebfn tr\u01b0\u1eddng v\u1edbi b\u1ed9 gi\u00e1p chi\u1ebfn \u0111\u1ea5u c\u1ef1c ch\u1ea5t v\u00e0 hai thanh ki\u1ebfm kh\u1ed5ng l\u1ed3! Nhi\u1ec7m v\u1ee5 c\u1ee7a Zane l\u00e0 \u0111\u00e1nh b\u1ea1i Drix,&#8230;<\/p>\n","protected":false},"featured_media":14350,"comment_status":"open","ping_status":"closed","template":"","meta":[],"product_brand":[],"product_cat":[1346],"product_tag":[],"class_list":{"0":"post-14122","1":"product","2":"type-product","3":"status-publish","4":"has-post-thumbnail","6":"product_cat-do-choi-lap-rap","8":"first","9":"instock","10":"sale","11":"featured","12":"shipping-taxable","13":"purchasable","14":"product-type-simple"},"_links":{"self":[{"href":"https:\/\/web-ban-le.mbws.vn\/do-choi\/wp-json\/wp\/v2\/product\/14122","targetHints":{"allow":["GET"]}}],"collection":[{"href":"https:\/\/web-ban-le.mbws.vn\/do-choi\/wp-json\/wp\/v2\/product"}],"about":[{"href":"https:\/\/web-ban-le.mbws.vn\/do-choi\/wp-json\/wp\/v2\/types\/product"}],"replies":[{"embeddable":true,"href":"https:\/\/web-ban-le.mbws.vn\/do-choi\/wp-json\/wp\/v2\/comments?post=14122"}],"wp:featuredmedia":[{"embeddable":true,"href":"https:\/\/web-ban-le.mbws.vn\/do-choi\/wp-json\/wp\/v2\/media\/14350"}],"wp:attachment":[{"href":"https:\/\/web-ban-le.mbws.vn\/do-choi\/wp-json\/wp\/v2\/media?parent=14122"}],"wp:term":[{"taxonomy":"product_brand","embeddable":true,"href":"https:\/\/web-ban-le.mbws.vn\/do-choi\/wp-json\/wp\/v2\/product_brand?post=14122"},{"taxonomy":"product_cat","embeddable":true,"href":"https:\/\/web-ban-le.mbws.vn\/do-choi\/wp-json\/wp\/v2\/product_cat?post=14122"},{"taxonomy":"product_tag","embeddable":true,"href":"https:\/\/web-ban-le.mbws.vn\/do-choi\/wp-json\/wp\/v2\/product_tag?post=14122"}],"curies":[{"name":"wp","href":"https:\/\/api.w.org\/{rel}","templated":true}]}}