{"id":14123,"date":"2025-10-28T13:25:10","date_gmt":"2025-10-28T06:25:10","guid":{"rendered":"https:\/\/web-ban-le.mbws.vn\/do-choi\/?post_type=product&#038;p=14123"},"modified":"2025-11-05T08:29:27","modified_gmt":"2025-11-05T01:29:27","slug":"lego-technic-42198-do-choi-lap-rap-may-bay-canh-quat-333-chi-tiet","status":"publish","type":"product","link":"https:\/\/web-ban-le.mbws.vn\/do-choi\/san-pham\/lego-technic-42198-do-choi-lap-rap-may-bay-canh-quat-333-chi-tiet\/","title":{"rendered":"LEGO TECHNIC 42198 \u0110\u1ed3 Ch\u01a1i L\u1eafp R\u00e1p M\u00e1y Bay C\u00e1nh Qu\u1ea1t (333 Chi Ti\u1ebft)&#8221;"},"content":{"rendered":"<div class=\"e8lZp3\">\n<p class=\"QN2lPu\">LEGO TECHNIC 42198 \u0110\u1ed3 Ch\u01a1i L\u1eafp R\u00e1p M\u00e1y Bay C\u00e1nh Qu\u1ea1t (333 Chi Ti\u1ebft)<\/p>\n<p class=\"QN2lPu\">C\u1ea5t C\u00e1nh L\u00ean B\u1ea7u Tr\u1eddi V\u1edbi M\u00e1y Bay Bush Lego\u00ae Technic!<\/p>\n<p class=\"QN2lPu\">H\u00e3y chu\u1ea9n b\u1ecb c\u1ea5t c\u00e1nh v\u1edbi M\u00e1y bay Bush Lego\u00ae Technic! \u0110\u1ea9y c\u1ea7n g\u1ea1t \u0111\u1ec3 l\u00e0m c\u00e1nh qu\u1ea1t quay, \u0111i\u1ec1u ch\u1ec9nh c\u00e1nh ph\u1ee5 \u0111\u1ec3 l\u00e1i m\u00e1y bay v\u00e0 thay \u0111\u1ed5i \u0111\u1ed9 cao v\u1edbi c\u00e1nh sau. M\u1edf n\u1eafp \u0111\u1ed9ng c\u01a1 \u0111\u1ec3 xem chi ti\u1ebft \u0111\u1ed9ng c\u01a1 piston 4 xi-lanh. B\u1ea1n \u0111\u00e3 s\u1eb5n s\u00e0ng bay l\u00ean ch\u01b0a?<\/p>\n<p class=\"QN2lPu\">\u0110i\u1ec3m n\u1ed5i b\u1eadt:<\/p>\n<p class=\"QN2lPu\">&#8211; M\u00e1y Bay V\u1edbi C\u00e1c T\u00ednh N\u0103ng Th\u1ef1c T\u1ebf: C\u00e1nh qu\u1ea1t quay, c\u00e1nh ph\u1ee5 c\u00f3 th\u1ec3 \u0111i\u1ec1u ch\u1ec9nh v\u00e0 \u0111\u1ed9ng c\u01a1 piston t\u1ea1o n\u00ean s\u1ef1 m\u00f4 ph\u1ecfng tuy\u1ec7t v\u1eddi.<\/p>\n<p class=\"QN2lPu\">&#8211; Thi\u1ebft K\u1ebf \u0110\u1eb7c Bi\u1ec7t: H\u1ecda ti\u1ebft ng\u1ef1a v\u1eb1n \u0111\u1eb7c tr\u01b0ng, ph\u1ea3n \u00e1nh vai tr\u00f2 c\u1ee7a m\u00e1y bay bush trong c\u00f4ng t\u00e1c b\u1ea3o t\u1ed3n \u0111\u1ed9ng v\u1eadt.<\/p>\n<p class=\"QN2lPu\">&#8211; Kh\u00e1m Ph\u00e1 Th\u1ebf Gi\u1edbi K\u1ef9 Thu\u1eadt: B\u1ed9 Lego\u00ae Technic gi\u00fap c\u00e1c b\u00e9 l\u00e0m quen v\u1edbi c\u00e1c nguy\u00ean l\u00fd k\u1ef9 thu\u1eadt c\u01a1 b\u1ea3n v\u00e0 s\u00e1ng t\u1ea1o.<\/p>\n<p class=\"QN2lPu\">&#8211; Qu\u00e0 T\u1eb7ng Tuy\u1ec7t V\u1eddi: \u0110\u00e2y l\u00e0 m\u00f3n qu\u00e0 l\u00fd t\u01b0\u1edfng cho c\u00e1c b\u00e9 t\u1eeb 8 tu\u1ed5i tr\u1edf l\u00ean, gi\u00fap ph\u00e1t tri\u1ec3n tr\u00ed t\u01b0\u1edfng t\u01b0\u1ee3ng v\u00e0 kh\u00e1m ph\u00e1.<\/p>\n<p class=\"QN2lPu\">&#8211; K\u00edch Th\u01b0\u1edbc B\u1ed9: B\u1ed9 Lego\u00ae Technic n\u00e0y g\u1ed3m 333 m\u1ea3nh, v\u1edbi m\u00f4 h\u00ecnh m\u00e1y bay cao h\u01a1n 14 cm (5,5 in.).<\/p>\n<p class=\"QN2lPu\">Th\u00f4ng tin s\u1ea3n ph\u1ea9m: <\/p>\n<p class=\"QN2lPu\">&#8211; Xu\u1ea5t x\u1ee9: Trung Qu\u1ed1c <\/p>\n<p class=\"QN2lPu\">&#8211; K\u00edch th\u01b0\u1edbc h\u1ed9p h\u00e0ng: 26.2&#215;14.1&#215;9.1 cm<\/p>\n<p class=\"QN2lPu\">\n<div class=\"QN2lPu\">\n<div style=\"position: relative; width: 100%; padding-bottom: 100%;\"><picture class=\"UkIsx8\"><source srcset=\"https:\/\/down-vn.img.susercontent.com\/file\/vn-11134208-7ras8-m4e1j7zvw7v321@resize_w875_nl.webp 1x, https:\/\/down-vn.img.susercontent.com\/file\/vn-11134208-7ras8-m4e1j7zvw7v321@resize_w1750_nl.webp 2x\" type=\"image\/webp\" class=\"UkIsx8\"><img decoding=\"async\" width=\"875\" loading=\"lazy\" class=\"uXN1L5 lazyload GqYslU\" srcset=\"https:\/\/down-vn.img.susercontent.com\/file\/vn-11134208-7ras8-m4e1j7zvw7v321@resize_w875_nl 1x, https:\/\/down-vn.img.susercontent.com\/file\/vn-11134208-7ras8-m4e1j7zvw7v321@resize_w1750_nl 2x\" src=\"https:\/\/down-vn.img.susercontent.com\/file\/vn-11134208-7ras8-m4e1j7zvw7v321\" height=\"875\"><\/picture><\/div>\n<\/div>\n<div class=\"QN2lPu\">\n<div style=\"position: relative; width: 100%; padding-bottom: 100%;\"><picture class=\"UkIsx8\"><source srcset=\"https:\/\/down-vn.img.susercontent.com\/file\/vn-11134208-7ras8-m4e1j7zvxmfj45@resize_w875_nl.webp 1x, https:\/\/down-vn.img.susercontent.com\/file\/vn-11134208-7ras8-m4e1j7zvxmfj45@resize_w1750_nl.webp 2x\" type=\"image\/webp\" class=\"UkIsx8\"><img decoding=\"async\" width=\"875\" loading=\"lazy\" class=\"uXN1L5 lazyload GqYslU\" srcset=\"https:\/\/down-vn.img.susercontent.com\/file\/vn-11134208-7ras8-m4e1j7zvxmfj45@resize_w875_nl 1x, https:\/\/down-vn.img.susercontent.com\/file\/vn-11134208-7ras8-m4e1j7zvxmfj45@resize_w1750_nl 2x\" src=\"https:\/\/down-vn.img.susercontent.com\/file\/vn-11134208-7ras8-m4e1j7zvxmfj45\" height=\"875\"><\/picture><\/div>\n<\/div>\n<div class=\"QN2lPu\">\n<div style=\"position: relative; width: 100%; padding-bottom: 100%;\"><picture class=\"UkIsx8\"><source srcset=\"https:\/\/down-vn.img.susercontent.com\/file\/vn-11134208-7ras8-m4e1j7zvz0zza3@resize_w875_nl.webp 1x, https:\/\/down-vn.img.susercontent.com\/file\/vn-11134208-7ras8-m4e1j7zvz0zza3@resize_w1750_nl.webp 2x\" type=\"image\/webp\" class=\"UkIsx8\"><img decoding=\"async\" width=\"875\" loading=\"lazy\" class=\"uXN1L5 lazyload GqYslU\" srcset=\"https:\/\/down-vn.img.susercontent.com\/file\/vn-11134208-7ras8-m4e1j7zvz0zza3@resize_w875_nl 1x, https:\/\/down-vn.img.susercontent.com\/file\/vn-11134208-7ras8-m4e1j7zvz0zza3@resize_w1750_nl 2x\" src=\"https:\/\/down-vn.img.susercontent.com\/file\/vn-11134208-7ras8-m4e1j7zvz0zza3\" height=\"875\"><\/picture><\/div>\n<\/div>\n<div class=\"QN2lPu\">\n<div style=\"position: relative; width: 100%; padding-bottom: 100%;\"><picture class=\"UkIsx8\"><source srcset=\"https:\/\/down-vn.img.susercontent.com\/file\/vn-11134208-7ras8-m4e1j7zw0fkfe3@resize_w875_nl.webp 1x, https:\/\/down-vn.img.susercontent.com\/file\/vn-11134208-7ras8-m4e1j7zw0fkfe3@resize_w1750_nl.webp 2x\" type=\"image\/webp\" class=\"UkIsx8\"><img decoding=\"async\" width=\"875\" loading=\"lazy\" class=\"uXN1L5 lazyload GqYslU\" srcset=\"https:\/\/down-vn.img.susercontent.com\/file\/vn-11134208-7ras8-m4e1j7zw0fkfe3@resize_w875_nl 1x, https:\/\/down-vn.img.susercontent.com\/file\/vn-11134208-7ras8-m4e1j7zw0fkfe3@resize_w1750_nl 2x\" src=\"https:\/\/down-vn.img.susercontent.com\/file\/vn-11134208-7ras8-m4e1j7zw0fkfe3\" height=\"875\"><\/picture><\/div>\n<\/div>\n<div class=\"QN2lPu\">\n<div style=\"position: relative; width: 100%; padding-bottom: 100%;\"><picture class=\"UkIsx8\"><source srcset=\"https:\/\/down-vn.img.susercontent.com\/file\/vn-11134208-7ras8-m4e1j819lqxs05@resize_w875_nl.webp 1x, https:\/\/down-vn.img.susercontent.com\/file\/vn-11134208-7ras8-m4e1j819lqxs05@resize_w1750_nl.webp 2x\" type=\"image\/webp\" class=\"UkIsx8\"><img decoding=\"async\" width=\"875\" loading=\"lazy\" class=\"uXN1L5 lazyload GqYslU\" srcset=\"https:\/\/down-vn.img.susercontent.com\/file\/vn-11134208-7ras8-m4e1j819lqxs05@resize_w875_nl 1x, https:\/\/down-vn.img.susercontent.com\/file\/vn-11134208-7ras8-m4e1j819lqxs05@resize_w1750_nl 2x\" src=\"https:\/\/down-vn.img.susercontent.com\/file\/vn-11134208-7ras8-m4e1j819lqxs05\" height=\"875\"><\/picture><\/div>\n<\/div>\n<div class=\"QN2lPu\">\n<div style=\"position: relative; width: 100%; padding-bottom: 100%;\"><picture class=\"UkIsx8\"><source srcset=\"https:\/\/down-vn.img.susercontent.com\/file\/vn-11134208-7ras8-m4e1j819n5i843@resize_w875_nl.webp 1x, https:\/\/down-vn.img.susercontent.com\/file\/vn-11134208-7ras8-m4e1j819n5i843@resize_w1750_nl.webp 2x\" type=\"image\/webp\" class=\"UkIsx8\"><img decoding=\"async\" width=\"875\" loading=\"lazy\" class=\"uXN1L5 lazyload GqYslU\" srcset=\"https:\/\/down-vn.img.susercontent.com\/file\/vn-11134208-7ras8-m4e1j819n5i843@resize_w875_nl 1x, https:\/\/down-vn.img.susercontent.com\/file\/vn-11134208-7ras8-m4e1j819n5i843@resize_w1750_nl 2x\" src=\"https:\/\/down-vn.img.susercontent.com\/file\/vn-11134208-7ras8-m4e1j819n5i843\" height=\"875\"><\/picture><\/div>\n<\/div>\n<div class=\"QN2lPu\">\n<div style=\"position: relative; width: 100%; padding-bottom: 100%;\"><picture class=\"UkIsx8\"><source srcset=\"https:\/\/down-vn.img.susercontent.com\/file\/vn-11134208-7ras8-m4e1j819ok2o0d@resize_w875_nl.webp 1x, https:\/\/down-vn.img.susercontent.com\/file\/vn-11134208-7ras8-m4e1j819ok2o0d@resize_w1750_nl.webp 2x\" type=\"image\/webp\" class=\"UkIsx8\"><img decoding=\"async\" width=\"875\" loading=\"lazy\" class=\"uXN1L5 lazyload GqYslU\" srcset=\"https:\/\/down-vn.img.susercontent.com\/file\/vn-11134208-7ras8-m4e1j819ok2o0d@resize_w875_nl 1x, https:\/\/down-vn.img.susercontent.com\/file\/vn-11134208-7ras8-m4e1j819ok2o0d@resize_w1750_nl 2x\" src=\"https:\/\/down-vn.img.susercontent.com\/file\/vn-11134208-7ras8-m4e1j819ok2o0d\" height=\"875\"><\/picture><\/div>\n<\/div>\n<div class=\"QN2lPu\">\n<div style=\"position: relative; width: 100%; padding-bottom: 100%;\"><picture class=\"UkIsx8\"><source srcset=\"https:\/\/down-vn.img.susercontent.com\/file\/vn-11134208-7ras8-m4e1j819pyn4c9@resize_w875_nl.webp 1x, https:\/\/down-vn.img.susercontent.com\/file\/vn-11134208-7ras8-m4e1j819pyn4c9@resize_w1750_nl.webp 2x\" type=\"image\/webp\" class=\"UkIsx8\"><img decoding=\"async\" width=\"875\" loading=\"lazy\" class=\"uXN1L5 lazyload QSLoEa GqYslU\" srcset=\"https:\/\/down-vn.img.susercontent.com\/file\/vn-11134208-7ras8-m4e1j819pyn4c9@resize_w875_nl 1x, https:\/\/down-vn.img.susercontent.com\/file\/vn-11134208-7ras8-m4e1j819pyn4c9@resize_w1750_nl 2x\" src=\"https:\/\/down-vn.img.susercontent.com\/file\/vn-11134208-7ras8-m4e1j819pyn4c9\" height=\"875\"><\/picture><\/div>\n<\/div>\n<div class=\"QN2lPu\">\n<div style=\"position: relative; width: 100%; padding-bottom: 100%;\"><picture class=\"UkIsx8\"><source srcset=\"https:\/\/down-vn.img.susercontent.com\/file\/vn-11134208-7ras8-m4e1j819rd7k8b@resize_w875_nl.webp 1x, https:\/\/down-vn.img.susercontent.com\/file\/vn-11134208-7ras8-m4e1j819rd7k8b@resize_w1750_nl.webp 2x\" type=\"image\/webp\" class=\"UkIsx8\"><img decoding=\"async\" width=\"875\" loading=\"lazy\" class=\"uXN1L5 lazyload QSLoEa GqYslU\" srcset=\"https:\/\/down-vn.img.susercontent.com\/file\/vn-11134208-7ras8-m4e1j819rd7k8b@resize_w875_nl 1x, https:\/\/down-vn.img.susercontent.com\/file\/vn-11134208-7ras8-m4e1j819rd7k8b@resize_w1750_nl 2x\" src=\"https:\/\/down-vn.img.susercontent.com\/file\/vn-11134208-7ras8-m4e1j819rd7k8b\" height=\"875\"><\/picture><\/div>\n<\/div>\n<div class=\"QN2lPu\">\n<div style=\"position: relative; width: 100%; padding-bottom: 100%;\"><picture class=\"UkIsx8\"><source srcset=\"https:\/\/down-vn.img.susercontent.com\/file\/vn-11134208-7ras8-m4e1j819srs0c5@resize_w875_nl.webp 1x, https:\/\/down-vn.img.susercontent.com\/file\/vn-11134208-7ras8-m4e1j819srs0c5@resize_w1750_nl.webp 2x\" type=\"image\/webp\" class=\"UkIsx8\"><img decoding=\"async\" width=\"875\" loading=\"lazy\" class=\"uXN1L5 lazyload QSLoEa GqYslU\" srcset=\"https:\/\/down-vn.img.susercontent.com\/file\/vn-11134208-7ras8-m4e1j819srs0c5@resize_w875_nl 1x, https:\/\/down-vn.img.susercontent.com\/file\/vn-11134208-7ras8-m4e1j819srs0c5@resize_w1750_nl 2x\" src=\"https:\/\/down-vn.img.susercontent.com\/file\/vn-11134208-7ras8-m4e1j819srs0c5\" height=\"875\"><\/picture><\/div>\n<\/div>\n<\/div>\n","protected":false},"excerpt":{"rendered":"<p>LEGO TECHNIC 42198 \u0110\u1ed3 Ch\u01a1i L\u1eafp R\u00e1p M\u00e1y Bay C\u00e1nh Qu\u1ea1t (333 Chi Ti\u1ebft) C\u1ea5t C\u00e1nh L\u00ean B\u1ea7u Tr\u1eddi V\u1edbi M\u00e1y Bay Bush Lego\u00ae Technic! H\u00e3y chu\u1ea9n b\u1ecb c\u1ea5t c\u00e1nh v\u1edbi M\u00e1y bay Bush Lego\u00ae Technic! \u0110\u1ea9y c\u1ea7n g\u1ea1t \u0111\u1ec3 l\u00e0m c\u00e1nh qu\u1ea1t quay, \u0111i\u1ec1u ch\u1ec9nh c\u00e1nh ph\u1ee5 \u0111\u1ec3 l\u00e1i m\u00e1y bay v\u00e0 thay \u0111\u1ed5i&#8230;<\/p>\n","protected":false},"featured_media":14363,"comment_status":"open","ping_status":"closed","template":"","meta":[],"product_brand":[],"product_cat":[1346],"product_tag":[],"class_list":{"0":"post-14123","1":"product","2":"type-product","3":"status-publish","4":"has-post-thumbnail","6":"product_cat-do-choi-lap-rap","8":"first","9":"instock","10":"sale","11":"featured","12":"shipping-taxable","13":"purchasable","14":"product-type-simple"},"_links":{"self":[{"href":"https:\/\/web-ban-le.mbws.vn\/do-choi\/wp-json\/wp\/v2\/product\/14123","targetHints":{"allow":["GET"]}}],"collection":[{"href":"https:\/\/web-ban-le.mbws.vn\/do-choi\/wp-json\/wp\/v2\/product"}],"about":[{"href":"https:\/\/web-ban-le.mbws.vn\/do-choi\/wp-json\/wp\/v2\/types\/product"}],"replies":[{"embeddable":true,"href":"https:\/\/web-ban-le.mbws.vn\/do-choi\/wp-json\/wp\/v2\/comments?post=14123"}],"wp:featuredmedia":[{"embeddable":true,"href":"https:\/\/web-ban-le.mbws.vn\/do-choi\/wp-json\/wp\/v2\/media\/14363"}],"wp:attachment":[{"href":"https:\/\/web-ban-le.mbws.vn\/do-choi\/wp-json\/wp\/v2\/media?parent=14123"}],"wp:term":[{"taxonomy":"product_brand","embeddable":true,"href":"https:\/\/web-ban-le.mbws.vn\/do-choi\/wp-json\/wp\/v2\/product_brand?post=14123"},{"taxonomy":"product_cat","embeddable":true,"href":"https:\/\/web-ban-le.mbws.vn\/do-choi\/wp-json\/wp\/v2\/product_cat?post=14123"},{"taxonomy":"product_tag","embeddable":true,"href":"https:\/\/web-ban-le.mbws.vn\/do-choi\/wp-json\/wp\/v2\/product_tag?post=14123"}],"curies":[{"name":"wp","href":"https:\/\/api.w.org\/{rel}","templated":true}]}}